{"id":58450,"date":"2023-12-01T00:00:00","date_gmt":"2023-11-30T22:00:00","guid":{"rendered":"https:\/\/www.ledizioni.it\/?post_type=product&#038;p=58450"},"modified":"2024-09-09T15:14:32","modified_gmt":"2024-09-09T13:14:32","slug":"a-la-recherche-de-lespagne","status":"publish","type":"product","link":"https:\/\/www.ledizioni.it\/en\/product\/a-la-recherche-de-lespagne\/","title":{"rendered":"\u00c0 LA RECHERCHE DE L&#8217;ESPAGNE"},"content":{"rendered":"<p style=\"text-align: justify;\">\u00ab&nbsp;Cette grande m\u00e9ditation d&#8217;un \u00e9migr\u00e9 espagnol sur l\u2019Espagne qui s\u2019intitule <em>Espa\u00f1a en su historia. Cristianos, moros y jud\u00edos<\/em> n\u2019est pas une conception close dans laquelle on nous demande d\u2019entrer. C\u2019est une invitation \u00e0 r\u00e9viser toutes nos id\u00e9es sur l\u2019Espagne authentique. Le meilleur hommage qu\u2019on puisse rendre \u00e0 Am\u00e9rico Castro c\u2019est de discuter avec lui, comme j\u2019ai essay\u00e9 de le faire, devant les perspectives qu\u2019il nous ouvre, et au bout desquelles il y a de nouvelles d\u00e9couvertes&nbsp;\u00bb&nbsp;: \u00e0 l\u2019heure de terminer son cours de 1950 au Coll\u00e8ge de France Marcel Bataillon \u00e9voque le point de d\u00e9part de sa longue r\u00e9flexion sur les enjeux de l\u2019\u00e9rasmisme qui vise \u00e0 ancrer les \u00e9tudes sur la spiritualit\u00e9 espagnole \u00e0 une id\u00e9e d\u2019Europe en formation. Cette \u00e9dition int\u00e9grale de son cours, \u00e9tablie sur la base de nombreuses ressources in\u00e9dites, retrace les \u00e9tapes du d\u00e9bat historiographique fondamental sur l\u2019histoire \u00ab&nbsp;horizontale&nbsp;\u00bb et l\u2019histoire \u00ab&nbsp;verticale&nbsp;\u00bb pour esquisser le cadre dans lequel la pens\u00e9e de Castro et celle des hispanisants de la diaspora s\u2019organise autour de l\u2019identit\u00e9 espagnole.<\/p>\n<p><strong>DATI BIBLIOGRAFICI<\/strong><br \/>\nA cura di: Simona Munari<br \/>\nEditore: Ledizioni<br \/>\nCollana: <a href=\"https:\/\/www.ledizioni.it\/en\/product-category\/letteratura\/arazzo\/\">The Tapestry<\/a><br \/>\nLingua: francese<br \/>\nPubblicato nel: novembre 2023<br \/>\nFormato: brossura, 304 p. &#8211; PDF in OA &#8211; ePub<br \/>ISBN cartaceo: 9791256000395<br \/>\nISBN ePub: 9791256000401<br \/>\nPrezzo cartaceo: 24,00 \u20ac<br \/>\nPrezzo ePub: 11,99 \u20ac<\/p>\n<p>\t\t\t<a href=\"https:\/\/zenodo.org\/records\/10245679\/files\/%C3%80%20la%20recherche%20de%20l%E2%80%99Espagne_web.pdf?download=1\"><br \/>\n\t\t\t\t\t\tScarica il PDF in Open Access<br \/>\n\t\t\t\t\t<\/a><\/p>\n<p><a href=\"http:\/\/digital.casalini.it\/9791256000395\"><img decoding=\"async\" class=\"aligncenter wp-image-23912\" src=\"https:\/\/www.ledizioni.it\/stag\/wp-content\/uploads\/2019\/07\/torrossa_web-150x80.jpg\" alt=\"\" width=\"200\" height=\"60\" \/><\/a><\/p>","protected":false},"excerpt":{"rendered":"<p>\u00ab&nbsp;Cette grande m\u00e9ditation d&#8217;un \u00e9migr\u00e9 espagnol sur l\u2019Espagne qui s\u2019intitule Espa\u00f1a en su historia. Cristianos, moros y jud\u00edos n\u2019est pas<\/p>","protected":false},"featured_media":58518,"comment_status":"closed","ping_status":"closed","template":"","meta":{"_acf_changed":false},"product_brand":[],"product_cat":[2741],"product_tag":[2945,2946,2972,764],"class_list":{"0":"post-58450","1":"product","2":"type-product","3":"status-publish","4":"has-post-thumbnail","6":"product_cat-arazzo","7":"product_tag-bataillon","8":"product_tag-college-de-france","9":"product_tag-lingua-francese","10":"product_tag-open-access-2","11":"pa_formato-cartaceo","12":"pa_formato-ebook-in-epub","13":"pa_formato-ebook-in-pdf","15":"first","16":"instock","17":"featured","18":"shipping-taxable","19":"purchasable","20":"product-type-variable"},"acf":[],"yoast_head":"<!-- This site is optimized with the Yoast SEO plugin v27.3 - https:\/\/yoast.com\/product\/yoast-seo-wordpress\/ -->\n<title>\u00c0 LA RECHERCHE DE L&#039;ESPAGNE -<\/title>\n<meta name=\"description\" content=\"Ledizioni - Innovative Publishing. Casa editrice universitaria. Open Access. eBook, ePub. Creative Commons.\" \/>\n<meta name=\"robots\" content=\"index, follow, max-snippet:-1, max-image-preview:large, max-video-preview:-1\" \/>\n<link rel=\"canonical\" href=\"https:\/\/www.ledizioni.it\/en\/product\/a-la-recherche-de-lespagne\/\" \/>\n<meta property=\"og:locale\" content=\"en_GB\" \/>\n<meta property=\"og:type\" content=\"article\" \/>\n<meta property=\"og:title\" content=\"\u00c0 LA RECHERCHE DE L&#039;ESPAGNE -\" \/>\n<meta property=\"og:description\" content=\"Ledizioni - Innovative Publishing. Casa editrice universitaria. Open Access. eBook, ePub. Creative Commons.\" \/>\n<meta property=\"og:url\" content=\"https:\/\/www.ledizioni.it\/en\/product\/a-la-recherche-de-lespagne\/\" \/>\n<meta property=\"og:site_name\" content=\"Ledizioni\" \/>\n<meta property=\"article:publisher\" content=\"https:\/\/www.facebook.com\/pages\/Ledizioni-LediPublishing\/109120559173329\" \/>\n<meta property=\"article:modified_time\" content=\"2024-09-09T13:14:32+00:00\" \/>\n<meta property=\"og:image\" content=\"https:\/\/www.ledizioni.it\/stag\/wp-content\/uploads\/2023\/12\/cover_Bataillon-3D.jpg\" \/>\n\t<meta property=\"og:image:width\" content=\"1522\" \/>\n\t<meta property=\"og:image:height\" content=\"1974\" \/>\n\t<meta property=\"og:image:type\" content=\"image\/jpeg\" \/>\n<meta name=\"twitter:card\" content=\"summary_large_image\" \/>\n<meta name=\"twitter:site\" content=\"@ledizioni\" \/>\n<meta name=\"twitter:label1\" content=\"Estimated reading time\" \/>\n\t<meta name=\"twitter:data1\" content=\"2 minutes\" \/>\n<script type=\"application\/ld+json\" class=\"yoast-schema-graph\">{\"@context\":\"https:\\\/\\\/schema.org\",\"@graph\":[{\"@type\":\"WebPage\",\"@id\":\"https:\\\/\\\/www.ledizioni.it\\\/en\\\/product\\\/a-la-recherche-de-lespagne\\\/\",\"url\":\"https:\\\/\\\/www.ledizioni.it\\\/en\\\/product\\\/a-la-recherche-de-lespagne\\\/\",\"name\":\"\u00c0 LA RECHERCHE DE L'ESPAGNE -\",\"isPartOf\":{\"@id\":\"https:\\\/\\\/www.ledizioni.it\\\/#website\"},\"primaryImageOfPage\":{\"@id\":\"https:\\\/\\\/www.ledizioni.it\\\/en\\\/product\\\/a-la-recherche-de-lespagne\\\/#primaryimage\"},\"image\":{\"@id\":\"https:\\\/\\\/www.ledizioni.it\\\/en\\\/product\\\/a-la-recherche-de-lespagne\\\/#primaryimage\"},\"thumbnailUrl\":\"https:\\\/\\\/www.ledizioni.it\\\/stag\\\/wp-content\\\/uploads\\\/2023\\\/12\\\/cover_Bataillon-3D.jpg\",\"datePublished\":\"2023-11-30T22:00:00+00:00\",\"dateModified\":\"2024-09-09T13:14:32+00:00\",\"description\":\"Ledizioni - Innovative Publishing. Casa editrice universitaria. Open Access. eBook, ePub. Creative Commons.\",\"breadcrumb\":{\"@id\":\"https:\\\/\\\/www.ledizioni.it\\\/en\\\/product\\\/a-la-recherche-de-lespagne\\\/#breadcrumb\"},\"inLanguage\":\"en-GB\",\"potentialAction\":[{\"@type\":\"ReadAction\",\"target\":[\"https:\\\/\\\/www.ledizioni.it\\\/en\\\/product\\\/a-la-recherche-de-lespagne\\\/\"]}]},{\"@type\":\"ImageObject\",\"inLanguage\":\"en-GB\",\"@id\":\"https:\\\/\\\/www.ledizioni.it\\\/en\\\/product\\\/a-la-recherche-de-lespagne\\\/#primaryimage\",\"url\":\"https:\\\/\\\/www.ledizioni.it\\\/stag\\\/wp-content\\\/uploads\\\/2023\\\/12\\\/cover_Bataillon-3D.jpg\",\"contentUrl\":\"https:\\\/\\\/www.ledizioni.it\\\/stag\\\/wp-content\\\/uploads\\\/2023\\\/12\\\/cover_Bataillon-3D.jpg\",\"width\":1522,\"height\":1974},{\"@type\":\"BreadcrumbList\",\"@id\":\"https:\\\/\\\/www.ledizioni.it\\\/en\\\/product\\\/a-la-recherche-de-lespagne\\\/#breadcrumb\",\"itemListElement\":[{\"@type\":\"ListItem\",\"position\":1,\"name\":\"Shop\",\"item\":\"https:\\\/\\\/www.ledizioni.it\\\/shop-2\\\/\"},{\"@type\":\"ListItem\",\"position\":2,\"name\":\"\u00c0 LA RECHERCHE DE L&#8217;ESPAGNE\"}]},{\"@type\":\"WebSite\",\"@id\":\"https:\\\/\\\/www.ledizioni.it\\\/#website\",\"url\":\"https:\\\/\\\/www.ledizioni.it\\\/\",\"name\":\"Ledizioni\",\"description\":\"The Innovative LediPublishing Company - Casa Editrice Universitaria\",\"publisher\":{\"@id\":\"https:\\\/\\\/www.ledizioni.it\\\/#organization\"},\"potentialAction\":[{\"@type\":\"SearchAction\",\"target\":{\"@type\":\"EntryPoint\",\"urlTemplate\":\"https:\\\/\\\/www.ledizioni.it\\\/?s={search_term_string}\"},\"query-input\":{\"@type\":\"PropertyValueSpecification\",\"valueRequired\":true,\"valueName\":\"search_term_string\"}}],\"inLanguage\":\"en-GB\"},{\"@type\":\"Organization\",\"@id\":\"https:\\\/\\\/www.ledizioni.it\\\/#organization\",\"name\":\"Ledizioni\",\"url\":\"https:\\\/\\\/www.ledizioni.it\\\/\",\"logo\":{\"@type\":\"ImageObject\",\"inLanguage\":\"en-GB\",\"@id\":\"https:\\\/\\\/www.ledizioni.it\\\/#\\\/schema\\\/logo\\\/image\\\/\",\"url\":\"https:\\\/\\\/www.ledizioni.it\\\/stag\\\/wp-content\\\/uploads\\\/2023\\\/10\\\/newlogoledizioni500x110_2-1.jpg\",\"contentUrl\":\"https:\\\/\\\/www.ledizioni.it\\\/stag\\\/wp-content\\\/uploads\\\/2023\\\/10\\\/newlogoledizioni500x110_2-1.jpg\",\"width\":354,\"height\":87,\"caption\":\"Ledizioni\"},\"image\":{\"@id\":\"https:\\\/\\\/www.ledizioni.it\\\/#\\\/schema\\\/logo\\\/image\\\/\"},\"sameAs\":[\"https:\\\/\\\/www.facebook.com\\\/pages\\\/Ledizioni-LediPublishing\\\/109120559173329\",\"https:\\\/\\\/x.com\\\/ledizioni\"]}]}<\/script>\n<!-- \/ Yoast SEO plugin. -->","yoast_head_json":{"title":"\u00c0 LA RECHERCHE DE L'ESPAGNE -","description":"Ledizioni - Innovative Publishing. Casa editrice universitaria. Open Access. eBook, ePub. Creative Commons.","robots":{"index":"index","follow":"follow","max-snippet":"max-snippet:-1","max-image-preview":"max-image-preview:large","max-video-preview":"max-video-preview:-1"},"canonical":"https:\/\/www.ledizioni.it\/en\/product\/a-la-recherche-de-lespagne\/","og_locale":"en_GB","og_type":"article","og_title":"\u00c0 LA RECHERCHE DE L'ESPAGNE -","og_description":"Ledizioni - Innovative Publishing. Casa editrice universitaria. Open Access. eBook, ePub. Creative Commons.","og_url":"https:\/\/www.ledizioni.it\/en\/product\/a-la-recherche-de-lespagne\/","og_site_name":"Ledizioni","article_publisher":"https:\/\/www.facebook.com\/pages\/Ledizioni-LediPublishing\/109120559173329","article_modified_time":"2024-09-09T13:14:32+00:00","og_image":[{"width":1522,"height":1974,"url":"https:\/\/www.ledizioni.it\/stag\/wp-content\/uploads\/2023\/12\/cover_Bataillon-3D.jpg","type":"image\/jpeg"}],"twitter_card":"summary_large_image","twitter_site":"@ledizioni","twitter_misc":{"Estimated reading time":"2 minutes"},"schema":{"@context":"https:\/\/schema.org","@graph":[{"@type":"WebPage","@id":"https:\/\/www.ledizioni.it\/en\/product\/a-la-recherche-de-lespagne\/","url":"https:\/\/www.ledizioni.it\/en\/product\/a-la-recherche-de-lespagne\/","name":"\u00c0 LA RECHERCHE DE L'ESPAGNE -","isPartOf":{"@id":"https:\/\/www.ledizioni.it\/#website"},"primaryImageOfPage":{"@id":"https:\/\/www.ledizioni.it\/en\/product\/a-la-recherche-de-lespagne\/#primaryimage"},"image":{"@id":"https:\/\/www.ledizioni.it\/en\/product\/a-la-recherche-de-lespagne\/#primaryimage"},"thumbnailUrl":"https:\/\/www.ledizioni.it\/stag\/wp-content\/uploads\/2023\/12\/cover_Bataillon-3D.jpg","datePublished":"2023-11-30T22:00:00+00:00","dateModified":"2024-09-09T13:14:32+00:00","description":"Ledizioni - Innovative Publishing. Casa editrice universitaria. Open Access. eBook, ePub. Creative Commons.","breadcrumb":{"@id":"https:\/\/www.ledizioni.it\/en\/product\/a-la-recherche-de-lespagne\/#breadcrumb"},"inLanguage":"en-GB","potentialAction":[{"@type":"ReadAction","target":["https:\/\/www.ledizioni.it\/en\/product\/a-la-recherche-de-lespagne\/"]}]},{"@type":"ImageObject","inLanguage":"en-GB","@id":"https:\/\/www.ledizioni.it\/en\/product\/a-la-recherche-de-lespagne\/#primaryimage","url":"https:\/\/www.ledizioni.it\/stag\/wp-content\/uploads\/2023\/12\/cover_Bataillon-3D.jpg","contentUrl":"https:\/\/www.ledizioni.it\/stag\/wp-content\/uploads\/2023\/12\/cover_Bataillon-3D.jpg","width":1522,"height":1974},{"@type":"BreadcrumbList","@id":"https:\/\/www.ledizioni.it\/en\/product\/a-la-recherche-de-lespagne\/#breadcrumb","itemListElement":[{"@type":"ListItem","position":1,"name":"Shop","item":"https:\/\/www.ledizioni.it\/shop-2\/"},{"@type":"ListItem","position":2,"name":"\u00c0 LA RECHERCHE DE L&#8217;ESPAGNE"}]},{"@type":"WebSite","@id":"https:\/\/www.ledizioni.it\/#website","url":"https:\/\/www.ledizioni.it\/","name":"Ledizioni","description":"The Innovative LediPublishing Company - Casa Editrice Universitaria","publisher":{"@id":"https:\/\/www.ledizioni.it\/#organization"},"potentialAction":[{"@type":"SearchAction","target":{"@type":"EntryPoint","urlTemplate":"https:\/\/www.ledizioni.it\/?s={search_term_string}"},"query-input":{"@type":"PropertyValueSpecification","valueRequired":true,"valueName":"search_term_string"}}],"inLanguage":"en-GB"},{"@type":"Organization","@id":"https:\/\/www.ledizioni.it\/#organization","name":"Ledizioni","url":"https:\/\/www.ledizioni.it\/","logo":{"@type":"ImageObject","inLanguage":"en-GB","@id":"https:\/\/www.ledizioni.it\/#\/schema\/logo\/image\/","url":"https:\/\/www.ledizioni.it\/stag\/wp-content\/uploads\/2023\/10\/newlogoledizioni500x110_2-1.jpg","contentUrl":"https:\/\/www.ledizioni.it\/stag\/wp-content\/uploads\/2023\/10\/newlogoledizioni500x110_2-1.jpg","width":354,"height":87,"caption":"Ledizioni"},"image":{"@id":"https:\/\/www.ledizioni.it\/#\/schema\/logo\/image\/"},"sameAs":["https:\/\/www.facebook.com\/pages\/Ledizioni-LediPublishing\/109120559173329","https:\/\/x.com\/ledizioni"]}]}},"jetpack_sharing_enabled":true,"_links":{"self":[{"href":"https:\/\/www.ledizioni.it\/en\/wp-json\/wp\/v2\/product\/58450","targetHints":{"allow":["GET"]}}],"collection":[{"href":"https:\/\/www.ledizioni.it\/en\/wp-json\/wp\/v2\/product"}],"about":[{"href":"https:\/\/www.ledizioni.it\/en\/wp-json\/wp\/v2\/types\/product"}],"replies":[{"embeddable":true,"href":"https:\/\/www.ledizioni.it\/en\/wp-json\/wp\/v2\/comments?post=58450"}],"version-history":[{"count":6,"href":"https:\/\/www.ledizioni.it\/en\/wp-json\/wp\/v2\/product\/58450\/revisions"}],"predecessor-version":[{"id":67341,"href":"https:\/\/www.ledizioni.it\/en\/wp-json\/wp\/v2\/product\/58450\/revisions\/67341"}],"wp:featuredmedia":[{"embeddable":true,"href":"https:\/\/www.ledizioni.it\/en\/wp-json\/wp\/v2\/media\/58518"}],"wp:attachment":[{"href":"https:\/\/www.ledizioni.it\/en\/wp-json\/wp\/v2\/media?parent=58450"}],"wp:term":[{"taxonomy":"product_brand","embeddable":true,"href":"https:\/\/www.ledizioni.it\/en\/wp-json\/wp\/v2\/product_brand?post=58450"},{"taxonomy":"product_cat","embeddable":true,"href":"https:\/\/www.ledizioni.it\/en\/wp-json\/wp\/v2\/product_cat?post=58450"},{"taxonomy":"product_tag","embeddable":true,"href":"https:\/\/www.ledizioni.it\/en\/wp-json\/wp\/v2\/product_tag?post=58450"}],"curies":[{"name":"wp","href":"https:\/\/api.w.org\/{rel}","templated":true}]}}