{"id":58461,"date":"2023-11-23T12:37:00","date_gmt":"2023-11-23T10:37:00","guid":{"rendered":"https:\/\/www.ledizioni.it\/?post_type=product&#038;p=58461"},"modified":"2023-11-23T12:41:50","modified_gmt":"2023-11-23T10:41:50","slug":"cuadernos-aispi-n-21-2023-confluencias-intersecciones-desplazamientos-en-la-cultura-sefardi","status":"publish","type":"product","link":"https:\/\/www.ledizioni.it\/en\/product\/cuadernos-aispi-n-21-2023-confluencias-intersecciones-desplazamientos-en-la-cultura-sefardi\/","title":{"rendered":"Cuadernos AISPI  n. 21\/2023, CONFLUENCIAS, INTERSECCIONES Y DESPLAZAMIENTOS EN LA CULTURA SEFARD\u00cd"},"content":{"rendered":"<h3><strong>Cuadernos AISPI: Revista semestral de la Associazione Ispanisti Italiani<br \/>\n<\/strong><\/h3>\n<h3 style=\"text-align: justify;\"><strong>21\/2023. CONFLUENCIAS, INTERSECCIONES Y DESPLAZAMIENTOS EN LA CULTURA SEFARD\u00cd<br \/>\n<\/strong><\/h3>\n<p style=\"text-align: justify;\"><strong><br \/>\nEditores<\/strong><br \/>\nAlessia Cassani<br \/>\nAgnieszka August-Zar\u0119bska<\/p>\n<p style=\"text-align: justify;\">SECCI\u00d3N MONOGR\u00c1FICA<\/p>\n<ul>\n<li style=\"text-align: justify;\">Davide Aliberti, <em>Los fantasmas de la subjetivaci\u00f3n. La construcci\u00f3n de s\u00ed mismo y de los otros en la obra de Esther Bendahan<\/em><\/li>\n<li style=\"text-align: justify;\">Crist\u00f3bal Jos\u00e9 \u00c1lvarez L\u00f3pez, <em>La djud\u00eda salvada del konvento: traducci\u00f3n, adaptaci\u00f3n y reescritura de una novela sefard\u00ed<\/em><\/li>\n<li style=\"text-align: justify;\">Paola Bellomi, <em>El eslab\u00f3n perdido: la novela detectivesca sefard\u00ed y su v\u00ednculo con la novela de caballer\u00edas. Una hip\u00f3tesis<\/em><\/li>\n<li style=\"text-align: justify;\">Shai Cohen, <em>Identidad y conversi\u00f3n en el<\/em> Exemplar Humanae Vitae <em>de Uriel da Costa<\/em><\/li>\n<li style=\"text-align: justify;\">Tania Mar\u00eda Garc\u00eda Ar\u00e9valo y Do\u011fa Filiz Suba\u015f\u0131, <em>Estudio de los pr\u00e9stamos y glosas en las obras del autor estambul\u00ed del siglo XX Moiz Habib<\/em><\/li>\n<li style=\"text-align: justify;\">Susy Gruss, <em>La permeabilidad l\u00e9xica del judeoespa\u00f1ol en contacto con el hebreo moderno en el semanario<\/em> El Tiempo<\/li>\n<li style=\"text-align: justify;\">Marta Katarzyna Kacprzak, <em>Ecos asquenaz\u00edes en las versiones sefard\u00edes de<\/em> Robinson Crusoe<\/li>\n<li style=\"text-align: justify;\">Mar\u00eda S\u00e1nchez-P\u00e9rez, <em>De la antig\u00fcedad greco-latina a la Turqu\u00eda sefard\u00ed de finales del XIX, pasando por Francia y Espa\u00f1a: la f\u00e1bula<\/em> La gallina de los huevos de oro<\/li>\n<li style=\"text-align: justify;\">Michael Studemund-Hal\u00e9vy,<em> Plagio de traductores y traducciones ecl\u00e9cticas<\/em><\/li>\n<\/ul>\n<p style=\"text-align: justify;\">SECCI\u00d3N GENERAL<\/p>\n<ul>\n<li style=\"text-align: justify;\">Daria Castaldo, <em>Entre visio e inventio: met\u00e1foras gongorinas en el cruce de antiguas y nuevas ciencias<\/em><\/li>\n<li style=\"text-align: justify;\">Giovanna Fiordaliso, <em>Un mundo posible (o imposible) en<\/em> Cuento futuro<em> de Leopoldo Alas, Clar\u00edn<\/em><\/li>\n<li style=\"text-align: justify;\">Jos\u00e9 Enrique L\u00f3pez Mart\u00ednez, <em>El \u201ctoque de queda\u201d y la requisa de armas, y algunos reflejos en la literatura espa\u00f1ola del siglo XVI<\/em><\/li>\n<li style=\"text-align: justify;\">Jos\u00e9 Mar\u00eda Pozuelo Yvancos, <em>La lengua de las cosas. Significaci\u00f3n meton\u00edmica de espacios y objetos en<\/em> Nada <em>de Carmen Laforet<\/em><\/li>\n<li style=\"text-align: justify;\">Adri\u00e1n J. S\u00e1ez, Te vi, te vi, te vi:<em> la fotograf\u00eda en la poes\u00eda de Luis Alberto de Cuenca<\/em><\/li>\n<li style=\"text-align: justify;\">Giulia Tomasi, <em>El episodio del Endriago en dos traducciones al italiano de Amad\u00eds de Gaula de Montalvo. Una mirada diacr\u00f3nica<\/em><\/li>\n<\/ul>\n<p style=\"text-align: justify;\">RESE\u00d1AS<\/p>\n<h3><strong>DATI BIBLIOGRAFICI<\/strong><\/h3>\n<p>Curatori: Alessia Cassani, Agnieszka August-Zar\u0119bska<br \/>\nEditore: Ledizioni<br \/>\nCollana: <a href=\"https:\/\/www.ledizioni.it\/en\/product-category\/riviste\/cuadernos-aispi\/\">Cuadernos AISPI<\/a><br \/>\nFormato: Brossura<br \/>\nPubblicato in: novembre 2023<br \/>\nISSN cartaceo: 2283981X<br \/>\nPrezzo cartaceo: 25.00 \u20ac<\/p>","protected":false},"excerpt":{"rendered":"<p>Cuadernos AISPI: Revista semestral de la Associazione Ispanisti Italiani 21\/2023. CONFLUENCIAS, INTERSECCIONES Y DESPLAZAMIENTOS EN LA CULTURA SEFARD\u00cd Editores Alessia<\/p>","protected":false},"featured_media":58462,"comment_status":"open","ping_status":"closed","template":"","meta":{"_acf_changed":false},"product_brand":[],"product_cat":[767],"product_tag":[768,1499],"class_list":{"0":"post-58461","1":"product","2":"type-product","3":"status-publish","4":"has-post-thumbnail","6":"product_cat-cuadernos-aispi","7":"product_tag-ispanisti","8":"product_tag-spagnolo","9":"pa_formato-cartaceo","10":"pa_lingua-spagnolo","12":"first","13":"instock","14":"shipping-taxable","15":"purchasable","16":"product-type-simple"},"acf":[],"yoast_head":"<!-- This site is optimized with the Yoast SEO plugin v27.4 - https:\/\/yoast.com\/product\/yoast-seo-wordpress\/ -->\n<title>Cuadernos AISPI n. 21\/2023, CONFLUENCIAS, INTERSECCIONES Y DESPLAZAMIENTOS EN LA CULTURA SEFARD\u00cd -<\/title>\n<meta name=\"description\" content=\"Ledizioni - Innovative Publishing. Casa editrice universitaria. Open Access. eBook, ePub. Creative Commons.\" \/>\n<meta name=\"robots\" content=\"index, follow, max-snippet:-1, max-image-preview:large, max-video-preview:-1\" \/>\n<link rel=\"canonical\" href=\"https:\/\/www.ledizioni.it\/en\/product\/cuadernos-aispi-n-21-2023-confluencias-intersecciones-desplazamientos-en-la-cultura-sefardi\/\" \/>\n<meta property=\"og:locale\" content=\"en_GB\" \/>\n<meta property=\"og:type\" content=\"article\" \/>\n<meta property=\"og:title\" content=\"Cuadernos AISPI n. 21\/2023, CONFLUENCIAS, INTERSECCIONES Y DESPLAZAMIENTOS EN LA CULTURA SEFARD\u00cd -\" \/>\n<meta property=\"og:description\" content=\"Ledizioni - Innovative Publishing. Casa editrice universitaria. Open Access. eBook, ePub. Creative Commons.\" \/>\n<meta property=\"og:url\" content=\"https:\/\/www.ledizioni.it\/en\/product\/cuadernos-aispi-n-21-2023-confluencias-intersecciones-desplazamientos-en-la-cultura-sefardi\/\" \/>\n<meta property=\"og:site_name\" content=\"Ledizioni\" \/>\n<meta property=\"article:publisher\" content=\"https:\/\/www.facebook.com\/pages\/Ledizioni-LediPublishing\/109120559173329\" \/>\n<meta property=\"article:modified_time\" content=\"2023-11-23T10:41:50+00:00\" \/>\n<meta property=\"og:image\" content=\"https:\/\/www.ledizioni.it\/stag\/wp-content\/uploads\/2023\/11\/CUADERNOS-COVER-21-2023-3D.jpg\" \/>\n\t<meta property=\"og:image:width\" content=\"1528\" \/>\n\t<meta property=\"og:image:height\" content=\"1962\" \/>\n\t<meta property=\"og:image:type\" content=\"image\/jpeg\" \/>\n<meta name=\"twitter:card\" content=\"summary_large_image\" \/>\n<meta name=\"twitter:site\" content=\"@ledizioni\" \/>\n<meta name=\"twitter:label1\" content=\"Estimated reading time\" \/>\n\t<meta name=\"twitter:data1\" content=\"2 minutes\" \/>\n<script type=\"application\/ld+json\" class=\"yoast-schema-graph\">{\"@context\":\"https:\\\/\\\/schema.org\",\"@graph\":[{\"@type\":\"WebPage\",\"@id\":\"https:\\\/\\\/www.ledizioni.it\\\/prodotto\\\/cuadernos-aispi-n-21-2023-confluencias-intersecciones-desplazamientos-en-la-cultura-sefardi\\\/\",\"url\":\"https:\\\/\\\/www.ledizioni.it\\\/prodotto\\\/cuadernos-aispi-n-21-2023-confluencias-intersecciones-desplazamientos-en-la-cultura-sefardi\\\/\",\"name\":\"Cuadernos AISPI n. 21\\\/2023, CONFLUENCIAS, INTERSECCIONES Y DESPLAZAMIENTOS EN LA CULTURA SEFARD\u00cd -\",\"isPartOf\":{\"@id\":\"https:\\\/\\\/www.ledizioni.it\\\/#website\"},\"primaryImageOfPage\":{\"@id\":\"https:\\\/\\\/www.ledizioni.it\\\/prodotto\\\/cuadernos-aispi-n-21-2023-confluencias-intersecciones-desplazamientos-en-la-cultura-sefardi\\\/#primaryimage\"},\"image\":{\"@id\":\"https:\\\/\\\/www.ledizioni.it\\\/prodotto\\\/cuadernos-aispi-n-21-2023-confluencias-intersecciones-desplazamientos-en-la-cultura-sefardi\\\/#primaryimage\"},\"thumbnailUrl\":\"https:\\\/\\\/www.ledizioni.it\\\/stag\\\/wp-content\\\/uploads\\\/2023\\\/11\\\/CUADERNOS-COVER-21-2023-3D.jpg\",\"datePublished\":\"2023-11-23T10:37:00+00:00\",\"dateModified\":\"2023-11-23T10:41:50+00:00\",\"description\":\"Ledizioni - Innovative Publishing. Casa editrice universitaria. Open Access. eBook, ePub. Creative Commons.\",\"breadcrumb\":{\"@id\":\"https:\\\/\\\/www.ledizioni.it\\\/prodotto\\\/cuadernos-aispi-n-21-2023-confluencias-intersecciones-desplazamientos-en-la-cultura-sefardi\\\/#breadcrumb\"},\"inLanguage\":\"en-GB\",\"potentialAction\":[{\"@type\":\"ReadAction\",\"target\":[\"https:\\\/\\\/www.ledizioni.it\\\/prodotto\\\/cuadernos-aispi-n-21-2023-confluencias-intersecciones-desplazamientos-en-la-cultura-sefardi\\\/\"]}]},{\"@type\":\"ImageObject\",\"inLanguage\":\"en-GB\",\"@id\":\"https:\\\/\\\/www.ledizioni.it\\\/prodotto\\\/cuadernos-aispi-n-21-2023-confluencias-intersecciones-desplazamientos-en-la-cultura-sefardi\\\/#primaryimage\",\"url\":\"https:\\\/\\\/www.ledizioni.it\\\/stag\\\/wp-content\\\/uploads\\\/2023\\\/11\\\/CUADERNOS-COVER-21-2023-3D.jpg\",\"contentUrl\":\"https:\\\/\\\/www.ledizioni.it\\\/stag\\\/wp-content\\\/uploads\\\/2023\\\/11\\\/CUADERNOS-COVER-21-2023-3D.jpg\",\"width\":1528,\"height\":1962},{\"@type\":\"BreadcrumbList\",\"@id\":\"https:\\\/\\\/www.ledizioni.it\\\/prodotto\\\/cuadernos-aispi-n-21-2023-confluencias-intersecciones-desplazamientos-en-la-cultura-sefardi\\\/#breadcrumb\",\"itemListElement\":[{\"@type\":\"ListItem\",\"position\":1,\"name\":\"Shop\",\"item\":\"https:\\\/\\\/www.ledizioni.it\\\/shop-2\\\/\"},{\"@type\":\"ListItem\",\"position\":2,\"name\":\"Cuadernos AISPI n. 21\\\/2023, CONFLUENCIAS, INTERSECCIONES Y DESPLAZAMIENTOS EN LA CULTURA SEFARD\u00cd\"}]},{\"@type\":\"WebSite\",\"@id\":\"https:\\\/\\\/www.ledizioni.it\\\/#website\",\"url\":\"https:\\\/\\\/www.ledizioni.it\\\/\",\"name\":\"Ledizioni\",\"description\":\"The Innovative LediPublishing Company - Casa Editrice Universitaria\",\"publisher\":{\"@id\":\"https:\\\/\\\/www.ledizioni.it\\\/#organization\"},\"potentialAction\":[{\"@type\":\"SearchAction\",\"target\":{\"@type\":\"EntryPoint\",\"urlTemplate\":\"https:\\\/\\\/www.ledizioni.it\\\/?s={search_term_string}\"},\"query-input\":{\"@type\":\"PropertyValueSpecification\",\"valueRequired\":true,\"valueName\":\"search_term_string\"}}],\"inLanguage\":\"en-GB\"},{\"@type\":\"Organization\",\"@id\":\"https:\\\/\\\/www.ledizioni.it\\\/#organization\",\"name\":\"Ledizioni\",\"url\":\"https:\\\/\\\/www.ledizioni.it\\\/\",\"logo\":{\"@type\":\"ImageObject\",\"inLanguage\":\"en-GB\",\"@id\":\"https:\\\/\\\/www.ledizioni.it\\\/#\\\/schema\\\/logo\\\/image\\\/\",\"url\":\"https:\\\/\\\/www.ledizioni.it\\\/stag\\\/wp-content\\\/uploads\\\/2023\\\/10\\\/newlogoledizioni500x110_2-1.jpg\",\"contentUrl\":\"https:\\\/\\\/www.ledizioni.it\\\/stag\\\/wp-content\\\/uploads\\\/2023\\\/10\\\/newlogoledizioni500x110_2-1.jpg\",\"width\":354,\"height\":87,\"caption\":\"Ledizioni\"},\"image\":{\"@id\":\"https:\\\/\\\/www.ledizioni.it\\\/#\\\/schema\\\/logo\\\/image\\\/\"},\"sameAs\":[\"https:\\\/\\\/www.facebook.com\\\/pages\\\/Ledizioni-LediPublishing\\\/109120559173329\",\"https:\\\/\\\/x.com\\\/ledizioni\"]}]}<\/script>\n<!-- \/ Yoast SEO plugin. -->","yoast_head_json":{"title":"Cuadernos AISPI n. 21\/2023, CONFLUENCIAS, INTERSECCIONES Y DESPLAZAMIENTOS EN LA CULTURA SEFARD\u00cd -","description":"Ledizioni - Innovative Publishing. Casa editrice universitaria. Open Access. eBook, ePub. Creative Commons.","robots":{"index":"index","follow":"follow","max-snippet":"max-snippet:-1","max-image-preview":"max-image-preview:large","max-video-preview":"max-video-preview:-1"},"canonical":"https:\/\/www.ledizioni.it\/en\/product\/cuadernos-aispi-n-21-2023-confluencias-intersecciones-desplazamientos-en-la-cultura-sefardi\/","og_locale":"en_GB","og_type":"article","og_title":"Cuadernos AISPI n. 21\/2023, CONFLUENCIAS, INTERSECCIONES Y DESPLAZAMIENTOS EN LA CULTURA SEFARD\u00cd -","og_description":"Ledizioni - Innovative Publishing. Casa editrice universitaria. Open Access. eBook, ePub. Creative Commons.","og_url":"https:\/\/www.ledizioni.it\/en\/product\/cuadernos-aispi-n-21-2023-confluencias-intersecciones-desplazamientos-en-la-cultura-sefardi\/","og_site_name":"Ledizioni","article_publisher":"https:\/\/www.facebook.com\/pages\/Ledizioni-LediPublishing\/109120559173329","article_modified_time":"2023-11-23T10:41:50+00:00","og_image":[{"width":1528,"height":1962,"url":"https:\/\/www.ledizioni.it\/stag\/wp-content\/uploads\/2023\/11\/CUADERNOS-COVER-21-2023-3D.jpg","type":"image\/jpeg"}],"twitter_card":"summary_large_image","twitter_site":"@ledizioni","twitter_misc":{"Estimated reading time":"2 minutes"},"schema":{"@context":"https:\/\/schema.org","@graph":[{"@type":"WebPage","@id":"https:\/\/www.ledizioni.it\/prodotto\/cuadernos-aispi-n-21-2023-confluencias-intersecciones-desplazamientos-en-la-cultura-sefardi\/","url":"https:\/\/www.ledizioni.it\/prodotto\/cuadernos-aispi-n-21-2023-confluencias-intersecciones-desplazamientos-en-la-cultura-sefardi\/","name":"Cuadernos AISPI n. 21\/2023, CONFLUENCIAS, INTERSECCIONES Y DESPLAZAMIENTOS EN LA CULTURA SEFARD\u00cd -","isPartOf":{"@id":"https:\/\/www.ledizioni.it\/#website"},"primaryImageOfPage":{"@id":"https:\/\/www.ledizioni.it\/prodotto\/cuadernos-aispi-n-21-2023-confluencias-intersecciones-desplazamientos-en-la-cultura-sefardi\/#primaryimage"},"image":{"@id":"https:\/\/www.ledizioni.it\/prodotto\/cuadernos-aispi-n-21-2023-confluencias-intersecciones-desplazamientos-en-la-cultura-sefardi\/#primaryimage"},"thumbnailUrl":"https:\/\/www.ledizioni.it\/stag\/wp-content\/uploads\/2023\/11\/CUADERNOS-COVER-21-2023-3D.jpg","datePublished":"2023-11-23T10:37:00+00:00","dateModified":"2023-11-23T10:41:50+00:00","description":"Ledizioni - Innovative Publishing. Casa editrice universitaria. Open Access. eBook, ePub. Creative Commons.","breadcrumb":{"@id":"https:\/\/www.ledizioni.it\/prodotto\/cuadernos-aispi-n-21-2023-confluencias-intersecciones-desplazamientos-en-la-cultura-sefardi\/#breadcrumb"},"inLanguage":"en-GB","potentialAction":[{"@type":"ReadAction","target":["https:\/\/www.ledizioni.it\/prodotto\/cuadernos-aispi-n-21-2023-confluencias-intersecciones-desplazamientos-en-la-cultura-sefardi\/"]}]},{"@type":"ImageObject","inLanguage":"en-GB","@id":"https:\/\/www.ledizioni.it\/prodotto\/cuadernos-aispi-n-21-2023-confluencias-intersecciones-desplazamientos-en-la-cultura-sefardi\/#primaryimage","url":"https:\/\/www.ledizioni.it\/stag\/wp-content\/uploads\/2023\/11\/CUADERNOS-COVER-21-2023-3D.jpg","contentUrl":"https:\/\/www.ledizioni.it\/stag\/wp-content\/uploads\/2023\/11\/CUADERNOS-COVER-21-2023-3D.jpg","width":1528,"height":1962},{"@type":"BreadcrumbList","@id":"https:\/\/www.ledizioni.it\/prodotto\/cuadernos-aispi-n-21-2023-confluencias-intersecciones-desplazamientos-en-la-cultura-sefardi\/#breadcrumb","itemListElement":[{"@type":"ListItem","position":1,"name":"Shop","item":"https:\/\/www.ledizioni.it\/shop-2\/"},{"@type":"ListItem","position":2,"name":"Cuadernos AISPI n. 21\/2023, CONFLUENCIAS, INTERSECCIONES Y DESPLAZAMIENTOS EN LA CULTURA SEFARD\u00cd"}]},{"@type":"WebSite","@id":"https:\/\/www.ledizioni.it\/#website","url":"https:\/\/www.ledizioni.it\/","name":"Ledizioni","description":"The Innovative LediPublishing Company - Casa Editrice Universitaria","publisher":{"@id":"https:\/\/www.ledizioni.it\/#organization"},"potentialAction":[{"@type":"SearchAction","target":{"@type":"EntryPoint","urlTemplate":"https:\/\/www.ledizioni.it\/?s={search_term_string}"},"query-input":{"@type":"PropertyValueSpecification","valueRequired":true,"valueName":"search_term_string"}}],"inLanguage":"en-GB"},{"@type":"Organization","@id":"https:\/\/www.ledizioni.it\/#organization","name":"Ledizioni","url":"https:\/\/www.ledizioni.it\/","logo":{"@type":"ImageObject","inLanguage":"en-GB","@id":"https:\/\/www.ledizioni.it\/#\/schema\/logo\/image\/","url":"https:\/\/www.ledizioni.it\/stag\/wp-content\/uploads\/2023\/10\/newlogoledizioni500x110_2-1.jpg","contentUrl":"https:\/\/www.ledizioni.it\/stag\/wp-content\/uploads\/2023\/10\/newlogoledizioni500x110_2-1.jpg","width":354,"height":87,"caption":"Ledizioni"},"image":{"@id":"https:\/\/www.ledizioni.it\/#\/schema\/logo\/image\/"},"sameAs":["https:\/\/www.facebook.com\/pages\/Ledizioni-LediPublishing\/109120559173329","https:\/\/x.com\/ledizioni"]}]}},"jetpack_sharing_enabled":true,"_links":{"self":[{"href":"https:\/\/www.ledizioni.it\/en\/wp-json\/wp\/v2\/product\/58461","targetHints":{"allow":["GET"]}}],"collection":[{"href":"https:\/\/www.ledizioni.it\/en\/wp-json\/wp\/v2\/product"}],"about":[{"href":"https:\/\/www.ledizioni.it\/en\/wp-json\/wp\/v2\/types\/product"}],"replies":[{"embeddable":true,"href":"https:\/\/www.ledizioni.it\/en\/wp-json\/wp\/v2\/comments?post=58461"}],"version-history":[{"count":1,"href":"https:\/\/www.ledizioni.it\/en\/wp-json\/wp\/v2\/product\/58461\/revisions"}],"predecessor-version":[{"id":63052,"href":"https:\/\/www.ledizioni.it\/en\/wp-json\/wp\/v2\/product\/58461\/revisions\/63052"}],"wp:featuredmedia":[{"embeddable":true,"href":"https:\/\/www.ledizioni.it\/en\/wp-json\/wp\/v2\/media\/58462"}],"wp:attachment":[{"href":"https:\/\/www.ledizioni.it\/en\/wp-json\/wp\/v2\/media?parent=58461"}],"wp:term":[{"taxonomy":"product_brand","embeddable":true,"href":"https:\/\/www.ledizioni.it\/en\/wp-json\/wp\/v2\/product_brand?post=58461"},{"taxonomy":"product_cat","embeddable":true,"href":"https:\/\/www.ledizioni.it\/en\/wp-json\/wp\/v2\/product_cat?post=58461"},{"taxonomy":"product_tag","embeddable":true,"href":"https:\/\/www.ledizioni.it\/en\/wp-json\/wp\/v2\/product_tag?post=58461"}],"curies":[{"name":"wp","href":"https:\/\/api.w.org\/{rel}","templated":true}]}}