{"id":58553,"date":"2023-12-05T13:16:59","date_gmt":"2023-12-05T11:16:59","guid":{"rendered":"https:\/\/www.ledizioni.it\/?post_type=product&#038;p=58553"},"modified":"2023-12-13T10:00:23","modified_gmt":"2023-12-13T08:00:23","slug":"la-quinta-legge-di-ranganathan","status":"publish","type":"product","link":"https:\/\/www.ledizioni.it\/en\/product\/la-quinta-legge-di-ranganathan\/","title":{"rendered":"LA QUINTA LEGGE DI RANGANATHAN"},"content":{"rendered":"<p style=\"text-align: justify;\">Come recita la Legge n. 5 di Ranganathan, \u201cLa biblioteca \u00e8 un organismo che cresce\u201d, e, quindi, cambia, evolve, si adatta. \u00c8 evidente che, soprattutto se vi sono problemi di spazio, la biblioteca non possa crescere a dismisura.<br \/>\nAllora, periodicamente, come si fa con gli alberi nel giardino o nel frutteto, bisogner\u00e0 procedere a una sana e rinvigorente potatura, al necessario sfoltimento per fare posto sugli scaffali per i nuovi titoli.<br \/>\nInfatti, le biblioteche fissano dei criteri, anche molto stringenti, da rispettare per garantire lo sviluppo armonico delle collezioni e la loro qualit\u00e0. Ci\u00f2 pu\u00f2 portare il responsabile delle acquisizioni alla scelta di rifiutare un dono.<br \/>\nEppure&#8230; Eppure, per quanto possano essere rigorosi tali criteri, pu\u00f2 capitare di intravedere in un libro una storia che, nella sua semplicit\u00e0, \u201cparla\u201d ai lettori, soprattutto a quelli in erba, e riesce, all\u2019occorrenza, a creare un ponte intergenerazionale, ad accendere un interesse per personaggi o fatti della storia pi\u00f9 o meno recente.<br \/>\nAllora, la biblioteca, fedele alla sua natura di luogo aperto, democratico e accogliente, allarga le sue braccia non soltanto a tutti gli utenti, senza alcuna distinzione di et\u00e0, sesso, etnia, religione, credo politico ecc., ma anche a libri o altri documenti perch\u00e9 vengano effettivamente usati (Legge n. 1) e favoriscano, appunto, quel magico incontro tra utenti e documenti (Legge n. 2 e Legge n. 3).<\/p>\n<p><strong>DATI BIBLIOGRAFICI<\/strong><br \/>\nAutore: Cinzia Crenca<br \/>\nIllustrazioni: Luigi De Angelis<br \/>\nPubblicato nel: novembre 2023<br \/>\nFormato: brossura, 30 p.<br \/>\nISBN: 9791256000487<br \/>\nPrezzo: 16,00 \u20ac<\/p>\n<p>&nbsp;<\/p>","protected":false},"excerpt":{"rendered":"<p>Come recita la Legge n. 5 di Ranganathan, \u201cLa biblioteca \u00e8 un organismo che cresce\u201d, e, quindi, cambia, evolve, si<\/p>","protected":false},"featured_media":58554,"comment_status":"open","ping_status":"closed","template":"","meta":{"_acf_changed":false},"product_brand":[],"product_cat":[2574],"product_tag":[2947,2714,2948],"class_list":{"0":"post-58553","1":"product","2":"type-product","3":"status-publish","4":"has-post-thumbnail","6":"product_cat-biblioteche","7":"product_tag-biblioteca","8":"product_tag-lettura","9":"product_tag-libro-illustrato","11":"first","12":"instock","13":"featured","14":"shipping-taxable","15":"purchasable","16":"product-type-simple"},"acf":[],"yoast_head":"<!-- This site is optimized with the Yoast SEO plugin v27.3 - https:\/\/yoast.com\/product\/yoast-seo-wordpress\/ -->\n<title>LA QUINTA LEGGE DI RANGANATHAN -<\/title>\n<meta name=\"description\" content=\"Ledizioni - Innovative Publishing. Casa editrice universitaria. Open Access. eBook, ePub. Creative Commons.\" \/>\n<meta name=\"robots\" content=\"index, follow, max-snippet:-1, max-image-preview:large, max-video-preview:-1\" \/>\n<link rel=\"canonical\" href=\"https:\/\/www.ledizioni.it\/en\/product\/la-quinta-legge-di-ranganathan\/\" \/>\n<meta property=\"og:locale\" content=\"en_GB\" \/>\n<meta property=\"og:type\" content=\"article\" \/>\n<meta property=\"og:title\" content=\"LA QUINTA LEGGE DI RANGANATHAN -\" \/>\n<meta property=\"og:description\" content=\"Ledizioni - Innovative Publishing. Casa editrice universitaria. Open Access. eBook, ePub. Creative Commons.\" \/>\n<meta property=\"og:url\" content=\"https:\/\/www.ledizioni.it\/en\/product\/la-quinta-legge-di-ranganathan\/\" \/>\n<meta property=\"og:site_name\" content=\"Ledizioni\" \/>\n<meta property=\"article:publisher\" content=\"https:\/\/www.facebook.com\/pages\/Ledizioni-LediPublishing\/109120559173329\" \/>\n<meta property=\"article:modified_time\" content=\"2023-12-13T08:00:23+00:00\" \/>\n<meta property=\"og:image\" content=\"https:\/\/www.ledizioni.it\/stag\/wp-content\/uploads\/2023\/12\/Crenca-Ranganathan-3D.jpg\" \/>\n\t<meta property=\"og:image:width\" content=\"1516\" \/>\n\t<meta property=\"og:image:height\" content=\"1968\" \/>\n\t<meta property=\"og:image:type\" content=\"image\/jpeg\" \/>\n<meta name=\"twitter:card\" content=\"summary_large_image\" \/>\n<meta name=\"twitter:site\" content=\"@ledizioni\" \/>\n<meta name=\"twitter:label1\" content=\"Estimated reading time\" \/>\n\t<meta name=\"twitter:data1\" content=\"2 minutes\" \/>\n<script type=\"application\/ld+json\" class=\"yoast-schema-graph\">{\"@context\":\"https:\\\/\\\/schema.org\",\"@graph\":[{\"@type\":\"WebPage\",\"@id\":\"https:\\\/\\\/www.ledizioni.it\\\/en\\\/product\\\/la-quinta-legge-di-ranganathan\\\/\",\"url\":\"https:\\\/\\\/www.ledizioni.it\\\/en\\\/product\\\/la-quinta-legge-di-ranganathan\\\/\",\"name\":\"LA QUINTA LEGGE DI RANGANATHAN -\",\"isPartOf\":{\"@id\":\"https:\\\/\\\/www.ledizioni.it\\\/#website\"},\"primaryImageOfPage\":{\"@id\":\"https:\\\/\\\/www.ledizioni.it\\\/en\\\/product\\\/la-quinta-legge-di-ranganathan\\\/#primaryimage\"},\"image\":{\"@id\":\"https:\\\/\\\/www.ledizioni.it\\\/en\\\/product\\\/la-quinta-legge-di-ranganathan\\\/#primaryimage\"},\"thumbnailUrl\":\"https:\\\/\\\/www.ledizioni.it\\\/stag\\\/wp-content\\\/uploads\\\/2023\\\/12\\\/Crenca-Ranganathan-3D.jpg\",\"datePublished\":\"2023-12-05T11:16:59+00:00\",\"dateModified\":\"2023-12-13T08:00:23+00:00\",\"description\":\"Ledizioni - Innovative Publishing. Casa editrice universitaria. Open Access. eBook, ePub. Creative Commons.\",\"breadcrumb\":{\"@id\":\"https:\\\/\\\/www.ledizioni.it\\\/en\\\/product\\\/la-quinta-legge-di-ranganathan\\\/#breadcrumb\"},\"inLanguage\":\"en-GB\",\"potentialAction\":[{\"@type\":\"ReadAction\",\"target\":[\"https:\\\/\\\/www.ledizioni.it\\\/en\\\/product\\\/la-quinta-legge-di-ranganathan\\\/\"]}]},{\"@type\":\"ImageObject\",\"inLanguage\":\"en-GB\",\"@id\":\"https:\\\/\\\/www.ledizioni.it\\\/en\\\/product\\\/la-quinta-legge-di-ranganathan\\\/#primaryimage\",\"url\":\"https:\\\/\\\/www.ledizioni.it\\\/stag\\\/wp-content\\\/uploads\\\/2023\\\/12\\\/Crenca-Ranganathan-3D.jpg\",\"contentUrl\":\"https:\\\/\\\/www.ledizioni.it\\\/stag\\\/wp-content\\\/uploads\\\/2023\\\/12\\\/Crenca-Ranganathan-3D.jpg\",\"width\":1516,\"height\":1968},{\"@type\":\"BreadcrumbList\",\"@id\":\"https:\\\/\\\/www.ledizioni.it\\\/en\\\/product\\\/la-quinta-legge-di-ranganathan\\\/#breadcrumb\",\"itemListElement\":[{\"@type\":\"ListItem\",\"position\":1,\"name\":\"Shop\",\"item\":\"https:\\\/\\\/www.ledizioni.it\\\/shop-2\\\/\"},{\"@type\":\"ListItem\",\"position\":2,\"name\":\"LA QUINTA LEGGE DI RANGANATHAN\"}]},{\"@type\":\"WebSite\",\"@id\":\"https:\\\/\\\/www.ledizioni.it\\\/#website\",\"url\":\"https:\\\/\\\/www.ledizioni.it\\\/\",\"name\":\"Ledizioni\",\"description\":\"The Innovative LediPublishing Company - Casa Editrice Universitaria\",\"publisher\":{\"@id\":\"https:\\\/\\\/www.ledizioni.it\\\/#organization\"},\"potentialAction\":[{\"@type\":\"SearchAction\",\"target\":{\"@type\":\"EntryPoint\",\"urlTemplate\":\"https:\\\/\\\/www.ledizioni.it\\\/?s={search_term_string}\"},\"query-input\":{\"@type\":\"PropertyValueSpecification\",\"valueRequired\":true,\"valueName\":\"search_term_string\"}}],\"inLanguage\":\"en-GB\"},{\"@type\":\"Organization\",\"@id\":\"https:\\\/\\\/www.ledizioni.it\\\/#organization\",\"name\":\"Ledizioni\",\"url\":\"https:\\\/\\\/www.ledizioni.it\\\/\",\"logo\":{\"@type\":\"ImageObject\",\"inLanguage\":\"en-GB\",\"@id\":\"https:\\\/\\\/www.ledizioni.it\\\/#\\\/schema\\\/logo\\\/image\\\/\",\"url\":\"https:\\\/\\\/www.ledizioni.it\\\/stag\\\/wp-content\\\/uploads\\\/2023\\\/10\\\/newlogoledizioni500x110_2-1.jpg\",\"contentUrl\":\"https:\\\/\\\/www.ledizioni.it\\\/stag\\\/wp-content\\\/uploads\\\/2023\\\/10\\\/newlogoledizioni500x110_2-1.jpg\",\"width\":354,\"height\":87,\"caption\":\"Ledizioni\"},\"image\":{\"@id\":\"https:\\\/\\\/www.ledizioni.it\\\/#\\\/schema\\\/logo\\\/image\\\/\"},\"sameAs\":[\"https:\\\/\\\/www.facebook.com\\\/pages\\\/Ledizioni-LediPublishing\\\/109120559173329\",\"https:\\\/\\\/x.com\\\/ledizioni\"]}]}<\/script>\n<!-- \/ Yoast SEO plugin. -->","yoast_head_json":{"title":"LA QUINTA LEGGE DI RANGANATHAN -","description":"Ledizioni - Innovative Publishing. Casa editrice universitaria. Open Access. eBook, ePub. Creative Commons.","robots":{"index":"index","follow":"follow","max-snippet":"max-snippet:-1","max-image-preview":"max-image-preview:large","max-video-preview":"max-video-preview:-1"},"canonical":"https:\/\/www.ledizioni.it\/en\/product\/la-quinta-legge-di-ranganathan\/","og_locale":"en_GB","og_type":"article","og_title":"LA QUINTA LEGGE DI RANGANATHAN -","og_description":"Ledizioni - Innovative Publishing. Casa editrice universitaria. Open Access. eBook, ePub. Creative Commons.","og_url":"https:\/\/www.ledizioni.it\/en\/product\/la-quinta-legge-di-ranganathan\/","og_site_name":"Ledizioni","article_publisher":"https:\/\/www.facebook.com\/pages\/Ledizioni-LediPublishing\/109120559173329","article_modified_time":"2023-12-13T08:00:23+00:00","og_image":[{"width":1516,"height":1968,"url":"https:\/\/www.ledizioni.it\/stag\/wp-content\/uploads\/2023\/12\/Crenca-Ranganathan-3D.jpg","type":"image\/jpeg"}],"twitter_card":"summary_large_image","twitter_site":"@ledizioni","twitter_misc":{"Estimated reading time":"2 minutes"},"schema":{"@context":"https:\/\/schema.org","@graph":[{"@type":"WebPage","@id":"https:\/\/www.ledizioni.it\/en\/product\/la-quinta-legge-di-ranganathan\/","url":"https:\/\/www.ledizioni.it\/en\/product\/la-quinta-legge-di-ranganathan\/","name":"LA QUINTA LEGGE DI RANGANATHAN -","isPartOf":{"@id":"https:\/\/www.ledizioni.it\/#website"},"primaryImageOfPage":{"@id":"https:\/\/www.ledizioni.it\/en\/product\/la-quinta-legge-di-ranganathan\/#primaryimage"},"image":{"@id":"https:\/\/www.ledizioni.it\/en\/product\/la-quinta-legge-di-ranganathan\/#primaryimage"},"thumbnailUrl":"https:\/\/www.ledizioni.it\/stag\/wp-content\/uploads\/2023\/12\/Crenca-Ranganathan-3D.jpg","datePublished":"2023-12-05T11:16:59+00:00","dateModified":"2023-12-13T08:00:23+00:00","description":"Ledizioni - Innovative Publishing. Casa editrice universitaria. Open Access. eBook, ePub. Creative Commons.","breadcrumb":{"@id":"https:\/\/www.ledizioni.it\/en\/product\/la-quinta-legge-di-ranganathan\/#breadcrumb"},"inLanguage":"en-GB","potentialAction":[{"@type":"ReadAction","target":["https:\/\/www.ledizioni.it\/en\/product\/la-quinta-legge-di-ranganathan\/"]}]},{"@type":"ImageObject","inLanguage":"en-GB","@id":"https:\/\/www.ledizioni.it\/en\/product\/la-quinta-legge-di-ranganathan\/#primaryimage","url":"https:\/\/www.ledizioni.it\/stag\/wp-content\/uploads\/2023\/12\/Crenca-Ranganathan-3D.jpg","contentUrl":"https:\/\/www.ledizioni.it\/stag\/wp-content\/uploads\/2023\/12\/Crenca-Ranganathan-3D.jpg","width":1516,"height":1968},{"@type":"BreadcrumbList","@id":"https:\/\/www.ledizioni.it\/en\/product\/la-quinta-legge-di-ranganathan\/#breadcrumb","itemListElement":[{"@type":"ListItem","position":1,"name":"Shop","item":"https:\/\/www.ledizioni.it\/shop-2\/"},{"@type":"ListItem","position":2,"name":"LA QUINTA LEGGE DI RANGANATHAN"}]},{"@type":"WebSite","@id":"https:\/\/www.ledizioni.it\/#website","url":"https:\/\/www.ledizioni.it\/","name":"Ledizioni","description":"The Innovative LediPublishing Company - Casa Editrice Universitaria","publisher":{"@id":"https:\/\/www.ledizioni.it\/#organization"},"potentialAction":[{"@type":"SearchAction","target":{"@type":"EntryPoint","urlTemplate":"https:\/\/www.ledizioni.it\/?s={search_term_string}"},"query-input":{"@type":"PropertyValueSpecification","valueRequired":true,"valueName":"search_term_string"}}],"inLanguage":"en-GB"},{"@type":"Organization","@id":"https:\/\/www.ledizioni.it\/#organization","name":"Ledizioni","url":"https:\/\/www.ledizioni.it\/","logo":{"@type":"ImageObject","inLanguage":"en-GB","@id":"https:\/\/www.ledizioni.it\/#\/schema\/logo\/image\/","url":"https:\/\/www.ledizioni.it\/stag\/wp-content\/uploads\/2023\/10\/newlogoledizioni500x110_2-1.jpg","contentUrl":"https:\/\/www.ledizioni.it\/stag\/wp-content\/uploads\/2023\/10\/newlogoledizioni500x110_2-1.jpg","width":354,"height":87,"caption":"Ledizioni"},"image":{"@id":"https:\/\/www.ledizioni.it\/#\/schema\/logo\/image\/"},"sameAs":["https:\/\/www.facebook.com\/pages\/Ledizioni-LediPublishing\/109120559173329","https:\/\/x.com\/ledizioni"]}]}},"jetpack_sharing_enabled":true,"_links":{"self":[{"href":"https:\/\/www.ledizioni.it\/en\/wp-json\/wp\/v2\/product\/58553","targetHints":{"allow":["GET"]}}],"collection":[{"href":"https:\/\/www.ledizioni.it\/en\/wp-json\/wp\/v2\/product"}],"about":[{"href":"https:\/\/www.ledizioni.it\/en\/wp-json\/wp\/v2\/types\/product"}],"replies":[{"embeddable":true,"href":"https:\/\/www.ledizioni.it\/en\/wp-json\/wp\/v2\/comments?post=58553"}],"version-history":[{"count":2,"href":"https:\/\/www.ledizioni.it\/en\/wp-json\/wp\/v2\/product\/58553\/revisions"}],"predecessor-version":[{"id":61990,"href":"https:\/\/www.ledizioni.it\/en\/wp-json\/wp\/v2\/product\/58553\/revisions\/61990"}],"wp:featuredmedia":[{"embeddable":true,"href":"https:\/\/www.ledizioni.it\/en\/wp-json\/wp\/v2\/media\/58554"}],"wp:attachment":[{"href":"https:\/\/www.ledizioni.it\/en\/wp-json\/wp\/v2\/media?parent=58553"}],"wp:term":[{"taxonomy":"product_brand","embeddable":true,"href":"https:\/\/www.ledizioni.it\/en\/wp-json\/wp\/v2\/product_brand?post=58553"},{"taxonomy":"product_cat","embeddable":true,"href":"https:\/\/www.ledizioni.it\/en\/wp-json\/wp\/v2\/product_cat?post=58553"},{"taxonomy":"product_tag","embeddable":true,"href":"https:\/\/www.ledizioni.it\/en\/wp-json\/wp\/v2\/product_tag?post=58553"}],"curies":[{"name":"wp","href":"https:\/\/api.w.org\/{rel}","templated":true}]}}