{"id":62601,"date":"2023-12-15T16:04:31","date_gmt":"2023-12-15T14:04:31","guid":{"rendered":"https:\/\/www.ledizioni.it\/?post_type=product&#038;p=62601"},"modified":"2024-01-29T16:09:27","modified_gmt":"2024-01-29T14:09:27","slug":"rivista-italiana-di-paleontologia-e-stratigrafia-vol-129-n-3-november-2023","status":"publish","type":"product","link":"https:\/\/www.ledizioni.it\/en\/product\/rivista-italiana-di-paleontologia-e-stratigrafia-vol-129-n-3-november-2023\/","title":{"rendered":"Rivista Italiana di Paleontologia e Stratigrafia, vol. 129, N. 3 &#8211; November 2023"},"content":{"rendered":"<p style=\"text-align: justify;\"><strong>CONTENTS<\/strong><\/p>\n<ul>\n<li style=\"text-align: justify;\">Violanti D. &#8211; Common and rare Lower Pliocene agglutinated foraminifers of Piedmont (northwestern Italy): distribution, taxonomy and paleoenvironment<\/li>\n<li style=\"text-align: justify;\">Werdelin L., Dr\u0103gu\u015fin V., Robu M., Petculescu A., Popescu A., Curran S. &amp; Terhune C.E. &#8211; Carnivora from the Early Pleistocene of Gr\u0103unceanu (Olte\u0163 River Valley, Dacian Basin, Romania)<\/li>\n<li style=\"text-align: justify;\">Vidakovi\u0107 F., \u0160amarija R., Sremac J. &amp; Japund\u017ei\u0107 D. &#8211; Sidelined seashells: reappraisal of the Middle Triassic ammonoids of Samobor and \u017dumberak Mts. (north-western Croatia) and their systematics and biostratigraphic implications<\/li>\n<li style=\"text-align: justify;\">Posenato R. &amp; Crippa G. &#8211; An insight into the systematics of Plicatostylidae (Bivalvia), with a description of Pachygervillia anguillaensis n. gen. n. sp. from the Lithiotis Facies (Lower Jurassic) of Italy<\/li>\n<li style=\"text-align: justify;\">Calzoni P., Amalfitano J., Giusberti L., Marram\u00e0 G. &amp; Carnevale G. &#8211; Eocene Rhamphosidae (Teleostei: Syngnathiformes) from the Bolca Lagerst\u00e4tte, Italy<\/li>\n<li style=\"text-align: justify;\">L\u00e1z\u00e1r B., Falahatgar M., Sarfi M., Kallanxhi M.-E., B\u0103lc R. &amp; Silye L. &#8211; Biostratigraphy and paleoenvironmental analysis of the Lower Miocene Qom Formation (Jaam area, Central Iranian Basin)<\/li>\n<li style=\"text-align: justify;\">Gandolfi A., Giraldo-G\u00f3mez V.M., Luciani V., Piazza M., Adatte T., Arena L., Bomou B., Fornaciari E., Frijia G., Kocsis L. &amp; Briguglio A. &#8211; The Middle Eocene Climatic Optimum (MECO) impact on the benthic and planktic foraminiferal resilience from a shallow-water sedimentary record<\/li>\n<li style=\"text-align: justify;\">Sharma A., Novas F.E. &amp; Singh S. &#8211; First Jurassic evidence of a possible spinosaurid pedal ungual from the Jaisalmer Basin, India<\/li>\n<\/ul>","protected":false},"excerpt":{"rendered":"<p>CONTENTS Violanti D. &#8211; Common and rare Lower Pliocene agglutinated foraminifers of Piedmont (northwestern Italy): distribution, taxonomy and paleoenvironment Werdelin<\/p>","protected":false},"featured_media":62602,"comment_status":"open","ping_status":"closed","template":"","meta":{"_acf_changed":false},"product_brand":[],"product_cat":[1274],"product_tag":[1275],"class_list":{"0":"post-62601","1":"product","2":"type-product","3":"status-publish","4":"has-post-thumbnail","6":"product_cat-rivista-italiana-di-paleontologia-e-stratigrafia","7":"product_tag-terra","8":"pa_formato-cartaceo","9":"pa_formato-ebook-in-pdf","10":"pa_lingua-inglese","12":"first","13":"instock","14":"shipping-taxable","15":"purchasable","16":"product-type-simple"},"acf":[],"yoast_head":"<!-- This site is optimized with the Yoast SEO plugin v27.4 - https:\/\/yoast.com\/product\/yoast-seo-wordpress\/ -->\n<title>Rivista Italiana di Paleontologia e Stratigrafia, vol. 129, N. 3 - November 2023 -<\/title>\n<meta name=\"description\" content=\"Ledizioni - Innovative Publishing. Casa editrice universitaria. Open Access. eBook, ePub. Creative Commons.\" \/>\n<meta name=\"robots\" content=\"index, follow, max-snippet:-1, max-image-preview:large, max-video-preview:-1\" \/>\n<link rel=\"canonical\" href=\"https:\/\/www.ledizioni.it\/en\/product\/rivista-italiana-di-paleontologia-e-stratigrafia-vol-129-n-3-november-2023\/\" \/>\n<meta property=\"og:locale\" content=\"en_GB\" \/>\n<meta property=\"og:type\" content=\"article\" \/>\n<meta property=\"og:title\" content=\"Rivista Italiana di Paleontologia e Stratigrafia, vol. 129, N. 3 - November 2023 -\" \/>\n<meta property=\"og:description\" content=\"Ledizioni - Innovative Publishing. Casa editrice universitaria. Open Access. eBook, ePub. Creative Commons.\" \/>\n<meta property=\"og:url\" content=\"https:\/\/www.ledizioni.it\/en\/product\/rivista-italiana-di-paleontologia-e-stratigrafia-vol-129-n-3-november-2023\/\" \/>\n<meta property=\"og:site_name\" content=\"Ledizioni\" \/>\n<meta property=\"article:publisher\" content=\"https:\/\/www.facebook.com\/pages\/Ledizioni-LediPublishing\/109120559173329\" \/>\n<meta property=\"article:modified_time\" content=\"2024-01-29T14:09:27+00:00\" \/>\n<meta property=\"og:image\" content=\"https:\/\/www.ledizioni.it\/stag\/wp-content\/uploads\/2024\/01\/copertina_RIPS_129-3-3D.jpg\" \/>\n\t<meta property=\"og:image:width\" content=\"1504\" \/>\n\t<meta property=\"og:image:height\" content=\"2010\" \/>\n\t<meta property=\"og:image:type\" content=\"image\/jpeg\" \/>\n<meta name=\"twitter:card\" content=\"summary_large_image\" \/>\n<meta name=\"twitter:site\" content=\"@ledizioni\" \/>\n<meta name=\"twitter:label1\" content=\"Estimated reading time\" \/>\n\t<meta name=\"twitter:data1\" content=\"2 minutes\" \/>\n<script type=\"application\/ld+json\" class=\"yoast-schema-graph\">{\"@context\":\"https:\\\/\\\/schema.org\",\"@graph\":[{\"@type\":\"WebPage\",\"@id\":\"https:\\\/\\\/www.ledizioni.it\\\/prodotto\\\/rivista-italiana-di-paleontologia-e-stratigrafia-vol-129-n-3-november-2023\\\/\",\"url\":\"https:\\\/\\\/www.ledizioni.it\\\/prodotto\\\/rivista-italiana-di-paleontologia-e-stratigrafia-vol-129-n-3-november-2023\\\/\",\"name\":\"Rivista Italiana di Paleontologia e Stratigrafia, vol. 129, N. 3 - November 2023 -\",\"isPartOf\":{\"@id\":\"https:\\\/\\\/www.ledizioni.it\\\/#website\"},\"primaryImageOfPage\":{\"@id\":\"https:\\\/\\\/www.ledizioni.it\\\/prodotto\\\/rivista-italiana-di-paleontologia-e-stratigrafia-vol-129-n-3-november-2023\\\/#primaryimage\"},\"image\":{\"@id\":\"https:\\\/\\\/www.ledizioni.it\\\/prodotto\\\/rivista-italiana-di-paleontologia-e-stratigrafia-vol-129-n-3-november-2023\\\/#primaryimage\"},\"thumbnailUrl\":\"https:\\\/\\\/www.ledizioni.it\\\/stag\\\/wp-content\\\/uploads\\\/2024\\\/01\\\/copertina_RIPS_129-3-3D.jpg\",\"datePublished\":\"2023-12-15T14:04:31+00:00\",\"dateModified\":\"2024-01-29T14:09:27+00:00\",\"description\":\"Ledizioni - Innovative Publishing. Casa editrice universitaria. Open Access. eBook, ePub. Creative Commons.\",\"breadcrumb\":{\"@id\":\"https:\\\/\\\/www.ledizioni.it\\\/prodotto\\\/rivista-italiana-di-paleontologia-e-stratigrafia-vol-129-n-3-november-2023\\\/#breadcrumb\"},\"inLanguage\":\"en-GB\",\"potentialAction\":[{\"@type\":\"ReadAction\",\"target\":[\"https:\\\/\\\/www.ledizioni.it\\\/prodotto\\\/rivista-italiana-di-paleontologia-e-stratigrafia-vol-129-n-3-november-2023\\\/\"]}]},{\"@type\":\"ImageObject\",\"inLanguage\":\"en-GB\",\"@id\":\"https:\\\/\\\/www.ledizioni.it\\\/prodotto\\\/rivista-italiana-di-paleontologia-e-stratigrafia-vol-129-n-3-november-2023\\\/#primaryimage\",\"url\":\"https:\\\/\\\/www.ledizioni.it\\\/stag\\\/wp-content\\\/uploads\\\/2024\\\/01\\\/copertina_RIPS_129-3-3D.jpg\",\"contentUrl\":\"https:\\\/\\\/www.ledizioni.it\\\/stag\\\/wp-content\\\/uploads\\\/2024\\\/01\\\/copertina_RIPS_129-3-3D.jpg\",\"width\":1504,\"height\":2010},{\"@type\":\"BreadcrumbList\",\"@id\":\"https:\\\/\\\/www.ledizioni.it\\\/prodotto\\\/rivista-italiana-di-paleontologia-e-stratigrafia-vol-129-n-3-november-2023\\\/#breadcrumb\",\"itemListElement\":[{\"@type\":\"ListItem\",\"position\":1,\"name\":\"Shop\",\"item\":\"https:\\\/\\\/www.ledizioni.it\\\/shop-2\\\/\"},{\"@type\":\"ListItem\",\"position\":2,\"name\":\"Rivista Italiana di Paleontologia e Stratigrafia, vol. 129, N. 3 &#8211; November 2023\"}]},{\"@type\":\"WebSite\",\"@id\":\"https:\\\/\\\/www.ledizioni.it\\\/#website\",\"url\":\"https:\\\/\\\/www.ledizioni.it\\\/\",\"name\":\"Ledizioni\",\"description\":\"The Innovative LediPublishing Company - Casa Editrice Universitaria\",\"publisher\":{\"@id\":\"https:\\\/\\\/www.ledizioni.it\\\/#organization\"},\"potentialAction\":[{\"@type\":\"SearchAction\",\"target\":{\"@type\":\"EntryPoint\",\"urlTemplate\":\"https:\\\/\\\/www.ledizioni.it\\\/?s={search_term_string}\"},\"query-input\":{\"@type\":\"PropertyValueSpecification\",\"valueRequired\":true,\"valueName\":\"search_term_string\"}}],\"inLanguage\":\"en-GB\"},{\"@type\":\"Organization\",\"@id\":\"https:\\\/\\\/www.ledizioni.it\\\/#organization\",\"name\":\"Ledizioni\",\"url\":\"https:\\\/\\\/www.ledizioni.it\\\/\",\"logo\":{\"@type\":\"ImageObject\",\"inLanguage\":\"en-GB\",\"@id\":\"https:\\\/\\\/www.ledizioni.it\\\/#\\\/schema\\\/logo\\\/image\\\/\",\"url\":\"https:\\\/\\\/www.ledizioni.it\\\/stag\\\/wp-content\\\/uploads\\\/2023\\\/10\\\/newlogoledizioni500x110_2-1.jpg\",\"contentUrl\":\"https:\\\/\\\/www.ledizioni.it\\\/stag\\\/wp-content\\\/uploads\\\/2023\\\/10\\\/newlogoledizioni500x110_2-1.jpg\",\"width\":354,\"height\":87,\"caption\":\"Ledizioni\"},\"image\":{\"@id\":\"https:\\\/\\\/www.ledizioni.it\\\/#\\\/schema\\\/logo\\\/image\\\/\"},\"sameAs\":[\"https:\\\/\\\/www.facebook.com\\\/pages\\\/Ledizioni-LediPublishing\\\/109120559173329\",\"https:\\\/\\\/x.com\\\/ledizioni\"]}]}<\/script>\n<!-- \/ Yoast SEO plugin. -->","yoast_head_json":{"title":"Rivista Italiana di Paleontologia e Stratigrafia, vol. 129, N. 3 - November 2023 -","description":"Ledizioni - Innovative Publishing. Casa editrice universitaria. Open Access. eBook, ePub. Creative Commons.","robots":{"index":"index","follow":"follow","max-snippet":"max-snippet:-1","max-image-preview":"max-image-preview:large","max-video-preview":"max-video-preview:-1"},"canonical":"https:\/\/www.ledizioni.it\/en\/product\/rivista-italiana-di-paleontologia-e-stratigrafia-vol-129-n-3-november-2023\/","og_locale":"en_GB","og_type":"article","og_title":"Rivista Italiana di Paleontologia e Stratigrafia, vol. 129, N. 3 - November 2023 -","og_description":"Ledizioni - Innovative Publishing. Casa editrice universitaria. Open Access. eBook, ePub. Creative Commons.","og_url":"https:\/\/www.ledizioni.it\/en\/product\/rivista-italiana-di-paleontologia-e-stratigrafia-vol-129-n-3-november-2023\/","og_site_name":"Ledizioni","article_publisher":"https:\/\/www.facebook.com\/pages\/Ledizioni-LediPublishing\/109120559173329","article_modified_time":"2024-01-29T14:09:27+00:00","og_image":[{"width":1504,"height":2010,"url":"https:\/\/www.ledizioni.it\/stag\/wp-content\/uploads\/2024\/01\/copertina_RIPS_129-3-3D.jpg","type":"image\/jpeg"}],"twitter_card":"summary_large_image","twitter_site":"@ledizioni","twitter_misc":{"Estimated reading time":"2 minutes"},"schema":{"@context":"https:\/\/schema.org","@graph":[{"@type":"WebPage","@id":"https:\/\/www.ledizioni.it\/prodotto\/rivista-italiana-di-paleontologia-e-stratigrafia-vol-129-n-3-november-2023\/","url":"https:\/\/www.ledizioni.it\/prodotto\/rivista-italiana-di-paleontologia-e-stratigrafia-vol-129-n-3-november-2023\/","name":"Rivista Italiana di Paleontologia e Stratigrafia, vol. 129, N. 3 - November 2023 -","isPartOf":{"@id":"https:\/\/www.ledizioni.it\/#website"},"primaryImageOfPage":{"@id":"https:\/\/www.ledizioni.it\/prodotto\/rivista-italiana-di-paleontologia-e-stratigrafia-vol-129-n-3-november-2023\/#primaryimage"},"image":{"@id":"https:\/\/www.ledizioni.it\/prodotto\/rivista-italiana-di-paleontologia-e-stratigrafia-vol-129-n-3-november-2023\/#primaryimage"},"thumbnailUrl":"https:\/\/www.ledizioni.it\/stag\/wp-content\/uploads\/2024\/01\/copertina_RIPS_129-3-3D.jpg","datePublished":"2023-12-15T14:04:31+00:00","dateModified":"2024-01-29T14:09:27+00:00","description":"Ledizioni - Innovative Publishing. Casa editrice universitaria. Open Access. eBook, ePub. Creative Commons.","breadcrumb":{"@id":"https:\/\/www.ledizioni.it\/prodotto\/rivista-italiana-di-paleontologia-e-stratigrafia-vol-129-n-3-november-2023\/#breadcrumb"},"inLanguage":"en-GB","potentialAction":[{"@type":"ReadAction","target":["https:\/\/www.ledizioni.it\/prodotto\/rivista-italiana-di-paleontologia-e-stratigrafia-vol-129-n-3-november-2023\/"]}]},{"@type":"ImageObject","inLanguage":"en-GB","@id":"https:\/\/www.ledizioni.it\/prodotto\/rivista-italiana-di-paleontologia-e-stratigrafia-vol-129-n-3-november-2023\/#primaryimage","url":"https:\/\/www.ledizioni.it\/stag\/wp-content\/uploads\/2024\/01\/copertina_RIPS_129-3-3D.jpg","contentUrl":"https:\/\/www.ledizioni.it\/stag\/wp-content\/uploads\/2024\/01\/copertina_RIPS_129-3-3D.jpg","width":1504,"height":2010},{"@type":"BreadcrumbList","@id":"https:\/\/www.ledizioni.it\/prodotto\/rivista-italiana-di-paleontologia-e-stratigrafia-vol-129-n-3-november-2023\/#breadcrumb","itemListElement":[{"@type":"ListItem","position":1,"name":"Shop","item":"https:\/\/www.ledizioni.it\/shop-2\/"},{"@type":"ListItem","position":2,"name":"Rivista Italiana di Paleontologia e Stratigrafia, vol. 129, N. 3 &#8211; November 2023"}]},{"@type":"WebSite","@id":"https:\/\/www.ledizioni.it\/#website","url":"https:\/\/www.ledizioni.it\/","name":"Ledizioni","description":"The Innovative LediPublishing Company - Casa Editrice Universitaria","publisher":{"@id":"https:\/\/www.ledizioni.it\/#organization"},"potentialAction":[{"@type":"SearchAction","target":{"@type":"EntryPoint","urlTemplate":"https:\/\/www.ledizioni.it\/?s={search_term_string}"},"query-input":{"@type":"PropertyValueSpecification","valueRequired":true,"valueName":"search_term_string"}}],"inLanguage":"en-GB"},{"@type":"Organization","@id":"https:\/\/www.ledizioni.it\/#organization","name":"Ledizioni","url":"https:\/\/www.ledizioni.it\/","logo":{"@type":"ImageObject","inLanguage":"en-GB","@id":"https:\/\/www.ledizioni.it\/#\/schema\/logo\/image\/","url":"https:\/\/www.ledizioni.it\/stag\/wp-content\/uploads\/2023\/10\/newlogoledizioni500x110_2-1.jpg","contentUrl":"https:\/\/www.ledizioni.it\/stag\/wp-content\/uploads\/2023\/10\/newlogoledizioni500x110_2-1.jpg","width":354,"height":87,"caption":"Ledizioni"},"image":{"@id":"https:\/\/www.ledizioni.it\/#\/schema\/logo\/image\/"},"sameAs":["https:\/\/www.facebook.com\/pages\/Ledizioni-LediPublishing\/109120559173329","https:\/\/x.com\/ledizioni"]}]}},"jetpack_sharing_enabled":true,"_links":{"self":[{"href":"https:\/\/www.ledizioni.it\/en\/wp-json\/wp\/v2\/product\/62601","targetHints":{"allow":["GET"]}}],"collection":[{"href":"https:\/\/www.ledizioni.it\/en\/wp-json\/wp\/v2\/product"}],"about":[{"href":"https:\/\/www.ledizioni.it\/en\/wp-json\/wp\/v2\/types\/product"}],"replies":[{"embeddable":true,"href":"https:\/\/www.ledizioni.it\/en\/wp-json\/wp\/v2\/comments?post=62601"}],"version-history":[{"count":1,"href":"https:\/\/www.ledizioni.it\/en\/wp-json\/wp\/v2\/product\/62601\/revisions"}],"predecessor-version":[{"id":62603,"href":"https:\/\/www.ledizioni.it\/en\/wp-json\/wp\/v2\/product\/62601\/revisions\/62603"}],"wp:featuredmedia":[{"embeddable":true,"href":"https:\/\/www.ledizioni.it\/en\/wp-json\/wp\/v2\/media\/62602"}],"wp:attachment":[{"href":"https:\/\/www.ledizioni.it\/en\/wp-json\/wp\/v2\/media?parent=62601"}],"wp:term":[{"taxonomy":"product_brand","embeddable":true,"href":"https:\/\/www.ledizioni.it\/en\/wp-json\/wp\/v2\/product_brand?post=62601"},{"taxonomy":"product_cat","embeddable":true,"href":"https:\/\/www.ledizioni.it\/en\/wp-json\/wp\/v2\/product_cat?post=62601"},{"taxonomy":"product_tag","embeddable":true,"href":"https:\/\/www.ledizioni.it\/en\/wp-json\/wp\/v2\/product_tag?post=62601"}],"curies":[{"name":"wp","href":"https:\/\/api.w.org\/{rel}","templated":true}]}}