{"id":63051,"date":"2024-01-05T15:40:21","date_gmt":"2024-01-05T13:40:21","guid":{"rendered":"https:\/\/www.ledizioni.it\/?post_type=product&#038;p=63051"},"modified":"2024-02-20T15:55:11","modified_gmt":"2024-02-20T13:55:11","slug":"cuadernos-aispi-n-22-2023-estudios-del-discurso-de-traduccion-asistidos","status":"publish","type":"product","link":"https:\/\/www.ledizioni.it\/en\/product\/cuadernos-aispi-n-22-2023-estudios-del-discurso-de-traduccion-asistidos\/","title":{"rendered":"Cuadernos AISPI  n. 22\/2023, ESTUDIOS DEL DISCURSO Y DE TRADUCCI\u00d3N ASISTIDOS POR CORPUS"},"content":{"rendered":"<h3><strong>Cuadernos AISPI: Revista semestral de la Associazione Ispanisti Italiani<br \/>\n<\/strong><\/h3>\n<h3 style=\"text-align: justify;\"><strong>22\/2023. Estudios del discurso y de traducci\u00f3n asistidos por corpus: exploraciones desde la ling\u00fc\u00edstica hisp\u00e1nica<br \/>\n<\/strong><\/h3>\n<p style=\"text-align: justify;\"><strong><br \/>\nEditores<\/strong><br \/>\nSara Piccioni<br \/>\nJorge Leiva Rojo<\/p>\n<p style=\"text-align: justify;\">SECCI\u00d3N MONOGR\u00c1FICA<\/p>\n<ul>\n<li style=\"text-align: justify;\">Ignacio Arroyo Hern\u00e1ndez, <em>Violencia contra los hijos y representaci\u00f3n discursiva del agresor: estereotipos de g\u00e9nero en la prensa espa\u00f1ola<\/em><\/li>\n<li style=\"text-align: justify;\">Sara Bani, <em>La representaci\u00f3n de las personas con discapacidad en los medios de comunicaci\u00f3n: un estudio de caso<\/em><\/li>\n<li style=\"text-align: justify;\">Luis Guerra Salas, Mar\u00eda Elena G\u00f3mez S\u00e1nchez, <em>El tratamiento de los movimientos migratorios en la prensa de los pa\u00edses hispanohablantes en 2021<\/em><\/li>\n<li style=\"text-align: justify;\">Ana Pano Alam\u00e1n, <em>Encuadres discursivos sobre el cambio clim\u00e1tico en la comunicaci\u00f3n pol\u00edtica espa\u00f1ola en Twitter<\/em><\/li>\n<li style=\"text-align: justify;\">Giovanna Mapelli, <em>La recomendaci\u00f3n en los blogs de pediatras espa\u00f1oles<\/em><\/li>\n<li style=\"text-align: justify;\">Giorgia Esposito, <em>Estrategias discursivas y solidaridad entre marcadores: confirmar la contraargumentaci\u00f3n<\/em><\/li>\n<li style=\"text-align: justify;\">Virginia Mattioli, <em>La explicitaci\u00f3n, universal de mediaci\u00f3n: comparando traducci\u00f3n y literatura de viajes<\/em><\/li>\n<\/ul>\n<p style=\"text-align: justify;\">SECCI\u00d3N GENERAL<\/p>\n<ul>\n<li style=\"text-align: justify;\">Ovidia Mart\u00ednez S\u00e1nchez, Mar\u00eda Isabel Santamar\u00eda P\u00e9rez, <em>Dise\u00f1o y compilaci\u00f3n de un corpus en el \u00e1mbito m\u00e9dico de la reproducci\u00f3n asistida para el proyecto NEOTERMED<\/em><\/li>\n<li style=\"text-align: justify;\">Francisca Suau Jim\u00e9nez, <em>Francisco Miguel Ivorra P\u00e9rez, Dialogicidad intencionada y co-creaci\u00f3n de la persuasi\u00f3n en Instagram<\/em><\/li>\n<li style=\"text-align: justify;\">Gloria Bazzocchi, <em>\u201cEse espacio, sagrado para m\u00ed\u201d: las columnas de Almudena Grandes<\/em><\/li>\n<\/ul>\n<p style=\"text-align: justify;\">RESE\u00d1AS<\/p>\n<h3><strong>DATI BIBLIOGRAFICI<\/strong><\/h3>\n<p>Curatori: Sara Piccioni, Jorge Leiva Rojo<br \/>\nEditore: Ledizioni<br \/>\nCollana: <a href=\"https:\/\/www.ledizioni.it\/en\/product-category\/riviste\/cuadernos-aispi\/\">Cuadernos AISPI<\/a><br \/>\nFormato: Brossura<br \/>\nPubblicato in: dicembre 2023<br \/>\nISSN cartaceo: 2283981X<br \/>\nPrezzo cartaceo: 25.00 \u20ac<\/p>","protected":false},"excerpt":{"rendered":"<p>Cuadernos AISPI: Revista semestral de la Associazione Ispanisti Italiani 22\/2023. Estudios del discurso y de traducci\u00f3n asistidos por corpus: exploraciones<\/p>","protected":false},"featured_media":63053,"comment_status":"open","ping_status":"closed","template":"","meta":{"_acf_changed":false},"product_brand":[],"product_cat":[767],"product_tag":[768,1499],"class_list":{"0":"post-63051","1":"product","2":"type-product","3":"status-publish","4":"has-post-thumbnail","6":"product_cat-cuadernos-aispi","7":"product_tag-ispanisti","8":"product_tag-spagnolo","9":"pa_formato-cartaceo","10":"pa_lingua-spagnolo","12":"first","13":"instock","14":"shipping-taxable","15":"purchasable","16":"product-type-simple"},"acf":[],"yoast_head":"<!-- This site is optimized with the Yoast SEO plugin v27.4 - https:\/\/yoast.com\/product\/yoast-seo-wordpress\/ -->\n<title>Cuadernos AISPI n. 22\/2023, ESTUDIOS DEL DISCURSO Y DE TRADUCCI\u00d3N ASISTIDOS POR CORPUS -<\/title>\n<meta name=\"description\" content=\"Ledizioni - Innovative Publishing. Casa editrice universitaria. Open Access. eBook, ePub. Creative Commons.\" \/>\n<meta name=\"robots\" content=\"index, follow, max-snippet:-1, max-image-preview:large, max-video-preview:-1\" \/>\n<link rel=\"canonical\" href=\"https:\/\/www.ledizioni.it\/en\/product\/cuadernos-aispi-n-22-2023-estudios-del-discurso-de-traduccion-asistidos\/\" \/>\n<meta property=\"og:locale\" content=\"en_GB\" \/>\n<meta property=\"og:type\" content=\"article\" \/>\n<meta property=\"og:title\" content=\"Cuadernos AISPI n. 22\/2023, ESTUDIOS DEL DISCURSO Y DE TRADUCCI\u00d3N ASISTIDOS POR CORPUS -\" \/>\n<meta property=\"og:description\" content=\"Ledizioni - Innovative Publishing. Casa editrice universitaria. Open Access. eBook, ePub. Creative Commons.\" \/>\n<meta property=\"og:url\" content=\"https:\/\/www.ledizioni.it\/en\/product\/cuadernos-aispi-n-22-2023-estudios-del-discurso-de-traduccion-asistidos\/\" \/>\n<meta property=\"og:site_name\" content=\"Ledizioni\" \/>\n<meta property=\"article:publisher\" content=\"https:\/\/www.facebook.com\/pages\/Ledizioni-LediPublishing\/109120559173329\" \/>\n<meta property=\"article:modified_time\" content=\"2024-02-20T13:55:11+00:00\" \/>\n<meta property=\"og:image\" content=\"https:\/\/www.ledizioni.it\/stag\/wp-content\/uploads\/2024\/02\/CUADERNOS-COVER-22-2023-3D.jpg\" \/>\n\t<meta property=\"og:image:width\" content=\"1516\" \/>\n\t<meta property=\"og:image:height\" content=\"1980\" \/>\n\t<meta property=\"og:image:type\" content=\"image\/jpeg\" \/>\n<meta name=\"twitter:card\" content=\"summary_large_image\" \/>\n<meta name=\"twitter:site\" content=\"@ledizioni\" \/>\n<meta name=\"twitter:label1\" content=\"Estimated reading time\" \/>\n\t<meta name=\"twitter:data1\" content=\"2 minutes\" \/>\n<script type=\"application\/ld+json\" class=\"yoast-schema-graph\">{\"@context\":\"https:\\\/\\\/schema.org\",\"@graph\":[{\"@type\":\"WebPage\",\"@id\":\"https:\\\/\\\/www.ledizioni.it\\\/prodotto\\\/cuadernos-aispi-n-22-2023-estudios-del-discurso-de-traduccion-asistidos\\\/\",\"url\":\"https:\\\/\\\/www.ledizioni.it\\\/prodotto\\\/cuadernos-aispi-n-22-2023-estudios-del-discurso-de-traduccion-asistidos\\\/\",\"name\":\"Cuadernos AISPI n. 22\\\/2023, ESTUDIOS DEL DISCURSO Y DE TRADUCCI\u00d3N ASISTIDOS POR CORPUS -\",\"isPartOf\":{\"@id\":\"https:\\\/\\\/www.ledizioni.it\\\/#website\"},\"primaryImageOfPage\":{\"@id\":\"https:\\\/\\\/www.ledizioni.it\\\/prodotto\\\/cuadernos-aispi-n-22-2023-estudios-del-discurso-de-traduccion-asistidos\\\/#primaryimage\"},\"image\":{\"@id\":\"https:\\\/\\\/www.ledizioni.it\\\/prodotto\\\/cuadernos-aispi-n-22-2023-estudios-del-discurso-de-traduccion-asistidos\\\/#primaryimage\"},\"thumbnailUrl\":\"https:\\\/\\\/www.ledizioni.it\\\/stag\\\/wp-content\\\/uploads\\\/2024\\\/02\\\/CUADERNOS-COVER-22-2023-3D.jpg\",\"datePublished\":\"2024-01-05T13:40:21+00:00\",\"dateModified\":\"2024-02-20T13:55:11+00:00\",\"description\":\"Ledizioni - Innovative Publishing. Casa editrice universitaria. Open Access. eBook, ePub. Creative Commons.\",\"breadcrumb\":{\"@id\":\"https:\\\/\\\/www.ledizioni.it\\\/prodotto\\\/cuadernos-aispi-n-22-2023-estudios-del-discurso-de-traduccion-asistidos\\\/#breadcrumb\"},\"inLanguage\":\"en-GB\",\"potentialAction\":[{\"@type\":\"ReadAction\",\"target\":[\"https:\\\/\\\/www.ledizioni.it\\\/prodotto\\\/cuadernos-aispi-n-22-2023-estudios-del-discurso-de-traduccion-asistidos\\\/\"]}]},{\"@type\":\"ImageObject\",\"inLanguage\":\"en-GB\",\"@id\":\"https:\\\/\\\/www.ledizioni.it\\\/prodotto\\\/cuadernos-aispi-n-22-2023-estudios-del-discurso-de-traduccion-asistidos\\\/#primaryimage\",\"url\":\"https:\\\/\\\/www.ledizioni.it\\\/stag\\\/wp-content\\\/uploads\\\/2024\\\/02\\\/CUADERNOS-COVER-22-2023-3D.jpg\",\"contentUrl\":\"https:\\\/\\\/www.ledizioni.it\\\/stag\\\/wp-content\\\/uploads\\\/2024\\\/02\\\/CUADERNOS-COVER-22-2023-3D.jpg\",\"width\":1516,\"height\":1980},{\"@type\":\"BreadcrumbList\",\"@id\":\"https:\\\/\\\/www.ledizioni.it\\\/prodotto\\\/cuadernos-aispi-n-22-2023-estudios-del-discurso-de-traduccion-asistidos\\\/#breadcrumb\",\"itemListElement\":[{\"@type\":\"ListItem\",\"position\":1,\"name\":\"Shop\",\"item\":\"https:\\\/\\\/www.ledizioni.it\\\/shop-2\\\/\"},{\"@type\":\"ListItem\",\"position\":2,\"name\":\"Cuadernos AISPI n. 22\\\/2023, ESTUDIOS DEL DISCURSO Y DE TRADUCCI\u00d3N ASISTIDOS POR CORPUS\"}]},{\"@type\":\"WebSite\",\"@id\":\"https:\\\/\\\/www.ledizioni.it\\\/#website\",\"url\":\"https:\\\/\\\/www.ledizioni.it\\\/\",\"name\":\"Ledizioni\",\"description\":\"The Innovative LediPublishing Company - Casa Editrice Universitaria\",\"publisher\":{\"@id\":\"https:\\\/\\\/www.ledizioni.it\\\/#organization\"},\"potentialAction\":[{\"@type\":\"SearchAction\",\"target\":{\"@type\":\"EntryPoint\",\"urlTemplate\":\"https:\\\/\\\/www.ledizioni.it\\\/?s={search_term_string}\"},\"query-input\":{\"@type\":\"PropertyValueSpecification\",\"valueRequired\":true,\"valueName\":\"search_term_string\"}}],\"inLanguage\":\"en-GB\"},{\"@type\":\"Organization\",\"@id\":\"https:\\\/\\\/www.ledizioni.it\\\/#organization\",\"name\":\"Ledizioni\",\"url\":\"https:\\\/\\\/www.ledizioni.it\\\/\",\"logo\":{\"@type\":\"ImageObject\",\"inLanguage\":\"en-GB\",\"@id\":\"https:\\\/\\\/www.ledizioni.it\\\/#\\\/schema\\\/logo\\\/image\\\/\",\"url\":\"https:\\\/\\\/www.ledizioni.it\\\/stag\\\/wp-content\\\/uploads\\\/2023\\\/10\\\/newlogoledizioni500x110_2-1.jpg\",\"contentUrl\":\"https:\\\/\\\/www.ledizioni.it\\\/stag\\\/wp-content\\\/uploads\\\/2023\\\/10\\\/newlogoledizioni500x110_2-1.jpg\",\"width\":354,\"height\":87,\"caption\":\"Ledizioni\"},\"image\":{\"@id\":\"https:\\\/\\\/www.ledizioni.it\\\/#\\\/schema\\\/logo\\\/image\\\/\"},\"sameAs\":[\"https:\\\/\\\/www.facebook.com\\\/pages\\\/Ledizioni-LediPublishing\\\/109120559173329\",\"https:\\\/\\\/x.com\\\/ledizioni\"]}]}<\/script>\n<!-- \/ Yoast SEO plugin. -->","yoast_head_json":{"title":"Cuadernos AISPI n. 22\/2023, ESTUDIOS DEL DISCURSO Y DE TRADUCCI\u00d3N ASISTIDOS POR CORPUS -","description":"Ledizioni - Innovative Publishing. Casa editrice universitaria. Open Access. eBook, ePub. Creative Commons.","robots":{"index":"index","follow":"follow","max-snippet":"max-snippet:-1","max-image-preview":"max-image-preview:large","max-video-preview":"max-video-preview:-1"},"canonical":"https:\/\/www.ledizioni.it\/en\/product\/cuadernos-aispi-n-22-2023-estudios-del-discurso-de-traduccion-asistidos\/","og_locale":"en_GB","og_type":"article","og_title":"Cuadernos AISPI n. 22\/2023, ESTUDIOS DEL DISCURSO Y DE TRADUCCI\u00d3N ASISTIDOS POR CORPUS -","og_description":"Ledizioni - Innovative Publishing. Casa editrice universitaria. Open Access. eBook, ePub. Creative Commons.","og_url":"https:\/\/www.ledizioni.it\/en\/product\/cuadernos-aispi-n-22-2023-estudios-del-discurso-de-traduccion-asistidos\/","og_site_name":"Ledizioni","article_publisher":"https:\/\/www.facebook.com\/pages\/Ledizioni-LediPublishing\/109120559173329","article_modified_time":"2024-02-20T13:55:11+00:00","og_image":[{"width":1516,"height":1980,"url":"https:\/\/www.ledizioni.it\/stag\/wp-content\/uploads\/2024\/02\/CUADERNOS-COVER-22-2023-3D.jpg","type":"image\/jpeg"}],"twitter_card":"summary_large_image","twitter_site":"@ledizioni","twitter_misc":{"Estimated reading time":"2 minutes"},"schema":{"@context":"https:\/\/schema.org","@graph":[{"@type":"WebPage","@id":"https:\/\/www.ledizioni.it\/prodotto\/cuadernos-aispi-n-22-2023-estudios-del-discurso-de-traduccion-asistidos\/","url":"https:\/\/www.ledizioni.it\/prodotto\/cuadernos-aispi-n-22-2023-estudios-del-discurso-de-traduccion-asistidos\/","name":"Cuadernos AISPI n. 22\/2023, ESTUDIOS DEL DISCURSO Y DE TRADUCCI\u00d3N ASISTIDOS POR CORPUS -","isPartOf":{"@id":"https:\/\/www.ledizioni.it\/#website"},"primaryImageOfPage":{"@id":"https:\/\/www.ledizioni.it\/prodotto\/cuadernos-aispi-n-22-2023-estudios-del-discurso-de-traduccion-asistidos\/#primaryimage"},"image":{"@id":"https:\/\/www.ledizioni.it\/prodotto\/cuadernos-aispi-n-22-2023-estudios-del-discurso-de-traduccion-asistidos\/#primaryimage"},"thumbnailUrl":"https:\/\/www.ledizioni.it\/stag\/wp-content\/uploads\/2024\/02\/CUADERNOS-COVER-22-2023-3D.jpg","datePublished":"2024-01-05T13:40:21+00:00","dateModified":"2024-02-20T13:55:11+00:00","description":"Ledizioni - Innovative Publishing. Casa editrice universitaria. Open Access. eBook, ePub. Creative Commons.","breadcrumb":{"@id":"https:\/\/www.ledizioni.it\/prodotto\/cuadernos-aispi-n-22-2023-estudios-del-discurso-de-traduccion-asistidos\/#breadcrumb"},"inLanguage":"en-GB","potentialAction":[{"@type":"ReadAction","target":["https:\/\/www.ledizioni.it\/prodotto\/cuadernos-aispi-n-22-2023-estudios-del-discurso-de-traduccion-asistidos\/"]}]},{"@type":"ImageObject","inLanguage":"en-GB","@id":"https:\/\/www.ledizioni.it\/prodotto\/cuadernos-aispi-n-22-2023-estudios-del-discurso-de-traduccion-asistidos\/#primaryimage","url":"https:\/\/www.ledizioni.it\/stag\/wp-content\/uploads\/2024\/02\/CUADERNOS-COVER-22-2023-3D.jpg","contentUrl":"https:\/\/www.ledizioni.it\/stag\/wp-content\/uploads\/2024\/02\/CUADERNOS-COVER-22-2023-3D.jpg","width":1516,"height":1980},{"@type":"BreadcrumbList","@id":"https:\/\/www.ledizioni.it\/prodotto\/cuadernos-aispi-n-22-2023-estudios-del-discurso-de-traduccion-asistidos\/#breadcrumb","itemListElement":[{"@type":"ListItem","position":1,"name":"Shop","item":"https:\/\/www.ledizioni.it\/shop-2\/"},{"@type":"ListItem","position":2,"name":"Cuadernos AISPI n. 22\/2023, ESTUDIOS DEL DISCURSO Y DE TRADUCCI\u00d3N ASISTIDOS POR CORPUS"}]},{"@type":"WebSite","@id":"https:\/\/www.ledizioni.it\/#website","url":"https:\/\/www.ledizioni.it\/","name":"Ledizioni","description":"The Innovative LediPublishing Company - Casa Editrice Universitaria","publisher":{"@id":"https:\/\/www.ledizioni.it\/#organization"},"potentialAction":[{"@type":"SearchAction","target":{"@type":"EntryPoint","urlTemplate":"https:\/\/www.ledizioni.it\/?s={search_term_string}"},"query-input":{"@type":"PropertyValueSpecification","valueRequired":true,"valueName":"search_term_string"}}],"inLanguage":"en-GB"},{"@type":"Organization","@id":"https:\/\/www.ledizioni.it\/#organization","name":"Ledizioni","url":"https:\/\/www.ledizioni.it\/","logo":{"@type":"ImageObject","inLanguage":"en-GB","@id":"https:\/\/www.ledizioni.it\/#\/schema\/logo\/image\/","url":"https:\/\/www.ledizioni.it\/stag\/wp-content\/uploads\/2023\/10\/newlogoledizioni500x110_2-1.jpg","contentUrl":"https:\/\/www.ledizioni.it\/stag\/wp-content\/uploads\/2023\/10\/newlogoledizioni500x110_2-1.jpg","width":354,"height":87,"caption":"Ledizioni"},"image":{"@id":"https:\/\/www.ledizioni.it\/#\/schema\/logo\/image\/"},"sameAs":["https:\/\/www.facebook.com\/pages\/Ledizioni-LediPublishing\/109120559173329","https:\/\/x.com\/ledizioni"]}]}},"jetpack_sharing_enabled":true,"_links":{"self":[{"href":"https:\/\/www.ledizioni.it\/en\/wp-json\/wp\/v2\/product\/63051","targetHints":{"allow":["GET"]}}],"collection":[{"href":"https:\/\/www.ledizioni.it\/en\/wp-json\/wp\/v2\/product"}],"about":[{"href":"https:\/\/www.ledizioni.it\/en\/wp-json\/wp\/v2\/types\/product"}],"replies":[{"embeddable":true,"href":"https:\/\/www.ledizioni.it\/en\/wp-json\/wp\/v2\/comments?post=63051"}],"version-history":[{"count":2,"href":"https:\/\/www.ledizioni.it\/en\/wp-json\/wp\/v2\/product\/63051\/revisions"}],"predecessor-version":[{"id":72609,"href":"https:\/\/www.ledizioni.it\/en\/wp-json\/wp\/v2\/product\/63051\/revisions\/72609"}],"wp:featuredmedia":[{"embeddable":true,"href":"https:\/\/www.ledizioni.it\/en\/wp-json\/wp\/v2\/media\/63053"}],"wp:attachment":[{"href":"https:\/\/www.ledizioni.it\/en\/wp-json\/wp\/v2\/media?parent=63051"}],"wp:term":[{"taxonomy":"product_brand","embeddable":true,"href":"https:\/\/www.ledizioni.it\/en\/wp-json\/wp\/v2\/product_brand?post=63051"},{"taxonomy":"product_cat","embeddable":true,"href":"https:\/\/www.ledizioni.it\/en\/wp-json\/wp\/v2\/product_cat?post=63051"},{"taxonomy":"product_tag","embeddable":true,"href":"https:\/\/www.ledizioni.it\/en\/wp-json\/wp\/v2\/product_tag?post=63051"}],"curies":[{"name":"wp","href":"https:\/\/api.w.org\/{rel}","templated":true}]}}