{"id":63253,"date":"2024-02-28T11:41:47","date_gmt":"2024-02-28T09:41:47","guid":{"rendered":"https:\/\/www.ledizioni.it\/?post_type=product&#038;p=63253"},"modified":"2024-02-28T11:46:26","modified_gmt":"2024-02-28T09:46:26","slug":"tintas-iii-serie-n-12-2023","status":"publish","type":"product","link":"https:\/\/www.ledizioni.it\/en\/product\/tintas-iii-serie-n-12-2023\/","title":{"rendered":"TINTAS &#8211; III serie, n. 12, 2023"},"content":{"rendered":"<p>MONOGRAFICO<\/p>\n<ul>\n<li style=\"text-align: justify;\">Giuliana Calabrese, Simone Cattaneo, Mundo(s) en (poli)crisis: perspectivas hisp\u00e1nicas<\/li>\n<li style=\"text-align: justify;\">Claudio Castro Filho, El discurso bajo sospecha en la dramaturgia espa\u00f1ola contempor\u00e1nea: una mirada de Sanchis Sinisterra a Mar\u00eda Velasco<\/li>\n<li style=\"text-align: justify;\">Stefano Pradel, Arquitectura del desenga\u00f1o: fragmentaci\u00f3n del sujeto en Espejo de gran niebla de Guillermo Carnero<\/li>\n<li style=\"text-align: justify;\">Ana Sagi-Vela Gonz\u00e1lez, Los acentos de la crisis en las voces de la migraci\u00f3n<\/li>\n<li style=\"text-align: justify;\">smina Romero Morales, Crisis y resistencia en la novela Ceniza en la boca (2022) de Brenda Navarro<\/li>\n<li style=\"text-align: justify;\">Fernanda Pavi\u00e9 Santana, El espacio urbano de Valpore y su policrisis<\/li>\n<li style=\"text-align: justify;\">Simone Cattaneo, Cr\u00f3nicas \u00edntimas desde la(s) crisis: Tiza roja de Isaac Rosa<\/li>\n<li style=\"text-align: justify;\">David Garc\u00eda Ponce, Ilusiones hipotecadas: la ciudad y el problema de la vivienda en la obra literaria de Lara Moreno<\/li>\n<li style=\"text-align: justify;\">Katiuscia Darici, La maternidad como crisis personal en la nueva narrativa autobiogr\u00e1fica de la procreaci\u00f3n en Espa\u00f1a (2017-2023)<\/li>\n<li style=\"text-align: justify;\">Giuliana Calabrese, Kr\u00ednein, entre la vida y la muerte. Alternativas discursivas en el relato sobre violencia de g\u00e9nero<\/li>\n<\/ul>\n<p>ARTICOLI<\/p>\n<ul>\n<li>Matteo Pupillo, \u00abLas mil caras de la bella malmaridada\u00bb nos autores do teatro portugu\u00eas do s\u00e9culo XVI<\/li>\n<\/ul>\n<p>TRASBORDI<\/p>\n<ul>\n<li>Pastor de Moya, Sei poesie (trad. di Danilo Manera)<\/li>\n<li>Homero Pumarol, Otto poesie (trad. di Danilo Manera)<\/li>\n<li>Laura Rodr\u00edguez D\u00edaz, Sette poesie (trad. di Giuliana Calabrese)<\/li>\n<li>Xelo Candel Vila, Cinque poesie (trad. di Andrea Alberti, Claudio Martelli, Anna Maria Iovino, Sara Sansavini e Irene Ghilardi)<\/li>\n<li>Irasema Cruz Bola\u00f1os, Dieci poesie (trad. di Danilo Manera)<\/li>\n<li>Omar P\u00e9rez, Sette poesie (trad. di Danilo Manera)<\/li>\n<\/ul>\n<p>NOTE<\/p>\n<ul>\n<li style=\"text-align: justify;\">Javier Barreiro, Los memorialistas de la bohemia (1903-1924)<\/li>\n<li style=\"text-align: justify;\">Yordan Arroyo Carvajal, Din\u00e1micas literarias y po\u00e9ticas centroamericanas del siglo XXI<\/li>\n<li style=\"text-align: justify;\">Rosa Mar\u00eda Jim\u00e9nez Padilla, Hijos de la f\u00e1bula de Fernando Aramburu: un intento de erradicar la dial\u00e9ctica del \u201cconflicto vasco\u201d<\/li>\n<li style=\"text-align: justify;\">Danilo Manera, Leiah Luna: encuentro y poemas<\/li>\n<\/ul>\n<p>RECENSIONI<\/p>\n<ul>\n<li style=\"text-align: justify;\">Juan Col\u00f3n, Le mani del silenzio [Maria Maffei]<\/li>\n<li style=\"text-align: justify;\">Liyanis Gonz\u00e1lez Padr\u00f3n, O que foi cidade \/ Lo que fue ciudad [Juan Carlos Abril]<\/li>\n<li style=\"text-align: justify;\">\u00c1lvaro Salvador, Una flor de alegr\u00eda. Poemas de amor [Juan Carlos Abril]<\/li>\n<li style=\"text-align: justify;\">Rafael Ballesteros, Perseverancia. Poes\u00eda in\u00e9dita (2018-2021) [Jos\u00e9 de Mar\u00eda Romero Barea]<\/li>\n<li style=\"text-align: justify;\">Barbara Greco, La amistad, patria de los sin patria. Epistolario in\u00e9dito (1953-1972) [Gaia Biffi]<\/li>\n<li style=\"text-align: justify;\">Emilio S\u00e1nchez Mediavilla, Una dacha en el Golfo [Danilo Manera]<\/li>\n<li style=\"text-align: justify;\">Gabi Mart\u00ednez, Delta [Danilo Manera]<\/li>\n<li style=\"text-align: justify;\">Juan Mayorga, Ellissi [Alessandro Cassol]<\/li>\n<\/ul>\n<p><strong>RIFERIMENTI BIBLIOGRAFICI<\/strong><\/p>\n<p>Prezzo cartaceo: 35,00 \u20ac<\/p>","protected":false},"excerpt":{"rendered":"<p>MONOGRAFICO Giuliana Calabrese, Simone Cattaneo, Mundo(s) en (poli)crisis: perspectivas hisp\u00e1nicas Claudio Castro Filho, El discurso bajo sospecha en la dramaturgia<\/p>","protected":false},"featured_media":63254,"comment_status":"open","ping_status":"closed","template":"","meta":{"_acf_changed":false},"product_brand":[],"product_cat":[1292],"product_tag":[1296,1295,1294],"class_list":{"0":"post-63253","1":"product","2":"type-product","3":"status-publish","4":"has-post-thumbnail","6":"product_cat-tintas","7":"product_tag-lingue-iberiche","8":"product_tag-portogallo","9":"product_tag-spagna","10":"pa_formato-cartaceo","11":"pa_lingua-spagnolo","13":"first","14":"instock","15":"featured","16":"shipping-taxable","17":"purchasable","18":"product-type-simple"},"acf":[],"yoast_head":"<!-- This site is optimized with the Yoast SEO plugin v27.3 - https:\/\/yoast.com\/product\/yoast-seo-wordpress\/ -->\n<title>TINTAS - III serie, n. 12, 2023 -<\/title>\n<meta name=\"description\" content=\"Ledizioni - Innovative Publishing. Casa editrice universitaria. Open Access. eBook, ePub. Creative Commons.\" \/>\n<meta name=\"robots\" content=\"index, follow, max-snippet:-1, max-image-preview:large, max-video-preview:-1\" \/>\n<link rel=\"canonical\" href=\"https:\/\/www.ledizioni.it\/en\/product\/tintas-iii-serie-n-12-2023\/\" \/>\n<meta property=\"og:locale\" content=\"en_GB\" \/>\n<meta property=\"og:type\" content=\"article\" \/>\n<meta property=\"og:title\" content=\"TINTAS - III serie, n. 12, 2023 -\" \/>\n<meta property=\"og:description\" content=\"Ledizioni - Innovative Publishing. Casa editrice universitaria. Open Access. eBook, ePub. Creative Commons.\" \/>\n<meta property=\"og:url\" content=\"https:\/\/www.ledizioni.it\/en\/product\/tintas-iii-serie-n-12-2023\/\" \/>\n<meta property=\"og:site_name\" content=\"Ledizioni\" \/>\n<meta property=\"article:publisher\" content=\"https:\/\/www.facebook.com\/pages\/Ledizioni-LediPublishing\/109120559173329\" \/>\n<meta property=\"article:modified_time\" content=\"2024-02-28T09:46:26+00:00\" \/>\n<meta property=\"og:image\" content=\"https:\/\/www.ledizioni.it\/stag\/wp-content\/uploads\/2024\/02\/Copertina_Tintas12-3D.jpg\" \/>\n\t<meta property=\"og:image:width\" content=\"1522\" \/>\n\t<meta property=\"og:image:height\" content=\"1986\" \/>\n\t<meta property=\"og:image:type\" content=\"image\/jpeg\" \/>\n<meta name=\"twitter:card\" content=\"summary_large_image\" \/>\n<meta name=\"twitter:site\" content=\"@ledizioni\" \/>\n<meta name=\"twitter:label1\" content=\"Estimated reading time\" \/>\n\t<meta name=\"twitter:data1\" content=\"3 minutes\" \/>\n<script type=\"application\/ld+json\" class=\"yoast-schema-graph\">{\"@context\":\"https:\\\/\\\/schema.org\",\"@graph\":[{\"@type\":\"WebPage\",\"@id\":\"https:\\\/\\\/www.ledizioni.it\\\/prodotto\\\/tintas-iii-serie-n-12-2023\\\/\",\"url\":\"https:\\\/\\\/www.ledizioni.it\\\/prodotto\\\/tintas-iii-serie-n-12-2023\\\/\",\"name\":\"TINTAS - III serie, n. 12, 2023 -\",\"isPartOf\":{\"@id\":\"https:\\\/\\\/www.ledizioni.it\\\/#website\"},\"primaryImageOfPage\":{\"@id\":\"https:\\\/\\\/www.ledizioni.it\\\/prodotto\\\/tintas-iii-serie-n-12-2023\\\/#primaryimage\"},\"image\":{\"@id\":\"https:\\\/\\\/www.ledizioni.it\\\/prodotto\\\/tintas-iii-serie-n-12-2023\\\/#primaryimage\"},\"thumbnailUrl\":\"https:\\\/\\\/www.ledizioni.it\\\/stag\\\/wp-content\\\/uploads\\\/2024\\\/02\\\/Copertina_Tintas12-3D.jpg\",\"datePublished\":\"2024-02-28T09:41:47+00:00\",\"dateModified\":\"2024-02-28T09:46:26+00:00\",\"description\":\"Ledizioni - Innovative Publishing. Casa editrice universitaria. Open Access. eBook, ePub. Creative Commons.\",\"breadcrumb\":{\"@id\":\"https:\\\/\\\/www.ledizioni.it\\\/prodotto\\\/tintas-iii-serie-n-12-2023\\\/#breadcrumb\"},\"inLanguage\":\"en-GB\",\"potentialAction\":[{\"@type\":\"ReadAction\",\"target\":[\"https:\\\/\\\/www.ledizioni.it\\\/prodotto\\\/tintas-iii-serie-n-12-2023\\\/\"]}]},{\"@type\":\"ImageObject\",\"inLanguage\":\"en-GB\",\"@id\":\"https:\\\/\\\/www.ledizioni.it\\\/prodotto\\\/tintas-iii-serie-n-12-2023\\\/#primaryimage\",\"url\":\"https:\\\/\\\/www.ledizioni.it\\\/stag\\\/wp-content\\\/uploads\\\/2024\\\/02\\\/Copertina_Tintas12-3D.jpg\",\"contentUrl\":\"https:\\\/\\\/www.ledizioni.it\\\/stag\\\/wp-content\\\/uploads\\\/2024\\\/02\\\/Copertina_Tintas12-3D.jpg\",\"width\":1522,\"height\":1986},{\"@type\":\"BreadcrumbList\",\"@id\":\"https:\\\/\\\/www.ledizioni.it\\\/prodotto\\\/tintas-iii-serie-n-12-2023\\\/#breadcrumb\",\"itemListElement\":[{\"@type\":\"ListItem\",\"position\":1,\"name\":\"Shop\",\"item\":\"https:\\\/\\\/www.ledizioni.it\\\/shop-2\\\/\"},{\"@type\":\"ListItem\",\"position\":2,\"name\":\"TINTAS &#8211; III serie, n. 12, 2023\"}]},{\"@type\":\"WebSite\",\"@id\":\"https:\\\/\\\/www.ledizioni.it\\\/#website\",\"url\":\"https:\\\/\\\/www.ledizioni.it\\\/\",\"name\":\"Ledizioni\",\"description\":\"The Innovative LediPublishing Company - Casa Editrice Universitaria\",\"publisher\":{\"@id\":\"https:\\\/\\\/www.ledizioni.it\\\/#organization\"},\"potentialAction\":[{\"@type\":\"SearchAction\",\"target\":{\"@type\":\"EntryPoint\",\"urlTemplate\":\"https:\\\/\\\/www.ledizioni.it\\\/?s={search_term_string}\"},\"query-input\":{\"@type\":\"PropertyValueSpecification\",\"valueRequired\":true,\"valueName\":\"search_term_string\"}}],\"inLanguage\":\"en-GB\"},{\"@type\":\"Organization\",\"@id\":\"https:\\\/\\\/www.ledizioni.it\\\/#organization\",\"name\":\"Ledizioni\",\"url\":\"https:\\\/\\\/www.ledizioni.it\\\/\",\"logo\":{\"@type\":\"ImageObject\",\"inLanguage\":\"en-GB\",\"@id\":\"https:\\\/\\\/www.ledizioni.it\\\/#\\\/schema\\\/logo\\\/image\\\/\",\"url\":\"https:\\\/\\\/www.ledizioni.it\\\/stag\\\/wp-content\\\/uploads\\\/2023\\\/10\\\/newlogoledizioni500x110_2-1.jpg\",\"contentUrl\":\"https:\\\/\\\/www.ledizioni.it\\\/stag\\\/wp-content\\\/uploads\\\/2023\\\/10\\\/newlogoledizioni500x110_2-1.jpg\",\"width\":354,\"height\":87,\"caption\":\"Ledizioni\"},\"image\":{\"@id\":\"https:\\\/\\\/www.ledizioni.it\\\/#\\\/schema\\\/logo\\\/image\\\/\"},\"sameAs\":[\"https:\\\/\\\/www.facebook.com\\\/pages\\\/Ledizioni-LediPublishing\\\/109120559173329\",\"https:\\\/\\\/x.com\\\/ledizioni\"]}]}<\/script>\n<!-- \/ Yoast SEO plugin. -->","yoast_head_json":{"title":"TINTAS - III serie, n. 12, 2023 -","description":"Ledizioni - Innovative Publishing. Casa editrice universitaria. Open Access. eBook, ePub. Creative Commons.","robots":{"index":"index","follow":"follow","max-snippet":"max-snippet:-1","max-image-preview":"max-image-preview:large","max-video-preview":"max-video-preview:-1"},"canonical":"https:\/\/www.ledizioni.it\/en\/product\/tintas-iii-serie-n-12-2023\/","og_locale":"en_GB","og_type":"article","og_title":"TINTAS - III serie, n. 12, 2023 -","og_description":"Ledizioni - Innovative Publishing. Casa editrice universitaria. Open Access. eBook, ePub. Creative Commons.","og_url":"https:\/\/www.ledizioni.it\/en\/product\/tintas-iii-serie-n-12-2023\/","og_site_name":"Ledizioni","article_publisher":"https:\/\/www.facebook.com\/pages\/Ledizioni-LediPublishing\/109120559173329","article_modified_time":"2024-02-28T09:46:26+00:00","og_image":[{"width":1522,"height":1986,"url":"https:\/\/www.ledizioni.it\/stag\/wp-content\/uploads\/2024\/02\/Copertina_Tintas12-3D.jpg","type":"image\/jpeg"}],"twitter_card":"summary_large_image","twitter_site":"@ledizioni","twitter_misc":{"Estimated reading time":"3 minutes"},"schema":{"@context":"https:\/\/schema.org","@graph":[{"@type":"WebPage","@id":"https:\/\/www.ledizioni.it\/prodotto\/tintas-iii-serie-n-12-2023\/","url":"https:\/\/www.ledizioni.it\/prodotto\/tintas-iii-serie-n-12-2023\/","name":"TINTAS - III serie, n. 12, 2023 -","isPartOf":{"@id":"https:\/\/www.ledizioni.it\/#website"},"primaryImageOfPage":{"@id":"https:\/\/www.ledizioni.it\/prodotto\/tintas-iii-serie-n-12-2023\/#primaryimage"},"image":{"@id":"https:\/\/www.ledizioni.it\/prodotto\/tintas-iii-serie-n-12-2023\/#primaryimage"},"thumbnailUrl":"https:\/\/www.ledizioni.it\/stag\/wp-content\/uploads\/2024\/02\/Copertina_Tintas12-3D.jpg","datePublished":"2024-02-28T09:41:47+00:00","dateModified":"2024-02-28T09:46:26+00:00","description":"Ledizioni - Innovative Publishing. Casa editrice universitaria. Open Access. eBook, ePub. Creative Commons.","breadcrumb":{"@id":"https:\/\/www.ledizioni.it\/prodotto\/tintas-iii-serie-n-12-2023\/#breadcrumb"},"inLanguage":"en-GB","potentialAction":[{"@type":"ReadAction","target":["https:\/\/www.ledizioni.it\/prodotto\/tintas-iii-serie-n-12-2023\/"]}]},{"@type":"ImageObject","inLanguage":"en-GB","@id":"https:\/\/www.ledizioni.it\/prodotto\/tintas-iii-serie-n-12-2023\/#primaryimage","url":"https:\/\/www.ledizioni.it\/stag\/wp-content\/uploads\/2024\/02\/Copertina_Tintas12-3D.jpg","contentUrl":"https:\/\/www.ledizioni.it\/stag\/wp-content\/uploads\/2024\/02\/Copertina_Tintas12-3D.jpg","width":1522,"height":1986},{"@type":"BreadcrumbList","@id":"https:\/\/www.ledizioni.it\/prodotto\/tintas-iii-serie-n-12-2023\/#breadcrumb","itemListElement":[{"@type":"ListItem","position":1,"name":"Shop","item":"https:\/\/www.ledizioni.it\/shop-2\/"},{"@type":"ListItem","position":2,"name":"TINTAS &#8211; III serie, n. 12, 2023"}]},{"@type":"WebSite","@id":"https:\/\/www.ledizioni.it\/#website","url":"https:\/\/www.ledizioni.it\/","name":"Ledizioni","description":"The Innovative LediPublishing Company - Casa Editrice Universitaria","publisher":{"@id":"https:\/\/www.ledizioni.it\/#organization"},"potentialAction":[{"@type":"SearchAction","target":{"@type":"EntryPoint","urlTemplate":"https:\/\/www.ledizioni.it\/?s={search_term_string}"},"query-input":{"@type":"PropertyValueSpecification","valueRequired":true,"valueName":"search_term_string"}}],"inLanguage":"en-GB"},{"@type":"Organization","@id":"https:\/\/www.ledizioni.it\/#organization","name":"Ledizioni","url":"https:\/\/www.ledizioni.it\/","logo":{"@type":"ImageObject","inLanguage":"en-GB","@id":"https:\/\/www.ledizioni.it\/#\/schema\/logo\/image\/","url":"https:\/\/www.ledizioni.it\/stag\/wp-content\/uploads\/2023\/10\/newlogoledizioni500x110_2-1.jpg","contentUrl":"https:\/\/www.ledizioni.it\/stag\/wp-content\/uploads\/2023\/10\/newlogoledizioni500x110_2-1.jpg","width":354,"height":87,"caption":"Ledizioni"},"image":{"@id":"https:\/\/www.ledizioni.it\/#\/schema\/logo\/image\/"},"sameAs":["https:\/\/www.facebook.com\/pages\/Ledizioni-LediPublishing\/109120559173329","https:\/\/x.com\/ledizioni"]}]}},"jetpack_sharing_enabled":true,"_links":{"self":[{"href":"https:\/\/www.ledizioni.it\/en\/wp-json\/wp\/v2\/product\/63253","targetHints":{"allow":["GET"]}}],"collection":[{"href":"https:\/\/www.ledizioni.it\/en\/wp-json\/wp\/v2\/product"}],"about":[{"href":"https:\/\/www.ledizioni.it\/en\/wp-json\/wp\/v2\/types\/product"}],"replies":[{"embeddable":true,"href":"https:\/\/www.ledizioni.it\/en\/wp-json\/wp\/v2\/comments?post=63253"}],"version-history":[{"count":1,"href":"https:\/\/www.ledizioni.it\/en\/wp-json\/wp\/v2\/product\/63253\/revisions"}],"predecessor-version":[{"id":63255,"href":"https:\/\/www.ledizioni.it\/en\/wp-json\/wp\/v2\/product\/63253\/revisions\/63255"}],"wp:featuredmedia":[{"embeddable":true,"href":"https:\/\/www.ledizioni.it\/en\/wp-json\/wp\/v2\/media\/63254"}],"wp:attachment":[{"href":"https:\/\/www.ledizioni.it\/en\/wp-json\/wp\/v2\/media?parent=63253"}],"wp:term":[{"taxonomy":"product_brand","embeddable":true,"href":"https:\/\/www.ledizioni.it\/en\/wp-json\/wp\/v2\/product_brand?post=63253"},{"taxonomy":"product_cat","embeddable":true,"href":"https:\/\/www.ledizioni.it\/en\/wp-json\/wp\/v2\/product_cat?post=63253"},{"taxonomy":"product_tag","embeddable":true,"href":"https:\/\/www.ledizioni.it\/en\/wp-json\/wp\/v2\/product_tag?post=63253"}],"curies":[{"name":"wp","href":"https:\/\/api.w.org\/{rel}","templated":true}]}}