{"id":6329,"date":"2013-06-10T19:18:47","date_gmt":"2013-06-10T19:18:47","guid":{"rendered":"http:\/\/www.ledizioni.it\/stag\/?post_type=product&#038;p=6329"},"modified":"2017-03-07T08:42:59","modified_gmt":"2017-03-07T08:42:59","slug":"bonanomi-de-masi-stop-al-panico","status":"publish","type":"product","link":"https:\/\/www.ledizioni.it\/en\/product\/bonanomi-de-masi-stop-al-panico\/","title":{"rendered":"Bonanomi Gianluigi e De Masi Raffaello, Stop al panico!"},"content":{"rendered":"<p style=\"text-align: justify;\"><em>Difendere computer, smartphone e tablet da virus e altri cyber-pericoli<\/em><\/p>\n<p>Ora che tutta la nostra vita \u00e8 digitale, la sicurezza \u00e8 diventata una priorit\u00e0. Dopo aver illustrato quali sono i pericoli (passati e presenti: dai malware alle truffe, dal phishing ai keylogger), questo manualetto di autodifesa informatica spiega come mettere al sicuro computer, smartphone e tablet, senza trascurare i profili sui social network, i dati salvati sul cloud, la difesa della propria rete Wi-fi e il controllo dei bambini. Nel volume si trovano molti consigli pratici e una carrellata dei servizi di sicurezza pi\u00f9 diffusi, molti dei quali gratuiti.<\/p>\n<p>&nbsp;<\/p>\n<h3><span style=\"color: #000000;\">DATI BIBLIOGRAFICI<\/span><\/h3>\n<p>Autori: Gianluigi Bonanomi, Raffaello De Masi<br \/>\nEditore: Ledizioni<br \/>\nCollana: <a title=\"Fai da Tech\" href=\"http:\/\/http:\/\/www.ledizioni.it\/sito\/category\/scienze\/tecnologie\/101-domande\/\">Fai da tech<\/a><br \/>\nFormato: ePub<br \/>\nPubblicato in: Maggio 2013<br \/>\nISBN: 9788867050956 (ePub)<br \/>\nPrezzo ePub: 2,99 \u20ac<\/p>","protected":false},"excerpt":{"rendered":"<p>Difendere computer, smartphone e tablet da virus e altri cyber-pericoli Ora che tutta la nostra vita \u00e8 digitale, la sicurezza<\/p>","protected":false},"featured_media":8715,"comment_status":"open","ping_status":"closed","template":"","meta":{"_acf_changed":false},"product_brand":[],"product_cat":[16],"product_tag":[],"class_list":{"0":"post-6329","1":"product","2":"type-product","3":"status-publish","4":"has-post-thumbnail","6":"product_cat-do-tech","7":"pa_formato-ebook-in-epub","8":"pa_lingua-italiano","10":"first","11":"instock","12":"featured","13":"downloadable","14":"shipping-taxable","15":"purchasable","16":"product-type-simple"},"acf":[],"yoast_head":"<!-- This site is optimized with the Yoast SEO plugin v27.4 - https:\/\/yoast.com\/product\/yoast-seo-wordpress\/ -->\n<title>Bonanomi Gianluigi e De Masi Raffaello, Stop al panico! -<\/title>\n<meta name=\"description\" content=\"Difendere computer, smartphone e tablet da virus e altri cyber-pericoli\" \/>\n<meta name=\"robots\" content=\"index, follow, max-snippet:-1, max-image-preview:large, max-video-preview:-1\" \/>\n<link rel=\"canonical\" href=\"https:\/\/www.ledizioni.it\/en\/product\/bonanomi-de-masi-stop-al-panico\/\" \/>\n<meta property=\"og:locale\" content=\"en_GB\" \/>\n<meta property=\"og:type\" content=\"article\" \/>\n<meta property=\"og:title\" content=\"Bonanomi Gianluigi e De Masi Raffaello, Stop al panico! -\" \/>\n<meta property=\"og:description\" content=\"Difendere computer, smartphone e tablet da virus e altri cyber-pericoli\" \/>\n<meta property=\"og:url\" content=\"https:\/\/www.ledizioni.it\/en\/product\/bonanomi-de-masi-stop-al-panico\/\" \/>\n<meta property=\"og:site_name\" content=\"Ledizioni\" \/>\n<meta property=\"article:publisher\" content=\"https:\/\/www.facebook.com\/pages\/Ledizioni-LediPublishing\/109120559173329\" \/>\n<meta property=\"article:modified_time\" content=\"2017-03-07T08:42:59+00:00\" \/>\n<meta property=\"og:image\" content=\"https:\/\/www.ledizioni.it\/stag\/wp-content\/uploads\/2013\/06\/StopPanico_3d.jpg\" \/>\n\t<meta property=\"og:image:width\" content=\"369\" \/>\n\t<meta property=\"og:image:height\" content=\"514\" \/>\n\t<meta property=\"og:image:type\" content=\"image\/jpeg\" \/>\n<meta name=\"twitter:card\" content=\"summary_large_image\" \/>\n<meta name=\"twitter:site\" content=\"@ledizioni\" \/>\n<meta name=\"twitter:label1\" content=\"Estimated reading time\" \/>\n\t<meta name=\"twitter:data1\" content=\"1 minute\" \/>\n<script type=\"application\/ld+json\" class=\"yoast-schema-graph\">{\"@context\":\"https:\\\/\\\/schema.org\",\"@graph\":[{\"@type\":\"WebPage\",\"@id\":\"https:\\\/\\\/www.ledizioni.it\\\/en\\\/product\\\/bonanomi-de-masi-stop-al-panico\\\/\",\"url\":\"https:\\\/\\\/www.ledizioni.it\\\/en\\\/product\\\/bonanomi-de-masi-stop-al-panico\\\/\",\"name\":\"Bonanomi Gianluigi e De Masi Raffaello, Stop al panico! -\",\"isPartOf\":{\"@id\":\"https:\\\/\\\/www.ledizioni.it\\\/#website\"},\"primaryImageOfPage\":{\"@id\":\"https:\\\/\\\/www.ledizioni.it\\\/en\\\/product\\\/bonanomi-de-masi-stop-al-panico\\\/#primaryimage\"},\"image\":{\"@id\":\"https:\\\/\\\/www.ledizioni.it\\\/en\\\/product\\\/bonanomi-de-masi-stop-al-panico\\\/#primaryimage\"},\"thumbnailUrl\":\"https:\\\/\\\/www.ledizioni.it\\\/stag\\\/wp-content\\\/uploads\\\/2013\\\/06\\\/StopPanico_3d.jpg\",\"datePublished\":\"2013-06-10T19:18:47+00:00\",\"dateModified\":\"2017-03-07T08:42:59+00:00\",\"description\":\"Difendere computer, smartphone e tablet da virus e altri cyber-pericoli\",\"breadcrumb\":{\"@id\":\"https:\\\/\\\/www.ledizioni.it\\\/en\\\/product\\\/bonanomi-de-masi-stop-al-panico\\\/#breadcrumb\"},\"inLanguage\":\"en-GB\",\"potentialAction\":[{\"@type\":\"ReadAction\",\"target\":[\"https:\\\/\\\/www.ledizioni.it\\\/en\\\/product\\\/bonanomi-de-masi-stop-al-panico\\\/\"]}]},{\"@type\":\"ImageObject\",\"inLanguage\":\"en-GB\",\"@id\":\"https:\\\/\\\/www.ledizioni.it\\\/en\\\/product\\\/bonanomi-de-masi-stop-al-panico\\\/#primaryimage\",\"url\":\"https:\\\/\\\/www.ledizioni.it\\\/stag\\\/wp-content\\\/uploads\\\/2013\\\/06\\\/StopPanico_3d.jpg\",\"contentUrl\":\"https:\\\/\\\/www.ledizioni.it\\\/stag\\\/wp-content\\\/uploads\\\/2013\\\/06\\\/StopPanico_3d.jpg\",\"width\":369,\"height\":514},{\"@type\":\"BreadcrumbList\",\"@id\":\"https:\\\/\\\/www.ledizioni.it\\\/en\\\/product\\\/bonanomi-de-masi-stop-al-panico\\\/#breadcrumb\",\"itemListElement\":[{\"@type\":\"ListItem\",\"position\":1,\"name\":\"Shop\",\"item\":\"https:\\\/\\\/www.ledizioni.it\\\/shop-2\\\/\"},{\"@type\":\"ListItem\",\"position\":2,\"name\":\"Bonanomi Gianluigi e De Masi Raffaello, Stop al panico!\"}]},{\"@type\":\"WebSite\",\"@id\":\"https:\\\/\\\/www.ledizioni.it\\\/#website\",\"url\":\"https:\\\/\\\/www.ledizioni.it\\\/\",\"name\":\"Ledizioni\",\"description\":\"The Innovative LediPublishing Company - Casa Editrice Universitaria\",\"publisher\":{\"@id\":\"https:\\\/\\\/www.ledizioni.it\\\/#organization\"},\"potentialAction\":[{\"@type\":\"SearchAction\",\"target\":{\"@type\":\"EntryPoint\",\"urlTemplate\":\"https:\\\/\\\/www.ledizioni.it\\\/?s={search_term_string}\"},\"query-input\":{\"@type\":\"PropertyValueSpecification\",\"valueRequired\":true,\"valueName\":\"search_term_string\"}}],\"inLanguage\":\"en-GB\"},{\"@type\":\"Organization\",\"@id\":\"https:\\\/\\\/www.ledizioni.it\\\/#organization\",\"name\":\"Ledizioni\",\"url\":\"https:\\\/\\\/www.ledizioni.it\\\/\",\"logo\":{\"@type\":\"ImageObject\",\"inLanguage\":\"en-GB\",\"@id\":\"https:\\\/\\\/www.ledizioni.it\\\/#\\\/schema\\\/logo\\\/image\\\/\",\"url\":\"https:\\\/\\\/www.ledizioni.it\\\/stag\\\/wp-content\\\/uploads\\\/2023\\\/10\\\/newlogoledizioni500x110_2-1.jpg\",\"contentUrl\":\"https:\\\/\\\/www.ledizioni.it\\\/stag\\\/wp-content\\\/uploads\\\/2023\\\/10\\\/newlogoledizioni500x110_2-1.jpg\",\"width\":354,\"height\":87,\"caption\":\"Ledizioni\"},\"image\":{\"@id\":\"https:\\\/\\\/www.ledizioni.it\\\/#\\\/schema\\\/logo\\\/image\\\/\"},\"sameAs\":[\"https:\\\/\\\/www.facebook.com\\\/pages\\\/Ledizioni-LediPublishing\\\/109120559173329\",\"https:\\\/\\\/x.com\\\/ledizioni\"]}]}<\/script>\n<!-- \/ Yoast SEO plugin. -->","yoast_head_json":{"title":"Bonanomi Gianluigi e De Masi Raffaello, Stop al panico! -","description":"Difendere computer, smartphone e tablet da virus e altri cyber-pericoli","robots":{"index":"index","follow":"follow","max-snippet":"max-snippet:-1","max-image-preview":"max-image-preview:large","max-video-preview":"max-video-preview:-1"},"canonical":"https:\/\/www.ledizioni.it\/en\/product\/bonanomi-de-masi-stop-al-panico\/","og_locale":"en_GB","og_type":"article","og_title":"Bonanomi Gianluigi e De Masi Raffaello, Stop al panico! -","og_description":"Difendere computer, smartphone e tablet da virus e altri cyber-pericoli","og_url":"https:\/\/www.ledizioni.it\/en\/product\/bonanomi-de-masi-stop-al-panico\/","og_site_name":"Ledizioni","article_publisher":"https:\/\/www.facebook.com\/pages\/Ledizioni-LediPublishing\/109120559173329","article_modified_time":"2017-03-07T08:42:59+00:00","og_image":[{"width":369,"height":514,"url":"https:\/\/www.ledizioni.it\/stag\/wp-content\/uploads\/2013\/06\/StopPanico_3d.jpg","type":"image\/jpeg"}],"twitter_card":"summary_large_image","twitter_site":"@ledizioni","twitter_misc":{"Estimated reading time":"1 minute"},"schema":{"@context":"https:\/\/schema.org","@graph":[{"@type":"WebPage","@id":"https:\/\/www.ledizioni.it\/en\/product\/bonanomi-de-masi-stop-al-panico\/","url":"https:\/\/www.ledizioni.it\/en\/product\/bonanomi-de-masi-stop-al-panico\/","name":"Bonanomi Gianluigi e De Masi Raffaello, Stop al panico! -","isPartOf":{"@id":"https:\/\/www.ledizioni.it\/#website"},"primaryImageOfPage":{"@id":"https:\/\/www.ledizioni.it\/en\/product\/bonanomi-de-masi-stop-al-panico\/#primaryimage"},"image":{"@id":"https:\/\/www.ledizioni.it\/en\/product\/bonanomi-de-masi-stop-al-panico\/#primaryimage"},"thumbnailUrl":"https:\/\/www.ledizioni.it\/stag\/wp-content\/uploads\/2013\/06\/StopPanico_3d.jpg","datePublished":"2013-06-10T19:18:47+00:00","dateModified":"2017-03-07T08:42:59+00:00","description":"Difendere computer, smartphone e tablet da virus e altri cyber-pericoli","breadcrumb":{"@id":"https:\/\/www.ledizioni.it\/en\/product\/bonanomi-de-masi-stop-al-panico\/#breadcrumb"},"inLanguage":"en-GB","potentialAction":[{"@type":"ReadAction","target":["https:\/\/www.ledizioni.it\/en\/product\/bonanomi-de-masi-stop-al-panico\/"]}]},{"@type":"ImageObject","inLanguage":"en-GB","@id":"https:\/\/www.ledizioni.it\/en\/product\/bonanomi-de-masi-stop-al-panico\/#primaryimage","url":"https:\/\/www.ledizioni.it\/stag\/wp-content\/uploads\/2013\/06\/StopPanico_3d.jpg","contentUrl":"https:\/\/www.ledizioni.it\/stag\/wp-content\/uploads\/2013\/06\/StopPanico_3d.jpg","width":369,"height":514},{"@type":"BreadcrumbList","@id":"https:\/\/www.ledizioni.it\/en\/product\/bonanomi-de-masi-stop-al-panico\/#breadcrumb","itemListElement":[{"@type":"ListItem","position":1,"name":"Shop","item":"https:\/\/www.ledizioni.it\/shop-2\/"},{"@type":"ListItem","position":2,"name":"Bonanomi Gianluigi e De Masi Raffaello, Stop al panico!"}]},{"@type":"WebSite","@id":"https:\/\/www.ledizioni.it\/#website","url":"https:\/\/www.ledizioni.it\/","name":"Ledizioni","description":"The Innovative LediPublishing Company - Casa Editrice Universitaria","publisher":{"@id":"https:\/\/www.ledizioni.it\/#organization"},"potentialAction":[{"@type":"SearchAction","target":{"@type":"EntryPoint","urlTemplate":"https:\/\/www.ledizioni.it\/?s={search_term_string}"},"query-input":{"@type":"PropertyValueSpecification","valueRequired":true,"valueName":"search_term_string"}}],"inLanguage":"en-GB"},{"@type":"Organization","@id":"https:\/\/www.ledizioni.it\/#organization","name":"Ledizioni","url":"https:\/\/www.ledizioni.it\/","logo":{"@type":"ImageObject","inLanguage":"en-GB","@id":"https:\/\/www.ledizioni.it\/#\/schema\/logo\/image\/","url":"https:\/\/www.ledizioni.it\/stag\/wp-content\/uploads\/2023\/10\/newlogoledizioni500x110_2-1.jpg","contentUrl":"https:\/\/www.ledizioni.it\/stag\/wp-content\/uploads\/2023\/10\/newlogoledizioni500x110_2-1.jpg","width":354,"height":87,"caption":"Ledizioni"},"image":{"@id":"https:\/\/www.ledizioni.it\/#\/schema\/logo\/image\/"},"sameAs":["https:\/\/www.facebook.com\/pages\/Ledizioni-LediPublishing\/109120559173329","https:\/\/x.com\/ledizioni"]}]}},"jetpack_sharing_enabled":true,"_links":{"self":[{"href":"https:\/\/www.ledizioni.it\/en\/wp-json\/wp\/v2\/product\/6329","targetHints":{"allow":["GET"]}}],"collection":[{"href":"https:\/\/www.ledizioni.it\/en\/wp-json\/wp\/v2\/product"}],"about":[{"href":"https:\/\/www.ledizioni.it\/en\/wp-json\/wp\/v2\/types\/product"}],"replies":[{"embeddable":true,"href":"https:\/\/www.ledizioni.it\/en\/wp-json\/wp\/v2\/comments?post=6329"}],"version-history":[{"count":1,"href":"https:\/\/www.ledizioni.it\/en\/wp-json\/wp\/v2\/product\/6329\/revisions"}],"predecessor-version":[{"id":6869,"href":"https:\/\/www.ledizioni.it\/en\/wp-json\/wp\/v2\/product\/6329\/revisions\/6869"}],"wp:featuredmedia":[{"embeddable":true,"href":"https:\/\/www.ledizioni.it\/en\/wp-json\/wp\/v2\/media\/8715"}],"wp:attachment":[{"href":"https:\/\/www.ledizioni.it\/en\/wp-json\/wp\/v2\/media?parent=6329"}],"wp:term":[{"taxonomy":"product_brand","embeddable":true,"href":"https:\/\/www.ledizioni.it\/en\/wp-json\/wp\/v2\/product_brand?post=6329"},{"taxonomy":"product_cat","embeddable":true,"href":"https:\/\/www.ledizioni.it\/en\/wp-json\/wp\/v2\/product_cat?post=6329"},{"taxonomy":"product_tag","embeddable":true,"href":"https:\/\/www.ledizioni.it\/en\/wp-json\/wp\/v2\/product_tag?post=6329"}],"curies":[{"name":"wp","href":"https:\/\/api.w.org\/{rel}","templated":true}]}}