{"id":6331,"date":"2012-06-10T19:21:01","date_gmt":"2012-06-10T19:21:01","guid":{"rendered":"http:\/\/www.ledizioni.it\/stag\/?post_type=product&#038;p=6331"},"modified":"2018-11-27T12:54:17","modified_gmt":"2018-11-27T12:54:17","slug":"adorni-sguayzer-oltre-la-metropoli","status":"publish","type":"product","link":"https:\/\/www.ledizioni.it\/en\/product\/adorni-sguayzer-oltre-la-metropoli\/","title":{"rendered":"OLTRE LA METROPOLI"},"content":{"rendered":"<p style=\"text-align: justify;\">Studiare la seconda met\u00e0 del Novecento su scala locale offre l\u2019occasione per osservare come dinamiche epocali siano state interpretate e riadattate in forme e modi originali.<br \/>\nL\u2019oggetto della ricerca \u00e8 una citt\u00e0 cresciuta all\u2019ombra della Torino industriale, Collegno, che nonostante i legami con la metropoli ha saputo disegnare, tra la Liberazione e gli anni Novanta, una fisionomia propria e mostrare un\u2019autonoma capacit\u00e0 propositiva nell\u2019amministrazione del territorio e nella gestione delle relazioni sociali.<br \/>\nAssorbendo i flussi di popolazione provenienti prima dal Nord-Est e poi dal Sud, \u00e8 passata da 13.000 abitanti a 47.000 senza che la crescita urbana fosse stravolta dalle emergenze. Le aziende si sono moltiplicate da 514 a 2.377 &#8211; dando lavoro a un numero di addetti che da poco pi\u00f9 di 4.500 ha superato le 14.000 unit\u00e0 -, ma il vivere collettivo \u00e8 stato costantemente segnato dall\u2019impegno per armonizzare gli interessi delle imprese e dei lavoratori. La responsabilit\u00e0 del governo \u00e8 sempre stata affidata a giunte \u201crosse\u201d &#8211; tanto che la citt\u00e0 \u00e8 stata definita una delle \u201cStalingrado d\u2019Italia\u201d \u2013 le quali, nel lungo dopoguerra, hanno saputo costruire un piccolo \u201cmodello\u201d fondato sul coinvolgimento degli abitanti nei processi decisionali e su un\u2019efficiente rete di servizi sociali.<br \/>\nScopo del volume \u00e8 ricostruire alcuni degli aspetti fondamentali di questo processo per molti versi esemplare, evidenziandone le luci ma anche le ombre.<\/p>\n<h3><strong><span style=\"color: #000000;\">DATI BIBLIOGRAFICI<\/span><\/strong><\/h3>\n<p>Autori: Daniela Adorni, Marco Sguayzer<br \/>\nEditore: Ledizioni<br \/>\nCollana: <a title=\"History\" href=\"http:\/\/www.ledizioni.it\/en\/sito\/collane\/storia\/\" target=\"_blank\" rel=\"noopener\">History<\/a><br \/>\nFormato: Brossura<br \/>\nPubblicato in: Marzo 2013<br \/>\nISBN: 9788867059010 (cartaceo)<br \/>\nPrezzo cartaceo: 28,00 \u20ac<\/p>\n<p><a href=\"http:\/\/www.mondadoristore.it\/Oltre-metropoli-storia-Daniela-Adorni-Marco-Sguayzer\/eai978886705901\/?sessionToken=v2lDYpbLD7t40gAMX2iWzryo4b7qu95h\" target=\"_blank\" rel=\"noopener\"><img decoding=\"async\" class=\"alignnone size-full wp-image-14398 aligncenter\" src=\"http:\/\/www.ledizioni.it\/stag\/wp-content\/uploads\/2012\/06\/red-podok.jpg\" alt=\"Pod MondadoriStore\" width=\"200\" height=\"82\" \/><\/a><\/p>","protected":false},"excerpt":{"rendered":"<p>Studiare la seconda met\u00e0 del Novecento su scala locale offre l\u2019occasione per osservare come dinamiche epocali siano state interpretate e<\/p>","protected":false},"featured_media":6333,"comment_status":"open","ping_status":"closed","template":"","meta":{"_acf_changed":false},"product_brand":[],"product_cat":[384],"product_tag":[539],"class_list":{"0":"post-6331","1":"product","2":"type-product","3":"status-publish","4":"has-post-thumbnail","6":"product_cat-history","7":"product_tag-storia-locale","9":"first","10":"instock","11":"shipping-taxable","12":"purchasable","13":"product-type-simple"},"acf":[],"yoast_head":"<!-- This site is optimized with the Yoast SEO plugin v27.3 - https:\/\/yoast.com\/product\/yoast-seo-wordpress\/ -->\n<title>OLTRE LA METROPOLI -<\/title>\n<meta name=\"description\" content=\"Ledizioni - Innovative Publishing. Casa editrice universitaria. Open Access. eBook, ePub. Creative Commons.\" \/>\n<meta name=\"robots\" content=\"index, follow, max-snippet:-1, max-image-preview:large, max-video-preview:-1\" \/>\n<link rel=\"canonical\" href=\"https:\/\/www.ledizioni.it\/en\/product\/adorni-sguayzer-oltre-la-metropoli\/\" \/>\n<meta property=\"og:locale\" content=\"en_GB\" \/>\n<meta property=\"og:type\" content=\"article\" \/>\n<meta property=\"og:title\" content=\"OLTRE LA METROPOLI -\" \/>\n<meta property=\"og:description\" content=\"Ledizioni - Innovative Publishing. Casa editrice universitaria. Open Access. eBook, ePub. Creative Commons.\" \/>\n<meta property=\"og:url\" content=\"https:\/\/www.ledizioni.it\/en\/product\/adorni-sguayzer-oltre-la-metropoli\/\" \/>\n<meta property=\"og:site_name\" content=\"Ledizioni\" \/>\n<meta property=\"article:publisher\" content=\"https:\/\/www.facebook.com\/pages\/Ledizioni-LediPublishing\/109120559173329\" \/>\n<meta property=\"article:modified_time\" content=\"2018-11-27T12:54:17+00:00\" \/>\n<meta property=\"og:image\" content=\"https:\/\/www.ledizioni.it\/stag\/wp-content\/uploads\/2013\/07\/COPERTINA_Adorni_Metropoli3D-767x1024.jpg\" \/>\n\t<meta property=\"og:image:width\" content=\"767\" \/>\n\t<meta property=\"og:image:height\" content=\"1024\" \/>\n\t<meta property=\"og:image:type\" content=\"image\/jpeg\" \/>\n<meta name=\"twitter:card\" content=\"summary_large_image\" \/>\n<meta name=\"twitter:site\" content=\"@ledizioni\" \/>\n<meta name=\"twitter:label1\" content=\"Estimated reading time\" \/>\n\t<meta name=\"twitter:data1\" content=\"1 minute\" \/>\n<script type=\"application\/ld+json\" class=\"yoast-schema-graph\">{\"@context\":\"https:\\\/\\\/schema.org\",\"@graph\":[{\"@type\":\"WebPage\",\"@id\":\"https:\\\/\\\/www.ledizioni.it\\\/prodotto\\\/adorni-sguayzer-oltre-la-metropoli\\\/\",\"url\":\"https:\\\/\\\/www.ledizioni.it\\\/prodotto\\\/adorni-sguayzer-oltre-la-metropoli\\\/\",\"name\":\"OLTRE LA METROPOLI -\",\"isPartOf\":{\"@id\":\"https:\\\/\\\/www.ledizioni.it\\\/#website\"},\"primaryImageOfPage\":{\"@id\":\"https:\\\/\\\/www.ledizioni.it\\\/prodotto\\\/adorni-sguayzer-oltre-la-metropoli\\\/#primaryimage\"},\"image\":{\"@id\":\"https:\\\/\\\/www.ledizioni.it\\\/prodotto\\\/adorni-sguayzer-oltre-la-metropoli\\\/#primaryimage\"},\"thumbnailUrl\":\"https:\\\/\\\/www.ledizioni.it\\\/stag\\\/wp-content\\\/uploads\\\/2013\\\/07\\\/COPERTINA_Adorni_Metropoli3D-767x1024.jpg\",\"datePublished\":\"2012-06-10T19:21:01+00:00\",\"dateModified\":\"2018-11-27T12:54:17+00:00\",\"description\":\"Ledizioni - Innovative Publishing. Casa editrice universitaria. Open Access. eBook, ePub. Creative Commons.\",\"breadcrumb\":{\"@id\":\"https:\\\/\\\/www.ledizioni.it\\\/prodotto\\\/adorni-sguayzer-oltre-la-metropoli\\\/#breadcrumb\"},\"inLanguage\":\"en-GB\",\"potentialAction\":[{\"@type\":\"ReadAction\",\"target\":[\"https:\\\/\\\/www.ledizioni.it\\\/prodotto\\\/adorni-sguayzer-oltre-la-metropoli\\\/\"]}]},{\"@type\":\"ImageObject\",\"inLanguage\":\"en-GB\",\"@id\":\"https:\\\/\\\/www.ledizioni.it\\\/prodotto\\\/adorni-sguayzer-oltre-la-metropoli\\\/#primaryimage\",\"url\":\"https:\\\/\\\/www.ledizioni.it\\\/stag\\\/wp-content\\\/uploads\\\/2013\\\/07\\\/COPERTINA_Adorni_Metropoli3D-767x1024.jpg\",\"contentUrl\":\"https:\\\/\\\/www.ledizioni.it\\\/stag\\\/wp-content\\\/uploads\\\/2013\\\/07\\\/COPERTINA_Adorni_Metropoli3D-767x1024.jpg\",\"width\":767,\"height\":1024},{\"@type\":\"BreadcrumbList\",\"@id\":\"https:\\\/\\\/www.ledizioni.it\\\/prodotto\\\/adorni-sguayzer-oltre-la-metropoli\\\/#breadcrumb\",\"itemListElement\":[{\"@type\":\"ListItem\",\"position\":1,\"name\":\"Shop\",\"item\":\"https:\\\/\\\/www.ledizioni.it\\\/shop-2\\\/\"},{\"@type\":\"ListItem\",\"position\":2,\"name\":\"OLTRE LA METROPOLI\"}]},{\"@type\":\"WebSite\",\"@id\":\"https:\\\/\\\/www.ledizioni.it\\\/#website\",\"url\":\"https:\\\/\\\/www.ledizioni.it\\\/\",\"name\":\"Ledizioni\",\"description\":\"The Innovative LediPublishing Company - Casa Editrice Universitaria\",\"publisher\":{\"@id\":\"https:\\\/\\\/www.ledizioni.it\\\/#organization\"},\"potentialAction\":[{\"@type\":\"SearchAction\",\"target\":{\"@type\":\"EntryPoint\",\"urlTemplate\":\"https:\\\/\\\/www.ledizioni.it\\\/?s={search_term_string}\"},\"query-input\":{\"@type\":\"PropertyValueSpecification\",\"valueRequired\":true,\"valueName\":\"search_term_string\"}}],\"inLanguage\":\"en-GB\"},{\"@type\":\"Organization\",\"@id\":\"https:\\\/\\\/www.ledizioni.it\\\/#organization\",\"name\":\"Ledizioni\",\"url\":\"https:\\\/\\\/www.ledizioni.it\\\/\",\"logo\":{\"@type\":\"ImageObject\",\"inLanguage\":\"en-GB\",\"@id\":\"https:\\\/\\\/www.ledizioni.it\\\/#\\\/schema\\\/logo\\\/image\\\/\",\"url\":\"https:\\\/\\\/www.ledizioni.it\\\/stag\\\/wp-content\\\/uploads\\\/2023\\\/10\\\/newlogoledizioni500x110_2-1.jpg\",\"contentUrl\":\"https:\\\/\\\/www.ledizioni.it\\\/stag\\\/wp-content\\\/uploads\\\/2023\\\/10\\\/newlogoledizioni500x110_2-1.jpg\",\"width\":354,\"height\":87,\"caption\":\"Ledizioni\"},\"image\":{\"@id\":\"https:\\\/\\\/www.ledizioni.it\\\/#\\\/schema\\\/logo\\\/image\\\/\"},\"sameAs\":[\"https:\\\/\\\/www.facebook.com\\\/pages\\\/Ledizioni-LediPublishing\\\/109120559173329\",\"https:\\\/\\\/x.com\\\/ledizioni\"]}]}<\/script>\n<!-- \/ Yoast SEO plugin. -->","yoast_head_json":{"title":"OLTRE LA METROPOLI -","description":"Ledizioni - Innovative Publishing. Casa editrice universitaria. Open Access. eBook, ePub. Creative Commons.","robots":{"index":"index","follow":"follow","max-snippet":"max-snippet:-1","max-image-preview":"max-image-preview:large","max-video-preview":"max-video-preview:-1"},"canonical":"https:\/\/www.ledizioni.it\/en\/product\/adorni-sguayzer-oltre-la-metropoli\/","og_locale":"en_GB","og_type":"article","og_title":"OLTRE LA METROPOLI -","og_description":"Ledizioni - Innovative Publishing. Casa editrice universitaria. Open Access. eBook, ePub. Creative Commons.","og_url":"https:\/\/www.ledizioni.it\/en\/product\/adorni-sguayzer-oltre-la-metropoli\/","og_site_name":"Ledizioni","article_publisher":"https:\/\/www.facebook.com\/pages\/Ledizioni-LediPublishing\/109120559173329","article_modified_time":"2018-11-27T12:54:17+00:00","og_image":[{"width":767,"height":1024,"url":"https:\/\/www.ledizioni.it\/stag\/wp-content\/uploads\/2013\/07\/COPERTINA_Adorni_Metropoli3D-767x1024.jpg","type":"image\/jpeg"}],"twitter_card":"summary_large_image","twitter_site":"@ledizioni","twitter_misc":{"Estimated reading time":"1 minute"},"schema":{"@context":"https:\/\/schema.org","@graph":[{"@type":"WebPage","@id":"https:\/\/www.ledizioni.it\/prodotto\/adorni-sguayzer-oltre-la-metropoli\/","url":"https:\/\/www.ledizioni.it\/prodotto\/adorni-sguayzer-oltre-la-metropoli\/","name":"OLTRE LA METROPOLI -","isPartOf":{"@id":"https:\/\/www.ledizioni.it\/#website"},"primaryImageOfPage":{"@id":"https:\/\/www.ledizioni.it\/prodotto\/adorni-sguayzer-oltre-la-metropoli\/#primaryimage"},"image":{"@id":"https:\/\/www.ledizioni.it\/prodotto\/adorni-sguayzer-oltre-la-metropoli\/#primaryimage"},"thumbnailUrl":"https:\/\/www.ledizioni.it\/stag\/wp-content\/uploads\/2013\/07\/COPERTINA_Adorni_Metropoli3D-767x1024.jpg","datePublished":"2012-06-10T19:21:01+00:00","dateModified":"2018-11-27T12:54:17+00:00","description":"Ledizioni - Innovative Publishing. Casa editrice universitaria. Open Access. eBook, ePub. Creative Commons.","breadcrumb":{"@id":"https:\/\/www.ledizioni.it\/prodotto\/adorni-sguayzer-oltre-la-metropoli\/#breadcrumb"},"inLanguage":"en-GB","potentialAction":[{"@type":"ReadAction","target":["https:\/\/www.ledizioni.it\/prodotto\/adorni-sguayzer-oltre-la-metropoli\/"]}]},{"@type":"ImageObject","inLanguage":"en-GB","@id":"https:\/\/www.ledizioni.it\/prodotto\/adorni-sguayzer-oltre-la-metropoli\/#primaryimage","url":"https:\/\/www.ledizioni.it\/stag\/wp-content\/uploads\/2013\/07\/COPERTINA_Adorni_Metropoli3D-767x1024.jpg","contentUrl":"https:\/\/www.ledizioni.it\/stag\/wp-content\/uploads\/2013\/07\/COPERTINA_Adorni_Metropoli3D-767x1024.jpg","width":767,"height":1024},{"@type":"BreadcrumbList","@id":"https:\/\/www.ledizioni.it\/prodotto\/adorni-sguayzer-oltre-la-metropoli\/#breadcrumb","itemListElement":[{"@type":"ListItem","position":1,"name":"Shop","item":"https:\/\/www.ledizioni.it\/shop-2\/"},{"@type":"ListItem","position":2,"name":"OLTRE LA METROPOLI"}]},{"@type":"WebSite","@id":"https:\/\/www.ledizioni.it\/#website","url":"https:\/\/www.ledizioni.it\/","name":"Ledizioni","description":"The Innovative LediPublishing Company - Casa Editrice Universitaria","publisher":{"@id":"https:\/\/www.ledizioni.it\/#organization"},"potentialAction":[{"@type":"SearchAction","target":{"@type":"EntryPoint","urlTemplate":"https:\/\/www.ledizioni.it\/?s={search_term_string}"},"query-input":{"@type":"PropertyValueSpecification","valueRequired":true,"valueName":"search_term_string"}}],"inLanguage":"en-GB"},{"@type":"Organization","@id":"https:\/\/www.ledizioni.it\/#organization","name":"Ledizioni","url":"https:\/\/www.ledizioni.it\/","logo":{"@type":"ImageObject","inLanguage":"en-GB","@id":"https:\/\/www.ledizioni.it\/#\/schema\/logo\/image\/","url":"https:\/\/www.ledizioni.it\/stag\/wp-content\/uploads\/2023\/10\/newlogoledizioni500x110_2-1.jpg","contentUrl":"https:\/\/www.ledizioni.it\/stag\/wp-content\/uploads\/2023\/10\/newlogoledizioni500x110_2-1.jpg","width":354,"height":87,"caption":"Ledizioni"},"image":{"@id":"https:\/\/www.ledizioni.it\/#\/schema\/logo\/image\/"},"sameAs":["https:\/\/www.facebook.com\/pages\/Ledizioni-LediPublishing\/109120559173329","https:\/\/x.com\/ledizioni"]}]}},"jetpack_sharing_enabled":true,"_links":{"self":[{"href":"https:\/\/www.ledizioni.it\/en\/wp-json\/wp\/v2\/product\/6331","targetHints":{"allow":["GET"]}}],"collection":[{"href":"https:\/\/www.ledizioni.it\/en\/wp-json\/wp\/v2\/product"}],"about":[{"href":"https:\/\/www.ledizioni.it\/en\/wp-json\/wp\/v2\/types\/product"}],"replies":[{"embeddable":true,"href":"https:\/\/www.ledizioni.it\/en\/wp-json\/wp\/v2\/comments?post=6331"}],"version-history":[{"count":1,"href":"https:\/\/www.ledizioni.it\/en\/wp-json\/wp\/v2\/product\/6331\/revisions"}],"predecessor-version":[{"id":14409,"href":"https:\/\/www.ledizioni.it\/en\/wp-json\/wp\/v2\/product\/6331\/revisions\/14409"}],"wp:featuredmedia":[{"embeddable":true,"href":"https:\/\/www.ledizioni.it\/en\/wp-json\/wp\/v2\/media\/6333"}],"wp:attachment":[{"href":"https:\/\/www.ledizioni.it\/en\/wp-json\/wp\/v2\/media?parent=6331"}],"wp:term":[{"taxonomy":"product_brand","embeddable":true,"href":"https:\/\/www.ledizioni.it\/en\/wp-json\/wp\/v2\/product_brand?post=6331"},{"taxonomy":"product_cat","embeddable":true,"href":"https:\/\/www.ledizioni.it\/en\/wp-json\/wp\/v2\/product_cat?post=6331"},{"taxonomy":"product_tag","embeddable":true,"href":"https:\/\/www.ledizioni.it\/en\/wp-json\/wp\/v2\/product_tag?post=6331"}],"curies":[{"name":"wp","href":"https:\/\/api.w.org\/{rel}","templated":true}]}}