{"id":6340,"date":"2013-03-29T19:36:10","date_gmt":"2013-03-29T19:36:10","guid":{"rendered":"http:\/\/www.ledizioni.it\/stag\/?post_type=product&#038;p=6340"},"modified":"2019-08-01T15:50:04","modified_gmt":"2019-08-01T13:50:04","slug":"dike-rivista-di-storia-del-diritto-greco-ed-ellenistico-n-142011","status":"publish","type":"product","link":"https:\/\/www.ledizioni.it\/en\/product\/dike-rivista-di-storia-del-diritto-greco-ed-ellenistico-n-142011\/","title":{"rendered":"DIKE, Rivista di storia del diritto greco ed ellenistico N. 14\/2011"},"content":{"rendered":"<p style=\"text-align: justify;\">DIKE \u00e8 la prima rivista specificamente dedicata allo studio del diritto greco ed ellenistico: pubblica articoli sottoposti a \u201crevisione\u201d (peer review).<\/p>\n<p>La rivista, diretta da Eva Cantarella e Alberto Maffi, \u00e8 pubblicata con il contributo e sotto gli auspici del Dipartimento di Diritto privato e Storia del Diritto dell\u2019Universit\u00e0 degli Studi di Milano.<br \/>\nDIKE \u00e8 aperta non solo agli specialisti del settore, ma anche a tutti gli studiosi interessati agli aspetti giuridici della civilt\u00e0 greca.<br \/>\nPubblicher\u00e0 articoli in francese, inglese, greco, spagnolo, tedesco e italiano.<\/p>\n<p>Dike \u00e8 pubblicato on line sul sito dell\u2019Universit\u00e0 degli Studi di Milano all\u2019indirizzo: <a href=\"http:\/\/riviste.unimi.it\/index.php\/Dike\">http:\/\/riviste.unimi.it\/index.php\/Dike<\/a><\/p>\n<p style=\"text-align: justify;\"><strong>\u00a0Comitato Scienti\ufb01co<\/strong><br \/>\nMario Amelotti, David Cohen, Edward Cohen, Martin Dreher, Javier Fernandez Nieto, Michael Gagarin, Remo Martini,<br \/>\nJoseph M\u00e9l\u00e8ze-Modrzejewski, Claude Moss\u00e9, Hans-Albert Rupprecht, Gerhard Th\u00fcr, Stephen Todd, Julie Velissaropoulos-Karakostas, Robert W. Wallace<\/p>\n<p><strong>INDICE<\/strong><\/p>\n<p><strong>Gianluca Cuniberti<\/strong><em><br \/>\nProcedure giudiziarie e riconciliazione sociale nell&#8217;Atene di Solone<\/em>.<\/p>\n<p><strong>Domingo Aviles<\/strong><br \/>\n<em>&#8220;Arguing against the law&#8221;. Non-literal Interpretation in Attic Forensic Oratory.<\/em><\/p>\n<p><strong>Deborah Kamen<\/strong><em><br \/>\nReconsidering the Status of Kh\u00f4ris oikountes.<\/em><\/p>\n<p><strong>Mirko Canevaro<\/strong><br \/>\n<em>The Twilight of Nomothesia: Legislation in Early-Hellenistic Athens (322-301).<\/em><\/p>\n<p><strong>Rassegna Critica:<\/strong><\/p>\n<p><strong>Martin Dreher<\/strong><br \/>\n<em>\u00dcber &#8220;F. Schul<\/em>z, Die homerischen R\u00e4te und die spartanische Gerusie&#8221;.<\/p>\n<p><strong>Ifigeneia Giannadaki<\/strong><br \/>\n<em>On &#8220;C. Carey, Trials from Classical Athens&#8221;.<\/em><\/p>\n<p><strong>Alberto Maffi<\/strong><br \/>\n<em>Recensioni<\/em><\/p>\n<p><strong>Antonio Banfi<\/strong><br \/>\n<em>XVIII Symposion<\/em><\/p>\n<p><strong><em>\u00a0<\/em><\/strong><\/p>\n<p>&#8212;&#8212;&#8212;&#8212;&#8212;&#8212;&#8212;&#8212;&#8212;&#8212;&#8212;&#8212;&#8212;&#8212;&#8212;-<\/p>\n<h3>DATI BIBLIOGRAFICI<\/h3>\n<p>Direttore: Eva Cantarella, Alberto Maffi<br \/>\nEditore: Ledizioni<br \/>\nCollana: Dike<br \/>\nFormato: Brossura<br \/>\nPubblicato in: Febbraio 2013<br \/>\nISBN: 9788867053506 (cartaceo)<br \/>\nISSN <a href=\"http:\/\/acnp.unibo.it\/cgi-ser\/start\/it\/cnr\/df-p.itcl?catno=1086747&amp;libr=&amp;person=false&amp;B=2&amp;proposto=NO&amp;year_poss_from=&amp;year_poss_to=\" target=\"_blank\" rel=\"noopener\">1128-8221<\/a><\/p>\n<p>Prezzo cartaceo: 35,00 \u20ac<\/p>\n<p>Prezzo due volumi (abbonamento annuale): 60,00 \u20ac<br \/>\nAbbonamento annuale: <a href=\"mailto:g.vadala@internationalbookseller.com\">contatta la Libreria Ledi Srl<\/a><\/p>","protected":false},"excerpt":{"rendered":"<p>DIKE \u00e8 la prima rivista specificamente dedicata allo studio del diritto greco ed ellenistico: pubblica articoli sottoposti a \u201crevisione\u201d (peer<\/p>","protected":false},"featured_media":6341,"comment_status":"open","ping_status":"closed","template":"","meta":{"_acf_changed":false},"product_brand":[],"product_cat":[1120],"product_tag":[764,501],"class_list":{"0":"post-6340","1":"product","2":"type-product","3":"status-publish","4":"has-post-thumbnail","6":"product_cat-dike","7":"product_tag-open-access-2","8":"product_tag-storia-del-diritto-greco","9":"pa_accesso-open-access","10":"pa_accesso-pagamento","11":"pa_formato-cartaceo","12":"pa_formato-ebook-in-pdf","13":"pa_lingua-inglese","14":"pa_lingua-italiano","16":"first","17":"instock","18":"shipping-taxable","19":"purchasable","20":"product-type-variable"},"acf":[],"yoast_head":"<!-- This site is optimized with the Yoast SEO plugin v27.3 - https:\/\/yoast.com\/product\/yoast-seo-wordpress\/ -->\n<title>DIKE, Rivista di storia del diritto greco ed ellenistico N. 14\/2011 -<\/title>\n<meta name=\"description\" content=\"Ledizioni - Innovative Publishing. Casa editrice universitaria. Open Access. eBook, ePub. Creative Commons.\" \/>\n<meta name=\"robots\" content=\"index, follow, max-snippet:-1, max-image-preview:large, max-video-preview:-1\" \/>\n<link rel=\"canonical\" href=\"https:\/\/www.ledizioni.it\/en\/product\/dike-rivista-di-storia-del-diritto-greco-ed-ellenistico-n-142011\/\" \/>\n<meta property=\"og:locale\" content=\"en_GB\" \/>\n<meta property=\"og:type\" content=\"article\" \/>\n<meta property=\"og:title\" content=\"DIKE, Rivista di storia del diritto greco ed ellenistico N. 14\/2011 -\" \/>\n<meta property=\"og:description\" content=\"Ledizioni - Innovative Publishing. Casa editrice universitaria. Open Access. eBook, ePub. Creative Commons.\" \/>\n<meta property=\"og:url\" content=\"https:\/\/www.ledizioni.it\/en\/product\/dike-rivista-di-storia-del-diritto-greco-ed-ellenistico-n-142011\/\" \/>\n<meta property=\"og:site_name\" content=\"Ledizioni\" \/>\n<meta property=\"article:publisher\" content=\"https:\/\/www.facebook.com\/pages\/Ledizioni-LediPublishing\/109120559173329\" \/>\n<meta property=\"article:modified_time\" content=\"2019-08-01T13:50:04+00:00\" \/>\n<meta property=\"og:image\" content=\"https:\/\/www.ledizioni.it\/stag\/wp-content\/uploads\/2013\/07\/copertina_3D-715x1024.jpg\" \/>\n\t<meta property=\"og:image:width\" content=\"715\" \/>\n\t<meta property=\"og:image:height\" content=\"1024\" \/>\n\t<meta property=\"og:image:type\" content=\"image\/jpeg\" \/>\n<meta name=\"twitter:card\" content=\"summary_large_image\" \/>\n<meta name=\"twitter:site\" content=\"@ledizioni\" \/>\n<meta name=\"twitter:label1\" content=\"Estimated reading time\" \/>\n\t<meta name=\"twitter:data1\" content=\"1 minute\" \/>\n<script type=\"application\/ld+json\" class=\"yoast-schema-graph\">{\"@context\":\"https:\\\/\\\/schema.org\",\"@graph\":[{\"@type\":\"WebPage\",\"@id\":\"https:\\\/\\\/www.ledizioni.it\\\/en\\\/product\\\/dike-rivista-di-storia-del-diritto-greco-ed-ellenistico-n-142011\\\/\",\"url\":\"https:\\\/\\\/www.ledizioni.it\\\/en\\\/product\\\/dike-rivista-di-storia-del-diritto-greco-ed-ellenistico-n-142011\\\/\",\"name\":\"DIKE, Rivista di storia del diritto greco ed ellenistico N. 14\\\/2011 -\",\"isPartOf\":{\"@id\":\"https:\\\/\\\/www.ledizioni.it\\\/#website\"},\"primaryImageOfPage\":{\"@id\":\"https:\\\/\\\/www.ledizioni.it\\\/en\\\/product\\\/dike-rivista-di-storia-del-diritto-greco-ed-ellenistico-n-142011\\\/#primaryimage\"},\"image\":{\"@id\":\"https:\\\/\\\/www.ledizioni.it\\\/en\\\/product\\\/dike-rivista-di-storia-del-diritto-greco-ed-ellenistico-n-142011\\\/#primaryimage\"},\"thumbnailUrl\":\"https:\\\/\\\/www.ledizioni.it\\\/stag\\\/wp-content\\\/uploads\\\/2013\\\/07\\\/copertina_3D-715x1024.jpg\",\"datePublished\":\"2013-03-29T19:36:10+00:00\",\"dateModified\":\"2019-08-01T13:50:04+00:00\",\"description\":\"Ledizioni - Innovative Publishing. Casa editrice universitaria. Open Access. eBook, ePub. Creative Commons.\",\"breadcrumb\":{\"@id\":\"https:\\\/\\\/www.ledizioni.it\\\/en\\\/product\\\/dike-rivista-di-storia-del-diritto-greco-ed-ellenistico-n-142011\\\/#breadcrumb\"},\"inLanguage\":\"en-GB\",\"potentialAction\":[{\"@type\":\"ReadAction\",\"target\":[\"https:\\\/\\\/www.ledizioni.it\\\/en\\\/product\\\/dike-rivista-di-storia-del-diritto-greco-ed-ellenistico-n-142011\\\/\"]}]},{\"@type\":\"ImageObject\",\"inLanguage\":\"en-GB\",\"@id\":\"https:\\\/\\\/www.ledizioni.it\\\/en\\\/product\\\/dike-rivista-di-storia-del-diritto-greco-ed-ellenistico-n-142011\\\/#primaryimage\",\"url\":\"https:\\\/\\\/www.ledizioni.it\\\/stag\\\/wp-content\\\/uploads\\\/2013\\\/07\\\/copertina_3D-715x1024.jpg\",\"contentUrl\":\"https:\\\/\\\/www.ledizioni.it\\\/stag\\\/wp-content\\\/uploads\\\/2013\\\/07\\\/copertina_3D-715x1024.jpg\",\"width\":715,\"height\":1024},{\"@type\":\"BreadcrumbList\",\"@id\":\"https:\\\/\\\/www.ledizioni.it\\\/en\\\/product\\\/dike-rivista-di-storia-del-diritto-greco-ed-ellenistico-n-142011\\\/#breadcrumb\",\"itemListElement\":[{\"@type\":\"ListItem\",\"position\":1,\"name\":\"Shop\",\"item\":\"https:\\\/\\\/www.ledizioni.it\\\/shop-2\\\/\"},{\"@type\":\"ListItem\",\"position\":2,\"name\":\"DIKE, Rivista di storia del diritto greco ed ellenistico N. 14\\\/2011\"}]},{\"@type\":\"WebSite\",\"@id\":\"https:\\\/\\\/www.ledizioni.it\\\/#website\",\"url\":\"https:\\\/\\\/www.ledizioni.it\\\/\",\"name\":\"Ledizioni\",\"description\":\"The Innovative LediPublishing Company - Casa Editrice Universitaria\",\"publisher\":{\"@id\":\"https:\\\/\\\/www.ledizioni.it\\\/#organization\"},\"potentialAction\":[{\"@type\":\"SearchAction\",\"target\":{\"@type\":\"EntryPoint\",\"urlTemplate\":\"https:\\\/\\\/www.ledizioni.it\\\/?s={search_term_string}\"},\"query-input\":{\"@type\":\"PropertyValueSpecification\",\"valueRequired\":true,\"valueName\":\"search_term_string\"}}],\"inLanguage\":\"en-GB\"},{\"@type\":\"Organization\",\"@id\":\"https:\\\/\\\/www.ledizioni.it\\\/#organization\",\"name\":\"Ledizioni\",\"url\":\"https:\\\/\\\/www.ledizioni.it\\\/\",\"logo\":{\"@type\":\"ImageObject\",\"inLanguage\":\"en-GB\",\"@id\":\"https:\\\/\\\/www.ledizioni.it\\\/#\\\/schema\\\/logo\\\/image\\\/\",\"url\":\"https:\\\/\\\/www.ledizioni.it\\\/stag\\\/wp-content\\\/uploads\\\/2023\\\/10\\\/newlogoledizioni500x110_2-1.jpg\",\"contentUrl\":\"https:\\\/\\\/www.ledizioni.it\\\/stag\\\/wp-content\\\/uploads\\\/2023\\\/10\\\/newlogoledizioni500x110_2-1.jpg\",\"width\":354,\"height\":87,\"caption\":\"Ledizioni\"},\"image\":{\"@id\":\"https:\\\/\\\/www.ledizioni.it\\\/#\\\/schema\\\/logo\\\/image\\\/\"},\"sameAs\":[\"https:\\\/\\\/www.facebook.com\\\/pages\\\/Ledizioni-LediPublishing\\\/109120559173329\",\"https:\\\/\\\/x.com\\\/ledizioni\"]}]}<\/script>\n<!-- \/ Yoast SEO plugin. -->","yoast_head_json":{"title":"DIKE, Rivista di storia del diritto greco ed ellenistico N. 14\/2011 -","description":"Ledizioni - Innovative Publishing. Casa editrice universitaria. Open Access. eBook, ePub. Creative Commons.","robots":{"index":"index","follow":"follow","max-snippet":"max-snippet:-1","max-image-preview":"max-image-preview:large","max-video-preview":"max-video-preview:-1"},"canonical":"https:\/\/www.ledizioni.it\/en\/product\/dike-rivista-di-storia-del-diritto-greco-ed-ellenistico-n-142011\/","og_locale":"en_GB","og_type":"article","og_title":"DIKE, Rivista di storia del diritto greco ed ellenistico N. 14\/2011 -","og_description":"Ledizioni - Innovative Publishing. Casa editrice universitaria. Open Access. eBook, ePub. Creative Commons.","og_url":"https:\/\/www.ledizioni.it\/en\/product\/dike-rivista-di-storia-del-diritto-greco-ed-ellenistico-n-142011\/","og_site_name":"Ledizioni","article_publisher":"https:\/\/www.facebook.com\/pages\/Ledizioni-LediPublishing\/109120559173329","article_modified_time":"2019-08-01T13:50:04+00:00","og_image":[{"width":715,"height":1024,"url":"https:\/\/www.ledizioni.it\/stag\/wp-content\/uploads\/2013\/07\/copertina_3D-715x1024.jpg","type":"image\/jpeg"}],"twitter_card":"summary_large_image","twitter_site":"@ledizioni","twitter_misc":{"Estimated reading time":"1 minute"},"schema":{"@context":"https:\/\/schema.org","@graph":[{"@type":"WebPage","@id":"https:\/\/www.ledizioni.it\/en\/product\/dike-rivista-di-storia-del-diritto-greco-ed-ellenistico-n-142011\/","url":"https:\/\/www.ledizioni.it\/en\/product\/dike-rivista-di-storia-del-diritto-greco-ed-ellenistico-n-142011\/","name":"DIKE, Rivista di storia del diritto greco ed ellenistico N. 14\/2011 -","isPartOf":{"@id":"https:\/\/www.ledizioni.it\/#website"},"primaryImageOfPage":{"@id":"https:\/\/www.ledizioni.it\/en\/product\/dike-rivista-di-storia-del-diritto-greco-ed-ellenistico-n-142011\/#primaryimage"},"image":{"@id":"https:\/\/www.ledizioni.it\/en\/product\/dike-rivista-di-storia-del-diritto-greco-ed-ellenistico-n-142011\/#primaryimage"},"thumbnailUrl":"https:\/\/www.ledizioni.it\/stag\/wp-content\/uploads\/2013\/07\/copertina_3D-715x1024.jpg","datePublished":"2013-03-29T19:36:10+00:00","dateModified":"2019-08-01T13:50:04+00:00","description":"Ledizioni - Innovative Publishing. Casa editrice universitaria. Open Access. eBook, ePub. Creative Commons.","breadcrumb":{"@id":"https:\/\/www.ledizioni.it\/en\/product\/dike-rivista-di-storia-del-diritto-greco-ed-ellenistico-n-142011\/#breadcrumb"},"inLanguage":"en-GB","potentialAction":[{"@type":"ReadAction","target":["https:\/\/www.ledizioni.it\/en\/product\/dike-rivista-di-storia-del-diritto-greco-ed-ellenistico-n-142011\/"]}]},{"@type":"ImageObject","inLanguage":"en-GB","@id":"https:\/\/www.ledizioni.it\/en\/product\/dike-rivista-di-storia-del-diritto-greco-ed-ellenistico-n-142011\/#primaryimage","url":"https:\/\/www.ledizioni.it\/stag\/wp-content\/uploads\/2013\/07\/copertina_3D-715x1024.jpg","contentUrl":"https:\/\/www.ledizioni.it\/stag\/wp-content\/uploads\/2013\/07\/copertina_3D-715x1024.jpg","width":715,"height":1024},{"@type":"BreadcrumbList","@id":"https:\/\/www.ledizioni.it\/en\/product\/dike-rivista-di-storia-del-diritto-greco-ed-ellenistico-n-142011\/#breadcrumb","itemListElement":[{"@type":"ListItem","position":1,"name":"Shop","item":"https:\/\/www.ledizioni.it\/shop-2\/"},{"@type":"ListItem","position":2,"name":"DIKE, Rivista di storia del diritto greco ed ellenistico N. 14\/2011"}]},{"@type":"WebSite","@id":"https:\/\/www.ledizioni.it\/#website","url":"https:\/\/www.ledizioni.it\/","name":"Ledizioni","description":"The Innovative LediPublishing Company - Casa Editrice Universitaria","publisher":{"@id":"https:\/\/www.ledizioni.it\/#organization"},"potentialAction":[{"@type":"SearchAction","target":{"@type":"EntryPoint","urlTemplate":"https:\/\/www.ledizioni.it\/?s={search_term_string}"},"query-input":{"@type":"PropertyValueSpecification","valueRequired":true,"valueName":"search_term_string"}}],"inLanguage":"en-GB"},{"@type":"Organization","@id":"https:\/\/www.ledizioni.it\/#organization","name":"Ledizioni","url":"https:\/\/www.ledizioni.it\/","logo":{"@type":"ImageObject","inLanguage":"en-GB","@id":"https:\/\/www.ledizioni.it\/#\/schema\/logo\/image\/","url":"https:\/\/www.ledizioni.it\/stag\/wp-content\/uploads\/2023\/10\/newlogoledizioni500x110_2-1.jpg","contentUrl":"https:\/\/www.ledizioni.it\/stag\/wp-content\/uploads\/2023\/10\/newlogoledizioni500x110_2-1.jpg","width":354,"height":87,"caption":"Ledizioni"},"image":{"@id":"https:\/\/www.ledizioni.it\/#\/schema\/logo\/image\/"},"sameAs":["https:\/\/www.facebook.com\/pages\/Ledizioni-LediPublishing\/109120559173329","https:\/\/x.com\/ledizioni"]}]}},"jetpack_sharing_enabled":true,"_links":{"self":[{"href":"https:\/\/www.ledizioni.it\/en\/wp-json\/wp\/v2\/product\/6340","targetHints":{"allow":["GET"]}}],"collection":[{"href":"https:\/\/www.ledizioni.it\/en\/wp-json\/wp\/v2\/product"}],"about":[{"href":"https:\/\/www.ledizioni.it\/en\/wp-json\/wp\/v2\/types\/product"}],"replies":[{"embeddable":true,"href":"https:\/\/www.ledizioni.it\/en\/wp-json\/wp\/v2\/comments?post=6340"}],"version-history":[{"count":0,"href":"https:\/\/www.ledizioni.it\/en\/wp-json\/wp\/v2\/product\/6340\/revisions"}],"wp:featuredmedia":[{"embeddable":true,"href":"https:\/\/www.ledizioni.it\/en\/wp-json\/wp\/v2\/media\/6341"}],"wp:attachment":[{"href":"https:\/\/www.ledizioni.it\/en\/wp-json\/wp\/v2\/media?parent=6340"}],"wp:term":[{"taxonomy":"product_brand","embeddable":true,"href":"https:\/\/www.ledizioni.it\/en\/wp-json\/wp\/v2\/product_brand?post=6340"},{"taxonomy":"product_cat","embeddable":true,"href":"https:\/\/www.ledizioni.it\/en\/wp-json\/wp\/v2\/product_cat?post=6340"},{"taxonomy":"product_tag","embeddable":true,"href":"https:\/\/www.ledizioni.it\/en\/wp-json\/wp\/v2\/product_tag?post=6340"}],"curies":[{"name":"wp","href":"https:\/\/api.w.org\/{rel}","templated":true}]}}