{"id":6358,"date":"2013-03-06T20:35:15","date_gmt":"2013-03-06T20:35:15","guid":{"rendered":"http:\/\/www.ledizioni.it\/stag\/?post_type=product&#038;p=6358"},"modified":"2021-06-14T17:04:49","modified_gmt":"2021-06-14T15:04:49","slug":"martino-sacchi-la-marina-militare-italiana-da-lissa-a-oggi","status":"publish","type":"product","link":"https:\/\/www.ledizioni.it\/en\/product\/martino-sacchi-la-marina-militare-italiana-da-lissa-a-oggi\/","title":{"rendered":"Martino Sacchi, LA MARINA MILITARE ITALIANA DA LISSA A OGGI"},"content":{"rendered":"<p><strong><em>LA MARINA MILITARE ITALIANA DA LISSA A OGGI<br \/>\n<\/em><\/strong><\/p>\n<p style=\"text-align: justify;\">La Marina Militare \u00e8 una istituzione che attraversa tutta la storia del nostro paese: ripercorrerne lo sviluppo significa rileggere tutte le vicende, le scelte politiche e le condizioni economiche della nostra storia. Le navi da guerra infatti sono sempre state un concentrato della miglior tecnologia disponibile in un certo paese, e permettono quindi di ripercorrerne la storia industriale e finanziaria. Inoltre lo sviluppo di una Marina \u00e8 sempre condizionato dalle scelte di politica estera, e anche in questo caso studiare la storia di una flotta permette di osservare in controluce la politica di un paese. Ci proponiamo dunque di considerare la Marina Militare italiana come il punto di intersezione di problematiche tecnologiche, politiche, sociali, oltre che naturalmente militari, legate alla storia del nostro paese.<br \/>\nLa Marina Militare Italiana nacque ufficialmente il 17 marzo 1861, insieme allo Stato italiano. In tutto comprendeva un vascello, undici fregate, ventisei corvette, dieci avvisi, nove cannoniere, sei brigantini, due golette e altre unit\u00e0 minori. Si trattava di una squadra del tutto eterogenea, nata dalla semplice somma delle flotte preunitarie. Parte assolutamente preponderante avevano la unit\u00e0 che avevano servito nella marina piemontese e in quella napoletana. Tutte le navi erano ancora in legno e solo la met\u00e0 disponeva di macchine a vapore, per lo pi\u00f9 solo ausiliarie dal momento che tutte le unit\u00e0 avevano ancora alberi e vele.<br \/>\nDi per s\u00e9, il nucleo della flotta, composto dalle fregate sarde, non era particolarmente vecchio o arretrato. Sfortunatamente per il neonato Stato, proprio in quegli anni la tecnologia navale stava facendo il primo grande balzo in avanti dopo secoli di immobilit\u00e0 quasi completa. Durante la guerra russo-turca e poi durante la guerra di Crimea (1853-56) erano stati sperimentati i proiettili esplosivi e le prime rozze corazzature sulle navi. Nel 1859 la Francia aveva varato la prima vera corazzata, la famosa Gloire, e subito dopo gli inglesi avevano replicato con la Warrior, la prima nave da guerra al mondo completamente in ferro.<\/p>\n<h3><span style=\"color: #000000;\">DATI BIBLIOGRAFICI<\/span><\/h3>\n<p>Autore: Martino Sacchi<br \/>\nEditore: Ledizioni<br \/>\nFormato: eBook<br \/>\nPubblicato in: Marzo 2013<br \/>\nISBN eBook: 9788867050772<br \/>\nPrezzo eBook: 2,99 \u20ac<\/p>","protected":false},"excerpt":{"rendered":"<p>LA MARINA MILITARE ITALIANA DA LISSA A OGGI La Marina Militare \u00e8 una istituzione che attraversa tutta la storia del<\/p>","protected":false},"featured_media":7215,"comment_status":"open","ping_status":"closed","template":"","meta":{"_acf_changed":false},"product_brand":[],"product_cat":[384],"product_tag":[702,1113,846],"class_list":{"0":"post-6358","1":"product","2":"type-product","3":"status-publish","4":"has-post-thumbnail","6":"product_cat-history","7":"product_tag-guerra","8":"product_tag-marina-militare-italiana","9":"product_tag-storia-italiana","10":"pa_formato-ebook-in-epub","11":"pa_lingua-italiano","13":"first","14":"instock","15":"downloadable","16":"shipping-taxable","17":"purchasable","18":"product-type-simple"},"acf":[],"yoast_head":"<!-- This site is optimized with the Yoast SEO plugin v27.3 - https:\/\/yoast.com\/product\/yoast-seo-wordpress\/ -->\n<title>Martino Sacchi, LA MARINA MILITARE ITALIANA DA LISSA A OGGI -<\/title>\n<meta name=\"description\" content=\"Ledizioni - Innovative Publishing. Casa editrice universitaria. Open Access. eBook, ePub. Creative Commons.\" \/>\n<meta name=\"robots\" content=\"index, follow, max-snippet:-1, max-image-preview:large, max-video-preview:-1\" \/>\n<link rel=\"canonical\" href=\"https:\/\/www.ledizioni.it\/en\/product\/martino-sacchi-la-marina-militare-italiana-da-lissa-a-oggi\/\" \/>\n<meta property=\"og:locale\" content=\"en_GB\" \/>\n<meta property=\"og:type\" content=\"article\" \/>\n<meta property=\"og:title\" content=\"Martino Sacchi, LA MARINA MILITARE ITALIANA DA LISSA A OGGI -\" \/>\n<meta property=\"og:description\" content=\"Ledizioni - Innovative Publishing. Casa editrice universitaria. Open Access. eBook, ePub. Creative Commons.\" \/>\n<meta property=\"og:url\" content=\"https:\/\/www.ledizioni.it\/en\/product\/martino-sacchi-la-marina-militare-italiana-da-lissa-a-oggi\/\" \/>\n<meta property=\"og:site_name\" content=\"Ledizioni\" \/>\n<meta property=\"article:publisher\" content=\"https:\/\/www.facebook.com\/pages\/Ledizioni-LediPublishing\/109120559173329\" \/>\n<meta property=\"article:modified_time\" content=\"2021-06-14T15:04:49+00:00\" \/>\n<meta property=\"og:image\" content=\"https:\/\/www.ledizioni.it\/stag\/wp-content\/uploads\/2013\/03\/sacchi3d_1.jpg\" \/>\n\t<meta property=\"og:image:width\" content=\"1334\" \/>\n\t<meta property=\"og:image:height\" content=\"1822\" \/>\n\t<meta property=\"og:image:type\" content=\"image\/jpeg\" \/>\n<meta name=\"twitter:card\" content=\"summary_large_image\" \/>\n<meta name=\"twitter:site\" content=\"@ledizioni\" \/>\n<meta name=\"twitter:label1\" content=\"Estimated reading time\" \/>\n\t<meta name=\"twitter:data1\" content=\"2 minutes\" \/>\n<script type=\"application\/ld+json\" class=\"yoast-schema-graph\">{\"@context\":\"https:\\\/\\\/schema.org\",\"@graph\":[{\"@type\":\"WebPage\",\"@id\":\"https:\\\/\\\/www.ledizioni.it\\\/prodotto\\\/martino-sacchi-la-marina-militare-italiana-da-lissa-a-oggi\\\/\",\"url\":\"https:\\\/\\\/www.ledizioni.it\\\/prodotto\\\/martino-sacchi-la-marina-militare-italiana-da-lissa-a-oggi\\\/\",\"name\":\"Martino Sacchi, LA MARINA MILITARE ITALIANA DA LISSA A OGGI -\",\"isPartOf\":{\"@id\":\"https:\\\/\\\/www.ledizioni.it\\\/#website\"},\"primaryImageOfPage\":{\"@id\":\"https:\\\/\\\/www.ledizioni.it\\\/prodotto\\\/martino-sacchi-la-marina-militare-italiana-da-lissa-a-oggi\\\/#primaryimage\"},\"image\":{\"@id\":\"https:\\\/\\\/www.ledizioni.it\\\/prodotto\\\/martino-sacchi-la-marina-militare-italiana-da-lissa-a-oggi\\\/#primaryimage\"},\"thumbnailUrl\":\"https:\\\/\\\/www.ledizioni.it\\\/stag\\\/wp-content\\\/uploads\\\/2013\\\/03\\\/sacchi3d_1.jpg\",\"datePublished\":\"2013-03-06T20:35:15+00:00\",\"dateModified\":\"2021-06-14T15:04:49+00:00\",\"description\":\"Ledizioni - Innovative Publishing. Casa editrice universitaria. Open Access. eBook, ePub. Creative Commons.\",\"breadcrumb\":{\"@id\":\"https:\\\/\\\/www.ledizioni.it\\\/prodotto\\\/martino-sacchi-la-marina-militare-italiana-da-lissa-a-oggi\\\/#breadcrumb\"},\"inLanguage\":\"en-GB\",\"potentialAction\":[{\"@type\":\"ReadAction\",\"target\":[\"https:\\\/\\\/www.ledizioni.it\\\/prodotto\\\/martino-sacchi-la-marina-militare-italiana-da-lissa-a-oggi\\\/\"]}]},{\"@type\":\"ImageObject\",\"inLanguage\":\"en-GB\",\"@id\":\"https:\\\/\\\/www.ledizioni.it\\\/prodotto\\\/martino-sacchi-la-marina-militare-italiana-da-lissa-a-oggi\\\/#primaryimage\",\"url\":\"https:\\\/\\\/www.ledizioni.it\\\/stag\\\/wp-content\\\/uploads\\\/2013\\\/03\\\/sacchi3d_1.jpg\",\"contentUrl\":\"https:\\\/\\\/www.ledizioni.it\\\/stag\\\/wp-content\\\/uploads\\\/2013\\\/03\\\/sacchi3d_1.jpg\",\"width\":1334,\"height\":1822},{\"@type\":\"BreadcrumbList\",\"@id\":\"https:\\\/\\\/www.ledizioni.it\\\/prodotto\\\/martino-sacchi-la-marina-militare-italiana-da-lissa-a-oggi\\\/#breadcrumb\",\"itemListElement\":[{\"@type\":\"ListItem\",\"position\":1,\"name\":\"Shop\",\"item\":\"https:\\\/\\\/www.ledizioni.it\\\/shop-2\\\/\"},{\"@type\":\"ListItem\",\"position\":2,\"name\":\"Martino Sacchi, LA MARINA MILITARE ITALIANA DA LISSA A OGGI\"}]},{\"@type\":\"WebSite\",\"@id\":\"https:\\\/\\\/www.ledizioni.it\\\/#website\",\"url\":\"https:\\\/\\\/www.ledizioni.it\\\/\",\"name\":\"Ledizioni\",\"description\":\"The Innovative LediPublishing Company - Casa Editrice Universitaria\",\"publisher\":{\"@id\":\"https:\\\/\\\/www.ledizioni.it\\\/#organization\"},\"potentialAction\":[{\"@type\":\"SearchAction\",\"target\":{\"@type\":\"EntryPoint\",\"urlTemplate\":\"https:\\\/\\\/www.ledizioni.it\\\/?s={search_term_string}\"},\"query-input\":{\"@type\":\"PropertyValueSpecification\",\"valueRequired\":true,\"valueName\":\"search_term_string\"}}],\"inLanguage\":\"en-GB\"},{\"@type\":\"Organization\",\"@id\":\"https:\\\/\\\/www.ledizioni.it\\\/#organization\",\"name\":\"Ledizioni\",\"url\":\"https:\\\/\\\/www.ledizioni.it\\\/\",\"logo\":{\"@type\":\"ImageObject\",\"inLanguage\":\"en-GB\",\"@id\":\"https:\\\/\\\/www.ledizioni.it\\\/#\\\/schema\\\/logo\\\/image\\\/\",\"url\":\"https:\\\/\\\/www.ledizioni.it\\\/stag\\\/wp-content\\\/uploads\\\/2023\\\/10\\\/newlogoledizioni500x110_2-1.jpg\",\"contentUrl\":\"https:\\\/\\\/www.ledizioni.it\\\/stag\\\/wp-content\\\/uploads\\\/2023\\\/10\\\/newlogoledizioni500x110_2-1.jpg\",\"width\":354,\"height\":87,\"caption\":\"Ledizioni\"},\"image\":{\"@id\":\"https:\\\/\\\/www.ledizioni.it\\\/#\\\/schema\\\/logo\\\/image\\\/\"},\"sameAs\":[\"https:\\\/\\\/www.facebook.com\\\/pages\\\/Ledizioni-LediPublishing\\\/109120559173329\",\"https:\\\/\\\/x.com\\\/ledizioni\"]}]}<\/script>\n<!-- \/ Yoast SEO plugin. -->","yoast_head_json":{"title":"Martino Sacchi, LA MARINA MILITARE ITALIANA DA LISSA A OGGI -","description":"Ledizioni - Innovative Publishing. Casa editrice universitaria. Open Access. eBook, ePub. Creative Commons.","robots":{"index":"index","follow":"follow","max-snippet":"max-snippet:-1","max-image-preview":"max-image-preview:large","max-video-preview":"max-video-preview:-1"},"canonical":"https:\/\/www.ledizioni.it\/en\/product\/martino-sacchi-la-marina-militare-italiana-da-lissa-a-oggi\/","og_locale":"en_GB","og_type":"article","og_title":"Martino Sacchi, LA MARINA MILITARE ITALIANA DA LISSA A OGGI -","og_description":"Ledizioni - Innovative Publishing. Casa editrice universitaria. Open Access. eBook, ePub. Creative Commons.","og_url":"https:\/\/www.ledizioni.it\/en\/product\/martino-sacchi-la-marina-militare-italiana-da-lissa-a-oggi\/","og_site_name":"Ledizioni","article_publisher":"https:\/\/www.facebook.com\/pages\/Ledizioni-LediPublishing\/109120559173329","article_modified_time":"2021-06-14T15:04:49+00:00","og_image":[{"width":1334,"height":1822,"url":"https:\/\/www.ledizioni.it\/stag\/wp-content\/uploads\/2013\/03\/sacchi3d_1.jpg","type":"image\/jpeg"}],"twitter_card":"summary_large_image","twitter_site":"@ledizioni","twitter_misc":{"Estimated reading time":"2 minutes"},"schema":{"@context":"https:\/\/schema.org","@graph":[{"@type":"WebPage","@id":"https:\/\/www.ledizioni.it\/prodotto\/martino-sacchi-la-marina-militare-italiana-da-lissa-a-oggi\/","url":"https:\/\/www.ledizioni.it\/prodotto\/martino-sacchi-la-marina-militare-italiana-da-lissa-a-oggi\/","name":"Martino Sacchi, LA MARINA MILITARE ITALIANA DA LISSA A OGGI -","isPartOf":{"@id":"https:\/\/www.ledizioni.it\/#website"},"primaryImageOfPage":{"@id":"https:\/\/www.ledizioni.it\/prodotto\/martino-sacchi-la-marina-militare-italiana-da-lissa-a-oggi\/#primaryimage"},"image":{"@id":"https:\/\/www.ledizioni.it\/prodotto\/martino-sacchi-la-marina-militare-italiana-da-lissa-a-oggi\/#primaryimage"},"thumbnailUrl":"https:\/\/www.ledizioni.it\/stag\/wp-content\/uploads\/2013\/03\/sacchi3d_1.jpg","datePublished":"2013-03-06T20:35:15+00:00","dateModified":"2021-06-14T15:04:49+00:00","description":"Ledizioni - Innovative Publishing. Casa editrice universitaria. Open Access. eBook, ePub. Creative Commons.","breadcrumb":{"@id":"https:\/\/www.ledizioni.it\/prodotto\/martino-sacchi-la-marina-militare-italiana-da-lissa-a-oggi\/#breadcrumb"},"inLanguage":"en-GB","potentialAction":[{"@type":"ReadAction","target":["https:\/\/www.ledizioni.it\/prodotto\/martino-sacchi-la-marina-militare-italiana-da-lissa-a-oggi\/"]}]},{"@type":"ImageObject","inLanguage":"en-GB","@id":"https:\/\/www.ledizioni.it\/prodotto\/martino-sacchi-la-marina-militare-italiana-da-lissa-a-oggi\/#primaryimage","url":"https:\/\/www.ledizioni.it\/stag\/wp-content\/uploads\/2013\/03\/sacchi3d_1.jpg","contentUrl":"https:\/\/www.ledizioni.it\/stag\/wp-content\/uploads\/2013\/03\/sacchi3d_1.jpg","width":1334,"height":1822},{"@type":"BreadcrumbList","@id":"https:\/\/www.ledizioni.it\/prodotto\/martino-sacchi-la-marina-militare-italiana-da-lissa-a-oggi\/#breadcrumb","itemListElement":[{"@type":"ListItem","position":1,"name":"Shop","item":"https:\/\/www.ledizioni.it\/shop-2\/"},{"@type":"ListItem","position":2,"name":"Martino Sacchi, LA MARINA MILITARE ITALIANA DA LISSA A OGGI"}]},{"@type":"WebSite","@id":"https:\/\/www.ledizioni.it\/#website","url":"https:\/\/www.ledizioni.it\/","name":"Ledizioni","description":"The Innovative LediPublishing Company - Casa Editrice Universitaria","publisher":{"@id":"https:\/\/www.ledizioni.it\/#organization"},"potentialAction":[{"@type":"SearchAction","target":{"@type":"EntryPoint","urlTemplate":"https:\/\/www.ledizioni.it\/?s={search_term_string}"},"query-input":{"@type":"PropertyValueSpecification","valueRequired":true,"valueName":"search_term_string"}}],"inLanguage":"en-GB"},{"@type":"Organization","@id":"https:\/\/www.ledizioni.it\/#organization","name":"Ledizioni","url":"https:\/\/www.ledizioni.it\/","logo":{"@type":"ImageObject","inLanguage":"en-GB","@id":"https:\/\/www.ledizioni.it\/#\/schema\/logo\/image\/","url":"https:\/\/www.ledizioni.it\/stag\/wp-content\/uploads\/2023\/10\/newlogoledizioni500x110_2-1.jpg","contentUrl":"https:\/\/www.ledizioni.it\/stag\/wp-content\/uploads\/2023\/10\/newlogoledizioni500x110_2-1.jpg","width":354,"height":87,"caption":"Ledizioni"},"image":{"@id":"https:\/\/www.ledizioni.it\/#\/schema\/logo\/image\/"},"sameAs":["https:\/\/www.facebook.com\/pages\/Ledizioni-LediPublishing\/109120559173329","https:\/\/x.com\/ledizioni"]}]}},"jetpack_sharing_enabled":true,"_links":{"self":[{"href":"https:\/\/www.ledizioni.it\/en\/wp-json\/wp\/v2\/product\/6358","targetHints":{"allow":["GET"]}}],"collection":[{"href":"https:\/\/www.ledizioni.it\/en\/wp-json\/wp\/v2\/product"}],"about":[{"href":"https:\/\/www.ledizioni.it\/en\/wp-json\/wp\/v2\/types\/product"}],"replies":[{"embeddable":true,"href":"https:\/\/www.ledizioni.it\/en\/wp-json\/wp\/v2\/comments?post=6358"}],"version-history":[{"count":0,"href":"https:\/\/www.ledizioni.it\/en\/wp-json\/wp\/v2\/product\/6358\/revisions"}],"wp:featuredmedia":[{"embeddable":true,"href":"https:\/\/www.ledizioni.it\/en\/wp-json\/wp\/v2\/media\/7215"}],"wp:attachment":[{"href":"https:\/\/www.ledizioni.it\/en\/wp-json\/wp\/v2\/media?parent=6358"}],"wp:term":[{"taxonomy":"product_brand","embeddable":true,"href":"https:\/\/www.ledizioni.it\/en\/wp-json\/wp\/v2\/product_brand?post=6358"},{"taxonomy":"product_cat","embeddable":true,"href":"https:\/\/www.ledizioni.it\/en\/wp-json\/wp\/v2\/product_cat?post=6358"},{"taxonomy":"product_tag","embeddable":true,"href":"https:\/\/www.ledizioni.it\/en\/wp-json\/wp\/v2\/product_tag?post=6358"}],"curies":[{"name":"wp","href":"https:\/\/api.w.org\/{rel}","templated":true}]}}