{"id":6360,"date":"2013-03-06T20:37:07","date_gmt":"2013-03-06T20:37:07","guid":{"rendered":"http:\/\/www.ledizioni.it\/stag\/?post_type=product&#038;p=6360"},"modified":"2021-06-14T17:02:15","modified_gmt":"2021-06-14T15:02:15","slug":"martino-sacchi-nelson-le-grandi-vittorie-della-royal-navy","status":"publish","type":"product","link":"https:\/\/www.ledizioni.it\/en\/product\/martino-sacchi-nelson-le-grandi-vittorie-della-royal-navy\/","title":{"rendered":"Martino Sacchi, NELSON &#8211; le grandi vittorie della Royal Navy"},"content":{"rendered":"<p style=\"text-align: justify;\"><em><strong>NELSON<\/strong><\/em><\/p>\n<p style=\"text-align: justify;\"><em><strong>Le grandi vittorie della Royal Navy.<\/strong><\/em><\/p>\n<p style=\"text-align: justify;\">Chi controlla il mare controlla la terra: questa \u00e8 una delle verit\u00e0 pi\u00f9 chiaramente insegnate dalla storia antica e recente. Chi vive sulla terraferma \u00e8 abituato a pensare al mare solo come un confine, un ostacolo, al limite come una protezione: in realt\u00e0 \u00e8 esattamente il contrario. Chi controlla l&#8217;elemento marino ha la possibilit\u00e0 di spostare con rapidit\u00e0 grandi quantit\u00e0 di uomini e di materiali, sia per incrementare la propria ricchezza economica (in tempo di pace) sia per attaccare i punti pi\u00f9 deboli del nemico (in caso di guerra). Chi controlla il mare perci\u00f2 controlla la terra,\u00a0 perch\u00e9 controlla le vie di rifornimento necessarie a qualunque forma di vita organizzata, e questo vale sia nel passato sia nel presente.<br \/>\nAtene, per esempio, divenne il centro del mondo greco grazie all&#8217;egemonia marittima da essa esercitata nel corso del V secolo a.C. Anche il luogo comune secondo cui la massima potenza del mondo antico, Roma, \u00e8 stata una potenza essenzialmente terrestre, non corrisponde pienamente alla verit\u00e0 storica. Questa impressione nasce dal fatto che Roma dovette affrontare una sola volta una guerra globale sul mare, quando si confront\u00f2 con Cartagine, tradizionalmente potenza marittima. La citt\u00e0 latina riusc\u00ec a vincere solo acquisendo a sua volta la tecnologia e il know-how necessari al combattimento navale, di cui era sprovvista fino a quel momento. Dopo aver sconfitto Cartagine, Roma non dovette affrontare pi\u00f9 nessuna potenza navale degna di questo nome, e la flotta militare, una volta debellato il pericolo dei pirati, rest\u00f2 praticamente inattiva.<\/p>\n<h3><span style=\"color: #000000;\">DATI BIBLIOGRAFICI<\/span><\/h3>\n<p>Autore: Martino Sacchi<br \/>\nEditore: Ledizioni<br \/>\nFormato: eBook<br \/>\nPubblicato in: Marzo 2013<br \/>\nISBN eBook:\u00a09788867050789<br \/>\nPrezzo eBook: 2,99 \u20ac<\/p>","protected":false},"excerpt":{"rendered":"<p>NELSON Le grandi vittorie della Royal Navy. Chi controlla il mare controlla la terra: questa \u00e8 una delle verit\u00e0 pi\u00f9<\/p>","protected":false},"featured_media":7216,"comment_status":"open","ping_status":"closed","template":"","meta":{"_acf_changed":false},"product_brand":[],"product_cat":[384],"product_tag":[702],"class_list":{"0":"post-6360","1":"product","2":"type-product","3":"status-publish","4":"has-post-thumbnail","6":"product_cat-history","7":"product_tag-guerra","8":"pa_formato-ebook-in-epub","9":"pa_lingua-italiano","11":"first","12":"instock","13":"downloadable","14":"shipping-taxable","15":"purchasable","16":"product-type-simple"},"acf":[],"yoast_head":"<!-- This site is optimized with the Yoast SEO plugin v27.4 - https:\/\/yoast.com\/product\/yoast-seo-wordpress\/ -->\n<title>Martino Sacchi, NELSON - le grandi vittorie della Royal Navy -<\/title>\n<meta name=\"description\" content=\"Ledizioni - Innovative Publishing. Casa editrice universitaria. Open Access. eBook, ePub. Creative Commons.\" \/>\n<meta name=\"robots\" content=\"index, follow, max-snippet:-1, max-image-preview:large, max-video-preview:-1\" \/>\n<link rel=\"canonical\" href=\"https:\/\/www.ledizioni.it\/en\/product\/martino-sacchi-nelson-le-grandi-vittorie-della-royal-navy\/\" \/>\n<meta property=\"og:locale\" content=\"en_GB\" \/>\n<meta property=\"og:type\" content=\"article\" \/>\n<meta property=\"og:title\" content=\"Martino Sacchi, NELSON - le grandi vittorie della Royal Navy -\" \/>\n<meta property=\"og:description\" content=\"Ledizioni - Innovative Publishing. Casa editrice universitaria. Open Access. eBook, ePub. Creative Commons.\" \/>\n<meta property=\"og:url\" content=\"https:\/\/www.ledizioni.it\/en\/product\/martino-sacchi-nelson-le-grandi-vittorie-della-royal-navy\/\" \/>\n<meta property=\"og:site_name\" content=\"Ledizioni\" \/>\n<meta property=\"article:publisher\" content=\"https:\/\/www.facebook.com\/pages\/Ledizioni-LediPublishing\/109120559173329\" \/>\n<meta property=\"article:modified_time\" content=\"2021-06-14T15:02:15+00:00\" \/>\n<meta property=\"og:image\" content=\"https:\/\/www.ledizioni.it\/stag\/wp-content\/uploads\/2013\/03\/sacchi3d_11.jpg\" \/>\n\t<meta property=\"og:image:width\" content=\"1388\" \/>\n\t<meta property=\"og:image:height\" content=\"1896\" \/>\n\t<meta property=\"og:image:type\" content=\"image\/jpeg\" \/>\n<meta name=\"twitter:card\" content=\"summary_large_image\" \/>\n<meta name=\"twitter:site\" content=\"@ledizioni\" \/>\n<meta name=\"twitter:label1\" content=\"Estimated reading time\" \/>\n\t<meta name=\"twitter:data1\" content=\"1 minute\" \/>\n<script type=\"application\/ld+json\" class=\"yoast-schema-graph\">{\"@context\":\"https:\\\/\\\/schema.org\",\"@graph\":[{\"@type\":\"WebPage\",\"@id\":\"https:\\\/\\\/www.ledizioni.it\\\/prodotto\\\/martino-sacchi-nelson-le-grandi-vittorie-della-royal-navy\\\/\",\"url\":\"https:\\\/\\\/www.ledizioni.it\\\/prodotto\\\/martino-sacchi-nelson-le-grandi-vittorie-della-royal-navy\\\/\",\"name\":\"Martino Sacchi, NELSON - le grandi vittorie della Royal Navy -\",\"isPartOf\":{\"@id\":\"https:\\\/\\\/www.ledizioni.it\\\/#website\"},\"primaryImageOfPage\":{\"@id\":\"https:\\\/\\\/www.ledizioni.it\\\/prodotto\\\/martino-sacchi-nelson-le-grandi-vittorie-della-royal-navy\\\/#primaryimage\"},\"image\":{\"@id\":\"https:\\\/\\\/www.ledizioni.it\\\/prodotto\\\/martino-sacchi-nelson-le-grandi-vittorie-della-royal-navy\\\/#primaryimage\"},\"thumbnailUrl\":\"https:\\\/\\\/www.ledizioni.it\\\/stag\\\/wp-content\\\/uploads\\\/2013\\\/03\\\/sacchi3d_11.jpg\",\"datePublished\":\"2013-03-06T20:37:07+00:00\",\"dateModified\":\"2021-06-14T15:02:15+00:00\",\"description\":\"Ledizioni - Innovative Publishing. Casa editrice universitaria. Open Access. eBook, ePub. Creative Commons.\",\"breadcrumb\":{\"@id\":\"https:\\\/\\\/www.ledizioni.it\\\/prodotto\\\/martino-sacchi-nelson-le-grandi-vittorie-della-royal-navy\\\/#breadcrumb\"},\"inLanguage\":\"en-GB\",\"potentialAction\":[{\"@type\":\"ReadAction\",\"target\":[\"https:\\\/\\\/www.ledizioni.it\\\/prodotto\\\/martino-sacchi-nelson-le-grandi-vittorie-della-royal-navy\\\/\"]}]},{\"@type\":\"ImageObject\",\"inLanguage\":\"en-GB\",\"@id\":\"https:\\\/\\\/www.ledizioni.it\\\/prodotto\\\/martino-sacchi-nelson-le-grandi-vittorie-della-royal-navy\\\/#primaryimage\",\"url\":\"https:\\\/\\\/www.ledizioni.it\\\/stag\\\/wp-content\\\/uploads\\\/2013\\\/03\\\/sacchi3d_11.jpg\",\"contentUrl\":\"https:\\\/\\\/www.ledizioni.it\\\/stag\\\/wp-content\\\/uploads\\\/2013\\\/03\\\/sacchi3d_11.jpg\",\"width\":1388,\"height\":1896},{\"@type\":\"BreadcrumbList\",\"@id\":\"https:\\\/\\\/www.ledizioni.it\\\/prodotto\\\/martino-sacchi-nelson-le-grandi-vittorie-della-royal-navy\\\/#breadcrumb\",\"itemListElement\":[{\"@type\":\"ListItem\",\"position\":1,\"name\":\"Shop\",\"item\":\"https:\\\/\\\/www.ledizioni.it\\\/shop-2\\\/\"},{\"@type\":\"ListItem\",\"position\":2,\"name\":\"Martino Sacchi, NELSON &#8211; le grandi vittorie della Royal Navy\"}]},{\"@type\":\"WebSite\",\"@id\":\"https:\\\/\\\/www.ledizioni.it\\\/#website\",\"url\":\"https:\\\/\\\/www.ledizioni.it\\\/\",\"name\":\"Ledizioni\",\"description\":\"The Innovative LediPublishing Company - Casa Editrice Universitaria\",\"publisher\":{\"@id\":\"https:\\\/\\\/www.ledizioni.it\\\/#organization\"},\"potentialAction\":[{\"@type\":\"SearchAction\",\"target\":{\"@type\":\"EntryPoint\",\"urlTemplate\":\"https:\\\/\\\/www.ledizioni.it\\\/?s={search_term_string}\"},\"query-input\":{\"@type\":\"PropertyValueSpecification\",\"valueRequired\":true,\"valueName\":\"search_term_string\"}}],\"inLanguage\":\"en-GB\"},{\"@type\":\"Organization\",\"@id\":\"https:\\\/\\\/www.ledizioni.it\\\/#organization\",\"name\":\"Ledizioni\",\"url\":\"https:\\\/\\\/www.ledizioni.it\\\/\",\"logo\":{\"@type\":\"ImageObject\",\"inLanguage\":\"en-GB\",\"@id\":\"https:\\\/\\\/www.ledizioni.it\\\/#\\\/schema\\\/logo\\\/image\\\/\",\"url\":\"https:\\\/\\\/www.ledizioni.it\\\/stag\\\/wp-content\\\/uploads\\\/2023\\\/10\\\/newlogoledizioni500x110_2-1.jpg\",\"contentUrl\":\"https:\\\/\\\/www.ledizioni.it\\\/stag\\\/wp-content\\\/uploads\\\/2023\\\/10\\\/newlogoledizioni500x110_2-1.jpg\",\"width\":354,\"height\":87,\"caption\":\"Ledizioni\"},\"image\":{\"@id\":\"https:\\\/\\\/www.ledizioni.it\\\/#\\\/schema\\\/logo\\\/image\\\/\"},\"sameAs\":[\"https:\\\/\\\/www.facebook.com\\\/pages\\\/Ledizioni-LediPublishing\\\/109120559173329\",\"https:\\\/\\\/x.com\\\/ledizioni\"]}]}<\/script>\n<!-- \/ Yoast SEO plugin. -->","yoast_head_json":{"title":"Martino Sacchi, NELSON - le grandi vittorie della Royal Navy -","description":"Ledizioni - Innovative Publishing. Casa editrice universitaria. Open Access. eBook, ePub. Creative Commons.","robots":{"index":"index","follow":"follow","max-snippet":"max-snippet:-1","max-image-preview":"max-image-preview:large","max-video-preview":"max-video-preview:-1"},"canonical":"https:\/\/www.ledizioni.it\/en\/product\/martino-sacchi-nelson-le-grandi-vittorie-della-royal-navy\/","og_locale":"en_GB","og_type":"article","og_title":"Martino Sacchi, NELSON - le grandi vittorie della Royal Navy -","og_description":"Ledizioni - Innovative Publishing. Casa editrice universitaria. Open Access. eBook, ePub. Creative Commons.","og_url":"https:\/\/www.ledizioni.it\/en\/product\/martino-sacchi-nelson-le-grandi-vittorie-della-royal-navy\/","og_site_name":"Ledizioni","article_publisher":"https:\/\/www.facebook.com\/pages\/Ledizioni-LediPublishing\/109120559173329","article_modified_time":"2021-06-14T15:02:15+00:00","og_image":[{"width":1388,"height":1896,"url":"https:\/\/www.ledizioni.it\/stag\/wp-content\/uploads\/2013\/03\/sacchi3d_11.jpg","type":"image\/jpeg"}],"twitter_card":"summary_large_image","twitter_site":"@ledizioni","twitter_misc":{"Estimated reading time":"1 minute"},"schema":{"@context":"https:\/\/schema.org","@graph":[{"@type":"WebPage","@id":"https:\/\/www.ledizioni.it\/prodotto\/martino-sacchi-nelson-le-grandi-vittorie-della-royal-navy\/","url":"https:\/\/www.ledizioni.it\/prodotto\/martino-sacchi-nelson-le-grandi-vittorie-della-royal-navy\/","name":"Martino Sacchi, NELSON - le grandi vittorie della Royal Navy -","isPartOf":{"@id":"https:\/\/www.ledizioni.it\/#website"},"primaryImageOfPage":{"@id":"https:\/\/www.ledizioni.it\/prodotto\/martino-sacchi-nelson-le-grandi-vittorie-della-royal-navy\/#primaryimage"},"image":{"@id":"https:\/\/www.ledizioni.it\/prodotto\/martino-sacchi-nelson-le-grandi-vittorie-della-royal-navy\/#primaryimage"},"thumbnailUrl":"https:\/\/www.ledizioni.it\/stag\/wp-content\/uploads\/2013\/03\/sacchi3d_11.jpg","datePublished":"2013-03-06T20:37:07+00:00","dateModified":"2021-06-14T15:02:15+00:00","description":"Ledizioni - Innovative Publishing. Casa editrice universitaria. Open Access. eBook, ePub. Creative Commons.","breadcrumb":{"@id":"https:\/\/www.ledizioni.it\/prodotto\/martino-sacchi-nelson-le-grandi-vittorie-della-royal-navy\/#breadcrumb"},"inLanguage":"en-GB","potentialAction":[{"@type":"ReadAction","target":["https:\/\/www.ledizioni.it\/prodotto\/martino-sacchi-nelson-le-grandi-vittorie-della-royal-navy\/"]}]},{"@type":"ImageObject","inLanguage":"en-GB","@id":"https:\/\/www.ledizioni.it\/prodotto\/martino-sacchi-nelson-le-grandi-vittorie-della-royal-navy\/#primaryimage","url":"https:\/\/www.ledizioni.it\/stag\/wp-content\/uploads\/2013\/03\/sacchi3d_11.jpg","contentUrl":"https:\/\/www.ledizioni.it\/stag\/wp-content\/uploads\/2013\/03\/sacchi3d_11.jpg","width":1388,"height":1896},{"@type":"BreadcrumbList","@id":"https:\/\/www.ledizioni.it\/prodotto\/martino-sacchi-nelson-le-grandi-vittorie-della-royal-navy\/#breadcrumb","itemListElement":[{"@type":"ListItem","position":1,"name":"Shop","item":"https:\/\/www.ledizioni.it\/shop-2\/"},{"@type":"ListItem","position":2,"name":"Martino Sacchi, NELSON &#8211; le grandi vittorie della Royal Navy"}]},{"@type":"WebSite","@id":"https:\/\/www.ledizioni.it\/#website","url":"https:\/\/www.ledizioni.it\/","name":"Ledizioni","description":"The Innovative LediPublishing Company - Casa Editrice Universitaria","publisher":{"@id":"https:\/\/www.ledizioni.it\/#organization"},"potentialAction":[{"@type":"SearchAction","target":{"@type":"EntryPoint","urlTemplate":"https:\/\/www.ledizioni.it\/?s={search_term_string}"},"query-input":{"@type":"PropertyValueSpecification","valueRequired":true,"valueName":"search_term_string"}}],"inLanguage":"en-GB"},{"@type":"Organization","@id":"https:\/\/www.ledizioni.it\/#organization","name":"Ledizioni","url":"https:\/\/www.ledizioni.it\/","logo":{"@type":"ImageObject","inLanguage":"en-GB","@id":"https:\/\/www.ledizioni.it\/#\/schema\/logo\/image\/","url":"https:\/\/www.ledizioni.it\/stag\/wp-content\/uploads\/2023\/10\/newlogoledizioni500x110_2-1.jpg","contentUrl":"https:\/\/www.ledizioni.it\/stag\/wp-content\/uploads\/2023\/10\/newlogoledizioni500x110_2-1.jpg","width":354,"height":87,"caption":"Ledizioni"},"image":{"@id":"https:\/\/www.ledizioni.it\/#\/schema\/logo\/image\/"},"sameAs":["https:\/\/www.facebook.com\/pages\/Ledizioni-LediPublishing\/109120559173329","https:\/\/x.com\/ledizioni"]}]}},"jetpack_sharing_enabled":true,"_links":{"self":[{"href":"https:\/\/www.ledizioni.it\/en\/wp-json\/wp\/v2\/product\/6360","targetHints":{"allow":["GET"]}}],"collection":[{"href":"https:\/\/www.ledizioni.it\/en\/wp-json\/wp\/v2\/product"}],"about":[{"href":"https:\/\/www.ledizioni.it\/en\/wp-json\/wp\/v2\/types\/product"}],"replies":[{"embeddable":true,"href":"https:\/\/www.ledizioni.it\/en\/wp-json\/wp\/v2\/comments?post=6360"}],"version-history":[{"count":1,"href":"https:\/\/www.ledizioni.it\/en\/wp-json\/wp\/v2\/product\/6360\/revisions"}],"predecessor-version":[{"id":39024,"href":"https:\/\/www.ledizioni.it\/en\/wp-json\/wp\/v2\/product\/6360\/revisions\/39024"}],"wp:featuredmedia":[{"embeddable":true,"href":"https:\/\/www.ledizioni.it\/en\/wp-json\/wp\/v2\/media\/7216"}],"wp:attachment":[{"href":"https:\/\/www.ledizioni.it\/en\/wp-json\/wp\/v2\/media?parent=6360"}],"wp:term":[{"taxonomy":"product_brand","embeddable":true,"href":"https:\/\/www.ledizioni.it\/en\/wp-json\/wp\/v2\/product_brand?post=6360"},{"taxonomy":"product_cat","embeddable":true,"href":"https:\/\/www.ledizioni.it\/en\/wp-json\/wp\/v2\/product_cat?post=6360"},{"taxonomy":"product_tag","embeddable":true,"href":"https:\/\/www.ledizioni.it\/en\/wp-json\/wp\/v2\/product_tag?post=6360"}],"curies":[{"name":"wp","href":"https:\/\/api.w.org\/{rel}","templated":true}]}}