{"id":6372,"date":"2013-02-04T20:55:02","date_gmt":"2013-02-04T18:55:02","guid":{"rendered":"http:\/\/www.ledizioni.it\/stag\/?post_type=product&#038;p=6372"},"modified":"2021-06-11T17:54:38","modified_gmt":"2021-06-11T15:54:38","slug":"calabro-confalonieri-comando-e-cura-cartaceo","status":"publish","type":"product","link":"https:\/\/www.ledizioni.it\/en\/product\/calabro-confalonieri-comando-e-cura-cartaceo\/","title":{"rendered":"COMANDO E CURA"},"content":{"rendered":"<p style=\"text-align: justify;\">Il dibattito sull\u2019entrata in vigore anche in Italia di una legge che introduce un progressivo riequilibrio della presenza dei due sessi ai vertici delle grandi imprese, la discussione sull\u2019introduzione di quote per favorire un\u2019 adeguata presenza femminile nei luoghi della rappresentanza politica, l\u2019attenzione con cui le istituzioni internazionali monitorano la presenza di donne nelle sedi decisionali, hanno contribuito a imporre all\u2019attenzione dell\u2019opinione pubblica le difficolt\u00e0 che incontrano le donne nel nostro paese ad accedere a posizioni di \u00e9lite e gli effetti negativi di una tale dispersione di talenti.<br \/>\nPer coloro che volessero accettare la sfida le difficolt\u00e0 da superare sono davvero tante. Il pregiudizio nei confronti delle donne ritenute incapaci di occupare posizioni di comando, la resistenza di chi non \u00e8 disposto a rinunciare al potere, il peso di conciliare lavoro e cura laddove le responsabilit\u00e0 familiari sono ancora quasi esclusivamente sulle loro spalle, infine l\u2019essere straniere in territori dove le regole del gioco le hanno stabilite da sempre gli uomini.<br \/>\nE allora, sono in grado le donne di esprimere un proprio linguaggio e un proprio stile di leadership\u2019? Oppure chi \u00e8 arrivata al vertice \u00e8 perch\u00e9 si \u00e8 omologata ai modelli maschili?<br \/>\nE se la differenza esiste, tale differenza rischia di alimentare le disuguaglianze di genere e il senso di inadeguatezza delle donne, o piuttosto rappresenta una risorsa che pu\u00f2 essere messa in gioco?<br \/>\nIn questo libro si cerca di dare una risposta a queste domande avanzando l\u2019ipotesi che la differenza di cui le donne sono portatrici e che assume i caratteri etici della continua tensione tra responsabilit\u00e0 verso gli altri e responsabilit\u00e0 verso se stesse, sia davvero in grado di mettere in moto un circolo virtuoso di cambiamento.<\/p>\n<p>&nbsp;<\/p>\n<h3><strong><span style=\"color: #000000;\">DATI BIBLIOGRAFICI<\/span><\/strong><\/h3>\n<p>Autore: Calabr\u00f2, Confalonieri<br \/>\nEditore: Ledizioni<br \/>\nCollana: <a href=\"https:\/\/www.ledizioni.it\/en\/product-category\/sociology\/interventions\/\">Interventions<\/a><br \/>\nFormato: Brossura<br \/>\nPubblicato in: Gennaio 2013<br \/>\nISBN: 9788867050437 (cartaceo)<br \/>\nPrezzo cartaceo: 18,00 \u20ac<\/p>\n<p><a href=\"http:\/\/www.mondadoristore.it\/Comando-cura-Stili-Anna-Rita-Calabro-M-Antonietta-Confalonieri\/eai978886705043\/?sessionToken=KEsKfgVPzCRzg3mfJMhQO5RPC5N8Zatk\" target=\"_blank\" rel=\"noopener\"><img decoding=\"async\" class=\"size-full wp-image-14398 aligncenter\" src=\"http:\/\/www.ledizioni.it\/stag\/wp-content\/uploads\/2012\/06\/red-podok.jpg\" alt=\"Pod MondadoriStore\" width=\"200\" height=\"82\" \/><\/a><\/p>\n<p><a href=\"https:\/\/www.torrossa.com\/it\/resources\/an\/3051747\"><img decoding=\"async\" class=\"aligncenter wp-image-23912\" src=\"https:\/\/www.ledizioni.it\/stag\/wp-content\/uploads\/2019\/07\/torrossa_web-150x80.jpg\" alt=\"\" width=\"200\" height=\"60\" \/><\/a><\/p>","protected":false},"excerpt":{"rendered":"<p>Il dibattito sull\u2019entrata in vigore anche in Italia di una legge che introduce un progressivo riequilibrio della presenza dei due<\/p>","protected":false},"featured_media":6373,"comment_status":"open","ping_status":"closed","template":"","meta":{"_acf_changed":false},"product_brand":[],"product_cat":[26,27],"product_tag":[1666,554,742,1023,2547,781],"class_list":{"0":"post-6372","1":"product","2":"type-product","3":"status-publish","4":"has-post-thumbnail","6":"product_cat-interventions","7":"product_cat-sociology","8":"product_tag-diritti-civili","9":"product_tag-donne","10":"product_tag-femminismo","11":"product_tag-lavoro","12":"product_tag-leadership","13":"product_tag-studi-di-genere","15":"first","16":"instock","17":"featured","18":"shipping-taxable","19":"purchasable","20":"product-type-simple"},"acf":[],"yoast_head":"<!-- This site is optimized with the Yoast SEO plugin v27.3 - https:\/\/yoast.com\/product\/yoast-seo-wordpress\/ -->\n<title>COMANDO E CURA -<\/title>\n<meta name=\"description\" content=\"Ledizioni - Innovative Publishing. Casa editrice universitaria. Open Access. eBook, ePub. Creative Commons.\" \/>\n<meta name=\"robots\" content=\"index, follow, max-snippet:-1, max-image-preview:large, max-video-preview:-1\" \/>\n<link rel=\"canonical\" href=\"https:\/\/www.ledizioni.it\/en\/product\/calabro-confalonieri-comando-e-cura-cartaceo\/\" \/>\n<meta property=\"og:locale\" content=\"en_GB\" \/>\n<meta property=\"og:type\" content=\"article\" \/>\n<meta property=\"og:title\" content=\"COMANDO E CURA -\" \/>\n<meta property=\"og:description\" content=\"Ledizioni - Innovative Publishing. Casa editrice universitaria. Open Access. eBook, ePub. Creative Commons.\" \/>\n<meta property=\"og:url\" content=\"https:\/\/www.ledizioni.it\/en\/product\/calabro-confalonieri-comando-e-cura-cartaceo\/\" \/>\n<meta property=\"og:site_name\" content=\"Ledizioni\" \/>\n<meta property=\"article:publisher\" content=\"https:\/\/www.facebook.com\/pages\/Ledizioni-LediPublishing\/109120559173329\" \/>\n<meta property=\"article:modified_time\" content=\"2021-06-11T15:54:38+00:00\" \/>\n<meta property=\"og:image\" content=\"https:\/\/www.ledizioni.it\/stag\/wp-content\/uploads\/2013\/07\/COPERTINA_3d_comandocura2-756x1024.jpg\" \/>\n\t<meta property=\"og:image:width\" content=\"756\" \/>\n\t<meta property=\"og:image:height\" content=\"1024\" \/>\n\t<meta property=\"og:image:type\" content=\"image\/jpeg\" \/>\n<meta name=\"twitter:card\" content=\"summary_large_image\" \/>\n<meta name=\"twitter:site\" content=\"@ledizioni\" \/>\n<meta name=\"twitter:label1\" content=\"Estimated reading time\" \/>\n\t<meta name=\"twitter:data1\" content=\"2 minutes\" \/>\n<script type=\"application\/ld+json\" class=\"yoast-schema-graph\">{\"@context\":\"https:\\\/\\\/schema.org\",\"@graph\":[{\"@type\":\"WebPage\",\"@id\":\"https:\\\/\\\/www.ledizioni.it\\\/en\\\/product\\\/calabro-confalonieri-comando-e-cura-cartaceo\\\/\",\"url\":\"https:\\\/\\\/www.ledizioni.it\\\/en\\\/product\\\/calabro-confalonieri-comando-e-cura-cartaceo\\\/\",\"name\":\"COMANDO E CURA -\",\"isPartOf\":{\"@id\":\"https:\\\/\\\/www.ledizioni.it\\\/#website\"},\"primaryImageOfPage\":{\"@id\":\"https:\\\/\\\/www.ledizioni.it\\\/en\\\/product\\\/calabro-confalonieri-comando-e-cura-cartaceo\\\/#primaryimage\"},\"image\":{\"@id\":\"https:\\\/\\\/www.ledizioni.it\\\/en\\\/product\\\/calabro-confalonieri-comando-e-cura-cartaceo\\\/#primaryimage\"},\"thumbnailUrl\":\"https:\\\/\\\/www.ledizioni.it\\\/stag\\\/wp-content\\\/uploads\\\/2013\\\/07\\\/COPERTINA_3d_comandocura2-756x1024.jpg\",\"datePublished\":\"2013-02-04T18:55:02+00:00\",\"dateModified\":\"2021-06-11T15:54:38+00:00\",\"description\":\"Ledizioni - Innovative Publishing. Casa editrice universitaria. Open Access. eBook, ePub. Creative Commons.\",\"breadcrumb\":{\"@id\":\"https:\\\/\\\/www.ledizioni.it\\\/en\\\/product\\\/calabro-confalonieri-comando-e-cura-cartaceo\\\/#breadcrumb\"},\"inLanguage\":\"en-GB\",\"potentialAction\":[{\"@type\":\"ReadAction\",\"target\":[\"https:\\\/\\\/www.ledizioni.it\\\/en\\\/product\\\/calabro-confalonieri-comando-e-cura-cartaceo\\\/\"]}]},{\"@type\":\"ImageObject\",\"inLanguage\":\"en-GB\",\"@id\":\"https:\\\/\\\/www.ledizioni.it\\\/en\\\/product\\\/calabro-confalonieri-comando-e-cura-cartaceo\\\/#primaryimage\",\"url\":\"https:\\\/\\\/www.ledizioni.it\\\/stag\\\/wp-content\\\/uploads\\\/2013\\\/07\\\/COPERTINA_3d_comandocura2-756x1024.jpg\",\"contentUrl\":\"https:\\\/\\\/www.ledizioni.it\\\/stag\\\/wp-content\\\/uploads\\\/2013\\\/07\\\/COPERTINA_3d_comandocura2-756x1024.jpg\",\"width\":756,\"height\":1024},{\"@type\":\"BreadcrumbList\",\"@id\":\"https:\\\/\\\/www.ledizioni.it\\\/en\\\/product\\\/calabro-confalonieri-comando-e-cura-cartaceo\\\/#breadcrumb\",\"itemListElement\":[{\"@type\":\"ListItem\",\"position\":1,\"name\":\"Shop\",\"item\":\"https:\\\/\\\/www.ledizioni.it\\\/shop-2\\\/\"},{\"@type\":\"ListItem\",\"position\":2,\"name\":\"COMANDO E CURA\"}]},{\"@type\":\"WebSite\",\"@id\":\"https:\\\/\\\/www.ledizioni.it\\\/#website\",\"url\":\"https:\\\/\\\/www.ledizioni.it\\\/\",\"name\":\"Ledizioni\",\"description\":\"The Innovative LediPublishing Company - Casa Editrice Universitaria\",\"publisher\":{\"@id\":\"https:\\\/\\\/www.ledizioni.it\\\/#organization\"},\"potentialAction\":[{\"@type\":\"SearchAction\",\"target\":{\"@type\":\"EntryPoint\",\"urlTemplate\":\"https:\\\/\\\/www.ledizioni.it\\\/?s={search_term_string}\"},\"query-input\":{\"@type\":\"PropertyValueSpecification\",\"valueRequired\":true,\"valueName\":\"search_term_string\"}}],\"inLanguage\":\"en-GB\"},{\"@type\":\"Organization\",\"@id\":\"https:\\\/\\\/www.ledizioni.it\\\/#organization\",\"name\":\"Ledizioni\",\"url\":\"https:\\\/\\\/www.ledizioni.it\\\/\",\"logo\":{\"@type\":\"ImageObject\",\"inLanguage\":\"en-GB\",\"@id\":\"https:\\\/\\\/www.ledizioni.it\\\/#\\\/schema\\\/logo\\\/image\\\/\",\"url\":\"https:\\\/\\\/www.ledizioni.it\\\/stag\\\/wp-content\\\/uploads\\\/2023\\\/10\\\/newlogoledizioni500x110_2-1.jpg\",\"contentUrl\":\"https:\\\/\\\/www.ledizioni.it\\\/stag\\\/wp-content\\\/uploads\\\/2023\\\/10\\\/newlogoledizioni500x110_2-1.jpg\",\"width\":354,\"height\":87,\"caption\":\"Ledizioni\"},\"image\":{\"@id\":\"https:\\\/\\\/www.ledizioni.it\\\/#\\\/schema\\\/logo\\\/image\\\/\"},\"sameAs\":[\"https:\\\/\\\/www.facebook.com\\\/pages\\\/Ledizioni-LediPublishing\\\/109120559173329\",\"https:\\\/\\\/x.com\\\/ledizioni\"]}]}<\/script>\n<!-- \/ Yoast SEO plugin. -->","yoast_head_json":{"title":"COMANDO E CURA -","description":"Ledizioni - Innovative Publishing. Casa editrice universitaria. Open Access. eBook, ePub. Creative Commons.","robots":{"index":"index","follow":"follow","max-snippet":"max-snippet:-1","max-image-preview":"max-image-preview:large","max-video-preview":"max-video-preview:-1"},"canonical":"https:\/\/www.ledizioni.it\/en\/product\/calabro-confalonieri-comando-e-cura-cartaceo\/","og_locale":"en_GB","og_type":"article","og_title":"COMANDO E CURA -","og_description":"Ledizioni - Innovative Publishing. Casa editrice universitaria. Open Access. eBook, ePub. Creative Commons.","og_url":"https:\/\/www.ledizioni.it\/en\/product\/calabro-confalonieri-comando-e-cura-cartaceo\/","og_site_name":"Ledizioni","article_publisher":"https:\/\/www.facebook.com\/pages\/Ledizioni-LediPublishing\/109120559173329","article_modified_time":"2021-06-11T15:54:38+00:00","og_image":[{"width":756,"height":1024,"url":"https:\/\/www.ledizioni.it\/stag\/wp-content\/uploads\/2013\/07\/COPERTINA_3d_comandocura2-756x1024.jpg","type":"image\/jpeg"}],"twitter_card":"summary_large_image","twitter_site":"@ledizioni","twitter_misc":{"Estimated reading time":"2 minutes"},"schema":{"@context":"https:\/\/schema.org","@graph":[{"@type":"WebPage","@id":"https:\/\/www.ledizioni.it\/en\/product\/calabro-confalonieri-comando-e-cura-cartaceo\/","url":"https:\/\/www.ledizioni.it\/en\/product\/calabro-confalonieri-comando-e-cura-cartaceo\/","name":"COMANDO E CURA -","isPartOf":{"@id":"https:\/\/www.ledizioni.it\/#website"},"primaryImageOfPage":{"@id":"https:\/\/www.ledizioni.it\/en\/product\/calabro-confalonieri-comando-e-cura-cartaceo\/#primaryimage"},"image":{"@id":"https:\/\/www.ledizioni.it\/en\/product\/calabro-confalonieri-comando-e-cura-cartaceo\/#primaryimage"},"thumbnailUrl":"https:\/\/www.ledizioni.it\/stag\/wp-content\/uploads\/2013\/07\/COPERTINA_3d_comandocura2-756x1024.jpg","datePublished":"2013-02-04T18:55:02+00:00","dateModified":"2021-06-11T15:54:38+00:00","description":"Ledizioni - Innovative Publishing. Casa editrice universitaria. Open Access. eBook, ePub. Creative Commons.","breadcrumb":{"@id":"https:\/\/www.ledizioni.it\/en\/product\/calabro-confalonieri-comando-e-cura-cartaceo\/#breadcrumb"},"inLanguage":"en-GB","potentialAction":[{"@type":"ReadAction","target":["https:\/\/www.ledizioni.it\/en\/product\/calabro-confalonieri-comando-e-cura-cartaceo\/"]}]},{"@type":"ImageObject","inLanguage":"en-GB","@id":"https:\/\/www.ledizioni.it\/en\/product\/calabro-confalonieri-comando-e-cura-cartaceo\/#primaryimage","url":"https:\/\/www.ledizioni.it\/stag\/wp-content\/uploads\/2013\/07\/COPERTINA_3d_comandocura2-756x1024.jpg","contentUrl":"https:\/\/www.ledizioni.it\/stag\/wp-content\/uploads\/2013\/07\/COPERTINA_3d_comandocura2-756x1024.jpg","width":756,"height":1024},{"@type":"BreadcrumbList","@id":"https:\/\/www.ledizioni.it\/en\/product\/calabro-confalonieri-comando-e-cura-cartaceo\/#breadcrumb","itemListElement":[{"@type":"ListItem","position":1,"name":"Shop","item":"https:\/\/www.ledizioni.it\/shop-2\/"},{"@type":"ListItem","position":2,"name":"COMANDO E CURA"}]},{"@type":"WebSite","@id":"https:\/\/www.ledizioni.it\/#website","url":"https:\/\/www.ledizioni.it\/","name":"Ledizioni","description":"The Innovative LediPublishing Company - Casa Editrice Universitaria","publisher":{"@id":"https:\/\/www.ledizioni.it\/#organization"},"potentialAction":[{"@type":"SearchAction","target":{"@type":"EntryPoint","urlTemplate":"https:\/\/www.ledizioni.it\/?s={search_term_string}"},"query-input":{"@type":"PropertyValueSpecification","valueRequired":true,"valueName":"search_term_string"}}],"inLanguage":"en-GB"},{"@type":"Organization","@id":"https:\/\/www.ledizioni.it\/#organization","name":"Ledizioni","url":"https:\/\/www.ledizioni.it\/","logo":{"@type":"ImageObject","inLanguage":"en-GB","@id":"https:\/\/www.ledizioni.it\/#\/schema\/logo\/image\/","url":"https:\/\/www.ledizioni.it\/stag\/wp-content\/uploads\/2023\/10\/newlogoledizioni500x110_2-1.jpg","contentUrl":"https:\/\/www.ledizioni.it\/stag\/wp-content\/uploads\/2023\/10\/newlogoledizioni500x110_2-1.jpg","width":354,"height":87,"caption":"Ledizioni"},"image":{"@id":"https:\/\/www.ledizioni.it\/#\/schema\/logo\/image\/"},"sameAs":["https:\/\/www.facebook.com\/pages\/Ledizioni-LediPublishing\/109120559173329","https:\/\/x.com\/ledizioni"]}]}},"jetpack_sharing_enabled":true,"_links":{"self":[{"href":"https:\/\/www.ledizioni.it\/en\/wp-json\/wp\/v2\/product\/6372","targetHints":{"allow":["GET"]}}],"collection":[{"href":"https:\/\/www.ledizioni.it\/en\/wp-json\/wp\/v2\/product"}],"about":[{"href":"https:\/\/www.ledizioni.it\/en\/wp-json\/wp\/v2\/types\/product"}],"replies":[{"embeddable":true,"href":"https:\/\/www.ledizioni.it\/en\/wp-json\/wp\/v2\/comments?post=6372"}],"version-history":[{"count":1,"href":"https:\/\/www.ledizioni.it\/en\/wp-json\/wp\/v2\/product\/6372\/revisions"}],"predecessor-version":[{"id":20462,"href":"https:\/\/www.ledizioni.it\/en\/wp-json\/wp\/v2\/product\/6372\/revisions\/20462"}],"wp:featuredmedia":[{"embeddable":true,"href":"https:\/\/www.ledizioni.it\/en\/wp-json\/wp\/v2\/media\/6373"}],"wp:attachment":[{"href":"https:\/\/www.ledizioni.it\/en\/wp-json\/wp\/v2\/media?parent=6372"}],"wp:term":[{"taxonomy":"product_brand","embeddable":true,"href":"https:\/\/www.ledizioni.it\/en\/wp-json\/wp\/v2\/product_brand?post=6372"},{"taxonomy":"product_cat","embeddable":true,"href":"https:\/\/www.ledizioni.it\/en\/wp-json\/wp\/v2\/product_cat?post=6372"},{"taxonomy":"product_tag","embeddable":true,"href":"https:\/\/www.ledizioni.it\/en\/wp-json\/wp\/v2\/product_tag?post=6372"}],"curies":[{"name":"wp","href":"https:\/\/api.w.org\/{rel}","templated":true}]}}