{"id":6380,"date":"2013-01-16T21:06:37","date_gmt":"2013-01-16T21:06:37","guid":{"rendered":"http:\/\/www.ledizioni.it\/stag\/?post_type=product&#038;p=6380"},"modified":"2021-08-16T14:28:51","modified_gmt":"2021-08-16T12:28:51","slug":"la-logica-dellazione-collettiva-mancur-olson","status":"publish","type":"product","link":"https:\/\/www.ledizioni.it\/en\/product\/la-logica-dellazione-collettiva-mancur-olson\/","title":{"rendered":"LA LOGICA DELL&#8217;AZIONE COLLETTIVA, Mancur Olson"},"content":{"rendered":"<p style=\"text-align: justify;\">Ledizioni ripubblica<em> La Logica dell\u2019azione collettiva<\/em> di Mancur Olson\u00a0 dopo 30 anni (la prima edizione italiana risale al 1983).<\/p>\n<p style=\"text-align: justify;\">Si tratta di un\u2019opera di grande attualit\u00e0. Considerato ormai un \u201cclassico\u201d delle scienze sociali, economiche e politiche. L&#8217;argomento di Olson pu\u00f2 a ragione considerarsi un teorema fondamentale di queste scienze, poich\u00e9 al di l\u00e0 della condivisione o meno dell\u2019approccio su cui esso si basa, invita lo studioso di fenomeni collettivi a fare i conti con ci\u00f2 che non di scontato si ritrova nell\u2019azione collettiva. Olson propone questioni fondamentali relative all&#8217;azione collettiva e al funzionamento della societ\u00e0, intesa come schema di cooperazione e conflitto tra individui, singolarmente intesi e in gruppo, che hanno interessi simili e differenti. Di qui la domanda fondamentale: com&#8217;\u00e8 possibile l&#8217;azione collettiva a partire da obiettivi comunemente condivisibili e quali sono gli incentivi necessari a favorire l&#8217;adesione di un individuo razionale ad una forma di azione organizzata? Per Olson, il comportamento individuale \u00e8 guidato dall&#8217;interesse personale, secondo i canoni della razionalit\u00e0 strumentale: il comportamento del gruppo, ovvero l&#8217;azione collettiva, dipende dal comportamento degli individui, che a sua volta dipende dai vantaggi relativi che si possono trarre dal mobilitarsi al confronto con comportamenti alternativi. Al centro della logica dell&#8217;azione collettiva vi \u00e8 il cosiddetto problema del <em>free rider<\/em>, o battitore libero, ovvero di quel soggetto intenzionalmente razionale e auto interessato che, astenendosi dalla cooperazione, incassa i benefici da quest&#8217;ultima prodotti, ma non ne sostiene i costi. Lo schema analitico di Olson concerne fondamentalmente la produzione di tutti i beni pubblici, da una qualsiasi forma di azione collettiva alla concretizzazione dell\u2019ordine sociale. Uno schema che investe principalmente l\u2019agire sulla base del principio della razionalit\u00e0 strumentale, a che \u00e8 risultato decisivo per comprendere i meccanismi fondamentali dell\u2019azione collettiva anche per i sostenitori di approcci fondati sulla logica identitaria. In questo senso, con il problema del <em>free-rider<\/em> evidenziato da Olson tutti si sono dovuti confrontare. E proprio per questo l\u2019analisi olsoniana risulta fondamentale per qualsiasi studio concernente l\u2019ordine sociale, l\u2019azione collettiva, la produzione di beni pubblici, l\u2019insorgenza della cooperazione.<br \/>\nRileggere Olson, a distanza di trent\u2019anni dalla sua traduzione italiana e di ben quarant\u2019otto anni dalla sua edizione originaria, significa recuperare il valore di un grande classico. Nella convinzione che soprattutto oggi, in una fase in cui le scienze sociali sono chiamate a ridefinire concetti e metodi di riferimento, la lettura de <em>La Logica dell\u2019azione collettiva<\/em> pu\u00f2 essere utile alla comprensione dei meccanismi fondamentali, ai quali occorre tornare per capire i processi di una societ\u00e0 straordinariamente complicata come quella globale.<\/p>\n<h3>DATI BIBLIOGRAFICI<\/h3>\n<p>Autore: Mancur Olson<br \/>\nEditore: Ledizioni<br \/>\nCollana: <a href=\"http:\/\/www.ledizioni.it\/en\/sito\/collane\/467-2\/sociologica-reprint\/\">Sociologica reprint<\/a><br \/>\nFormato: Brossura<br \/>\nPubblicato in: Gennaio 2013<br \/>\nISBN: 9788867050611 (cartaceo)<br \/>\nPrezzo cartaceo: 14,00 \u20ac<\/p>\n<p><a href=\"http:\/\/www.mondadoristore.it\/logica-dell-azione-Mancur-Olson\/eai978886705061\/?sessionToken=bPlQIzI2pViYVSzNdtMZvZRSCuGtZ7QU\" target=\"_blank\" rel=\"noopener\"><img decoding=\"async\" class=\"alignnone size-full wp-image-14398 aligncenter\" src=\"http:\/\/www.ledizioni.it\/stag\/wp-content\/uploads\/2012\/06\/red-podok.jpg\" alt=\"Pod MondadoriStore\" width=\"200\" height=\"82\" \/><\/a><a href=\"http:\/\/www.archiviostorico.info\/libri-e-riviste\/7569-la-logica-dellazione-collettiva\" target=\"_blank\" rel=\"noopener\">Leggi la recensione su &#8220;Archivio Storico&#8221;<\/a><\/p>","protected":false},"excerpt":{"rendered":"<p>Ledizioni ripubblica La Logica dell\u2019azione collettiva di Mancur Olson\u00a0 dopo 30 anni (la prima edizione italiana risale al 1983). Si<\/p>","protected":false},"featured_media":6381,"comment_status":"open","ping_status":"closed","template":"","meta":{"_acf_changed":false},"product_brand":[],"product_cat":[2693],"product_tag":[1096,1099],"class_list":{"0":"post-6380","1":"product","2":"type-product","3":"status-publish","4":"has-post-thumbnail","6":"product_cat-senza-categoria","7":"product_tag-beni-pubblici","8":"product_tag-teoria-dei-gruppi","9":"pa_formato-cartaceo","10":"pa_lingua-italiano","12":"first","13":"instock","14":"shipping-taxable","15":"purchasable","16":"product-type-simple"},"acf":[],"yoast_head":"<!-- This site is optimized with the Yoast SEO plugin v27.3 - https:\/\/yoast.com\/product\/yoast-seo-wordpress\/ -->\n<title>LA LOGICA DELL&#039;AZIONE COLLETTIVA, Mancur Olson -<\/title>\n<meta name=\"description\" content=\"Ledizioni - Innovative Publishing. Casa editrice universitaria. Open Access. eBook, ePub. Creative Commons.\" \/>\n<meta name=\"robots\" content=\"index, follow, max-snippet:-1, max-image-preview:large, max-video-preview:-1\" \/>\n<link rel=\"canonical\" href=\"https:\/\/www.ledizioni.it\/en\/product\/la-logica-dellazione-collettiva-mancur-olson\/\" \/>\n<meta property=\"og:locale\" content=\"en_GB\" \/>\n<meta property=\"og:type\" content=\"article\" \/>\n<meta property=\"og:title\" content=\"LA LOGICA DELL&#039;AZIONE COLLETTIVA, Mancur Olson -\" \/>\n<meta property=\"og:description\" content=\"Ledizioni - Innovative Publishing. Casa editrice universitaria. Open Access. eBook, ePub. Creative Commons.\" \/>\n<meta property=\"og:url\" content=\"https:\/\/www.ledizioni.it\/en\/product\/la-logica-dellazione-collettiva-mancur-olson\/\" \/>\n<meta property=\"og:site_name\" content=\"Ledizioni\" \/>\n<meta property=\"article:publisher\" content=\"https:\/\/www.facebook.com\/pages\/Ledizioni-LediPublishing\/109120559173329\" \/>\n<meta property=\"article:modified_time\" content=\"2021-08-16T12:28:51+00:00\" \/>\n<meta property=\"og:image\" content=\"https:\/\/www.ledizioni.it\/stag\/wp-content\/uploads\/2013\/07\/copertina_3d2-740x1024.jpg\" \/>\n\t<meta property=\"og:image:width\" content=\"740\" \/>\n\t<meta property=\"og:image:height\" content=\"1024\" \/>\n\t<meta property=\"og:image:type\" content=\"image\/jpeg\" \/>\n<meta name=\"twitter:card\" content=\"summary_large_image\" \/>\n<meta name=\"twitter:site\" content=\"@ledizioni\" \/>\n<meta name=\"twitter:label1\" content=\"Estimated reading time\" \/>\n\t<meta name=\"twitter:data1\" content=\"2 minutes\" \/>\n<script type=\"application\/ld+json\" class=\"yoast-schema-graph\">{\"@context\":\"https:\\\/\\\/schema.org\",\"@graph\":[{\"@type\":\"WebPage\",\"@id\":\"https:\\\/\\\/www.ledizioni.it\\\/en\\\/product\\\/la-logica-dellazione-collettiva-mancur-olson\\\/\",\"url\":\"https:\\\/\\\/www.ledizioni.it\\\/en\\\/product\\\/la-logica-dellazione-collettiva-mancur-olson\\\/\",\"name\":\"LA LOGICA DELL'AZIONE COLLETTIVA, Mancur Olson -\",\"isPartOf\":{\"@id\":\"https:\\\/\\\/www.ledizioni.it\\\/#website\"},\"primaryImageOfPage\":{\"@id\":\"https:\\\/\\\/www.ledizioni.it\\\/en\\\/product\\\/la-logica-dellazione-collettiva-mancur-olson\\\/#primaryimage\"},\"image\":{\"@id\":\"https:\\\/\\\/www.ledizioni.it\\\/en\\\/product\\\/la-logica-dellazione-collettiva-mancur-olson\\\/#primaryimage\"},\"thumbnailUrl\":\"https:\\\/\\\/www.ledizioni.it\\\/stag\\\/wp-content\\\/uploads\\\/2013\\\/07\\\/copertina_3d2-740x1024.jpg\",\"datePublished\":\"2013-01-16T21:06:37+00:00\",\"dateModified\":\"2021-08-16T12:28:51+00:00\",\"description\":\"Ledizioni - Innovative Publishing. Casa editrice universitaria. Open Access. eBook, ePub. Creative Commons.\",\"breadcrumb\":{\"@id\":\"https:\\\/\\\/www.ledizioni.it\\\/en\\\/product\\\/la-logica-dellazione-collettiva-mancur-olson\\\/#breadcrumb\"},\"inLanguage\":\"en-GB\",\"potentialAction\":[{\"@type\":\"ReadAction\",\"target\":[\"https:\\\/\\\/www.ledizioni.it\\\/en\\\/product\\\/la-logica-dellazione-collettiva-mancur-olson\\\/\"]}]},{\"@type\":\"ImageObject\",\"inLanguage\":\"en-GB\",\"@id\":\"https:\\\/\\\/www.ledizioni.it\\\/en\\\/product\\\/la-logica-dellazione-collettiva-mancur-olson\\\/#primaryimage\",\"url\":\"https:\\\/\\\/www.ledizioni.it\\\/stag\\\/wp-content\\\/uploads\\\/2013\\\/07\\\/copertina_3d2-740x1024.jpg\",\"contentUrl\":\"https:\\\/\\\/www.ledizioni.it\\\/stag\\\/wp-content\\\/uploads\\\/2013\\\/07\\\/copertina_3d2-740x1024.jpg\",\"width\":740,\"height\":1024},{\"@type\":\"BreadcrumbList\",\"@id\":\"https:\\\/\\\/www.ledizioni.it\\\/en\\\/product\\\/la-logica-dellazione-collettiva-mancur-olson\\\/#breadcrumb\",\"itemListElement\":[{\"@type\":\"ListItem\",\"position\":1,\"name\":\"Shop\",\"item\":\"https:\\\/\\\/www.ledizioni.it\\\/shop-2\\\/\"},{\"@type\":\"ListItem\",\"position\":2,\"name\":\"LA LOGICA DELL&#8217;AZIONE COLLETTIVA, Mancur Olson\"}]},{\"@type\":\"WebSite\",\"@id\":\"https:\\\/\\\/www.ledizioni.it\\\/#website\",\"url\":\"https:\\\/\\\/www.ledizioni.it\\\/\",\"name\":\"Ledizioni\",\"description\":\"The Innovative LediPublishing Company - Casa Editrice Universitaria\",\"publisher\":{\"@id\":\"https:\\\/\\\/www.ledizioni.it\\\/#organization\"},\"potentialAction\":[{\"@type\":\"SearchAction\",\"target\":{\"@type\":\"EntryPoint\",\"urlTemplate\":\"https:\\\/\\\/www.ledizioni.it\\\/?s={search_term_string}\"},\"query-input\":{\"@type\":\"PropertyValueSpecification\",\"valueRequired\":true,\"valueName\":\"search_term_string\"}}],\"inLanguage\":\"en-GB\"},{\"@type\":\"Organization\",\"@id\":\"https:\\\/\\\/www.ledizioni.it\\\/#organization\",\"name\":\"Ledizioni\",\"url\":\"https:\\\/\\\/www.ledizioni.it\\\/\",\"logo\":{\"@type\":\"ImageObject\",\"inLanguage\":\"en-GB\",\"@id\":\"https:\\\/\\\/www.ledizioni.it\\\/#\\\/schema\\\/logo\\\/image\\\/\",\"url\":\"https:\\\/\\\/www.ledizioni.it\\\/stag\\\/wp-content\\\/uploads\\\/2023\\\/10\\\/newlogoledizioni500x110_2-1.jpg\",\"contentUrl\":\"https:\\\/\\\/www.ledizioni.it\\\/stag\\\/wp-content\\\/uploads\\\/2023\\\/10\\\/newlogoledizioni500x110_2-1.jpg\",\"width\":354,\"height\":87,\"caption\":\"Ledizioni\"},\"image\":{\"@id\":\"https:\\\/\\\/www.ledizioni.it\\\/#\\\/schema\\\/logo\\\/image\\\/\"},\"sameAs\":[\"https:\\\/\\\/www.facebook.com\\\/pages\\\/Ledizioni-LediPublishing\\\/109120559173329\",\"https:\\\/\\\/x.com\\\/ledizioni\"]}]}<\/script>\n<!-- \/ Yoast SEO plugin. -->","yoast_head_json":{"title":"LA LOGICA DELL'AZIONE COLLETTIVA, Mancur Olson -","description":"Ledizioni - Innovative Publishing. Casa editrice universitaria. Open Access. eBook, ePub. Creative Commons.","robots":{"index":"index","follow":"follow","max-snippet":"max-snippet:-1","max-image-preview":"max-image-preview:large","max-video-preview":"max-video-preview:-1"},"canonical":"https:\/\/www.ledizioni.it\/en\/product\/la-logica-dellazione-collettiva-mancur-olson\/","og_locale":"en_GB","og_type":"article","og_title":"LA LOGICA DELL'AZIONE COLLETTIVA, Mancur Olson -","og_description":"Ledizioni - Innovative Publishing. Casa editrice universitaria. Open Access. eBook, ePub. Creative Commons.","og_url":"https:\/\/www.ledizioni.it\/en\/product\/la-logica-dellazione-collettiva-mancur-olson\/","og_site_name":"Ledizioni","article_publisher":"https:\/\/www.facebook.com\/pages\/Ledizioni-LediPublishing\/109120559173329","article_modified_time":"2021-08-16T12:28:51+00:00","og_image":[{"width":740,"height":1024,"url":"https:\/\/www.ledizioni.it\/stag\/wp-content\/uploads\/2013\/07\/copertina_3d2-740x1024.jpg","type":"image\/jpeg"}],"twitter_card":"summary_large_image","twitter_site":"@ledizioni","twitter_misc":{"Estimated reading time":"2 minutes"},"schema":{"@context":"https:\/\/schema.org","@graph":[{"@type":"WebPage","@id":"https:\/\/www.ledizioni.it\/en\/product\/la-logica-dellazione-collettiva-mancur-olson\/","url":"https:\/\/www.ledizioni.it\/en\/product\/la-logica-dellazione-collettiva-mancur-olson\/","name":"LA LOGICA DELL'AZIONE COLLETTIVA, Mancur Olson -","isPartOf":{"@id":"https:\/\/www.ledizioni.it\/#website"},"primaryImageOfPage":{"@id":"https:\/\/www.ledizioni.it\/en\/product\/la-logica-dellazione-collettiva-mancur-olson\/#primaryimage"},"image":{"@id":"https:\/\/www.ledizioni.it\/en\/product\/la-logica-dellazione-collettiva-mancur-olson\/#primaryimage"},"thumbnailUrl":"https:\/\/www.ledizioni.it\/stag\/wp-content\/uploads\/2013\/07\/copertina_3d2-740x1024.jpg","datePublished":"2013-01-16T21:06:37+00:00","dateModified":"2021-08-16T12:28:51+00:00","description":"Ledizioni - Innovative Publishing. Casa editrice universitaria. Open Access. eBook, ePub. Creative Commons.","breadcrumb":{"@id":"https:\/\/www.ledizioni.it\/en\/product\/la-logica-dellazione-collettiva-mancur-olson\/#breadcrumb"},"inLanguage":"en-GB","potentialAction":[{"@type":"ReadAction","target":["https:\/\/www.ledizioni.it\/en\/product\/la-logica-dellazione-collettiva-mancur-olson\/"]}]},{"@type":"ImageObject","inLanguage":"en-GB","@id":"https:\/\/www.ledizioni.it\/en\/product\/la-logica-dellazione-collettiva-mancur-olson\/#primaryimage","url":"https:\/\/www.ledizioni.it\/stag\/wp-content\/uploads\/2013\/07\/copertina_3d2-740x1024.jpg","contentUrl":"https:\/\/www.ledizioni.it\/stag\/wp-content\/uploads\/2013\/07\/copertina_3d2-740x1024.jpg","width":740,"height":1024},{"@type":"BreadcrumbList","@id":"https:\/\/www.ledizioni.it\/en\/product\/la-logica-dellazione-collettiva-mancur-olson\/#breadcrumb","itemListElement":[{"@type":"ListItem","position":1,"name":"Shop","item":"https:\/\/www.ledizioni.it\/shop-2\/"},{"@type":"ListItem","position":2,"name":"LA LOGICA DELL&#8217;AZIONE COLLETTIVA, Mancur Olson"}]},{"@type":"WebSite","@id":"https:\/\/www.ledizioni.it\/#website","url":"https:\/\/www.ledizioni.it\/","name":"Ledizioni","description":"The Innovative LediPublishing Company - Casa Editrice Universitaria","publisher":{"@id":"https:\/\/www.ledizioni.it\/#organization"},"potentialAction":[{"@type":"SearchAction","target":{"@type":"EntryPoint","urlTemplate":"https:\/\/www.ledizioni.it\/?s={search_term_string}"},"query-input":{"@type":"PropertyValueSpecification","valueRequired":true,"valueName":"search_term_string"}}],"inLanguage":"en-GB"},{"@type":"Organization","@id":"https:\/\/www.ledizioni.it\/#organization","name":"Ledizioni","url":"https:\/\/www.ledizioni.it\/","logo":{"@type":"ImageObject","inLanguage":"en-GB","@id":"https:\/\/www.ledizioni.it\/#\/schema\/logo\/image\/","url":"https:\/\/www.ledizioni.it\/stag\/wp-content\/uploads\/2023\/10\/newlogoledizioni500x110_2-1.jpg","contentUrl":"https:\/\/www.ledizioni.it\/stag\/wp-content\/uploads\/2023\/10\/newlogoledizioni500x110_2-1.jpg","width":354,"height":87,"caption":"Ledizioni"},"image":{"@id":"https:\/\/www.ledizioni.it\/#\/schema\/logo\/image\/"},"sameAs":["https:\/\/www.facebook.com\/pages\/Ledizioni-LediPublishing\/109120559173329","https:\/\/x.com\/ledizioni"]}]}},"jetpack_sharing_enabled":true,"_links":{"self":[{"href":"https:\/\/www.ledizioni.it\/en\/wp-json\/wp\/v2\/product\/6380","targetHints":{"allow":["GET"]}}],"collection":[{"href":"https:\/\/www.ledizioni.it\/en\/wp-json\/wp\/v2\/product"}],"about":[{"href":"https:\/\/www.ledizioni.it\/en\/wp-json\/wp\/v2\/types\/product"}],"replies":[{"embeddable":true,"href":"https:\/\/www.ledizioni.it\/en\/wp-json\/wp\/v2\/comments?post=6380"}],"version-history":[{"count":1,"href":"https:\/\/www.ledizioni.it\/en\/wp-json\/wp\/v2\/product\/6380\/revisions"}],"predecessor-version":[{"id":14469,"href":"https:\/\/www.ledizioni.it\/en\/wp-json\/wp\/v2\/product\/6380\/revisions\/14469"}],"wp:featuredmedia":[{"embeddable":true,"href":"https:\/\/www.ledizioni.it\/en\/wp-json\/wp\/v2\/media\/6381"}],"wp:attachment":[{"href":"https:\/\/www.ledizioni.it\/en\/wp-json\/wp\/v2\/media?parent=6380"}],"wp:term":[{"taxonomy":"product_brand","embeddable":true,"href":"https:\/\/www.ledizioni.it\/en\/wp-json\/wp\/v2\/product_brand?post=6380"},{"taxonomy":"product_cat","embeddable":true,"href":"https:\/\/www.ledizioni.it\/en\/wp-json\/wp\/v2\/product_cat?post=6380"},{"taxonomy":"product_tag","embeddable":true,"href":"https:\/\/www.ledizioni.it\/en\/wp-json\/wp\/v2\/product_tag?post=6380"}],"curies":[{"name":"wp","href":"https:\/\/api.w.org\/{rel}","templated":true}]}}