{"id":63807,"date":"2024-03-19T11:20:29","date_gmt":"2024-03-19T09:20:29","guid":{"rendered":"https:\/\/www.ledizioni.it\/?post_type=product&#038;p=63807"},"modified":"2024-03-19T11:27:39","modified_gmt":"2024-03-19T09:27:39","slug":"dike-rivista-di-storia-del-diritto-greco-ed-ellenistico-n-26-2023","status":"publish","type":"product","link":"https:\/\/www.ledizioni.it\/en\/product\/dike-rivista-di-storia-del-diritto-greco-ed-ellenistico-n-26-2023\/","title":{"rendered":"DIKE, Rivista di storia del diritto greco ed ellenistico N. 26\/2023"},"content":{"rendered":"<p style=\"text-align: justify;\"><em><strong>Indice<\/strong><\/em><\/p>\n<p><strong>Rendere giustizia agli stranieri nella Grecia antica. A cinquant\u2019anni dalla pubblicazione dei <em>Symbola<\/em> di Philippe Gauthier<\/strong><em><br \/>\n<\/em><\/p>\n<ul>\n<li><em>1972-2022 : conception, r\u00e9ception et port\u00e9e des <\/em>Symbola <em>de Philippe Gauthier <\/em>(Pierre Fr\u00f6hlich)<\/li>\n<li><em>Proxenoi e asylia nei <\/em>Symbola<em> di Gauthier<\/em> (Alberto Maffi)<\/li>\n<li><em>La crusca e la farina. Attualit\u00e0 del pensiero di Philippe Gauthier sui meteci <\/em>(Paolo A. Tuci)<\/li>\n<li><em>Atene, gli alleati e l\u2019impero: <\/em>symbolai<em> and<\/em> symbola<em> tra V e IV secolo a.C. (<\/em>Michele Faraguna)<\/li>\n<li><em>\u03a0\u03b5\u03c1\u1f76 \u03c4\u1ff6\u03bd \u03c3\u03c5\u03bc\u03b2\u03bf\u03bb\u1ff6\u03bd. La question de l\u2019<\/em>isopoliteia<em> chez Philippe Gauthier <\/em>(Christel M\u00fcller)<\/li>\n<\/ul>\n<p>ARTICOLI<\/p>\n<ul>\n<li>Ho boulomenos <em>and Athenian public lawsuits from the death of Alexander the Great to the first century B.C.: evidence of the survival of a classical legal institution in Hellenistic Athens<\/em> (Dionysios Filias)<\/li>\n<li><em>On the Greek-philosophical impact on Labeo\u2019s definition of the<\/em> locatio conductio operis (Marlene Peinhopf)<\/li>\n<\/ul>\n<p>RECENSIONI<\/p>\n<ul>\n<li>Shulamit Almog, <em>The Origins of the Law in Homer<\/em> (Martin Dreher)<\/li>\n<li>Henning B\u00f6rm, <em>Mordende Mitb\u00fcrger. Stasis und B\u00fcrgerkrieg in griechischen<\/em> Poleis <em>des Hellenismus<\/em> (Serena Barbuto)<\/li>\n<li>Romain Guicharrousse, <em>Ath\u00e8nes en partage. Les \u00e9trangers au sein de la cit\u00e9 (V\u1d49-III\u1d49 si\u00e8cles av. n. \u00e8.)<\/em> (Alberto Maffi)<\/li>\n<li>Sara Saba, Isopoliteia<em> in Hellenistic Times<\/em> (Alberto Maffi)<\/li>\n<\/ul>\n<p style=\"text-align: justify;\">CRONACHE<\/p>\n<p>&#8212;&#8212;&#8212;&#8212;&#8212;&#8212;&#8212;&#8212;&#8212;&#8212;&#8212;&#8212;&#8212;&#8212;&#8212;-<\/p>\n<h3><strong>DATI BIBLIOGRAFICI<\/strong><\/h3>\n<p>Editore: Ledizioni<br \/>\nRivista: <a href=\"https:\/\/www.ledizioni.it\/en\/product-category\/riviste\/dike\/\">Dike<\/a><br \/>\nFormato: brossura, 315 p.<br \/>\nPubblicato in: marzo 2024<br \/>\nISBN: 9791256000661<br \/>\nISSN 1128-8221<br \/>\nPrezzo: 50,00 \u20ac<\/p>\n<p>Abbonamento annuale: <a href=\"mailto:sarah@ledizioni.it\" target=\"_blank\" rel=\"noopener\">contattaci<\/a><\/p>\n<p>Il <a href=\"https:\/\/riviste.unimi.it\/index.php\/Dike\/issue\/view\/2156\/514\" target=\"_blank\" rel=\"noopener\">fascicolo intero in Open Access<\/a> \u00e8 disponibile sul <a href=\"https:\/\/riviste.unimi.it\/index.php\/Dike\/index\" target=\"_blank\" rel=\"noopener\">sito della rivista<\/a><\/p>","protected":false},"excerpt":{"rendered":"<p>Indice Rendere giustizia agli stranieri nella Grecia antica. A cinquant\u2019anni dalla pubblicazione dei Symbola di Philippe Gauthier 1972-2022 : conception,<\/p>","protected":false},"featured_media":63808,"comment_status":"open","ping_status":"closed","template":"","meta":{"_acf_changed":false},"product_brand":[],"product_cat":[1120],"product_tag":[764,501],"class_list":{"0":"post-63807","1":"product","2":"type-product","3":"status-publish","4":"has-post-thumbnail","6":"product_cat-dike","7":"product_tag-open-access-2","8":"product_tag-storia-del-diritto-greco","9":"pa_accesso-open-access","10":"pa_accesso-pagamento","11":"pa_formato-cartaceo","12":"pa_formato-ebook-in-pdf","13":"pa_lingua-inglese","14":"pa_lingua-italiano","16":"first","17":"instock","18":"featured","19":"shipping-taxable","20":"purchasable","21":"product-type-simple"},"acf":[],"yoast_head":"<!-- This site is optimized with the Yoast SEO plugin v27.4 - https:\/\/yoast.com\/product\/yoast-seo-wordpress\/ -->\n<title>DIKE, Rivista di storia del diritto greco ed ellenistico N. 26\/2023 -<\/title>\n<meta name=\"description\" content=\"DIKE \u00e8 la prima rivista specificamente dedicata allo studio del diritto greco ed ellenistico: pubblica articoli sottoposti a \u201crevisione\u201d (peer review).\" \/>\n<meta name=\"robots\" content=\"index, follow, max-snippet:-1, max-image-preview:large, max-video-preview:-1\" \/>\n<link rel=\"canonical\" href=\"https:\/\/www.ledizioni.it\/en\/product\/dike-rivista-di-storia-del-diritto-greco-ed-ellenistico-n-26-2023\/\" \/>\n<meta property=\"og:locale\" content=\"en_GB\" \/>\n<meta property=\"og:type\" content=\"article\" \/>\n<meta property=\"og:title\" content=\"DIKE, Rivista di storia del diritto greco ed ellenistico N. 26\/2023 -\" \/>\n<meta property=\"og:description\" content=\"DIKE \u00e8 la prima rivista specificamente dedicata allo studio del diritto greco ed ellenistico: pubblica articoli sottoposti a \u201crevisione\u201d (peer review).\" \/>\n<meta property=\"og:url\" content=\"https:\/\/www.ledizioni.it\/en\/product\/dike-rivista-di-storia-del-diritto-greco-ed-ellenistico-n-26-2023\/\" \/>\n<meta property=\"og:site_name\" content=\"Ledizioni\" \/>\n<meta property=\"article:publisher\" content=\"https:\/\/www.facebook.com\/pages\/Ledizioni-LediPublishing\/109120559173329\" \/>\n<meta property=\"article:modified_time\" content=\"2024-03-19T09:27:39+00:00\" \/>\n<meta property=\"og:image\" content=\"https:\/\/www.ledizioni.it\/stag\/wp-content\/uploads\/2024\/03\/copertina_26-3D.jpg\" \/>\n\t<meta property=\"og:image:width\" content=\"1522\" \/>\n\t<meta property=\"og:image:height\" content=\"1980\" \/>\n\t<meta property=\"og:image:type\" content=\"image\/jpeg\" \/>\n<meta name=\"twitter:card\" content=\"summary_large_image\" \/>\n<meta name=\"twitter:site\" content=\"@ledizioni\" \/>\n<meta name=\"twitter:label1\" content=\"Estimated reading time\" \/>\n\t<meta name=\"twitter:data1\" content=\"2 minutes\" \/>\n<script type=\"application\/ld+json\" class=\"yoast-schema-graph\">{\"@context\":\"https:\\\/\\\/schema.org\",\"@graph\":[{\"@type\":\"WebPage\",\"@id\":\"https:\\\/\\\/www.ledizioni.it\\\/en\\\/product\\\/dike-rivista-di-storia-del-diritto-greco-ed-ellenistico-n-26-2023\\\/\",\"url\":\"https:\\\/\\\/www.ledizioni.it\\\/en\\\/product\\\/dike-rivista-di-storia-del-diritto-greco-ed-ellenistico-n-26-2023\\\/\",\"name\":\"DIKE, Rivista di storia del diritto greco ed ellenistico N. 26\\\/2023 -\",\"isPartOf\":{\"@id\":\"https:\\\/\\\/www.ledizioni.it\\\/#website\"},\"primaryImageOfPage\":{\"@id\":\"https:\\\/\\\/www.ledizioni.it\\\/en\\\/product\\\/dike-rivista-di-storia-del-diritto-greco-ed-ellenistico-n-26-2023\\\/#primaryimage\"},\"image\":{\"@id\":\"https:\\\/\\\/www.ledizioni.it\\\/en\\\/product\\\/dike-rivista-di-storia-del-diritto-greco-ed-ellenistico-n-26-2023\\\/#primaryimage\"},\"thumbnailUrl\":\"https:\\\/\\\/www.ledizioni.it\\\/stag\\\/wp-content\\\/uploads\\\/2024\\\/03\\\/copertina_26-3D.jpg\",\"datePublished\":\"2024-03-19T09:20:29+00:00\",\"dateModified\":\"2024-03-19T09:27:39+00:00\",\"description\":\"DIKE \u00e8 la prima rivista specificamente dedicata allo studio del diritto greco ed ellenistico: pubblica articoli sottoposti a \u201crevisione\u201d (peer review).\",\"breadcrumb\":{\"@id\":\"https:\\\/\\\/www.ledizioni.it\\\/en\\\/product\\\/dike-rivista-di-storia-del-diritto-greco-ed-ellenistico-n-26-2023\\\/#breadcrumb\"},\"inLanguage\":\"en-GB\",\"potentialAction\":[{\"@type\":\"ReadAction\",\"target\":[\"https:\\\/\\\/www.ledizioni.it\\\/en\\\/product\\\/dike-rivista-di-storia-del-diritto-greco-ed-ellenistico-n-26-2023\\\/\"]}]},{\"@type\":\"ImageObject\",\"inLanguage\":\"en-GB\",\"@id\":\"https:\\\/\\\/www.ledizioni.it\\\/en\\\/product\\\/dike-rivista-di-storia-del-diritto-greco-ed-ellenistico-n-26-2023\\\/#primaryimage\",\"url\":\"https:\\\/\\\/www.ledizioni.it\\\/stag\\\/wp-content\\\/uploads\\\/2024\\\/03\\\/copertina_26-3D.jpg\",\"contentUrl\":\"https:\\\/\\\/www.ledizioni.it\\\/stag\\\/wp-content\\\/uploads\\\/2024\\\/03\\\/copertina_26-3D.jpg\",\"width\":1522,\"height\":1980},{\"@type\":\"BreadcrumbList\",\"@id\":\"https:\\\/\\\/www.ledizioni.it\\\/en\\\/product\\\/dike-rivista-di-storia-del-diritto-greco-ed-ellenistico-n-26-2023\\\/#breadcrumb\",\"itemListElement\":[{\"@type\":\"ListItem\",\"position\":1,\"name\":\"Shop\",\"item\":\"https:\\\/\\\/www.ledizioni.it\\\/shop-2\\\/\"},{\"@type\":\"ListItem\",\"position\":2,\"name\":\"DIKE, Rivista di storia del diritto greco ed ellenistico N. 26\\\/2023\"}]},{\"@type\":\"WebSite\",\"@id\":\"https:\\\/\\\/www.ledizioni.it\\\/#website\",\"url\":\"https:\\\/\\\/www.ledizioni.it\\\/\",\"name\":\"Ledizioni\",\"description\":\"The Innovative LediPublishing Company - Casa Editrice Universitaria\",\"publisher\":{\"@id\":\"https:\\\/\\\/www.ledizioni.it\\\/#organization\"},\"potentialAction\":[{\"@type\":\"SearchAction\",\"target\":{\"@type\":\"EntryPoint\",\"urlTemplate\":\"https:\\\/\\\/www.ledizioni.it\\\/?s={search_term_string}\"},\"query-input\":{\"@type\":\"PropertyValueSpecification\",\"valueRequired\":true,\"valueName\":\"search_term_string\"}}],\"inLanguage\":\"en-GB\"},{\"@type\":\"Organization\",\"@id\":\"https:\\\/\\\/www.ledizioni.it\\\/#organization\",\"name\":\"Ledizioni\",\"url\":\"https:\\\/\\\/www.ledizioni.it\\\/\",\"logo\":{\"@type\":\"ImageObject\",\"inLanguage\":\"en-GB\",\"@id\":\"https:\\\/\\\/www.ledizioni.it\\\/#\\\/schema\\\/logo\\\/image\\\/\",\"url\":\"https:\\\/\\\/www.ledizioni.it\\\/stag\\\/wp-content\\\/uploads\\\/2023\\\/10\\\/newlogoledizioni500x110_2-1.jpg\",\"contentUrl\":\"https:\\\/\\\/www.ledizioni.it\\\/stag\\\/wp-content\\\/uploads\\\/2023\\\/10\\\/newlogoledizioni500x110_2-1.jpg\",\"width\":354,\"height\":87,\"caption\":\"Ledizioni\"},\"image\":{\"@id\":\"https:\\\/\\\/www.ledizioni.it\\\/#\\\/schema\\\/logo\\\/image\\\/\"},\"sameAs\":[\"https:\\\/\\\/www.facebook.com\\\/pages\\\/Ledizioni-LediPublishing\\\/109120559173329\",\"https:\\\/\\\/x.com\\\/ledizioni\"]}]}<\/script>\n<!-- \/ Yoast SEO plugin. -->","yoast_head_json":{"title":"DIKE, Rivista di storia del diritto greco ed ellenistico N. 26\/2023 -","description":"DIKE \u00e8 la prima rivista specificamente dedicata allo studio del diritto greco ed ellenistico: pubblica articoli sottoposti a \u201crevisione\u201d (peer review).","robots":{"index":"index","follow":"follow","max-snippet":"max-snippet:-1","max-image-preview":"max-image-preview:large","max-video-preview":"max-video-preview:-1"},"canonical":"https:\/\/www.ledizioni.it\/en\/product\/dike-rivista-di-storia-del-diritto-greco-ed-ellenistico-n-26-2023\/","og_locale":"en_GB","og_type":"article","og_title":"DIKE, Rivista di storia del diritto greco ed ellenistico N. 26\/2023 -","og_description":"DIKE \u00e8 la prima rivista specificamente dedicata allo studio del diritto greco ed ellenistico: pubblica articoli sottoposti a \u201crevisione\u201d (peer review).","og_url":"https:\/\/www.ledizioni.it\/en\/product\/dike-rivista-di-storia-del-diritto-greco-ed-ellenistico-n-26-2023\/","og_site_name":"Ledizioni","article_publisher":"https:\/\/www.facebook.com\/pages\/Ledizioni-LediPublishing\/109120559173329","article_modified_time":"2024-03-19T09:27:39+00:00","og_image":[{"width":1522,"height":1980,"url":"https:\/\/www.ledizioni.it\/stag\/wp-content\/uploads\/2024\/03\/copertina_26-3D.jpg","type":"image\/jpeg"}],"twitter_card":"summary_large_image","twitter_site":"@ledizioni","twitter_misc":{"Estimated reading time":"2 minutes"},"schema":{"@context":"https:\/\/schema.org","@graph":[{"@type":"WebPage","@id":"https:\/\/www.ledizioni.it\/en\/product\/dike-rivista-di-storia-del-diritto-greco-ed-ellenistico-n-26-2023\/","url":"https:\/\/www.ledizioni.it\/en\/product\/dike-rivista-di-storia-del-diritto-greco-ed-ellenistico-n-26-2023\/","name":"DIKE, Rivista di storia del diritto greco ed ellenistico N. 26\/2023 -","isPartOf":{"@id":"https:\/\/www.ledizioni.it\/#website"},"primaryImageOfPage":{"@id":"https:\/\/www.ledizioni.it\/en\/product\/dike-rivista-di-storia-del-diritto-greco-ed-ellenistico-n-26-2023\/#primaryimage"},"image":{"@id":"https:\/\/www.ledizioni.it\/en\/product\/dike-rivista-di-storia-del-diritto-greco-ed-ellenistico-n-26-2023\/#primaryimage"},"thumbnailUrl":"https:\/\/www.ledizioni.it\/stag\/wp-content\/uploads\/2024\/03\/copertina_26-3D.jpg","datePublished":"2024-03-19T09:20:29+00:00","dateModified":"2024-03-19T09:27:39+00:00","description":"DIKE \u00e8 la prima rivista specificamente dedicata allo studio del diritto greco ed ellenistico: pubblica articoli sottoposti a \u201crevisione\u201d (peer review).","breadcrumb":{"@id":"https:\/\/www.ledizioni.it\/en\/product\/dike-rivista-di-storia-del-diritto-greco-ed-ellenistico-n-26-2023\/#breadcrumb"},"inLanguage":"en-GB","potentialAction":[{"@type":"ReadAction","target":["https:\/\/www.ledizioni.it\/en\/product\/dike-rivista-di-storia-del-diritto-greco-ed-ellenistico-n-26-2023\/"]}]},{"@type":"ImageObject","inLanguage":"en-GB","@id":"https:\/\/www.ledizioni.it\/en\/product\/dike-rivista-di-storia-del-diritto-greco-ed-ellenistico-n-26-2023\/#primaryimage","url":"https:\/\/www.ledizioni.it\/stag\/wp-content\/uploads\/2024\/03\/copertina_26-3D.jpg","contentUrl":"https:\/\/www.ledizioni.it\/stag\/wp-content\/uploads\/2024\/03\/copertina_26-3D.jpg","width":1522,"height":1980},{"@type":"BreadcrumbList","@id":"https:\/\/www.ledizioni.it\/en\/product\/dike-rivista-di-storia-del-diritto-greco-ed-ellenistico-n-26-2023\/#breadcrumb","itemListElement":[{"@type":"ListItem","position":1,"name":"Shop","item":"https:\/\/www.ledizioni.it\/shop-2\/"},{"@type":"ListItem","position":2,"name":"DIKE, Rivista di storia del diritto greco ed ellenistico N. 26\/2023"}]},{"@type":"WebSite","@id":"https:\/\/www.ledizioni.it\/#website","url":"https:\/\/www.ledizioni.it\/","name":"Ledizioni","description":"The Innovative LediPublishing Company - Casa Editrice Universitaria","publisher":{"@id":"https:\/\/www.ledizioni.it\/#organization"},"potentialAction":[{"@type":"SearchAction","target":{"@type":"EntryPoint","urlTemplate":"https:\/\/www.ledizioni.it\/?s={search_term_string}"},"query-input":{"@type":"PropertyValueSpecification","valueRequired":true,"valueName":"search_term_string"}}],"inLanguage":"en-GB"},{"@type":"Organization","@id":"https:\/\/www.ledizioni.it\/#organization","name":"Ledizioni","url":"https:\/\/www.ledizioni.it\/","logo":{"@type":"ImageObject","inLanguage":"en-GB","@id":"https:\/\/www.ledizioni.it\/#\/schema\/logo\/image\/","url":"https:\/\/www.ledizioni.it\/stag\/wp-content\/uploads\/2023\/10\/newlogoledizioni500x110_2-1.jpg","contentUrl":"https:\/\/www.ledizioni.it\/stag\/wp-content\/uploads\/2023\/10\/newlogoledizioni500x110_2-1.jpg","width":354,"height":87,"caption":"Ledizioni"},"image":{"@id":"https:\/\/www.ledizioni.it\/#\/schema\/logo\/image\/"},"sameAs":["https:\/\/www.facebook.com\/pages\/Ledizioni-LediPublishing\/109120559173329","https:\/\/x.com\/ledizioni"]}]}},"jetpack_sharing_enabled":true,"_links":{"self":[{"href":"https:\/\/www.ledizioni.it\/en\/wp-json\/wp\/v2\/product\/63807","targetHints":{"allow":["GET"]}}],"collection":[{"href":"https:\/\/www.ledizioni.it\/en\/wp-json\/wp\/v2\/product"}],"about":[{"href":"https:\/\/www.ledizioni.it\/en\/wp-json\/wp\/v2\/types\/product"}],"replies":[{"embeddable":true,"href":"https:\/\/www.ledizioni.it\/en\/wp-json\/wp\/v2\/comments?post=63807"}],"version-history":[{"count":2,"href":"https:\/\/www.ledizioni.it\/en\/wp-json\/wp\/v2\/product\/63807\/revisions"}],"predecessor-version":[{"id":63810,"href":"https:\/\/www.ledizioni.it\/en\/wp-json\/wp\/v2\/product\/63807\/revisions\/63810"}],"wp:featuredmedia":[{"embeddable":true,"href":"https:\/\/www.ledizioni.it\/en\/wp-json\/wp\/v2\/media\/63808"}],"wp:attachment":[{"href":"https:\/\/www.ledizioni.it\/en\/wp-json\/wp\/v2\/media?parent=63807"}],"wp:term":[{"taxonomy":"product_brand","embeddable":true,"href":"https:\/\/www.ledizioni.it\/en\/wp-json\/wp\/v2\/product_brand?post=63807"},{"taxonomy":"product_cat","embeddable":true,"href":"https:\/\/www.ledizioni.it\/en\/wp-json\/wp\/v2\/product_cat?post=63807"},{"taxonomy":"product_tag","embeddable":true,"href":"https:\/\/www.ledizioni.it\/en\/wp-json\/wp\/v2\/product_tag?post=63807"}],"curies":[{"name":"wp","href":"https:\/\/api.w.org\/{rel}","templated":true}]}}