{"id":6398,"date":"2012-11-28T08:43:21","date_gmt":"2012-11-28T08:43:21","guid":{"rendered":"http:\/\/www.ledizioni.it\/stag\/?post_type=product&#038;p=6398"},"modified":"2022-08-03T06:33:05","modified_gmt":"2022-08-03T04:33:05","slug":"gianluigi-bonanomi-gmail-101-domande-e-risposte-sul-servizio-email-di-google","status":"publish","type":"product","link":"https:\/\/www.ledizioni.it\/en\/product\/gianluigi-bonanomi-gmail-101-domande-e-risposte-sul-servizio-email-di-google\/","title":{"rendered":"GMAIL. 101 DOMANDE E RISPOSTE SUL SERVIZIO EMAIL DI GOOGLE"},"content":{"rendered":"<p style=\"text-align: justify;\">Gmail \u00e8 certamente il servizio di Google pi\u00f9 amato e utilizzato: sempre pi\u00f9 utenti abbracciano il cloud computing, abbandonano i client di posta tradizionali e trasferiscono la propria posta elettronica sul Web. In questo libro l&#8217;autore, redattore da oltre dieci anni di Computer Idea e collaboratore di diverse riviste informatiche, ha raccolto 101 domande sul celebre servizio gratuito di Web mail. Vi ha risposto con indicazioni pratiche, passo a passo. I temi trattati vanno dall&#8217;apertura e gestione di un account alla firma, dagli avatar ai contatti, dalle emoticon alle estensioni del browser, dagli allegati ai backup, dalle chat alle videochiamate. Immancabile, in tempo di smartphone e tablet, anche una sezione sulle app.<\/p>\n<p>&nbsp;<\/p>\n<h3><strong>DATI BIBLIOGRAFICI<\/strong><\/h3>\n<p>Autore: Gianluigi Bonanomi<br \/>\nEditore: Ledizioni<br \/>\nCollana: <a href=\"https:\/\/www.ledizioni.it\/en\/product-category\/varia\/do-tech\/\">Fai da Techsoc<\/a><br \/>\nFormato: ePub &#8211;<br \/>\nPubblicato in: Novembre 2012<br \/>\nISBN: 9788867050376 (epub)<br \/>\nPrezzo ePub: 2,99 \u20ac<\/p>","protected":false},"excerpt":{"rendered":"<p>Gmail \u00e8 certamente il servizio di Google pi\u00f9 amato e utilizzato: sempre pi\u00f9 utenti abbracciano il cloud computing, abbandonano i<\/p>","protected":false},"featured_media":8672,"comment_status":"open","ping_status":"closed","template":"","meta":{"_acf_changed":false},"product_brand":[],"product_cat":[16],"product_tag":[934,916,853,1018],"class_list":{"0":"post-6398","1":"product","2":"type-product","3":"status-publish","4":"has-post-thumbnail","6":"product_cat-do-tech","7":"product_tag-google","8":"product_tag-internet","9":"product_tag-social-media","10":"product_tag-tecnologia","11":"pa_formato-ebook-in-epub","12":"pa_lingua-italiano","14":"first","15":"instock","16":"downloadable","17":"shipping-taxable","18":"purchasable","19":"product-type-simple"},"acf":[],"yoast_head":"<!-- This site is optimized with the Yoast SEO plugin v27.4 - https:\/\/yoast.com\/product\/yoast-seo-wordpress\/ -->\n<title>GMAIL. 101 DOMANDE E RISPOSTE SUL SERVIZIO EMAIL DI GOOGLE -<\/title>\n<meta name=\"description\" content=\"Ledizioni - Innovative Publishing. Casa editrice universitaria. Open Access. eBook, ePub. Creative Commons.\" \/>\n<meta name=\"robots\" content=\"index, follow, max-snippet:-1, max-image-preview:large, max-video-preview:-1\" \/>\n<link rel=\"canonical\" href=\"https:\/\/www.ledizioni.it\/en\/product\/gianluigi-bonanomi-gmail-101-domande-e-risposte-sul-servizio-email-di-google\/\" \/>\n<meta property=\"og:locale\" content=\"en_GB\" \/>\n<meta property=\"og:type\" content=\"article\" \/>\n<meta property=\"og:title\" content=\"GMAIL. 101 DOMANDE E RISPOSTE SUL SERVIZIO EMAIL DI GOOGLE -\" \/>\n<meta property=\"og:description\" content=\"Ledizioni - Innovative Publishing. Casa editrice universitaria. Open Access. eBook, ePub. Creative Commons.\" \/>\n<meta property=\"og:url\" content=\"https:\/\/www.ledizioni.it\/en\/product\/gianluigi-bonanomi-gmail-101-domande-e-risposte-sul-servizio-email-di-google\/\" \/>\n<meta property=\"og:site_name\" content=\"Ledizioni\" \/>\n<meta property=\"article:publisher\" content=\"https:\/\/www.facebook.com\/pages\/Ledizioni-LediPublishing\/109120559173329\" \/>\n<meta property=\"article:modified_time\" content=\"2022-08-03T04:33:05+00:00\" \/>\n<meta property=\"og:image\" content=\"https:\/\/www.ledizioni.it\/stag\/wp-content\/uploads\/2012\/11\/copertina_gmail_22-291x5251.jpg\" \/>\n\t<meta property=\"og:image:width\" content=\"1493\" \/>\n\t<meta property=\"og:image:height\" content=\"2080\" \/>\n\t<meta property=\"og:image:type\" content=\"image\/jpeg\" \/>\n<meta name=\"twitter:card\" content=\"summary_large_image\" \/>\n<meta name=\"twitter:site\" content=\"@ledizioni\" \/>\n<meta name=\"twitter:label1\" content=\"Estimated reading time\" \/>\n\t<meta name=\"twitter:data1\" content=\"1 minute\" \/>\n<script type=\"application\/ld+json\" class=\"yoast-schema-graph\">{\"@context\":\"https:\\\/\\\/schema.org\",\"@graph\":[{\"@type\":\"WebPage\",\"@id\":\"https:\\\/\\\/www.ledizioni.it\\\/prodotto\\\/gianluigi-bonanomi-gmail-101-domande-e-risposte-sul-servizio-email-di-google\\\/\",\"url\":\"https:\\\/\\\/www.ledizioni.it\\\/prodotto\\\/gianluigi-bonanomi-gmail-101-domande-e-risposte-sul-servizio-email-di-google\\\/\",\"name\":\"GMAIL. 101 DOMANDE E RISPOSTE SUL SERVIZIO EMAIL DI GOOGLE -\",\"isPartOf\":{\"@id\":\"https:\\\/\\\/www.ledizioni.it\\\/#website\"},\"primaryImageOfPage\":{\"@id\":\"https:\\\/\\\/www.ledizioni.it\\\/prodotto\\\/gianluigi-bonanomi-gmail-101-domande-e-risposte-sul-servizio-email-di-google\\\/#primaryimage\"},\"image\":{\"@id\":\"https:\\\/\\\/www.ledizioni.it\\\/prodotto\\\/gianluigi-bonanomi-gmail-101-domande-e-risposte-sul-servizio-email-di-google\\\/#primaryimage\"},\"thumbnailUrl\":\"https:\\\/\\\/www.ledizioni.it\\\/stag\\\/wp-content\\\/uploads\\\/2012\\\/11\\\/copertina_gmail_22-291x5251.jpg\",\"datePublished\":\"2012-11-28T08:43:21+00:00\",\"dateModified\":\"2022-08-03T04:33:05+00:00\",\"description\":\"Ledizioni - Innovative Publishing. Casa editrice universitaria. Open Access. eBook, ePub. Creative Commons.\",\"breadcrumb\":{\"@id\":\"https:\\\/\\\/www.ledizioni.it\\\/prodotto\\\/gianluigi-bonanomi-gmail-101-domande-e-risposte-sul-servizio-email-di-google\\\/#breadcrumb\"},\"inLanguage\":\"en-GB\",\"potentialAction\":[{\"@type\":\"ReadAction\",\"target\":[\"https:\\\/\\\/www.ledizioni.it\\\/prodotto\\\/gianluigi-bonanomi-gmail-101-domande-e-risposte-sul-servizio-email-di-google\\\/\"]}]},{\"@type\":\"ImageObject\",\"inLanguage\":\"en-GB\",\"@id\":\"https:\\\/\\\/www.ledizioni.it\\\/prodotto\\\/gianluigi-bonanomi-gmail-101-domande-e-risposte-sul-servizio-email-di-google\\\/#primaryimage\",\"url\":\"https:\\\/\\\/www.ledizioni.it\\\/stag\\\/wp-content\\\/uploads\\\/2012\\\/11\\\/copertina_gmail_22-291x5251.jpg\",\"contentUrl\":\"https:\\\/\\\/www.ledizioni.it\\\/stag\\\/wp-content\\\/uploads\\\/2012\\\/11\\\/copertina_gmail_22-291x5251.jpg\",\"width\":1493,\"height\":2080},{\"@type\":\"BreadcrumbList\",\"@id\":\"https:\\\/\\\/www.ledizioni.it\\\/prodotto\\\/gianluigi-bonanomi-gmail-101-domande-e-risposte-sul-servizio-email-di-google\\\/#breadcrumb\",\"itemListElement\":[{\"@type\":\"ListItem\",\"position\":1,\"name\":\"Shop\",\"item\":\"https:\\\/\\\/www.ledizioni.it\\\/shop-2\\\/\"},{\"@type\":\"ListItem\",\"position\":2,\"name\":\"GMAIL. 101 DOMANDE E RISPOSTE SUL SERVIZIO EMAIL DI GOOGLE\"}]},{\"@type\":\"WebSite\",\"@id\":\"https:\\\/\\\/www.ledizioni.it\\\/#website\",\"url\":\"https:\\\/\\\/www.ledizioni.it\\\/\",\"name\":\"Ledizioni\",\"description\":\"The Innovative LediPublishing Company - Casa Editrice Universitaria\",\"publisher\":{\"@id\":\"https:\\\/\\\/www.ledizioni.it\\\/#organization\"},\"potentialAction\":[{\"@type\":\"SearchAction\",\"target\":{\"@type\":\"EntryPoint\",\"urlTemplate\":\"https:\\\/\\\/www.ledizioni.it\\\/?s={search_term_string}\"},\"query-input\":{\"@type\":\"PropertyValueSpecification\",\"valueRequired\":true,\"valueName\":\"search_term_string\"}}],\"inLanguage\":\"en-GB\"},{\"@type\":\"Organization\",\"@id\":\"https:\\\/\\\/www.ledizioni.it\\\/#organization\",\"name\":\"Ledizioni\",\"url\":\"https:\\\/\\\/www.ledizioni.it\\\/\",\"logo\":{\"@type\":\"ImageObject\",\"inLanguage\":\"en-GB\",\"@id\":\"https:\\\/\\\/www.ledizioni.it\\\/#\\\/schema\\\/logo\\\/image\\\/\",\"url\":\"https:\\\/\\\/www.ledizioni.it\\\/stag\\\/wp-content\\\/uploads\\\/2023\\\/10\\\/newlogoledizioni500x110_2-1.jpg\",\"contentUrl\":\"https:\\\/\\\/www.ledizioni.it\\\/stag\\\/wp-content\\\/uploads\\\/2023\\\/10\\\/newlogoledizioni500x110_2-1.jpg\",\"width\":354,\"height\":87,\"caption\":\"Ledizioni\"},\"image\":{\"@id\":\"https:\\\/\\\/www.ledizioni.it\\\/#\\\/schema\\\/logo\\\/image\\\/\"},\"sameAs\":[\"https:\\\/\\\/www.facebook.com\\\/pages\\\/Ledizioni-LediPublishing\\\/109120559173329\",\"https:\\\/\\\/x.com\\\/ledizioni\"]}]}<\/script>\n<!-- \/ Yoast SEO plugin. -->","yoast_head_json":{"title":"GMAIL. 101 DOMANDE E RISPOSTE SUL SERVIZIO EMAIL DI GOOGLE -","description":"Ledizioni - Innovative Publishing. Casa editrice universitaria. Open Access. eBook, ePub. Creative Commons.","robots":{"index":"index","follow":"follow","max-snippet":"max-snippet:-1","max-image-preview":"max-image-preview:large","max-video-preview":"max-video-preview:-1"},"canonical":"https:\/\/www.ledizioni.it\/en\/product\/gianluigi-bonanomi-gmail-101-domande-e-risposte-sul-servizio-email-di-google\/","og_locale":"en_GB","og_type":"article","og_title":"GMAIL. 101 DOMANDE E RISPOSTE SUL SERVIZIO EMAIL DI GOOGLE -","og_description":"Ledizioni - Innovative Publishing. Casa editrice universitaria. Open Access. eBook, ePub. Creative Commons.","og_url":"https:\/\/www.ledizioni.it\/en\/product\/gianluigi-bonanomi-gmail-101-domande-e-risposte-sul-servizio-email-di-google\/","og_site_name":"Ledizioni","article_publisher":"https:\/\/www.facebook.com\/pages\/Ledizioni-LediPublishing\/109120559173329","article_modified_time":"2022-08-03T04:33:05+00:00","og_image":[{"width":1493,"height":2080,"url":"https:\/\/www.ledizioni.it\/stag\/wp-content\/uploads\/2012\/11\/copertina_gmail_22-291x5251.jpg","type":"image\/jpeg"}],"twitter_card":"summary_large_image","twitter_site":"@ledizioni","twitter_misc":{"Estimated reading time":"1 minute"},"schema":{"@context":"https:\/\/schema.org","@graph":[{"@type":"WebPage","@id":"https:\/\/www.ledizioni.it\/prodotto\/gianluigi-bonanomi-gmail-101-domande-e-risposte-sul-servizio-email-di-google\/","url":"https:\/\/www.ledizioni.it\/prodotto\/gianluigi-bonanomi-gmail-101-domande-e-risposte-sul-servizio-email-di-google\/","name":"GMAIL. 101 DOMANDE E RISPOSTE SUL SERVIZIO EMAIL DI GOOGLE -","isPartOf":{"@id":"https:\/\/www.ledizioni.it\/#website"},"primaryImageOfPage":{"@id":"https:\/\/www.ledizioni.it\/prodotto\/gianluigi-bonanomi-gmail-101-domande-e-risposte-sul-servizio-email-di-google\/#primaryimage"},"image":{"@id":"https:\/\/www.ledizioni.it\/prodotto\/gianluigi-bonanomi-gmail-101-domande-e-risposte-sul-servizio-email-di-google\/#primaryimage"},"thumbnailUrl":"https:\/\/www.ledizioni.it\/stag\/wp-content\/uploads\/2012\/11\/copertina_gmail_22-291x5251.jpg","datePublished":"2012-11-28T08:43:21+00:00","dateModified":"2022-08-03T04:33:05+00:00","description":"Ledizioni - Innovative Publishing. Casa editrice universitaria. Open Access. eBook, ePub. Creative Commons.","breadcrumb":{"@id":"https:\/\/www.ledizioni.it\/prodotto\/gianluigi-bonanomi-gmail-101-domande-e-risposte-sul-servizio-email-di-google\/#breadcrumb"},"inLanguage":"en-GB","potentialAction":[{"@type":"ReadAction","target":["https:\/\/www.ledizioni.it\/prodotto\/gianluigi-bonanomi-gmail-101-domande-e-risposte-sul-servizio-email-di-google\/"]}]},{"@type":"ImageObject","inLanguage":"en-GB","@id":"https:\/\/www.ledizioni.it\/prodotto\/gianluigi-bonanomi-gmail-101-domande-e-risposte-sul-servizio-email-di-google\/#primaryimage","url":"https:\/\/www.ledizioni.it\/stag\/wp-content\/uploads\/2012\/11\/copertina_gmail_22-291x5251.jpg","contentUrl":"https:\/\/www.ledizioni.it\/stag\/wp-content\/uploads\/2012\/11\/copertina_gmail_22-291x5251.jpg","width":1493,"height":2080},{"@type":"BreadcrumbList","@id":"https:\/\/www.ledizioni.it\/prodotto\/gianluigi-bonanomi-gmail-101-domande-e-risposte-sul-servizio-email-di-google\/#breadcrumb","itemListElement":[{"@type":"ListItem","position":1,"name":"Shop","item":"https:\/\/www.ledizioni.it\/shop-2\/"},{"@type":"ListItem","position":2,"name":"GMAIL. 101 DOMANDE E RISPOSTE SUL SERVIZIO EMAIL DI GOOGLE"}]},{"@type":"WebSite","@id":"https:\/\/www.ledizioni.it\/#website","url":"https:\/\/www.ledizioni.it\/","name":"Ledizioni","description":"The Innovative LediPublishing Company - Casa Editrice Universitaria","publisher":{"@id":"https:\/\/www.ledizioni.it\/#organization"},"potentialAction":[{"@type":"SearchAction","target":{"@type":"EntryPoint","urlTemplate":"https:\/\/www.ledizioni.it\/?s={search_term_string}"},"query-input":{"@type":"PropertyValueSpecification","valueRequired":true,"valueName":"search_term_string"}}],"inLanguage":"en-GB"},{"@type":"Organization","@id":"https:\/\/www.ledizioni.it\/#organization","name":"Ledizioni","url":"https:\/\/www.ledizioni.it\/","logo":{"@type":"ImageObject","inLanguage":"en-GB","@id":"https:\/\/www.ledizioni.it\/#\/schema\/logo\/image\/","url":"https:\/\/www.ledizioni.it\/stag\/wp-content\/uploads\/2023\/10\/newlogoledizioni500x110_2-1.jpg","contentUrl":"https:\/\/www.ledizioni.it\/stag\/wp-content\/uploads\/2023\/10\/newlogoledizioni500x110_2-1.jpg","width":354,"height":87,"caption":"Ledizioni"},"image":{"@id":"https:\/\/www.ledizioni.it\/#\/schema\/logo\/image\/"},"sameAs":["https:\/\/www.facebook.com\/pages\/Ledizioni-LediPublishing\/109120559173329","https:\/\/x.com\/ledizioni"]}]}},"jetpack_sharing_enabled":true,"_links":{"self":[{"href":"https:\/\/www.ledizioni.it\/en\/wp-json\/wp\/v2\/product\/6398","targetHints":{"allow":["GET"]}}],"collection":[{"href":"https:\/\/www.ledizioni.it\/en\/wp-json\/wp\/v2\/product"}],"about":[{"href":"https:\/\/www.ledizioni.it\/en\/wp-json\/wp\/v2\/types\/product"}],"replies":[{"embeddable":true,"href":"https:\/\/www.ledizioni.it\/en\/wp-json\/wp\/v2\/comments?post=6398"}],"version-history":[{"count":1,"href":"https:\/\/www.ledizioni.it\/en\/wp-json\/wp\/v2\/product\/6398\/revisions"}],"predecessor-version":[{"id":8367,"href":"https:\/\/www.ledizioni.it\/en\/wp-json\/wp\/v2\/product\/6398\/revisions\/8367"}],"wp:featuredmedia":[{"embeddable":true,"href":"https:\/\/www.ledizioni.it\/en\/wp-json\/wp\/v2\/media\/8672"}],"wp:attachment":[{"href":"https:\/\/www.ledizioni.it\/en\/wp-json\/wp\/v2\/media?parent=6398"}],"wp:term":[{"taxonomy":"product_brand","embeddable":true,"href":"https:\/\/www.ledizioni.it\/en\/wp-json\/wp\/v2\/product_brand?post=6398"},{"taxonomy":"product_cat","embeddable":true,"href":"https:\/\/www.ledizioni.it\/en\/wp-json\/wp\/v2\/product_cat?post=6398"},{"taxonomy":"product_tag","embeddable":true,"href":"https:\/\/www.ledizioni.it\/en\/wp-json\/wp\/v2\/product_tag?post=6398"}],"curies":[{"name":"wp","href":"https:\/\/api.w.org\/{rel}","templated":true}]}}