{"id":6409,"date":"2012-11-11T08:57:36","date_gmt":"2012-11-11T08:57:36","guid":{"rendered":"http:\/\/www.ledizioni.it\/stag\/?post_type=product&#038;p=6409"},"modified":"2019-10-04T15:31:18","modified_gmt":"2019-10-04T13:31:18","slug":"s-cattaneo-la-cultura-x-mercato-pop-e-tradizione","status":"publish","type":"product","link":"https:\/\/www.ledizioni.it\/en\/product\/s-cattaneo-la-cultura-x-mercato-pop-e-tradizione\/","title":{"rendered":"LA \u2018CULTURA X\u2019. MERCATO, POP E TRADIZIONE"},"content":{"rendered":"<p style=\"text-align: justify;\">[amazon_link asins=&#8217;B01KVWF2TU&#8217; template=&#8217;PriceLink1&#8242; store=&#8217;ledizioni-21&#8242; marketplace=&#8217;IT&#8217; link_id=&#8217;81c7b510-dc3b-11e8-949f-c36beea47817&#8242;]<\/p>\n<p style=\"text-align: justify;\">Gli anni \u201990 del XX secolo hanno segnato un punto di non ritorno per la societ\u00e0 e le lettere spagnole: la piena integrazione alla contemporaneit\u00e0 ha portato con s\u00e9 l\u2019asservimento alle leggi di mercato e l\u2019affermarsi di un narrare aperto all\u2019ibridazione tra linguaggi, insofferente alle distinzioni tra alta cultura e spettacolo popolare. In questo volume si prova a tracciare un bilancio ragionato di questo passaggio, smontando fenomeni generazionali discutibili e facendo dialogare tradizione e pop, in un confronto che coinvolge le traiettorie letterarie di Ray Loriga, Juan Bonilla e Juan Manuel de Prada, emblematiche per il loro snodarsi tra questi due estremi alla ricerca di una prosa laconica come un verso di canzone rock o esuberante di metafore, nel segno di una metaletteratura ludica o raffinata, tra\u00a0 cinema, musica, televisione e barocchismo.<\/p>\n<p><a href=\"http:\/\/www.ledizioni.it\/sito\/wp-content\/uploads\/2012\/11\/Cattaneo_web1.pdf\">Scarica gratuitamente il file pdf<\/a><\/p>\n<h3><strong>DATI BIBLIOGRAFICI<\/strong><\/h3>\n<p>Autore: Simone Cattaneo<br \/>\nEditore: Ledizioni<br \/>\nCollana: <a title=\"Di\/Segni\" href=\"http:\/\/www.ledizioni.it\/en\/sito\/disegni\/\">Di\/Segni<\/a><br \/>\nFormato: Brossura<br \/>\nPubblicato in: Novembre 2012<br \/>\nISBN: 9788867050512 (cartaceo)<br \/>\nPrezzo cartaceo: 18,00 \u20ac<\/p>\n<p><a href=\"http:\/\/www.mondadoristore.it\/cultura-X-Mercato-pop-Simone-Cattaneo\/eai978886705051\/?sessionToken=DRG1PC2sQdgZogWgtKPxCeL1unROe3o7\" target=\"_blank\" rel=\"noopener\"><img decoding=\"async\" class=\"alignnone size-full wp-image-14398 aligncenter\" src=\"http:\/\/www.ledizioni.it\/stag\/wp-content\/uploads\/2012\/06\/red-podok.jpg\" alt=\"Pod MondadoriStore\" width=\"200\" height=\"82\" \/><\/a><\/p>\n<p><a href=\"https:\/\/www.torrossa.com\/it\/resources\/an\/3027895\"><img decoding=\"async\" class=\"aligncenter wp-image-23912\" src=\"https:\/\/www.ledizioni.it\/stag\/wp-content\/uploads\/2019\/07\/torrossa_web-150x80.jpg\" alt=\"\" width=\"200\" height=\"60\" \/><\/a><\/p>","protected":false},"excerpt":{"rendered":"<p>[amazon_link asins=&#8217;B01KVWF2TU&#8217; template=&#8217;PriceLink1&#8242; store=&#8217;ledizioni-21&#8242; marketplace=&#8217;IT&#8217; link_id=&#8217;81c7b510-dc3b-11e8-949f-c36beea47817&#8242;] Gli anni \u201990 del XX secolo hanno segnato un punto di non ritorno per<\/p>","protected":false},"featured_media":18982,"comment_status":"open","ping_status":"closed","template":"","meta":{"_acf_changed":false},"product_brand":[],"product_cat":[1080],"product_tag":[764,1189],"class_list":{"0":"post-6409","1":"product","2":"type-product","3":"status-publish","4":"has-post-thumbnail","6":"product_cat-disegni","7":"product_tag-open-access-2","8":"product_tag-risorse-didattiche-gratuite","9":"pa_accesso-open-access","10":"pa_accesso-pagamento","11":"pa_formato-cartaceo","12":"pa_formato-ebook-in-pdf","13":"pa_lingua-italiano","15":"first","16":"instock","17":"shipping-taxable","18":"purchasable","19":"product-type-variable"},"acf":[],"yoast_head":"<!-- This site is optimized with the Yoast SEO plugin v27.3 - https:\/\/yoast.com\/product\/yoast-seo-wordpress\/ -->\n<title>LA \u2018CULTURA X\u2019. MERCATO, POP E TRADIZIONE -<\/title>\n<meta name=\"description\" content=\"Ledizioni - Innovative Publishing. Casa editrice universitaria. Open Access. eBook, ePub. Creative Commons.\" \/>\n<meta name=\"robots\" content=\"index, follow, max-snippet:-1, max-image-preview:large, max-video-preview:-1\" \/>\n<link rel=\"canonical\" href=\"https:\/\/www.ledizioni.it\/en\/product\/s-cattaneo-la-cultura-x-mercato-pop-e-tradizione\/\" \/>\n<meta property=\"og:locale\" content=\"en_GB\" \/>\n<meta property=\"og:type\" content=\"article\" \/>\n<meta property=\"og:title\" content=\"LA \u2018CULTURA X\u2019. MERCATO, POP E TRADIZIONE -\" \/>\n<meta property=\"og:description\" content=\"Ledizioni - Innovative Publishing. Casa editrice universitaria. Open Access. eBook, ePub. Creative Commons.\" \/>\n<meta property=\"og:url\" content=\"https:\/\/www.ledizioni.it\/en\/product\/s-cattaneo-la-cultura-x-mercato-pop-e-tradizione\/\" \/>\n<meta property=\"og:site_name\" content=\"Ledizioni\" \/>\n<meta property=\"article:publisher\" content=\"https:\/\/www.facebook.com\/pages\/Ledizioni-LediPublishing\/109120559173329\" \/>\n<meta property=\"article:modified_time\" content=\"2019-10-04T13:31:18+00:00\" \/>\n<meta property=\"og:image\" content=\"https:\/\/www.ledizioni.it\/stag\/wp-content\/uploads\/2012\/11\/Cattaneo_3D.jpg\" \/>\n\t<meta property=\"og:image:width\" content=\"500\" \/>\n\t<meta property=\"og:image:height\" content=\"594\" \/>\n\t<meta property=\"og:image:type\" content=\"image\/jpeg\" \/>\n<meta name=\"twitter:card\" content=\"summary_large_image\" \/>\n<meta name=\"twitter:site\" content=\"@ledizioni\" \/>\n<meta name=\"twitter:label1\" content=\"Estimated reading time\" \/>\n\t<meta name=\"twitter:data1\" content=\"1 minute\" \/>\n<script type=\"application\/ld+json\" class=\"yoast-schema-graph\">{\"@context\":\"https:\\\/\\\/schema.org\",\"@graph\":[{\"@type\":\"WebPage\",\"@id\":\"https:\\\/\\\/www.ledizioni.it\\\/prodotto\\\/s-cattaneo-la-cultura-x-mercato-pop-e-tradizione\\\/\",\"url\":\"https:\\\/\\\/www.ledizioni.it\\\/prodotto\\\/s-cattaneo-la-cultura-x-mercato-pop-e-tradizione\\\/\",\"name\":\"LA \u2018CULTURA X\u2019. MERCATO, POP E TRADIZIONE -\",\"isPartOf\":{\"@id\":\"https:\\\/\\\/www.ledizioni.it\\\/#website\"},\"primaryImageOfPage\":{\"@id\":\"https:\\\/\\\/www.ledizioni.it\\\/prodotto\\\/s-cattaneo-la-cultura-x-mercato-pop-e-tradizione\\\/#primaryimage\"},\"image\":{\"@id\":\"https:\\\/\\\/www.ledizioni.it\\\/prodotto\\\/s-cattaneo-la-cultura-x-mercato-pop-e-tradizione\\\/#primaryimage\"},\"thumbnailUrl\":\"https:\\\/\\\/www.ledizioni.it\\\/stag\\\/wp-content\\\/uploads\\\/2012\\\/11\\\/Cattaneo_3D.jpg\",\"datePublished\":\"2012-11-11T08:57:36+00:00\",\"dateModified\":\"2019-10-04T13:31:18+00:00\",\"description\":\"Ledizioni - Innovative Publishing. Casa editrice universitaria. Open Access. eBook, ePub. Creative Commons.\",\"breadcrumb\":{\"@id\":\"https:\\\/\\\/www.ledizioni.it\\\/prodotto\\\/s-cattaneo-la-cultura-x-mercato-pop-e-tradizione\\\/#breadcrumb\"},\"inLanguage\":\"en-GB\",\"potentialAction\":[{\"@type\":\"ReadAction\",\"target\":[\"https:\\\/\\\/www.ledizioni.it\\\/prodotto\\\/s-cattaneo-la-cultura-x-mercato-pop-e-tradizione\\\/\"]}]},{\"@type\":\"ImageObject\",\"inLanguage\":\"en-GB\",\"@id\":\"https:\\\/\\\/www.ledizioni.it\\\/prodotto\\\/s-cattaneo-la-cultura-x-mercato-pop-e-tradizione\\\/#primaryimage\",\"url\":\"https:\\\/\\\/www.ledizioni.it\\\/stag\\\/wp-content\\\/uploads\\\/2012\\\/11\\\/Cattaneo_3D.jpg\",\"contentUrl\":\"https:\\\/\\\/www.ledizioni.it\\\/stag\\\/wp-content\\\/uploads\\\/2012\\\/11\\\/Cattaneo_3D.jpg\",\"width\":500,\"height\":594},{\"@type\":\"BreadcrumbList\",\"@id\":\"https:\\\/\\\/www.ledizioni.it\\\/prodotto\\\/s-cattaneo-la-cultura-x-mercato-pop-e-tradizione\\\/#breadcrumb\",\"itemListElement\":[{\"@type\":\"ListItem\",\"position\":1,\"name\":\"Shop\",\"item\":\"https:\\\/\\\/www.ledizioni.it\\\/shop-2\\\/\"},{\"@type\":\"ListItem\",\"position\":2,\"name\":\"LA \u2018CULTURA X\u2019. MERCATO, POP E TRADIZIONE\"}]},{\"@type\":\"WebSite\",\"@id\":\"https:\\\/\\\/www.ledizioni.it\\\/#website\",\"url\":\"https:\\\/\\\/www.ledizioni.it\\\/\",\"name\":\"Ledizioni\",\"description\":\"The Innovative LediPublishing Company - Casa Editrice Universitaria\",\"publisher\":{\"@id\":\"https:\\\/\\\/www.ledizioni.it\\\/#organization\"},\"potentialAction\":[{\"@type\":\"SearchAction\",\"target\":{\"@type\":\"EntryPoint\",\"urlTemplate\":\"https:\\\/\\\/www.ledizioni.it\\\/?s={search_term_string}\"},\"query-input\":{\"@type\":\"PropertyValueSpecification\",\"valueRequired\":true,\"valueName\":\"search_term_string\"}}],\"inLanguage\":\"en-GB\"},{\"@type\":\"Organization\",\"@id\":\"https:\\\/\\\/www.ledizioni.it\\\/#organization\",\"name\":\"Ledizioni\",\"url\":\"https:\\\/\\\/www.ledizioni.it\\\/\",\"logo\":{\"@type\":\"ImageObject\",\"inLanguage\":\"en-GB\",\"@id\":\"https:\\\/\\\/www.ledizioni.it\\\/#\\\/schema\\\/logo\\\/image\\\/\",\"url\":\"https:\\\/\\\/www.ledizioni.it\\\/stag\\\/wp-content\\\/uploads\\\/2023\\\/10\\\/newlogoledizioni500x110_2-1.jpg\",\"contentUrl\":\"https:\\\/\\\/www.ledizioni.it\\\/stag\\\/wp-content\\\/uploads\\\/2023\\\/10\\\/newlogoledizioni500x110_2-1.jpg\",\"width\":354,\"height\":87,\"caption\":\"Ledizioni\"},\"image\":{\"@id\":\"https:\\\/\\\/www.ledizioni.it\\\/#\\\/schema\\\/logo\\\/image\\\/\"},\"sameAs\":[\"https:\\\/\\\/www.facebook.com\\\/pages\\\/Ledizioni-LediPublishing\\\/109120559173329\",\"https:\\\/\\\/x.com\\\/ledizioni\"]}]}<\/script>\n<!-- \/ Yoast SEO plugin. -->","yoast_head_json":{"title":"LA \u2018CULTURA X\u2019. MERCATO, POP E TRADIZIONE -","description":"Ledizioni - Innovative Publishing. Casa editrice universitaria. Open Access. eBook, ePub. Creative Commons.","robots":{"index":"index","follow":"follow","max-snippet":"max-snippet:-1","max-image-preview":"max-image-preview:large","max-video-preview":"max-video-preview:-1"},"canonical":"https:\/\/www.ledizioni.it\/en\/product\/s-cattaneo-la-cultura-x-mercato-pop-e-tradizione\/","og_locale":"en_GB","og_type":"article","og_title":"LA \u2018CULTURA X\u2019. MERCATO, POP E TRADIZIONE -","og_description":"Ledizioni - Innovative Publishing. Casa editrice universitaria. Open Access. eBook, ePub. Creative Commons.","og_url":"https:\/\/www.ledizioni.it\/en\/product\/s-cattaneo-la-cultura-x-mercato-pop-e-tradizione\/","og_site_name":"Ledizioni","article_publisher":"https:\/\/www.facebook.com\/pages\/Ledizioni-LediPublishing\/109120559173329","article_modified_time":"2019-10-04T13:31:18+00:00","og_image":[{"width":500,"height":594,"url":"https:\/\/www.ledizioni.it\/stag\/wp-content\/uploads\/2012\/11\/Cattaneo_3D.jpg","type":"image\/jpeg"}],"twitter_card":"summary_large_image","twitter_site":"@ledizioni","twitter_misc":{"Estimated reading time":"1 minute"},"schema":{"@context":"https:\/\/schema.org","@graph":[{"@type":"WebPage","@id":"https:\/\/www.ledizioni.it\/prodotto\/s-cattaneo-la-cultura-x-mercato-pop-e-tradizione\/","url":"https:\/\/www.ledizioni.it\/prodotto\/s-cattaneo-la-cultura-x-mercato-pop-e-tradizione\/","name":"LA \u2018CULTURA X\u2019. MERCATO, POP E TRADIZIONE -","isPartOf":{"@id":"https:\/\/www.ledizioni.it\/#website"},"primaryImageOfPage":{"@id":"https:\/\/www.ledizioni.it\/prodotto\/s-cattaneo-la-cultura-x-mercato-pop-e-tradizione\/#primaryimage"},"image":{"@id":"https:\/\/www.ledizioni.it\/prodotto\/s-cattaneo-la-cultura-x-mercato-pop-e-tradizione\/#primaryimage"},"thumbnailUrl":"https:\/\/www.ledizioni.it\/stag\/wp-content\/uploads\/2012\/11\/Cattaneo_3D.jpg","datePublished":"2012-11-11T08:57:36+00:00","dateModified":"2019-10-04T13:31:18+00:00","description":"Ledizioni - Innovative Publishing. Casa editrice universitaria. Open Access. eBook, ePub. Creative Commons.","breadcrumb":{"@id":"https:\/\/www.ledizioni.it\/prodotto\/s-cattaneo-la-cultura-x-mercato-pop-e-tradizione\/#breadcrumb"},"inLanguage":"en-GB","potentialAction":[{"@type":"ReadAction","target":["https:\/\/www.ledizioni.it\/prodotto\/s-cattaneo-la-cultura-x-mercato-pop-e-tradizione\/"]}]},{"@type":"ImageObject","inLanguage":"en-GB","@id":"https:\/\/www.ledizioni.it\/prodotto\/s-cattaneo-la-cultura-x-mercato-pop-e-tradizione\/#primaryimage","url":"https:\/\/www.ledizioni.it\/stag\/wp-content\/uploads\/2012\/11\/Cattaneo_3D.jpg","contentUrl":"https:\/\/www.ledizioni.it\/stag\/wp-content\/uploads\/2012\/11\/Cattaneo_3D.jpg","width":500,"height":594},{"@type":"BreadcrumbList","@id":"https:\/\/www.ledizioni.it\/prodotto\/s-cattaneo-la-cultura-x-mercato-pop-e-tradizione\/#breadcrumb","itemListElement":[{"@type":"ListItem","position":1,"name":"Shop","item":"https:\/\/www.ledizioni.it\/shop-2\/"},{"@type":"ListItem","position":2,"name":"LA \u2018CULTURA X\u2019. MERCATO, POP E TRADIZIONE"}]},{"@type":"WebSite","@id":"https:\/\/www.ledizioni.it\/#website","url":"https:\/\/www.ledizioni.it\/","name":"Ledizioni","description":"The Innovative LediPublishing Company - Casa Editrice Universitaria","publisher":{"@id":"https:\/\/www.ledizioni.it\/#organization"},"potentialAction":[{"@type":"SearchAction","target":{"@type":"EntryPoint","urlTemplate":"https:\/\/www.ledizioni.it\/?s={search_term_string}"},"query-input":{"@type":"PropertyValueSpecification","valueRequired":true,"valueName":"search_term_string"}}],"inLanguage":"en-GB"},{"@type":"Organization","@id":"https:\/\/www.ledizioni.it\/#organization","name":"Ledizioni","url":"https:\/\/www.ledizioni.it\/","logo":{"@type":"ImageObject","inLanguage":"en-GB","@id":"https:\/\/www.ledizioni.it\/#\/schema\/logo\/image\/","url":"https:\/\/www.ledizioni.it\/stag\/wp-content\/uploads\/2023\/10\/newlogoledizioni500x110_2-1.jpg","contentUrl":"https:\/\/www.ledizioni.it\/stag\/wp-content\/uploads\/2023\/10\/newlogoledizioni500x110_2-1.jpg","width":354,"height":87,"caption":"Ledizioni"},"image":{"@id":"https:\/\/www.ledizioni.it\/#\/schema\/logo\/image\/"},"sameAs":["https:\/\/www.facebook.com\/pages\/Ledizioni-LediPublishing\/109120559173329","https:\/\/x.com\/ledizioni"]}]}},"jetpack_sharing_enabled":true,"_links":{"self":[{"href":"https:\/\/www.ledizioni.it\/en\/wp-json\/wp\/v2\/product\/6409","targetHints":{"allow":["GET"]}}],"collection":[{"href":"https:\/\/www.ledizioni.it\/en\/wp-json\/wp\/v2\/product"}],"about":[{"href":"https:\/\/www.ledizioni.it\/en\/wp-json\/wp\/v2\/types\/product"}],"replies":[{"embeddable":true,"href":"https:\/\/www.ledizioni.it\/en\/wp-json\/wp\/v2\/comments?post=6409"}],"version-history":[{"count":1,"href":"https:\/\/www.ledizioni.it\/en\/wp-json\/wp\/v2\/product\/6409\/revisions"}],"predecessor-version":[{"id":20552,"href":"https:\/\/www.ledizioni.it\/en\/wp-json\/wp\/v2\/product\/6409\/revisions\/20552"}],"wp:featuredmedia":[{"embeddable":true,"href":"https:\/\/www.ledizioni.it\/en\/wp-json\/wp\/v2\/media\/18982"}],"wp:attachment":[{"href":"https:\/\/www.ledizioni.it\/en\/wp-json\/wp\/v2\/media?parent=6409"}],"wp:term":[{"taxonomy":"product_brand","embeddable":true,"href":"https:\/\/www.ledizioni.it\/en\/wp-json\/wp\/v2\/product_brand?post=6409"},{"taxonomy":"product_cat","embeddable":true,"href":"https:\/\/www.ledizioni.it\/en\/wp-json\/wp\/v2\/product_cat?post=6409"},{"taxonomy":"product_tag","embeddable":true,"href":"https:\/\/www.ledizioni.it\/en\/wp-json\/wp\/v2\/product_tag?post=6409"}],"curies":[{"name":"wp","href":"https:\/\/api.w.org\/{rel}","templated":true}]}}