{"id":6421,"date":"2012-10-18T09:08:23","date_gmt":"2012-10-18T09:08:23","guid":{"rendered":"http:\/\/www.ledizioni.it\/stag\/?post_type=product&#038;p=6421"},"modified":"2022-07-27T10:14:37","modified_gmt":"2022-07-27T08:14:37","slug":"g-dalle-fusine-a-gualtieri-recuperanti-di-ieri-e-di-oggi-ebook","status":"publish","type":"product","link":"https:\/\/www.ledizioni.it\/en\/product\/g-dalle-fusine-a-gualtieri-recuperanti-di-ieri-e-di-oggi-ebook\/","title":{"rendered":"RECUPERANTI DI IERI E DI OGGI"},"content":{"rendered":"<p style=\"text-align: justify;\">Nel 1919 non si era ancora spenta l\u2019eco delle esplosioni che gi\u00e0 un nuovo contingente, senza uniformi, prendeva possesso di trincee e baraccamenti abbandonati dal nemico in ritirata. I protagonisti degli assalti e contrattacchi all\u2019arma bianca non c\u2019erano pi\u00f9, smobilitati quasi tutti, costretti ora a curarsi le ferite o scioperare lungo le vie cittadine. Bisognava inventarsi lavori nuovi, magari scomodi e pericolosi, purch\u00e9 adatti a superare le ristrettezze della recessione economica. Nasceva cos\u00ec nelle province in prossimit\u00e0 del\u2019ex fronte la figura del Recuperante fatta di temerari, di esperti in disinnesco, profondi conoscitori di fatti bellici legati ad un territorio, quello di Alpi e Prealpi, dallo Stelvio al mare, che ancor oggi mostra le tragiche ferite della Grande Guerra.<\/p>\n<h3><strong>DATI BIBLIOGRAFICI<\/strong><\/h3>\n<p>Curatori: Alessandro Gualtieri, Giovanni Dalle Fusine<br \/>\nEditore: Ledizioni<br \/>\nCollana: <a title=\"History\" href=\"http:\/\/www.ledizioni.it\/en\/sito\/category\/scienze-umane\/storia\/\" target=\"_blank\" rel=\"noopener\">History<br \/>\n<\/a> Formato: ePub<br \/>\nPubblicato in: Ottobre 2012<br \/>\nISBN: 9788867050352 (ePub)<br \/>\nPrezzo ePub: 6,99 \u20ac<\/p>","protected":false},"excerpt":{"rendered":"<p>Nel 1919 non si era ancora spenta l\u2019eco delle esplosioni che gi\u00e0 un nuovo contingente, senza uniformi, prendeva possesso di<\/p>","protected":false},"featured_media":7244,"comment_status":"open","ping_status":"closed","template":"","meta":{"_acf_changed":false},"product_brand":[],"product_cat":[384],"product_tag":[702,1074],"class_list":{"0":"post-6421","1":"product","2":"type-product","3":"status-publish","4":"has-post-thumbnail","6":"product_cat-history","7":"product_tag-guerra","8":"product_tag-guerre-mondiali","9":"pa_formato-ebook-in-epub","10":"pa_lingua-italiano","12":"first","13":"instock","14":"downloadable","15":"virtual","16":"purchasable","17":"product-type-simple"},"acf":[],"yoast_head":"<!-- This site is optimized with the Yoast SEO plugin v27.3 - https:\/\/yoast.com\/product\/yoast-seo-wordpress\/ -->\n<title>RECUPERANTI DI IERI E DI OGGI -<\/title>\n<meta name=\"description\" content=\"Ledizioni - Innovative Publishing. Casa editrice universitaria. Open Access. eBook, ePub. Creative Commons.\" \/>\n<meta name=\"robots\" content=\"index, follow, max-snippet:-1, max-image-preview:large, max-video-preview:-1\" \/>\n<link rel=\"canonical\" href=\"https:\/\/www.ledizioni.it\/en\/product\/g-dalle-fusine-a-gualtieri-recuperanti-di-ieri-e-di-oggi-ebook\/\" \/>\n<meta property=\"og:locale\" content=\"en_GB\" \/>\n<meta property=\"og:type\" content=\"article\" \/>\n<meta property=\"og:title\" content=\"RECUPERANTI DI IERI E DI OGGI -\" \/>\n<meta property=\"og:description\" content=\"Ledizioni - Innovative Publishing. Casa editrice universitaria. Open Access. eBook, ePub. Creative Commons.\" \/>\n<meta property=\"og:url\" content=\"https:\/\/www.ledizioni.it\/en\/product\/g-dalle-fusine-a-gualtieri-recuperanti-di-ieri-e-di-oggi-ebook\/\" \/>\n<meta property=\"og:site_name\" content=\"Ledizioni\" \/>\n<meta property=\"article:publisher\" content=\"https:\/\/www.facebook.com\/pages\/Ledizioni-LediPublishing\/109120559173329\" \/>\n<meta property=\"article:modified_time\" content=\"2022-07-27T08:14:37+00:00\" \/>\n<meta property=\"og:image\" content=\"https:\/\/www.ledizioni.it\/stag\/wp-content\/uploads\/2012\/10\/recuperanti3d_1.jpg\" \/>\n\t<meta property=\"og:image:width\" content=\"1456\" \/>\n\t<meta property=\"og:image:height\" content=\"1989\" \/>\n\t<meta property=\"og:image:type\" content=\"image\/jpeg\" \/>\n<meta name=\"twitter:card\" content=\"summary_large_image\" \/>\n<meta name=\"twitter:site\" content=\"@ledizioni\" \/>\n<meta name=\"twitter:label1\" content=\"Estimated reading time\" \/>\n\t<meta name=\"twitter:data1\" content=\"1 minute\" \/>\n<script type=\"application\/ld+json\" class=\"yoast-schema-graph\">{\"@context\":\"https:\\\/\\\/schema.org\",\"@graph\":[{\"@type\":\"WebPage\",\"@id\":\"https:\\\/\\\/www.ledizioni.it\\\/en\\\/product\\\/g-dalle-fusine-a-gualtieri-recuperanti-di-ieri-e-di-oggi-ebook\\\/\",\"url\":\"https:\\\/\\\/www.ledizioni.it\\\/en\\\/product\\\/g-dalle-fusine-a-gualtieri-recuperanti-di-ieri-e-di-oggi-ebook\\\/\",\"name\":\"RECUPERANTI DI IERI E DI OGGI -\",\"isPartOf\":{\"@id\":\"https:\\\/\\\/www.ledizioni.it\\\/#website\"},\"primaryImageOfPage\":{\"@id\":\"https:\\\/\\\/www.ledizioni.it\\\/en\\\/product\\\/g-dalle-fusine-a-gualtieri-recuperanti-di-ieri-e-di-oggi-ebook\\\/#primaryimage\"},\"image\":{\"@id\":\"https:\\\/\\\/www.ledizioni.it\\\/en\\\/product\\\/g-dalle-fusine-a-gualtieri-recuperanti-di-ieri-e-di-oggi-ebook\\\/#primaryimage\"},\"thumbnailUrl\":\"https:\\\/\\\/www.ledizioni.it\\\/stag\\\/wp-content\\\/uploads\\\/2012\\\/10\\\/recuperanti3d_1.jpg\",\"datePublished\":\"2012-10-18T09:08:23+00:00\",\"dateModified\":\"2022-07-27T08:14:37+00:00\",\"description\":\"Ledizioni - Innovative Publishing. Casa editrice universitaria. Open Access. eBook, ePub. Creative Commons.\",\"breadcrumb\":{\"@id\":\"https:\\\/\\\/www.ledizioni.it\\\/en\\\/product\\\/g-dalle-fusine-a-gualtieri-recuperanti-di-ieri-e-di-oggi-ebook\\\/#breadcrumb\"},\"inLanguage\":\"en-GB\",\"potentialAction\":[{\"@type\":\"ReadAction\",\"target\":[\"https:\\\/\\\/www.ledizioni.it\\\/en\\\/product\\\/g-dalle-fusine-a-gualtieri-recuperanti-di-ieri-e-di-oggi-ebook\\\/\"]}]},{\"@type\":\"ImageObject\",\"inLanguage\":\"en-GB\",\"@id\":\"https:\\\/\\\/www.ledizioni.it\\\/en\\\/product\\\/g-dalle-fusine-a-gualtieri-recuperanti-di-ieri-e-di-oggi-ebook\\\/#primaryimage\",\"url\":\"https:\\\/\\\/www.ledizioni.it\\\/stag\\\/wp-content\\\/uploads\\\/2012\\\/10\\\/recuperanti3d_1.jpg\",\"contentUrl\":\"https:\\\/\\\/www.ledizioni.it\\\/stag\\\/wp-content\\\/uploads\\\/2012\\\/10\\\/recuperanti3d_1.jpg\",\"width\":1456,\"height\":1989},{\"@type\":\"BreadcrumbList\",\"@id\":\"https:\\\/\\\/www.ledizioni.it\\\/en\\\/product\\\/g-dalle-fusine-a-gualtieri-recuperanti-di-ieri-e-di-oggi-ebook\\\/#breadcrumb\",\"itemListElement\":[{\"@type\":\"ListItem\",\"position\":1,\"name\":\"Shop\",\"item\":\"https:\\\/\\\/www.ledizioni.it\\\/shop-2\\\/\"},{\"@type\":\"ListItem\",\"position\":2,\"name\":\"RECUPERANTI DI IERI E DI OGGI\"}]},{\"@type\":\"WebSite\",\"@id\":\"https:\\\/\\\/www.ledizioni.it\\\/#website\",\"url\":\"https:\\\/\\\/www.ledizioni.it\\\/\",\"name\":\"Ledizioni\",\"description\":\"The Innovative LediPublishing Company - Casa Editrice Universitaria\",\"publisher\":{\"@id\":\"https:\\\/\\\/www.ledizioni.it\\\/#organization\"},\"potentialAction\":[{\"@type\":\"SearchAction\",\"target\":{\"@type\":\"EntryPoint\",\"urlTemplate\":\"https:\\\/\\\/www.ledizioni.it\\\/?s={search_term_string}\"},\"query-input\":{\"@type\":\"PropertyValueSpecification\",\"valueRequired\":true,\"valueName\":\"search_term_string\"}}],\"inLanguage\":\"en-GB\"},{\"@type\":\"Organization\",\"@id\":\"https:\\\/\\\/www.ledizioni.it\\\/#organization\",\"name\":\"Ledizioni\",\"url\":\"https:\\\/\\\/www.ledizioni.it\\\/\",\"logo\":{\"@type\":\"ImageObject\",\"inLanguage\":\"en-GB\",\"@id\":\"https:\\\/\\\/www.ledizioni.it\\\/#\\\/schema\\\/logo\\\/image\\\/\",\"url\":\"https:\\\/\\\/www.ledizioni.it\\\/stag\\\/wp-content\\\/uploads\\\/2023\\\/10\\\/newlogoledizioni500x110_2-1.jpg\",\"contentUrl\":\"https:\\\/\\\/www.ledizioni.it\\\/stag\\\/wp-content\\\/uploads\\\/2023\\\/10\\\/newlogoledizioni500x110_2-1.jpg\",\"width\":354,\"height\":87,\"caption\":\"Ledizioni\"},\"image\":{\"@id\":\"https:\\\/\\\/www.ledizioni.it\\\/#\\\/schema\\\/logo\\\/image\\\/\"},\"sameAs\":[\"https:\\\/\\\/www.facebook.com\\\/pages\\\/Ledizioni-LediPublishing\\\/109120559173329\",\"https:\\\/\\\/x.com\\\/ledizioni\"]}]}<\/script>\n<!-- \/ Yoast SEO plugin. -->","yoast_head_json":{"title":"RECUPERANTI DI IERI E DI OGGI -","description":"Ledizioni - Innovative Publishing. Casa editrice universitaria. Open Access. eBook, ePub. Creative Commons.","robots":{"index":"index","follow":"follow","max-snippet":"max-snippet:-1","max-image-preview":"max-image-preview:large","max-video-preview":"max-video-preview:-1"},"canonical":"https:\/\/www.ledizioni.it\/en\/product\/g-dalle-fusine-a-gualtieri-recuperanti-di-ieri-e-di-oggi-ebook\/","og_locale":"en_GB","og_type":"article","og_title":"RECUPERANTI DI IERI E DI OGGI -","og_description":"Ledizioni - Innovative Publishing. Casa editrice universitaria. Open Access. eBook, ePub. Creative Commons.","og_url":"https:\/\/www.ledizioni.it\/en\/product\/g-dalle-fusine-a-gualtieri-recuperanti-di-ieri-e-di-oggi-ebook\/","og_site_name":"Ledizioni","article_publisher":"https:\/\/www.facebook.com\/pages\/Ledizioni-LediPublishing\/109120559173329","article_modified_time":"2022-07-27T08:14:37+00:00","og_image":[{"width":1456,"height":1989,"url":"https:\/\/www.ledizioni.it\/stag\/wp-content\/uploads\/2012\/10\/recuperanti3d_1.jpg","type":"image\/jpeg"}],"twitter_card":"summary_large_image","twitter_site":"@ledizioni","twitter_misc":{"Estimated reading time":"1 minute"},"schema":{"@context":"https:\/\/schema.org","@graph":[{"@type":"WebPage","@id":"https:\/\/www.ledizioni.it\/en\/product\/g-dalle-fusine-a-gualtieri-recuperanti-di-ieri-e-di-oggi-ebook\/","url":"https:\/\/www.ledizioni.it\/en\/product\/g-dalle-fusine-a-gualtieri-recuperanti-di-ieri-e-di-oggi-ebook\/","name":"RECUPERANTI DI IERI E DI OGGI -","isPartOf":{"@id":"https:\/\/www.ledizioni.it\/#website"},"primaryImageOfPage":{"@id":"https:\/\/www.ledizioni.it\/en\/product\/g-dalle-fusine-a-gualtieri-recuperanti-di-ieri-e-di-oggi-ebook\/#primaryimage"},"image":{"@id":"https:\/\/www.ledizioni.it\/en\/product\/g-dalle-fusine-a-gualtieri-recuperanti-di-ieri-e-di-oggi-ebook\/#primaryimage"},"thumbnailUrl":"https:\/\/www.ledizioni.it\/stag\/wp-content\/uploads\/2012\/10\/recuperanti3d_1.jpg","datePublished":"2012-10-18T09:08:23+00:00","dateModified":"2022-07-27T08:14:37+00:00","description":"Ledizioni - Innovative Publishing. Casa editrice universitaria. Open Access. eBook, ePub. Creative Commons.","breadcrumb":{"@id":"https:\/\/www.ledizioni.it\/en\/product\/g-dalle-fusine-a-gualtieri-recuperanti-di-ieri-e-di-oggi-ebook\/#breadcrumb"},"inLanguage":"en-GB","potentialAction":[{"@type":"ReadAction","target":["https:\/\/www.ledizioni.it\/en\/product\/g-dalle-fusine-a-gualtieri-recuperanti-di-ieri-e-di-oggi-ebook\/"]}]},{"@type":"ImageObject","inLanguage":"en-GB","@id":"https:\/\/www.ledizioni.it\/en\/product\/g-dalle-fusine-a-gualtieri-recuperanti-di-ieri-e-di-oggi-ebook\/#primaryimage","url":"https:\/\/www.ledizioni.it\/stag\/wp-content\/uploads\/2012\/10\/recuperanti3d_1.jpg","contentUrl":"https:\/\/www.ledizioni.it\/stag\/wp-content\/uploads\/2012\/10\/recuperanti3d_1.jpg","width":1456,"height":1989},{"@type":"BreadcrumbList","@id":"https:\/\/www.ledizioni.it\/en\/product\/g-dalle-fusine-a-gualtieri-recuperanti-di-ieri-e-di-oggi-ebook\/#breadcrumb","itemListElement":[{"@type":"ListItem","position":1,"name":"Shop","item":"https:\/\/www.ledizioni.it\/shop-2\/"},{"@type":"ListItem","position":2,"name":"RECUPERANTI DI IERI E DI OGGI"}]},{"@type":"WebSite","@id":"https:\/\/www.ledizioni.it\/#website","url":"https:\/\/www.ledizioni.it\/","name":"Ledizioni","description":"The Innovative LediPublishing Company - Casa Editrice Universitaria","publisher":{"@id":"https:\/\/www.ledizioni.it\/#organization"},"potentialAction":[{"@type":"SearchAction","target":{"@type":"EntryPoint","urlTemplate":"https:\/\/www.ledizioni.it\/?s={search_term_string}"},"query-input":{"@type":"PropertyValueSpecification","valueRequired":true,"valueName":"search_term_string"}}],"inLanguage":"en-GB"},{"@type":"Organization","@id":"https:\/\/www.ledizioni.it\/#organization","name":"Ledizioni","url":"https:\/\/www.ledizioni.it\/","logo":{"@type":"ImageObject","inLanguage":"en-GB","@id":"https:\/\/www.ledizioni.it\/#\/schema\/logo\/image\/","url":"https:\/\/www.ledizioni.it\/stag\/wp-content\/uploads\/2023\/10\/newlogoledizioni500x110_2-1.jpg","contentUrl":"https:\/\/www.ledizioni.it\/stag\/wp-content\/uploads\/2023\/10\/newlogoledizioni500x110_2-1.jpg","width":354,"height":87,"caption":"Ledizioni"},"image":{"@id":"https:\/\/www.ledizioni.it\/#\/schema\/logo\/image\/"},"sameAs":["https:\/\/www.facebook.com\/pages\/Ledizioni-LediPublishing\/109120559173329","https:\/\/x.com\/ledizioni"]}]}},"jetpack_sharing_enabled":true,"_links":{"self":[{"href":"https:\/\/www.ledizioni.it\/en\/wp-json\/wp\/v2\/product\/6421","targetHints":{"allow":["GET"]}}],"collection":[{"href":"https:\/\/www.ledizioni.it\/en\/wp-json\/wp\/v2\/product"}],"about":[{"href":"https:\/\/www.ledizioni.it\/en\/wp-json\/wp\/v2\/types\/product"}],"replies":[{"embeddable":true,"href":"https:\/\/www.ledizioni.it\/en\/wp-json\/wp\/v2\/comments?post=6421"}],"version-history":[{"count":1,"href":"https:\/\/www.ledizioni.it\/en\/wp-json\/wp\/v2\/product\/6421\/revisions"}],"predecessor-version":[{"id":17080,"href":"https:\/\/www.ledizioni.it\/en\/wp-json\/wp\/v2\/product\/6421\/revisions\/17080"}],"wp:featuredmedia":[{"embeddable":true,"href":"https:\/\/www.ledizioni.it\/en\/wp-json\/wp\/v2\/media\/7244"}],"wp:attachment":[{"href":"https:\/\/www.ledizioni.it\/en\/wp-json\/wp\/v2\/media?parent=6421"}],"wp:term":[{"taxonomy":"product_brand","embeddable":true,"href":"https:\/\/www.ledizioni.it\/en\/wp-json\/wp\/v2\/product_brand?post=6421"},{"taxonomy":"product_cat","embeddable":true,"href":"https:\/\/www.ledizioni.it\/en\/wp-json\/wp\/v2\/product_cat?post=6421"},{"taxonomy":"product_tag","embeddable":true,"href":"https:\/\/www.ledizioni.it\/en\/wp-json\/wp\/v2\/product_tag?post=6421"}],"curies":[{"name":"wp","href":"https:\/\/api.w.org\/{rel}","templated":true}]}}