{"id":6437,"date":"2012-09-18T10:15:17","date_gmt":"2012-09-18T10:15:17","guid":{"rendered":"http:\/\/www.ledizioni.it\/stag\/?post_type=product&#038;p=6437"},"modified":"2013-08-30T09:08:44","modified_gmt":"2013-08-30T09:08:44","slug":"narrazioni-n2-giugno-settembre-2012-brossura","status":"publish","type":"product","link":"https:\/\/www.ledizioni.it\/en\/product\/narrazioni-n2-giugno-settembre-2012-brossura\/","title":{"rendered":"narrazioni n\u00b02 &#8211; giugno-settembre 2012"},"content":{"rendered":"<p style=\"text-align: justify;\"><strong>Narrare negli anni Zero: oltre il romanzo<br \/>\n<\/strong>Se c\u2019\u00e8 un elemento che accomuna gli scrittori degli anni Zero, questo va rinvenuto nel rifuggire dall\u2019ambizione a \u201cfare romanzo\u201d; quella ambizione che il Calvino degli anni Sessanta riteneva essere \u00abuna trappola ritardatrice in cui cascarono anche i pi\u00f9 avvertiti\u00bb. Solo sfumandone i confini, il romanzo pu\u00f2 trasformarsi in uno \u201cspazio altro\u201d, capace di opporsi al dominio del significante,<br \/>\nche, iuxta Lacan e L\u00e9vi-Strauss, \u00e8 rivelativo di quella potente, forse magnifica, ma anche terribile allucinazione che la modernit\u00e0 ha forgiato e alimentato, cio\u00e8 che il simbolico \u00e8 esso stesso un\u2019illusione senza fondamento. \u00c8 quello che caratterizza la scrittura \u2018eretica\u2019 di Emanuele Tonon, capace di scandagliare quella \u201cferita\u201d interiore per mezzo della quale \u00abgli esseri comunicano tra di loro e si trovano restituiti alla bellezza della notte\u00bb (Bataille). O si pensi a Emanuele Trevi che, in Qualcosa di scritto, attraverso un confronto continuo con Petrolio, avvia un personale percorso iniziatico alla volta dell\u2019indicibile del reale. E un\u2019idea di letteratura come \u00abdescrizione composta<br \/>\ndell\u2019ultima determinazione di una serie di eventi\u00bb, per usare le parole del suo autore, Paolo Sortino, caratterizza Elizabeth. Dal canto suo, Piersandro Pallavicini, sul solco di Pier Vittorio Tondelli, offre nella sua \u201ctrilogia atomica\u201d il ritratto di un mondo, quello occidentale, in piena dismissione. Giallista anomalo \u00e8 Francesco Recami, romanziere \u201cvero\u201d che, nei suoi libri conditi amara ironia, offre una collezione di tipi umani e affronta temi come la solitudine, la vecchiaia, il lavoro, l\u2019amore, le angosce contemporanee. Insomma, la vita.<\/p>\n<p style=\"text-align: justify;\"><strong>Riflessioni a tempo determinato.<\/strong> Eleonora Voltolina spiega perch\u00e9 un\u2019intera generazione di giovani \u2013 sottopagata, sottoimpiegata e senza tutele \u2013 non riesce a mantenersi e perch\u00e9 aumentano i contratti \u2018di collaborazione autonoma\u2019, che nascondono normale lavoro dipendente. Tuttavia qualcosa sembra muoversi. L\u2019occupazione del Teatro Valle di Roma ha portato alla nascita di una Fondazione gestita secondo un principio di autogoverno. Si tratta di un prototipo riproducibile dai musei ai centri di ricerca, dalle scuole agli ospedali, come peraltro previsto dal sempre ignorato<br \/>\narticolo 43 della Costituzione, che prevede la realizzazione di modelli di gestione<br \/>\npartecipata e diretta da parte dei lavoratori.<\/p>\n<p style=\"text-align: justify;\"><strong>Lavoro critico.<\/strong> Modi diversi di fare critica: in Massimo Onofri l\u2019esercizio critico rappresenta<br \/>\nuna autonoma prova d\u2019immaginazione e di stile; David Lodge sostiene nel suo ultimo libro la tesi della complementariet\u00e0 della letteratura nei processi sperimentati dalle scienze cognitive. Ma fondamentale resta ancora la lezione di Pier Paolo Pasolini, dove riflessione critica e opera letteraria interagiscono tra loro in un confronto che pone al centro dell\u2019analisi la lingua, l\u2019ideologia e lo stile.<\/p>","protected":false},"excerpt":{"rendered":"<p>Narrare negli anni Zero: oltre il romanzo Se c\u2019\u00e8 un elemento che accomuna gli scrittori degli anni Zero, questo va<\/p>","protected":false},"featured_media":6383,"comment_status":"open","ping_status":"closed","template":"","meta":{"_acf_changed":false},"product_brand":[],"product_cat":[456],"product_tag":[1092,537],"class_list":{"0":"post-6437","1":"product","2":"type-product","3":"status-publish","4":"has-post-thumbnail","6":"product_cat-narratives","7":"product_tag-critica-letteraria","8":"product_tag-narrativa-2","9":"pa_formato-cartaceo","10":"pa_formato-ebook-in-epub","11":"pa_lingua-italiano","13":"first","14":"instock","15":"shipping-taxable","16":"purchasable","17":"product-type-variable"},"acf":[],"yoast_head":"<!-- This site is optimized with the Yoast SEO plugin v27.4 - https:\/\/yoast.com\/product\/yoast-seo-wordpress\/ -->\n<title>narrazioni n\u00b02 - giugno-settembre 2012 -<\/title>\n<meta name=\"description\" content=\"Ledizioni - Innovative Publishing. Casa editrice universitaria. Open Access. eBook, ePub. Creative Commons.\" \/>\n<meta name=\"robots\" content=\"index, follow, max-snippet:-1, max-image-preview:large, max-video-preview:-1\" \/>\n<link rel=\"canonical\" href=\"https:\/\/www.ledizioni.it\/en\/product\/narrazioni-n2-giugno-settembre-2012-brossura\/\" \/>\n<meta property=\"og:locale\" content=\"en_GB\" \/>\n<meta property=\"og:type\" content=\"article\" \/>\n<meta property=\"og:title\" content=\"narrazioni n\u00b02 - giugno-settembre 2012 -\" \/>\n<meta property=\"og:description\" content=\"Ledizioni - Innovative Publishing. Casa editrice universitaria. Open Access. eBook, ePub. Creative Commons.\" \/>\n<meta property=\"og:url\" content=\"https:\/\/www.ledizioni.it\/en\/product\/narrazioni-n2-giugno-settembre-2012-brossura\/\" \/>\n<meta property=\"og:site_name\" content=\"Ledizioni\" \/>\n<meta property=\"article:publisher\" content=\"https:\/\/www.facebook.com\/pages\/Ledizioni-LediPublishing\/109120559173329\" \/>\n<meta property=\"article:modified_time\" content=\"2013-08-30T09:08:44+00:00\" \/>\n<meta property=\"og:image\" content=\"https:\/\/www.ledizioni.it\/stag\/wp-content\/uploads\/2013\/07\/copertina3d-789x1024.jpg\" \/>\n\t<meta property=\"og:image:width\" content=\"789\" \/>\n\t<meta property=\"og:image:height\" content=\"1024\" \/>\n\t<meta property=\"og:image:type\" content=\"image\/jpeg\" \/>\n<meta name=\"twitter:card\" content=\"summary_large_image\" \/>\n<meta name=\"twitter:site\" content=\"@ledizioni\" \/>\n<meta name=\"twitter:label1\" content=\"Estimated reading time\" \/>\n\t<meta name=\"twitter:data1\" content=\"2 minutes\" \/>\n<script type=\"application\/ld+json\" class=\"yoast-schema-graph\">{\"@context\":\"https:\\\/\\\/schema.org\",\"@graph\":[{\"@type\":\"WebPage\",\"@id\":\"https:\\\/\\\/www.ledizioni.it\\\/prodotto\\\/narrazioni-n2-giugno-settembre-2012-brossura\\\/\",\"url\":\"https:\\\/\\\/www.ledizioni.it\\\/prodotto\\\/narrazioni-n2-giugno-settembre-2012-brossura\\\/\",\"name\":\"narrazioni n\u00b02 - giugno-settembre 2012 -\",\"isPartOf\":{\"@id\":\"https:\\\/\\\/www.ledizioni.it\\\/#website\"},\"primaryImageOfPage\":{\"@id\":\"https:\\\/\\\/www.ledizioni.it\\\/prodotto\\\/narrazioni-n2-giugno-settembre-2012-brossura\\\/#primaryimage\"},\"image\":{\"@id\":\"https:\\\/\\\/www.ledizioni.it\\\/prodotto\\\/narrazioni-n2-giugno-settembre-2012-brossura\\\/#primaryimage\"},\"thumbnailUrl\":\"https:\\\/\\\/www.ledizioni.it\\\/stag\\\/wp-content\\\/uploads\\\/2013\\\/07\\\/copertina3d-789x1024.jpg\",\"datePublished\":\"2012-09-18T10:15:17+00:00\",\"dateModified\":\"2013-08-30T09:08:44+00:00\",\"description\":\"Ledizioni - Innovative Publishing. Casa editrice universitaria. Open Access. eBook, ePub. Creative Commons.\",\"breadcrumb\":{\"@id\":\"https:\\\/\\\/www.ledizioni.it\\\/prodotto\\\/narrazioni-n2-giugno-settembre-2012-brossura\\\/#breadcrumb\"},\"inLanguage\":\"en-GB\",\"potentialAction\":[{\"@type\":\"ReadAction\",\"target\":[\"https:\\\/\\\/www.ledizioni.it\\\/prodotto\\\/narrazioni-n2-giugno-settembre-2012-brossura\\\/\"]}]},{\"@type\":\"ImageObject\",\"inLanguage\":\"en-GB\",\"@id\":\"https:\\\/\\\/www.ledizioni.it\\\/prodotto\\\/narrazioni-n2-giugno-settembre-2012-brossura\\\/#primaryimage\",\"url\":\"https:\\\/\\\/www.ledizioni.it\\\/stag\\\/wp-content\\\/uploads\\\/2013\\\/07\\\/copertina3d-789x1024.jpg\",\"contentUrl\":\"https:\\\/\\\/www.ledizioni.it\\\/stag\\\/wp-content\\\/uploads\\\/2013\\\/07\\\/copertina3d-789x1024.jpg\",\"width\":789,\"height\":1024},{\"@type\":\"BreadcrumbList\",\"@id\":\"https:\\\/\\\/www.ledizioni.it\\\/prodotto\\\/narrazioni-n2-giugno-settembre-2012-brossura\\\/#breadcrumb\",\"itemListElement\":[{\"@type\":\"ListItem\",\"position\":1,\"name\":\"Shop\",\"item\":\"https:\\\/\\\/www.ledizioni.it\\\/shop-2\\\/\"},{\"@type\":\"ListItem\",\"position\":2,\"name\":\"narrazioni n\u00b02 &#8211; giugno-settembre 2012\"}]},{\"@type\":\"WebSite\",\"@id\":\"https:\\\/\\\/www.ledizioni.it\\\/#website\",\"url\":\"https:\\\/\\\/www.ledizioni.it\\\/\",\"name\":\"Ledizioni\",\"description\":\"The Innovative LediPublishing Company - Casa Editrice Universitaria\",\"publisher\":{\"@id\":\"https:\\\/\\\/www.ledizioni.it\\\/#organization\"},\"potentialAction\":[{\"@type\":\"SearchAction\",\"target\":{\"@type\":\"EntryPoint\",\"urlTemplate\":\"https:\\\/\\\/www.ledizioni.it\\\/?s={search_term_string}\"},\"query-input\":{\"@type\":\"PropertyValueSpecification\",\"valueRequired\":true,\"valueName\":\"search_term_string\"}}],\"inLanguage\":\"en-GB\"},{\"@type\":\"Organization\",\"@id\":\"https:\\\/\\\/www.ledizioni.it\\\/#organization\",\"name\":\"Ledizioni\",\"url\":\"https:\\\/\\\/www.ledizioni.it\\\/\",\"logo\":{\"@type\":\"ImageObject\",\"inLanguage\":\"en-GB\",\"@id\":\"https:\\\/\\\/www.ledizioni.it\\\/#\\\/schema\\\/logo\\\/image\\\/\",\"url\":\"https:\\\/\\\/www.ledizioni.it\\\/stag\\\/wp-content\\\/uploads\\\/2023\\\/10\\\/newlogoledizioni500x110_2-1.jpg\",\"contentUrl\":\"https:\\\/\\\/www.ledizioni.it\\\/stag\\\/wp-content\\\/uploads\\\/2023\\\/10\\\/newlogoledizioni500x110_2-1.jpg\",\"width\":354,\"height\":87,\"caption\":\"Ledizioni\"},\"image\":{\"@id\":\"https:\\\/\\\/www.ledizioni.it\\\/#\\\/schema\\\/logo\\\/image\\\/\"},\"sameAs\":[\"https:\\\/\\\/www.facebook.com\\\/pages\\\/Ledizioni-LediPublishing\\\/109120559173329\",\"https:\\\/\\\/x.com\\\/ledizioni\"]}]}<\/script>\n<!-- \/ Yoast SEO plugin. -->","yoast_head_json":{"title":"narrazioni n\u00b02 - giugno-settembre 2012 -","description":"Ledizioni - Innovative Publishing. Casa editrice universitaria. Open Access. eBook, ePub. Creative Commons.","robots":{"index":"index","follow":"follow","max-snippet":"max-snippet:-1","max-image-preview":"max-image-preview:large","max-video-preview":"max-video-preview:-1"},"canonical":"https:\/\/www.ledizioni.it\/en\/product\/narrazioni-n2-giugno-settembre-2012-brossura\/","og_locale":"en_GB","og_type":"article","og_title":"narrazioni n\u00b02 - giugno-settembre 2012 -","og_description":"Ledizioni - Innovative Publishing. Casa editrice universitaria. Open Access. eBook, ePub. Creative Commons.","og_url":"https:\/\/www.ledizioni.it\/en\/product\/narrazioni-n2-giugno-settembre-2012-brossura\/","og_site_name":"Ledizioni","article_publisher":"https:\/\/www.facebook.com\/pages\/Ledizioni-LediPublishing\/109120559173329","article_modified_time":"2013-08-30T09:08:44+00:00","og_image":[{"width":789,"height":1024,"url":"https:\/\/www.ledizioni.it\/stag\/wp-content\/uploads\/2013\/07\/copertina3d-789x1024.jpg","type":"image\/jpeg"}],"twitter_card":"summary_large_image","twitter_site":"@ledizioni","twitter_misc":{"Estimated reading time":"2 minutes"},"schema":{"@context":"https:\/\/schema.org","@graph":[{"@type":"WebPage","@id":"https:\/\/www.ledizioni.it\/prodotto\/narrazioni-n2-giugno-settembre-2012-brossura\/","url":"https:\/\/www.ledizioni.it\/prodotto\/narrazioni-n2-giugno-settembre-2012-brossura\/","name":"narrazioni n\u00b02 - giugno-settembre 2012 -","isPartOf":{"@id":"https:\/\/www.ledizioni.it\/#website"},"primaryImageOfPage":{"@id":"https:\/\/www.ledizioni.it\/prodotto\/narrazioni-n2-giugno-settembre-2012-brossura\/#primaryimage"},"image":{"@id":"https:\/\/www.ledizioni.it\/prodotto\/narrazioni-n2-giugno-settembre-2012-brossura\/#primaryimage"},"thumbnailUrl":"https:\/\/www.ledizioni.it\/stag\/wp-content\/uploads\/2013\/07\/copertina3d-789x1024.jpg","datePublished":"2012-09-18T10:15:17+00:00","dateModified":"2013-08-30T09:08:44+00:00","description":"Ledizioni - Innovative Publishing. Casa editrice universitaria. Open Access. eBook, ePub. Creative Commons.","breadcrumb":{"@id":"https:\/\/www.ledizioni.it\/prodotto\/narrazioni-n2-giugno-settembre-2012-brossura\/#breadcrumb"},"inLanguage":"en-GB","potentialAction":[{"@type":"ReadAction","target":["https:\/\/www.ledizioni.it\/prodotto\/narrazioni-n2-giugno-settembre-2012-brossura\/"]}]},{"@type":"ImageObject","inLanguage":"en-GB","@id":"https:\/\/www.ledizioni.it\/prodotto\/narrazioni-n2-giugno-settembre-2012-brossura\/#primaryimage","url":"https:\/\/www.ledizioni.it\/stag\/wp-content\/uploads\/2013\/07\/copertina3d-789x1024.jpg","contentUrl":"https:\/\/www.ledizioni.it\/stag\/wp-content\/uploads\/2013\/07\/copertina3d-789x1024.jpg","width":789,"height":1024},{"@type":"BreadcrumbList","@id":"https:\/\/www.ledizioni.it\/prodotto\/narrazioni-n2-giugno-settembre-2012-brossura\/#breadcrumb","itemListElement":[{"@type":"ListItem","position":1,"name":"Shop","item":"https:\/\/www.ledizioni.it\/shop-2\/"},{"@type":"ListItem","position":2,"name":"narrazioni n\u00b02 &#8211; giugno-settembre 2012"}]},{"@type":"WebSite","@id":"https:\/\/www.ledizioni.it\/#website","url":"https:\/\/www.ledizioni.it\/","name":"Ledizioni","description":"The Innovative LediPublishing Company - Casa Editrice Universitaria","publisher":{"@id":"https:\/\/www.ledizioni.it\/#organization"},"potentialAction":[{"@type":"SearchAction","target":{"@type":"EntryPoint","urlTemplate":"https:\/\/www.ledizioni.it\/?s={search_term_string}"},"query-input":{"@type":"PropertyValueSpecification","valueRequired":true,"valueName":"search_term_string"}}],"inLanguage":"en-GB"},{"@type":"Organization","@id":"https:\/\/www.ledizioni.it\/#organization","name":"Ledizioni","url":"https:\/\/www.ledizioni.it\/","logo":{"@type":"ImageObject","inLanguage":"en-GB","@id":"https:\/\/www.ledizioni.it\/#\/schema\/logo\/image\/","url":"https:\/\/www.ledizioni.it\/stag\/wp-content\/uploads\/2023\/10\/newlogoledizioni500x110_2-1.jpg","contentUrl":"https:\/\/www.ledizioni.it\/stag\/wp-content\/uploads\/2023\/10\/newlogoledizioni500x110_2-1.jpg","width":354,"height":87,"caption":"Ledizioni"},"image":{"@id":"https:\/\/www.ledizioni.it\/#\/schema\/logo\/image\/"},"sameAs":["https:\/\/www.facebook.com\/pages\/Ledizioni-LediPublishing\/109120559173329","https:\/\/x.com\/ledizioni"]}]}},"jetpack_sharing_enabled":true,"_links":{"self":[{"href":"https:\/\/www.ledizioni.it\/en\/wp-json\/wp\/v2\/product\/6437","targetHints":{"allow":["GET"]}}],"collection":[{"href":"https:\/\/www.ledizioni.it\/en\/wp-json\/wp\/v2\/product"}],"about":[{"href":"https:\/\/www.ledizioni.it\/en\/wp-json\/wp\/v2\/types\/product"}],"replies":[{"embeddable":true,"href":"https:\/\/www.ledizioni.it\/en\/wp-json\/wp\/v2\/comments?post=6437"}],"version-history":[{"count":0,"href":"https:\/\/www.ledizioni.it\/en\/wp-json\/wp\/v2\/product\/6437\/revisions"}],"wp:featuredmedia":[{"embeddable":true,"href":"https:\/\/www.ledizioni.it\/en\/wp-json\/wp\/v2\/media\/6383"}],"wp:attachment":[{"href":"https:\/\/www.ledizioni.it\/en\/wp-json\/wp\/v2\/media?parent=6437"}],"wp:term":[{"taxonomy":"product_brand","embeddable":true,"href":"https:\/\/www.ledizioni.it\/en\/wp-json\/wp\/v2\/product_brand?post=6437"},{"taxonomy":"product_cat","embeddable":true,"href":"https:\/\/www.ledizioni.it\/en\/wp-json\/wp\/v2\/product_cat?post=6437"},{"taxonomy":"product_tag","embeddable":true,"href":"https:\/\/www.ledizioni.it\/en\/wp-json\/wp\/v2\/product_tag?post=6437"}],"curies":[{"name":"wp","href":"https:\/\/api.w.org\/{rel}","templated":true}]}}