{"id":65364,"date":"2024-05-23T16:53:07","date_gmt":"2024-05-23T14:53:07","guid":{"rendered":"https:\/\/www.ledizioni.it\/?post_type=product&#038;p=65364"},"modified":"2024-07-03T11:16:53","modified_gmt":"2024-07-03T09:16:53","slug":"the-most-important-fruit-crops-in-mediterranean-basin-mb","status":"publish","type":"product","link":"https:\/\/www.ledizioni.it\/en\/product\/the-most-important-fruit-crops-in-mediterranean-basin-mb\/","title":{"rendered":"THE MOST IMPORTANT FRUIT CROPS IN MEDITERRANEAN BASIN (MB)"},"content":{"rendered":"<div data-elementor-type=\"product-post\" data-elementor-id=\"65364\" class=\"elementor elementor-65364\" data-elementor-post-type=\"product\">\n\t\t\t\t\t\t<section class=\"elementor-section elementor-top-section elementor-element elementor-element-66435bba elementor-section-boxed elementor-section-height-default elementor-section-height-default wd-section-disabled\" data-id=\"66435bba\" data-element_type=\"section\" data-e-type=\"section\">\n\t\t\t\t\t\t<div class=\"elementor-container elementor-column-gap-default\">\n\t\t\t\t\t<div class=\"elementor-column elementor-col-100 elementor-top-column elementor-element elementor-element-3b5e277a\" data-id=\"3b5e277a\" data-element_type=\"column\" data-e-type=\"column\">\n\t\t\t<div class=\"elementor-widget-wrap elementor-element-populated\">\n\t\t\t\t\t\t<div class=\"elementor-element elementor-element-64d1665c color-scheme-inherit text-left elementor-widget elementor-widget-text-editor\" data-id=\"64d1665c\" data-element_type=\"widget\" data-e-type=\"widget\" data-widget_type=\"text-editor.default\">\n\t\t\t\t<div class=\"elementor-widget-container\">\n\t\t\t\t\t\t\t\t\t<p style=\"text-align: justify;\">Gli scenari climatici previsti per le aree del Mediterraneo pongono sfide molto specifiche per l\u2019agricoltura, in particolare per le colture da frutto. La vulnerabilit\u00e0 del settore alla modificazione delle condizioni agro-climatiche dipende sia dagli estremi climatici, sia dalla capacit\u00e0 di adattamento delle colture stesse. A motivo della loro perennialit\u00e0, le colture arboree da frutto sono particolarmente esposte a condizioni ambientali estreme, in quanto sia la resa e sia la qualit\u00e0 della produzione sono fortemente influenzate dalle interazioni genotipo x ambiente. Gli obiettivi generali di questa opera, oltre a presentare una panoramica delle principali colture frutticole nel bacino del Mediterraneo (mandorlo, albicocco, agrumi spp., vite, olivo e pesco), sono: i) descrivere le caratteristiche pi\u00f9 interessanti delle loro coltivazione, ii) evidenziando le possibili soluzioni per affrontare gli impatti negativi degli estremi climatici, iii) riportando i principali risultati del progetto internazionale &#8216;Freeclimb&#8217; (https:\/\/primafreeclimb.com\/), finanziato nel quadro di PRIMA, un&#8217;iniziativa dell&#8217;UE intesa a promuovere la cooperazione nel bacino del Mediterraneo (https:\/\/prima-med.org\/).<\/p>\n<p><strong>DATI BIBLIOGRAFICI<\/strong><br>\nA cura di: Daniele Bassi, Marco Cirilli, Laura Rossini<br>\nEditore: Milano University Press<br>\nPubblicato nel: maggio 2024 <br>\nFormato: brossura, 152 p.<br>\nISBN: 9791255101086<br>\nPrezzo: 28,00 \u20ac<\/p>\t\t\t\t\t\t\t\t<\/div>\n\t\t\t\t<\/div>\n\t\t\t\t\t<\/div>\n\t\t<\/div>\n\t\t\t\t\t<\/div>\n\t\t<\/section>\n\t\t\t\t<section class=\"elementor-section elementor-top-section elementor-element elementor-element-39a552a elementor-section-boxed elementor-section-height-default elementor-section-height-default wd-section-disabled\" data-id=\"39a552a\" data-element_type=\"section\" data-e-type=\"section\">\n\t\t\t\t\t\t<div class=\"elementor-container elementor-column-gap-default\">\n\t\t\t\t\t<div class=\"elementor-column elementor-col-100 elementor-top-column elementor-element elementor-element-6dd707d\" data-id=\"6dd707d\" data-element_type=\"column\" data-e-type=\"column\">\n\t\t\t<div class=\"elementor-widget-wrap elementor-element-populated\">\n\t\t\t\t\t\t<div class=\"elementor-element elementor-element-7bd5415 elementor-button-danger elementor-align-center elementor-widget elementor-widget-button\" data-id=\"7bd5415\" data-element_type=\"widget\" data-e-type=\"widget\" data-widget_type=\"button.default\">\n\t\t\t\t<div class=\"elementor-widget-container\">\n\t\t\t\t\t\t\t\t\t<div class=\"elementor-button-wrapper\">\n\t\t\t\t\t<a class=\"elementor-button elementor-button-link elementor-size-sm\" href=\"https:\/\/libri.unimi.it\/index.php\/milanoup\/catalog\/book\/155\" target=\"_blank\">\n\t\t\t\t\t\t<span class=\"elementor-button-content-wrapper\">\n\t\t\t\t\t\t\t\t\t<span class=\"elementor-button-text\">Scarica il PDF Open Access dal sito Milano University Press<\/span>\n\t\t\t\t\t<\/span>\n\t\t\t\t\t<\/a>\n\t\t\t\t<\/div>\n\t\t\t\t\t\t\t\t<\/div>\n\t\t\t\t<\/div>\n\t\t\t\t\t<\/div>\n\t\t<\/div>\n\t\t\t\t\t<\/div>\n\t\t<\/section>\n\t\t\t\t<\/div>","protected":false},"excerpt":{"rendered":"<p>Gli scenari climatici previsti per le aree del Mediterraneo pongono sfide molto specifiche per l\u2019agricoltura, in particolare per le colture<\/p>","protected":false},"featured_media":65365,"comment_status":"open","ping_status":"closed","template":"","meta":{"_acf_changed":false},"product_brand":[],"product_cat":[2336],"product_tag":[2022,2674,764],"class_list":{"0":"post-65364","1":"product","2":"type-product","3":"status-publish","4":"has-post-thumbnail","6":"product_cat-milanoup","7":"product_tag-agricoltura","8":"product_tag-clima","9":"product_tag-open-access-2","11":"first","12":"instock","13":"shipping-taxable","14":"purchasable","15":"product-type-simple"},"acf":[],"yoast_head":"<!-- This site is optimized with the Yoast SEO plugin v27.4 - https:\/\/yoast.com\/product\/yoast-seo-wordpress\/ -->\n<title>THE MOST IMPORTANT FRUIT CROPS IN MEDITERRANEAN BASIN (MB) -<\/title>\n<meta name=\"description\" content=\"Ledizioni - Innovative Publishing. Casa editrice universitaria. Open Access. eBook, ePub. Creative Commons.\" \/>\n<meta name=\"robots\" content=\"index, follow, max-snippet:-1, max-image-preview:large, max-video-preview:-1\" \/>\n<link rel=\"canonical\" href=\"https:\/\/www.ledizioni.it\/en\/product\/the-most-important-fruit-crops-in-mediterranean-basin-mb\/\" \/>\n<meta property=\"og:locale\" content=\"en_GB\" \/>\n<meta property=\"og:type\" content=\"article\" \/>\n<meta property=\"og:title\" content=\"THE MOST IMPORTANT FRUIT CROPS IN MEDITERRANEAN BASIN (MB) -\" \/>\n<meta property=\"og:description\" content=\"Ledizioni - Innovative Publishing. Casa editrice universitaria. Open Access. eBook, ePub. Creative Commons.\" \/>\n<meta property=\"og:url\" content=\"https:\/\/www.ledizioni.it\/en\/product\/the-most-important-fruit-crops-in-mediterranean-basin-mb\/\" \/>\n<meta property=\"og:site_name\" content=\"Ledizioni\" \/>\n<meta property=\"article:publisher\" content=\"https:\/\/www.facebook.com\/pages\/Ledizioni-LediPublishing\/109120559173329\" \/>\n<meta property=\"article:modified_time\" content=\"2024-07-03T09:16:53+00:00\" \/>\n<meta property=\"og:image\" content=\"https:\/\/www.ledizioni.it\/stag\/wp-content\/uploads\/2024\/05\/Bassi-cover-3D.jpg\" \/>\n\t<meta property=\"og:image:width\" content=\"1578\" \/>\n\t<meta property=\"og:image:height\" content=\"1974\" \/>\n\t<meta property=\"og:image:type\" content=\"image\/jpeg\" \/>\n<meta name=\"twitter:card\" content=\"summary_large_image\" \/>\n<meta name=\"twitter:site\" content=\"@ledizioni\" \/>\n<meta name=\"twitter:label1\" content=\"Estimated reading time\" \/>\n\t<meta name=\"twitter:data1\" content=\"2 minutes\" \/>\n<script type=\"application\/ld+json\" class=\"yoast-schema-graph\">{\"@context\":\"https:\\\/\\\/schema.org\",\"@graph\":[{\"@type\":\"WebPage\",\"@id\":\"https:\\\/\\\/www.ledizioni.it\\\/prodotto\\\/the-most-important-fruit-crops-in-mediterranean-basin-mb\\\/\",\"url\":\"https:\\\/\\\/www.ledizioni.it\\\/prodotto\\\/the-most-important-fruit-crops-in-mediterranean-basin-mb\\\/\",\"name\":\"THE MOST IMPORTANT FRUIT CROPS IN MEDITERRANEAN BASIN (MB) -\",\"isPartOf\":{\"@id\":\"https:\\\/\\\/www.ledizioni.it\\\/#website\"},\"primaryImageOfPage\":{\"@id\":\"https:\\\/\\\/www.ledizioni.it\\\/prodotto\\\/the-most-important-fruit-crops-in-mediterranean-basin-mb\\\/#primaryimage\"},\"image\":{\"@id\":\"https:\\\/\\\/www.ledizioni.it\\\/prodotto\\\/the-most-important-fruit-crops-in-mediterranean-basin-mb\\\/#primaryimage\"},\"thumbnailUrl\":\"https:\\\/\\\/www.ledizioni.it\\\/stag\\\/wp-content\\\/uploads\\\/2024\\\/05\\\/Bassi-cover-3D.jpg\",\"datePublished\":\"2024-05-23T14:53:07+00:00\",\"dateModified\":\"2024-07-03T09:16:53+00:00\",\"description\":\"Ledizioni - Innovative Publishing. Casa editrice universitaria. Open Access. eBook, ePub. Creative Commons.\",\"breadcrumb\":{\"@id\":\"https:\\\/\\\/www.ledizioni.it\\\/prodotto\\\/the-most-important-fruit-crops-in-mediterranean-basin-mb\\\/#breadcrumb\"},\"inLanguage\":\"en-GB\",\"potentialAction\":[{\"@type\":\"ReadAction\",\"target\":[\"https:\\\/\\\/www.ledizioni.it\\\/prodotto\\\/the-most-important-fruit-crops-in-mediterranean-basin-mb\\\/\"]}]},{\"@type\":\"ImageObject\",\"inLanguage\":\"en-GB\",\"@id\":\"https:\\\/\\\/www.ledizioni.it\\\/prodotto\\\/the-most-important-fruit-crops-in-mediterranean-basin-mb\\\/#primaryimage\",\"url\":\"https:\\\/\\\/www.ledizioni.it\\\/stag\\\/wp-content\\\/uploads\\\/2024\\\/05\\\/Bassi-cover-3D.jpg\",\"contentUrl\":\"https:\\\/\\\/www.ledizioni.it\\\/stag\\\/wp-content\\\/uploads\\\/2024\\\/05\\\/Bassi-cover-3D.jpg\",\"width\":1578,\"height\":1974},{\"@type\":\"BreadcrumbList\",\"@id\":\"https:\\\/\\\/www.ledizioni.it\\\/prodotto\\\/the-most-important-fruit-crops-in-mediterranean-basin-mb\\\/#breadcrumb\",\"itemListElement\":[{\"@type\":\"ListItem\",\"position\":1,\"name\":\"Shop\",\"item\":\"https:\\\/\\\/www.ledizioni.it\\\/shop-2\\\/\"},{\"@type\":\"ListItem\",\"position\":2,\"name\":\"THE MOST IMPORTANT FRUIT CROPS IN MEDITERRANEAN BASIN (MB)\"}]},{\"@type\":\"WebSite\",\"@id\":\"https:\\\/\\\/www.ledizioni.it\\\/#website\",\"url\":\"https:\\\/\\\/www.ledizioni.it\\\/\",\"name\":\"Ledizioni\",\"description\":\"The Innovative LediPublishing Company - Casa Editrice Universitaria\",\"publisher\":{\"@id\":\"https:\\\/\\\/www.ledizioni.it\\\/#organization\"},\"potentialAction\":[{\"@type\":\"SearchAction\",\"target\":{\"@type\":\"EntryPoint\",\"urlTemplate\":\"https:\\\/\\\/www.ledizioni.it\\\/?s={search_term_string}\"},\"query-input\":{\"@type\":\"PropertyValueSpecification\",\"valueRequired\":true,\"valueName\":\"search_term_string\"}}],\"inLanguage\":\"en-GB\"},{\"@type\":\"Organization\",\"@id\":\"https:\\\/\\\/www.ledizioni.it\\\/#organization\",\"name\":\"Ledizioni\",\"url\":\"https:\\\/\\\/www.ledizioni.it\\\/\",\"logo\":{\"@type\":\"ImageObject\",\"inLanguage\":\"en-GB\",\"@id\":\"https:\\\/\\\/www.ledizioni.it\\\/#\\\/schema\\\/logo\\\/image\\\/\",\"url\":\"https:\\\/\\\/www.ledizioni.it\\\/stag\\\/wp-content\\\/uploads\\\/2023\\\/10\\\/newlogoledizioni500x110_2-1.jpg\",\"contentUrl\":\"https:\\\/\\\/www.ledizioni.it\\\/stag\\\/wp-content\\\/uploads\\\/2023\\\/10\\\/newlogoledizioni500x110_2-1.jpg\",\"width\":354,\"height\":87,\"caption\":\"Ledizioni\"},\"image\":{\"@id\":\"https:\\\/\\\/www.ledizioni.it\\\/#\\\/schema\\\/logo\\\/image\\\/\"},\"sameAs\":[\"https:\\\/\\\/www.facebook.com\\\/pages\\\/Ledizioni-LediPublishing\\\/109120559173329\",\"https:\\\/\\\/x.com\\\/ledizioni\"]}]}<\/script>\n<!-- \/ Yoast SEO plugin. -->","yoast_head_json":{"title":"THE MOST IMPORTANT FRUIT CROPS IN MEDITERRANEAN BASIN (MB) -","description":"Ledizioni - Innovative Publishing. Casa editrice universitaria. Open Access. eBook, ePub. Creative Commons.","robots":{"index":"index","follow":"follow","max-snippet":"max-snippet:-1","max-image-preview":"max-image-preview:large","max-video-preview":"max-video-preview:-1"},"canonical":"https:\/\/www.ledizioni.it\/en\/product\/the-most-important-fruit-crops-in-mediterranean-basin-mb\/","og_locale":"en_GB","og_type":"article","og_title":"THE MOST IMPORTANT FRUIT CROPS IN MEDITERRANEAN BASIN (MB) -","og_description":"Ledizioni - Innovative Publishing. Casa editrice universitaria. Open Access. eBook, ePub. Creative Commons.","og_url":"https:\/\/www.ledizioni.it\/en\/product\/the-most-important-fruit-crops-in-mediterranean-basin-mb\/","og_site_name":"Ledizioni","article_publisher":"https:\/\/www.facebook.com\/pages\/Ledizioni-LediPublishing\/109120559173329","article_modified_time":"2024-07-03T09:16:53+00:00","og_image":[{"width":1578,"height":1974,"url":"https:\/\/www.ledizioni.it\/stag\/wp-content\/uploads\/2024\/05\/Bassi-cover-3D.jpg","type":"image\/jpeg"}],"twitter_card":"summary_large_image","twitter_site":"@ledizioni","twitter_misc":{"Estimated reading time":"2 minutes"},"schema":{"@context":"https:\/\/schema.org","@graph":[{"@type":"WebPage","@id":"https:\/\/www.ledizioni.it\/prodotto\/the-most-important-fruit-crops-in-mediterranean-basin-mb\/","url":"https:\/\/www.ledizioni.it\/prodotto\/the-most-important-fruit-crops-in-mediterranean-basin-mb\/","name":"THE MOST IMPORTANT FRUIT CROPS IN MEDITERRANEAN BASIN (MB) -","isPartOf":{"@id":"https:\/\/www.ledizioni.it\/#website"},"primaryImageOfPage":{"@id":"https:\/\/www.ledizioni.it\/prodotto\/the-most-important-fruit-crops-in-mediterranean-basin-mb\/#primaryimage"},"image":{"@id":"https:\/\/www.ledizioni.it\/prodotto\/the-most-important-fruit-crops-in-mediterranean-basin-mb\/#primaryimage"},"thumbnailUrl":"https:\/\/www.ledizioni.it\/stag\/wp-content\/uploads\/2024\/05\/Bassi-cover-3D.jpg","datePublished":"2024-05-23T14:53:07+00:00","dateModified":"2024-07-03T09:16:53+00:00","description":"Ledizioni - Innovative Publishing. Casa editrice universitaria. Open Access. eBook, ePub. Creative Commons.","breadcrumb":{"@id":"https:\/\/www.ledizioni.it\/prodotto\/the-most-important-fruit-crops-in-mediterranean-basin-mb\/#breadcrumb"},"inLanguage":"en-GB","potentialAction":[{"@type":"ReadAction","target":["https:\/\/www.ledizioni.it\/prodotto\/the-most-important-fruit-crops-in-mediterranean-basin-mb\/"]}]},{"@type":"ImageObject","inLanguage":"en-GB","@id":"https:\/\/www.ledizioni.it\/prodotto\/the-most-important-fruit-crops-in-mediterranean-basin-mb\/#primaryimage","url":"https:\/\/www.ledizioni.it\/stag\/wp-content\/uploads\/2024\/05\/Bassi-cover-3D.jpg","contentUrl":"https:\/\/www.ledizioni.it\/stag\/wp-content\/uploads\/2024\/05\/Bassi-cover-3D.jpg","width":1578,"height":1974},{"@type":"BreadcrumbList","@id":"https:\/\/www.ledizioni.it\/prodotto\/the-most-important-fruit-crops-in-mediterranean-basin-mb\/#breadcrumb","itemListElement":[{"@type":"ListItem","position":1,"name":"Shop","item":"https:\/\/www.ledizioni.it\/shop-2\/"},{"@type":"ListItem","position":2,"name":"THE MOST IMPORTANT FRUIT CROPS IN MEDITERRANEAN BASIN (MB)"}]},{"@type":"WebSite","@id":"https:\/\/www.ledizioni.it\/#website","url":"https:\/\/www.ledizioni.it\/","name":"Ledizioni","description":"The Innovative LediPublishing Company - Casa Editrice Universitaria","publisher":{"@id":"https:\/\/www.ledizioni.it\/#organization"},"potentialAction":[{"@type":"SearchAction","target":{"@type":"EntryPoint","urlTemplate":"https:\/\/www.ledizioni.it\/?s={search_term_string}"},"query-input":{"@type":"PropertyValueSpecification","valueRequired":true,"valueName":"search_term_string"}}],"inLanguage":"en-GB"},{"@type":"Organization","@id":"https:\/\/www.ledizioni.it\/#organization","name":"Ledizioni","url":"https:\/\/www.ledizioni.it\/","logo":{"@type":"ImageObject","inLanguage":"en-GB","@id":"https:\/\/www.ledizioni.it\/#\/schema\/logo\/image\/","url":"https:\/\/www.ledizioni.it\/stag\/wp-content\/uploads\/2023\/10\/newlogoledizioni500x110_2-1.jpg","contentUrl":"https:\/\/www.ledizioni.it\/stag\/wp-content\/uploads\/2023\/10\/newlogoledizioni500x110_2-1.jpg","width":354,"height":87,"caption":"Ledizioni"},"image":{"@id":"https:\/\/www.ledizioni.it\/#\/schema\/logo\/image\/"},"sameAs":["https:\/\/www.facebook.com\/pages\/Ledizioni-LediPublishing\/109120559173329","https:\/\/x.com\/ledizioni"]}]}},"jetpack_sharing_enabled":true,"_links":{"self":[{"href":"https:\/\/www.ledizioni.it\/en\/wp-json\/wp\/v2\/product\/65364","targetHints":{"allow":["GET"]}}],"collection":[{"href":"https:\/\/www.ledizioni.it\/en\/wp-json\/wp\/v2\/product"}],"about":[{"href":"https:\/\/www.ledizioni.it\/en\/wp-json\/wp\/v2\/types\/product"}],"replies":[{"embeddable":true,"href":"https:\/\/www.ledizioni.it\/en\/wp-json\/wp\/v2\/comments?post=65364"}],"version-history":[{"count":5,"href":"https:\/\/www.ledizioni.it\/en\/wp-json\/wp\/v2\/product\/65364\/revisions"}],"predecessor-version":[{"id":66379,"href":"https:\/\/www.ledizioni.it\/en\/wp-json\/wp\/v2\/product\/65364\/revisions\/66379"}],"wp:featuredmedia":[{"embeddable":true,"href":"https:\/\/www.ledizioni.it\/en\/wp-json\/wp\/v2\/media\/65365"}],"wp:attachment":[{"href":"https:\/\/www.ledizioni.it\/en\/wp-json\/wp\/v2\/media?parent=65364"}],"wp:term":[{"taxonomy":"product_brand","embeddable":true,"href":"https:\/\/www.ledizioni.it\/en\/wp-json\/wp\/v2\/product_brand?post=65364"},{"taxonomy":"product_cat","embeddable":true,"href":"https:\/\/www.ledizioni.it\/en\/wp-json\/wp\/v2\/product_cat?post=65364"},{"taxonomy":"product_tag","embeddable":true,"href":"https:\/\/www.ledizioni.it\/en\/wp-json\/wp\/v2\/product_tag?post=65364"}],"curies":[{"name":"wp","href":"https:\/\/api.w.org\/{rel}","templated":true}]}}