{"id":65701,"date":"2024-06-07T00:00:00","date_gmt":"2024-06-06T22:00:00","guid":{"rendered":"https:\/\/www.ledizioni.it\/?post_type=product&#038;p=65701"},"modified":"2024-06-07T10:14:18","modified_gmt":"2024-06-07T08:14:18","slug":"sociologia-del-consumo-e-della-moda-e-del-consumo-di-moda","status":"publish","type":"product","link":"https:\/\/www.ledizioni.it\/en\/product\/sociologia-del-consumo-e-della-moda-e-del-consumo-di-moda\/","title":{"rendered":"SOCIOLOGIA DEL CONSUMO E DELLA MODA E DEL CONSUMO DI MODA"},"content":{"rendered":"<p style=\"text-align: justify;\">L&#8217;industria della moda \u00e8 un ecosistema complesso e dinamico che modella e riflette i valori sociali, le identit\u00e0 e le narrazioni culturali. Questo libro approfondisce il multiforme mondo della sociologia della moda, concentrandosi sull\u2019intricata interazione tra l\u2019industria della moda (la &#8216;fashion Industry\u2019) e le tendenze sociali (\u2018social trends\u2019 e \u2018Aesthetic-core\u2019). Utilizzando un approccio multidisciplinare che incorpora teorie sociologiche ed antropologiche, ricerca etnografica e analisi basate sui dati, questo studio mira a far luce sulla relazione profonda \u2014 e in evoluzione \u2014 tra moda e societ\u00e0.<br \/>\nAttraverso un ampio lavoro etnografico sul campo, comprese interviste con addetti ai lavori del settore, designer, consumatori e trend setter, questo lavoro svela gli intricati processi di formazione delle tendenze all\u2019interno dell\u2019ecosistema della moda. Indaga il ruolo degli influencer, dei social media, delle settimane della moda e della cultura del consumo nel plasmare la direzione delle tendenze, nonch\u00e9 le dinamiche di potere che sono alla base di questi processi. Combinando dati empirici con intuizioni sociologiche, questo lavoro vuole contribuire a spiegare l\u2019intricata relazione tra l\u2019industria della moda e le tendenze<br \/>\nsociali, fornendo spunti a studiosi, politici e stakeholder del settore che cercano di orientarsi nel panorama iper-accelerato e in continua evoluzione della moda e nelle sue profonde implicazioni per la cultura e la societ\u00e0 contemporanee. In conclusione, questa ricerca mira a promuovere una discussione pi\u00f9 informata e sfumata sul ruolo della moda nel plasmare la nostra identit\u00e0 e i nostri valori collettivi in un mondo sempre pi\u00f9 liquido, interconnesso e frenetico.<\/p>\n<hr \/>\n<p><strong>DATI BIBLIOGRAFICI<\/strong><br \/>\nAutore: Luca Mecca<br \/>\nEditore: Ledizioni<br \/>\nPubblicato in: giugno 2024<br \/>\nFormato: brossura, 126 p.<br \/>\nISBN: 9791256001859<br \/>\nPrezzo: 18,00 \u20ac<\/p>","protected":false},"excerpt":{"rendered":"<p>L&#8217;industria della moda \u00e8 un ecosistema complesso e dinamico che modella e riflette i valori sociali, le identit\u00e0 e le<\/p>","protected":false},"featured_media":65776,"comment_status":"closed","ping_status":"closed","template":"","meta":{"_acf_changed":false},"product_brand":[],"product_cat":[27],"product_tag":[3060,1896,2638,3061],"class_list":{"0":"post-65701","1":"product","2":"type-product","3":"status-publish","4":"has-post-thumbnail","6":"product_cat-sociology","7":"product_tag-consumi","8":"product_tag-moda","9":"product_tag-sociologia","10":"product_tag-tendenze","12":"first","13":"instock","14":"featured","15":"shipping-taxable","16":"purchasable","17":"product-type-simple"},"acf":[],"yoast_head":"<!-- This site is optimized with the Yoast SEO plugin v27.3 - https:\/\/yoast.com\/product\/yoast-seo-wordpress\/ -->\n<title>SOCIOLOGIA DEL CONSUMO E DELLA MODA E DEL CONSUMO DI MODA -<\/title>\n<meta name=\"description\" content=\"Ledizioni - Innovative Publishing. Casa editrice universitaria. Open Access. eBook, ePub. Creative Commons.\" \/>\n<meta name=\"robots\" content=\"index, follow, max-snippet:-1, max-image-preview:large, max-video-preview:-1\" \/>\n<link rel=\"canonical\" href=\"https:\/\/www.ledizioni.it\/en\/product\/sociologia-del-consumo-e-della-moda-e-del-consumo-di-moda\/\" \/>\n<meta property=\"og:locale\" content=\"en_GB\" \/>\n<meta property=\"og:type\" content=\"article\" \/>\n<meta property=\"og:title\" content=\"SOCIOLOGIA DEL CONSUMO E DELLA MODA E DEL CONSUMO DI MODA -\" \/>\n<meta property=\"og:description\" content=\"Ledizioni - Innovative Publishing. Casa editrice universitaria. Open Access. eBook, ePub. Creative Commons.\" \/>\n<meta property=\"og:url\" content=\"https:\/\/www.ledizioni.it\/en\/product\/sociologia-del-consumo-e-della-moda-e-del-consumo-di-moda\/\" \/>\n<meta property=\"og:site_name\" content=\"Ledizioni\" \/>\n<meta property=\"article:publisher\" content=\"https:\/\/www.facebook.com\/pages\/Ledizioni-LediPublishing\/109120559173329\" \/>\n<meta property=\"article:modified_time\" content=\"2024-06-07T08:14:18+00:00\" \/>\n<meta property=\"og:image\" content=\"https:\/\/www.ledizioni.it\/stag\/wp-content\/uploads\/2024\/06\/cover-mecca-3D.jpg\" \/>\n\t<meta property=\"og:image:width\" content=\"1504\" \/>\n\t<meta property=\"og:image:height\" content=\"2004\" \/>\n\t<meta property=\"og:image:type\" content=\"image\/jpeg\" \/>\n<meta name=\"twitter:card\" content=\"summary_large_image\" \/>\n<meta name=\"twitter:site\" content=\"@ledizioni\" \/>\n<meta name=\"twitter:label1\" content=\"Estimated reading time\" \/>\n\t<meta name=\"twitter:data1\" content=\"2 minutes\" \/>\n<script type=\"application\/ld+json\" class=\"yoast-schema-graph\">{\"@context\":\"https:\\\/\\\/schema.org\",\"@graph\":[{\"@type\":\"WebPage\",\"@id\":\"https:\\\/\\\/www.ledizioni.it\\\/en\\\/product\\\/sociologia-del-consumo-e-della-moda-e-del-consumo-di-moda\\\/\",\"url\":\"https:\\\/\\\/www.ledizioni.it\\\/en\\\/product\\\/sociologia-del-consumo-e-della-moda-e-del-consumo-di-moda\\\/\",\"name\":\"SOCIOLOGIA DEL CONSUMO E DELLA MODA E DEL CONSUMO DI MODA -\",\"isPartOf\":{\"@id\":\"https:\\\/\\\/www.ledizioni.it\\\/#website\"},\"primaryImageOfPage\":{\"@id\":\"https:\\\/\\\/www.ledizioni.it\\\/en\\\/product\\\/sociologia-del-consumo-e-della-moda-e-del-consumo-di-moda\\\/#primaryimage\"},\"image\":{\"@id\":\"https:\\\/\\\/www.ledizioni.it\\\/en\\\/product\\\/sociologia-del-consumo-e-della-moda-e-del-consumo-di-moda\\\/#primaryimage\"},\"thumbnailUrl\":\"https:\\\/\\\/www.ledizioni.it\\\/stag\\\/wp-content\\\/uploads\\\/2024\\\/06\\\/cover-mecca-3D.jpg\",\"datePublished\":\"2024-06-06T22:00:00+00:00\",\"dateModified\":\"2024-06-07T08:14:18+00:00\",\"description\":\"Ledizioni - Innovative Publishing. Casa editrice universitaria. Open Access. eBook, ePub. Creative Commons.\",\"breadcrumb\":{\"@id\":\"https:\\\/\\\/www.ledizioni.it\\\/en\\\/product\\\/sociologia-del-consumo-e-della-moda-e-del-consumo-di-moda\\\/#breadcrumb\"},\"inLanguage\":\"en-GB\",\"potentialAction\":[{\"@type\":\"ReadAction\",\"target\":[\"https:\\\/\\\/www.ledizioni.it\\\/en\\\/product\\\/sociologia-del-consumo-e-della-moda-e-del-consumo-di-moda\\\/\"]}]},{\"@type\":\"ImageObject\",\"inLanguage\":\"en-GB\",\"@id\":\"https:\\\/\\\/www.ledizioni.it\\\/en\\\/product\\\/sociologia-del-consumo-e-della-moda-e-del-consumo-di-moda\\\/#primaryimage\",\"url\":\"https:\\\/\\\/www.ledizioni.it\\\/stag\\\/wp-content\\\/uploads\\\/2024\\\/06\\\/cover-mecca-3D.jpg\",\"contentUrl\":\"https:\\\/\\\/www.ledizioni.it\\\/stag\\\/wp-content\\\/uploads\\\/2024\\\/06\\\/cover-mecca-3D.jpg\",\"width\":1504,\"height\":2004},{\"@type\":\"BreadcrumbList\",\"@id\":\"https:\\\/\\\/www.ledizioni.it\\\/en\\\/product\\\/sociologia-del-consumo-e-della-moda-e-del-consumo-di-moda\\\/#breadcrumb\",\"itemListElement\":[{\"@type\":\"ListItem\",\"position\":1,\"name\":\"Shop\",\"item\":\"https:\\\/\\\/www.ledizioni.it\\\/shop-2\\\/\"},{\"@type\":\"ListItem\",\"position\":2,\"name\":\"SOCIOLOGIA DEL CONSUMO E DELLA MODA E DEL CONSUMO DI MODA\"}]},{\"@type\":\"WebSite\",\"@id\":\"https:\\\/\\\/www.ledizioni.it\\\/#website\",\"url\":\"https:\\\/\\\/www.ledizioni.it\\\/\",\"name\":\"Ledizioni\",\"description\":\"The Innovative LediPublishing Company - Casa Editrice Universitaria\",\"publisher\":{\"@id\":\"https:\\\/\\\/www.ledizioni.it\\\/#organization\"},\"potentialAction\":[{\"@type\":\"SearchAction\",\"target\":{\"@type\":\"EntryPoint\",\"urlTemplate\":\"https:\\\/\\\/www.ledizioni.it\\\/?s={search_term_string}\"},\"query-input\":{\"@type\":\"PropertyValueSpecification\",\"valueRequired\":true,\"valueName\":\"search_term_string\"}}],\"inLanguage\":\"en-GB\"},{\"@type\":\"Organization\",\"@id\":\"https:\\\/\\\/www.ledizioni.it\\\/#organization\",\"name\":\"Ledizioni\",\"url\":\"https:\\\/\\\/www.ledizioni.it\\\/\",\"logo\":{\"@type\":\"ImageObject\",\"inLanguage\":\"en-GB\",\"@id\":\"https:\\\/\\\/www.ledizioni.it\\\/#\\\/schema\\\/logo\\\/image\\\/\",\"url\":\"https:\\\/\\\/www.ledizioni.it\\\/stag\\\/wp-content\\\/uploads\\\/2023\\\/10\\\/newlogoledizioni500x110_2-1.jpg\",\"contentUrl\":\"https:\\\/\\\/www.ledizioni.it\\\/stag\\\/wp-content\\\/uploads\\\/2023\\\/10\\\/newlogoledizioni500x110_2-1.jpg\",\"width\":354,\"height\":87,\"caption\":\"Ledizioni\"},\"image\":{\"@id\":\"https:\\\/\\\/www.ledizioni.it\\\/#\\\/schema\\\/logo\\\/image\\\/\"},\"sameAs\":[\"https:\\\/\\\/www.facebook.com\\\/pages\\\/Ledizioni-LediPublishing\\\/109120559173329\",\"https:\\\/\\\/x.com\\\/ledizioni\"]}]}<\/script>\n<!-- \/ Yoast SEO plugin. -->","yoast_head_json":{"title":"SOCIOLOGIA DEL CONSUMO E DELLA MODA E DEL CONSUMO DI MODA -","description":"Ledizioni - Innovative Publishing. Casa editrice universitaria. Open Access. eBook, ePub. Creative Commons.","robots":{"index":"index","follow":"follow","max-snippet":"max-snippet:-1","max-image-preview":"max-image-preview:large","max-video-preview":"max-video-preview:-1"},"canonical":"https:\/\/www.ledizioni.it\/en\/product\/sociologia-del-consumo-e-della-moda-e-del-consumo-di-moda\/","og_locale":"en_GB","og_type":"article","og_title":"SOCIOLOGIA DEL CONSUMO E DELLA MODA E DEL CONSUMO DI MODA -","og_description":"Ledizioni - Innovative Publishing. Casa editrice universitaria. Open Access. eBook, ePub. Creative Commons.","og_url":"https:\/\/www.ledizioni.it\/en\/product\/sociologia-del-consumo-e-della-moda-e-del-consumo-di-moda\/","og_site_name":"Ledizioni","article_publisher":"https:\/\/www.facebook.com\/pages\/Ledizioni-LediPublishing\/109120559173329","article_modified_time":"2024-06-07T08:14:18+00:00","og_image":[{"width":1504,"height":2004,"url":"https:\/\/www.ledizioni.it\/stag\/wp-content\/uploads\/2024\/06\/cover-mecca-3D.jpg","type":"image\/jpeg"}],"twitter_card":"summary_large_image","twitter_site":"@ledizioni","twitter_misc":{"Estimated reading time":"2 minutes"},"schema":{"@context":"https:\/\/schema.org","@graph":[{"@type":"WebPage","@id":"https:\/\/www.ledizioni.it\/en\/product\/sociologia-del-consumo-e-della-moda-e-del-consumo-di-moda\/","url":"https:\/\/www.ledizioni.it\/en\/product\/sociologia-del-consumo-e-della-moda-e-del-consumo-di-moda\/","name":"SOCIOLOGIA DEL CONSUMO E DELLA MODA E DEL CONSUMO DI MODA -","isPartOf":{"@id":"https:\/\/www.ledizioni.it\/#website"},"primaryImageOfPage":{"@id":"https:\/\/www.ledizioni.it\/en\/product\/sociologia-del-consumo-e-della-moda-e-del-consumo-di-moda\/#primaryimage"},"image":{"@id":"https:\/\/www.ledizioni.it\/en\/product\/sociologia-del-consumo-e-della-moda-e-del-consumo-di-moda\/#primaryimage"},"thumbnailUrl":"https:\/\/www.ledizioni.it\/stag\/wp-content\/uploads\/2024\/06\/cover-mecca-3D.jpg","datePublished":"2024-06-06T22:00:00+00:00","dateModified":"2024-06-07T08:14:18+00:00","description":"Ledizioni - Innovative Publishing. Casa editrice universitaria. Open Access. eBook, ePub. Creative Commons.","breadcrumb":{"@id":"https:\/\/www.ledizioni.it\/en\/product\/sociologia-del-consumo-e-della-moda-e-del-consumo-di-moda\/#breadcrumb"},"inLanguage":"en-GB","potentialAction":[{"@type":"ReadAction","target":["https:\/\/www.ledizioni.it\/en\/product\/sociologia-del-consumo-e-della-moda-e-del-consumo-di-moda\/"]}]},{"@type":"ImageObject","inLanguage":"en-GB","@id":"https:\/\/www.ledizioni.it\/en\/product\/sociologia-del-consumo-e-della-moda-e-del-consumo-di-moda\/#primaryimage","url":"https:\/\/www.ledizioni.it\/stag\/wp-content\/uploads\/2024\/06\/cover-mecca-3D.jpg","contentUrl":"https:\/\/www.ledizioni.it\/stag\/wp-content\/uploads\/2024\/06\/cover-mecca-3D.jpg","width":1504,"height":2004},{"@type":"BreadcrumbList","@id":"https:\/\/www.ledizioni.it\/en\/product\/sociologia-del-consumo-e-della-moda-e-del-consumo-di-moda\/#breadcrumb","itemListElement":[{"@type":"ListItem","position":1,"name":"Shop","item":"https:\/\/www.ledizioni.it\/shop-2\/"},{"@type":"ListItem","position":2,"name":"SOCIOLOGIA DEL CONSUMO E DELLA MODA E DEL CONSUMO DI MODA"}]},{"@type":"WebSite","@id":"https:\/\/www.ledizioni.it\/#website","url":"https:\/\/www.ledizioni.it\/","name":"Ledizioni","description":"The Innovative LediPublishing Company - Casa Editrice Universitaria","publisher":{"@id":"https:\/\/www.ledizioni.it\/#organization"},"potentialAction":[{"@type":"SearchAction","target":{"@type":"EntryPoint","urlTemplate":"https:\/\/www.ledizioni.it\/?s={search_term_string}"},"query-input":{"@type":"PropertyValueSpecification","valueRequired":true,"valueName":"search_term_string"}}],"inLanguage":"en-GB"},{"@type":"Organization","@id":"https:\/\/www.ledizioni.it\/#organization","name":"Ledizioni","url":"https:\/\/www.ledizioni.it\/","logo":{"@type":"ImageObject","inLanguage":"en-GB","@id":"https:\/\/www.ledizioni.it\/#\/schema\/logo\/image\/","url":"https:\/\/www.ledizioni.it\/stag\/wp-content\/uploads\/2023\/10\/newlogoledizioni500x110_2-1.jpg","contentUrl":"https:\/\/www.ledizioni.it\/stag\/wp-content\/uploads\/2023\/10\/newlogoledizioni500x110_2-1.jpg","width":354,"height":87,"caption":"Ledizioni"},"image":{"@id":"https:\/\/www.ledizioni.it\/#\/schema\/logo\/image\/"},"sameAs":["https:\/\/www.facebook.com\/pages\/Ledizioni-LediPublishing\/109120559173329","https:\/\/x.com\/ledizioni"]}]}},"jetpack_sharing_enabled":true,"_links":{"self":[{"href":"https:\/\/www.ledizioni.it\/en\/wp-json\/wp\/v2\/product\/65701","targetHints":{"allow":["GET"]}}],"collection":[{"href":"https:\/\/www.ledizioni.it\/en\/wp-json\/wp\/v2\/product"}],"about":[{"href":"https:\/\/www.ledizioni.it\/en\/wp-json\/wp\/v2\/types\/product"}],"replies":[{"embeddable":true,"href":"https:\/\/www.ledizioni.it\/en\/wp-json\/wp\/v2\/comments?post=65701"}],"version-history":[{"count":1,"href":"https:\/\/www.ledizioni.it\/en\/wp-json\/wp\/v2\/product\/65701\/revisions"}],"predecessor-version":[{"id":65777,"href":"https:\/\/www.ledizioni.it\/en\/wp-json\/wp\/v2\/product\/65701\/revisions\/65777"}],"wp:featuredmedia":[{"embeddable":true,"href":"https:\/\/www.ledizioni.it\/en\/wp-json\/wp\/v2\/media\/65776"}],"wp:attachment":[{"href":"https:\/\/www.ledizioni.it\/en\/wp-json\/wp\/v2\/media?parent=65701"}],"wp:term":[{"taxonomy":"product_brand","embeddable":true,"href":"https:\/\/www.ledizioni.it\/en\/wp-json\/wp\/v2\/product_brand?post=65701"},{"taxonomy":"product_cat","embeddable":true,"href":"https:\/\/www.ledizioni.it\/en\/wp-json\/wp\/v2\/product_cat?post=65701"},{"taxonomy":"product_tag","embeddable":true,"href":"https:\/\/www.ledizioni.it\/en\/wp-json\/wp\/v2\/product_tag?post=65701"}],"curies":[{"name":"wp","href":"https:\/\/api.w.org\/{rel}","templated":true}]}}