{"id":6626,"date":"2012-06-07T17:34:33","date_gmt":"2012-06-07T17:34:33","guid":{"rendered":"http:\/\/www.ledizioni.it\/stag\/?post_type=product&#038;p=6626"},"modified":"2018-11-26T10:45:42","modified_gmt":"2018-11-26T10:45:42","slug":"guido-cavalcanti-rime","status":"publish","type":"product","link":"https:\/\/www.ledizioni.it\/en\/product\/guido-cavalcanti-rime\/","title":{"rendered":"RIME DI GUIDO CAVALCANTI"},"content":{"rendered":"<p style=\"text-align: justify;\">\u00abUno dei due occhi di Firenze al tempo di Dante\u00bb (l\u2019altro, naturalmente, era Dante), cos\u00ec disse di Guido Cavalcanti Benvenuto da Imola nell\u2019et\u00e0 ormai di Petrarca e di Boccaccio: testimonianza di una fortuna ininterrotta, fondata su un\u2019\u00abaltezza d\u2019ingegno\u00bb che Dante fu il primo a riconoscergli. Assieme alla <em>Vita Nuova<\/em>, le sue rime costituiscono l\u2019apice della cultura poetica e non solo poetica fiorentina di fine Duecento, e il pegno di un primato che \u00e8 anche rinnovamento totale, appena ai primi passi, di una civilt\u00e0. Sotto la specie di una stretta osservanza naturalistica, ossia dei dettami della \u00abfilosofia naturale\u00bb (ma altrettanto imponente \u00e8 il magistero rettorico), \u00e8 l\u2019esperienza irripetibile del fenomeno amoroso che si dispiega per la prima volta in tutta la sua verit\u00e0, anche in dialogo (e in controcanto) con altri poeti, in ispecie con Dante: che vorr\u00e0 dire la riflessione, in una mirabile canzone, sull\u2019essenza d\u2019amore, o la sua proiezione sul magico schermo delle occasioni quotidiane.<br \/>\n\u00c8 un Cavalcanti pi\u00f9 vivo che esce da questa interpretazione, ugualmente attenta alle ricche implicazioni culturali (dalla Scrittura a Virgilio a particolari settori della letteratura d\u2019oltralpe) e alla misura degli accadimenti; un\u2019immagine per nulla astratta, nei suoi impennamenti e nei suoi abbandoni, aperta a una pluralit\u00e0 di prospettive: dagli episodi della propria inguaribile suscettibilit\u00e0 e labilit\u00e0 erotica all\u2019inflessibile ironia, esercitata anche su se stesso, e che gli varr\u00e0 il sospetto (tutt\u2019altro che immotivato) d\u2019eresia.<br \/>\nLa raccolta include tutte le rime dei corrispondenti o comunque a lui indirizzate, e quelle di una figura minore della sua casa, il fratello Iacopo.<\/p>\n<h3 style=\"text-align: justify;\"><strong><span style=\"color: #000000;\">DATI BIBLIOGRAFICI<\/span><\/strong><\/h3>\n<p>Autore: Guido Cavalcanti,\u00a0 a cura di Domenico De Robertis<br \/>\nEditore: Ledizioni<br \/>\nCollana: <a href=\"https:\/\/www.ledizioni.it\/en\/collane\/letteratura\/letteraria-reprint\/\">Letteraria Reprint<\/a><br \/>\nFormato: Brossura<br \/>\nPubblicato in: Giugno 2012<br \/>\nISBN cartaceo: 9788895994529<br \/>\nPrezzo cartaceo: 22,00 \u20ac<\/p>\n<p><a href=\"http:\/\/www.mondadoristore.it\/Rime.-Con-le-Rime-di-Iacopo-De-Robertis-Domenico\/eab\/selfespress\/9788895994529\/\" target=\"_blank\" rel=\"noopener\"><img decoding=\"async\" class=\"size-full wp-image-14398 aligncenter\" src=\"http:\/\/www.ledizioni.it\/stag\/wp-content\/uploads\/2012\/06\/red-podok.jpg\" alt=\"Simple set of colored buttons 2\" width=\"200\" height=\"82\" \/><\/a><\/p>","protected":false},"excerpt":{"rendered":"<p>\u00abUno dei due occhi di Firenze al tempo di Dante\u00bb (l\u2019altro, naturalmente, era Dante), cos\u00ec disse di Guido Cavalcanti Benvenuto<\/p>","protected":false},"featured_media":6627,"comment_status":"open","ping_status":"closed","template":"","meta":{"_acf_changed":false},"product_brand":[],"product_cat":[555],"product_tag":[1056],"class_list":{"0":"post-6626","1":"product","2":"type-product","3":"status-publish","4":"has-post-thumbnail","6":"product_cat-letteraria-reprints","7":"product_tag-poesia","9":"first","10":"instock","11":"shipping-taxable","12":"purchasable","13":"product-type-simple"},"acf":[],"yoast_head":"<!-- This site is optimized with the Yoast SEO plugin v27.3 - https:\/\/yoast.com\/product\/yoast-seo-wordpress\/ -->\n<title>RIME DI GUIDO CAVALCANTI -<\/title>\n<meta name=\"description\" content=\"Ristampa della raccolta di Rime di Guido Cavalcanti a cura di Domenico de Robertis\" \/>\n<meta name=\"robots\" content=\"index, follow, max-snippet:-1, max-image-preview:large, max-video-preview:-1\" \/>\n<link rel=\"canonical\" href=\"https:\/\/www.ledizioni.it\/en\/product\/guido-cavalcanti-rime\/\" \/>\n<meta property=\"og:locale\" content=\"en_GB\" \/>\n<meta property=\"og:type\" content=\"article\" \/>\n<meta property=\"og:title\" content=\"RIME DI GUIDO CAVALCANTI -\" \/>\n<meta property=\"og:description\" content=\"Ristampa della raccolta di Rime di Guido Cavalcanti a cura di Domenico de Robertis\" \/>\n<meta property=\"og:url\" content=\"https:\/\/www.ledizioni.it\/en\/product\/guido-cavalcanti-rime\/\" \/>\n<meta property=\"og:site_name\" content=\"Ledizioni\" \/>\n<meta property=\"article:publisher\" content=\"https:\/\/www.facebook.com\/pages\/Ledizioni-LediPublishing\/109120559173329\" \/>\n<meta property=\"article:modified_time\" content=\"2018-11-26T10:45:42+00:00\" \/>\n<meta property=\"og:image\" content=\"https:\/\/www.ledizioni.it\/stag\/wp-content\/uploads\/2013\/07\/copertina3d-747x1024.jpg\" \/>\n\t<meta property=\"og:image:width\" content=\"747\" \/>\n\t<meta property=\"og:image:height\" content=\"1024\" \/>\n\t<meta property=\"og:image:type\" content=\"image\/jpeg\" \/>\n<meta name=\"twitter:card\" content=\"summary_large_image\" \/>\n<meta name=\"twitter:site\" content=\"@ledizioni\" \/>\n<meta name=\"twitter:label1\" content=\"Estimated reading time\" \/>\n\t<meta name=\"twitter:data1\" content=\"1 minute\" \/>\n<script type=\"application\/ld+json\" class=\"yoast-schema-graph\">{\"@context\":\"https:\\\/\\\/schema.org\",\"@graph\":[{\"@type\":\"WebPage\",\"@id\":\"https:\\\/\\\/www.ledizioni.it\\\/prodotto\\\/guido-cavalcanti-rime\\\/\",\"url\":\"https:\\\/\\\/www.ledizioni.it\\\/prodotto\\\/guido-cavalcanti-rime\\\/\",\"name\":\"RIME DI GUIDO CAVALCANTI -\",\"isPartOf\":{\"@id\":\"https:\\\/\\\/www.ledizioni.it\\\/#website\"},\"primaryImageOfPage\":{\"@id\":\"https:\\\/\\\/www.ledizioni.it\\\/prodotto\\\/guido-cavalcanti-rime\\\/#primaryimage\"},\"image\":{\"@id\":\"https:\\\/\\\/www.ledizioni.it\\\/prodotto\\\/guido-cavalcanti-rime\\\/#primaryimage\"},\"thumbnailUrl\":\"https:\\\/\\\/www.ledizioni.it\\\/stag\\\/wp-content\\\/uploads\\\/2013\\\/07\\\/copertina3d-747x1024.jpg\",\"datePublished\":\"2012-06-07T17:34:33+00:00\",\"dateModified\":\"2018-11-26T10:45:42+00:00\",\"description\":\"Ristampa della raccolta di Rime di Guido Cavalcanti a cura di Domenico de Robertis\",\"breadcrumb\":{\"@id\":\"https:\\\/\\\/www.ledizioni.it\\\/prodotto\\\/guido-cavalcanti-rime\\\/#breadcrumb\"},\"inLanguage\":\"en-GB\",\"potentialAction\":[{\"@type\":\"ReadAction\",\"target\":[\"https:\\\/\\\/www.ledizioni.it\\\/prodotto\\\/guido-cavalcanti-rime\\\/\"]}]},{\"@type\":\"ImageObject\",\"inLanguage\":\"en-GB\",\"@id\":\"https:\\\/\\\/www.ledizioni.it\\\/prodotto\\\/guido-cavalcanti-rime\\\/#primaryimage\",\"url\":\"https:\\\/\\\/www.ledizioni.it\\\/stag\\\/wp-content\\\/uploads\\\/2013\\\/07\\\/copertina3d-747x1024.jpg\",\"contentUrl\":\"https:\\\/\\\/www.ledizioni.it\\\/stag\\\/wp-content\\\/uploads\\\/2013\\\/07\\\/copertina3d-747x1024.jpg\",\"width\":747,\"height\":1024},{\"@type\":\"BreadcrumbList\",\"@id\":\"https:\\\/\\\/www.ledizioni.it\\\/prodotto\\\/guido-cavalcanti-rime\\\/#breadcrumb\",\"itemListElement\":[{\"@type\":\"ListItem\",\"position\":1,\"name\":\"Shop\",\"item\":\"https:\\\/\\\/www.ledizioni.it\\\/shop-2\\\/\"},{\"@type\":\"ListItem\",\"position\":2,\"name\":\"RIME DI GUIDO CAVALCANTI\"}]},{\"@type\":\"WebSite\",\"@id\":\"https:\\\/\\\/www.ledizioni.it\\\/#website\",\"url\":\"https:\\\/\\\/www.ledizioni.it\\\/\",\"name\":\"Ledizioni\",\"description\":\"The Innovative LediPublishing Company - Casa Editrice Universitaria\",\"publisher\":{\"@id\":\"https:\\\/\\\/www.ledizioni.it\\\/#organization\"},\"potentialAction\":[{\"@type\":\"SearchAction\",\"target\":{\"@type\":\"EntryPoint\",\"urlTemplate\":\"https:\\\/\\\/www.ledizioni.it\\\/?s={search_term_string}\"},\"query-input\":{\"@type\":\"PropertyValueSpecification\",\"valueRequired\":true,\"valueName\":\"search_term_string\"}}],\"inLanguage\":\"en-GB\"},{\"@type\":\"Organization\",\"@id\":\"https:\\\/\\\/www.ledizioni.it\\\/#organization\",\"name\":\"Ledizioni\",\"url\":\"https:\\\/\\\/www.ledizioni.it\\\/\",\"logo\":{\"@type\":\"ImageObject\",\"inLanguage\":\"en-GB\",\"@id\":\"https:\\\/\\\/www.ledizioni.it\\\/#\\\/schema\\\/logo\\\/image\\\/\",\"url\":\"https:\\\/\\\/www.ledizioni.it\\\/stag\\\/wp-content\\\/uploads\\\/2023\\\/10\\\/newlogoledizioni500x110_2-1.jpg\",\"contentUrl\":\"https:\\\/\\\/www.ledizioni.it\\\/stag\\\/wp-content\\\/uploads\\\/2023\\\/10\\\/newlogoledizioni500x110_2-1.jpg\",\"width\":354,\"height\":87,\"caption\":\"Ledizioni\"},\"image\":{\"@id\":\"https:\\\/\\\/www.ledizioni.it\\\/#\\\/schema\\\/logo\\\/image\\\/\"},\"sameAs\":[\"https:\\\/\\\/www.facebook.com\\\/pages\\\/Ledizioni-LediPublishing\\\/109120559173329\",\"https:\\\/\\\/x.com\\\/ledizioni\"]}]}<\/script>\n<!-- \/ Yoast SEO plugin. -->","yoast_head_json":{"title":"RIME DI GUIDO CAVALCANTI -","description":"Ristampa della raccolta di Rime di Guido Cavalcanti a cura di Domenico de Robertis","robots":{"index":"index","follow":"follow","max-snippet":"max-snippet:-1","max-image-preview":"max-image-preview:large","max-video-preview":"max-video-preview:-1"},"canonical":"https:\/\/www.ledizioni.it\/en\/product\/guido-cavalcanti-rime\/","og_locale":"en_GB","og_type":"article","og_title":"RIME DI GUIDO CAVALCANTI -","og_description":"Ristampa della raccolta di Rime di Guido Cavalcanti a cura di Domenico de Robertis","og_url":"https:\/\/www.ledizioni.it\/en\/product\/guido-cavalcanti-rime\/","og_site_name":"Ledizioni","article_publisher":"https:\/\/www.facebook.com\/pages\/Ledizioni-LediPublishing\/109120559173329","article_modified_time":"2018-11-26T10:45:42+00:00","og_image":[{"width":747,"height":1024,"url":"https:\/\/www.ledizioni.it\/stag\/wp-content\/uploads\/2013\/07\/copertina3d-747x1024.jpg","type":"image\/jpeg"}],"twitter_card":"summary_large_image","twitter_site":"@ledizioni","twitter_misc":{"Estimated reading time":"1 minute"},"schema":{"@context":"https:\/\/schema.org","@graph":[{"@type":"WebPage","@id":"https:\/\/www.ledizioni.it\/prodotto\/guido-cavalcanti-rime\/","url":"https:\/\/www.ledizioni.it\/prodotto\/guido-cavalcanti-rime\/","name":"RIME DI GUIDO CAVALCANTI -","isPartOf":{"@id":"https:\/\/www.ledizioni.it\/#website"},"primaryImageOfPage":{"@id":"https:\/\/www.ledizioni.it\/prodotto\/guido-cavalcanti-rime\/#primaryimage"},"image":{"@id":"https:\/\/www.ledizioni.it\/prodotto\/guido-cavalcanti-rime\/#primaryimage"},"thumbnailUrl":"https:\/\/www.ledizioni.it\/stag\/wp-content\/uploads\/2013\/07\/copertina3d-747x1024.jpg","datePublished":"2012-06-07T17:34:33+00:00","dateModified":"2018-11-26T10:45:42+00:00","description":"Ristampa della raccolta di Rime di Guido Cavalcanti a cura di Domenico de Robertis","breadcrumb":{"@id":"https:\/\/www.ledizioni.it\/prodotto\/guido-cavalcanti-rime\/#breadcrumb"},"inLanguage":"en-GB","potentialAction":[{"@type":"ReadAction","target":["https:\/\/www.ledizioni.it\/prodotto\/guido-cavalcanti-rime\/"]}]},{"@type":"ImageObject","inLanguage":"en-GB","@id":"https:\/\/www.ledizioni.it\/prodotto\/guido-cavalcanti-rime\/#primaryimage","url":"https:\/\/www.ledizioni.it\/stag\/wp-content\/uploads\/2013\/07\/copertina3d-747x1024.jpg","contentUrl":"https:\/\/www.ledizioni.it\/stag\/wp-content\/uploads\/2013\/07\/copertina3d-747x1024.jpg","width":747,"height":1024},{"@type":"BreadcrumbList","@id":"https:\/\/www.ledizioni.it\/prodotto\/guido-cavalcanti-rime\/#breadcrumb","itemListElement":[{"@type":"ListItem","position":1,"name":"Shop","item":"https:\/\/www.ledizioni.it\/shop-2\/"},{"@type":"ListItem","position":2,"name":"RIME DI GUIDO CAVALCANTI"}]},{"@type":"WebSite","@id":"https:\/\/www.ledizioni.it\/#website","url":"https:\/\/www.ledizioni.it\/","name":"Ledizioni","description":"The Innovative LediPublishing Company - Casa Editrice Universitaria","publisher":{"@id":"https:\/\/www.ledizioni.it\/#organization"},"potentialAction":[{"@type":"SearchAction","target":{"@type":"EntryPoint","urlTemplate":"https:\/\/www.ledizioni.it\/?s={search_term_string}"},"query-input":{"@type":"PropertyValueSpecification","valueRequired":true,"valueName":"search_term_string"}}],"inLanguage":"en-GB"},{"@type":"Organization","@id":"https:\/\/www.ledizioni.it\/#organization","name":"Ledizioni","url":"https:\/\/www.ledizioni.it\/","logo":{"@type":"ImageObject","inLanguage":"en-GB","@id":"https:\/\/www.ledizioni.it\/#\/schema\/logo\/image\/","url":"https:\/\/www.ledizioni.it\/stag\/wp-content\/uploads\/2023\/10\/newlogoledizioni500x110_2-1.jpg","contentUrl":"https:\/\/www.ledizioni.it\/stag\/wp-content\/uploads\/2023\/10\/newlogoledizioni500x110_2-1.jpg","width":354,"height":87,"caption":"Ledizioni"},"image":{"@id":"https:\/\/www.ledizioni.it\/#\/schema\/logo\/image\/"},"sameAs":["https:\/\/www.facebook.com\/pages\/Ledizioni-LediPublishing\/109120559173329","https:\/\/x.com\/ledizioni"]}]}},"jetpack_sharing_enabled":true,"_links":{"self":[{"href":"https:\/\/www.ledizioni.it\/en\/wp-json\/wp\/v2\/product\/6626","targetHints":{"allow":["GET"]}}],"collection":[{"href":"https:\/\/www.ledizioni.it\/en\/wp-json\/wp\/v2\/product"}],"about":[{"href":"https:\/\/www.ledizioni.it\/en\/wp-json\/wp\/v2\/types\/product"}],"replies":[{"embeddable":true,"href":"https:\/\/www.ledizioni.it\/en\/wp-json\/wp\/v2\/comments?post=6626"}],"version-history":[{"count":2,"href":"https:\/\/www.ledizioni.it\/en\/wp-json\/wp\/v2\/product\/6626\/revisions"}],"predecessor-version":[{"id":14391,"href":"https:\/\/www.ledizioni.it\/en\/wp-json\/wp\/v2\/product\/6626\/revisions\/14391"}],"wp:featuredmedia":[{"embeddable":true,"href":"https:\/\/www.ledizioni.it\/en\/wp-json\/wp\/v2\/media\/6627"}],"wp:attachment":[{"href":"https:\/\/www.ledizioni.it\/en\/wp-json\/wp\/v2\/media?parent=6626"}],"wp:term":[{"taxonomy":"product_brand","embeddable":true,"href":"https:\/\/www.ledizioni.it\/en\/wp-json\/wp\/v2\/product_brand?post=6626"},{"taxonomy":"product_cat","embeddable":true,"href":"https:\/\/www.ledizioni.it\/en\/wp-json\/wp\/v2\/product_cat?post=6626"},{"taxonomy":"product_tag","embeddable":true,"href":"https:\/\/www.ledizioni.it\/en\/wp-json\/wp\/v2\/product_tag?post=6626"}],"curies":[{"name":"wp","href":"https:\/\/api.w.org\/{rel}","templated":true}]}}