{"id":6628,"date":"2013-07-23T17:59:11","date_gmt":"2013-07-23T17:59:11","guid":{"rendered":"http:\/\/www.ledizioni.it\/stag\/?post_type=product&#038;p=6628"},"modified":"2018-11-07T13:39:10","modified_gmt":"2018-11-07T13:39:10","slug":"michele-mari-eloquenza-e-letterarieta-nelliliade-di-vincenzo-monti","status":"publish","type":"product","link":"https:\/\/www.ledizioni.it\/en\/product\/michele-mari-eloquenza-e-letterarieta-nelliliade-di-vincenzo-monti\/","title":{"rendered":"ELOQUENZA E LETTERARIET\u00c0 NELL&#8217;ILIADE DI VINCENZO MONTI"},"content":{"rendered":"<p style=\"text-align: justify;\">\u00abChi si ponesse a cercare questa traduzione del Monti, con intendimento di conoscere dove sia dissimile dall\u2019originale, lontano, a nostro credere, dal trovare che scarna ella sia, vorrebbe anzi dire che talvolta \u00e8 concitata pi\u00f9 che la pacatissima poesia omerica. Il quale aggiungimento di energia&#8230; non \u00e8 v\u00f4to frastuono, ma impeto di un animo passionato che detta secondo sua tempra\u00bb: cos\u00ec scriveva Giovita Scalvini pochi anni dopo la prima edizione dell\u2019Iliade montiana.<br \/>\nConcorde nel considerare la \u00abbella infedele\u00bb del Monti come un\u2019opera originale (se non addirittura, paradossalmente, come la pi\u00f9 originale del poeta) caratterizzata da un\u2019eccezionale unit\u00e0 di tono, la critica si \u00e8 poi trovata divisa nella definizione di quest\u2019ultimo. Articolandosi in tre distinte sezioni, il presente studio intende appunto contribuire ad individuare il \u00abtono\u00bb del capolavoro montiano, troppo sbrigativamente archiviato sotto la formula della \u00abgrazia neoclassica\u00bb o viceversa svalutato in quanto pu\u00f2 avere di barocco e di \u00abscenografico\u00bb.<br \/>\nL\u2019illustrazione, attraverso i documenti, del concetto che il Monti si form\u00f2 di Omero nell\u2019arco della propria vita consente di comprendere meglio la disposizione con cui egli si accostava alla favola iliaca, mostrando come la sua lettura \u00abnapoleonica\u00bb del poema fosse gi\u00e0 tutta in nuce nelle vivacissime pagine giovanili degli anni romani.<br \/>\nLa rassegna delle figure retoriche impiegate dal traduttore, nel tentativo di rendere ragione in concreto della compiutezza formale della versione, vuole persuadere del suo carattere oratorio, e sovente assai poco \u00abneoclassico\u00bb.<br \/>\nL\u2019ultimo capitolo infine, focalizzandosi sul settore paradigmatico del trattamento degli epiteti omerici, interpreta l\u2019Iliade montiana come un adattamento del poema greco ai modi illustri di quella tradizione linguistica e letteraria italiana cui il poeta am\u00f2 conformarsi come nessun altro scrittore contemporaneo.<\/p>\n<h3><span style=\"color: #000000;\"><strong>DATI BIBLIOGRAFICI<\/strong><br \/>\n<\/span><\/h3>\n<p>Autore: Michele Mari<br \/>\nEditore: Ledizioni<br \/>\nCollana: <a href=\"http:\/\/www.ledizioni.it\/en\/sito\/collane\/letteratura\/letteraria-reprint\/\">Letteraria Reprint<\/a><br \/>\nFormato: Brossura<br \/>\nPubblicato in: Maggio 2012<br \/>\nISBN cartaceo: 9788895994802<br \/>\nPrezzo cartaceo: 18,00 \u20ac<\/p>\n<p><a href=\"http:\/\/www.mondadoristore.it\/Eloquenza-letterarieta-Michele-Mari\/eai978889599480\/\" target=\"_blank\" rel=\"noopener\"><img decoding=\"async\" class=\"alignnone size-full wp-image-14398 aligncenter\" src=\"http:\/\/www.ledizioni.it\/stag\/wp-content\/uploads\/2012\/06\/red-podok.jpg\" alt=\"Pod MondadoriStore\" width=\"200\" height=\"82\" \/><\/a><\/p>","protected":false},"excerpt":{"rendered":"<p>\u00abChi si ponesse a cercare questa traduzione del Monti, con intendimento di conoscere dove sia dissimile dall\u2019originale, lontano, a nostro<\/p>","protected":false},"featured_media":6629,"comment_status":"open","ping_status":"closed","template":"","meta":{"_acf_changed":false},"product_brand":[],"product_cat":[555],"product_tag":[],"class_list":{"0":"post-6628","1":"product","2":"type-product","3":"status-publish","4":"has-post-thumbnail","6":"product_cat-letteraria-reprints","7":"pa_formato-cartaceo","8":"pa_lingua-italiano","10":"first","11":"instock","12":"shipping-taxable","13":"purchasable","14":"product-type-simple"},"acf":[],"yoast_head":"<!-- This site is optimized with the Yoast SEO plugin v27.4 - https:\/\/yoast.com\/product\/yoast-seo-wordpress\/ -->\n<title>ELOQUENZA E LETTERARIET\u00c0 NELL&#039;ILIADE DI VINCENZO MONTI -<\/title>\n<meta name=\"description\" content=\"Ledizioni - Innovative Publishing. Casa editrice universitaria. Open Access. eBook, ePub. Creative Commons.\" \/>\n<meta name=\"robots\" content=\"index, follow, max-snippet:-1, max-image-preview:large, max-video-preview:-1\" \/>\n<link rel=\"canonical\" href=\"https:\/\/www.ledizioni.it\/en\/product\/michele-mari-eloquenza-e-letterarieta-nelliliade-di-vincenzo-monti\/\" \/>\n<meta property=\"og:locale\" content=\"en_GB\" \/>\n<meta property=\"og:type\" content=\"article\" \/>\n<meta property=\"og:title\" content=\"ELOQUENZA E LETTERARIET\u00c0 NELL&#039;ILIADE DI VINCENZO MONTI -\" \/>\n<meta property=\"og:description\" content=\"Ledizioni - Innovative Publishing. Casa editrice universitaria. Open Access. eBook, ePub. Creative Commons.\" \/>\n<meta property=\"og:url\" content=\"https:\/\/www.ledizioni.it\/en\/product\/michele-mari-eloquenza-e-letterarieta-nelliliade-di-vincenzo-monti\/\" \/>\n<meta property=\"og:site_name\" content=\"Ledizioni\" \/>\n<meta property=\"article:publisher\" content=\"https:\/\/www.facebook.com\/pages\/Ledizioni-LediPublishing\/109120559173329\" \/>\n<meta property=\"article:modified_time\" content=\"2018-11-07T13:39:10+00:00\" \/>\n<meta property=\"og:image\" content=\"https:\/\/www.ledizioni.it\/stag\/wp-content\/uploads\/2013\/07\/copertina.mari_.3d-795x1024.jpg\" \/>\n\t<meta property=\"og:image:width\" content=\"795\" \/>\n\t<meta property=\"og:image:height\" content=\"1024\" \/>\n\t<meta property=\"og:image:type\" content=\"image\/jpeg\" \/>\n<meta name=\"twitter:card\" content=\"summary_large_image\" \/>\n<meta name=\"twitter:site\" content=\"@ledizioni\" \/>\n<meta name=\"twitter:label1\" content=\"Estimated reading time\" \/>\n\t<meta name=\"twitter:data1\" content=\"1 minute\" \/>\n<script type=\"application\/ld+json\" class=\"yoast-schema-graph\">{\"@context\":\"https:\\\/\\\/schema.org\",\"@graph\":[{\"@type\":\"WebPage\",\"@id\":\"https:\\\/\\\/www.ledizioni.it\\\/prodotto\\\/michele-mari-eloquenza-e-letterarieta-nelliliade-di-vincenzo-monti\\\/\",\"url\":\"https:\\\/\\\/www.ledizioni.it\\\/prodotto\\\/michele-mari-eloquenza-e-letterarieta-nelliliade-di-vincenzo-monti\\\/\",\"name\":\"ELOQUENZA E LETTERARIET\u00c0 NELL'ILIADE DI VINCENZO MONTI -\",\"isPartOf\":{\"@id\":\"https:\\\/\\\/www.ledizioni.it\\\/#website\"},\"primaryImageOfPage\":{\"@id\":\"https:\\\/\\\/www.ledizioni.it\\\/prodotto\\\/michele-mari-eloquenza-e-letterarieta-nelliliade-di-vincenzo-monti\\\/#primaryimage\"},\"image\":{\"@id\":\"https:\\\/\\\/www.ledizioni.it\\\/prodotto\\\/michele-mari-eloquenza-e-letterarieta-nelliliade-di-vincenzo-monti\\\/#primaryimage\"},\"thumbnailUrl\":\"https:\\\/\\\/www.ledizioni.it\\\/stag\\\/wp-content\\\/uploads\\\/2013\\\/07\\\/copertina.mari_.3d-795x1024.jpg\",\"datePublished\":\"2013-07-23T17:59:11+00:00\",\"dateModified\":\"2018-11-07T13:39:10+00:00\",\"description\":\"Ledizioni - Innovative Publishing. Casa editrice universitaria. Open Access. eBook, ePub. Creative Commons.\",\"breadcrumb\":{\"@id\":\"https:\\\/\\\/www.ledizioni.it\\\/prodotto\\\/michele-mari-eloquenza-e-letterarieta-nelliliade-di-vincenzo-monti\\\/#breadcrumb\"},\"inLanguage\":\"en-GB\",\"potentialAction\":[{\"@type\":\"ReadAction\",\"target\":[\"https:\\\/\\\/www.ledizioni.it\\\/prodotto\\\/michele-mari-eloquenza-e-letterarieta-nelliliade-di-vincenzo-monti\\\/\"]}]},{\"@type\":\"ImageObject\",\"inLanguage\":\"en-GB\",\"@id\":\"https:\\\/\\\/www.ledizioni.it\\\/prodotto\\\/michele-mari-eloquenza-e-letterarieta-nelliliade-di-vincenzo-monti\\\/#primaryimage\",\"url\":\"https:\\\/\\\/www.ledizioni.it\\\/stag\\\/wp-content\\\/uploads\\\/2013\\\/07\\\/copertina.mari_.3d-795x1024.jpg\",\"contentUrl\":\"https:\\\/\\\/www.ledizioni.it\\\/stag\\\/wp-content\\\/uploads\\\/2013\\\/07\\\/copertina.mari_.3d-795x1024.jpg\",\"width\":795,\"height\":1024},{\"@type\":\"BreadcrumbList\",\"@id\":\"https:\\\/\\\/www.ledizioni.it\\\/prodotto\\\/michele-mari-eloquenza-e-letterarieta-nelliliade-di-vincenzo-monti\\\/#breadcrumb\",\"itemListElement\":[{\"@type\":\"ListItem\",\"position\":1,\"name\":\"Shop\",\"item\":\"https:\\\/\\\/www.ledizioni.it\\\/shop-2\\\/\"},{\"@type\":\"ListItem\",\"position\":2,\"name\":\"ELOQUENZA E LETTERARIET\u00c0 NELL&#8217;ILIADE DI VINCENZO MONTI\"}]},{\"@type\":\"WebSite\",\"@id\":\"https:\\\/\\\/www.ledizioni.it\\\/#website\",\"url\":\"https:\\\/\\\/www.ledizioni.it\\\/\",\"name\":\"Ledizioni\",\"description\":\"The Innovative LediPublishing Company - Casa Editrice Universitaria\",\"publisher\":{\"@id\":\"https:\\\/\\\/www.ledizioni.it\\\/#organization\"},\"potentialAction\":[{\"@type\":\"SearchAction\",\"target\":{\"@type\":\"EntryPoint\",\"urlTemplate\":\"https:\\\/\\\/www.ledizioni.it\\\/?s={search_term_string}\"},\"query-input\":{\"@type\":\"PropertyValueSpecification\",\"valueRequired\":true,\"valueName\":\"search_term_string\"}}],\"inLanguage\":\"en-GB\"},{\"@type\":\"Organization\",\"@id\":\"https:\\\/\\\/www.ledizioni.it\\\/#organization\",\"name\":\"Ledizioni\",\"url\":\"https:\\\/\\\/www.ledizioni.it\\\/\",\"logo\":{\"@type\":\"ImageObject\",\"inLanguage\":\"en-GB\",\"@id\":\"https:\\\/\\\/www.ledizioni.it\\\/#\\\/schema\\\/logo\\\/image\\\/\",\"url\":\"https:\\\/\\\/www.ledizioni.it\\\/stag\\\/wp-content\\\/uploads\\\/2023\\\/10\\\/newlogoledizioni500x110_2-1.jpg\",\"contentUrl\":\"https:\\\/\\\/www.ledizioni.it\\\/stag\\\/wp-content\\\/uploads\\\/2023\\\/10\\\/newlogoledizioni500x110_2-1.jpg\",\"width\":354,\"height\":87,\"caption\":\"Ledizioni\"},\"image\":{\"@id\":\"https:\\\/\\\/www.ledizioni.it\\\/#\\\/schema\\\/logo\\\/image\\\/\"},\"sameAs\":[\"https:\\\/\\\/www.facebook.com\\\/pages\\\/Ledizioni-LediPublishing\\\/109120559173329\",\"https:\\\/\\\/x.com\\\/ledizioni\"]}]}<\/script>\n<!-- \/ Yoast SEO plugin. -->","yoast_head_json":{"title":"ELOQUENZA E LETTERARIET\u00c0 NELL'ILIADE DI VINCENZO MONTI -","description":"Ledizioni - Innovative Publishing. Casa editrice universitaria. Open Access. eBook, ePub. Creative Commons.","robots":{"index":"index","follow":"follow","max-snippet":"max-snippet:-1","max-image-preview":"max-image-preview:large","max-video-preview":"max-video-preview:-1"},"canonical":"https:\/\/www.ledizioni.it\/en\/product\/michele-mari-eloquenza-e-letterarieta-nelliliade-di-vincenzo-monti\/","og_locale":"en_GB","og_type":"article","og_title":"ELOQUENZA E LETTERARIET\u00c0 NELL'ILIADE DI VINCENZO MONTI -","og_description":"Ledizioni - Innovative Publishing. Casa editrice universitaria. Open Access. eBook, ePub. Creative Commons.","og_url":"https:\/\/www.ledizioni.it\/en\/product\/michele-mari-eloquenza-e-letterarieta-nelliliade-di-vincenzo-monti\/","og_site_name":"Ledizioni","article_publisher":"https:\/\/www.facebook.com\/pages\/Ledizioni-LediPublishing\/109120559173329","article_modified_time":"2018-11-07T13:39:10+00:00","og_image":[{"width":795,"height":1024,"url":"https:\/\/www.ledizioni.it\/stag\/wp-content\/uploads\/2013\/07\/copertina.mari_.3d-795x1024.jpg","type":"image\/jpeg"}],"twitter_card":"summary_large_image","twitter_site":"@ledizioni","twitter_misc":{"Estimated reading time":"1 minute"},"schema":{"@context":"https:\/\/schema.org","@graph":[{"@type":"WebPage","@id":"https:\/\/www.ledizioni.it\/prodotto\/michele-mari-eloquenza-e-letterarieta-nelliliade-di-vincenzo-monti\/","url":"https:\/\/www.ledizioni.it\/prodotto\/michele-mari-eloquenza-e-letterarieta-nelliliade-di-vincenzo-monti\/","name":"ELOQUENZA E LETTERARIET\u00c0 NELL'ILIADE DI VINCENZO MONTI -","isPartOf":{"@id":"https:\/\/www.ledizioni.it\/#website"},"primaryImageOfPage":{"@id":"https:\/\/www.ledizioni.it\/prodotto\/michele-mari-eloquenza-e-letterarieta-nelliliade-di-vincenzo-monti\/#primaryimage"},"image":{"@id":"https:\/\/www.ledizioni.it\/prodotto\/michele-mari-eloquenza-e-letterarieta-nelliliade-di-vincenzo-monti\/#primaryimage"},"thumbnailUrl":"https:\/\/www.ledizioni.it\/stag\/wp-content\/uploads\/2013\/07\/copertina.mari_.3d-795x1024.jpg","datePublished":"2013-07-23T17:59:11+00:00","dateModified":"2018-11-07T13:39:10+00:00","description":"Ledizioni - Innovative Publishing. Casa editrice universitaria. Open Access. eBook, ePub. Creative Commons.","breadcrumb":{"@id":"https:\/\/www.ledizioni.it\/prodotto\/michele-mari-eloquenza-e-letterarieta-nelliliade-di-vincenzo-monti\/#breadcrumb"},"inLanguage":"en-GB","potentialAction":[{"@type":"ReadAction","target":["https:\/\/www.ledizioni.it\/prodotto\/michele-mari-eloquenza-e-letterarieta-nelliliade-di-vincenzo-monti\/"]}]},{"@type":"ImageObject","inLanguage":"en-GB","@id":"https:\/\/www.ledizioni.it\/prodotto\/michele-mari-eloquenza-e-letterarieta-nelliliade-di-vincenzo-monti\/#primaryimage","url":"https:\/\/www.ledizioni.it\/stag\/wp-content\/uploads\/2013\/07\/copertina.mari_.3d-795x1024.jpg","contentUrl":"https:\/\/www.ledizioni.it\/stag\/wp-content\/uploads\/2013\/07\/copertina.mari_.3d-795x1024.jpg","width":795,"height":1024},{"@type":"BreadcrumbList","@id":"https:\/\/www.ledizioni.it\/prodotto\/michele-mari-eloquenza-e-letterarieta-nelliliade-di-vincenzo-monti\/#breadcrumb","itemListElement":[{"@type":"ListItem","position":1,"name":"Shop","item":"https:\/\/www.ledizioni.it\/shop-2\/"},{"@type":"ListItem","position":2,"name":"ELOQUENZA E LETTERARIET\u00c0 NELL&#8217;ILIADE DI VINCENZO MONTI"}]},{"@type":"WebSite","@id":"https:\/\/www.ledizioni.it\/#website","url":"https:\/\/www.ledizioni.it\/","name":"Ledizioni","description":"The Innovative LediPublishing Company - Casa Editrice Universitaria","publisher":{"@id":"https:\/\/www.ledizioni.it\/#organization"},"potentialAction":[{"@type":"SearchAction","target":{"@type":"EntryPoint","urlTemplate":"https:\/\/www.ledizioni.it\/?s={search_term_string}"},"query-input":{"@type":"PropertyValueSpecification","valueRequired":true,"valueName":"search_term_string"}}],"inLanguage":"en-GB"},{"@type":"Organization","@id":"https:\/\/www.ledizioni.it\/#organization","name":"Ledizioni","url":"https:\/\/www.ledizioni.it\/","logo":{"@type":"ImageObject","inLanguage":"en-GB","@id":"https:\/\/www.ledizioni.it\/#\/schema\/logo\/image\/","url":"https:\/\/www.ledizioni.it\/stag\/wp-content\/uploads\/2023\/10\/newlogoledizioni500x110_2-1.jpg","contentUrl":"https:\/\/www.ledizioni.it\/stag\/wp-content\/uploads\/2023\/10\/newlogoledizioni500x110_2-1.jpg","width":354,"height":87,"caption":"Ledizioni"},"image":{"@id":"https:\/\/www.ledizioni.it\/#\/schema\/logo\/image\/"},"sameAs":["https:\/\/www.facebook.com\/pages\/Ledizioni-LediPublishing\/109120559173329","https:\/\/x.com\/ledizioni"]}]}},"jetpack_sharing_enabled":true,"_links":{"self":[{"href":"https:\/\/www.ledizioni.it\/en\/wp-json\/wp\/v2\/product\/6628","targetHints":{"allow":["GET"]}}],"collection":[{"href":"https:\/\/www.ledizioni.it\/en\/wp-json\/wp\/v2\/product"}],"about":[{"href":"https:\/\/www.ledizioni.it\/en\/wp-json\/wp\/v2\/types\/product"}],"replies":[{"embeddable":true,"href":"https:\/\/www.ledizioni.it\/en\/wp-json\/wp\/v2\/comments?post=6628"}],"version-history":[{"count":1,"href":"https:\/\/www.ledizioni.it\/en\/wp-json\/wp\/v2\/product\/6628\/revisions"}],"predecessor-version":[{"id":7120,"href":"https:\/\/www.ledizioni.it\/en\/wp-json\/wp\/v2\/product\/6628\/revisions\/7120"}],"wp:featuredmedia":[{"embeddable":true,"href":"https:\/\/www.ledizioni.it\/en\/wp-json\/wp\/v2\/media\/6629"}],"wp:attachment":[{"href":"https:\/\/www.ledizioni.it\/en\/wp-json\/wp\/v2\/media?parent=6628"}],"wp:term":[{"taxonomy":"product_brand","embeddable":true,"href":"https:\/\/www.ledizioni.it\/en\/wp-json\/wp\/v2\/product_brand?post=6628"},{"taxonomy":"product_cat","embeddable":true,"href":"https:\/\/www.ledizioni.it\/en\/wp-json\/wp\/v2\/product_cat?post=6628"},{"taxonomy":"product_tag","embeddable":true,"href":"https:\/\/www.ledizioni.it\/en\/wp-json\/wp\/v2\/product_tag?post=6628"}],"curies":[{"name":"wp","href":"https:\/\/api.w.org\/{rel}","templated":true}]}}