{"id":6630,"date":"2012-03-25T18:00:33","date_gmt":"2012-03-25T16:00:33","guid":{"rendered":"http:\/\/www.ledizioni.it\/stag\/?post_type=product&#038;p=6630"},"modified":"2021-06-21T17:30:56","modified_gmt":"2021-06-21T15:30:56","slug":"luciano-villani-le-borgate-del-fascismo-cartaceo","status":"publish","type":"product","link":"https:\/\/www.ledizioni.it\/en\/product\/luciano-villani-le-borgate-del-fascismo-cartaceo\/","title":{"rendered":"LE BORGATE DEL FASCISMO"},"content":{"rendered":"<p style=\"text-align: justify;\">Le borgate nate in epoca fascista rappresentano una pagina fondamentale della storia di Roma contemporanea. Additate come i luoghi pi\u00f9 malfamati della citt\u00e0, specchio dei suoi contrasti socio-economici e urbanistici, in esse pu\u00f2 riassumersi il modo disordinato in cui la capitale \u00e8 cresciuta e si \u00e8 sviluppata. Avamposti dell\u2019espansione edilizia del secondo dopoguerra, le borgate hanno costituito il luogo d\u2019approdo per migliaia di famiglie dalle molteplici provenienze. Argomento fino a oggi poco dissodato, il processo di popolamento della periferia romana \u00e8 affrontato in questo libro per mezzo di nuove fonti archivistiche, con cui \u00e8 stato possibile verificare ipotesi di studio di recente acquisizione. Sullo sfondo, la storia del pi\u00f9 importante Istituto di case popolari italiano svoltasi durante il ventennio, un periodo nel quale l\u2019ente, fiancheggiatore delle politiche urbanistiche e abitative del fascismo per la capitale e, seppur a fasi alterne, organo edilizio del Governatorato, fu impegnato nella costruzione di intere parti di citt\u00e0 e in quella di un vasto esperimento pedagogico di educazione fascista nei suoi caseggiati, contribuendo anch\u2019esso all\u2019instaurazione di un sistema dalle caratteristiche totalitarie.<\/p>\n<h3><strong><span style=\"color: #000000;\">DATI BIBLIOGRAFICI<\/span><\/strong><\/h3>\n<p>Autore: Luciano Villani<br \/>\nEditore: Ledizioni<br \/>\nCollana: <a title=\"Editoria Presente e futuro\" href=\"https:\/\/www.ledizioni.it\/en\/product-category\/history\/studi-storici-2\/\">Dipartimento di Studi Storici dell&#8217;Universit\u00e0 di Torino<br \/>\n<\/a> Formato: Brossura, 380 p. &#8211; PDF in Open Access &#8211; ePub<a href=\"http:\/\/www.ledizioni.it\/en\/2011\/05\/genius_02-ebook\/\"><br \/>\n<\/a> Pubblicato in: Maggio 2012<br \/>\nISBN cartaceo: 9788867050147<br \/>\nISBN ePub: 9788867050161<br \/>\nPrezzo cartaceo: 28\u20ac<br \/>\nPrezzo ePub: 11,99 \u20ac<\/p>\n<p style=\"text-align: justify;\">[amazon_link asins=&#8217;8867050141&#8242; template=&#8217;PriceLink1&#8242; store=&#8217;ledizioni-21&#8242; marketplace=&#8217;IT&#8217; link_id=&#8217;56680d0a-dc64-11e8-bd6b-b5a6f2f070df&#8217;]<\/p>\n<p><a href=\"http:\/\/www.mondadoristore.it\/borgate-fascismo-Storia-Luciano-Villani\/eai978886705014\/?sessionToken=8AxMuHjbOCsWzK4n4yin1N131VP5NFCD\" target=\"_blank\" rel=\"noopener\"><img decoding=\"async\" class=\"alignnone size-full wp-image-14398 aligncenter\" src=\"http:\/\/www.ledizioni.it\/stag\/wp-content\/uploads\/2012\/06\/red-podok.jpg\" alt=\"Pod MondadoriStore\" width=\"200\" height=\"82\" \/><\/a><\/p>\n<p><a href=\"https:\/\/www.torrossa.com\/it\/resources\/an\/3038896\"><img decoding=\"async\" class=\"aligncenter wp-image-23912\" src=\"https:\/\/www.ledizioni.it\/stag\/wp-content\/uploads\/2019\/07\/torrossa_web-150x80.jpg\" alt=\"\" width=\"200\" height=\"60\" \/><\/a><\/p>","protected":false},"excerpt":{"rendered":"<p>Le borgate nate in epoca fascista rappresentano una pagina fondamentale della storia di Roma contemporanea. Additate come i luoghi pi\u00f9<\/p>","protected":false},"featured_media":6631,"comment_status":"open","ping_status":"closed","template":"","meta":{"_acf_changed":false},"product_brand":[],"product_cat":[549],"product_tag":[1410,557,764,2161,1189,539,734,828],"class_list":{"0":"post-6630","1":"product","2":"type-product","3":"status-publish","4":"has-post-thumbnail","6":"product_cat-studi-storici-2","7":"product_tag-architettura","8":"product_tag-fascismo-2","9":"product_tag-open-access-2","10":"product_tag-periferie","11":"product_tag-risorse-didattiche-gratuite","12":"product_tag-storia-locale","13":"product_tag-storia-sociale","14":"product_tag-citta-2","15":"pa_accesso-open-access","16":"pa_accesso-pagamento","17":"pa_formato-cartaceo","18":"pa_formato-ebook-in-epub","19":"pa_formato-ebook-in-pdf","20":"pa_lingua-italiano","22":"first","23":"instock","24":"shipping-taxable","25":"purchasable","26":"product-type-variable"},"acf":[],"yoast_head":"<!-- This site is optimized with the Yoast SEO plugin v27.4 - https:\/\/yoast.com\/product\/yoast-seo-wordpress\/ -->\n<title>LE BORGATE DEL FASCISMO -<\/title>\n<meta name=\"description\" content=\"Le borgate del Fascismo rappresentano una pagina fondamentale della storia di Roma. In esse pu\u00f2 riassumersi il modo in cui la capitale \u00e8 cresciuta.\" \/>\n<meta name=\"robots\" content=\"index, follow, max-snippet:-1, max-image-preview:large, max-video-preview:-1\" \/>\n<link rel=\"canonical\" href=\"https:\/\/www.ledizioni.it\/en\/product\/luciano-villani-le-borgate-del-fascismo-cartaceo\/\" \/>\n<meta property=\"og:locale\" content=\"en_GB\" \/>\n<meta property=\"og:type\" content=\"article\" \/>\n<meta property=\"og:title\" content=\"LE BORGATE DEL FASCISMO -\" \/>\n<meta property=\"og:description\" content=\"Le borgate del Fascismo rappresentano una pagina fondamentale della storia di Roma. In esse pu\u00f2 riassumersi il modo in cui la capitale \u00e8 cresciuta.\" \/>\n<meta property=\"og:url\" content=\"https:\/\/www.ledizioni.it\/en\/product\/luciano-villani-le-borgate-del-fascismo-cartaceo\/\" \/>\n<meta property=\"og:site_name\" content=\"Ledizioni\" \/>\n<meta property=\"article:publisher\" content=\"https:\/\/www.facebook.com\/pages\/Ledizioni-LediPublishing\/109120559173329\" \/>\n<meta property=\"article:modified_time\" content=\"2021-06-21T15:30:56+00:00\" \/>\n<meta property=\"og:image\" content=\"https:\/\/www.ledizioni.it\/stag\/wp-content\/uploads\/2013\/07\/3dcopertina.villani7501-1.jpg\" \/>\n\t<meta property=\"og:image:width\" content=\"602\" \/>\n\t<meta property=\"og:image:height\" content=\"811\" \/>\n\t<meta property=\"og:image:type\" content=\"image\/jpeg\" \/>\n<meta name=\"twitter:card\" content=\"summary_large_image\" \/>\n<meta name=\"twitter:site\" content=\"@ledizioni\" \/>\n<meta name=\"twitter:label1\" content=\"Estimated reading time\" \/>\n\t<meta name=\"twitter:data1\" content=\"1 minute\" \/>\n<script type=\"application\/ld+json\" class=\"yoast-schema-graph\">{\"@context\":\"https:\\\/\\\/schema.org\",\"@graph\":[{\"@type\":\"WebPage\",\"@id\":\"https:\\\/\\\/www.ledizioni.it\\\/prodotto\\\/luciano-villani-le-borgate-del-fascismo-cartaceo\\\/\",\"url\":\"https:\\\/\\\/www.ledizioni.it\\\/prodotto\\\/luciano-villani-le-borgate-del-fascismo-cartaceo\\\/\",\"name\":\"LE BORGATE DEL FASCISMO -\",\"isPartOf\":{\"@id\":\"https:\\\/\\\/www.ledizioni.it\\\/#website\"},\"primaryImageOfPage\":{\"@id\":\"https:\\\/\\\/www.ledizioni.it\\\/prodotto\\\/luciano-villani-le-borgate-del-fascismo-cartaceo\\\/#primaryimage\"},\"image\":{\"@id\":\"https:\\\/\\\/www.ledizioni.it\\\/prodotto\\\/luciano-villani-le-borgate-del-fascismo-cartaceo\\\/#primaryimage\"},\"thumbnailUrl\":\"https:\\\/\\\/www.ledizioni.it\\\/stag\\\/wp-content\\\/uploads\\\/2013\\\/07\\\/3dcopertina.villani7501-1.jpg\",\"datePublished\":\"2012-03-25T16:00:33+00:00\",\"dateModified\":\"2021-06-21T15:30:56+00:00\",\"description\":\"Le borgate del Fascismo rappresentano una pagina fondamentale della storia di Roma. In esse pu\u00f2 riassumersi il modo in cui la capitale \u00e8 cresciuta.\",\"breadcrumb\":{\"@id\":\"https:\\\/\\\/www.ledizioni.it\\\/prodotto\\\/luciano-villani-le-borgate-del-fascismo-cartaceo\\\/#breadcrumb\"},\"inLanguage\":\"en-GB\",\"potentialAction\":[{\"@type\":\"ReadAction\",\"target\":[\"https:\\\/\\\/www.ledizioni.it\\\/prodotto\\\/luciano-villani-le-borgate-del-fascismo-cartaceo\\\/\"]}]},{\"@type\":\"ImageObject\",\"inLanguage\":\"en-GB\",\"@id\":\"https:\\\/\\\/www.ledizioni.it\\\/prodotto\\\/luciano-villani-le-borgate-del-fascismo-cartaceo\\\/#primaryimage\",\"url\":\"https:\\\/\\\/www.ledizioni.it\\\/stag\\\/wp-content\\\/uploads\\\/2013\\\/07\\\/3dcopertina.villani7501-1.jpg\",\"contentUrl\":\"https:\\\/\\\/www.ledizioni.it\\\/stag\\\/wp-content\\\/uploads\\\/2013\\\/07\\\/3dcopertina.villani7501-1.jpg\",\"width\":602,\"height\":811},{\"@type\":\"BreadcrumbList\",\"@id\":\"https:\\\/\\\/www.ledizioni.it\\\/prodotto\\\/luciano-villani-le-borgate-del-fascismo-cartaceo\\\/#breadcrumb\",\"itemListElement\":[{\"@type\":\"ListItem\",\"position\":1,\"name\":\"Shop\",\"item\":\"https:\\\/\\\/www.ledizioni.it\\\/shop-2\\\/\"},{\"@type\":\"ListItem\",\"position\":2,\"name\":\"LE BORGATE DEL FASCISMO\"}]},{\"@type\":\"WebSite\",\"@id\":\"https:\\\/\\\/www.ledizioni.it\\\/#website\",\"url\":\"https:\\\/\\\/www.ledizioni.it\\\/\",\"name\":\"Ledizioni\",\"description\":\"The Innovative LediPublishing Company - Casa Editrice Universitaria\",\"publisher\":{\"@id\":\"https:\\\/\\\/www.ledizioni.it\\\/#organization\"},\"potentialAction\":[{\"@type\":\"SearchAction\",\"target\":{\"@type\":\"EntryPoint\",\"urlTemplate\":\"https:\\\/\\\/www.ledizioni.it\\\/?s={search_term_string}\"},\"query-input\":{\"@type\":\"PropertyValueSpecification\",\"valueRequired\":true,\"valueName\":\"search_term_string\"}}],\"inLanguage\":\"en-GB\"},{\"@type\":\"Organization\",\"@id\":\"https:\\\/\\\/www.ledizioni.it\\\/#organization\",\"name\":\"Ledizioni\",\"url\":\"https:\\\/\\\/www.ledizioni.it\\\/\",\"logo\":{\"@type\":\"ImageObject\",\"inLanguage\":\"en-GB\",\"@id\":\"https:\\\/\\\/www.ledizioni.it\\\/#\\\/schema\\\/logo\\\/image\\\/\",\"url\":\"https:\\\/\\\/www.ledizioni.it\\\/stag\\\/wp-content\\\/uploads\\\/2023\\\/10\\\/newlogoledizioni500x110_2-1.jpg\",\"contentUrl\":\"https:\\\/\\\/www.ledizioni.it\\\/stag\\\/wp-content\\\/uploads\\\/2023\\\/10\\\/newlogoledizioni500x110_2-1.jpg\",\"width\":354,\"height\":87,\"caption\":\"Ledizioni\"},\"image\":{\"@id\":\"https:\\\/\\\/www.ledizioni.it\\\/#\\\/schema\\\/logo\\\/image\\\/\"},\"sameAs\":[\"https:\\\/\\\/www.facebook.com\\\/pages\\\/Ledizioni-LediPublishing\\\/109120559173329\",\"https:\\\/\\\/x.com\\\/ledizioni\"]}]}<\/script>\n<!-- \/ Yoast SEO plugin. -->","yoast_head_json":{"title":"LE BORGATE DEL FASCISMO -","description":"Le borgate del Fascismo rappresentano una pagina fondamentale della storia di Roma. In esse pu\u00f2 riassumersi il modo in cui la capitale \u00e8 cresciuta.","robots":{"index":"index","follow":"follow","max-snippet":"max-snippet:-1","max-image-preview":"max-image-preview:large","max-video-preview":"max-video-preview:-1"},"canonical":"https:\/\/www.ledizioni.it\/en\/product\/luciano-villani-le-borgate-del-fascismo-cartaceo\/","og_locale":"en_GB","og_type":"article","og_title":"LE BORGATE DEL FASCISMO -","og_description":"Le borgate del Fascismo rappresentano una pagina fondamentale della storia di Roma. In esse pu\u00f2 riassumersi il modo in cui la capitale \u00e8 cresciuta.","og_url":"https:\/\/www.ledizioni.it\/en\/product\/luciano-villani-le-borgate-del-fascismo-cartaceo\/","og_site_name":"Ledizioni","article_publisher":"https:\/\/www.facebook.com\/pages\/Ledizioni-LediPublishing\/109120559173329","article_modified_time":"2021-06-21T15:30:56+00:00","og_image":[{"width":602,"height":811,"url":"https:\/\/www.ledizioni.it\/stag\/wp-content\/uploads\/2013\/07\/3dcopertina.villani7501-1.jpg","type":"image\/jpeg"}],"twitter_card":"summary_large_image","twitter_site":"@ledizioni","twitter_misc":{"Estimated reading time":"1 minute"},"schema":{"@context":"https:\/\/schema.org","@graph":[{"@type":"WebPage","@id":"https:\/\/www.ledizioni.it\/prodotto\/luciano-villani-le-borgate-del-fascismo-cartaceo\/","url":"https:\/\/www.ledizioni.it\/prodotto\/luciano-villani-le-borgate-del-fascismo-cartaceo\/","name":"LE BORGATE DEL FASCISMO -","isPartOf":{"@id":"https:\/\/www.ledizioni.it\/#website"},"primaryImageOfPage":{"@id":"https:\/\/www.ledizioni.it\/prodotto\/luciano-villani-le-borgate-del-fascismo-cartaceo\/#primaryimage"},"image":{"@id":"https:\/\/www.ledizioni.it\/prodotto\/luciano-villani-le-borgate-del-fascismo-cartaceo\/#primaryimage"},"thumbnailUrl":"https:\/\/www.ledizioni.it\/stag\/wp-content\/uploads\/2013\/07\/3dcopertina.villani7501-1.jpg","datePublished":"2012-03-25T16:00:33+00:00","dateModified":"2021-06-21T15:30:56+00:00","description":"Le borgate del Fascismo rappresentano una pagina fondamentale della storia di Roma. In esse pu\u00f2 riassumersi il modo in cui la capitale \u00e8 cresciuta.","breadcrumb":{"@id":"https:\/\/www.ledizioni.it\/prodotto\/luciano-villani-le-borgate-del-fascismo-cartaceo\/#breadcrumb"},"inLanguage":"en-GB","potentialAction":[{"@type":"ReadAction","target":["https:\/\/www.ledizioni.it\/prodotto\/luciano-villani-le-borgate-del-fascismo-cartaceo\/"]}]},{"@type":"ImageObject","inLanguage":"en-GB","@id":"https:\/\/www.ledizioni.it\/prodotto\/luciano-villani-le-borgate-del-fascismo-cartaceo\/#primaryimage","url":"https:\/\/www.ledizioni.it\/stag\/wp-content\/uploads\/2013\/07\/3dcopertina.villani7501-1.jpg","contentUrl":"https:\/\/www.ledizioni.it\/stag\/wp-content\/uploads\/2013\/07\/3dcopertina.villani7501-1.jpg","width":602,"height":811},{"@type":"BreadcrumbList","@id":"https:\/\/www.ledizioni.it\/prodotto\/luciano-villani-le-borgate-del-fascismo-cartaceo\/#breadcrumb","itemListElement":[{"@type":"ListItem","position":1,"name":"Shop","item":"https:\/\/www.ledizioni.it\/shop-2\/"},{"@type":"ListItem","position":2,"name":"LE BORGATE DEL FASCISMO"}]},{"@type":"WebSite","@id":"https:\/\/www.ledizioni.it\/#website","url":"https:\/\/www.ledizioni.it\/","name":"Ledizioni","description":"The Innovative LediPublishing Company - Casa Editrice Universitaria","publisher":{"@id":"https:\/\/www.ledizioni.it\/#organization"},"potentialAction":[{"@type":"SearchAction","target":{"@type":"EntryPoint","urlTemplate":"https:\/\/www.ledizioni.it\/?s={search_term_string}"},"query-input":{"@type":"PropertyValueSpecification","valueRequired":true,"valueName":"search_term_string"}}],"inLanguage":"en-GB"},{"@type":"Organization","@id":"https:\/\/www.ledizioni.it\/#organization","name":"Ledizioni","url":"https:\/\/www.ledizioni.it\/","logo":{"@type":"ImageObject","inLanguage":"en-GB","@id":"https:\/\/www.ledizioni.it\/#\/schema\/logo\/image\/","url":"https:\/\/www.ledizioni.it\/stag\/wp-content\/uploads\/2023\/10\/newlogoledizioni500x110_2-1.jpg","contentUrl":"https:\/\/www.ledizioni.it\/stag\/wp-content\/uploads\/2023\/10\/newlogoledizioni500x110_2-1.jpg","width":354,"height":87,"caption":"Ledizioni"},"image":{"@id":"https:\/\/www.ledizioni.it\/#\/schema\/logo\/image\/"},"sameAs":["https:\/\/www.facebook.com\/pages\/Ledizioni-LediPublishing\/109120559173329","https:\/\/x.com\/ledizioni"]}]}},"jetpack_sharing_enabled":true,"_links":{"self":[{"href":"https:\/\/www.ledizioni.it\/en\/wp-json\/wp\/v2\/product\/6630","targetHints":{"allow":["GET"]}}],"collection":[{"href":"https:\/\/www.ledizioni.it\/en\/wp-json\/wp\/v2\/product"}],"about":[{"href":"https:\/\/www.ledizioni.it\/en\/wp-json\/wp\/v2\/types\/product"}],"replies":[{"embeddable":true,"href":"https:\/\/www.ledizioni.it\/en\/wp-json\/wp\/v2\/comments?post=6630"}],"version-history":[{"count":1,"href":"https:\/\/www.ledizioni.it\/en\/wp-json\/wp\/v2\/product\/6630\/revisions"}],"predecessor-version":[{"id":33954,"href":"https:\/\/www.ledizioni.it\/en\/wp-json\/wp\/v2\/product\/6630\/revisions\/33954"}],"wp:featuredmedia":[{"embeddable":true,"href":"https:\/\/www.ledizioni.it\/en\/wp-json\/wp\/v2\/media\/6631"}],"wp:attachment":[{"href":"https:\/\/www.ledizioni.it\/en\/wp-json\/wp\/v2\/media?parent=6630"}],"wp:term":[{"taxonomy":"product_brand","embeddable":true,"href":"https:\/\/www.ledizioni.it\/en\/wp-json\/wp\/v2\/product_brand?post=6630"},{"taxonomy":"product_cat","embeddable":true,"href":"https:\/\/www.ledizioni.it\/en\/wp-json\/wp\/v2\/product_cat?post=6630"},{"taxonomy":"product_tag","embeddable":true,"href":"https:\/\/www.ledizioni.it\/en\/wp-json\/wp\/v2\/product_tag?post=6630"}],"curies":[{"name":"wp","href":"https:\/\/api.w.org\/{rel}","templated":true}]}}