{"id":6651,"date":"2010-03-01T02:42:04","date_gmt":"2010-03-01T02:42:04","guid":{"rendered":"http:\/\/www.ledizioni.it\/stag\/?post_type=product&#038;p=6651"},"modified":"2021-05-19T17:12:14","modified_gmt":"2021-05-19T15:12:14","slug":"anna-rita-calabro-il-vento-non-soffia-piu","status":"publish","type":"product","link":"https:\/\/www.ledizioni.it\/en\/product\/anna-rita-calabro-il-vento-non-soffia-piu\/","title":{"rendered":"IL VENTO NON SOFFIA PIU&#8217;"},"content":{"rendered":"<p style=\"text-align: justify;\">Protagonisti di fatti pi\u00f9 o meno gravi di cronaca nera, ma anche vittime di pregiudizi e di veri e propri episodi di razzismo, gli zingari rappesentano oggi una presenza scomoda, ma ormai stabile, nelle periferie delle pi\u00f9 grandi citt\u00e0 italiane. Una presenza che non pu\u00f2 essere n\u00e9 eliminata, n\u00e9 ignorata ma che occorre comprendere e considerare con tutti i problemi che essa comporta.<br \/>\nMa chi sono realmente gli zingari? Come vivono? Cosa pensano? E soprattutto perch\u00e9 sono e rimangono cos\u00ec estranei a noi? In questo libro sono gli stessi Rom, adulti, bambini, vecchi, a prendere in prima persona la parola per raccontare, in maniera spesso cruda e disincantata, la loro vita di tutti i giorni, la memoria del loro passato, i propri sentimenti e progetti. Ledizioni ripropone questo testo, gi\u00e0 edito da Marsilio nel 1992.<\/p>\n<h3><strong>DATI BIBLIOGRAFICI<\/strong><\/h3>\n<p>Autori: Anna Rita Calabr\u00f2<br \/>\nEditore: Ledizioni<br \/>\nCollana: <a title=\"Sociologica reprint\" href=\"https:\/\/www.ledizioni.it\/en\/product-category\/reprints\/sociologia-reprint\/\">Sociologica Reprint<\/a><br \/>\nFormato: Brossura<br \/>\nPubblicato in:\u00a0 Febbraio 2010<br \/>\nISBN: 9788895994161<br \/>\nPrezzo: 18,00 \u20ac (cartaceo) \/ 7,99 \u20ac (PDF)<\/p>\n<p><a href=\"http:\/\/www.mondadoristore.it\/vento-non-soffia-piu-zingari-Anna-Rita-Calabro\/eai978889599416\/?sessionToken=K4LBiMxpqv8A6Ibi8n03OybxWdxL0bw1\" target=\"_blank\" rel=\"noopener\"><img decoding=\"async\" class=\"alignnone size-full wp-image-14398 aligncenter\" src=\"http:\/\/www.ledizioni.it\/stag\/wp-content\/uploads\/2012\/06\/red-podok.jpg\" alt=\"Pod MondadoriStore\" width=\"200\" height=\"82\" \/><\/a><\/p>","protected":false},"excerpt":{"rendered":"<p>Protagonisti di fatti pi\u00f9 o meno gravi di cronaca nera, ma anche vittime di pregiudizi e di veri e propri<\/p>","protected":false},"featured_media":8604,"comment_status":"open","ping_status":"closed","template":"","meta":{"_acf_changed":false},"product_brand":[],"product_cat":[569],"product_tag":[1651,858,2207,828],"class_list":{"0":"post-6651","1":"product","2":"type-product","3":"status-publish","4":"has-post-thumbnail","6":"product_cat-sociologica-reprints","7":"product_tag-coesione-sociale","8":"product_tag-integrazione","9":"product_tag-razzismo","10":"product_tag-citta-2","11":"pa_formato-cartaceo","12":"pa_formato-ebook-in-pdf","13":"pa_lingua-italiano","15":"first","16":"instock","17":"shipping-taxable","18":"purchasable","19":"product-type-variable"},"acf":[],"yoast_head":"<!-- This site is optimized with the Yoast SEO plugin v27.4 - https:\/\/yoast.com\/product\/yoast-seo-wordpress\/ -->\n<title>IL VENTO NON SOFFIA PIU&#039; -<\/title>\n<meta name=\"description\" content=\"Chi sono realmente gli zingari? Perch\u00e9 ci sono estranei? In questo libro sono gli stessi Rom, adulti, bambini, vecchi, a prendere in prima persona la parola\" \/>\n<meta name=\"robots\" content=\"index, follow, max-snippet:-1, max-image-preview:large, max-video-preview:-1\" \/>\n<link rel=\"canonical\" href=\"https:\/\/www.ledizioni.it\/en\/product\/anna-rita-calabro-il-vento-non-soffia-piu\/\" \/>\n<meta property=\"og:locale\" content=\"en_GB\" \/>\n<meta property=\"og:type\" content=\"article\" \/>\n<meta property=\"og:title\" content=\"IL VENTO NON SOFFIA PIU&#039; -\" \/>\n<meta property=\"og:description\" content=\"Chi sono realmente gli zingari? Perch\u00e9 ci sono estranei? In questo libro sono gli stessi Rom, adulti, bambini, vecchi, a prendere in prima persona la parola\" \/>\n<meta property=\"og:url\" content=\"https:\/\/www.ledizioni.it\/en\/product\/anna-rita-calabro-il-vento-non-soffia-piu\/\" \/>\n<meta property=\"og:site_name\" content=\"Ledizioni\" \/>\n<meta property=\"article:publisher\" content=\"https:\/\/www.facebook.com\/pages\/Ledizioni-LediPublishing\/109120559173329\" \/>\n<meta property=\"article:modified_time\" content=\"2021-05-19T15:12:14+00:00\" \/>\n<meta property=\"og:image\" content=\"https:\/\/www.ledizioni.it\/stag\/wp-content\/uploads\/2010\/03\/3d.jpg\" \/>\n\t<meta property=\"og:image:width\" content=\"1553\" \/>\n\t<meta property=\"og:image:height\" content=\"2088\" \/>\n\t<meta property=\"og:image:type\" content=\"image\/jpeg\" \/>\n<meta name=\"twitter:card\" content=\"summary_large_image\" \/>\n<meta name=\"twitter:site\" content=\"@ledizioni\" \/>\n<meta name=\"twitter:label1\" content=\"Estimated reading time\" \/>\n\t<meta name=\"twitter:data1\" content=\"1 minute\" \/>\n<script type=\"application\/ld+json\" class=\"yoast-schema-graph\">{\"@context\":\"https:\\\/\\\/schema.org\",\"@graph\":[{\"@type\":\"WebPage\",\"@id\":\"https:\\\/\\\/www.ledizioni.it\\\/prodotto\\\/anna-rita-calabro-il-vento-non-soffia-piu\\\/\",\"url\":\"https:\\\/\\\/www.ledizioni.it\\\/prodotto\\\/anna-rita-calabro-il-vento-non-soffia-piu\\\/\",\"name\":\"IL VENTO NON SOFFIA PIU' -\",\"isPartOf\":{\"@id\":\"https:\\\/\\\/www.ledizioni.it\\\/#website\"},\"primaryImageOfPage\":{\"@id\":\"https:\\\/\\\/www.ledizioni.it\\\/prodotto\\\/anna-rita-calabro-il-vento-non-soffia-piu\\\/#primaryimage\"},\"image\":{\"@id\":\"https:\\\/\\\/www.ledizioni.it\\\/prodotto\\\/anna-rita-calabro-il-vento-non-soffia-piu\\\/#primaryimage\"},\"thumbnailUrl\":\"https:\\\/\\\/www.ledizioni.it\\\/stag\\\/wp-content\\\/uploads\\\/2010\\\/03\\\/3d.jpg\",\"datePublished\":\"2010-03-01T02:42:04+00:00\",\"dateModified\":\"2021-05-19T15:12:14+00:00\",\"description\":\"Chi sono realmente gli zingari? Perch\u00e9 ci sono estranei? In questo libro sono gli stessi Rom, adulti, bambini, vecchi, a prendere in prima persona la parola\",\"breadcrumb\":{\"@id\":\"https:\\\/\\\/www.ledizioni.it\\\/prodotto\\\/anna-rita-calabro-il-vento-non-soffia-piu\\\/#breadcrumb\"},\"inLanguage\":\"en-GB\",\"potentialAction\":[{\"@type\":\"ReadAction\",\"target\":[\"https:\\\/\\\/www.ledizioni.it\\\/prodotto\\\/anna-rita-calabro-il-vento-non-soffia-piu\\\/\"]}]},{\"@type\":\"ImageObject\",\"inLanguage\":\"en-GB\",\"@id\":\"https:\\\/\\\/www.ledizioni.it\\\/prodotto\\\/anna-rita-calabro-il-vento-non-soffia-piu\\\/#primaryimage\",\"url\":\"https:\\\/\\\/www.ledizioni.it\\\/stag\\\/wp-content\\\/uploads\\\/2010\\\/03\\\/3d.jpg\",\"contentUrl\":\"https:\\\/\\\/www.ledizioni.it\\\/stag\\\/wp-content\\\/uploads\\\/2010\\\/03\\\/3d.jpg\",\"width\":1553,\"height\":2088},{\"@type\":\"BreadcrumbList\",\"@id\":\"https:\\\/\\\/www.ledizioni.it\\\/prodotto\\\/anna-rita-calabro-il-vento-non-soffia-piu\\\/#breadcrumb\",\"itemListElement\":[{\"@type\":\"ListItem\",\"position\":1,\"name\":\"Shop\",\"item\":\"https:\\\/\\\/www.ledizioni.it\\\/shop-2\\\/\"},{\"@type\":\"ListItem\",\"position\":2,\"name\":\"IL VENTO NON SOFFIA PIU&#8217;\"}]},{\"@type\":\"WebSite\",\"@id\":\"https:\\\/\\\/www.ledizioni.it\\\/#website\",\"url\":\"https:\\\/\\\/www.ledizioni.it\\\/\",\"name\":\"Ledizioni\",\"description\":\"The Innovative LediPublishing Company - Casa Editrice Universitaria\",\"publisher\":{\"@id\":\"https:\\\/\\\/www.ledizioni.it\\\/#organization\"},\"potentialAction\":[{\"@type\":\"SearchAction\",\"target\":{\"@type\":\"EntryPoint\",\"urlTemplate\":\"https:\\\/\\\/www.ledizioni.it\\\/?s={search_term_string}\"},\"query-input\":{\"@type\":\"PropertyValueSpecification\",\"valueRequired\":true,\"valueName\":\"search_term_string\"}}],\"inLanguage\":\"en-GB\"},{\"@type\":\"Organization\",\"@id\":\"https:\\\/\\\/www.ledizioni.it\\\/#organization\",\"name\":\"Ledizioni\",\"url\":\"https:\\\/\\\/www.ledizioni.it\\\/\",\"logo\":{\"@type\":\"ImageObject\",\"inLanguage\":\"en-GB\",\"@id\":\"https:\\\/\\\/www.ledizioni.it\\\/#\\\/schema\\\/logo\\\/image\\\/\",\"url\":\"https:\\\/\\\/www.ledizioni.it\\\/stag\\\/wp-content\\\/uploads\\\/2023\\\/10\\\/newlogoledizioni500x110_2-1.jpg\",\"contentUrl\":\"https:\\\/\\\/www.ledizioni.it\\\/stag\\\/wp-content\\\/uploads\\\/2023\\\/10\\\/newlogoledizioni500x110_2-1.jpg\",\"width\":354,\"height\":87,\"caption\":\"Ledizioni\"},\"image\":{\"@id\":\"https:\\\/\\\/www.ledizioni.it\\\/#\\\/schema\\\/logo\\\/image\\\/\"},\"sameAs\":[\"https:\\\/\\\/www.facebook.com\\\/pages\\\/Ledizioni-LediPublishing\\\/109120559173329\",\"https:\\\/\\\/x.com\\\/ledizioni\"]}]}<\/script>\n<!-- \/ Yoast SEO plugin. -->","yoast_head_json":{"title":"IL VENTO NON SOFFIA PIU' -","description":"Chi sono realmente gli zingari? Perch\u00e9 ci sono estranei? In questo libro sono gli stessi Rom, adulti, bambini, vecchi, a prendere in prima persona la parola","robots":{"index":"index","follow":"follow","max-snippet":"max-snippet:-1","max-image-preview":"max-image-preview:large","max-video-preview":"max-video-preview:-1"},"canonical":"https:\/\/www.ledizioni.it\/en\/product\/anna-rita-calabro-il-vento-non-soffia-piu\/","og_locale":"en_GB","og_type":"article","og_title":"IL VENTO NON SOFFIA PIU' -","og_description":"Chi sono realmente gli zingari? Perch\u00e9 ci sono estranei? In questo libro sono gli stessi Rom, adulti, bambini, vecchi, a prendere in prima persona la parola","og_url":"https:\/\/www.ledizioni.it\/en\/product\/anna-rita-calabro-il-vento-non-soffia-piu\/","og_site_name":"Ledizioni","article_publisher":"https:\/\/www.facebook.com\/pages\/Ledizioni-LediPublishing\/109120559173329","article_modified_time":"2021-05-19T15:12:14+00:00","og_image":[{"width":1553,"height":2088,"url":"https:\/\/www.ledizioni.it\/stag\/wp-content\/uploads\/2010\/03\/3d.jpg","type":"image\/jpeg"}],"twitter_card":"summary_large_image","twitter_site":"@ledizioni","twitter_misc":{"Estimated reading time":"1 minute"},"schema":{"@context":"https:\/\/schema.org","@graph":[{"@type":"WebPage","@id":"https:\/\/www.ledizioni.it\/prodotto\/anna-rita-calabro-il-vento-non-soffia-piu\/","url":"https:\/\/www.ledizioni.it\/prodotto\/anna-rita-calabro-il-vento-non-soffia-piu\/","name":"IL VENTO NON SOFFIA PIU' -","isPartOf":{"@id":"https:\/\/www.ledizioni.it\/#website"},"primaryImageOfPage":{"@id":"https:\/\/www.ledizioni.it\/prodotto\/anna-rita-calabro-il-vento-non-soffia-piu\/#primaryimage"},"image":{"@id":"https:\/\/www.ledizioni.it\/prodotto\/anna-rita-calabro-il-vento-non-soffia-piu\/#primaryimage"},"thumbnailUrl":"https:\/\/www.ledizioni.it\/stag\/wp-content\/uploads\/2010\/03\/3d.jpg","datePublished":"2010-03-01T02:42:04+00:00","dateModified":"2021-05-19T15:12:14+00:00","description":"Chi sono realmente gli zingari? Perch\u00e9 ci sono estranei? In questo libro sono gli stessi Rom, adulti, bambini, vecchi, a prendere in prima persona la parola","breadcrumb":{"@id":"https:\/\/www.ledizioni.it\/prodotto\/anna-rita-calabro-il-vento-non-soffia-piu\/#breadcrumb"},"inLanguage":"en-GB","potentialAction":[{"@type":"ReadAction","target":["https:\/\/www.ledizioni.it\/prodotto\/anna-rita-calabro-il-vento-non-soffia-piu\/"]}]},{"@type":"ImageObject","inLanguage":"en-GB","@id":"https:\/\/www.ledizioni.it\/prodotto\/anna-rita-calabro-il-vento-non-soffia-piu\/#primaryimage","url":"https:\/\/www.ledizioni.it\/stag\/wp-content\/uploads\/2010\/03\/3d.jpg","contentUrl":"https:\/\/www.ledizioni.it\/stag\/wp-content\/uploads\/2010\/03\/3d.jpg","width":1553,"height":2088},{"@type":"BreadcrumbList","@id":"https:\/\/www.ledizioni.it\/prodotto\/anna-rita-calabro-il-vento-non-soffia-piu\/#breadcrumb","itemListElement":[{"@type":"ListItem","position":1,"name":"Shop","item":"https:\/\/www.ledizioni.it\/shop-2\/"},{"@type":"ListItem","position":2,"name":"IL VENTO NON SOFFIA PIU&#8217;"}]},{"@type":"WebSite","@id":"https:\/\/www.ledizioni.it\/#website","url":"https:\/\/www.ledizioni.it\/","name":"Ledizioni","description":"The Innovative LediPublishing Company - Casa Editrice Universitaria","publisher":{"@id":"https:\/\/www.ledizioni.it\/#organization"},"potentialAction":[{"@type":"SearchAction","target":{"@type":"EntryPoint","urlTemplate":"https:\/\/www.ledizioni.it\/?s={search_term_string}"},"query-input":{"@type":"PropertyValueSpecification","valueRequired":true,"valueName":"search_term_string"}}],"inLanguage":"en-GB"},{"@type":"Organization","@id":"https:\/\/www.ledizioni.it\/#organization","name":"Ledizioni","url":"https:\/\/www.ledizioni.it\/","logo":{"@type":"ImageObject","inLanguage":"en-GB","@id":"https:\/\/www.ledizioni.it\/#\/schema\/logo\/image\/","url":"https:\/\/www.ledizioni.it\/stag\/wp-content\/uploads\/2023\/10\/newlogoledizioni500x110_2-1.jpg","contentUrl":"https:\/\/www.ledizioni.it\/stag\/wp-content\/uploads\/2023\/10\/newlogoledizioni500x110_2-1.jpg","width":354,"height":87,"caption":"Ledizioni"},"image":{"@id":"https:\/\/www.ledizioni.it\/#\/schema\/logo\/image\/"},"sameAs":["https:\/\/www.facebook.com\/pages\/Ledizioni-LediPublishing\/109120559173329","https:\/\/x.com\/ledizioni"]}]}},"jetpack_sharing_enabled":true,"_links":{"self":[{"href":"https:\/\/www.ledizioni.it\/en\/wp-json\/wp\/v2\/product\/6651","targetHints":{"allow":["GET"]}}],"collection":[{"href":"https:\/\/www.ledizioni.it\/en\/wp-json\/wp\/v2\/product"}],"about":[{"href":"https:\/\/www.ledizioni.it\/en\/wp-json\/wp\/v2\/types\/product"}],"replies":[{"embeddable":true,"href":"https:\/\/www.ledizioni.it\/en\/wp-json\/wp\/v2\/comments?post=6651"}],"version-history":[{"count":1,"href":"https:\/\/www.ledizioni.it\/en\/wp-json\/wp\/v2\/product\/6651\/revisions"}],"predecessor-version":[{"id":8603,"href":"https:\/\/www.ledizioni.it\/en\/wp-json\/wp\/v2\/product\/6651\/revisions\/8603"}],"wp:featuredmedia":[{"embeddable":true,"href":"https:\/\/www.ledizioni.it\/en\/wp-json\/wp\/v2\/media\/8604"}],"wp:attachment":[{"href":"https:\/\/www.ledizioni.it\/en\/wp-json\/wp\/v2\/media?parent=6651"}],"wp:term":[{"taxonomy":"product_brand","embeddable":true,"href":"https:\/\/www.ledizioni.it\/en\/wp-json\/wp\/v2\/product_brand?post=6651"},{"taxonomy":"product_cat","embeddable":true,"href":"https:\/\/www.ledizioni.it\/en\/wp-json\/wp\/v2\/product_cat?post=6651"},{"taxonomy":"product_tag","embeddable":true,"href":"https:\/\/www.ledizioni.it\/en\/wp-json\/wp\/v2\/product_tag?post=6651"}],"curies":[{"name":"wp","href":"https:\/\/api.w.org\/{rel}","templated":true}]}}