{"id":6659,"date":"2010-10-18T03:09:39","date_gmt":"2010-10-18T03:09:39","guid":{"rendered":"http:\/\/www.ledizioni.it\/stag\/?post_type=product&#038;p=6659"},"modified":"2021-05-19T16:12:19","modified_gmt":"2021-05-19T14:12:19","slug":"enrica-morlicchio-meno-della-meta-del-cielo","status":"publish","type":"product","link":"https:\/\/www.ledizioni.it\/en\/product\/enrica-morlicchio-meno-della-meta-del-cielo\/","title":{"rendered":"MENO DELLA MET\u00c0 DEL CIELO"},"content":{"rendered":"<p style=\"text-align: justify;\">Che le donne non beneficino allo stesso modo degli uomini degli effetti positivi dello sviluppo e siano pi\u00f9 spesso povere \u00e8 una conclusione a cui giungono tutte le analisi sul tema. Infatti anche se la popolazione mondiale pu\u00f2 trarre vantaggio \u2013 e in molti casi ha tratto vantaggio \u2013 da un ritmo di crescita economica sufficiente, ci\u00f2 non basta a migliorare le condizioni materiali di vita generali e le situazioni specifiche in cui le donne vengono a trovarsi in determinate aree.<br \/>\nQuesto volume, che inaugura la collana \u201cStrumenti Didattici\u201d, si pone come un punto di riferimento per le riflessioni sul tema, offrendo una concisa ma esaustiva rassegna degli studi sul genere e sulla disuguaglianza.<\/p>\n<p><strong>\u00a0<\/strong><\/p>\n<h3><strong>DATI BIBLIOGRAFICI<\/strong><\/h3>\n<p>Autore: Enrica Morlicchio<br \/>\nEditore: Ledizioni<br \/>\nCollana: <a href=\"https:\/\/www.ledizioni.it\/en\/product-category\/didattica-scienze-umane-2\/manuali\/\">Manuals<\/a><br \/>\nFormato: Brossura<br \/>\nPubblicato in: 2010<br \/>\nISBN cartaceo: 9788895994437<br \/>\nPrezzo cartaceo: 14,00 \u20ac<\/p>\n<p><a href=\"http:\/\/www.mondadoristore.it\/Meno-meta-cielo-lettura-Enrica-Morlicchio\/eai978889599443\/?sessionToken=EdLXsHyqm3dPICwnPK4I6rGqWrMQsCgm\" target=\"_blank\" rel=\"noopener\"><img decoding=\"async\" class=\"alignnone size-full wp-image-14398 aligncenter\" src=\"http:\/\/www.ledizioni.it\/stag\/wp-content\/uploads\/2012\/06\/red-podok.jpg\" alt=\"Pod MondadoriStore\" width=\"200\" height=\"82\" \/><\/a><\/p>\n<p><a href=\"https:\/\/www.torrossa.com\/it\/resources\/an\/3051666\"><img decoding=\"async\" class=\"aligncenter wp-image-23912\" src=\"https:\/\/www.ledizioni.it\/stag\/wp-content\/uploads\/2019\/07\/torrossa_web-150x80.jpg\" alt=\"\" width=\"200\" height=\"60\" \/><\/a><\/p>","protected":false},"excerpt":{"rendered":"<p>Che le donne non beneficino allo stesso modo degli uomini degli effetti positivi dello sviluppo e siano pi\u00f9 spesso povere<\/p>","protected":false},"featured_media":8581,"comment_status":"open","ping_status":"closed","template":"","meta":{"_acf_changed":false},"product_brand":[],"product_cat":[1029],"product_tag":[2521,742,826,2437,781],"class_list":{"0":"post-6659","1":"product","2":"type-product","3":"status-publish","4":"has-post-thumbnail","6":"product_cat-manuali","7":"product_tag-disuguaglianza","8":"product_tag-femminismo","9":"product_tag-poverta","10":"product_tag-ricerca-sociologica","11":"product_tag-studi-di-genere","13":"first","14":"instock","15":"shipping-taxable","16":"purchasable","17":"product-type-simple"},"acf":[],"yoast_head":"<!-- This site is optimized with the Yoast SEO plugin v27.4 - https:\/\/yoast.com\/product\/yoast-seo-wordpress\/ -->\n<title>MENO DELLA MET\u00c0 DEL CIELO -<\/title>\n<meta name=\"description\" content=\"Una lettura di genere dello sviluppo e della povert\u00e0\" \/>\n<meta name=\"robots\" content=\"index, follow, max-snippet:-1, max-image-preview:large, max-video-preview:-1\" \/>\n<link rel=\"canonical\" href=\"https:\/\/www.ledizioni.it\/en\/product\/enrica-morlicchio-meno-della-meta-del-cielo\/\" \/>\n<meta property=\"og:locale\" content=\"en_GB\" \/>\n<meta property=\"og:type\" content=\"article\" \/>\n<meta property=\"og:title\" content=\"MENO DELLA MET\u00c0 DEL CIELO -\" \/>\n<meta property=\"og:description\" content=\"Una lettura di genere dello sviluppo e della povert\u00e0\" \/>\n<meta property=\"og:url\" content=\"https:\/\/www.ledizioni.it\/en\/product\/enrica-morlicchio-meno-della-meta-del-cielo\/\" \/>\n<meta property=\"og:site_name\" content=\"Ledizioni\" \/>\n<meta property=\"article:publisher\" content=\"https:\/\/www.facebook.com\/pages\/Ledizioni-LediPublishing\/109120559173329\" \/>\n<meta property=\"article:modified_time\" content=\"2021-05-19T14:12:19+00:00\" \/>\n<meta property=\"og:image\" content=\"https:\/\/www.ledizioni.it\/stag\/wp-content\/uploads\/2010\/10\/cielo3d.jpg\" \/>\n\t<meta property=\"og:image:width\" content=\"1565\" \/>\n\t<meta property=\"og:image:height\" content=\"2112\" \/>\n\t<meta property=\"og:image:type\" content=\"image\/jpeg\" \/>\n<meta name=\"twitter:card\" content=\"summary_large_image\" \/>\n<meta name=\"twitter:site\" content=\"@ledizioni\" \/>\n<meta name=\"twitter:label1\" content=\"Estimated reading time\" \/>\n\t<meta name=\"twitter:data1\" content=\"1 minute\" \/>\n<script type=\"application\/ld+json\" class=\"yoast-schema-graph\">{\"@context\":\"https:\\\/\\\/schema.org\",\"@graph\":[{\"@type\":\"WebPage\",\"@id\":\"https:\\\/\\\/www.ledizioni.it\\\/prodotto\\\/enrica-morlicchio-meno-della-meta-del-cielo\\\/\",\"url\":\"https:\\\/\\\/www.ledizioni.it\\\/prodotto\\\/enrica-morlicchio-meno-della-meta-del-cielo\\\/\",\"name\":\"MENO DELLA MET\u00c0 DEL CIELO -\",\"isPartOf\":{\"@id\":\"https:\\\/\\\/www.ledizioni.it\\\/#website\"},\"primaryImageOfPage\":{\"@id\":\"https:\\\/\\\/www.ledizioni.it\\\/prodotto\\\/enrica-morlicchio-meno-della-meta-del-cielo\\\/#primaryimage\"},\"image\":{\"@id\":\"https:\\\/\\\/www.ledizioni.it\\\/prodotto\\\/enrica-morlicchio-meno-della-meta-del-cielo\\\/#primaryimage\"},\"thumbnailUrl\":\"https:\\\/\\\/www.ledizioni.it\\\/stag\\\/wp-content\\\/uploads\\\/2010\\\/10\\\/cielo3d.jpg\",\"datePublished\":\"2010-10-18T03:09:39+00:00\",\"dateModified\":\"2021-05-19T14:12:19+00:00\",\"description\":\"Una lettura di genere dello sviluppo e della povert\u00e0\",\"breadcrumb\":{\"@id\":\"https:\\\/\\\/www.ledizioni.it\\\/prodotto\\\/enrica-morlicchio-meno-della-meta-del-cielo\\\/#breadcrumb\"},\"inLanguage\":\"en-GB\",\"potentialAction\":[{\"@type\":\"ReadAction\",\"target\":[\"https:\\\/\\\/www.ledizioni.it\\\/prodotto\\\/enrica-morlicchio-meno-della-meta-del-cielo\\\/\"]}]},{\"@type\":\"ImageObject\",\"inLanguage\":\"en-GB\",\"@id\":\"https:\\\/\\\/www.ledizioni.it\\\/prodotto\\\/enrica-morlicchio-meno-della-meta-del-cielo\\\/#primaryimage\",\"url\":\"https:\\\/\\\/www.ledizioni.it\\\/stag\\\/wp-content\\\/uploads\\\/2010\\\/10\\\/cielo3d.jpg\",\"contentUrl\":\"https:\\\/\\\/www.ledizioni.it\\\/stag\\\/wp-content\\\/uploads\\\/2010\\\/10\\\/cielo3d.jpg\",\"width\":1565,\"height\":2112},{\"@type\":\"BreadcrumbList\",\"@id\":\"https:\\\/\\\/www.ledizioni.it\\\/prodotto\\\/enrica-morlicchio-meno-della-meta-del-cielo\\\/#breadcrumb\",\"itemListElement\":[{\"@type\":\"ListItem\",\"position\":1,\"name\":\"Shop\",\"item\":\"https:\\\/\\\/www.ledizioni.it\\\/shop-2\\\/\"},{\"@type\":\"ListItem\",\"position\":2,\"name\":\"MENO DELLA MET\u00c0 DEL CIELO\"}]},{\"@type\":\"WebSite\",\"@id\":\"https:\\\/\\\/www.ledizioni.it\\\/#website\",\"url\":\"https:\\\/\\\/www.ledizioni.it\\\/\",\"name\":\"Ledizioni\",\"description\":\"The Innovative LediPublishing Company - Casa Editrice Universitaria\",\"publisher\":{\"@id\":\"https:\\\/\\\/www.ledizioni.it\\\/#organization\"},\"potentialAction\":[{\"@type\":\"SearchAction\",\"target\":{\"@type\":\"EntryPoint\",\"urlTemplate\":\"https:\\\/\\\/www.ledizioni.it\\\/?s={search_term_string}\"},\"query-input\":{\"@type\":\"PropertyValueSpecification\",\"valueRequired\":true,\"valueName\":\"search_term_string\"}}],\"inLanguage\":\"en-GB\"},{\"@type\":\"Organization\",\"@id\":\"https:\\\/\\\/www.ledizioni.it\\\/#organization\",\"name\":\"Ledizioni\",\"url\":\"https:\\\/\\\/www.ledizioni.it\\\/\",\"logo\":{\"@type\":\"ImageObject\",\"inLanguage\":\"en-GB\",\"@id\":\"https:\\\/\\\/www.ledizioni.it\\\/#\\\/schema\\\/logo\\\/image\\\/\",\"url\":\"https:\\\/\\\/www.ledizioni.it\\\/stag\\\/wp-content\\\/uploads\\\/2023\\\/10\\\/newlogoledizioni500x110_2-1.jpg\",\"contentUrl\":\"https:\\\/\\\/www.ledizioni.it\\\/stag\\\/wp-content\\\/uploads\\\/2023\\\/10\\\/newlogoledizioni500x110_2-1.jpg\",\"width\":354,\"height\":87,\"caption\":\"Ledizioni\"},\"image\":{\"@id\":\"https:\\\/\\\/www.ledizioni.it\\\/#\\\/schema\\\/logo\\\/image\\\/\"},\"sameAs\":[\"https:\\\/\\\/www.facebook.com\\\/pages\\\/Ledizioni-LediPublishing\\\/109120559173329\",\"https:\\\/\\\/x.com\\\/ledizioni\"]}]}<\/script>\n<!-- \/ Yoast SEO plugin. -->","yoast_head_json":{"title":"MENO DELLA MET\u00c0 DEL CIELO -","description":"Una lettura di genere dello sviluppo e della povert\u00e0","robots":{"index":"index","follow":"follow","max-snippet":"max-snippet:-1","max-image-preview":"max-image-preview:large","max-video-preview":"max-video-preview:-1"},"canonical":"https:\/\/www.ledizioni.it\/en\/product\/enrica-morlicchio-meno-della-meta-del-cielo\/","og_locale":"en_GB","og_type":"article","og_title":"MENO DELLA MET\u00c0 DEL CIELO -","og_description":"Una lettura di genere dello sviluppo e della povert\u00e0","og_url":"https:\/\/www.ledizioni.it\/en\/product\/enrica-morlicchio-meno-della-meta-del-cielo\/","og_site_name":"Ledizioni","article_publisher":"https:\/\/www.facebook.com\/pages\/Ledizioni-LediPublishing\/109120559173329","article_modified_time":"2021-05-19T14:12:19+00:00","og_image":[{"width":1565,"height":2112,"url":"https:\/\/www.ledizioni.it\/stag\/wp-content\/uploads\/2010\/10\/cielo3d.jpg","type":"image\/jpeg"}],"twitter_card":"summary_large_image","twitter_site":"@ledizioni","twitter_misc":{"Estimated reading time":"1 minute"},"schema":{"@context":"https:\/\/schema.org","@graph":[{"@type":"WebPage","@id":"https:\/\/www.ledizioni.it\/prodotto\/enrica-morlicchio-meno-della-meta-del-cielo\/","url":"https:\/\/www.ledizioni.it\/prodotto\/enrica-morlicchio-meno-della-meta-del-cielo\/","name":"MENO DELLA MET\u00c0 DEL CIELO -","isPartOf":{"@id":"https:\/\/www.ledizioni.it\/#website"},"primaryImageOfPage":{"@id":"https:\/\/www.ledizioni.it\/prodotto\/enrica-morlicchio-meno-della-meta-del-cielo\/#primaryimage"},"image":{"@id":"https:\/\/www.ledizioni.it\/prodotto\/enrica-morlicchio-meno-della-meta-del-cielo\/#primaryimage"},"thumbnailUrl":"https:\/\/www.ledizioni.it\/stag\/wp-content\/uploads\/2010\/10\/cielo3d.jpg","datePublished":"2010-10-18T03:09:39+00:00","dateModified":"2021-05-19T14:12:19+00:00","description":"Una lettura di genere dello sviluppo e della povert\u00e0","breadcrumb":{"@id":"https:\/\/www.ledizioni.it\/prodotto\/enrica-morlicchio-meno-della-meta-del-cielo\/#breadcrumb"},"inLanguage":"en-GB","potentialAction":[{"@type":"ReadAction","target":["https:\/\/www.ledizioni.it\/prodotto\/enrica-morlicchio-meno-della-meta-del-cielo\/"]}]},{"@type":"ImageObject","inLanguage":"en-GB","@id":"https:\/\/www.ledizioni.it\/prodotto\/enrica-morlicchio-meno-della-meta-del-cielo\/#primaryimage","url":"https:\/\/www.ledizioni.it\/stag\/wp-content\/uploads\/2010\/10\/cielo3d.jpg","contentUrl":"https:\/\/www.ledizioni.it\/stag\/wp-content\/uploads\/2010\/10\/cielo3d.jpg","width":1565,"height":2112},{"@type":"BreadcrumbList","@id":"https:\/\/www.ledizioni.it\/prodotto\/enrica-morlicchio-meno-della-meta-del-cielo\/#breadcrumb","itemListElement":[{"@type":"ListItem","position":1,"name":"Shop","item":"https:\/\/www.ledizioni.it\/shop-2\/"},{"@type":"ListItem","position":2,"name":"MENO DELLA MET\u00c0 DEL CIELO"}]},{"@type":"WebSite","@id":"https:\/\/www.ledizioni.it\/#website","url":"https:\/\/www.ledizioni.it\/","name":"Ledizioni","description":"The Innovative LediPublishing Company - Casa Editrice Universitaria","publisher":{"@id":"https:\/\/www.ledizioni.it\/#organization"},"potentialAction":[{"@type":"SearchAction","target":{"@type":"EntryPoint","urlTemplate":"https:\/\/www.ledizioni.it\/?s={search_term_string}"},"query-input":{"@type":"PropertyValueSpecification","valueRequired":true,"valueName":"search_term_string"}}],"inLanguage":"en-GB"},{"@type":"Organization","@id":"https:\/\/www.ledizioni.it\/#organization","name":"Ledizioni","url":"https:\/\/www.ledizioni.it\/","logo":{"@type":"ImageObject","inLanguage":"en-GB","@id":"https:\/\/www.ledizioni.it\/#\/schema\/logo\/image\/","url":"https:\/\/www.ledizioni.it\/stag\/wp-content\/uploads\/2023\/10\/newlogoledizioni500x110_2-1.jpg","contentUrl":"https:\/\/www.ledizioni.it\/stag\/wp-content\/uploads\/2023\/10\/newlogoledizioni500x110_2-1.jpg","width":354,"height":87,"caption":"Ledizioni"},"image":{"@id":"https:\/\/www.ledizioni.it\/#\/schema\/logo\/image\/"},"sameAs":["https:\/\/www.facebook.com\/pages\/Ledizioni-LediPublishing\/109120559173329","https:\/\/x.com\/ledizioni"]}]}},"jetpack_sharing_enabled":true,"_links":{"self":[{"href":"https:\/\/www.ledizioni.it\/en\/wp-json\/wp\/v2\/product\/6659","targetHints":{"allow":["GET"]}}],"collection":[{"href":"https:\/\/www.ledizioni.it\/en\/wp-json\/wp\/v2\/product"}],"about":[{"href":"https:\/\/www.ledizioni.it\/en\/wp-json\/wp\/v2\/types\/product"}],"replies":[{"embeddable":true,"href":"https:\/\/www.ledizioni.it\/en\/wp-json\/wp\/v2\/comments?post=6659"}],"version-history":[{"count":1,"href":"https:\/\/www.ledizioni.it\/en\/wp-json\/wp\/v2\/product\/6659\/revisions"}],"predecessor-version":[{"id":8582,"href":"https:\/\/www.ledizioni.it\/en\/wp-json\/wp\/v2\/product\/6659\/revisions\/8582"}],"wp:featuredmedia":[{"embeddable":true,"href":"https:\/\/www.ledizioni.it\/en\/wp-json\/wp\/v2\/media\/8581"}],"wp:attachment":[{"href":"https:\/\/www.ledizioni.it\/en\/wp-json\/wp\/v2\/media?parent=6659"}],"wp:term":[{"taxonomy":"product_brand","embeddable":true,"href":"https:\/\/www.ledizioni.it\/en\/wp-json\/wp\/v2\/product_brand?post=6659"},{"taxonomy":"product_cat","embeddable":true,"href":"https:\/\/www.ledizioni.it\/en\/wp-json\/wp\/v2\/product_cat?post=6659"},{"taxonomy":"product_tag","embeddable":true,"href":"https:\/\/www.ledizioni.it\/en\/wp-json\/wp\/v2\/product_tag?post=6659"}],"curies":[{"name":"wp","href":"https:\/\/api.w.org\/{rel}","templated":true}]}}