{"id":6665,"date":"2011-11-22T03:24:31","date_gmt":"2011-11-22T03:24:31","guid":{"rendered":"http:\/\/www.ledizioni.it\/stag\/?post_type=product&#038;p=6665"},"modified":"2021-06-11T16:46:35","modified_gmt":"2021-06-11T14:46:35","slug":"simone-aliprandi-apriti-standard-brossura","status":"publish","type":"product","link":"https:\/\/www.ledizioni.it\/en\/product\/simone-aliprandi-apriti-standard-brossura\/","title":{"rendered":"APRITI STANDARD!"},"content":{"rendered":"<p style=\"text-align: justify;\">Da molti anni si sente parlare di software libero e di tecnologie aperte e dei vari aspetti etici, filosofici, giuridici ed economici connessi a questo particolare modo di approcciare l\u2019informatica. Spesso si \u00e8 sottolineata l\u2019importanza di poter disporre di strumenti software che fossero distribuiti in modalit\u00e0 libera dai tradizionali vincoli della propriet\u00e0 industriale e il messaggio sembra ormai arrivato anche ai grandi player del settore ICT. Quello che non tutti sanno (o che trovano pi\u00f9 comodo non sapere) \u00e8 invece che poco conta il poter disporre di software libero e open source se il mercato e con lui le prassi comuni degli utenti sono irrigiditi su meccanismi viziosi da cui \u00e8 sempre difficile allontanarsi. Quale magra consolazione \u00e8 usare software libero sul nostro computer se poi vediamo costantemente che la gran parte delle informazioni presenti in rete circolano in forme e modi del tutto chiusi, proprietari, non trasparenti!<br \/>\nQuesto libro intende, una volta per tutte, spostare l\u2019attenzione del dibattito scientifico e della relativa opera di divulgazione non tanto sugli strumenti con cui si producono informazioni ma sulle informazioni stesse e sugli standard con cui esse sono codificate, rappresentate, comunicate, memorizzate. Interoperabilit\u00e0 e neutralit\u00e0 tecnologica diventano quindi categorie e valori ancora pi\u00f9 centrali di libert\u00e0 e apertura, o quantomeno diventano i prerequisiti fondamentali per l\u2019effettiva realizzazione di un ecosistema digitale libero, aperto, trasparente\u2026 ma soprattutto efficiente ed equo. Rivolto a tutti coloro che producono e trasmettono informazioni in ambiente digitale e che vogliono sapere con chiarezza le regole del gioco a cui partecipano.<br \/>\nData di pubblicazione: Ottobre 2010<\/p>\n<p><a href=\"https:\/\/www.amazon.it\/gp\/product\/8867054345\/ref=as_li_tl?ie=UTF8&amp;camp=3414&amp;creative=21718&amp;creativeASIN=8867057839&amp;linkCode=as2&amp;tag=ledizioni-21&amp;linkId=21587617ce23b3075bd3743ada8c92c3\" target=\"_blank\" rel=\"noopener\"><img decoding=\"async\" class=\"aligncenter size-medium wp-image-23060\" src=\"https:\/\/www.ledizioni.it\/stag\/wp-content\/uploads\/2018\/10\/pulsante-amazon-1-300x104.jpg\" alt=\"\" width=\"150\" height=\"50\" \/><\/a><img decoding=\"async\" style=\"border: none !important; margin: 0px !important;\" src=\"\/\/ir-it.amazon-adsystem.com\/e\/ir?t=ledizioni-21&amp;l=am2&amp;o=29&amp;a=8867057839\" alt=\"\" width=\"1\" height=\"1\" border=\"0\" \/><\/p>\n<p><a href=\"https:\/\/www.torrossa.com\/it\/resources\/an\/3052408\"><img decoding=\"async\" class=\"aligncenter wp-image-23912\" src=\"https:\/\/www.ledizioni.it\/stag\/wp-content\/uploads\/2019\/07\/torrossa_web-150x80.jpg\" alt=\"\" width=\"200\" height=\"60\" \/><\/a><\/p>","protected":false},"excerpt":{"rendered":"<p>Da molti anni si sente parlare di software libero e di tecnologie aperte e dei vari aspetti etici, filosofici, giuridici<\/p>","protected":false},"featured_media":6666,"comment_status":"open","ping_status":"closed","template":"","meta":{"_acf_changed":false},"product_brand":[],"product_cat":[430],"product_tag":[1030,764,1189,1018],"class_list":{"0":"post-6665","1":"product","2":"type-product","3":"status-publish","4":"has-post-thumbnail","6":"product_cat-copyleft-italy","7":"product_tag-copyright","8":"product_tag-open-access-2","9":"product_tag-risorse-didattiche-gratuite","10":"product_tag-tecnologia","11":"pa_accesso-open-access","12":"pa_accesso-pagamento","13":"pa_formato-cartaceo","14":"pa_formato-ebook-in-epub","15":"pa_formato-ebook-in-pdf","16":"pa_lingua-italiano","18":"first","19":"instock","20":"shipping-taxable","21":"purchasable","22":"product-type-variable"},"acf":[],"yoast_head":"<!-- This site is optimized with the Yoast SEO plugin v27.4 - https:\/\/yoast.com\/product\/yoast-seo-wordpress\/ -->\n<title>APRITI STANDARD! -<\/title>\n<meta name=\"description\" content=\"Ledizioni - Innovative Publishing. Casa editrice universitaria. Open Access. eBook, ePub. Creative Commons.\" \/>\n<meta name=\"robots\" content=\"index, follow, max-snippet:-1, max-image-preview:large, max-video-preview:-1\" \/>\n<link rel=\"canonical\" href=\"https:\/\/www.ledizioni.it\/en\/product\/simone-aliprandi-apriti-standard-brossura\/\" \/>\n<meta property=\"og:locale\" content=\"en_GB\" \/>\n<meta property=\"og:type\" content=\"article\" \/>\n<meta property=\"og:title\" content=\"APRITI STANDARD! -\" \/>\n<meta property=\"og:description\" content=\"Ledizioni - Innovative Publishing. Casa editrice universitaria. Open Access. eBook, ePub. Creative Commons.\" \/>\n<meta property=\"og:url\" content=\"https:\/\/www.ledizioni.it\/en\/product\/simone-aliprandi-apriti-standard-brossura\/\" \/>\n<meta property=\"og:site_name\" content=\"Ledizioni\" \/>\n<meta property=\"article:publisher\" content=\"https:\/\/www.facebook.com\/pages\/Ledizioni-LediPublishing\/109120559173329\" \/>\n<meta property=\"article:modified_time\" content=\"2021-06-11T14:46:35+00:00\" \/>\n<meta property=\"og:image\" content=\"https:\/\/www.ledizioni.it\/stag\/wp-content\/uploads\/2013\/07\/admin-ajax-3.png\" \/>\n\t<meta property=\"og:image:width\" content=\"220\" \/>\n\t<meta property=\"og:image:height\" content=\"300\" \/>\n\t<meta property=\"og:image:type\" content=\"image\/png\" \/>\n<meta name=\"twitter:card\" content=\"summary_large_image\" \/>\n<meta name=\"twitter:site\" content=\"@ledizioni\" \/>\n<meta name=\"twitter:label1\" content=\"Estimated reading time\" \/>\n\t<meta name=\"twitter:data1\" content=\"1 minute\" \/>\n<script type=\"application\/ld+json\" class=\"yoast-schema-graph\">{\"@context\":\"https:\\\/\\\/schema.org\",\"@graph\":[{\"@type\":\"WebPage\",\"@id\":\"https:\\\/\\\/www.ledizioni.it\\\/prodotto\\\/simone-aliprandi-apriti-standard-brossura\\\/\",\"url\":\"https:\\\/\\\/www.ledizioni.it\\\/prodotto\\\/simone-aliprandi-apriti-standard-brossura\\\/\",\"name\":\"APRITI STANDARD! -\",\"isPartOf\":{\"@id\":\"https:\\\/\\\/www.ledizioni.it\\\/#website\"},\"primaryImageOfPage\":{\"@id\":\"https:\\\/\\\/www.ledizioni.it\\\/prodotto\\\/simone-aliprandi-apriti-standard-brossura\\\/#primaryimage\"},\"image\":{\"@id\":\"https:\\\/\\\/www.ledizioni.it\\\/prodotto\\\/simone-aliprandi-apriti-standard-brossura\\\/#primaryimage\"},\"thumbnailUrl\":\"https:\\\/\\\/www.ledizioni.it\\\/stag\\\/wp-content\\\/uploads\\\/2013\\\/07\\\/admin-ajax-3.png\",\"datePublished\":\"2011-11-22T03:24:31+00:00\",\"dateModified\":\"2021-06-11T14:46:35+00:00\",\"description\":\"Ledizioni - Innovative Publishing. Casa editrice universitaria. Open Access. eBook, ePub. Creative Commons.\",\"breadcrumb\":{\"@id\":\"https:\\\/\\\/www.ledizioni.it\\\/prodotto\\\/simone-aliprandi-apriti-standard-brossura\\\/#breadcrumb\"},\"inLanguage\":\"en-GB\",\"potentialAction\":[{\"@type\":\"ReadAction\",\"target\":[\"https:\\\/\\\/www.ledizioni.it\\\/prodotto\\\/simone-aliprandi-apriti-standard-brossura\\\/\"]}]},{\"@type\":\"ImageObject\",\"inLanguage\":\"en-GB\",\"@id\":\"https:\\\/\\\/www.ledizioni.it\\\/prodotto\\\/simone-aliprandi-apriti-standard-brossura\\\/#primaryimage\",\"url\":\"https:\\\/\\\/www.ledizioni.it\\\/stag\\\/wp-content\\\/uploads\\\/2013\\\/07\\\/admin-ajax-3.png\",\"contentUrl\":\"https:\\\/\\\/www.ledizioni.it\\\/stag\\\/wp-content\\\/uploads\\\/2013\\\/07\\\/admin-ajax-3.png\",\"width\":220,\"height\":300},{\"@type\":\"BreadcrumbList\",\"@id\":\"https:\\\/\\\/www.ledizioni.it\\\/prodotto\\\/simone-aliprandi-apriti-standard-brossura\\\/#breadcrumb\",\"itemListElement\":[{\"@type\":\"ListItem\",\"position\":1,\"name\":\"Shop\",\"item\":\"https:\\\/\\\/www.ledizioni.it\\\/shop-2\\\/\"},{\"@type\":\"ListItem\",\"position\":2,\"name\":\"APRITI STANDARD!\"}]},{\"@type\":\"WebSite\",\"@id\":\"https:\\\/\\\/www.ledizioni.it\\\/#website\",\"url\":\"https:\\\/\\\/www.ledizioni.it\\\/\",\"name\":\"Ledizioni\",\"description\":\"The Innovative LediPublishing Company - Casa Editrice Universitaria\",\"publisher\":{\"@id\":\"https:\\\/\\\/www.ledizioni.it\\\/#organization\"},\"potentialAction\":[{\"@type\":\"SearchAction\",\"target\":{\"@type\":\"EntryPoint\",\"urlTemplate\":\"https:\\\/\\\/www.ledizioni.it\\\/?s={search_term_string}\"},\"query-input\":{\"@type\":\"PropertyValueSpecification\",\"valueRequired\":true,\"valueName\":\"search_term_string\"}}],\"inLanguage\":\"en-GB\"},{\"@type\":\"Organization\",\"@id\":\"https:\\\/\\\/www.ledizioni.it\\\/#organization\",\"name\":\"Ledizioni\",\"url\":\"https:\\\/\\\/www.ledizioni.it\\\/\",\"logo\":{\"@type\":\"ImageObject\",\"inLanguage\":\"en-GB\",\"@id\":\"https:\\\/\\\/www.ledizioni.it\\\/#\\\/schema\\\/logo\\\/image\\\/\",\"url\":\"https:\\\/\\\/www.ledizioni.it\\\/stag\\\/wp-content\\\/uploads\\\/2023\\\/10\\\/newlogoledizioni500x110_2-1.jpg\",\"contentUrl\":\"https:\\\/\\\/www.ledizioni.it\\\/stag\\\/wp-content\\\/uploads\\\/2023\\\/10\\\/newlogoledizioni500x110_2-1.jpg\",\"width\":354,\"height\":87,\"caption\":\"Ledizioni\"},\"image\":{\"@id\":\"https:\\\/\\\/www.ledizioni.it\\\/#\\\/schema\\\/logo\\\/image\\\/\"},\"sameAs\":[\"https:\\\/\\\/www.facebook.com\\\/pages\\\/Ledizioni-LediPublishing\\\/109120559173329\",\"https:\\\/\\\/x.com\\\/ledizioni\"]}]}<\/script>\n<!-- \/ Yoast SEO plugin. -->","yoast_head_json":{"title":"APRITI STANDARD! -","description":"Ledizioni - Innovative Publishing. Casa editrice universitaria. Open Access. eBook, ePub. Creative Commons.","robots":{"index":"index","follow":"follow","max-snippet":"max-snippet:-1","max-image-preview":"max-image-preview:large","max-video-preview":"max-video-preview:-1"},"canonical":"https:\/\/www.ledizioni.it\/en\/product\/simone-aliprandi-apriti-standard-brossura\/","og_locale":"en_GB","og_type":"article","og_title":"APRITI STANDARD! -","og_description":"Ledizioni - Innovative Publishing. Casa editrice universitaria. Open Access. eBook, ePub. Creative Commons.","og_url":"https:\/\/www.ledizioni.it\/en\/product\/simone-aliprandi-apriti-standard-brossura\/","og_site_name":"Ledizioni","article_publisher":"https:\/\/www.facebook.com\/pages\/Ledizioni-LediPublishing\/109120559173329","article_modified_time":"2021-06-11T14:46:35+00:00","og_image":[{"width":220,"height":300,"url":"https:\/\/www.ledizioni.it\/stag\/wp-content\/uploads\/2013\/07\/admin-ajax-3.png","type":"image\/png"}],"twitter_card":"summary_large_image","twitter_site":"@ledizioni","twitter_misc":{"Estimated reading time":"1 minute"},"schema":{"@context":"https:\/\/schema.org","@graph":[{"@type":"WebPage","@id":"https:\/\/www.ledizioni.it\/prodotto\/simone-aliprandi-apriti-standard-brossura\/","url":"https:\/\/www.ledizioni.it\/prodotto\/simone-aliprandi-apriti-standard-brossura\/","name":"APRITI STANDARD! -","isPartOf":{"@id":"https:\/\/www.ledizioni.it\/#website"},"primaryImageOfPage":{"@id":"https:\/\/www.ledizioni.it\/prodotto\/simone-aliprandi-apriti-standard-brossura\/#primaryimage"},"image":{"@id":"https:\/\/www.ledizioni.it\/prodotto\/simone-aliprandi-apriti-standard-brossura\/#primaryimage"},"thumbnailUrl":"https:\/\/www.ledizioni.it\/stag\/wp-content\/uploads\/2013\/07\/admin-ajax-3.png","datePublished":"2011-11-22T03:24:31+00:00","dateModified":"2021-06-11T14:46:35+00:00","description":"Ledizioni - Innovative Publishing. Casa editrice universitaria. Open Access. eBook, ePub. Creative Commons.","breadcrumb":{"@id":"https:\/\/www.ledizioni.it\/prodotto\/simone-aliprandi-apriti-standard-brossura\/#breadcrumb"},"inLanguage":"en-GB","potentialAction":[{"@type":"ReadAction","target":["https:\/\/www.ledizioni.it\/prodotto\/simone-aliprandi-apriti-standard-brossura\/"]}]},{"@type":"ImageObject","inLanguage":"en-GB","@id":"https:\/\/www.ledizioni.it\/prodotto\/simone-aliprandi-apriti-standard-brossura\/#primaryimage","url":"https:\/\/www.ledizioni.it\/stag\/wp-content\/uploads\/2013\/07\/admin-ajax-3.png","contentUrl":"https:\/\/www.ledizioni.it\/stag\/wp-content\/uploads\/2013\/07\/admin-ajax-3.png","width":220,"height":300},{"@type":"BreadcrumbList","@id":"https:\/\/www.ledizioni.it\/prodotto\/simone-aliprandi-apriti-standard-brossura\/#breadcrumb","itemListElement":[{"@type":"ListItem","position":1,"name":"Shop","item":"https:\/\/www.ledizioni.it\/shop-2\/"},{"@type":"ListItem","position":2,"name":"APRITI STANDARD!"}]},{"@type":"WebSite","@id":"https:\/\/www.ledizioni.it\/#website","url":"https:\/\/www.ledizioni.it\/","name":"Ledizioni","description":"The Innovative LediPublishing Company - Casa Editrice Universitaria","publisher":{"@id":"https:\/\/www.ledizioni.it\/#organization"},"potentialAction":[{"@type":"SearchAction","target":{"@type":"EntryPoint","urlTemplate":"https:\/\/www.ledizioni.it\/?s={search_term_string}"},"query-input":{"@type":"PropertyValueSpecification","valueRequired":true,"valueName":"search_term_string"}}],"inLanguage":"en-GB"},{"@type":"Organization","@id":"https:\/\/www.ledizioni.it\/#organization","name":"Ledizioni","url":"https:\/\/www.ledizioni.it\/","logo":{"@type":"ImageObject","inLanguage":"en-GB","@id":"https:\/\/www.ledizioni.it\/#\/schema\/logo\/image\/","url":"https:\/\/www.ledizioni.it\/stag\/wp-content\/uploads\/2023\/10\/newlogoledizioni500x110_2-1.jpg","contentUrl":"https:\/\/www.ledizioni.it\/stag\/wp-content\/uploads\/2023\/10\/newlogoledizioni500x110_2-1.jpg","width":354,"height":87,"caption":"Ledizioni"},"image":{"@id":"https:\/\/www.ledizioni.it\/#\/schema\/logo\/image\/"},"sameAs":["https:\/\/www.facebook.com\/pages\/Ledizioni-LediPublishing\/109120559173329","https:\/\/x.com\/ledizioni"]}]}},"jetpack_sharing_enabled":true,"_links":{"self":[{"href":"https:\/\/www.ledizioni.it\/en\/wp-json\/wp\/v2\/product\/6665","targetHints":{"allow":["GET"]}}],"collection":[{"href":"https:\/\/www.ledizioni.it\/en\/wp-json\/wp\/v2\/product"}],"about":[{"href":"https:\/\/www.ledizioni.it\/en\/wp-json\/wp\/v2\/types\/product"}],"replies":[{"embeddable":true,"href":"https:\/\/www.ledizioni.it\/en\/wp-json\/wp\/v2\/comments?post=6665"}],"version-history":[{"count":2,"href":"https:\/\/www.ledizioni.it\/en\/wp-json\/wp\/v2\/product\/6665\/revisions"}],"predecessor-version":[{"id":37389,"href":"https:\/\/www.ledizioni.it\/en\/wp-json\/wp\/v2\/product\/6665\/revisions\/37389"}],"wp:featuredmedia":[{"embeddable":true,"href":"https:\/\/www.ledizioni.it\/en\/wp-json\/wp\/v2\/media\/6666"}],"wp:attachment":[{"href":"https:\/\/www.ledizioni.it\/en\/wp-json\/wp\/v2\/media?parent=6665"}],"wp:term":[{"taxonomy":"product_brand","embeddable":true,"href":"https:\/\/www.ledizioni.it\/en\/wp-json\/wp\/v2\/product_brand?post=6665"},{"taxonomy":"product_cat","embeddable":true,"href":"https:\/\/www.ledizioni.it\/en\/wp-json\/wp\/v2\/product_cat?post=6665"},{"taxonomy":"product_tag","embeddable":true,"href":"https:\/\/www.ledizioni.it\/en\/wp-json\/wp\/v2\/product_tag?post=6665"}],"curies":[{"name":"wp","href":"https:\/\/api.w.org\/{rel}","templated":true}]}}