{"id":66726,"date":"2024-08-26T00:00:00","date_gmt":"2024-08-25T22:00:00","guid":{"rendered":"https:\/\/www.ledizioni.it\/?post_type=product&#038;p=66726"},"modified":"2024-08-26T16:35:18","modified_gmt":"2024-08-26T14:35:18","slug":"antropologia-dello-sport-corpi-confini-e-potere-nel-mondo-contemporaneo","status":"publish","type":"product","link":"https:\/\/www.ledizioni.it\/en\/product\/antropologia-dello-sport-corpi-confini-e-potere-nel-mondo-contemporaneo\/","title":{"rendered":"ANTROPOLOGIA DELLO SPORT: CORPI, CONFINI E POTERE NEL MONDO CONTEMPORANEO"},"content":{"rendered":"<p style=\"text-align: justify;\">Non sono molte le attivit\u00e0 che, come lo sport, riescono a far incontrare, nella vita di tante persone in tutto il mondo, la corporeit\u00e0, le emozioni, la politica, il denaro e la moralit\u00e0. Che ci si trovi nei giganteschi stadi del Brasile o nei parchi della Cina, nei diamanti del baseball di Cuba o nei campi da rugby delle Fiji, o ancora nelle arene di lotta in Senegal, nell&#8217;ambito dello sport gli esseri umani mettono alla prova i loro limiti fisici, investono le loro energie emotive, scommettono denaro, invocano poteri magici, ingeriscono sostanze che condizionano le loro performance atletiche e mettono in gioco ci\u00f2 che ritengono conti di pi\u00f9 nella vita. <i>Antropologia dello sport <\/i>esplora il modo in cui lo sport modella, e viene a sua volta modellato da, i contesti sociali, culturali, politici e storici in cui viviamo. Nel libro vengono trattati alcuni dei temi al centro della riflessione antropologica, tra cui il corpo, la modernit\u00e0, il nazionalismo, lo Stato, la cittadinanza, il transnazionalismo, la globalizzazione, il genere e la sessualit\u00e0.<\/p>\n<p style=\"text-align: justify;\">Nella sua versione italiana, il volume da una parte vuole offrire un riferimento manualistico per comprendere la rilevanza antropologica del fenomeno sportivo e il contributo sostanziale che l\u2019analisi dello sport pu\u00f2 offrire ad alcuni degli ambiti di studio centrali per la disciplina; dall\u2019altra, si propone come punto di partenza per la promozione di nuove e originali ricerche.<\/p>\n<hr \/>\n<p><strong>DATI BIBLIOGRAFICI<\/strong><br \/>\nAutori: Niko Besnier, Susan Brownell, Thomas F. Carter<br \/>\nA cura di: Dario Nardini<br \/>\nEditore: Ledizioni<br \/>\nCollana: <a href=\"https:\/\/www.ledizioni.it\/en\/product-category\/antropologia\/sport-corpo-cultura\/\">Sport, corpo, cultura<\/a><br \/>\nPubblicato in: agosto 2024<br \/>\nFormato: brossura, 398 p. &#8211; ePub<br \/>\nISBN cartaceo: 9791256001941<br \/>\nISBN ePub: 9791256001958<br \/>\nPrezzo cartaceo: 24,00 \u20ac<br \/>\nPrezzo ePub: 11,99 \u20ac<\/p>","protected":false},"excerpt":{"rendered":"<p>Non sono molte le attivit\u00e0 che, come lo sport, riescono a far incontrare, nella vita di tante persone in tutto<\/p>","protected":false},"featured_media":67029,"comment_status":"closed","ping_status":"closed","template":"","meta":{"_acf_changed":false},"product_brand":[],"product_cat":[3103],"product_tag":[2645,2651,1845],"class_list":{"0":"post-66726","1":"product","2":"type-product","3":"status-publish","4":"has-post-thumbnail","6":"product_cat-sport-corpo-cultura","7":"product_tag-antropologia","8":"product_tag-cultura","9":"product_tag-sport","10":"pa_formato-cartaceo","11":"pa_formato-ebook-in-epub","13":"first","14":"instock","15":"shipping-taxable","16":"purchasable","17":"product-type-variable"},"acf":[],"yoast_head":"<!-- This site is optimized with the Yoast SEO plugin v27.4 - https:\/\/yoast.com\/product\/yoast-seo-wordpress\/ -->\n<title>ANTROPOLOGIA DELLO SPORT: CORPI, CONFINI E POTERE NEL MONDO CONTEMPORANEO -<\/title>\n<meta name=\"description\" content=\"Ledizioni - Innovative Publishing. Casa editrice universitaria. Open Access. eBook, ePub. Creative Commons.\" \/>\n<meta name=\"robots\" content=\"index, follow, max-snippet:-1, max-image-preview:large, max-video-preview:-1\" \/>\n<link rel=\"canonical\" href=\"https:\/\/www.ledizioni.it\/en\/product\/antropologia-dello-sport-corpi-confini-e-potere-nel-mondo-contemporaneo\/\" \/>\n<meta property=\"og:locale\" content=\"en_GB\" \/>\n<meta property=\"og:type\" content=\"article\" \/>\n<meta property=\"og:title\" content=\"ANTROPOLOGIA DELLO SPORT: CORPI, CONFINI E POTERE NEL MONDO CONTEMPORANEO -\" \/>\n<meta property=\"og:description\" content=\"Ledizioni - Innovative Publishing. Casa editrice universitaria. Open Access. eBook, ePub. Creative Commons.\" \/>\n<meta property=\"og:url\" content=\"https:\/\/www.ledizioni.it\/en\/product\/antropologia-dello-sport-corpi-confini-e-potere-nel-mondo-contemporaneo\/\" \/>\n<meta property=\"og:site_name\" content=\"Ledizioni\" \/>\n<meta property=\"article:publisher\" content=\"https:\/\/www.facebook.com\/pages\/Ledizioni-LediPublishing\/109120559173329\" \/>\n<meta property=\"article:modified_time\" content=\"2024-08-26T14:35:18+00:00\" \/>\n<meta property=\"og:image\" content=\"https:\/\/www.ledizioni.it\/stag\/wp-content\/uploads\/2024\/08\/Cover-Besnier-3D.jpg\" \/>\n\t<meta property=\"og:image:width\" content=\"1578\" \/>\n\t<meta property=\"og:image:height\" content=\"1974\" \/>\n\t<meta property=\"og:image:type\" content=\"image\/jpeg\" \/>\n<meta name=\"twitter:card\" content=\"summary_large_image\" \/>\n<meta name=\"twitter:site\" content=\"@ledizioni\" \/>\n<meta name=\"twitter:label1\" content=\"Estimated reading time\" \/>\n\t<meta name=\"twitter:data1\" content=\"2 minutes\" \/>\n<script type=\"application\/ld+json\" class=\"yoast-schema-graph\">{\"@context\":\"https:\\\/\\\/schema.org\",\"@graph\":[{\"@type\":\"WebPage\",\"@id\":\"https:\\\/\\\/www.ledizioni.it\\\/prodotto\\\/antropologia-dello-sport-corpi-confini-e-potere-nel-mondo-contemporaneo\\\/\",\"url\":\"https:\\\/\\\/www.ledizioni.it\\\/prodotto\\\/antropologia-dello-sport-corpi-confini-e-potere-nel-mondo-contemporaneo\\\/\",\"name\":\"ANTROPOLOGIA DELLO SPORT: CORPI, CONFINI E POTERE NEL MONDO CONTEMPORANEO -\",\"isPartOf\":{\"@id\":\"https:\\\/\\\/www.ledizioni.it\\\/#website\"},\"primaryImageOfPage\":{\"@id\":\"https:\\\/\\\/www.ledizioni.it\\\/prodotto\\\/antropologia-dello-sport-corpi-confini-e-potere-nel-mondo-contemporaneo\\\/#primaryimage\"},\"image\":{\"@id\":\"https:\\\/\\\/www.ledizioni.it\\\/prodotto\\\/antropologia-dello-sport-corpi-confini-e-potere-nel-mondo-contemporaneo\\\/#primaryimage\"},\"thumbnailUrl\":\"https:\\\/\\\/www.ledizioni.it\\\/stag\\\/wp-content\\\/uploads\\\/2024\\\/08\\\/Cover-Besnier-3D.jpg\",\"datePublished\":\"2024-08-25T22:00:00+00:00\",\"dateModified\":\"2024-08-26T14:35:18+00:00\",\"description\":\"Ledizioni - Innovative Publishing. Casa editrice universitaria. Open Access. eBook, ePub. Creative Commons.\",\"breadcrumb\":{\"@id\":\"https:\\\/\\\/www.ledizioni.it\\\/prodotto\\\/antropologia-dello-sport-corpi-confini-e-potere-nel-mondo-contemporaneo\\\/#breadcrumb\"},\"inLanguage\":\"en-GB\",\"potentialAction\":[{\"@type\":\"ReadAction\",\"target\":[\"https:\\\/\\\/www.ledizioni.it\\\/prodotto\\\/antropologia-dello-sport-corpi-confini-e-potere-nel-mondo-contemporaneo\\\/\"]}]},{\"@type\":\"ImageObject\",\"inLanguage\":\"en-GB\",\"@id\":\"https:\\\/\\\/www.ledizioni.it\\\/prodotto\\\/antropologia-dello-sport-corpi-confini-e-potere-nel-mondo-contemporaneo\\\/#primaryimage\",\"url\":\"https:\\\/\\\/www.ledizioni.it\\\/stag\\\/wp-content\\\/uploads\\\/2024\\\/08\\\/Cover-Besnier-3D.jpg\",\"contentUrl\":\"https:\\\/\\\/www.ledizioni.it\\\/stag\\\/wp-content\\\/uploads\\\/2024\\\/08\\\/Cover-Besnier-3D.jpg\",\"width\":1578,\"height\":1974},{\"@type\":\"BreadcrumbList\",\"@id\":\"https:\\\/\\\/www.ledizioni.it\\\/prodotto\\\/antropologia-dello-sport-corpi-confini-e-potere-nel-mondo-contemporaneo\\\/#breadcrumb\",\"itemListElement\":[{\"@type\":\"ListItem\",\"position\":1,\"name\":\"Shop\",\"item\":\"https:\\\/\\\/www.ledizioni.it\\\/shop-2\\\/\"},{\"@type\":\"ListItem\",\"position\":2,\"name\":\"ANTROPOLOGIA DELLO SPORT: CORPI, CONFINI E POTERE NEL MONDO CONTEMPORANEO\"}]},{\"@type\":\"WebSite\",\"@id\":\"https:\\\/\\\/www.ledizioni.it\\\/#website\",\"url\":\"https:\\\/\\\/www.ledizioni.it\\\/\",\"name\":\"Ledizioni\",\"description\":\"The Innovative LediPublishing Company - Casa Editrice Universitaria\",\"publisher\":{\"@id\":\"https:\\\/\\\/www.ledizioni.it\\\/#organization\"},\"potentialAction\":[{\"@type\":\"SearchAction\",\"target\":{\"@type\":\"EntryPoint\",\"urlTemplate\":\"https:\\\/\\\/www.ledizioni.it\\\/?s={search_term_string}\"},\"query-input\":{\"@type\":\"PropertyValueSpecification\",\"valueRequired\":true,\"valueName\":\"search_term_string\"}}],\"inLanguage\":\"en-GB\"},{\"@type\":\"Organization\",\"@id\":\"https:\\\/\\\/www.ledizioni.it\\\/#organization\",\"name\":\"Ledizioni\",\"url\":\"https:\\\/\\\/www.ledizioni.it\\\/\",\"logo\":{\"@type\":\"ImageObject\",\"inLanguage\":\"en-GB\",\"@id\":\"https:\\\/\\\/www.ledizioni.it\\\/#\\\/schema\\\/logo\\\/image\\\/\",\"url\":\"https:\\\/\\\/www.ledizioni.it\\\/stag\\\/wp-content\\\/uploads\\\/2023\\\/10\\\/newlogoledizioni500x110_2-1.jpg\",\"contentUrl\":\"https:\\\/\\\/www.ledizioni.it\\\/stag\\\/wp-content\\\/uploads\\\/2023\\\/10\\\/newlogoledizioni500x110_2-1.jpg\",\"width\":354,\"height\":87,\"caption\":\"Ledizioni\"},\"image\":{\"@id\":\"https:\\\/\\\/www.ledizioni.it\\\/#\\\/schema\\\/logo\\\/image\\\/\"},\"sameAs\":[\"https:\\\/\\\/www.facebook.com\\\/pages\\\/Ledizioni-LediPublishing\\\/109120559173329\",\"https:\\\/\\\/x.com\\\/ledizioni\"]}]}<\/script>\n<!-- \/ Yoast SEO plugin. -->","yoast_head_json":{"title":"ANTROPOLOGIA DELLO SPORT: CORPI, CONFINI E POTERE NEL MONDO CONTEMPORANEO -","description":"Ledizioni - Innovative Publishing. Casa editrice universitaria. Open Access. eBook, ePub. Creative Commons.","robots":{"index":"index","follow":"follow","max-snippet":"max-snippet:-1","max-image-preview":"max-image-preview:large","max-video-preview":"max-video-preview:-1"},"canonical":"https:\/\/www.ledizioni.it\/en\/product\/antropologia-dello-sport-corpi-confini-e-potere-nel-mondo-contemporaneo\/","og_locale":"en_GB","og_type":"article","og_title":"ANTROPOLOGIA DELLO SPORT: CORPI, CONFINI E POTERE NEL MONDO CONTEMPORANEO -","og_description":"Ledizioni - Innovative Publishing. Casa editrice universitaria. Open Access. eBook, ePub. Creative Commons.","og_url":"https:\/\/www.ledizioni.it\/en\/product\/antropologia-dello-sport-corpi-confini-e-potere-nel-mondo-contemporaneo\/","og_site_name":"Ledizioni","article_publisher":"https:\/\/www.facebook.com\/pages\/Ledizioni-LediPublishing\/109120559173329","article_modified_time":"2024-08-26T14:35:18+00:00","og_image":[{"width":1578,"height":1974,"url":"https:\/\/www.ledizioni.it\/stag\/wp-content\/uploads\/2024\/08\/Cover-Besnier-3D.jpg","type":"image\/jpeg"}],"twitter_card":"summary_large_image","twitter_site":"@ledizioni","twitter_misc":{"Estimated reading time":"2 minutes"},"schema":{"@context":"https:\/\/schema.org","@graph":[{"@type":"WebPage","@id":"https:\/\/www.ledizioni.it\/prodotto\/antropologia-dello-sport-corpi-confini-e-potere-nel-mondo-contemporaneo\/","url":"https:\/\/www.ledizioni.it\/prodotto\/antropologia-dello-sport-corpi-confini-e-potere-nel-mondo-contemporaneo\/","name":"ANTROPOLOGIA DELLO SPORT: CORPI, CONFINI E POTERE NEL MONDO CONTEMPORANEO -","isPartOf":{"@id":"https:\/\/www.ledizioni.it\/#website"},"primaryImageOfPage":{"@id":"https:\/\/www.ledizioni.it\/prodotto\/antropologia-dello-sport-corpi-confini-e-potere-nel-mondo-contemporaneo\/#primaryimage"},"image":{"@id":"https:\/\/www.ledizioni.it\/prodotto\/antropologia-dello-sport-corpi-confini-e-potere-nel-mondo-contemporaneo\/#primaryimage"},"thumbnailUrl":"https:\/\/www.ledizioni.it\/stag\/wp-content\/uploads\/2024\/08\/Cover-Besnier-3D.jpg","datePublished":"2024-08-25T22:00:00+00:00","dateModified":"2024-08-26T14:35:18+00:00","description":"Ledizioni - Innovative Publishing. Casa editrice universitaria. Open Access. eBook, ePub. Creative Commons.","breadcrumb":{"@id":"https:\/\/www.ledizioni.it\/prodotto\/antropologia-dello-sport-corpi-confini-e-potere-nel-mondo-contemporaneo\/#breadcrumb"},"inLanguage":"en-GB","potentialAction":[{"@type":"ReadAction","target":["https:\/\/www.ledizioni.it\/prodotto\/antropologia-dello-sport-corpi-confini-e-potere-nel-mondo-contemporaneo\/"]}]},{"@type":"ImageObject","inLanguage":"en-GB","@id":"https:\/\/www.ledizioni.it\/prodotto\/antropologia-dello-sport-corpi-confini-e-potere-nel-mondo-contemporaneo\/#primaryimage","url":"https:\/\/www.ledizioni.it\/stag\/wp-content\/uploads\/2024\/08\/Cover-Besnier-3D.jpg","contentUrl":"https:\/\/www.ledizioni.it\/stag\/wp-content\/uploads\/2024\/08\/Cover-Besnier-3D.jpg","width":1578,"height":1974},{"@type":"BreadcrumbList","@id":"https:\/\/www.ledizioni.it\/prodotto\/antropologia-dello-sport-corpi-confini-e-potere-nel-mondo-contemporaneo\/#breadcrumb","itemListElement":[{"@type":"ListItem","position":1,"name":"Shop","item":"https:\/\/www.ledizioni.it\/shop-2\/"},{"@type":"ListItem","position":2,"name":"ANTROPOLOGIA DELLO SPORT: CORPI, CONFINI E POTERE NEL MONDO CONTEMPORANEO"}]},{"@type":"WebSite","@id":"https:\/\/www.ledizioni.it\/#website","url":"https:\/\/www.ledizioni.it\/","name":"Ledizioni","description":"The Innovative LediPublishing Company - Casa Editrice Universitaria","publisher":{"@id":"https:\/\/www.ledizioni.it\/#organization"},"potentialAction":[{"@type":"SearchAction","target":{"@type":"EntryPoint","urlTemplate":"https:\/\/www.ledizioni.it\/?s={search_term_string}"},"query-input":{"@type":"PropertyValueSpecification","valueRequired":true,"valueName":"search_term_string"}}],"inLanguage":"en-GB"},{"@type":"Organization","@id":"https:\/\/www.ledizioni.it\/#organization","name":"Ledizioni","url":"https:\/\/www.ledizioni.it\/","logo":{"@type":"ImageObject","inLanguage":"en-GB","@id":"https:\/\/www.ledizioni.it\/#\/schema\/logo\/image\/","url":"https:\/\/www.ledizioni.it\/stag\/wp-content\/uploads\/2023\/10\/newlogoledizioni500x110_2-1.jpg","contentUrl":"https:\/\/www.ledizioni.it\/stag\/wp-content\/uploads\/2023\/10\/newlogoledizioni500x110_2-1.jpg","width":354,"height":87,"caption":"Ledizioni"},"image":{"@id":"https:\/\/www.ledizioni.it\/#\/schema\/logo\/image\/"},"sameAs":["https:\/\/www.facebook.com\/pages\/Ledizioni-LediPublishing\/109120559173329","https:\/\/x.com\/ledizioni"]}]}},"jetpack_sharing_enabled":true,"_links":{"self":[{"href":"https:\/\/www.ledizioni.it\/en\/wp-json\/wp\/v2\/product\/66726","targetHints":{"allow":["GET"]}}],"collection":[{"href":"https:\/\/www.ledizioni.it\/en\/wp-json\/wp\/v2\/product"}],"about":[{"href":"https:\/\/www.ledizioni.it\/en\/wp-json\/wp\/v2\/types\/product"}],"replies":[{"embeddable":true,"href":"https:\/\/www.ledizioni.it\/en\/wp-json\/wp\/v2\/comments?post=66726"}],"version-history":[{"count":3,"href":"https:\/\/www.ledizioni.it\/en\/wp-json\/wp\/v2\/product\/66726\/revisions"}],"predecessor-version":[{"id":67032,"href":"https:\/\/www.ledizioni.it\/en\/wp-json\/wp\/v2\/product\/66726\/revisions\/67032"}],"wp:featuredmedia":[{"embeddable":true,"href":"https:\/\/www.ledizioni.it\/en\/wp-json\/wp\/v2\/media\/67029"}],"wp:attachment":[{"href":"https:\/\/www.ledizioni.it\/en\/wp-json\/wp\/v2\/media?parent=66726"}],"wp:term":[{"taxonomy":"product_brand","embeddable":true,"href":"https:\/\/www.ledizioni.it\/en\/wp-json\/wp\/v2\/product_brand?post=66726"},{"taxonomy":"product_cat","embeddable":true,"href":"https:\/\/www.ledizioni.it\/en\/wp-json\/wp\/v2\/product_cat?post=66726"},{"taxonomy":"product_tag","embeddable":true,"href":"https:\/\/www.ledizioni.it\/en\/wp-json\/wp\/v2\/product_tag?post=66726"}],"curies":[{"name":"wp","href":"https:\/\/api.w.org\/{rel}","templated":true}]}}