{"id":67051,"date":"2024-08-27T00:00:00","date_gmt":"2024-08-26T22:00:00","guid":{"rendered":"https:\/\/www.ledizioni.it\/?post_type=product&#038;p=67051"},"modified":"2024-09-02T13:56:39","modified_gmt":"2024-09-02T11:56:39","slug":"xukuru-kariri-pataxo-pataxo-ha-ha-hae","status":"publish","type":"product","link":"https:\/\/www.ledizioni.it\/en\/product\/xukuru-kariri-pataxo-pataxo-ha-ha-hae\/","title":{"rendered":"XUKURU KARIRI, PATAX\u00d3, PATAX\u00d3 H\u00c3 H\u00c3 H\u00c3E"},"content":{"rendered":"<p style=\"text-align: justify;\">Come sopravvivono, nell&#8217;odierna realt\u00e0 globalizzata, alcuni degli attuali gruppi indigeni, non amazzonici, spesso derubricati ad &#8220;urbani&#8221; o non pi\u00f9 considerati tali? Sebbene la sopravvivenza indigena non sia mai stata, essenzialmente, rivolta solo al passato o difensiva, essa nel suo rinnovamento si trova a dover fronteggiare in modo pragmatico, nuovi cammini per rimanere, al tempo stesso, radicata alla tradizione, aperta ed attiva, ai nuovi contesti globali. Questo libro che nasce dall\u2019interesse verso questi temi, basandosi su fatti e casi attuali, celebra, in un\u2019ottica antropologica, la storia, le peregrinazioni, oltre che l\u2019attualit\u00e0 etnografica degli Xukuru Kariri e dei Patax\u00f3, rispettivamente di Brumadinho e di S\u00e3o Joaquim de Bicas, in Minas Gerais (Brasile). Investigando le loro origini, lotte e rivendicazioni territoriali, esso si \u00e8, altres\u00ec, trovato a dover esaminare quel denso pantheon di quesiti analitici e teorici che definiscono il campo della loro specifica costruzione identitaria, mettendo in mostra alcuni dei dilemmi che l\u2019etnografia deve affrontare per comprendere quest\u2019attualit\u00e0. Esso pu\u00f2 essere particolarmente utile a studenti e studiosi d\u2019antropologia sociale culturale e\/o applicata, sociologia, geografia umana e discipline affini alle scienze sociali ed umane. Il tono del testo \u00e8 una via di mezzo tra il riflessivo e l\u2019argomentativo. Esso pu\u00f2 inoltre risultare utile come spazio di dibattito e\/o come esercizio di riflessione sulle ambivalenze della modernit\u00e0.<\/p>\n<hr \/>\n<p><strong>DATI BIBLIOGRAFICI<\/strong><br \/>\nAutore: Oscar Torretta<br \/>\nEditore: Ledizioni<br \/>\nPubblicato in: agosto 2024<br \/>\nFormato: brossura, 219 p. &#8211; ePub<br \/>\nISBN cartaceo: 9791256002252<br \/>\nISBN ePub: 9791256002269 <i class=\"fa fa-circle\"><\/i><br \/>\nPrezzo cartaceo: 24,00 \u20ac<br \/>\nPrezzo ePub: 11,99 \u20ac<\/p>","protected":false},"excerpt":{"rendered":"<p>Come sopravvivono, nell&#8217;odierna realt\u00e0 globalizzata, alcuni degli attuali gruppi indigeni, non amazzonici, spesso derubricati ad &#8220;urbani&#8221; o non pi\u00f9 considerati<\/p>","protected":false},"featured_media":67055,"comment_status":"closed","ping_status":"closed","template":"","meta":{"_acf_changed":false},"product_brand":[],"product_cat":[15],"product_tag":[3106,2645,3104,2651,3107,3105],"class_list":{"0":"post-67051","1":"product","2":"type-product","3":"status-publish","4":"has-post-thumbnail","6":"product_cat-antropologia","7":"product_tag-amazzonia","8":"product_tag-antropologia","9":"product_tag-brasile","10":"product_tag-cultura","11":"product_tag-indigenismo","12":"product_tag-tribu","13":"pa_formato-cartaceo","14":"pa_formato-ebook-in-epub","16":"first","17":"instock","18":"shipping-taxable","19":"purchasable","20":"product-type-variable"},"acf":[],"yoast_head":"<!-- This site is optimized with the Yoast SEO plugin v27.3 - https:\/\/yoast.com\/product\/yoast-seo-wordpress\/ -->\n<title>XUKURU KARIRI, PATAX\u00d3, PATAX\u00d3 H\u00c3 H\u00c3 H\u00c3E -<\/title>\n<meta name=\"description\" content=\"Ledizioni - Innovative Publishing. Casa editrice universitaria. Open Access. eBook, ePub. Creative Commons.\" \/>\n<meta name=\"robots\" content=\"index, follow, max-snippet:-1, max-image-preview:large, max-video-preview:-1\" \/>\n<link rel=\"canonical\" href=\"https:\/\/www.ledizioni.it\/en\/product\/xukuru-kariri-pataxo-pataxo-ha-ha-hae\/\" \/>\n<meta property=\"og:locale\" content=\"en_GB\" \/>\n<meta property=\"og:type\" content=\"article\" \/>\n<meta property=\"og:title\" content=\"XUKURU KARIRI, PATAX\u00d3, PATAX\u00d3 H\u00c3 H\u00c3 H\u00c3E -\" \/>\n<meta property=\"og:description\" content=\"Ledizioni - Innovative Publishing. Casa editrice universitaria. Open Access. eBook, ePub. Creative Commons.\" \/>\n<meta property=\"og:url\" content=\"https:\/\/www.ledizioni.it\/en\/product\/xukuru-kariri-pataxo-pataxo-ha-ha-hae\/\" \/>\n<meta property=\"og:site_name\" content=\"Ledizioni\" \/>\n<meta property=\"article:publisher\" content=\"https:\/\/www.facebook.com\/pages\/Ledizioni-LediPublishing\/109120559173329\" \/>\n<meta property=\"article:modified_time\" content=\"2024-09-02T11:56:39+00:00\" \/>\n<meta property=\"og:image\" content=\"https:\/\/www.ledizioni.it\/stag\/wp-content\/uploads\/2024\/09\/Torretta_cover-2024-3D.jpg\" \/>\n\t<meta property=\"og:image:width\" content=\"1522\" \/>\n\t<meta property=\"og:image:height\" content=\"1968\" \/>\n\t<meta property=\"og:image:type\" content=\"image\/jpeg\" \/>\n<meta name=\"twitter:card\" content=\"summary_large_image\" \/>\n<meta name=\"twitter:site\" content=\"@ledizioni\" \/>\n<meta name=\"twitter:label1\" content=\"Estimated reading time\" \/>\n\t<meta name=\"twitter:data1\" content=\"2 minutes\" \/>\n<script type=\"application\/ld+json\" class=\"yoast-schema-graph\">{\"@context\":\"https:\\\/\\\/schema.org\",\"@graph\":[{\"@type\":\"WebPage\",\"@id\":\"https:\\\/\\\/www.ledizioni.it\\\/en\\\/product\\\/xukuru-kariri-pataxo-pataxo-ha-ha-hae\\\/\",\"url\":\"https:\\\/\\\/www.ledizioni.it\\\/en\\\/product\\\/xukuru-kariri-pataxo-pataxo-ha-ha-hae\\\/\",\"name\":\"XUKURU KARIRI, PATAX\u00d3, PATAX\u00d3 H\u00c3 H\u00c3 H\u00c3E -\",\"isPartOf\":{\"@id\":\"https:\\\/\\\/www.ledizioni.it\\\/#website\"},\"primaryImageOfPage\":{\"@id\":\"https:\\\/\\\/www.ledizioni.it\\\/en\\\/product\\\/xukuru-kariri-pataxo-pataxo-ha-ha-hae\\\/#primaryimage\"},\"image\":{\"@id\":\"https:\\\/\\\/www.ledizioni.it\\\/en\\\/product\\\/xukuru-kariri-pataxo-pataxo-ha-ha-hae\\\/#primaryimage\"},\"thumbnailUrl\":\"https:\\\/\\\/www.ledizioni.it\\\/stag\\\/wp-content\\\/uploads\\\/2024\\\/09\\\/Torretta_cover-2024-3D.jpg\",\"datePublished\":\"2024-08-26T22:00:00+00:00\",\"dateModified\":\"2024-09-02T11:56:39+00:00\",\"description\":\"Ledizioni - Innovative Publishing. Casa editrice universitaria. Open Access. eBook, ePub. Creative Commons.\",\"breadcrumb\":{\"@id\":\"https:\\\/\\\/www.ledizioni.it\\\/en\\\/product\\\/xukuru-kariri-pataxo-pataxo-ha-ha-hae\\\/#breadcrumb\"},\"inLanguage\":\"en-GB\",\"potentialAction\":[{\"@type\":\"ReadAction\",\"target\":[\"https:\\\/\\\/www.ledizioni.it\\\/en\\\/product\\\/xukuru-kariri-pataxo-pataxo-ha-ha-hae\\\/\"]}]},{\"@type\":\"ImageObject\",\"inLanguage\":\"en-GB\",\"@id\":\"https:\\\/\\\/www.ledizioni.it\\\/en\\\/product\\\/xukuru-kariri-pataxo-pataxo-ha-ha-hae\\\/#primaryimage\",\"url\":\"https:\\\/\\\/www.ledizioni.it\\\/stag\\\/wp-content\\\/uploads\\\/2024\\\/09\\\/Torretta_cover-2024-3D.jpg\",\"contentUrl\":\"https:\\\/\\\/www.ledizioni.it\\\/stag\\\/wp-content\\\/uploads\\\/2024\\\/09\\\/Torretta_cover-2024-3D.jpg\",\"width\":1522,\"height\":1968},{\"@type\":\"BreadcrumbList\",\"@id\":\"https:\\\/\\\/www.ledizioni.it\\\/en\\\/product\\\/xukuru-kariri-pataxo-pataxo-ha-ha-hae\\\/#breadcrumb\",\"itemListElement\":[{\"@type\":\"ListItem\",\"position\":1,\"name\":\"Shop\",\"item\":\"https:\\\/\\\/www.ledizioni.it\\\/shop-2\\\/\"},{\"@type\":\"ListItem\",\"position\":2,\"name\":\"XUKURU KARIRI, PATAX\u00d3, PATAX\u00d3 H\u00c3 H\u00c3 H\u00c3E\"}]},{\"@type\":\"WebSite\",\"@id\":\"https:\\\/\\\/www.ledizioni.it\\\/#website\",\"url\":\"https:\\\/\\\/www.ledizioni.it\\\/\",\"name\":\"Ledizioni\",\"description\":\"The Innovative LediPublishing Company - Casa Editrice Universitaria\",\"publisher\":{\"@id\":\"https:\\\/\\\/www.ledizioni.it\\\/#organization\"},\"potentialAction\":[{\"@type\":\"SearchAction\",\"target\":{\"@type\":\"EntryPoint\",\"urlTemplate\":\"https:\\\/\\\/www.ledizioni.it\\\/?s={search_term_string}\"},\"query-input\":{\"@type\":\"PropertyValueSpecification\",\"valueRequired\":true,\"valueName\":\"search_term_string\"}}],\"inLanguage\":\"en-GB\"},{\"@type\":\"Organization\",\"@id\":\"https:\\\/\\\/www.ledizioni.it\\\/#organization\",\"name\":\"Ledizioni\",\"url\":\"https:\\\/\\\/www.ledizioni.it\\\/\",\"logo\":{\"@type\":\"ImageObject\",\"inLanguage\":\"en-GB\",\"@id\":\"https:\\\/\\\/www.ledizioni.it\\\/#\\\/schema\\\/logo\\\/image\\\/\",\"url\":\"https:\\\/\\\/www.ledizioni.it\\\/stag\\\/wp-content\\\/uploads\\\/2023\\\/10\\\/newlogoledizioni500x110_2-1.jpg\",\"contentUrl\":\"https:\\\/\\\/www.ledizioni.it\\\/stag\\\/wp-content\\\/uploads\\\/2023\\\/10\\\/newlogoledizioni500x110_2-1.jpg\",\"width\":354,\"height\":87,\"caption\":\"Ledizioni\"},\"image\":{\"@id\":\"https:\\\/\\\/www.ledizioni.it\\\/#\\\/schema\\\/logo\\\/image\\\/\"},\"sameAs\":[\"https:\\\/\\\/www.facebook.com\\\/pages\\\/Ledizioni-LediPublishing\\\/109120559173329\",\"https:\\\/\\\/x.com\\\/ledizioni\"]}]}<\/script>\n<!-- \/ Yoast SEO plugin. -->","yoast_head_json":{"title":"XUKURU KARIRI, PATAX\u00d3, PATAX\u00d3 H\u00c3 H\u00c3 H\u00c3E -","description":"Ledizioni - Innovative Publishing. Casa editrice universitaria. Open Access. eBook, ePub. Creative Commons.","robots":{"index":"index","follow":"follow","max-snippet":"max-snippet:-1","max-image-preview":"max-image-preview:large","max-video-preview":"max-video-preview:-1"},"canonical":"https:\/\/www.ledizioni.it\/en\/product\/xukuru-kariri-pataxo-pataxo-ha-ha-hae\/","og_locale":"en_GB","og_type":"article","og_title":"XUKURU KARIRI, PATAX\u00d3, PATAX\u00d3 H\u00c3 H\u00c3 H\u00c3E -","og_description":"Ledizioni - Innovative Publishing. Casa editrice universitaria. Open Access. eBook, ePub. Creative Commons.","og_url":"https:\/\/www.ledizioni.it\/en\/product\/xukuru-kariri-pataxo-pataxo-ha-ha-hae\/","og_site_name":"Ledizioni","article_publisher":"https:\/\/www.facebook.com\/pages\/Ledizioni-LediPublishing\/109120559173329","article_modified_time":"2024-09-02T11:56:39+00:00","og_image":[{"width":1522,"height":1968,"url":"https:\/\/www.ledizioni.it\/stag\/wp-content\/uploads\/2024\/09\/Torretta_cover-2024-3D.jpg","type":"image\/jpeg"}],"twitter_card":"summary_large_image","twitter_site":"@ledizioni","twitter_misc":{"Estimated reading time":"2 minutes"},"schema":{"@context":"https:\/\/schema.org","@graph":[{"@type":"WebPage","@id":"https:\/\/www.ledizioni.it\/en\/product\/xukuru-kariri-pataxo-pataxo-ha-ha-hae\/","url":"https:\/\/www.ledizioni.it\/en\/product\/xukuru-kariri-pataxo-pataxo-ha-ha-hae\/","name":"XUKURU KARIRI, PATAX\u00d3, PATAX\u00d3 H\u00c3 H\u00c3 H\u00c3E -","isPartOf":{"@id":"https:\/\/www.ledizioni.it\/#website"},"primaryImageOfPage":{"@id":"https:\/\/www.ledizioni.it\/en\/product\/xukuru-kariri-pataxo-pataxo-ha-ha-hae\/#primaryimage"},"image":{"@id":"https:\/\/www.ledizioni.it\/en\/product\/xukuru-kariri-pataxo-pataxo-ha-ha-hae\/#primaryimage"},"thumbnailUrl":"https:\/\/www.ledizioni.it\/stag\/wp-content\/uploads\/2024\/09\/Torretta_cover-2024-3D.jpg","datePublished":"2024-08-26T22:00:00+00:00","dateModified":"2024-09-02T11:56:39+00:00","description":"Ledizioni - Innovative Publishing. Casa editrice universitaria. Open Access. eBook, ePub. Creative Commons.","breadcrumb":{"@id":"https:\/\/www.ledizioni.it\/en\/product\/xukuru-kariri-pataxo-pataxo-ha-ha-hae\/#breadcrumb"},"inLanguage":"en-GB","potentialAction":[{"@type":"ReadAction","target":["https:\/\/www.ledizioni.it\/en\/product\/xukuru-kariri-pataxo-pataxo-ha-ha-hae\/"]}]},{"@type":"ImageObject","inLanguage":"en-GB","@id":"https:\/\/www.ledizioni.it\/en\/product\/xukuru-kariri-pataxo-pataxo-ha-ha-hae\/#primaryimage","url":"https:\/\/www.ledizioni.it\/stag\/wp-content\/uploads\/2024\/09\/Torretta_cover-2024-3D.jpg","contentUrl":"https:\/\/www.ledizioni.it\/stag\/wp-content\/uploads\/2024\/09\/Torretta_cover-2024-3D.jpg","width":1522,"height":1968},{"@type":"BreadcrumbList","@id":"https:\/\/www.ledizioni.it\/en\/product\/xukuru-kariri-pataxo-pataxo-ha-ha-hae\/#breadcrumb","itemListElement":[{"@type":"ListItem","position":1,"name":"Shop","item":"https:\/\/www.ledizioni.it\/shop-2\/"},{"@type":"ListItem","position":2,"name":"XUKURU KARIRI, PATAX\u00d3, PATAX\u00d3 H\u00c3 H\u00c3 H\u00c3E"}]},{"@type":"WebSite","@id":"https:\/\/www.ledizioni.it\/#website","url":"https:\/\/www.ledizioni.it\/","name":"Ledizioni","description":"The Innovative LediPublishing Company - Casa Editrice Universitaria","publisher":{"@id":"https:\/\/www.ledizioni.it\/#organization"},"potentialAction":[{"@type":"SearchAction","target":{"@type":"EntryPoint","urlTemplate":"https:\/\/www.ledizioni.it\/?s={search_term_string}"},"query-input":{"@type":"PropertyValueSpecification","valueRequired":true,"valueName":"search_term_string"}}],"inLanguage":"en-GB"},{"@type":"Organization","@id":"https:\/\/www.ledizioni.it\/#organization","name":"Ledizioni","url":"https:\/\/www.ledizioni.it\/","logo":{"@type":"ImageObject","inLanguage":"en-GB","@id":"https:\/\/www.ledizioni.it\/#\/schema\/logo\/image\/","url":"https:\/\/www.ledizioni.it\/stag\/wp-content\/uploads\/2023\/10\/newlogoledizioni500x110_2-1.jpg","contentUrl":"https:\/\/www.ledizioni.it\/stag\/wp-content\/uploads\/2023\/10\/newlogoledizioni500x110_2-1.jpg","width":354,"height":87,"caption":"Ledizioni"},"image":{"@id":"https:\/\/www.ledizioni.it\/#\/schema\/logo\/image\/"},"sameAs":["https:\/\/www.facebook.com\/pages\/Ledizioni-LediPublishing\/109120559173329","https:\/\/x.com\/ledizioni"]}]}},"jetpack_sharing_enabled":true,"_links":{"self":[{"href":"https:\/\/www.ledizioni.it\/en\/wp-json\/wp\/v2\/product\/67051","targetHints":{"allow":["GET"]}}],"collection":[{"href":"https:\/\/www.ledizioni.it\/en\/wp-json\/wp\/v2\/product"}],"about":[{"href":"https:\/\/www.ledizioni.it\/en\/wp-json\/wp\/v2\/types\/product"}],"replies":[{"embeddable":true,"href":"https:\/\/www.ledizioni.it\/en\/wp-json\/wp\/v2\/comments?post=67051"}],"version-history":[{"count":2,"href":"https:\/\/www.ledizioni.it\/en\/wp-json\/wp\/v2\/product\/67051\/revisions"}],"predecessor-version":[{"id":67160,"href":"https:\/\/www.ledizioni.it\/en\/wp-json\/wp\/v2\/product\/67051\/revisions\/67160"}],"wp:featuredmedia":[{"embeddable":true,"href":"https:\/\/www.ledizioni.it\/en\/wp-json\/wp\/v2\/media\/67055"}],"wp:attachment":[{"href":"https:\/\/www.ledizioni.it\/en\/wp-json\/wp\/v2\/media?parent=67051"}],"wp:term":[{"taxonomy":"product_brand","embeddable":true,"href":"https:\/\/www.ledizioni.it\/en\/wp-json\/wp\/v2\/product_brand?post=67051"},{"taxonomy":"product_cat","embeddable":true,"href":"https:\/\/www.ledizioni.it\/en\/wp-json\/wp\/v2\/product_cat?post=67051"},{"taxonomy":"product_tag","embeddable":true,"href":"https:\/\/www.ledizioni.it\/en\/wp-json\/wp\/v2\/product_tag?post=67051"}],"curies":[{"name":"wp","href":"https:\/\/api.w.org\/{rel}","templated":true}]}}