{"id":67134,"date":"2024-09-04T00:00:00","date_gmt":"2024-09-03T22:00:00","guid":{"rendered":"https:\/\/www.ledizioni.it\/?post_type=product&#038;p=67134"},"modified":"2024-09-04T11:15:52","modified_gmt":"2024-09-04T09:15:52","slug":"multilinguisme-europeen-et-ia-entre-droit-traduction-et-didactique-des-langues","status":"publish","type":"product","link":"https:\/\/www.ledizioni.it\/en\/product\/multilinguisme-europeen-et-ia-entre-droit-traduction-et-didactique-des-langues\/","title":{"rendered":"MULTILINGUISME EUROP\u00c9EN ET IA ENTRE DROIT, TRADUCTION ET DIDACTIQUE DES LANGUES"},"content":{"rendered":"<div data-elementor-type=\"product-post\" data-elementor-id=\"67134\" class=\"elementor elementor-67134\" data-elementor-post-type=\"product\">\n\t\t\t\t\t\t<section class=\"elementor-section elementor-top-section elementor-element elementor-element-15825302 elementor-section-boxed elementor-section-height-default elementor-section-height-default wd-section-disabled\" data-id=\"15825302\" data-element_type=\"section\" data-e-type=\"section\">\n\t\t\t\t\t\t<div class=\"elementor-container elementor-column-gap-default\">\n\t\t\t\t\t<div class=\"elementor-column elementor-col-100 elementor-top-column elementor-element elementor-element-2d5ac0ec\" data-id=\"2d5ac0ec\" data-element_type=\"column\" data-e-type=\"column\">\n\t\t\t<div class=\"elementor-widget-wrap elementor-element-populated\">\n\t\t\t\t\t\t<div class=\"elementor-element elementor-element-1e9dec5d color-scheme-inherit text-left elementor-widget elementor-widget-text-editor\" data-id=\"1e9dec5d\" data-element_type=\"widget\" data-e-type=\"widget\" data-widget_type=\"text-editor.default\">\n\t\t\t\t<div class=\"elementor-widget-container\">\n\t\t\t\t\t\t\t\t\t<p style=\"text-align: justify;\">Ce num\u00e9ro sp\u00e9cial de la revue <em>De Europa<\/em> recueille les contributions interdisciplinaires et multilingues issues des travaux du groupe de recherche sur les droits et les variations linguistiques en Europe qui ont \u00e9t\u00e9 entam\u00e9es depuis 2020 sous ma direction pour le projet <em>Artificial Intelligence for European Integration \u2014 AI4EI<\/em>. Le projet, promu par l\u2019Universit\u00e9 de Turin et qui a \u00e9t\u00e9 coordonn\u00e9 par Umberto Morelli jusqu\u2019en d\u00e9cembre 2022, est cofinanc\u00e9 par la Commission europ\u00e9enne. Dans la premi\u00e8re partie de ce livre, nous avons rassembl\u00e9 les contributions issues du colloque sur l\u2019intelligence artificielle (d\u00e9sormais IA) et le multilinguisme juridique europ\u00e9en qui a \u00e9t\u00e9 organis\u00e9 par l\u2019Universit\u00e9 Catholique de Lille le 26 mai 2023 en partenariat avec le Centre d\u2019excellence Jean Monnet <em>Artificial Intelligence for European Integration<\/em>. La deuxi\u00e8me partie du livre est consacr\u00e9e \u00e0 l\u2019analyse des donn\u00e9es relatives aux ques- tionnaires soumis pendant l\u2019ann\u00e9e universitaire 2021-2022 aux \u00e9tudiant. e.s des universit\u00e9s qui ont particip\u00e9 au projet. Rappelons que les r\u00e9sultats concernant les questionnaires de l\u2019ann\u00e9e universitaire pr\u00e9c\u00e9dente ont \u00e9t\u00e9 publi\u00e9s en 2023.<\/p><hr \/><p><strong>DATI BIBLIOGRAFICI<\/strong><br \/>A cura di: Rachele Raus, Francesca Bisiani, Maria Margherita Mattioda, Michela Tonti<br \/>Editore: Ledizioni, in collaborazione con l&#8217;Universit\u00e0 di Torino<br \/>Collana: <a href=\"https:\/\/www.ledizioni.it\/en\/product-category\/politica\/de-europa-special-issues\/\">De Europa Special Issues<\/a><br \/>Pubblicato in: agosto 2024 <br \/>Lingue: italiano, inglese, francese<br \/>Formato: brossura, 516 p. &#8211; PDF in OA<br \/>ISBN PDF: 9788875902889<br \/>ISBN cartaceo: 9791256002108<br \/>Prezzo cartaceo: 69,00 \u20ac<\/p>\t\t\t\t\t\t\t\t<\/div>\n\t\t\t\t<\/div>\n\t\t\t\t\t<\/div>\n\t\t<\/div>\n\t\t\t\t\t<\/div>\n\t\t<\/section>\n\t\t\t\t<section class=\"elementor-section elementor-top-section elementor-element elementor-element-33a54d4 elementor-section-boxed elementor-section-height-default elementor-section-height-default wd-section-disabled\" data-id=\"33a54d4\" data-element_type=\"section\" data-e-type=\"section\">\n\t\t\t\t\t\t<div class=\"elementor-container elementor-column-gap-default\">\n\t\t\t\t\t<div class=\"elementor-column elementor-col-100 elementor-top-column elementor-element elementor-element-ced8e0c\" data-id=\"ced8e0c\" data-element_type=\"column\" data-e-type=\"column\">\n\t\t\t<div class=\"elementor-widget-wrap elementor-element-populated\">\n\t\t\t\t\t\t<div class=\"elementor-element elementor-element-ca59d34 elementor-button-danger elementor-align-center elementor-widget elementor-widget-button\" data-id=\"ca59d34\" data-element_type=\"widget\" data-e-type=\"widget\" data-widget_type=\"button.default\">\n\t\t\t\t<div class=\"elementor-widget-container\">\n\t\t\t\t\t\t\t\t\t<div class=\"elementor-button-wrapper\">\n\t\t\t\t\t<a class=\"elementor-button elementor-button-link elementor-size-sm\" href=\"https:\/\/www.ledizioni.it\/en\/download\/67188\/?tmstv=1725441106\" target=\"_blank\">\n\t\t\t\t\t\t<span class=\"elementor-button-content-wrapper\">\n\t\t\t\t\t\t\t\t\t<span class=\"elementor-button-text\">Scarica il PDF Open Access<\/span>\n\t\t\t\t\t<\/span>\n\t\t\t\t\t<\/a>\n\t\t\t\t<\/div>\n\t\t\t\t\t\t\t\t<\/div>\n\t\t\t\t<\/div>\n\t\t\t\t\t<\/div>\n\t\t<\/div>\n\t\t\t\t\t<\/div>\n\t\t<\/section>\n\t\t\t\t<\/div>","protected":false},"excerpt":{"rendered":"<p>Ce num\u00e9ro sp\u00e9cial de la revue De Europa recueille les contributions interdisciplinaires et multilingues issues des travaux du groupe de<\/p>","protected":false},"featured_media":67186,"comment_status":"closed","ping_status":"closed","template":"","meta":{"_acf_changed":false},"product_brand":[],"product_cat":[2755],"product_tag":[2632,764,1641,3114],"class_list":{"0":"post-67134","1":"product","2":"type-product","3":"status-publish","4":"has-post-thumbnail","6":"product_cat-de-europa-special-issues","7":"product_tag-diritto","8":"product_tag-open-access-2","9":"product_tag-unione-europea","10":"product_tag-universita-di-torino","11":"pa_formato-cartaceo","12":"pa_formato-ebook-in-pdf","14":"first","15":"instock","16":"shipping-taxable","17":"purchasable","18":"product-type-variable"},"acf":[],"yoast_head":"<!-- This site is optimized with the Yoast SEO plugin v27.4 - https:\/\/yoast.com\/product\/yoast-seo-wordpress\/ -->\n<title>MULTILINGUISME EUROP\u00c9EN ET IA ENTRE DROIT, TRADUCTION ET DIDACTIQUE DES LANGUES -<\/title>\n<meta name=\"description\" content=\"Ledizioni - Innovative Publishing. Casa editrice universitaria. Open Access. eBook, ePub. Creative Commons.\" \/>\n<meta name=\"robots\" content=\"index, follow, max-snippet:-1, max-image-preview:large, max-video-preview:-1\" \/>\n<link rel=\"canonical\" href=\"https:\/\/www.ledizioni.it\/en\/product\/multilinguisme-europeen-et-ia-entre-droit-traduction-et-didactique-des-langues\/\" \/>\n<meta property=\"og:locale\" content=\"en_GB\" \/>\n<meta property=\"og:type\" content=\"article\" \/>\n<meta property=\"og:title\" content=\"MULTILINGUISME EUROP\u00c9EN ET IA ENTRE DROIT, TRADUCTION ET DIDACTIQUE DES LANGUES -\" \/>\n<meta property=\"og:description\" content=\"Ledizioni - Innovative Publishing. Casa editrice universitaria. Open Access. eBook, ePub. Creative Commons.\" \/>\n<meta property=\"og:url\" content=\"https:\/\/www.ledizioni.it\/en\/product\/multilinguisme-europeen-et-ia-entre-droit-traduction-et-didactique-des-langues\/\" \/>\n<meta property=\"og:site_name\" content=\"Ledizioni\" \/>\n<meta property=\"article:publisher\" content=\"https:\/\/www.facebook.com\/pages\/Ledizioni-LediPublishing\/109120559173329\" \/>\n<meta property=\"article:modified_time\" content=\"2024-09-04T09:15:52+00:00\" \/>\n<meta property=\"og:image\" content=\"https:\/\/www.ledizioni.it\/stag\/wp-content\/uploads\/2024\/09\/02_Print_Cover_MULTI-3D.jpg\" \/>\n\t<meta property=\"og:image:width\" content=\"1498\" \/>\n\t<meta property=\"og:image:height\" content=\"2004\" \/>\n\t<meta property=\"og:image:type\" content=\"image\/jpeg\" \/>\n<meta name=\"twitter:card\" content=\"summary_large_image\" \/>\n<meta name=\"twitter:site\" content=\"@ledizioni\" \/>\n<script type=\"application\/ld+json\" class=\"yoast-schema-graph\">{\"@context\":\"https:\\\/\\\/schema.org\",\"@graph\":[{\"@type\":\"WebPage\",\"@id\":\"https:\\\/\\\/www.ledizioni.it\\\/prodotto\\\/multilinguisme-europeen-et-ia-entre-droit-traduction-et-didactique-des-langues\\\/\",\"url\":\"https:\\\/\\\/www.ledizioni.it\\\/prodotto\\\/multilinguisme-europeen-et-ia-entre-droit-traduction-et-didactique-des-langues\\\/\",\"name\":\"MULTILINGUISME EUROP\u00c9EN ET IA ENTRE DROIT, TRADUCTION ET DIDACTIQUE DES LANGUES -\",\"isPartOf\":{\"@id\":\"https:\\\/\\\/www.ledizioni.it\\\/#website\"},\"primaryImageOfPage\":{\"@id\":\"https:\\\/\\\/www.ledizioni.it\\\/prodotto\\\/multilinguisme-europeen-et-ia-entre-droit-traduction-et-didactique-des-langues\\\/#primaryimage\"},\"image\":{\"@id\":\"https:\\\/\\\/www.ledizioni.it\\\/prodotto\\\/multilinguisme-europeen-et-ia-entre-droit-traduction-et-didactique-des-langues\\\/#primaryimage\"},\"thumbnailUrl\":\"https:\\\/\\\/www.ledizioni.it\\\/stag\\\/wp-content\\\/uploads\\\/2024\\\/09\\\/02_Print_Cover_MULTI-3D.jpg\",\"datePublished\":\"2024-09-03T22:00:00+00:00\",\"dateModified\":\"2024-09-04T09:15:52+00:00\",\"description\":\"Ledizioni - Innovative Publishing. Casa editrice universitaria. Open Access. eBook, ePub. Creative Commons.\",\"breadcrumb\":{\"@id\":\"https:\\\/\\\/www.ledizioni.it\\\/prodotto\\\/multilinguisme-europeen-et-ia-entre-droit-traduction-et-didactique-des-langues\\\/#breadcrumb\"},\"inLanguage\":\"en-GB\",\"potentialAction\":[{\"@type\":\"ReadAction\",\"target\":[\"https:\\\/\\\/www.ledizioni.it\\\/prodotto\\\/multilinguisme-europeen-et-ia-entre-droit-traduction-et-didactique-des-langues\\\/\"]}]},{\"@type\":\"ImageObject\",\"inLanguage\":\"en-GB\",\"@id\":\"https:\\\/\\\/www.ledizioni.it\\\/prodotto\\\/multilinguisme-europeen-et-ia-entre-droit-traduction-et-didactique-des-langues\\\/#primaryimage\",\"url\":\"https:\\\/\\\/www.ledizioni.it\\\/stag\\\/wp-content\\\/uploads\\\/2024\\\/09\\\/02_Print_Cover_MULTI-3D.jpg\",\"contentUrl\":\"https:\\\/\\\/www.ledizioni.it\\\/stag\\\/wp-content\\\/uploads\\\/2024\\\/09\\\/02_Print_Cover_MULTI-3D.jpg\",\"width\":1498,\"height\":2004},{\"@type\":\"BreadcrumbList\",\"@id\":\"https:\\\/\\\/www.ledizioni.it\\\/prodotto\\\/multilinguisme-europeen-et-ia-entre-droit-traduction-et-didactique-des-langues\\\/#breadcrumb\",\"itemListElement\":[{\"@type\":\"ListItem\",\"position\":1,\"name\":\"Shop\",\"item\":\"https:\\\/\\\/www.ledizioni.it\\\/shop-2\\\/\"},{\"@type\":\"ListItem\",\"position\":2,\"name\":\"MULTILINGUISME EUROP\u00c9EN ET IA ENTRE DROIT, TRADUCTION ET DIDACTIQUE DES LANGUES\"}]},{\"@type\":\"WebSite\",\"@id\":\"https:\\\/\\\/www.ledizioni.it\\\/#website\",\"url\":\"https:\\\/\\\/www.ledizioni.it\\\/\",\"name\":\"Ledizioni\",\"description\":\"The Innovative LediPublishing Company - Casa Editrice Universitaria\",\"publisher\":{\"@id\":\"https:\\\/\\\/www.ledizioni.it\\\/#organization\"},\"potentialAction\":[{\"@type\":\"SearchAction\",\"target\":{\"@type\":\"EntryPoint\",\"urlTemplate\":\"https:\\\/\\\/www.ledizioni.it\\\/?s={search_term_string}\"},\"query-input\":{\"@type\":\"PropertyValueSpecification\",\"valueRequired\":true,\"valueName\":\"search_term_string\"}}],\"inLanguage\":\"en-GB\"},{\"@type\":\"Organization\",\"@id\":\"https:\\\/\\\/www.ledizioni.it\\\/#organization\",\"name\":\"Ledizioni\",\"url\":\"https:\\\/\\\/www.ledizioni.it\\\/\",\"logo\":{\"@type\":\"ImageObject\",\"inLanguage\":\"en-GB\",\"@id\":\"https:\\\/\\\/www.ledizioni.it\\\/#\\\/schema\\\/logo\\\/image\\\/\",\"url\":\"https:\\\/\\\/www.ledizioni.it\\\/stag\\\/wp-content\\\/uploads\\\/2023\\\/10\\\/newlogoledizioni500x110_2-1.jpg\",\"contentUrl\":\"https:\\\/\\\/www.ledizioni.it\\\/stag\\\/wp-content\\\/uploads\\\/2023\\\/10\\\/newlogoledizioni500x110_2-1.jpg\",\"width\":354,\"height\":87,\"caption\":\"Ledizioni\"},\"image\":{\"@id\":\"https:\\\/\\\/www.ledizioni.it\\\/#\\\/schema\\\/logo\\\/image\\\/\"},\"sameAs\":[\"https:\\\/\\\/www.facebook.com\\\/pages\\\/Ledizioni-LediPublishing\\\/109120559173329\",\"https:\\\/\\\/x.com\\\/ledizioni\"]}]}<\/script>\n<!-- \/ Yoast SEO plugin. -->","yoast_head_json":{"title":"MULTILINGUISME EUROP\u00c9EN ET IA ENTRE DROIT, TRADUCTION ET DIDACTIQUE DES LANGUES -","description":"Ledizioni - Innovative Publishing. Casa editrice universitaria. Open Access. eBook, ePub. Creative Commons.","robots":{"index":"index","follow":"follow","max-snippet":"max-snippet:-1","max-image-preview":"max-image-preview:large","max-video-preview":"max-video-preview:-1"},"canonical":"https:\/\/www.ledizioni.it\/en\/product\/multilinguisme-europeen-et-ia-entre-droit-traduction-et-didactique-des-langues\/","og_locale":"en_GB","og_type":"article","og_title":"MULTILINGUISME EUROP\u00c9EN ET IA ENTRE DROIT, TRADUCTION ET DIDACTIQUE DES LANGUES -","og_description":"Ledizioni - Innovative Publishing. Casa editrice universitaria. Open Access. eBook, ePub. Creative Commons.","og_url":"https:\/\/www.ledizioni.it\/en\/product\/multilinguisme-europeen-et-ia-entre-droit-traduction-et-didactique-des-langues\/","og_site_name":"Ledizioni","article_publisher":"https:\/\/www.facebook.com\/pages\/Ledizioni-LediPublishing\/109120559173329","article_modified_time":"2024-09-04T09:15:52+00:00","og_image":[{"width":1498,"height":2004,"url":"https:\/\/www.ledizioni.it\/stag\/wp-content\/uploads\/2024\/09\/02_Print_Cover_MULTI-3D.jpg","type":"image\/jpeg"}],"twitter_card":"summary_large_image","twitter_site":"@ledizioni","schema":{"@context":"https:\/\/schema.org","@graph":[{"@type":"WebPage","@id":"https:\/\/www.ledizioni.it\/prodotto\/multilinguisme-europeen-et-ia-entre-droit-traduction-et-didactique-des-langues\/","url":"https:\/\/www.ledizioni.it\/prodotto\/multilinguisme-europeen-et-ia-entre-droit-traduction-et-didactique-des-langues\/","name":"MULTILINGUISME EUROP\u00c9EN ET IA ENTRE DROIT, TRADUCTION ET DIDACTIQUE DES LANGUES -","isPartOf":{"@id":"https:\/\/www.ledizioni.it\/#website"},"primaryImageOfPage":{"@id":"https:\/\/www.ledizioni.it\/prodotto\/multilinguisme-europeen-et-ia-entre-droit-traduction-et-didactique-des-langues\/#primaryimage"},"image":{"@id":"https:\/\/www.ledizioni.it\/prodotto\/multilinguisme-europeen-et-ia-entre-droit-traduction-et-didactique-des-langues\/#primaryimage"},"thumbnailUrl":"https:\/\/www.ledizioni.it\/stag\/wp-content\/uploads\/2024\/09\/02_Print_Cover_MULTI-3D.jpg","datePublished":"2024-09-03T22:00:00+00:00","dateModified":"2024-09-04T09:15:52+00:00","description":"Ledizioni - Innovative Publishing. Casa editrice universitaria. Open Access. eBook, ePub. Creative Commons.","breadcrumb":{"@id":"https:\/\/www.ledizioni.it\/prodotto\/multilinguisme-europeen-et-ia-entre-droit-traduction-et-didactique-des-langues\/#breadcrumb"},"inLanguage":"en-GB","potentialAction":[{"@type":"ReadAction","target":["https:\/\/www.ledizioni.it\/prodotto\/multilinguisme-europeen-et-ia-entre-droit-traduction-et-didactique-des-langues\/"]}]},{"@type":"ImageObject","inLanguage":"en-GB","@id":"https:\/\/www.ledizioni.it\/prodotto\/multilinguisme-europeen-et-ia-entre-droit-traduction-et-didactique-des-langues\/#primaryimage","url":"https:\/\/www.ledizioni.it\/stag\/wp-content\/uploads\/2024\/09\/02_Print_Cover_MULTI-3D.jpg","contentUrl":"https:\/\/www.ledizioni.it\/stag\/wp-content\/uploads\/2024\/09\/02_Print_Cover_MULTI-3D.jpg","width":1498,"height":2004},{"@type":"BreadcrumbList","@id":"https:\/\/www.ledizioni.it\/prodotto\/multilinguisme-europeen-et-ia-entre-droit-traduction-et-didactique-des-langues\/#breadcrumb","itemListElement":[{"@type":"ListItem","position":1,"name":"Shop","item":"https:\/\/www.ledizioni.it\/shop-2\/"},{"@type":"ListItem","position":2,"name":"MULTILINGUISME EUROP\u00c9EN ET IA ENTRE DROIT, TRADUCTION ET DIDACTIQUE DES LANGUES"}]},{"@type":"WebSite","@id":"https:\/\/www.ledizioni.it\/#website","url":"https:\/\/www.ledizioni.it\/","name":"Ledizioni","description":"The Innovative LediPublishing Company - Casa Editrice Universitaria","publisher":{"@id":"https:\/\/www.ledizioni.it\/#organization"},"potentialAction":[{"@type":"SearchAction","target":{"@type":"EntryPoint","urlTemplate":"https:\/\/www.ledizioni.it\/?s={search_term_string}"},"query-input":{"@type":"PropertyValueSpecification","valueRequired":true,"valueName":"search_term_string"}}],"inLanguage":"en-GB"},{"@type":"Organization","@id":"https:\/\/www.ledizioni.it\/#organization","name":"Ledizioni","url":"https:\/\/www.ledizioni.it\/","logo":{"@type":"ImageObject","inLanguage":"en-GB","@id":"https:\/\/www.ledizioni.it\/#\/schema\/logo\/image\/","url":"https:\/\/www.ledizioni.it\/stag\/wp-content\/uploads\/2023\/10\/newlogoledizioni500x110_2-1.jpg","contentUrl":"https:\/\/www.ledizioni.it\/stag\/wp-content\/uploads\/2023\/10\/newlogoledizioni500x110_2-1.jpg","width":354,"height":87,"caption":"Ledizioni"},"image":{"@id":"https:\/\/www.ledizioni.it\/#\/schema\/logo\/image\/"},"sameAs":["https:\/\/www.facebook.com\/pages\/Ledizioni-LediPublishing\/109120559173329","https:\/\/x.com\/ledizioni"]}]}},"jetpack_sharing_enabled":true,"_links":{"self":[{"href":"https:\/\/www.ledizioni.it\/en\/wp-json\/wp\/v2\/product\/67134","targetHints":{"allow":["GET"]}}],"collection":[{"href":"https:\/\/www.ledizioni.it\/en\/wp-json\/wp\/v2\/product"}],"about":[{"href":"https:\/\/www.ledizioni.it\/en\/wp-json\/wp\/v2\/types\/product"}],"replies":[{"embeddable":true,"href":"https:\/\/www.ledizioni.it\/en\/wp-json\/wp\/v2\/comments?post=67134"}],"version-history":[{"count":5,"href":"https:\/\/www.ledizioni.it\/en\/wp-json\/wp\/v2\/product\/67134\/revisions"}],"predecessor-version":[{"id":67195,"href":"https:\/\/www.ledizioni.it\/en\/wp-json\/wp\/v2\/product\/67134\/revisions\/67195"}],"wp:featuredmedia":[{"embeddable":true,"href":"https:\/\/www.ledizioni.it\/en\/wp-json\/wp\/v2\/media\/67186"}],"wp:attachment":[{"href":"https:\/\/www.ledizioni.it\/en\/wp-json\/wp\/v2\/media?parent=67134"}],"wp:term":[{"taxonomy":"product_brand","embeddable":true,"href":"https:\/\/www.ledizioni.it\/en\/wp-json\/wp\/v2\/product_brand?post=67134"},{"taxonomy":"product_cat","embeddable":true,"href":"https:\/\/www.ledizioni.it\/en\/wp-json\/wp\/v2\/product_cat?post=67134"},{"taxonomy":"product_tag","embeddable":true,"href":"https:\/\/www.ledizioni.it\/en\/wp-json\/wp\/v2\/product_tag?post=67134"}],"curies":[{"name":"wp","href":"https:\/\/api.w.org\/{rel}","templated":true}]}}