{"id":6739,"date":"2011-11-22T09:31:59","date_gmt":"2011-11-22T09:31:59","guid":{"rendered":"http:\/\/www.ledizioni.it\/stag\/?post_type=product&#038;p=6739"},"modified":"2017-03-07T14:29:47","modified_gmt":"2017-03-07T14:29:47","slug":"carlo-goldoni-il-servitore-di-due-padroni","status":"publish","type":"product","link":"https:\/\/www.ledizioni.it\/en\/product\/carlo-goldoni-il-servitore-di-due-padroni\/","title":{"rendered":"Carlo Goldoni, Il servitore di due padroni"},"content":{"rendered":"<p>L\u2019opera venne composta nel 1745 in forma di canovaccio per desiderio di Antonio Sacchi \u2013 celebre attore noto per la personificazione della maschera chiamata Truffaldino \u2013 ancora improntata sull\u2019improvvisazione. Con le versioni successive Goldoni prefer\u00ec la forma del copione cos\u00ec come prevedeva la riforma messa in atto dallo stesso autore. Il protagonista \u00e8 Arlecchino che fa da servitore a due diversi padroni ingannando entrambe le parti e creando equivoci, al solo scopo di mangiare a saziet\u00e0.<\/p>\n<h4><span style=\"color: #000000;\">DATI BIBLIOGRAFICI<\/span><\/h4>\n<p>Autore: Carlo Goldoni<br \/>\nEditore: Ledizioni<br \/>\nCollana: <a href=\"http:\/\/www.ledizioni.it\/en\/sito\/collane\/letteratura\/digital-classics\/\">Digital Classics<\/a><br \/>\nFormato: ebook<br \/>\nPubblicato in: settembre 2011<br \/>\nISBN eBook: 9788895994789<br \/>\nPrezzo eBook: 0,99\u00a0\u20ac<\/p>","protected":false},"excerpt":{"rendered":"<p>L\u2019opera venne composta nel 1745 in forma di canovaccio per desiderio di Antonio Sacchi \u2013 celebre attore noto per la<\/p>","protected":false},"featured_media":8664,"comment_status":"open","ping_status":"closed","template":"","meta":{"_acf_changed":false},"product_brand":[],"product_cat":[1031],"product_tag":[1075],"class_list":{"0":"post-6739","1":"product","2":"type-product","3":"status-publish","4":"has-post-thumbnail","6":"product_cat-digital-classics","7":"product_tag-commedia","8":"pa_formato-ebook-in-epub","9":"pa_lingua-italiano","11":"first","12":"instock","13":"downloadable","14":"shipping-taxable","15":"purchasable","16":"product-type-simple"},"acf":[],"yoast_head":"<!-- This site is optimized with the Yoast SEO plugin v27.3 - https:\/\/yoast.com\/product\/yoast-seo-wordpress\/ -->\n<title>Carlo Goldoni, Il servitore di due padroni -<\/title>\n<meta name=\"description\" content=\"Il protagonista della commedia di Goldoni \u00e8 Arlecchino che fa da servitore a due padroni ingannando entrambe le parti, al solo scopo di mangiare a saziet\u00e0.\" \/>\n<meta name=\"robots\" content=\"index, follow, max-snippet:-1, max-image-preview:large, max-video-preview:-1\" \/>\n<link rel=\"canonical\" href=\"https:\/\/www.ledizioni.it\/en\/product\/carlo-goldoni-il-servitore-di-due-padroni\/\" \/>\n<meta property=\"og:locale\" content=\"en_GB\" \/>\n<meta property=\"og:type\" content=\"article\" \/>\n<meta property=\"og:title\" content=\"Carlo Goldoni, Il servitore di due padroni -\" \/>\n<meta property=\"og:description\" content=\"Il protagonista della commedia di Goldoni \u00e8 Arlecchino che fa da servitore a due padroni ingannando entrambe le parti, al solo scopo di mangiare a saziet\u00e0.\" \/>\n<meta property=\"og:url\" content=\"https:\/\/www.ledizioni.it\/en\/product\/carlo-goldoni-il-servitore-di-due-padroni\/\" \/>\n<meta property=\"og:site_name\" content=\"Ledizioni\" \/>\n<meta property=\"article:publisher\" content=\"https:\/\/www.facebook.com\/pages\/Ledizioni-LediPublishing\/109120559173329\" \/>\n<meta property=\"article:modified_time\" content=\"2017-03-07T14:29:47+00:00\" \/>\n<meta property=\"og:image\" content=\"https:\/\/www.ledizioni.it\/stag\/wp-content\/uploads\/2011\/11\/goldoni1.jpg\" \/>\n\t<meta property=\"og:image:width\" content=\"1493\" \/>\n\t<meta property=\"og:image:height\" content=\"2080\" \/>\n\t<meta property=\"og:image:type\" content=\"image\/jpeg\" \/>\n<meta name=\"twitter:card\" content=\"summary_large_image\" \/>\n<meta name=\"twitter:site\" content=\"@ledizioni\" \/>\n<script type=\"application\/ld+json\" class=\"yoast-schema-graph\">{\"@context\":\"https:\\\/\\\/schema.org\",\"@graph\":[{\"@type\":\"WebPage\",\"@id\":\"https:\\\/\\\/www.ledizioni.it\\\/prodotto\\\/carlo-goldoni-il-servitore-di-due-padroni\\\/\",\"url\":\"https:\\\/\\\/www.ledizioni.it\\\/prodotto\\\/carlo-goldoni-il-servitore-di-due-padroni\\\/\",\"name\":\"Carlo Goldoni, Il servitore di due padroni -\",\"isPartOf\":{\"@id\":\"https:\\\/\\\/www.ledizioni.it\\\/#website\"},\"primaryImageOfPage\":{\"@id\":\"https:\\\/\\\/www.ledizioni.it\\\/prodotto\\\/carlo-goldoni-il-servitore-di-due-padroni\\\/#primaryimage\"},\"image\":{\"@id\":\"https:\\\/\\\/www.ledizioni.it\\\/prodotto\\\/carlo-goldoni-il-servitore-di-due-padroni\\\/#primaryimage\"},\"thumbnailUrl\":\"https:\\\/\\\/www.ledizioni.it\\\/stag\\\/wp-content\\\/uploads\\\/2011\\\/11\\\/goldoni1.jpg\",\"datePublished\":\"2011-11-22T09:31:59+00:00\",\"dateModified\":\"2017-03-07T14:29:47+00:00\",\"description\":\"Il protagonista della commedia di Goldoni \u00e8 Arlecchino che fa da servitore a due padroni ingannando entrambe le parti, al solo scopo di mangiare a saziet\u00e0.\",\"breadcrumb\":{\"@id\":\"https:\\\/\\\/www.ledizioni.it\\\/prodotto\\\/carlo-goldoni-il-servitore-di-due-padroni\\\/#breadcrumb\"},\"inLanguage\":\"en-GB\",\"potentialAction\":[{\"@type\":\"ReadAction\",\"target\":[\"https:\\\/\\\/www.ledizioni.it\\\/prodotto\\\/carlo-goldoni-il-servitore-di-due-padroni\\\/\"]}]},{\"@type\":\"ImageObject\",\"inLanguage\":\"en-GB\",\"@id\":\"https:\\\/\\\/www.ledizioni.it\\\/prodotto\\\/carlo-goldoni-il-servitore-di-due-padroni\\\/#primaryimage\",\"url\":\"https:\\\/\\\/www.ledizioni.it\\\/stag\\\/wp-content\\\/uploads\\\/2011\\\/11\\\/goldoni1.jpg\",\"contentUrl\":\"https:\\\/\\\/www.ledizioni.it\\\/stag\\\/wp-content\\\/uploads\\\/2011\\\/11\\\/goldoni1.jpg\",\"width\":1493,\"height\":2080},{\"@type\":\"BreadcrumbList\",\"@id\":\"https:\\\/\\\/www.ledizioni.it\\\/prodotto\\\/carlo-goldoni-il-servitore-di-due-padroni\\\/#breadcrumb\",\"itemListElement\":[{\"@type\":\"ListItem\",\"position\":1,\"name\":\"Shop\",\"item\":\"https:\\\/\\\/www.ledizioni.it\\\/shop-2\\\/\"},{\"@type\":\"ListItem\",\"position\":2,\"name\":\"Carlo Goldoni, Il servitore di due padroni\"}]},{\"@type\":\"WebSite\",\"@id\":\"https:\\\/\\\/www.ledizioni.it\\\/#website\",\"url\":\"https:\\\/\\\/www.ledizioni.it\\\/\",\"name\":\"Ledizioni\",\"description\":\"The Innovative LediPublishing Company - Casa Editrice Universitaria\",\"publisher\":{\"@id\":\"https:\\\/\\\/www.ledizioni.it\\\/#organization\"},\"potentialAction\":[{\"@type\":\"SearchAction\",\"target\":{\"@type\":\"EntryPoint\",\"urlTemplate\":\"https:\\\/\\\/www.ledizioni.it\\\/?s={search_term_string}\"},\"query-input\":{\"@type\":\"PropertyValueSpecification\",\"valueRequired\":true,\"valueName\":\"search_term_string\"}}],\"inLanguage\":\"en-GB\"},{\"@type\":\"Organization\",\"@id\":\"https:\\\/\\\/www.ledizioni.it\\\/#organization\",\"name\":\"Ledizioni\",\"url\":\"https:\\\/\\\/www.ledizioni.it\\\/\",\"logo\":{\"@type\":\"ImageObject\",\"inLanguage\":\"en-GB\",\"@id\":\"https:\\\/\\\/www.ledizioni.it\\\/#\\\/schema\\\/logo\\\/image\\\/\",\"url\":\"https:\\\/\\\/www.ledizioni.it\\\/stag\\\/wp-content\\\/uploads\\\/2023\\\/10\\\/newlogoledizioni500x110_2-1.jpg\",\"contentUrl\":\"https:\\\/\\\/www.ledizioni.it\\\/stag\\\/wp-content\\\/uploads\\\/2023\\\/10\\\/newlogoledizioni500x110_2-1.jpg\",\"width\":354,\"height\":87,\"caption\":\"Ledizioni\"},\"image\":{\"@id\":\"https:\\\/\\\/www.ledizioni.it\\\/#\\\/schema\\\/logo\\\/image\\\/\"},\"sameAs\":[\"https:\\\/\\\/www.facebook.com\\\/pages\\\/Ledizioni-LediPublishing\\\/109120559173329\",\"https:\\\/\\\/x.com\\\/ledizioni\"]}]}<\/script>\n<!-- \/ Yoast SEO plugin. -->","yoast_head_json":{"title":"Carlo Goldoni, Il servitore di due padroni -","description":"Il protagonista della commedia di Goldoni \u00e8 Arlecchino che fa da servitore a due padroni ingannando entrambe le parti, al solo scopo di mangiare a saziet\u00e0.","robots":{"index":"index","follow":"follow","max-snippet":"max-snippet:-1","max-image-preview":"max-image-preview:large","max-video-preview":"max-video-preview:-1"},"canonical":"https:\/\/www.ledizioni.it\/en\/product\/carlo-goldoni-il-servitore-di-due-padroni\/","og_locale":"en_GB","og_type":"article","og_title":"Carlo Goldoni, Il servitore di due padroni -","og_description":"Il protagonista della commedia di Goldoni \u00e8 Arlecchino che fa da servitore a due padroni ingannando entrambe le parti, al solo scopo di mangiare a saziet\u00e0.","og_url":"https:\/\/www.ledizioni.it\/en\/product\/carlo-goldoni-il-servitore-di-due-padroni\/","og_site_name":"Ledizioni","article_publisher":"https:\/\/www.facebook.com\/pages\/Ledizioni-LediPublishing\/109120559173329","article_modified_time":"2017-03-07T14:29:47+00:00","og_image":[{"width":1493,"height":2080,"url":"https:\/\/www.ledizioni.it\/stag\/wp-content\/uploads\/2011\/11\/goldoni1.jpg","type":"image\/jpeg"}],"twitter_card":"summary_large_image","twitter_site":"@ledizioni","schema":{"@context":"https:\/\/schema.org","@graph":[{"@type":"WebPage","@id":"https:\/\/www.ledizioni.it\/prodotto\/carlo-goldoni-il-servitore-di-due-padroni\/","url":"https:\/\/www.ledizioni.it\/prodotto\/carlo-goldoni-il-servitore-di-due-padroni\/","name":"Carlo Goldoni, Il servitore di due padroni -","isPartOf":{"@id":"https:\/\/www.ledizioni.it\/#website"},"primaryImageOfPage":{"@id":"https:\/\/www.ledizioni.it\/prodotto\/carlo-goldoni-il-servitore-di-due-padroni\/#primaryimage"},"image":{"@id":"https:\/\/www.ledizioni.it\/prodotto\/carlo-goldoni-il-servitore-di-due-padroni\/#primaryimage"},"thumbnailUrl":"https:\/\/www.ledizioni.it\/stag\/wp-content\/uploads\/2011\/11\/goldoni1.jpg","datePublished":"2011-11-22T09:31:59+00:00","dateModified":"2017-03-07T14:29:47+00:00","description":"Il protagonista della commedia di Goldoni \u00e8 Arlecchino che fa da servitore a due padroni ingannando entrambe le parti, al solo scopo di mangiare a saziet\u00e0.","breadcrumb":{"@id":"https:\/\/www.ledizioni.it\/prodotto\/carlo-goldoni-il-servitore-di-due-padroni\/#breadcrumb"},"inLanguage":"en-GB","potentialAction":[{"@type":"ReadAction","target":["https:\/\/www.ledizioni.it\/prodotto\/carlo-goldoni-il-servitore-di-due-padroni\/"]}]},{"@type":"ImageObject","inLanguage":"en-GB","@id":"https:\/\/www.ledizioni.it\/prodotto\/carlo-goldoni-il-servitore-di-due-padroni\/#primaryimage","url":"https:\/\/www.ledizioni.it\/stag\/wp-content\/uploads\/2011\/11\/goldoni1.jpg","contentUrl":"https:\/\/www.ledizioni.it\/stag\/wp-content\/uploads\/2011\/11\/goldoni1.jpg","width":1493,"height":2080},{"@type":"BreadcrumbList","@id":"https:\/\/www.ledizioni.it\/prodotto\/carlo-goldoni-il-servitore-di-due-padroni\/#breadcrumb","itemListElement":[{"@type":"ListItem","position":1,"name":"Shop","item":"https:\/\/www.ledizioni.it\/shop-2\/"},{"@type":"ListItem","position":2,"name":"Carlo Goldoni, Il servitore di due padroni"}]},{"@type":"WebSite","@id":"https:\/\/www.ledizioni.it\/#website","url":"https:\/\/www.ledizioni.it\/","name":"Ledizioni","description":"The Innovative LediPublishing Company - Casa Editrice Universitaria","publisher":{"@id":"https:\/\/www.ledizioni.it\/#organization"},"potentialAction":[{"@type":"SearchAction","target":{"@type":"EntryPoint","urlTemplate":"https:\/\/www.ledizioni.it\/?s={search_term_string}"},"query-input":{"@type":"PropertyValueSpecification","valueRequired":true,"valueName":"search_term_string"}}],"inLanguage":"en-GB"},{"@type":"Organization","@id":"https:\/\/www.ledizioni.it\/#organization","name":"Ledizioni","url":"https:\/\/www.ledizioni.it\/","logo":{"@type":"ImageObject","inLanguage":"en-GB","@id":"https:\/\/www.ledizioni.it\/#\/schema\/logo\/image\/","url":"https:\/\/www.ledizioni.it\/stag\/wp-content\/uploads\/2023\/10\/newlogoledizioni500x110_2-1.jpg","contentUrl":"https:\/\/www.ledizioni.it\/stag\/wp-content\/uploads\/2023\/10\/newlogoledizioni500x110_2-1.jpg","width":354,"height":87,"caption":"Ledizioni"},"image":{"@id":"https:\/\/www.ledizioni.it\/#\/schema\/logo\/image\/"},"sameAs":["https:\/\/www.facebook.com\/pages\/Ledizioni-LediPublishing\/109120559173329","https:\/\/x.com\/ledizioni"]}]}},"jetpack_sharing_enabled":true,"_links":{"self":[{"href":"https:\/\/www.ledizioni.it\/en\/wp-json\/wp\/v2\/product\/6739","targetHints":{"allow":["GET"]}}],"collection":[{"href":"https:\/\/www.ledizioni.it\/en\/wp-json\/wp\/v2\/product"}],"about":[{"href":"https:\/\/www.ledizioni.it\/en\/wp-json\/wp\/v2\/types\/product"}],"replies":[{"embeddable":true,"href":"https:\/\/www.ledizioni.it\/en\/wp-json\/wp\/v2\/comments?post=6739"}],"version-history":[{"count":1,"href":"https:\/\/www.ledizioni.it\/en\/wp-json\/wp\/v2\/product\/6739\/revisions"}],"predecessor-version":[{"id":8381,"href":"https:\/\/www.ledizioni.it\/en\/wp-json\/wp\/v2\/product\/6739\/revisions\/8381"}],"wp:featuredmedia":[{"embeddable":true,"href":"https:\/\/www.ledizioni.it\/en\/wp-json\/wp\/v2\/media\/8664"}],"wp:attachment":[{"href":"https:\/\/www.ledizioni.it\/en\/wp-json\/wp\/v2\/media?parent=6739"}],"wp:term":[{"taxonomy":"product_brand","embeddable":true,"href":"https:\/\/www.ledizioni.it\/en\/wp-json\/wp\/v2\/product_brand?post=6739"},{"taxonomy":"product_cat","embeddable":true,"href":"https:\/\/www.ledizioni.it\/en\/wp-json\/wp\/v2\/product_cat?post=6739"},{"taxonomy":"product_tag","embeddable":true,"href":"https:\/\/www.ledizioni.it\/en\/wp-json\/wp\/v2\/product_tag?post=6739"}],"curies":[{"name":"wp","href":"https:\/\/api.w.org\/{rel}","templated":true}]}}