{"id":67448,"date":"2024-09-13T14:40:02","date_gmt":"2024-09-13T12:40:02","guid":{"rendered":"https:\/\/www.ledizioni.it\/?post_type=product&#038;p=67448"},"modified":"2024-10-08T09:23:50","modified_gmt":"2024-10-08T07:23:50","slug":"40-anni-di-scavi-ricerche-e-attivita-delluniversita-degli-studi-di-milano-a-tarquinia","status":"publish","type":"product","link":"https:\/\/www.ledizioni.it\/en\/product\/40-anni-di-scavi-ricerche-e-attivita-delluniversita-degli-studi-di-milano-a-tarquinia\/","title":{"rendered":"40 ANNI DI SCAVI, RICERCHE E ATTIVIT\u00c0 DELL\u2019UNIVERSIT\u00c0 DEGLI STUDI DI MILANO A TARQUINIA"},"content":{"rendered":"<div data-elementor-type=\"product-post\" data-elementor-id=\"67448\" class=\"elementor elementor-67448\" data-elementor-post-type=\"product\">\n\t\t\t\t\t\t<section class=\"elementor-section elementor-top-section elementor-element elementor-element-6e11f7cb elementor-section-boxed elementor-section-height-default elementor-section-height-default wd-section-disabled\" data-id=\"6e11f7cb\" data-element_type=\"section\" data-e-type=\"section\">\n\t\t\t\t\t\t<div class=\"elementor-container elementor-column-gap-default\">\n\t\t\t\t\t<div class=\"elementor-column elementor-col-100 elementor-top-column elementor-element elementor-element-9daca9\" data-id=\"9daca9\" data-element_type=\"column\" data-e-type=\"column\">\n\t\t\t<div class=\"elementor-widget-wrap elementor-element-populated\">\n\t\t\t\t\t\t<div class=\"elementor-element elementor-element-20476af5 color-scheme-inherit text-left elementor-widget elementor-widget-text-editor\" data-id=\"20476af5\" data-element_type=\"widget\" data-e-type=\"widget\" data-widget_type=\"text-editor.default\">\n\t\t\t\t<div class=\"elementor-widget-container\">\n\t\t\t\t\t\t\t\t\t<p style=\"text-align: justify;\">La festa del 17 e 18 settembre 2022 ha rappresentato un momento significativo di collaborazione tra l&#8217;Universit\u00e0 di Milano, la citt\u00e0 di Tarquinia e la comunit\u00e0 scientifica. Questo volume ne raccoglie gli esiti e celebra Maria Bonghi Jovino, professore emerito dell&#8217;Universit\u00e0 di Milano e cittadina onoraria di Tarquinia, riconosciuta come &#8220;eroe fondatore&#8221; per la sua ricerca archeologica avviata quarant&#8217;anni fa. Il suo lavoro ha posto le basi per una ricerca fortemente caratterizzata in senso interdisciplinare e internazionale, sempre attenta alla sensibilizzazione del pubblico verso l&#8217;antica citt\u00e0 etrusca. Il volume presenta una ricca panoramica su Tarquinia, spaziando dall&#8217;archeologia alla storia, alla religione etrusca, con particolare attenzione a tematiche come l\u2019interdisciplinarit\u00e0, l\u2019internazionalizzazione e la terza missione, oltre che alla tutela del paesaggio culturale.<\/p>\n<hr>\n<p><strong>DATI BIBLIOGRAFICI<\/strong><br>\nA cura di: Giovanna Bagnasco Gianni<br>\nEditore: <a href=\"https:\/\/www.ledizioni.it\/en\/product-category\/milanoup\/\">Milano University Press<\/a><br>\nPubblicato nel: settembre 2024 <br>\nFormato: brossura con alette, 202 p.<br>\nISBN cartaceo: 9791255101703<br>\nPrezzo cartaceo: 49,00 \u20ac<\/p>\t\t\t\t\t\t\t\t<\/div>\n\t\t\t\t<\/div>\n\t\t\t\t\t<\/div>\n\t\t<\/div>\n\t\t\t\t\t<\/div>\n\t\t<\/section>\n\t\t\t\t<section class=\"elementor-section elementor-top-section elementor-element elementor-element-e5d22e0 elementor-section-boxed elementor-section-height-default elementor-section-height-default wd-section-disabled\" data-id=\"e5d22e0\" data-element_type=\"section\" data-e-type=\"section\">\n\t\t\t\t\t\t<div class=\"elementor-container elementor-column-gap-default\">\n\t\t\t\t\t<div class=\"elementor-column elementor-col-100 elementor-top-column elementor-element elementor-element-5ff6350\" data-id=\"5ff6350\" data-element_type=\"column\" data-e-type=\"column\">\n\t\t\t<div class=\"elementor-widget-wrap elementor-element-populated\">\n\t\t\t\t\t\t<div class=\"elementor-element elementor-element-9981613 elementor-button-danger elementor-align-center elementor-widget elementor-widget-button\" data-id=\"9981613\" data-element_type=\"widget\" data-e-type=\"widget\" data-widget_type=\"button.default\">\n\t\t\t\t<div class=\"elementor-widget-container\">\n\t\t\t\t\t\t\t\t\t<div class=\"elementor-button-wrapper\">\n\t\t\t\t\t<a class=\"elementor-button elementor-button-link elementor-size-sm\" href=\"https:\/\/libri.unimi.it\/index.php\/tarchna\/catalog\/book\/191\" target=\"_blank\">\n\t\t\t\t\t\t<span class=\"elementor-button-content-wrapper\">\n\t\t\t\t\t\t\t\t\t<span class=\"elementor-button-text\">Scarica il PDF Open Access dal sito Milano University Press<\/span>\n\t\t\t\t\t<\/span>\n\t\t\t\t\t<\/a>\n\t\t\t\t<\/div>\n\t\t\t\t\t\t\t\t<\/div>\n\t\t\t\t<\/div>\n\t\t\t\t\t<\/div>\n\t\t<\/div>\n\t\t\t\t\t<\/div>\n\t\t<\/section>\n\t\t\t\t<\/div>","protected":false},"excerpt":{"rendered":"<p>La festa del 17 e 18 settembre 2022 ha rappresentato un momento significativo di collaborazione tra l&#8217;Universit\u00e0 di Milano, la<\/p>","protected":false},"featured_media":67449,"comment_status":"open","ping_status":"closed","template":"","meta":{"_acf_changed":false},"product_brand":[],"product_cat":[2336],"product_tag":[2634,2343,1709,3119,1458],"class_list":{"0":"post-67448","1":"product","2":"type-product","3":"status-publish","4":"has-post-thumbnail","6":"product_cat-milanoup","7":"product_tag-archeologia","8":"product_tag-milano-university-press","9":"product_tag-scavi","10":"product_tag-tarchna","11":"product_tag-tarquinia","13":"first","14":"instock","15":"shipping-taxable","16":"purchasable","17":"product-type-simple"},"acf":[],"yoast_head":"<!-- This site is optimized with the Yoast SEO plugin v27.3 - https:\/\/yoast.com\/product\/yoast-seo-wordpress\/ -->\n<title>40 ANNI DI SCAVI, RICERCHE E ATTIVIT\u00c0 DELL\u2019UNIVERSIT\u00c0 DEGLI STUDI DI MILANO A TARQUINIA -<\/title>\n<meta name=\"description\" content=\"Ledizioni - Innovative Publishing. Casa editrice universitaria. Open Access. eBook, ePub. Creative Commons.\" \/>\n<meta name=\"robots\" content=\"index, follow, max-snippet:-1, max-image-preview:large, max-video-preview:-1\" \/>\n<link rel=\"canonical\" href=\"https:\/\/www.ledizioni.it\/en\/product\/40-anni-di-scavi-ricerche-e-attivita-delluniversita-degli-studi-di-milano-a-tarquinia\/\" \/>\n<meta property=\"og:locale\" content=\"en_GB\" \/>\n<meta property=\"og:type\" content=\"article\" \/>\n<meta property=\"og:title\" content=\"40 ANNI DI SCAVI, RICERCHE E ATTIVIT\u00c0 DELL\u2019UNIVERSIT\u00c0 DEGLI STUDI DI MILANO A TARQUINIA -\" \/>\n<meta property=\"og:description\" content=\"Ledizioni - Innovative Publishing. Casa editrice universitaria. Open Access. eBook, ePub. Creative Commons.\" \/>\n<meta property=\"og:url\" content=\"https:\/\/www.ledizioni.it\/en\/product\/40-anni-di-scavi-ricerche-e-attivita-delluniversita-degli-studi-di-milano-a-tarquinia\/\" \/>\n<meta property=\"og:site_name\" content=\"Ledizioni\" \/>\n<meta property=\"article:publisher\" content=\"https:\/\/www.facebook.com\/pages\/Ledizioni-LediPublishing\/109120559173329\" \/>\n<meta property=\"article:modified_time\" content=\"2024-10-08T07:23:50+00:00\" \/>\n<meta property=\"og:image\" content=\"https:\/\/www.ledizioni.it\/stag\/wp-content\/uploads\/2024\/09\/Copertina-Atti-Suppl10-V2-3D.jpg\" \/>\n\t<meta property=\"og:image:width\" content=\"1504\" \/>\n\t<meta property=\"og:image:height\" content=\"1998\" \/>\n\t<meta property=\"og:image:type\" content=\"image\/jpeg\" \/>\n<meta name=\"twitter:card\" content=\"summary_large_image\" \/>\n<meta name=\"twitter:site\" content=\"@ledizioni\" \/>\n<meta name=\"twitter:label1\" content=\"Estimated reading time\" \/>\n\t<meta name=\"twitter:data1\" content=\"2 minutes\" \/>\n<script type=\"application\/ld+json\" class=\"yoast-schema-graph\">{\"@context\":\"https:\\\/\\\/schema.org\",\"@graph\":[{\"@type\":\"WebPage\",\"@id\":\"https:\\\/\\\/www.ledizioni.it\\\/prodotto\\\/40-anni-di-scavi-ricerche-e-attivita-delluniversita-degli-studi-di-milano-a-tarquinia\\\/\",\"url\":\"https:\\\/\\\/www.ledizioni.it\\\/prodotto\\\/40-anni-di-scavi-ricerche-e-attivita-delluniversita-degli-studi-di-milano-a-tarquinia\\\/\",\"name\":\"40 ANNI DI SCAVI, RICERCHE E ATTIVIT\u00c0 DELL\u2019UNIVERSIT\u00c0 DEGLI STUDI DI MILANO A TARQUINIA -\",\"isPartOf\":{\"@id\":\"https:\\\/\\\/www.ledizioni.it\\\/#website\"},\"primaryImageOfPage\":{\"@id\":\"https:\\\/\\\/www.ledizioni.it\\\/prodotto\\\/40-anni-di-scavi-ricerche-e-attivita-delluniversita-degli-studi-di-milano-a-tarquinia\\\/#primaryimage\"},\"image\":{\"@id\":\"https:\\\/\\\/www.ledizioni.it\\\/prodotto\\\/40-anni-di-scavi-ricerche-e-attivita-delluniversita-degli-studi-di-milano-a-tarquinia\\\/#primaryimage\"},\"thumbnailUrl\":\"https:\\\/\\\/www.ledizioni.it\\\/stag\\\/wp-content\\\/uploads\\\/2024\\\/09\\\/Copertina-Atti-Suppl10-V2-3D.jpg\",\"datePublished\":\"2024-09-13T12:40:02+00:00\",\"dateModified\":\"2024-10-08T07:23:50+00:00\",\"description\":\"Ledizioni - Innovative Publishing. Casa editrice universitaria. Open Access. eBook, ePub. Creative Commons.\",\"breadcrumb\":{\"@id\":\"https:\\\/\\\/www.ledizioni.it\\\/prodotto\\\/40-anni-di-scavi-ricerche-e-attivita-delluniversita-degli-studi-di-milano-a-tarquinia\\\/#breadcrumb\"},\"inLanguage\":\"en-GB\",\"potentialAction\":[{\"@type\":\"ReadAction\",\"target\":[\"https:\\\/\\\/www.ledizioni.it\\\/prodotto\\\/40-anni-di-scavi-ricerche-e-attivita-delluniversita-degli-studi-di-milano-a-tarquinia\\\/\"]}]},{\"@type\":\"ImageObject\",\"inLanguage\":\"en-GB\",\"@id\":\"https:\\\/\\\/www.ledizioni.it\\\/prodotto\\\/40-anni-di-scavi-ricerche-e-attivita-delluniversita-degli-studi-di-milano-a-tarquinia\\\/#primaryimage\",\"url\":\"https:\\\/\\\/www.ledizioni.it\\\/stag\\\/wp-content\\\/uploads\\\/2024\\\/09\\\/Copertina-Atti-Suppl10-V2-3D.jpg\",\"contentUrl\":\"https:\\\/\\\/www.ledizioni.it\\\/stag\\\/wp-content\\\/uploads\\\/2024\\\/09\\\/Copertina-Atti-Suppl10-V2-3D.jpg\",\"width\":1504,\"height\":1998},{\"@type\":\"BreadcrumbList\",\"@id\":\"https:\\\/\\\/www.ledizioni.it\\\/prodotto\\\/40-anni-di-scavi-ricerche-e-attivita-delluniversita-degli-studi-di-milano-a-tarquinia\\\/#breadcrumb\",\"itemListElement\":[{\"@type\":\"ListItem\",\"position\":1,\"name\":\"Shop\",\"item\":\"https:\\\/\\\/www.ledizioni.it\\\/shop-2\\\/\"},{\"@type\":\"ListItem\",\"position\":2,\"name\":\"40 ANNI DI SCAVI, RICERCHE E ATTIVIT\u00c0 DELL\u2019UNIVERSIT\u00c0 DEGLI STUDI DI MILANO A TARQUINIA\"}]},{\"@type\":\"WebSite\",\"@id\":\"https:\\\/\\\/www.ledizioni.it\\\/#website\",\"url\":\"https:\\\/\\\/www.ledizioni.it\\\/\",\"name\":\"Ledizioni\",\"description\":\"The Innovative LediPublishing Company - Casa Editrice Universitaria\",\"publisher\":{\"@id\":\"https:\\\/\\\/www.ledizioni.it\\\/#organization\"},\"potentialAction\":[{\"@type\":\"SearchAction\",\"target\":{\"@type\":\"EntryPoint\",\"urlTemplate\":\"https:\\\/\\\/www.ledizioni.it\\\/?s={search_term_string}\"},\"query-input\":{\"@type\":\"PropertyValueSpecification\",\"valueRequired\":true,\"valueName\":\"search_term_string\"}}],\"inLanguage\":\"en-GB\"},{\"@type\":\"Organization\",\"@id\":\"https:\\\/\\\/www.ledizioni.it\\\/#organization\",\"name\":\"Ledizioni\",\"url\":\"https:\\\/\\\/www.ledizioni.it\\\/\",\"logo\":{\"@type\":\"ImageObject\",\"inLanguage\":\"en-GB\",\"@id\":\"https:\\\/\\\/www.ledizioni.it\\\/#\\\/schema\\\/logo\\\/image\\\/\",\"url\":\"https:\\\/\\\/www.ledizioni.it\\\/stag\\\/wp-content\\\/uploads\\\/2023\\\/10\\\/newlogoledizioni500x110_2-1.jpg\",\"contentUrl\":\"https:\\\/\\\/www.ledizioni.it\\\/stag\\\/wp-content\\\/uploads\\\/2023\\\/10\\\/newlogoledizioni500x110_2-1.jpg\",\"width\":354,\"height\":87,\"caption\":\"Ledizioni\"},\"image\":{\"@id\":\"https:\\\/\\\/www.ledizioni.it\\\/#\\\/schema\\\/logo\\\/image\\\/\"},\"sameAs\":[\"https:\\\/\\\/www.facebook.com\\\/pages\\\/Ledizioni-LediPublishing\\\/109120559173329\",\"https:\\\/\\\/x.com\\\/ledizioni\"]}]}<\/script>\n<!-- \/ Yoast SEO plugin. -->","yoast_head_json":{"title":"40 ANNI DI SCAVI, RICERCHE E ATTIVIT\u00c0 DELL\u2019UNIVERSIT\u00c0 DEGLI STUDI DI MILANO A TARQUINIA -","description":"Ledizioni - Innovative Publishing. Casa editrice universitaria. Open Access. eBook, ePub. Creative Commons.","robots":{"index":"index","follow":"follow","max-snippet":"max-snippet:-1","max-image-preview":"max-image-preview:large","max-video-preview":"max-video-preview:-1"},"canonical":"https:\/\/www.ledizioni.it\/en\/product\/40-anni-di-scavi-ricerche-e-attivita-delluniversita-degli-studi-di-milano-a-tarquinia\/","og_locale":"en_GB","og_type":"article","og_title":"40 ANNI DI SCAVI, RICERCHE E ATTIVIT\u00c0 DELL\u2019UNIVERSIT\u00c0 DEGLI STUDI DI MILANO A TARQUINIA -","og_description":"Ledizioni - Innovative Publishing. Casa editrice universitaria. Open Access. eBook, ePub. Creative Commons.","og_url":"https:\/\/www.ledizioni.it\/en\/product\/40-anni-di-scavi-ricerche-e-attivita-delluniversita-degli-studi-di-milano-a-tarquinia\/","og_site_name":"Ledizioni","article_publisher":"https:\/\/www.facebook.com\/pages\/Ledizioni-LediPublishing\/109120559173329","article_modified_time":"2024-10-08T07:23:50+00:00","og_image":[{"width":1504,"height":1998,"url":"https:\/\/www.ledizioni.it\/stag\/wp-content\/uploads\/2024\/09\/Copertina-Atti-Suppl10-V2-3D.jpg","type":"image\/jpeg"}],"twitter_card":"summary_large_image","twitter_site":"@ledizioni","twitter_misc":{"Estimated reading time":"2 minutes"},"schema":{"@context":"https:\/\/schema.org","@graph":[{"@type":"WebPage","@id":"https:\/\/www.ledizioni.it\/prodotto\/40-anni-di-scavi-ricerche-e-attivita-delluniversita-degli-studi-di-milano-a-tarquinia\/","url":"https:\/\/www.ledizioni.it\/prodotto\/40-anni-di-scavi-ricerche-e-attivita-delluniversita-degli-studi-di-milano-a-tarquinia\/","name":"40 ANNI DI SCAVI, RICERCHE E ATTIVIT\u00c0 DELL\u2019UNIVERSIT\u00c0 DEGLI STUDI DI MILANO A TARQUINIA -","isPartOf":{"@id":"https:\/\/www.ledizioni.it\/#website"},"primaryImageOfPage":{"@id":"https:\/\/www.ledizioni.it\/prodotto\/40-anni-di-scavi-ricerche-e-attivita-delluniversita-degli-studi-di-milano-a-tarquinia\/#primaryimage"},"image":{"@id":"https:\/\/www.ledizioni.it\/prodotto\/40-anni-di-scavi-ricerche-e-attivita-delluniversita-degli-studi-di-milano-a-tarquinia\/#primaryimage"},"thumbnailUrl":"https:\/\/www.ledizioni.it\/stag\/wp-content\/uploads\/2024\/09\/Copertina-Atti-Suppl10-V2-3D.jpg","datePublished":"2024-09-13T12:40:02+00:00","dateModified":"2024-10-08T07:23:50+00:00","description":"Ledizioni - Innovative Publishing. Casa editrice universitaria. Open Access. eBook, ePub. Creative Commons.","breadcrumb":{"@id":"https:\/\/www.ledizioni.it\/prodotto\/40-anni-di-scavi-ricerche-e-attivita-delluniversita-degli-studi-di-milano-a-tarquinia\/#breadcrumb"},"inLanguage":"en-GB","potentialAction":[{"@type":"ReadAction","target":["https:\/\/www.ledizioni.it\/prodotto\/40-anni-di-scavi-ricerche-e-attivita-delluniversita-degli-studi-di-milano-a-tarquinia\/"]}]},{"@type":"ImageObject","inLanguage":"en-GB","@id":"https:\/\/www.ledizioni.it\/prodotto\/40-anni-di-scavi-ricerche-e-attivita-delluniversita-degli-studi-di-milano-a-tarquinia\/#primaryimage","url":"https:\/\/www.ledizioni.it\/stag\/wp-content\/uploads\/2024\/09\/Copertina-Atti-Suppl10-V2-3D.jpg","contentUrl":"https:\/\/www.ledizioni.it\/stag\/wp-content\/uploads\/2024\/09\/Copertina-Atti-Suppl10-V2-3D.jpg","width":1504,"height":1998},{"@type":"BreadcrumbList","@id":"https:\/\/www.ledizioni.it\/prodotto\/40-anni-di-scavi-ricerche-e-attivita-delluniversita-degli-studi-di-milano-a-tarquinia\/#breadcrumb","itemListElement":[{"@type":"ListItem","position":1,"name":"Shop","item":"https:\/\/www.ledizioni.it\/shop-2\/"},{"@type":"ListItem","position":2,"name":"40 ANNI DI SCAVI, RICERCHE E ATTIVIT\u00c0 DELL\u2019UNIVERSIT\u00c0 DEGLI STUDI DI MILANO A TARQUINIA"}]},{"@type":"WebSite","@id":"https:\/\/www.ledizioni.it\/#website","url":"https:\/\/www.ledizioni.it\/","name":"Ledizioni","description":"The Innovative LediPublishing Company - Casa Editrice Universitaria","publisher":{"@id":"https:\/\/www.ledizioni.it\/#organization"},"potentialAction":[{"@type":"SearchAction","target":{"@type":"EntryPoint","urlTemplate":"https:\/\/www.ledizioni.it\/?s={search_term_string}"},"query-input":{"@type":"PropertyValueSpecification","valueRequired":true,"valueName":"search_term_string"}}],"inLanguage":"en-GB"},{"@type":"Organization","@id":"https:\/\/www.ledizioni.it\/#organization","name":"Ledizioni","url":"https:\/\/www.ledizioni.it\/","logo":{"@type":"ImageObject","inLanguage":"en-GB","@id":"https:\/\/www.ledizioni.it\/#\/schema\/logo\/image\/","url":"https:\/\/www.ledizioni.it\/stag\/wp-content\/uploads\/2023\/10\/newlogoledizioni500x110_2-1.jpg","contentUrl":"https:\/\/www.ledizioni.it\/stag\/wp-content\/uploads\/2023\/10\/newlogoledizioni500x110_2-1.jpg","width":354,"height":87,"caption":"Ledizioni"},"image":{"@id":"https:\/\/www.ledizioni.it\/#\/schema\/logo\/image\/"},"sameAs":["https:\/\/www.facebook.com\/pages\/Ledizioni-LediPublishing\/109120559173329","https:\/\/x.com\/ledizioni"]}]}},"jetpack_sharing_enabled":true,"_links":{"self":[{"href":"https:\/\/www.ledizioni.it\/en\/wp-json\/wp\/v2\/product\/67448","targetHints":{"allow":["GET"]}}],"collection":[{"href":"https:\/\/www.ledizioni.it\/en\/wp-json\/wp\/v2\/product"}],"about":[{"href":"https:\/\/www.ledizioni.it\/en\/wp-json\/wp\/v2\/types\/product"}],"replies":[{"embeddable":true,"href":"https:\/\/www.ledizioni.it\/en\/wp-json\/wp\/v2\/comments?post=67448"}],"version-history":[{"count":6,"href":"https:\/\/www.ledizioni.it\/en\/wp-json\/wp\/v2\/product\/67448\/revisions"}],"predecessor-version":[{"id":68216,"href":"https:\/\/www.ledizioni.it\/en\/wp-json\/wp\/v2\/product\/67448\/revisions\/68216"}],"wp:featuredmedia":[{"embeddable":true,"href":"https:\/\/www.ledizioni.it\/en\/wp-json\/wp\/v2\/media\/67449"}],"wp:attachment":[{"href":"https:\/\/www.ledizioni.it\/en\/wp-json\/wp\/v2\/media?parent=67448"}],"wp:term":[{"taxonomy":"product_brand","embeddable":true,"href":"https:\/\/www.ledizioni.it\/en\/wp-json\/wp\/v2\/product_brand?post=67448"},{"taxonomy":"product_cat","embeddable":true,"href":"https:\/\/www.ledizioni.it\/en\/wp-json\/wp\/v2\/product_cat?post=67448"},{"taxonomy":"product_tag","embeddable":true,"href":"https:\/\/www.ledizioni.it\/en\/wp-json\/wp\/v2\/product_tag?post=67448"}],"curies":[{"name":"wp","href":"https:\/\/api.w.org\/{rel}","templated":true}]}}