{"id":6750,"date":"2012-03-20T11:36:52","date_gmt":"2012-03-20T11:36:52","guid":{"rendered":"http:\/\/www.ledizioni.it\/stag\/?post_type=product&#038;p=6750"},"modified":"2018-11-23T09:21:14","modified_gmt":"2018-11-23T09:21:14","slug":"marta-boneschi-quel-che-il-cuore-sapeva-brossura","status":"publish","type":"product","link":"https:\/\/www.ledizioni.it\/en\/product\/marta-boneschi-quel-che-il-cuore-sapeva-brossura\/","title":{"rendered":"QUEL CHE IL CUORE SAPEVA"},"content":{"rendered":"<p style=\"text-align: justify;\">[amazon_link asins=&#8217;8867050044&#8242; template=&#8217;PriceLink1&#8242; store=&#8217;ledizioni-21&#8242; marketplace=&#8217;IT&#8217; link_id=&#8217;1acc914f-ef01-11e8-ad08-0d5679845b96&#8242;]<\/p>\n<p style=\"text-align: justify;\">\u201cMa che ne sa il cuore?\u201d domanda Alessandro Manzoni nei Promessi Sposi, e risponde con ironia: \u201cAppena un poco di quello che \u00e8 gi\u00e0 accaduto\u201d. In realt\u00e0, dalla madre Giulia Beccaria lui stesso aveva appreso che il sentimento \u00e8 il sale di un una vita saggia e sincera. A sua volta, Giulia aveva imparato a caro prezzo quanto pu\u00f2 essere tormentoso vivere ignorando le ragioni del cuore.<br \/>\nGiulia \u00e8 nata nella Milano dei lumi settecenteschi, che si apre alla modernit\u00e0. Figlia primogenita di Cesare Beccaria, autore del libro famoso in tutta Europa <em>Dei delitti e delle pene<\/em>, e di Teresa de Blasco, protagonista assoluta della mondanit\u00e0 cittadina. Uscita a diciott\u2019anni dal collegio in cui era stata rinchiusa sei anni prima, s\u2019innamora, ricambiata, di Giovanni Verri, fratello di Pietro e Alessandro, ma le ferree consuetudini dell\u2019epoca le proibiscono di sposarlo: lui \u00e8 un cadetto spiantato, lei una ragazza senza dote. Viene destinata allo scialbo Pietro Manzoni, un nobile un po\u2019 pi\u00f9 anziano di suo padre. Ma l\u2019amore tra Giulia e Giovanni \u00e8 tutt\u2019altro che finito: nel 1785 nasce Alessandro Manzoni, figlio \u201cbastardo\u201d di un Verri e di una Beccaria.<br \/>\nForte e sincera, Giulia \u00e8 decisa a dipanare quel groviglio di menzogne che \u00e8 diventata la sua vita: lascia Giovanni, ormai cinico e infedele; chiede la separazione da Pietro; affida Alessandro a un collegio, e ricomincia da se stessa.<br \/>\nA Giulia Beccaria dobbiamo delle scuse: considerata a lungo una peccatrice, un\u2019adultera, una madre snaturata, \u00e8 stata invece il pilastro di una mirabile costruzione familiare. La sua famiglia moderna, ispirata all\u2019ideale di Rousseau e di Pietro Verri, fondata sull\u2019affetto pi\u00f9 che sull\u2019interesse, su un progetto comune pi\u00f9 che sul lignaggio, \u00e8 la stessa che ancora oggi la maggior parte delle persone vorrebbe avere intorno a s\u00e9, la stessa in cui molti di noi vorrebbero avere la buona sorte di nascere e vivere.<\/p>\n<h3 style=\"text-align: justify;\"><strong><span style=\"color: #000000;\">DATI BIBLIOGRAFICI<\/span><\/strong><\/h3>\n<p style=\"text-align: justify;\">Autori: Marta Boneschi<br \/>\nEditore: Ledizioni<br \/>\nCollana: <a title=\"Storica reprint\" href=\"http:\/\/www.ledizioni.it\/en\/collane\/storia\/storica-reprint\/\">Storica Reprint<\/a><br \/>\nFormato: Brossura<br \/>\nPubblicato in: marzo 2012<br \/>\nISBN:\u00a09788867050048 (cartaceo) \/ 9788867050062 (epub)<br \/>\nPrezzo: 21,00 \u20ac (cartaceo) \/ 7,99 \u20ac (epub)<\/p>\n<p><a href=\"http:\/\/www.mondadoristore.it\/Quel-che-cuore-sapeva-Giulia-Marta-Boneschi\/eai978886705004\/?sessionToken=NIpwiKXu4PTDOhRykG5B2ksS1CIwO9rJ\" target=\"_blank\" rel=\"noopener\"><img decoding=\"async\" class=\"alignnone size-full wp-image-14398 aligncenter\" src=\"http:\/\/www.ledizioni.it\/stag\/wp-content\/uploads\/2012\/06\/red-podok.jpg\" alt=\"Pod MondadoriStore\" width=\"200\" height=\"82\" \/><\/a><\/p>","protected":false},"excerpt":{"rendered":"<p>[amazon_link asins=&#8217;8867050044&#8242; template=&#8217;PriceLink1&#8242; store=&#8217;ledizioni-21&#8242; marketplace=&#8217;IT&#8217; link_id=&#8217;1acc914f-ef01-11e8-ad08-0d5679845b96&#8242;] \u201cMa che ne sa il cuore?\u201d domanda Alessandro Manzoni nei Promessi Sposi, e risponde<\/p>","protected":false},"featured_media":8189,"comment_status":"open","ping_status":"closed","template":"","meta":{"_acf_changed":false},"product_brand":[],"product_cat":[559],"product_tag":[844,655,846],"class_list":{"0":"post-6750","1":"product","2":"type-product","3":"status-publish","4":"has-post-thumbnail","6":"product_cat-storica-reprints","7":"product_tag-manzoni-2","8":"product_tag-milano","9":"product_tag-storia-italiana","10":"pa_formato-cartaceo","11":"pa_formato-ebook-in-epub","12":"pa_lingua-italiano","14":"first","15":"instock","16":"shipping-taxable","17":"purchasable","18":"product-type-variable"},"acf":[],"yoast_head":"<!-- This site is optimized with the Yoast SEO plugin v27.4 - https:\/\/yoast.com\/product\/yoast-seo-wordpress\/ -->\n<title>QUEL CHE IL CUORE SAPEVA -<\/title>\n<meta name=\"description\" content=\"Opera su Giulia Beccaria: considerata a lungo una peccatrice, un\u2019adultera, \u00e8 stata invece il pilastro di una mirabile costruzione familiare.\" \/>\n<meta name=\"robots\" content=\"index, follow, max-snippet:-1, max-image-preview:large, max-video-preview:-1\" \/>\n<link rel=\"canonical\" href=\"https:\/\/www.ledizioni.it\/en\/product\/marta-boneschi-quel-che-il-cuore-sapeva-brossura\/\" \/>\n<meta property=\"og:locale\" content=\"en_GB\" \/>\n<meta property=\"og:type\" content=\"article\" \/>\n<meta property=\"og:title\" content=\"QUEL CHE IL CUORE SAPEVA -\" \/>\n<meta property=\"og:description\" content=\"Opera su Giulia Beccaria: considerata a lungo una peccatrice, un\u2019adultera, \u00e8 stata invece il pilastro di una mirabile costruzione familiare.\" \/>\n<meta property=\"og:url\" content=\"https:\/\/www.ledizioni.it\/en\/product\/marta-boneschi-quel-che-il-cuore-sapeva-brossura\/\" \/>\n<meta property=\"og:site_name\" content=\"Ledizioni\" \/>\n<meta property=\"article:publisher\" content=\"https:\/\/www.facebook.com\/pages\/Ledizioni-LediPublishing\/109120559173329\" \/>\n<meta property=\"article:modified_time\" content=\"2018-11-23T09:21:14+00:00\" \/>\n<meta property=\"og:image\" content=\"https:\/\/www.ledizioni.it\/stag\/wp-content\/uploads\/2012\/03\/3d.jpg\" \/>\n\t<meta property=\"og:image:width\" content=\"1503\" \/>\n\t<meta property=\"og:image:height\" content=\"2035\" \/>\n\t<meta property=\"og:image:type\" content=\"image\/jpeg\" \/>\n<meta name=\"twitter:card\" content=\"summary_large_image\" \/>\n<meta name=\"twitter:site\" content=\"@ledizioni\" \/>\n<meta name=\"twitter:label1\" content=\"Estimated reading time\" \/>\n\t<meta name=\"twitter:data1\" content=\"2 minutes\" \/>\n<script type=\"application\/ld+json\" class=\"yoast-schema-graph\">{\"@context\":\"https:\\\/\\\/schema.org\",\"@graph\":[{\"@type\":\"WebPage\",\"@id\":\"https:\\\/\\\/www.ledizioni.it\\\/prodotto\\\/marta-boneschi-quel-che-il-cuore-sapeva-brossura\\\/\",\"url\":\"https:\\\/\\\/www.ledizioni.it\\\/prodotto\\\/marta-boneschi-quel-che-il-cuore-sapeva-brossura\\\/\",\"name\":\"QUEL CHE IL CUORE SAPEVA -\",\"isPartOf\":{\"@id\":\"https:\\\/\\\/www.ledizioni.it\\\/#website\"},\"primaryImageOfPage\":{\"@id\":\"https:\\\/\\\/www.ledizioni.it\\\/prodotto\\\/marta-boneschi-quel-che-il-cuore-sapeva-brossura\\\/#primaryimage\"},\"image\":{\"@id\":\"https:\\\/\\\/www.ledizioni.it\\\/prodotto\\\/marta-boneschi-quel-che-il-cuore-sapeva-brossura\\\/#primaryimage\"},\"thumbnailUrl\":\"https:\\\/\\\/www.ledizioni.it\\\/stag\\\/wp-content\\\/uploads\\\/2012\\\/03\\\/3d.jpg\",\"datePublished\":\"2012-03-20T11:36:52+00:00\",\"dateModified\":\"2018-11-23T09:21:14+00:00\",\"description\":\"Opera su Giulia Beccaria: considerata a lungo una peccatrice, un\u2019adultera, \u00e8 stata invece il pilastro di una mirabile costruzione familiare.\",\"breadcrumb\":{\"@id\":\"https:\\\/\\\/www.ledizioni.it\\\/prodotto\\\/marta-boneschi-quel-che-il-cuore-sapeva-brossura\\\/#breadcrumb\"},\"inLanguage\":\"en-GB\",\"potentialAction\":[{\"@type\":\"ReadAction\",\"target\":[\"https:\\\/\\\/www.ledizioni.it\\\/prodotto\\\/marta-boneschi-quel-che-il-cuore-sapeva-brossura\\\/\"]}]},{\"@type\":\"ImageObject\",\"inLanguage\":\"en-GB\",\"@id\":\"https:\\\/\\\/www.ledizioni.it\\\/prodotto\\\/marta-boneschi-quel-che-il-cuore-sapeva-brossura\\\/#primaryimage\",\"url\":\"https:\\\/\\\/www.ledizioni.it\\\/stag\\\/wp-content\\\/uploads\\\/2012\\\/03\\\/3d.jpg\",\"contentUrl\":\"https:\\\/\\\/www.ledizioni.it\\\/stag\\\/wp-content\\\/uploads\\\/2012\\\/03\\\/3d.jpg\",\"width\":1503,\"height\":2035},{\"@type\":\"BreadcrumbList\",\"@id\":\"https:\\\/\\\/www.ledizioni.it\\\/prodotto\\\/marta-boneschi-quel-che-il-cuore-sapeva-brossura\\\/#breadcrumb\",\"itemListElement\":[{\"@type\":\"ListItem\",\"position\":1,\"name\":\"Shop\",\"item\":\"https:\\\/\\\/www.ledizioni.it\\\/shop-2\\\/\"},{\"@type\":\"ListItem\",\"position\":2,\"name\":\"QUEL CHE IL CUORE SAPEVA\"}]},{\"@type\":\"WebSite\",\"@id\":\"https:\\\/\\\/www.ledizioni.it\\\/#website\",\"url\":\"https:\\\/\\\/www.ledizioni.it\\\/\",\"name\":\"Ledizioni\",\"description\":\"The Innovative LediPublishing Company - Casa Editrice Universitaria\",\"publisher\":{\"@id\":\"https:\\\/\\\/www.ledizioni.it\\\/#organization\"},\"potentialAction\":[{\"@type\":\"SearchAction\",\"target\":{\"@type\":\"EntryPoint\",\"urlTemplate\":\"https:\\\/\\\/www.ledizioni.it\\\/?s={search_term_string}\"},\"query-input\":{\"@type\":\"PropertyValueSpecification\",\"valueRequired\":true,\"valueName\":\"search_term_string\"}}],\"inLanguage\":\"en-GB\"},{\"@type\":\"Organization\",\"@id\":\"https:\\\/\\\/www.ledizioni.it\\\/#organization\",\"name\":\"Ledizioni\",\"url\":\"https:\\\/\\\/www.ledizioni.it\\\/\",\"logo\":{\"@type\":\"ImageObject\",\"inLanguage\":\"en-GB\",\"@id\":\"https:\\\/\\\/www.ledizioni.it\\\/#\\\/schema\\\/logo\\\/image\\\/\",\"url\":\"https:\\\/\\\/www.ledizioni.it\\\/stag\\\/wp-content\\\/uploads\\\/2023\\\/10\\\/newlogoledizioni500x110_2-1.jpg\",\"contentUrl\":\"https:\\\/\\\/www.ledizioni.it\\\/stag\\\/wp-content\\\/uploads\\\/2023\\\/10\\\/newlogoledizioni500x110_2-1.jpg\",\"width\":354,\"height\":87,\"caption\":\"Ledizioni\"},\"image\":{\"@id\":\"https:\\\/\\\/www.ledizioni.it\\\/#\\\/schema\\\/logo\\\/image\\\/\"},\"sameAs\":[\"https:\\\/\\\/www.facebook.com\\\/pages\\\/Ledizioni-LediPublishing\\\/109120559173329\",\"https:\\\/\\\/x.com\\\/ledizioni\"]}]}<\/script>\n<!-- \/ Yoast SEO plugin. -->","yoast_head_json":{"title":"QUEL CHE IL CUORE SAPEVA -","description":"Opera su Giulia Beccaria: considerata a lungo una peccatrice, un\u2019adultera, \u00e8 stata invece il pilastro di una mirabile costruzione familiare.","robots":{"index":"index","follow":"follow","max-snippet":"max-snippet:-1","max-image-preview":"max-image-preview:large","max-video-preview":"max-video-preview:-1"},"canonical":"https:\/\/www.ledizioni.it\/en\/product\/marta-boneschi-quel-che-il-cuore-sapeva-brossura\/","og_locale":"en_GB","og_type":"article","og_title":"QUEL CHE IL CUORE SAPEVA -","og_description":"Opera su Giulia Beccaria: considerata a lungo una peccatrice, un\u2019adultera, \u00e8 stata invece il pilastro di una mirabile costruzione familiare.","og_url":"https:\/\/www.ledizioni.it\/en\/product\/marta-boneschi-quel-che-il-cuore-sapeva-brossura\/","og_site_name":"Ledizioni","article_publisher":"https:\/\/www.facebook.com\/pages\/Ledizioni-LediPublishing\/109120559173329","article_modified_time":"2018-11-23T09:21:14+00:00","og_image":[{"width":1503,"height":2035,"url":"https:\/\/www.ledizioni.it\/stag\/wp-content\/uploads\/2012\/03\/3d.jpg","type":"image\/jpeg"}],"twitter_card":"summary_large_image","twitter_site":"@ledizioni","twitter_misc":{"Estimated reading time":"2 minutes"},"schema":{"@context":"https:\/\/schema.org","@graph":[{"@type":"WebPage","@id":"https:\/\/www.ledizioni.it\/prodotto\/marta-boneschi-quel-che-il-cuore-sapeva-brossura\/","url":"https:\/\/www.ledizioni.it\/prodotto\/marta-boneschi-quel-che-il-cuore-sapeva-brossura\/","name":"QUEL CHE IL CUORE SAPEVA -","isPartOf":{"@id":"https:\/\/www.ledizioni.it\/#website"},"primaryImageOfPage":{"@id":"https:\/\/www.ledizioni.it\/prodotto\/marta-boneschi-quel-che-il-cuore-sapeva-brossura\/#primaryimage"},"image":{"@id":"https:\/\/www.ledizioni.it\/prodotto\/marta-boneschi-quel-che-il-cuore-sapeva-brossura\/#primaryimage"},"thumbnailUrl":"https:\/\/www.ledizioni.it\/stag\/wp-content\/uploads\/2012\/03\/3d.jpg","datePublished":"2012-03-20T11:36:52+00:00","dateModified":"2018-11-23T09:21:14+00:00","description":"Opera su Giulia Beccaria: considerata a lungo una peccatrice, un\u2019adultera, \u00e8 stata invece il pilastro di una mirabile costruzione familiare.","breadcrumb":{"@id":"https:\/\/www.ledizioni.it\/prodotto\/marta-boneschi-quel-che-il-cuore-sapeva-brossura\/#breadcrumb"},"inLanguage":"en-GB","potentialAction":[{"@type":"ReadAction","target":["https:\/\/www.ledizioni.it\/prodotto\/marta-boneschi-quel-che-il-cuore-sapeva-brossura\/"]}]},{"@type":"ImageObject","inLanguage":"en-GB","@id":"https:\/\/www.ledizioni.it\/prodotto\/marta-boneschi-quel-che-il-cuore-sapeva-brossura\/#primaryimage","url":"https:\/\/www.ledizioni.it\/stag\/wp-content\/uploads\/2012\/03\/3d.jpg","contentUrl":"https:\/\/www.ledizioni.it\/stag\/wp-content\/uploads\/2012\/03\/3d.jpg","width":1503,"height":2035},{"@type":"BreadcrumbList","@id":"https:\/\/www.ledizioni.it\/prodotto\/marta-boneschi-quel-che-il-cuore-sapeva-brossura\/#breadcrumb","itemListElement":[{"@type":"ListItem","position":1,"name":"Shop","item":"https:\/\/www.ledizioni.it\/shop-2\/"},{"@type":"ListItem","position":2,"name":"QUEL CHE IL CUORE SAPEVA"}]},{"@type":"WebSite","@id":"https:\/\/www.ledizioni.it\/#website","url":"https:\/\/www.ledizioni.it\/","name":"Ledizioni","description":"The Innovative LediPublishing Company - Casa Editrice Universitaria","publisher":{"@id":"https:\/\/www.ledizioni.it\/#organization"},"potentialAction":[{"@type":"SearchAction","target":{"@type":"EntryPoint","urlTemplate":"https:\/\/www.ledizioni.it\/?s={search_term_string}"},"query-input":{"@type":"PropertyValueSpecification","valueRequired":true,"valueName":"search_term_string"}}],"inLanguage":"en-GB"},{"@type":"Organization","@id":"https:\/\/www.ledizioni.it\/#organization","name":"Ledizioni","url":"https:\/\/www.ledizioni.it\/","logo":{"@type":"ImageObject","inLanguage":"en-GB","@id":"https:\/\/www.ledizioni.it\/#\/schema\/logo\/image\/","url":"https:\/\/www.ledizioni.it\/stag\/wp-content\/uploads\/2023\/10\/newlogoledizioni500x110_2-1.jpg","contentUrl":"https:\/\/www.ledizioni.it\/stag\/wp-content\/uploads\/2023\/10\/newlogoledizioni500x110_2-1.jpg","width":354,"height":87,"caption":"Ledizioni"},"image":{"@id":"https:\/\/www.ledizioni.it\/#\/schema\/logo\/image\/"},"sameAs":["https:\/\/www.facebook.com\/pages\/Ledizioni-LediPublishing\/109120559173329","https:\/\/x.com\/ledizioni"]}]}},"jetpack_sharing_enabled":true,"_links":{"self":[{"href":"https:\/\/www.ledizioni.it\/en\/wp-json\/wp\/v2\/product\/6750","targetHints":{"allow":["GET"]}}],"collection":[{"href":"https:\/\/www.ledizioni.it\/en\/wp-json\/wp\/v2\/product"}],"about":[{"href":"https:\/\/www.ledizioni.it\/en\/wp-json\/wp\/v2\/types\/product"}],"replies":[{"embeddable":true,"href":"https:\/\/www.ledizioni.it\/en\/wp-json\/wp\/v2\/comments?post=6750"}],"version-history":[{"count":1,"href":"https:\/\/www.ledizioni.it\/en\/wp-json\/wp\/v2\/product\/6750\/revisions"}],"predecessor-version":[{"id":6926,"href":"https:\/\/www.ledizioni.it\/en\/wp-json\/wp\/v2\/product\/6750\/revisions\/6926"}],"wp:featuredmedia":[{"embeddable":true,"href":"https:\/\/www.ledizioni.it\/en\/wp-json\/wp\/v2\/media\/8189"}],"wp:attachment":[{"href":"https:\/\/www.ledizioni.it\/en\/wp-json\/wp\/v2\/media?parent=6750"}],"wp:term":[{"taxonomy":"product_brand","embeddable":true,"href":"https:\/\/www.ledizioni.it\/en\/wp-json\/wp\/v2\/product_brand?post=6750"},{"taxonomy":"product_cat","embeddable":true,"href":"https:\/\/www.ledizioni.it\/en\/wp-json\/wp\/v2\/product_cat?post=6750"},{"taxonomy":"product_tag","embeddable":true,"href":"https:\/\/www.ledizioni.it\/en\/wp-json\/wp\/v2\/product_tag?post=6750"}],"curies":[{"name":"wp","href":"https:\/\/api.w.org\/{rel}","templated":true}]}}