{"id":67540,"date":"2024-09-20T00:00:00","date_gmt":"2024-09-19T22:00:00","guid":{"rendered":"https:\/\/www.ledizioni.it\/?post_type=product&#038;p=67540"},"modified":"2024-09-23T12:58:34","modified_gmt":"2024-09-23T10:58:34","slug":"i-convegno-della-societa-italiana-di-scienze-bibliografiche-e-biblioteconomiche-sisbb","status":"publish","type":"product","link":"https:\/\/www.ledizioni.it\/en\/product\/i-convegno-della-societa-italiana-di-scienze-bibliografiche-e-biblioteconomiche-sisbb\/","title":{"rendered":"I CONVEGNO DELLA SOCIET\u00c0 ITALIANA DI SCIENZE BIBLIOGRAFICHE E BIBLIOTECONOMICHE (SISBB)"},"content":{"rendered":"<div data-elementor-type=\"product-post\" data-elementor-id=\"67540\" class=\"elementor elementor-67540\" data-elementor-post-type=\"product\">\n\t\t\t\t\t\t<section class=\"wd-negative-gap elementor-section elementor-top-section elementor-element elementor-element-1e3331cc elementor-section-boxed elementor-section-height-default elementor-section-height-default wd-section-disabled\" data-id=\"1e3331cc\" data-element_type=\"section\" data-e-type=\"section\">\n\t\t\t\t\t\t<div class=\"elementor-container elementor-column-gap-default\">\n\t\t\t\t\t<div class=\"elementor-column elementor-col-100 elementor-top-column elementor-element elementor-element-3f14b38d\" data-id=\"3f14b38d\" data-element_type=\"column\" data-e-type=\"column\">\n\t\t\t<div class=\"elementor-widget-wrap elementor-element-populated\">\n\t\t\t\t\t\t<div class=\"elementor-element elementor-element-7adb5966 color-scheme-inherit text-left elementor-widget elementor-widget-text-editor\" data-id=\"7adb5966\" data-element_type=\"widget\" data-e-type=\"widget\" data-widget_type=\"text-editor.default\">\n\t\t\t\t<div class=\"elementor-widget-container\">\n\t\t\t\t\t\t\t\t\t<p style=\"text-align: justify;\">La Societ\u00e0 italiana di scienze bibliografiche e biblioteconomiche (SISBB) si \u00e8 costituita, alla fine del 2011, come associazione accademica rappresentativa diversi aspetti delle discipline del libro. A dieci anni dalla sua nascita, ha deciso di avviare una serie di convegni, aperti a tutti gli ambiti di studio che ne caratterizzano l&#8217;orizzonte scientifico, quale occasione di incontro e di riflessione tra i soci. Il primo convegno, svoltosi a Cagliari dal 22 al 24 settembre 2022, dopo anni di conferenze virtuali \u00e8 stato volutamente organizzato in presenza per consentire modalit\u00e0 pi\u00f9 dirette di scambio e dialogo. Si \u00e8 trattato di un\u2019opportunit\u00e0 utile per condividere esperienze, idee, progetti di ricerca e per delineare nuove strade per il futuro delle biblioteche, messe a dura prova dalla chiusura forzata durante la crisi pandemica. Il volume rende disponibili gli Atti del convegno al quale, oltre ai soci SISBB, hanno contribuito alcuni ospiti esterni alla Societ\u00e0 che hanno consentito di ampliare il quadro di riferimento anche al contesto internazionale.<\/p>\n<hr>\n<p><strong>DATI BIBLIOGRAFICI<\/strong><br>A cura di: Giovanna Granata<br>Editore: Ledizioni <br>Pubblicato nel: settembre 2024<br>Formato: brossura, 243 p. &#8211; ePub &#8211; PDF in OA<br>ISBN cartaceo: 9791256002191<br>ISBN ePub: 9791256002207<br>ISBN PDF Open Access: 9791256002214<br>Prezzo cartaceo: 28,00 \u20ac<br>Prezzo ePub: 11,99 \u20ac<br><br><\/p>\t\t\t\t\t\t\t\t<\/div>\n\t\t\t\t<\/div>\n\t\t\t\t\t<\/div>\n\t\t<\/div>\n\t\t\t\t\t<\/div>\n\t\t<\/section>\n\t\t\t\t<section class=\"wd-negative-gap elementor-section elementor-top-section elementor-element elementor-element-0a6e78a elementor-section-boxed elementor-section-height-default elementor-section-height-default wd-section-disabled\" data-id=\"0a6e78a\" data-element_type=\"section\" data-e-type=\"section\">\n\t\t\t\t\t\t<div class=\"elementor-container elementor-column-gap-default\">\n\t\t\t\t\t<div class=\"elementor-column elementor-col-100 elementor-top-column elementor-element elementor-element-22538f1\" data-id=\"22538f1\" data-element_type=\"column\" data-e-type=\"column\">\n\t\t\t<div class=\"elementor-widget-wrap elementor-element-populated\">\n\t\t\t\t\t\t<div class=\"elementor-element elementor-element-0e4aa33 elementor-button-danger elementor-align-center elementor-widget elementor-widget-button\" data-id=\"0e4aa33\" data-element_type=\"widget\" data-e-type=\"widget\" data-widget_type=\"button.default\">\n\t\t\t\t<div class=\"elementor-widget-container\">\n\t\t\t\t\t\t\t\t\t<div class=\"elementor-button-wrapper\">\n\t\t\t\t\t<a class=\"elementor-button elementor-button-link elementor-size-sm\" href=\"https:\/\/www.ledizioni.it\/en\/download\/67627\/?tmstv=1726821244\" target=\"_blank\">\n\t\t\t\t\t\t<span class=\"elementor-button-content-wrapper\">\n\t\t\t\t\t\t\t\t\t<span class=\"elementor-button-text\">Scarica il PDF Open Access<\/span>\n\t\t\t\t\t<\/span>\n\t\t\t\t\t<\/a>\n\t\t\t\t<\/div>\n\t\t\t\t\t\t\t\t<\/div>\n\t\t\t\t<\/div>\n\t\t\t\t\t<\/div>\n\t\t<\/div>\n\t\t\t\t\t<\/div>\n\t\t<\/section>\n\t\t\t\t<\/div>","protected":false},"excerpt":{"rendered":"<p>La Societ\u00e0 italiana di scienze bibliografiche e biblioteconomiche (SISBB) si \u00e8 costituita, alla fine del 2011, come associazione accademica rappresentativa<\/p>","protected":false},"featured_media":67629,"comment_status":"closed","ping_status":"closed","template":"","meta":{"_acf_changed":false},"product_brand":[],"product_cat":[2574],"product_tag":[513,3021,764,3123],"class_list":{"0":"post-67540","1":"product","2":"type-product","3":"status-publish","4":"has-post-thumbnail","6":"product_cat-biblioteche","7":"product_tag-biblioteconomia","8":"product_tag-convegno","9":"product_tag-open-access-2","10":"product_tag-sisbb","11":"pa_formato-cartaceo","12":"pa_formato-ebook-in-epub","13":"pa_formato-ebook-in-pdf","15":"first","16":"instock","17":"shipping-taxable","18":"purchasable","19":"product-type-variable"},"acf":[],"yoast_head":"<!-- This site is optimized with the Yoast SEO plugin v27.3 - https:\/\/yoast.com\/product\/yoast-seo-wordpress\/ -->\n<title>I CONVEGNO DELLA SOCIET\u00c0 ITALIANA DI SCIENZE BIBLIOGRAFICHE E BIBLIOTECONOMICHE (SISBB) -<\/title>\n<meta name=\"description\" content=\"Ledizioni - Innovative Publishing. Casa editrice universitaria. Open Access. eBook, ePub. Creative Commons.\" \/>\n<meta name=\"robots\" content=\"index, follow, max-snippet:-1, max-image-preview:large, max-video-preview:-1\" \/>\n<link rel=\"canonical\" href=\"https:\/\/www.ledizioni.it\/en\/product\/i-convegno-della-societa-italiana-di-scienze-bibliografiche-e-biblioteconomiche-sisbb\/\" \/>\n<meta property=\"og:locale\" content=\"en_GB\" \/>\n<meta property=\"og:type\" content=\"article\" \/>\n<meta property=\"og:title\" content=\"I CONVEGNO DELLA SOCIET\u00c0 ITALIANA DI SCIENZE BIBLIOGRAFICHE E BIBLIOTECONOMICHE (SISBB) -\" \/>\n<meta property=\"og:description\" content=\"Ledizioni - Innovative Publishing. Casa editrice universitaria. Open Access. eBook, ePub. Creative Commons.\" \/>\n<meta property=\"og:url\" content=\"https:\/\/www.ledizioni.it\/en\/product\/i-convegno-della-societa-italiana-di-scienze-bibliografiche-e-biblioteconomiche-sisbb\/\" \/>\n<meta property=\"og:site_name\" content=\"Ledizioni\" \/>\n<meta property=\"article:publisher\" content=\"https:\/\/www.facebook.com\/pages\/Ledizioni-LediPublishing\/109120559173329\" \/>\n<meta property=\"article:modified_time\" content=\"2024-09-23T10:58:34+00:00\" \/>\n<meta property=\"og:image\" content=\"https:\/\/www.ledizioni.it\/stag\/wp-content\/uploads\/2024\/09\/Cover-Atti-I-convegno-SISBB-3D-1.jpg\" \/>\n\t<meta property=\"og:image:width\" content=\"1522\" \/>\n\t<meta property=\"og:image:height\" content=\"1992\" \/>\n\t<meta property=\"og:image:type\" content=\"image\/jpeg\" \/>\n<meta name=\"twitter:card\" content=\"summary_large_image\" \/>\n<meta name=\"twitter:site\" content=\"@ledizioni\" \/>\n<script type=\"application\/ld+json\" class=\"yoast-schema-graph\">{\"@context\":\"https:\\\/\\\/schema.org\",\"@graph\":[{\"@type\":\"WebPage\",\"@id\":\"https:\\\/\\\/www.ledizioni.it\\\/prodotto\\\/i-convegno-della-societa-italiana-di-scienze-bibliografiche-e-biblioteconomiche-sisbb\\\/\",\"url\":\"https:\\\/\\\/www.ledizioni.it\\\/prodotto\\\/i-convegno-della-societa-italiana-di-scienze-bibliografiche-e-biblioteconomiche-sisbb\\\/\",\"name\":\"I CONVEGNO DELLA SOCIET\u00c0 ITALIANA DI SCIENZE BIBLIOGRAFICHE E BIBLIOTECONOMICHE (SISBB) -\",\"isPartOf\":{\"@id\":\"https:\\\/\\\/www.ledizioni.it\\\/#website\"},\"primaryImageOfPage\":{\"@id\":\"https:\\\/\\\/www.ledizioni.it\\\/prodotto\\\/i-convegno-della-societa-italiana-di-scienze-bibliografiche-e-biblioteconomiche-sisbb\\\/#primaryimage\"},\"image\":{\"@id\":\"https:\\\/\\\/www.ledizioni.it\\\/prodotto\\\/i-convegno-della-societa-italiana-di-scienze-bibliografiche-e-biblioteconomiche-sisbb\\\/#primaryimage\"},\"thumbnailUrl\":\"https:\\\/\\\/www.ledizioni.it\\\/stag\\\/wp-content\\\/uploads\\\/2024\\\/09\\\/Cover-Atti-I-convegno-SISBB-3D-1.jpg\",\"datePublished\":\"2024-09-19T22:00:00+00:00\",\"dateModified\":\"2024-09-23T10:58:34+00:00\",\"description\":\"Ledizioni - Innovative Publishing. Casa editrice universitaria. Open Access. eBook, ePub. Creative Commons.\",\"breadcrumb\":{\"@id\":\"https:\\\/\\\/www.ledizioni.it\\\/prodotto\\\/i-convegno-della-societa-italiana-di-scienze-bibliografiche-e-biblioteconomiche-sisbb\\\/#breadcrumb\"},\"inLanguage\":\"en-GB\",\"potentialAction\":[{\"@type\":\"ReadAction\",\"target\":[\"https:\\\/\\\/www.ledizioni.it\\\/prodotto\\\/i-convegno-della-societa-italiana-di-scienze-bibliografiche-e-biblioteconomiche-sisbb\\\/\"]}]},{\"@type\":\"ImageObject\",\"inLanguage\":\"en-GB\",\"@id\":\"https:\\\/\\\/www.ledizioni.it\\\/prodotto\\\/i-convegno-della-societa-italiana-di-scienze-bibliografiche-e-biblioteconomiche-sisbb\\\/#primaryimage\",\"url\":\"https:\\\/\\\/www.ledizioni.it\\\/stag\\\/wp-content\\\/uploads\\\/2024\\\/09\\\/Cover-Atti-I-convegno-SISBB-3D-1.jpg\",\"contentUrl\":\"https:\\\/\\\/www.ledizioni.it\\\/stag\\\/wp-content\\\/uploads\\\/2024\\\/09\\\/Cover-Atti-I-convegno-SISBB-3D-1.jpg\",\"width\":1522,\"height\":1992},{\"@type\":\"BreadcrumbList\",\"@id\":\"https:\\\/\\\/www.ledizioni.it\\\/prodotto\\\/i-convegno-della-societa-italiana-di-scienze-bibliografiche-e-biblioteconomiche-sisbb\\\/#breadcrumb\",\"itemListElement\":[{\"@type\":\"ListItem\",\"position\":1,\"name\":\"Shop\",\"item\":\"https:\\\/\\\/www.ledizioni.it\\\/shop-2\\\/\"},{\"@type\":\"ListItem\",\"position\":2,\"name\":\"I CONVEGNO DELLA SOCIET\u00c0 ITALIANA DI SCIENZE BIBLIOGRAFICHE E BIBLIOTECONOMICHE (SISBB)\"}]},{\"@type\":\"WebSite\",\"@id\":\"https:\\\/\\\/www.ledizioni.it\\\/#website\",\"url\":\"https:\\\/\\\/www.ledizioni.it\\\/\",\"name\":\"Ledizioni\",\"description\":\"The Innovative LediPublishing Company - Casa Editrice Universitaria\",\"publisher\":{\"@id\":\"https:\\\/\\\/www.ledizioni.it\\\/#organization\"},\"potentialAction\":[{\"@type\":\"SearchAction\",\"target\":{\"@type\":\"EntryPoint\",\"urlTemplate\":\"https:\\\/\\\/www.ledizioni.it\\\/?s={search_term_string}\"},\"query-input\":{\"@type\":\"PropertyValueSpecification\",\"valueRequired\":true,\"valueName\":\"search_term_string\"}}],\"inLanguage\":\"en-GB\"},{\"@type\":\"Organization\",\"@id\":\"https:\\\/\\\/www.ledizioni.it\\\/#organization\",\"name\":\"Ledizioni\",\"url\":\"https:\\\/\\\/www.ledizioni.it\\\/\",\"logo\":{\"@type\":\"ImageObject\",\"inLanguage\":\"en-GB\",\"@id\":\"https:\\\/\\\/www.ledizioni.it\\\/#\\\/schema\\\/logo\\\/image\\\/\",\"url\":\"https:\\\/\\\/www.ledizioni.it\\\/stag\\\/wp-content\\\/uploads\\\/2023\\\/10\\\/newlogoledizioni500x110_2-1.jpg\",\"contentUrl\":\"https:\\\/\\\/www.ledizioni.it\\\/stag\\\/wp-content\\\/uploads\\\/2023\\\/10\\\/newlogoledizioni500x110_2-1.jpg\",\"width\":354,\"height\":87,\"caption\":\"Ledizioni\"},\"image\":{\"@id\":\"https:\\\/\\\/www.ledizioni.it\\\/#\\\/schema\\\/logo\\\/image\\\/\"},\"sameAs\":[\"https:\\\/\\\/www.facebook.com\\\/pages\\\/Ledizioni-LediPublishing\\\/109120559173329\",\"https:\\\/\\\/x.com\\\/ledizioni\"]}]}<\/script>\n<!-- \/ Yoast SEO plugin. -->","yoast_head_json":{"title":"I CONVEGNO DELLA SOCIET\u00c0 ITALIANA DI SCIENZE BIBLIOGRAFICHE E BIBLIOTECONOMICHE (SISBB) -","description":"Ledizioni - Innovative Publishing. Casa editrice universitaria. Open Access. eBook, ePub. Creative Commons.","robots":{"index":"index","follow":"follow","max-snippet":"max-snippet:-1","max-image-preview":"max-image-preview:large","max-video-preview":"max-video-preview:-1"},"canonical":"https:\/\/www.ledizioni.it\/en\/product\/i-convegno-della-societa-italiana-di-scienze-bibliografiche-e-biblioteconomiche-sisbb\/","og_locale":"en_GB","og_type":"article","og_title":"I CONVEGNO DELLA SOCIET\u00c0 ITALIANA DI SCIENZE BIBLIOGRAFICHE E BIBLIOTECONOMICHE (SISBB) -","og_description":"Ledizioni - Innovative Publishing. Casa editrice universitaria. Open Access. eBook, ePub. Creative Commons.","og_url":"https:\/\/www.ledizioni.it\/en\/product\/i-convegno-della-societa-italiana-di-scienze-bibliografiche-e-biblioteconomiche-sisbb\/","og_site_name":"Ledizioni","article_publisher":"https:\/\/www.facebook.com\/pages\/Ledizioni-LediPublishing\/109120559173329","article_modified_time":"2024-09-23T10:58:34+00:00","og_image":[{"width":1522,"height":1992,"url":"https:\/\/www.ledizioni.it\/stag\/wp-content\/uploads\/2024\/09\/Cover-Atti-I-convegno-SISBB-3D-1.jpg","type":"image\/jpeg"}],"twitter_card":"summary_large_image","twitter_site":"@ledizioni","schema":{"@context":"https:\/\/schema.org","@graph":[{"@type":"WebPage","@id":"https:\/\/www.ledizioni.it\/prodotto\/i-convegno-della-societa-italiana-di-scienze-bibliografiche-e-biblioteconomiche-sisbb\/","url":"https:\/\/www.ledizioni.it\/prodotto\/i-convegno-della-societa-italiana-di-scienze-bibliografiche-e-biblioteconomiche-sisbb\/","name":"I CONVEGNO DELLA SOCIET\u00c0 ITALIANA DI SCIENZE BIBLIOGRAFICHE E BIBLIOTECONOMICHE (SISBB) -","isPartOf":{"@id":"https:\/\/www.ledizioni.it\/#website"},"primaryImageOfPage":{"@id":"https:\/\/www.ledizioni.it\/prodotto\/i-convegno-della-societa-italiana-di-scienze-bibliografiche-e-biblioteconomiche-sisbb\/#primaryimage"},"image":{"@id":"https:\/\/www.ledizioni.it\/prodotto\/i-convegno-della-societa-italiana-di-scienze-bibliografiche-e-biblioteconomiche-sisbb\/#primaryimage"},"thumbnailUrl":"https:\/\/www.ledizioni.it\/stag\/wp-content\/uploads\/2024\/09\/Cover-Atti-I-convegno-SISBB-3D-1.jpg","datePublished":"2024-09-19T22:00:00+00:00","dateModified":"2024-09-23T10:58:34+00:00","description":"Ledizioni - Innovative Publishing. Casa editrice universitaria. Open Access. eBook, ePub. Creative Commons.","breadcrumb":{"@id":"https:\/\/www.ledizioni.it\/prodotto\/i-convegno-della-societa-italiana-di-scienze-bibliografiche-e-biblioteconomiche-sisbb\/#breadcrumb"},"inLanguage":"en-GB","potentialAction":[{"@type":"ReadAction","target":["https:\/\/www.ledizioni.it\/prodotto\/i-convegno-della-societa-italiana-di-scienze-bibliografiche-e-biblioteconomiche-sisbb\/"]}]},{"@type":"ImageObject","inLanguage":"en-GB","@id":"https:\/\/www.ledizioni.it\/prodotto\/i-convegno-della-societa-italiana-di-scienze-bibliografiche-e-biblioteconomiche-sisbb\/#primaryimage","url":"https:\/\/www.ledizioni.it\/stag\/wp-content\/uploads\/2024\/09\/Cover-Atti-I-convegno-SISBB-3D-1.jpg","contentUrl":"https:\/\/www.ledizioni.it\/stag\/wp-content\/uploads\/2024\/09\/Cover-Atti-I-convegno-SISBB-3D-1.jpg","width":1522,"height":1992},{"@type":"BreadcrumbList","@id":"https:\/\/www.ledizioni.it\/prodotto\/i-convegno-della-societa-italiana-di-scienze-bibliografiche-e-biblioteconomiche-sisbb\/#breadcrumb","itemListElement":[{"@type":"ListItem","position":1,"name":"Shop","item":"https:\/\/www.ledizioni.it\/shop-2\/"},{"@type":"ListItem","position":2,"name":"I CONVEGNO DELLA SOCIET\u00c0 ITALIANA DI SCIENZE BIBLIOGRAFICHE E BIBLIOTECONOMICHE (SISBB)"}]},{"@type":"WebSite","@id":"https:\/\/www.ledizioni.it\/#website","url":"https:\/\/www.ledizioni.it\/","name":"Ledizioni","description":"The Innovative LediPublishing Company - Casa Editrice Universitaria","publisher":{"@id":"https:\/\/www.ledizioni.it\/#organization"},"potentialAction":[{"@type":"SearchAction","target":{"@type":"EntryPoint","urlTemplate":"https:\/\/www.ledizioni.it\/?s={search_term_string}"},"query-input":{"@type":"PropertyValueSpecification","valueRequired":true,"valueName":"search_term_string"}}],"inLanguage":"en-GB"},{"@type":"Organization","@id":"https:\/\/www.ledizioni.it\/#organization","name":"Ledizioni","url":"https:\/\/www.ledizioni.it\/","logo":{"@type":"ImageObject","inLanguage":"en-GB","@id":"https:\/\/www.ledizioni.it\/#\/schema\/logo\/image\/","url":"https:\/\/www.ledizioni.it\/stag\/wp-content\/uploads\/2023\/10\/newlogoledizioni500x110_2-1.jpg","contentUrl":"https:\/\/www.ledizioni.it\/stag\/wp-content\/uploads\/2023\/10\/newlogoledizioni500x110_2-1.jpg","width":354,"height":87,"caption":"Ledizioni"},"image":{"@id":"https:\/\/www.ledizioni.it\/#\/schema\/logo\/image\/"},"sameAs":["https:\/\/www.facebook.com\/pages\/Ledizioni-LediPublishing\/109120559173329","https:\/\/x.com\/ledizioni"]}]}},"jetpack_sharing_enabled":true,"_links":{"self":[{"href":"https:\/\/www.ledizioni.it\/en\/wp-json\/wp\/v2\/product\/67540","targetHints":{"allow":["GET"]}}],"collection":[{"href":"https:\/\/www.ledizioni.it\/en\/wp-json\/wp\/v2\/product"}],"about":[{"href":"https:\/\/www.ledizioni.it\/en\/wp-json\/wp\/v2\/types\/product"}],"replies":[{"embeddable":true,"href":"https:\/\/www.ledizioni.it\/en\/wp-json\/wp\/v2\/comments?post=67540"}],"version-history":[{"count":17,"href":"https:\/\/www.ledizioni.it\/en\/wp-json\/wp\/v2\/product\/67540\/revisions"}],"predecessor-version":[{"id":67733,"href":"https:\/\/www.ledizioni.it\/en\/wp-json\/wp\/v2\/product\/67540\/revisions\/67733"}],"wp:featuredmedia":[{"embeddable":true,"href":"https:\/\/www.ledizioni.it\/en\/wp-json\/wp\/v2\/media\/67629"}],"wp:attachment":[{"href":"https:\/\/www.ledizioni.it\/en\/wp-json\/wp\/v2\/media?parent=67540"}],"wp:term":[{"taxonomy":"product_brand","embeddable":true,"href":"https:\/\/www.ledizioni.it\/en\/wp-json\/wp\/v2\/product_brand?post=67540"},{"taxonomy":"product_cat","embeddable":true,"href":"https:\/\/www.ledizioni.it\/en\/wp-json\/wp\/v2\/product_cat?post=67540"},{"taxonomy":"product_tag","embeddable":true,"href":"https:\/\/www.ledizioni.it\/en\/wp-json\/wp\/v2\/product_tag?post=67540"}],"curies":[{"name":"wp","href":"https:\/\/api.w.org\/{rel}","templated":true}]}}