{"id":6760,"date":"2012-02-22T11:57:57","date_gmt":"2012-02-22T11:57:57","guid":{"rendered":"http:\/\/www.ledizioni.it\/stag\/?post_type=product&#038;p=6760"},"modified":"2013-08-30T09:12:57","modified_gmt":"2013-08-30T09:12:57","slug":"narrazioni-n-1-febbraio-maggio-2012-brossura","status":"publish","type":"product","link":"https:\/\/www.ledizioni.it\/en\/product\/narrazioni-n-1-febbraio-maggio-2012-brossura\/","title":{"rendered":"Narrazioni, n. 1 &#8211; febbraio-maggio 2012"},"content":{"rendered":"<p><strong>Default! Narrazioni del malessere italiano (2010-11).<\/strong> La letteratura e l\u2019economia non sono due mondi distinti e distanti tra loro. In tempi di crisi, di metafore suggerite prepotentemente dai titoli di cronaca e dagli studi sociologici, narrare del sistema lavoro, della bolla speculativa, della finanza democratica, o di un pi\u00f9 generale spirito del tempo, \u00e8 certamente un modo per non perdere la bussola della realt\u00e0. Cos\u00ec, nel corso degli ultimi anni, alcuni scrittori hanno gettato il loro sguardo sul mondo claustrofobico della finanza o sull\u2019ossessione consumista compulsiva (come Vincenzo Latronico nell\u2019importante La cospirazione delle colombe). Non pochi invece sono gli autori che si sono cimentati nella narrazione<br \/>\ndelle \u00abtragedie normali\u00bb della precariet\u00e0, tanto che quello della letteratura flessibile o della letteratura post-industriale \u00e8 diventato un vero e proprio genere, che ha conquistato una sua piccola nicchia di mercato. Tra i lavori recenti pi\u00f9 interessanti spicca <em>Quelli che per\u00f2 \u00e8 lo stesso<\/em> di Silvia Dai Pra\u2019, capace di cogliere finemente, e ironicamente, il \u2018brusio\u2019 della varia umanit\u00e0 che affolla la scuola di Ostia e i suoi degradati dintorni e <em>Prove di felicit\u00e0 a Roma Est<\/em> dello scrittore e regista cinematografico Roan Johnson dove, superando la dimensione individuale, il giovane precario protagonista viene posto in diretta relazione con gli stili di vita e i tic quotidiani di<br \/>\nuna Roma contraddittoria e a tratti paurosa. Mentre <em>Acciaio<\/em> di Silvia Avallone e<em> Ternitti<\/em> di Mario Desiati raccontano \u2013 sia pure con accenti e consapevolezza diverse \u2013 quello che \u00e8 sopravvissuto di una storia esaurita e disperata, quasi a rimpiangere una classe sociale sconfitta e liquefatta.<\/p>\n<p><strong>Realismi e post-realismi.<\/strong> Vi \u00e8 una stretta correlazione tra il primato, di inizio millennio, del romanzo realista tradizionale e un diffuso bisogno di \u201cnarrare il proprio tempo\u201d. Tuttavia questo bisogno di \u201craccontare il mondo\u201d e \u201cri-scoprire l\u2019Italia\u201d deve fare i conti con l\u2019ineludibile necessit\u00e0 di andare, per cos\u00ec dire, \u201coltre la cronaca\u201d. In altre parole, deve illuminare quella zona oscura che aleggia e serpeggia all\u2019interno e all\u2019esterno della pletora di immagini e descrizioni con cui le varie \u201ccronache in diretta\u201d consegnano il mondo alla nostra memoria mediatica e, quindi, al nostro ricordo personale. \u201cQuale narrazione\u201d, dunque, \u00e8 possibile se il \u201cdiscorso sul mondo\u201d ha sostituito il mondo, se la realt\u00e0 nega la realt\u00e0?<\/p>\n<p><strong>Lavoro critico.<\/strong> Due possibili modi di intendere il rapporto fra romanzo e narrazione storica, prescindendo da canoniche nozioni di genere: <em>Nostra signora dei Turchi<\/em> di Carmelo Bene e <em>Storia della colonna infame<\/em>, <em>Del romanzo storico<\/em>, <em>Dell\u2019invenzione<\/em> di Alessandro<br \/>\nManzoni.<\/p>","protected":false},"excerpt":{"rendered":"<p>Default! Narrazioni del malessere italiano (2010-11). La letteratura e l\u2019economia non sono due mondi distinti e distanti tra loro. In<\/p>","protected":false},"featured_media":6759,"comment_status":"open","ping_status":"closed","template":"","meta":{"_acf_changed":false},"product_brand":[],"product_cat":[456],"product_tag":[],"class_list":{"0":"post-6760","1":"product","2":"type-product","3":"status-publish","4":"has-post-thumbnail","6":"product_cat-narratives","7":"pa_formato-cartaceo","8":"pa_formato-ebook-in-epub","9":"pa_lingua-italiano","11":"first","12":"instock","13":"shipping-taxable","14":"purchasable","15":"product-type-variable"},"acf":[],"yoast_head":"<!-- This site is optimized with the Yoast SEO plugin v27.3 - https:\/\/yoast.com\/product\/yoast-seo-wordpress\/ -->\n<title>Narrazioni, n. 1 - febbraio-maggio 2012 -<\/title>\n<meta name=\"description\" content=\"Ledizioni - Innovative Publishing. Casa editrice universitaria. Open Access. eBook, ePub. Creative Commons.\" \/>\n<meta name=\"robots\" content=\"index, follow, max-snippet:-1, max-image-preview:large, max-video-preview:-1\" \/>\n<link rel=\"canonical\" href=\"https:\/\/www.ledizioni.it\/en\/product\/narrazioni-n-1-febbraio-maggio-2012-brossura\/\" \/>\n<meta property=\"og:locale\" content=\"en_GB\" \/>\n<meta property=\"og:type\" content=\"article\" \/>\n<meta property=\"og:title\" content=\"Narrazioni, n. 1 - febbraio-maggio 2012 -\" \/>\n<meta property=\"og:description\" content=\"Ledizioni - Innovative Publishing. Casa editrice universitaria. Open Access. eBook, ePub. Creative Commons.\" \/>\n<meta property=\"og:url\" content=\"https:\/\/www.ledizioni.it\/en\/product\/narrazioni-n-1-febbraio-maggio-2012-brossura\/\" \/>\n<meta property=\"og:site_name\" content=\"Ledizioni\" \/>\n<meta property=\"article:publisher\" content=\"https:\/\/www.facebook.com\/pages\/Ledizioni-LediPublishing\/109120559173329\" \/>\n<meta property=\"article:modified_time\" content=\"2013-08-30T09:12:57+00:00\" \/>\n<meta property=\"og:image\" content=\"https:\/\/www.ledizioni.it\/stag\/wp-content\/uploads\/2013\/07\/COPERTINA_narrazioni_per_ebook2.jpg\" \/>\n\t<meta property=\"og:image:width\" content=\"600\" \/>\n\t<meta property=\"og:image:height\" content=\"800\" \/>\n\t<meta property=\"og:image:type\" content=\"image\/jpeg\" \/>\n<meta name=\"twitter:card\" content=\"summary_large_image\" \/>\n<meta name=\"twitter:site\" content=\"@ledizioni\" \/>\n<meta name=\"twitter:label1\" content=\"Estimated reading time\" \/>\n\t<meta name=\"twitter:data1\" content=\"2 minutes\" \/>\n<script type=\"application\/ld+json\" class=\"yoast-schema-graph\">{\"@context\":\"https:\\\/\\\/schema.org\",\"@graph\":[{\"@type\":\"WebPage\",\"@id\":\"https:\\\/\\\/www.ledizioni.it\\\/en\\\/product\\\/narrazioni-n-1-febbraio-maggio-2012-brossura\\\/\",\"url\":\"https:\\\/\\\/www.ledizioni.it\\\/en\\\/product\\\/narrazioni-n-1-febbraio-maggio-2012-brossura\\\/\",\"name\":\"Narrazioni, n. 1 - febbraio-maggio 2012 -\",\"isPartOf\":{\"@id\":\"https:\\\/\\\/www.ledizioni.it\\\/#website\"},\"primaryImageOfPage\":{\"@id\":\"https:\\\/\\\/www.ledizioni.it\\\/en\\\/product\\\/narrazioni-n-1-febbraio-maggio-2012-brossura\\\/#primaryimage\"},\"image\":{\"@id\":\"https:\\\/\\\/www.ledizioni.it\\\/en\\\/product\\\/narrazioni-n-1-febbraio-maggio-2012-brossura\\\/#primaryimage\"},\"thumbnailUrl\":\"https:\\\/\\\/www.ledizioni.it\\\/stag\\\/wp-content\\\/uploads\\\/2013\\\/07\\\/COPERTINA_narrazioni_per_ebook2.jpg\",\"datePublished\":\"2012-02-22T11:57:57+00:00\",\"dateModified\":\"2013-08-30T09:12:57+00:00\",\"description\":\"Ledizioni - Innovative Publishing. Casa editrice universitaria. Open Access. eBook, ePub. Creative Commons.\",\"breadcrumb\":{\"@id\":\"https:\\\/\\\/www.ledizioni.it\\\/en\\\/product\\\/narrazioni-n-1-febbraio-maggio-2012-brossura\\\/#breadcrumb\"},\"inLanguage\":\"en-GB\",\"potentialAction\":[{\"@type\":\"ReadAction\",\"target\":[\"https:\\\/\\\/www.ledizioni.it\\\/en\\\/product\\\/narrazioni-n-1-febbraio-maggio-2012-brossura\\\/\"]}]},{\"@type\":\"ImageObject\",\"inLanguage\":\"en-GB\",\"@id\":\"https:\\\/\\\/www.ledizioni.it\\\/en\\\/product\\\/narrazioni-n-1-febbraio-maggio-2012-brossura\\\/#primaryimage\",\"url\":\"https:\\\/\\\/www.ledizioni.it\\\/stag\\\/wp-content\\\/uploads\\\/2013\\\/07\\\/COPERTINA_narrazioni_per_ebook2.jpg\",\"contentUrl\":\"https:\\\/\\\/www.ledizioni.it\\\/stag\\\/wp-content\\\/uploads\\\/2013\\\/07\\\/COPERTINA_narrazioni_per_ebook2.jpg\",\"width\":600,\"height\":800},{\"@type\":\"BreadcrumbList\",\"@id\":\"https:\\\/\\\/www.ledizioni.it\\\/en\\\/product\\\/narrazioni-n-1-febbraio-maggio-2012-brossura\\\/#breadcrumb\",\"itemListElement\":[{\"@type\":\"ListItem\",\"position\":1,\"name\":\"Shop\",\"item\":\"https:\\\/\\\/www.ledizioni.it\\\/shop-2\\\/\"},{\"@type\":\"ListItem\",\"position\":2,\"name\":\"Narrazioni, n. 1 &#8211; febbraio-maggio 2012\"}]},{\"@type\":\"WebSite\",\"@id\":\"https:\\\/\\\/www.ledizioni.it\\\/#website\",\"url\":\"https:\\\/\\\/www.ledizioni.it\\\/\",\"name\":\"Ledizioni\",\"description\":\"The Innovative LediPublishing Company - Casa Editrice Universitaria\",\"publisher\":{\"@id\":\"https:\\\/\\\/www.ledizioni.it\\\/#organization\"},\"potentialAction\":[{\"@type\":\"SearchAction\",\"target\":{\"@type\":\"EntryPoint\",\"urlTemplate\":\"https:\\\/\\\/www.ledizioni.it\\\/?s={search_term_string}\"},\"query-input\":{\"@type\":\"PropertyValueSpecification\",\"valueRequired\":true,\"valueName\":\"search_term_string\"}}],\"inLanguage\":\"en-GB\"},{\"@type\":\"Organization\",\"@id\":\"https:\\\/\\\/www.ledizioni.it\\\/#organization\",\"name\":\"Ledizioni\",\"url\":\"https:\\\/\\\/www.ledizioni.it\\\/\",\"logo\":{\"@type\":\"ImageObject\",\"inLanguage\":\"en-GB\",\"@id\":\"https:\\\/\\\/www.ledizioni.it\\\/#\\\/schema\\\/logo\\\/image\\\/\",\"url\":\"https:\\\/\\\/www.ledizioni.it\\\/stag\\\/wp-content\\\/uploads\\\/2023\\\/10\\\/newlogoledizioni500x110_2-1.jpg\",\"contentUrl\":\"https:\\\/\\\/www.ledizioni.it\\\/stag\\\/wp-content\\\/uploads\\\/2023\\\/10\\\/newlogoledizioni500x110_2-1.jpg\",\"width\":354,\"height\":87,\"caption\":\"Ledizioni\"},\"image\":{\"@id\":\"https:\\\/\\\/www.ledizioni.it\\\/#\\\/schema\\\/logo\\\/image\\\/\"},\"sameAs\":[\"https:\\\/\\\/www.facebook.com\\\/pages\\\/Ledizioni-LediPublishing\\\/109120559173329\",\"https:\\\/\\\/x.com\\\/ledizioni\"]}]}<\/script>\n<!-- \/ Yoast SEO plugin. -->","yoast_head_json":{"title":"Narrazioni, n. 1 - febbraio-maggio 2012 -","description":"Ledizioni - Innovative Publishing. Casa editrice universitaria. Open Access. eBook, ePub. Creative Commons.","robots":{"index":"index","follow":"follow","max-snippet":"max-snippet:-1","max-image-preview":"max-image-preview:large","max-video-preview":"max-video-preview:-1"},"canonical":"https:\/\/www.ledizioni.it\/en\/product\/narrazioni-n-1-febbraio-maggio-2012-brossura\/","og_locale":"en_GB","og_type":"article","og_title":"Narrazioni, n. 1 - febbraio-maggio 2012 -","og_description":"Ledizioni - Innovative Publishing. Casa editrice universitaria. Open Access. eBook, ePub. Creative Commons.","og_url":"https:\/\/www.ledizioni.it\/en\/product\/narrazioni-n-1-febbraio-maggio-2012-brossura\/","og_site_name":"Ledizioni","article_publisher":"https:\/\/www.facebook.com\/pages\/Ledizioni-LediPublishing\/109120559173329","article_modified_time":"2013-08-30T09:12:57+00:00","og_image":[{"width":600,"height":800,"url":"https:\/\/www.ledizioni.it\/stag\/wp-content\/uploads\/2013\/07\/COPERTINA_narrazioni_per_ebook2.jpg","type":"image\/jpeg"}],"twitter_card":"summary_large_image","twitter_site":"@ledizioni","twitter_misc":{"Estimated reading time":"2 minutes"},"schema":{"@context":"https:\/\/schema.org","@graph":[{"@type":"WebPage","@id":"https:\/\/www.ledizioni.it\/en\/product\/narrazioni-n-1-febbraio-maggio-2012-brossura\/","url":"https:\/\/www.ledizioni.it\/en\/product\/narrazioni-n-1-febbraio-maggio-2012-brossura\/","name":"Narrazioni, n. 1 - febbraio-maggio 2012 -","isPartOf":{"@id":"https:\/\/www.ledizioni.it\/#website"},"primaryImageOfPage":{"@id":"https:\/\/www.ledizioni.it\/en\/product\/narrazioni-n-1-febbraio-maggio-2012-brossura\/#primaryimage"},"image":{"@id":"https:\/\/www.ledizioni.it\/en\/product\/narrazioni-n-1-febbraio-maggio-2012-brossura\/#primaryimage"},"thumbnailUrl":"https:\/\/www.ledizioni.it\/stag\/wp-content\/uploads\/2013\/07\/COPERTINA_narrazioni_per_ebook2.jpg","datePublished":"2012-02-22T11:57:57+00:00","dateModified":"2013-08-30T09:12:57+00:00","description":"Ledizioni - Innovative Publishing. Casa editrice universitaria. Open Access. eBook, ePub. Creative Commons.","breadcrumb":{"@id":"https:\/\/www.ledizioni.it\/en\/product\/narrazioni-n-1-febbraio-maggio-2012-brossura\/#breadcrumb"},"inLanguage":"en-GB","potentialAction":[{"@type":"ReadAction","target":["https:\/\/www.ledizioni.it\/en\/product\/narrazioni-n-1-febbraio-maggio-2012-brossura\/"]}]},{"@type":"ImageObject","inLanguage":"en-GB","@id":"https:\/\/www.ledizioni.it\/en\/product\/narrazioni-n-1-febbraio-maggio-2012-brossura\/#primaryimage","url":"https:\/\/www.ledizioni.it\/stag\/wp-content\/uploads\/2013\/07\/COPERTINA_narrazioni_per_ebook2.jpg","contentUrl":"https:\/\/www.ledizioni.it\/stag\/wp-content\/uploads\/2013\/07\/COPERTINA_narrazioni_per_ebook2.jpg","width":600,"height":800},{"@type":"BreadcrumbList","@id":"https:\/\/www.ledizioni.it\/en\/product\/narrazioni-n-1-febbraio-maggio-2012-brossura\/#breadcrumb","itemListElement":[{"@type":"ListItem","position":1,"name":"Shop","item":"https:\/\/www.ledizioni.it\/shop-2\/"},{"@type":"ListItem","position":2,"name":"Narrazioni, n. 1 &#8211; febbraio-maggio 2012"}]},{"@type":"WebSite","@id":"https:\/\/www.ledizioni.it\/#website","url":"https:\/\/www.ledizioni.it\/","name":"Ledizioni","description":"The Innovative LediPublishing Company - Casa Editrice Universitaria","publisher":{"@id":"https:\/\/www.ledizioni.it\/#organization"},"potentialAction":[{"@type":"SearchAction","target":{"@type":"EntryPoint","urlTemplate":"https:\/\/www.ledizioni.it\/?s={search_term_string}"},"query-input":{"@type":"PropertyValueSpecification","valueRequired":true,"valueName":"search_term_string"}}],"inLanguage":"en-GB"},{"@type":"Organization","@id":"https:\/\/www.ledizioni.it\/#organization","name":"Ledizioni","url":"https:\/\/www.ledizioni.it\/","logo":{"@type":"ImageObject","inLanguage":"en-GB","@id":"https:\/\/www.ledizioni.it\/#\/schema\/logo\/image\/","url":"https:\/\/www.ledizioni.it\/stag\/wp-content\/uploads\/2023\/10\/newlogoledizioni500x110_2-1.jpg","contentUrl":"https:\/\/www.ledizioni.it\/stag\/wp-content\/uploads\/2023\/10\/newlogoledizioni500x110_2-1.jpg","width":354,"height":87,"caption":"Ledizioni"},"image":{"@id":"https:\/\/www.ledizioni.it\/#\/schema\/logo\/image\/"},"sameAs":["https:\/\/www.facebook.com\/pages\/Ledizioni-LediPublishing\/109120559173329","https:\/\/x.com\/ledizioni"]}]}},"jetpack_sharing_enabled":true,"_links":{"self":[{"href":"https:\/\/www.ledizioni.it\/en\/wp-json\/wp\/v2\/product\/6760","targetHints":{"allow":["GET"]}}],"collection":[{"href":"https:\/\/www.ledizioni.it\/en\/wp-json\/wp\/v2\/product"}],"about":[{"href":"https:\/\/www.ledizioni.it\/en\/wp-json\/wp\/v2\/types\/product"}],"replies":[{"embeddable":true,"href":"https:\/\/www.ledizioni.it\/en\/wp-json\/wp\/v2\/comments?post=6760"}],"version-history":[{"count":0,"href":"https:\/\/www.ledizioni.it\/en\/wp-json\/wp\/v2\/product\/6760\/revisions"}],"wp:featuredmedia":[{"embeddable":true,"href":"https:\/\/www.ledizioni.it\/en\/wp-json\/wp\/v2\/media\/6759"}],"wp:attachment":[{"href":"https:\/\/www.ledizioni.it\/en\/wp-json\/wp\/v2\/media?parent=6760"}],"wp:term":[{"taxonomy":"product_brand","embeddable":true,"href":"https:\/\/www.ledizioni.it\/en\/wp-json\/wp\/v2\/product_brand?post=6760"},{"taxonomy":"product_cat","embeddable":true,"href":"https:\/\/www.ledizioni.it\/en\/wp-json\/wp\/v2\/product_cat?post=6760"},{"taxonomy":"product_tag","embeddable":true,"href":"https:\/\/www.ledizioni.it\/en\/wp-json\/wp\/v2\/product_tag?post=6760"}],"curies":[{"name":"wp","href":"https:\/\/api.w.org\/{rel}","templated":true}]}}