{"id":6761,"date":"2012-02-21T11:59:27","date_gmt":"2012-02-21T11:59:27","guid":{"rendered":"http:\/\/www.ledizioni.it\/stag\/?post_type=product&#038;p=6761"},"modified":"2014-04-22T14:02:48","modified_gmt":"2014-04-22T14:02:48","slug":"antropologia-n-13-arte-brossura","status":"publish","type":"product","link":"https:\/\/www.ledizioni.it\/en\/product\/antropologia-n-13-arte-brossura\/","title":{"rendered":"Antropologia, rivista semestrale &#8211; n.13 \/ Arte"},"content":{"rendered":"<p style=\"text-align: justify;\">L\u2019arte, oggi come in passato, in occidente come altrove, non \u00e8 l\u2019opera esclusiva dell\u2019artista ma una costruzione sociale e culturale: \u00e8 uno dei modi attraverso cui si d\u00e0 alla realt\u00e0 una forma riconoscibile, si esercita il potere, si manifesta il dissenso, si costruiscono memorie condivise o discrepanti e s\u2019immaginano altri mondi possibili.<br \/>\nIl paradosso costitutivo dell\u2019antropologia dell\u2019arte \u00e8 stato quello di voler studiare l\u2019arte laddove non c\u2019era, dove cio\u00e8 erano assenti le categorie e le istituzioni in rapporto alle quali diviene possibile parlare di determinate forme espressive e della cultura materiale come \u201carte\u201d. Proprio abitando questo paradosso, l\u2019antropologia ha mostrato i limiti delle trasposizioni analogiche con cui cerchiamo di assimilare la diversit\u00e0, ha fatto emergere le differenze e ha contribuito al ripensamento del modo in cui in occidente intendiamo l\u2019arte.<br \/>\nOggi e da tempo l\u2019antropologia dell\u2019arte non consiste pi\u00f9 nello studio delle arti primitive o tribali, ha oltrepassato le divisioni che contrapponevano il noi agli altri e ha fatto del suo campo d\u2019indagine il mondo intero, guardando all\u2019insieme delle pratiche estetiche e artistiche della contemporaneit\u00e0, dentro e fuori il sistema dell\u2019arte.<br \/>\nI saggi raccolti in questo numero di Antropologia costituiscono un valido esempio di come lo studio della dimensione estetica costituisca un ambito di rilevanza fondamentale nella costruzione di un\u2019antropologia della contemporaneit\u00e0. Oggetto di riflessione sono le forme della resistenza postcoloniale e le pratiche di appropriazione culturale messe in atto dagli artisti contemporanei (Arnd Schneider); la costruzione sociale della memoria per immagini in situazioni di sofferenza che ostacolano il ricordo (Carlo Severi); i rapporti fra pratiche di attivismo artistico,arte partecipativa e processi di estetizzazione della vita nelle societ\u00e0 contemporanee (Ivan Bargna); le relazioni fra la biografia degli artisti contemporanei del sud del mondo e i percorsi intrapresi dalle loro opere in contesti di forte violenza sociale (Dominique Malaquais); l\u2019etnocentrismo cha abita gli schemi teorici con cui cerchiamo di farci un\u2019idea delle dinamiche attraverso cui si costituisce l\u2019oggetto artistico (Maria Luisa Ciminelli).<\/p>","protected":false},"excerpt":{"rendered":"<p>L\u2019arte, oggi come in passato, in occidente come altrove, non \u00e8 l\u2019opera esclusiva dell\u2019artista ma una costruzione sociale e culturale:<\/p>","protected":false},"featured_media":8518,"comment_status":"open","ping_status":"closed","template":"","meta":{"_acf_changed":false},"product_brand":[],"product_cat":[14],"product_tag":[],"class_list":{"0":"post-6761","1":"product","2":"type-product","3":"status-publish","4":"has-post-thumbnail","6":"product_cat-yearbook-of-anthropology","7":"pa_formato-cartaceo","8":"pa_formato-ebook-in-epub","9":"pa_lingua-italiano","11":"first","12":"instock","13":"shipping-taxable","14":"purchasable","15":"product-type-variable"},"acf":[],"yoast_head":"<!-- This site is optimized with the Yoast SEO plugin v27.3 - https:\/\/yoast.com\/product\/yoast-seo-wordpress\/ -->\n<title>Antropologia, rivista semestrale - n.13 \/ Arte -<\/title>\n<meta name=\"description\" content=\"I saggi in questo numero pongono lo studio della dimensione estetica come ambito centrale per la costruzione di un\u2019antropologia della contemporaneit\u00e0.\" \/>\n<meta name=\"robots\" content=\"index, follow, max-snippet:-1, max-image-preview:large, max-video-preview:-1\" \/>\n<link rel=\"canonical\" href=\"https:\/\/www.ledizioni.it\/en\/product\/antropologia-n-13-arte-brossura\/\" \/>\n<meta property=\"og:locale\" content=\"en_GB\" \/>\n<meta property=\"og:type\" content=\"article\" \/>\n<meta property=\"og:title\" content=\"Antropologia, rivista semestrale - n.13 \/ Arte -\" \/>\n<meta property=\"og:description\" content=\"I saggi in questo numero pongono lo studio della dimensione estetica come ambito centrale per la costruzione di un\u2019antropologia della contemporaneit\u00e0.\" \/>\n<meta property=\"og:url\" content=\"https:\/\/www.ledizioni.it\/en\/product\/antropologia-n-13-arte-brossura\/\" \/>\n<meta property=\"og:site_name\" content=\"Ledizioni\" \/>\n<meta property=\"article:publisher\" content=\"https:\/\/www.facebook.com\/pages\/Ledizioni-LediPublishing\/109120559173329\" \/>\n<meta property=\"article:modified_time\" content=\"2014-04-22T14:02:48+00:00\" \/>\n<meta property=\"og:image\" content=\"https:\/\/www.ledizioni.it\/stag\/wp-content\/uploads\/2012\/02\/Untitled-1-copy.jpg\" \/>\n\t<meta property=\"og:image:width\" content=\"1612\" \/>\n\t<meta property=\"og:image:height\" content=\"2076\" \/>\n\t<meta property=\"og:image:type\" content=\"image\/jpeg\" \/>\n<meta name=\"twitter:card\" content=\"summary_large_image\" \/>\n<meta name=\"twitter:site\" content=\"@ledizioni\" \/>\n<meta name=\"twitter:label1\" content=\"Estimated reading time\" \/>\n\t<meta name=\"twitter:data1\" content=\"2 minutes\" \/>\n<script type=\"application\/ld+json\" class=\"yoast-schema-graph\">{\"@context\":\"https:\\\/\\\/schema.org\",\"@graph\":[{\"@type\":\"WebPage\",\"@id\":\"https:\\\/\\\/www.ledizioni.it\\\/prodotto\\\/antropologia-n-13-arte-brossura\\\/\",\"url\":\"https:\\\/\\\/www.ledizioni.it\\\/prodotto\\\/antropologia-n-13-arte-brossura\\\/\",\"name\":\"Antropologia, rivista semestrale - n.13 \\\/ Arte -\",\"isPartOf\":{\"@id\":\"https:\\\/\\\/www.ledizioni.it\\\/#website\"},\"primaryImageOfPage\":{\"@id\":\"https:\\\/\\\/www.ledizioni.it\\\/prodotto\\\/antropologia-n-13-arte-brossura\\\/#primaryimage\"},\"image\":{\"@id\":\"https:\\\/\\\/www.ledizioni.it\\\/prodotto\\\/antropologia-n-13-arte-brossura\\\/#primaryimage\"},\"thumbnailUrl\":\"https:\\\/\\\/www.ledizioni.it\\\/stag\\\/wp-content\\\/uploads\\\/2012\\\/02\\\/Untitled-1-copy.jpg\",\"datePublished\":\"2012-02-21T11:59:27+00:00\",\"dateModified\":\"2014-04-22T14:02:48+00:00\",\"description\":\"I saggi in questo numero pongono lo studio della dimensione estetica come ambito centrale per la costruzione di un\u2019antropologia della contemporaneit\u00e0.\",\"breadcrumb\":{\"@id\":\"https:\\\/\\\/www.ledizioni.it\\\/prodotto\\\/antropologia-n-13-arte-brossura\\\/#breadcrumb\"},\"inLanguage\":\"en-GB\",\"potentialAction\":[{\"@type\":\"ReadAction\",\"target\":[\"https:\\\/\\\/www.ledizioni.it\\\/prodotto\\\/antropologia-n-13-arte-brossura\\\/\"]}]},{\"@type\":\"ImageObject\",\"inLanguage\":\"en-GB\",\"@id\":\"https:\\\/\\\/www.ledizioni.it\\\/prodotto\\\/antropologia-n-13-arte-brossura\\\/#primaryimage\",\"url\":\"https:\\\/\\\/www.ledizioni.it\\\/stag\\\/wp-content\\\/uploads\\\/2012\\\/02\\\/Untitled-1-copy.jpg\",\"contentUrl\":\"https:\\\/\\\/www.ledizioni.it\\\/stag\\\/wp-content\\\/uploads\\\/2012\\\/02\\\/Untitled-1-copy.jpg\",\"width\":1612,\"height\":2076},{\"@type\":\"BreadcrumbList\",\"@id\":\"https:\\\/\\\/www.ledizioni.it\\\/prodotto\\\/antropologia-n-13-arte-brossura\\\/#breadcrumb\",\"itemListElement\":[{\"@type\":\"ListItem\",\"position\":1,\"name\":\"Shop\",\"item\":\"https:\\\/\\\/www.ledizioni.it\\\/shop-2\\\/\"},{\"@type\":\"ListItem\",\"position\":2,\"name\":\"Antropologia, rivista semestrale &#8211; n.13 \\\/ Arte\"}]},{\"@type\":\"WebSite\",\"@id\":\"https:\\\/\\\/www.ledizioni.it\\\/#website\",\"url\":\"https:\\\/\\\/www.ledizioni.it\\\/\",\"name\":\"Ledizioni\",\"description\":\"The Innovative LediPublishing Company - Casa Editrice Universitaria\",\"publisher\":{\"@id\":\"https:\\\/\\\/www.ledizioni.it\\\/#organization\"},\"potentialAction\":[{\"@type\":\"SearchAction\",\"target\":{\"@type\":\"EntryPoint\",\"urlTemplate\":\"https:\\\/\\\/www.ledizioni.it\\\/?s={search_term_string}\"},\"query-input\":{\"@type\":\"PropertyValueSpecification\",\"valueRequired\":true,\"valueName\":\"search_term_string\"}}],\"inLanguage\":\"en-GB\"},{\"@type\":\"Organization\",\"@id\":\"https:\\\/\\\/www.ledizioni.it\\\/#organization\",\"name\":\"Ledizioni\",\"url\":\"https:\\\/\\\/www.ledizioni.it\\\/\",\"logo\":{\"@type\":\"ImageObject\",\"inLanguage\":\"en-GB\",\"@id\":\"https:\\\/\\\/www.ledizioni.it\\\/#\\\/schema\\\/logo\\\/image\\\/\",\"url\":\"https:\\\/\\\/www.ledizioni.it\\\/stag\\\/wp-content\\\/uploads\\\/2023\\\/10\\\/newlogoledizioni500x110_2-1.jpg\",\"contentUrl\":\"https:\\\/\\\/www.ledizioni.it\\\/stag\\\/wp-content\\\/uploads\\\/2023\\\/10\\\/newlogoledizioni500x110_2-1.jpg\",\"width\":354,\"height\":87,\"caption\":\"Ledizioni\"},\"image\":{\"@id\":\"https:\\\/\\\/www.ledizioni.it\\\/#\\\/schema\\\/logo\\\/image\\\/\"},\"sameAs\":[\"https:\\\/\\\/www.facebook.com\\\/pages\\\/Ledizioni-LediPublishing\\\/109120559173329\",\"https:\\\/\\\/x.com\\\/ledizioni\"]}]}<\/script>\n<!-- \/ Yoast SEO plugin. -->","yoast_head_json":{"title":"Antropologia, rivista semestrale - n.13 \/ Arte -","description":"I saggi in questo numero pongono lo studio della dimensione estetica come ambito centrale per la costruzione di un\u2019antropologia della contemporaneit\u00e0.","robots":{"index":"index","follow":"follow","max-snippet":"max-snippet:-1","max-image-preview":"max-image-preview:large","max-video-preview":"max-video-preview:-1"},"canonical":"https:\/\/www.ledizioni.it\/en\/product\/antropologia-n-13-arte-brossura\/","og_locale":"en_GB","og_type":"article","og_title":"Antropologia, rivista semestrale - n.13 \/ Arte -","og_description":"I saggi in questo numero pongono lo studio della dimensione estetica come ambito centrale per la costruzione di un\u2019antropologia della contemporaneit\u00e0.","og_url":"https:\/\/www.ledizioni.it\/en\/product\/antropologia-n-13-arte-brossura\/","og_site_name":"Ledizioni","article_publisher":"https:\/\/www.facebook.com\/pages\/Ledizioni-LediPublishing\/109120559173329","article_modified_time":"2014-04-22T14:02:48+00:00","og_image":[{"width":1612,"height":2076,"url":"https:\/\/www.ledizioni.it\/stag\/wp-content\/uploads\/2012\/02\/Untitled-1-copy.jpg","type":"image\/jpeg"}],"twitter_card":"summary_large_image","twitter_site":"@ledizioni","twitter_misc":{"Estimated reading time":"2 minutes"},"schema":{"@context":"https:\/\/schema.org","@graph":[{"@type":"WebPage","@id":"https:\/\/www.ledizioni.it\/prodotto\/antropologia-n-13-arte-brossura\/","url":"https:\/\/www.ledizioni.it\/prodotto\/antropologia-n-13-arte-brossura\/","name":"Antropologia, rivista semestrale - n.13 \/ Arte -","isPartOf":{"@id":"https:\/\/www.ledizioni.it\/#website"},"primaryImageOfPage":{"@id":"https:\/\/www.ledizioni.it\/prodotto\/antropologia-n-13-arte-brossura\/#primaryimage"},"image":{"@id":"https:\/\/www.ledizioni.it\/prodotto\/antropologia-n-13-arte-brossura\/#primaryimage"},"thumbnailUrl":"https:\/\/www.ledizioni.it\/stag\/wp-content\/uploads\/2012\/02\/Untitled-1-copy.jpg","datePublished":"2012-02-21T11:59:27+00:00","dateModified":"2014-04-22T14:02:48+00:00","description":"I saggi in questo numero pongono lo studio della dimensione estetica come ambito centrale per la costruzione di un\u2019antropologia della contemporaneit\u00e0.","breadcrumb":{"@id":"https:\/\/www.ledizioni.it\/prodotto\/antropologia-n-13-arte-brossura\/#breadcrumb"},"inLanguage":"en-GB","potentialAction":[{"@type":"ReadAction","target":["https:\/\/www.ledizioni.it\/prodotto\/antropologia-n-13-arte-brossura\/"]}]},{"@type":"ImageObject","inLanguage":"en-GB","@id":"https:\/\/www.ledizioni.it\/prodotto\/antropologia-n-13-arte-brossura\/#primaryimage","url":"https:\/\/www.ledizioni.it\/stag\/wp-content\/uploads\/2012\/02\/Untitled-1-copy.jpg","contentUrl":"https:\/\/www.ledizioni.it\/stag\/wp-content\/uploads\/2012\/02\/Untitled-1-copy.jpg","width":1612,"height":2076},{"@type":"BreadcrumbList","@id":"https:\/\/www.ledizioni.it\/prodotto\/antropologia-n-13-arte-brossura\/#breadcrumb","itemListElement":[{"@type":"ListItem","position":1,"name":"Shop","item":"https:\/\/www.ledizioni.it\/shop-2\/"},{"@type":"ListItem","position":2,"name":"Antropologia, rivista semestrale &#8211; n.13 \/ Arte"}]},{"@type":"WebSite","@id":"https:\/\/www.ledizioni.it\/#website","url":"https:\/\/www.ledizioni.it\/","name":"Ledizioni","description":"The Innovative LediPublishing Company - Casa Editrice Universitaria","publisher":{"@id":"https:\/\/www.ledizioni.it\/#organization"},"potentialAction":[{"@type":"SearchAction","target":{"@type":"EntryPoint","urlTemplate":"https:\/\/www.ledizioni.it\/?s={search_term_string}"},"query-input":{"@type":"PropertyValueSpecification","valueRequired":true,"valueName":"search_term_string"}}],"inLanguage":"en-GB"},{"@type":"Organization","@id":"https:\/\/www.ledizioni.it\/#organization","name":"Ledizioni","url":"https:\/\/www.ledizioni.it\/","logo":{"@type":"ImageObject","inLanguage":"en-GB","@id":"https:\/\/www.ledizioni.it\/#\/schema\/logo\/image\/","url":"https:\/\/www.ledizioni.it\/stag\/wp-content\/uploads\/2023\/10\/newlogoledizioni500x110_2-1.jpg","contentUrl":"https:\/\/www.ledizioni.it\/stag\/wp-content\/uploads\/2023\/10\/newlogoledizioni500x110_2-1.jpg","width":354,"height":87,"caption":"Ledizioni"},"image":{"@id":"https:\/\/www.ledizioni.it\/#\/schema\/logo\/image\/"},"sameAs":["https:\/\/www.facebook.com\/pages\/Ledizioni-LediPublishing\/109120559173329","https:\/\/x.com\/ledizioni"]}]}},"jetpack_sharing_enabled":true,"_links":{"self":[{"href":"https:\/\/www.ledizioni.it\/en\/wp-json\/wp\/v2\/product\/6761","targetHints":{"allow":["GET"]}}],"collection":[{"href":"https:\/\/www.ledizioni.it\/en\/wp-json\/wp\/v2\/product"}],"about":[{"href":"https:\/\/www.ledizioni.it\/en\/wp-json\/wp\/v2\/types\/product"}],"replies":[{"embeddable":true,"href":"https:\/\/www.ledizioni.it\/en\/wp-json\/wp\/v2\/comments?post=6761"}],"version-history":[{"count":1,"href":"https:\/\/www.ledizioni.it\/en\/wp-json\/wp\/v2\/product\/6761\/revisions"}],"predecessor-version":[{"id":6843,"href":"https:\/\/www.ledizioni.it\/en\/wp-json\/wp\/v2\/product\/6761\/revisions\/6843"}],"wp:featuredmedia":[{"embeddable":true,"href":"https:\/\/www.ledizioni.it\/en\/wp-json\/wp\/v2\/media\/8518"}],"wp:attachment":[{"href":"https:\/\/www.ledizioni.it\/en\/wp-json\/wp\/v2\/media?parent=6761"}],"wp:term":[{"taxonomy":"product_brand","embeddable":true,"href":"https:\/\/www.ledizioni.it\/en\/wp-json\/wp\/v2\/product_brand?post=6761"},{"taxonomy":"product_cat","embeddable":true,"href":"https:\/\/www.ledizioni.it\/en\/wp-json\/wp\/v2\/product_cat?post=6761"},{"taxonomy":"product_tag","embeddable":true,"href":"https:\/\/www.ledizioni.it\/en\/wp-json\/wp\/v2\/product_tag?post=6761"}],"curies":[{"name":"wp","href":"https:\/\/api.w.org\/{rel}","templated":true}]}}