{"id":6777,"date":"2011-11-22T12:58:37","date_gmt":"2011-11-22T12:58:37","guid":{"rendered":"http:\/\/www.ledizioni.it\/stag\/?post_type=product&#038;p=6777"},"modified":"2022-10-24T19:59:56","modified_gmt":"2022-10-24T17:59:56","slug":"federico-bertoni-il-testo-a-quattro-mani","status":"publish","type":"product","link":"https:\/\/www.ledizioni.it\/en\/product\/federico-bertoni-il-testo-a-quattro-mani\/","title":{"rendered":"IL TESTO A QUATTRO MANI"},"content":{"rendered":"<p style=\"text-align: justify;\">Questo libro, in linea generale, vorrebbe tentare di rispondere a una domanda. Una domanda semplice, fondamentale, articolata e riprodotta in una sequenza di sotto-domande, lungo una progressione di questo tipo:<br \/>\nChe cos\u2019\u00e8 la lettura?<br \/>\nCome funziona?<br \/>\nQual \u00e8 il suo rapporto con il testo letterario?<br \/>\nQual \u00e8 il ruolo del lettore?<br \/>\nQuali conseguenze critiche pu\u00f2 avere uno studio orientato sulla ricezione?<br \/>\nLe storie di lettura narrano le imprese multiformi e spesso contrastanti della retorica, della semiotica, dell&#8217;estetica della ricezione di Costanza, della sociologia, del reader-response criticism americano o della decostruzione.<\/p>\n<h3 style=\"text-align: justify;\"><strong>DATI BIBLIOGRAFICI<\/strong><\/h3>\n<p>Autore: Federico Bertoni<br \/>\nEditore: Ledizioni<br \/>\nCollana: <a title=\"Editoria Presente e futuro\" href=\"https:\/\/www.ledizioni.it\/en\/collane\/letteratura\/letteraria-reprint\/\">Letteraria Reprint<\/a><br \/>\nFormato: Brossura<br \/>\nPubblicato in: 2010<br \/>\nISBN cartaceo: 9788895994512<br \/>\nPagine: 349<br \/>\nPrezzo cartaceo: 28,00 \u20ac<\/p>\n<p><a href=\"http:\/\/www.mondadoristore.it\/testo-quattro-mani-teoria-Federico-Bertoni\/eai978889599451\/?sessionToken=4t9PvHvgcYF2cRcmhahFCpkFGgaG6Osr\" target=\"_blank\" rel=\"noopener\"><img decoding=\"async\" class=\"alignnone size-full wp-image-14398 aligncenter\" src=\"http:\/\/www.ledizioni.it\/stag\/wp-content\/uploads\/2012\/06\/red-podok.jpg\" alt=\"Pod MondadoriStore\" width=\"200\" height=\"82\" \/><\/a><\/p>","protected":false},"excerpt":{"rendered":"<p>Questo libro, in linea generale, vorrebbe tentare di rispondere a una domanda. Una domanda semplice, fondamentale, articolata e riprodotta in<\/p>","protected":false},"featured_media":8629,"comment_status":"open","ping_status":"closed","template":"","meta":{"_acf_changed":false},"product_brand":[],"product_cat":[555],"product_tag":[],"class_list":{"0":"post-6777","1":"product","2":"type-product","3":"status-publish","4":"has-post-thumbnail","6":"product_cat-letteraria-reprints","8":"first","9":"instock","10":"shipping-taxable","11":"purchasable","12":"product-type-simple"},"acf":[],"yoast_head":"<!-- This site is optimized with the Yoast SEO plugin v27.3 - https:\/\/yoast.com\/product\/yoast-seo-wordpress\/ -->\n<title>IL TESTO A QUATTRO MANI -<\/title>\n<meta name=\"description\" content=\"Che cos\u2019\u00e8 la lettura? Come funziona? Qual \u00e8 il suo rapporto con il testo letterario? Qual \u00e8 il ruolo del lettore?\" \/>\n<meta name=\"robots\" content=\"index, follow, max-snippet:-1, max-image-preview:large, max-video-preview:-1\" \/>\n<link rel=\"canonical\" href=\"https:\/\/www.ledizioni.it\/en\/product\/federico-bertoni-il-testo-a-quattro-mani\/\" \/>\n<meta property=\"og:locale\" content=\"en_GB\" \/>\n<meta property=\"og:type\" content=\"article\" \/>\n<meta property=\"og:title\" content=\"IL TESTO A QUATTRO MANI -\" \/>\n<meta property=\"og:description\" content=\"Che cos\u2019\u00e8 la lettura? Come funziona? Qual \u00e8 il suo rapporto con il testo letterario? Qual \u00e8 il ruolo del lettore?\" \/>\n<meta property=\"og:url\" content=\"https:\/\/www.ledizioni.it\/en\/product\/federico-bertoni-il-testo-a-quattro-mani\/\" \/>\n<meta property=\"og:site_name\" content=\"Ledizioni\" \/>\n<meta property=\"article:publisher\" content=\"https:\/\/www.facebook.com\/pages\/Ledizioni-LediPublishing\/109120559173329\" \/>\n<meta property=\"article:modified_time\" content=\"2022-10-24T17:59:56+00:00\" \/>\n<meta property=\"og:image\" content=\"https:\/\/www.ledizioni.it\/stag\/wp-content\/uploads\/2011\/11\/copertina_3d.jpg\" \/>\n\t<meta property=\"og:image:width\" content=\"1571\" \/>\n\t<meta property=\"og:image:height\" content=\"2106\" \/>\n\t<meta property=\"og:image:type\" content=\"image\/jpeg\" \/>\n<meta name=\"twitter:card\" content=\"summary_large_image\" \/>\n<meta name=\"twitter:site\" content=\"@ledizioni\" \/>\n<meta name=\"twitter:label1\" content=\"Estimated reading time\" \/>\n\t<meta name=\"twitter:data1\" content=\"1 minute\" \/>\n<script type=\"application\/ld+json\" class=\"yoast-schema-graph\">{\"@context\":\"https:\\\/\\\/schema.org\",\"@graph\":[{\"@type\":\"WebPage\",\"@id\":\"https:\\\/\\\/www.ledizioni.it\\\/prodotto\\\/federico-bertoni-il-testo-a-quattro-mani\\\/\",\"url\":\"https:\\\/\\\/www.ledizioni.it\\\/prodotto\\\/federico-bertoni-il-testo-a-quattro-mani\\\/\",\"name\":\"IL TESTO A QUATTRO MANI -\",\"isPartOf\":{\"@id\":\"https:\\\/\\\/www.ledizioni.it\\\/#website\"},\"primaryImageOfPage\":{\"@id\":\"https:\\\/\\\/www.ledizioni.it\\\/prodotto\\\/federico-bertoni-il-testo-a-quattro-mani\\\/#primaryimage\"},\"image\":{\"@id\":\"https:\\\/\\\/www.ledizioni.it\\\/prodotto\\\/federico-bertoni-il-testo-a-quattro-mani\\\/#primaryimage\"},\"thumbnailUrl\":\"https:\\\/\\\/www.ledizioni.it\\\/stag\\\/wp-content\\\/uploads\\\/2011\\\/11\\\/copertina_3d.jpg\",\"datePublished\":\"2011-11-22T12:58:37+00:00\",\"dateModified\":\"2022-10-24T17:59:56+00:00\",\"description\":\"Che cos\u2019\u00e8 la lettura? Come funziona? Qual \u00e8 il suo rapporto con il testo letterario? Qual \u00e8 il ruolo del lettore?\",\"breadcrumb\":{\"@id\":\"https:\\\/\\\/www.ledizioni.it\\\/prodotto\\\/federico-bertoni-il-testo-a-quattro-mani\\\/#breadcrumb\"},\"inLanguage\":\"en-GB\",\"potentialAction\":[{\"@type\":\"ReadAction\",\"target\":[\"https:\\\/\\\/www.ledizioni.it\\\/prodotto\\\/federico-bertoni-il-testo-a-quattro-mani\\\/\"]}]},{\"@type\":\"ImageObject\",\"inLanguage\":\"en-GB\",\"@id\":\"https:\\\/\\\/www.ledizioni.it\\\/prodotto\\\/federico-bertoni-il-testo-a-quattro-mani\\\/#primaryimage\",\"url\":\"https:\\\/\\\/www.ledizioni.it\\\/stag\\\/wp-content\\\/uploads\\\/2011\\\/11\\\/copertina_3d.jpg\",\"contentUrl\":\"https:\\\/\\\/www.ledizioni.it\\\/stag\\\/wp-content\\\/uploads\\\/2011\\\/11\\\/copertina_3d.jpg\",\"width\":1571,\"height\":2106},{\"@type\":\"BreadcrumbList\",\"@id\":\"https:\\\/\\\/www.ledizioni.it\\\/prodotto\\\/federico-bertoni-il-testo-a-quattro-mani\\\/#breadcrumb\",\"itemListElement\":[{\"@type\":\"ListItem\",\"position\":1,\"name\":\"Shop\",\"item\":\"https:\\\/\\\/www.ledizioni.it\\\/shop-2\\\/\"},{\"@type\":\"ListItem\",\"position\":2,\"name\":\"IL TESTO A QUATTRO MANI\"}]},{\"@type\":\"WebSite\",\"@id\":\"https:\\\/\\\/www.ledizioni.it\\\/#website\",\"url\":\"https:\\\/\\\/www.ledizioni.it\\\/\",\"name\":\"Ledizioni\",\"description\":\"The Innovative LediPublishing Company - Casa Editrice Universitaria\",\"publisher\":{\"@id\":\"https:\\\/\\\/www.ledizioni.it\\\/#organization\"},\"potentialAction\":[{\"@type\":\"SearchAction\",\"target\":{\"@type\":\"EntryPoint\",\"urlTemplate\":\"https:\\\/\\\/www.ledizioni.it\\\/?s={search_term_string}\"},\"query-input\":{\"@type\":\"PropertyValueSpecification\",\"valueRequired\":true,\"valueName\":\"search_term_string\"}}],\"inLanguage\":\"en-GB\"},{\"@type\":\"Organization\",\"@id\":\"https:\\\/\\\/www.ledizioni.it\\\/#organization\",\"name\":\"Ledizioni\",\"url\":\"https:\\\/\\\/www.ledizioni.it\\\/\",\"logo\":{\"@type\":\"ImageObject\",\"inLanguage\":\"en-GB\",\"@id\":\"https:\\\/\\\/www.ledizioni.it\\\/#\\\/schema\\\/logo\\\/image\\\/\",\"url\":\"https:\\\/\\\/www.ledizioni.it\\\/stag\\\/wp-content\\\/uploads\\\/2023\\\/10\\\/newlogoledizioni500x110_2-1.jpg\",\"contentUrl\":\"https:\\\/\\\/www.ledizioni.it\\\/stag\\\/wp-content\\\/uploads\\\/2023\\\/10\\\/newlogoledizioni500x110_2-1.jpg\",\"width\":354,\"height\":87,\"caption\":\"Ledizioni\"},\"image\":{\"@id\":\"https:\\\/\\\/www.ledizioni.it\\\/#\\\/schema\\\/logo\\\/image\\\/\"},\"sameAs\":[\"https:\\\/\\\/www.facebook.com\\\/pages\\\/Ledizioni-LediPublishing\\\/109120559173329\",\"https:\\\/\\\/x.com\\\/ledizioni\"]}]}<\/script>\n<!-- \/ Yoast SEO plugin. -->","yoast_head_json":{"title":"IL TESTO A QUATTRO MANI -","description":"Che cos\u2019\u00e8 la lettura? Come funziona? Qual \u00e8 il suo rapporto con il testo letterario? Qual \u00e8 il ruolo del lettore?","robots":{"index":"index","follow":"follow","max-snippet":"max-snippet:-1","max-image-preview":"max-image-preview:large","max-video-preview":"max-video-preview:-1"},"canonical":"https:\/\/www.ledizioni.it\/en\/product\/federico-bertoni-il-testo-a-quattro-mani\/","og_locale":"en_GB","og_type":"article","og_title":"IL TESTO A QUATTRO MANI -","og_description":"Che cos\u2019\u00e8 la lettura? Come funziona? Qual \u00e8 il suo rapporto con il testo letterario? Qual \u00e8 il ruolo del lettore?","og_url":"https:\/\/www.ledizioni.it\/en\/product\/federico-bertoni-il-testo-a-quattro-mani\/","og_site_name":"Ledizioni","article_publisher":"https:\/\/www.facebook.com\/pages\/Ledizioni-LediPublishing\/109120559173329","article_modified_time":"2022-10-24T17:59:56+00:00","og_image":[{"width":1571,"height":2106,"url":"https:\/\/www.ledizioni.it\/stag\/wp-content\/uploads\/2011\/11\/copertina_3d.jpg","type":"image\/jpeg"}],"twitter_card":"summary_large_image","twitter_site":"@ledizioni","twitter_misc":{"Estimated reading time":"1 minute"},"schema":{"@context":"https:\/\/schema.org","@graph":[{"@type":"WebPage","@id":"https:\/\/www.ledizioni.it\/prodotto\/federico-bertoni-il-testo-a-quattro-mani\/","url":"https:\/\/www.ledizioni.it\/prodotto\/federico-bertoni-il-testo-a-quattro-mani\/","name":"IL TESTO A QUATTRO MANI -","isPartOf":{"@id":"https:\/\/www.ledizioni.it\/#website"},"primaryImageOfPage":{"@id":"https:\/\/www.ledizioni.it\/prodotto\/federico-bertoni-il-testo-a-quattro-mani\/#primaryimage"},"image":{"@id":"https:\/\/www.ledizioni.it\/prodotto\/federico-bertoni-il-testo-a-quattro-mani\/#primaryimage"},"thumbnailUrl":"https:\/\/www.ledizioni.it\/stag\/wp-content\/uploads\/2011\/11\/copertina_3d.jpg","datePublished":"2011-11-22T12:58:37+00:00","dateModified":"2022-10-24T17:59:56+00:00","description":"Che cos\u2019\u00e8 la lettura? Come funziona? Qual \u00e8 il suo rapporto con il testo letterario? Qual \u00e8 il ruolo del lettore?","breadcrumb":{"@id":"https:\/\/www.ledizioni.it\/prodotto\/federico-bertoni-il-testo-a-quattro-mani\/#breadcrumb"},"inLanguage":"en-GB","potentialAction":[{"@type":"ReadAction","target":["https:\/\/www.ledizioni.it\/prodotto\/federico-bertoni-il-testo-a-quattro-mani\/"]}]},{"@type":"ImageObject","inLanguage":"en-GB","@id":"https:\/\/www.ledizioni.it\/prodotto\/federico-bertoni-il-testo-a-quattro-mani\/#primaryimage","url":"https:\/\/www.ledizioni.it\/stag\/wp-content\/uploads\/2011\/11\/copertina_3d.jpg","contentUrl":"https:\/\/www.ledizioni.it\/stag\/wp-content\/uploads\/2011\/11\/copertina_3d.jpg","width":1571,"height":2106},{"@type":"BreadcrumbList","@id":"https:\/\/www.ledizioni.it\/prodotto\/federico-bertoni-il-testo-a-quattro-mani\/#breadcrumb","itemListElement":[{"@type":"ListItem","position":1,"name":"Shop","item":"https:\/\/www.ledizioni.it\/shop-2\/"},{"@type":"ListItem","position":2,"name":"IL TESTO A QUATTRO MANI"}]},{"@type":"WebSite","@id":"https:\/\/www.ledizioni.it\/#website","url":"https:\/\/www.ledizioni.it\/","name":"Ledizioni","description":"The Innovative LediPublishing Company - Casa Editrice Universitaria","publisher":{"@id":"https:\/\/www.ledizioni.it\/#organization"},"potentialAction":[{"@type":"SearchAction","target":{"@type":"EntryPoint","urlTemplate":"https:\/\/www.ledizioni.it\/?s={search_term_string}"},"query-input":{"@type":"PropertyValueSpecification","valueRequired":true,"valueName":"search_term_string"}}],"inLanguage":"en-GB"},{"@type":"Organization","@id":"https:\/\/www.ledizioni.it\/#organization","name":"Ledizioni","url":"https:\/\/www.ledizioni.it\/","logo":{"@type":"ImageObject","inLanguage":"en-GB","@id":"https:\/\/www.ledizioni.it\/#\/schema\/logo\/image\/","url":"https:\/\/www.ledizioni.it\/stag\/wp-content\/uploads\/2023\/10\/newlogoledizioni500x110_2-1.jpg","contentUrl":"https:\/\/www.ledizioni.it\/stag\/wp-content\/uploads\/2023\/10\/newlogoledizioni500x110_2-1.jpg","width":354,"height":87,"caption":"Ledizioni"},"image":{"@id":"https:\/\/www.ledizioni.it\/#\/schema\/logo\/image\/"},"sameAs":["https:\/\/www.facebook.com\/pages\/Ledizioni-LediPublishing\/109120559173329","https:\/\/x.com\/ledizioni"]}]}},"jetpack_sharing_enabled":true,"_links":{"self":[{"href":"https:\/\/www.ledizioni.it\/en\/wp-json\/wp\/v2\/product\/6777","targetHints":{"allow":["GET"]}}],"collection":[{"href":"https:\/\/www.ledizioni.it\/en\/wp-json\/wp\/v2\/product"}],"about":[{"href":"https:\/\/www.ledizioni.it\/en\/wp-json\/wp\/v2\/types\/product"}],"replies":[{"embeddable":true,"href":"https:\/\/www.ledizioni.it\/en\/wp-json\/wp\/v2\/comments?post=6777"}],"version-history":[{"count":1,"href":"https:\/\/www.ledizioni.it\/en\/wp-json\/wp\/v2\/product\/6777\/revisions"}],"predecessor-version":[{"id":8628,"href":"https:\/\/www.ledizioni.it\/en\/wp-json\/wp\/v2\/product\/6777\/revisions\/8628"}],"wp:featuredmedia":[{"embeddable":true,"href":"https:\/\/www.ledizioni.it\/en\/wp-json\/wp\/v2\/media\/8629"}],"wp:attachment":[{"href":"https:\/\/www.ledizioni.it\/en\/wp-json\/wp\/v2\/media?parent=6777"}],"wp:term":[{"taxonomy":"product_brand","embeddable":true,"href":"https:\/\/www.ledizioni.it\/en\/wp-json\/wp\/v2\/product_brand?post=6777"},{"taxonomy":"product_cat","embeddable":true,"href":"https:\/\/www.ledizioni.it\/en\/wp-json\/wp\/v2\/product_cat?post=6777"},{"taxonomy":"product_tag","embeddable":true,"href":"https:\/\/www.ledizioni.it\/en\/wp-json\/wp\/v2\/product_tag?post=6777"}],"curies":[{"name":"wp","href":"https:\/\/api.w.org\/{rel}","templated":true}]}}