{"id":6792,"date":"2011-11-22T13:22:18","date_gmt":"2011-11-22T11:22:18","guid":{"rendered":"http:\/\/www.ledizioni.it\/stag\/?post_type=product&#038;p=6792"},"modified":"2021-05-28T17:55:26","modified_gmt":"2021-05-28T15:55:26","slug":"federico-de-roberto-ermanno-raeli","status":"publish","type":"product","link":"https:\/\/www.ledizioni.it\/en\/product\/federico-de-roberto-ermanno-raeli\/","title":{"rendered":"ERMANNO RAELI"},"content":{"rendered":"<p style=\"text-align: justify;\">&#8220;<em>La discussione, quella sera, come tutte le volte che nessun profano veniva a turbare il libero corso delle nostre grandiose fantasmagorie, aveva finito per aggirarsi intorno al problema del destino, alla misteriosa potenza che regola le azioni umane e che, attirandoci con magnifiche lusinghe, ci precipita nella pi\u00f9 profonda ed incurabile miseria. Tutti convenivano nel considerare la felicit\u00e0 come una chimera; per\u00f2, mentre qualcuno sosteneva che il dolore \u00e8 condizione fatale dell&#8217;esistenza [&#8230;], qualche altro affermava che se noi non siamo sodisfatti \u00e8 quasi sempre perch\u00e8 cerchiamo la nostra sodisfazione dove non possiamo trovarla.<\/em><br \/>\n<em>Allora, il ricordo di una tragica storia fu evocato in sostegno di quest&#8217;ultima tesi, secondo la quale la felicit\u00e0 sarebbe impossibile relativamente, per effetto d&#8217;un errore d&#8217;indirizzo, e non in un senso disperatamente assoluto&#8230;<\/em>&#8220;<\/p>\n<p style=\"text-align: justify;\">Inizia cos\u00ec il racconto della triste vicenda di Ermanno Raeli, figlio di un siciliano e di una tedesca, che per la curiosa mescolanza delle due razze &#8220;aveva come un doppio io, sentiva in due modi diversi, vagheggiava due opposti ideali, e al momento dell&#8217;azione non riusciva a decidersi&#8221;.<br \/>\nQuesta \u00e8 la prima opera di impronta psicologica dell\u2019autore de \u201cI vicer\u00e9\u201d, edita nel 1889, cinque anni prima del suo capolavoro.<\/p>\n<p style=\"text-align: justify;\">Ledizioni ripubblica questo volume stampato originariamente nel 1889 dalla Tipografia Lombardi, Milano Via Fiori Oscuri, 7, per conto di Libreria Editrice Galli.<\/p>\n<h3><strong>DATI BIBLIOGRAFICI<\/strong><\/h3>\n<p>Autore: Federico De Roberto<br \/>\nEditore: Ledizioni<br \/>\nCollana: <a href=\"https:\/\/www.ledizioni.it\/en\/collane\/letteratura\/\">Letteratura<\/a><br \/>\nFormato: Brossura<br \/>\nPubblicato in: Maggio 2010<br \/>\nPagine: 142<br \/>\nISBN: 9788895994314 (cartaceo) \/ 9788895994291 (eBook Pdf)<br \/>\nPrezzo: 16,00 \u20ac (cartaceo) \/ 3,49 \u20ac (eBook Pdf)<\/p>","protected":false},"excerpt":{"rendered":"<p>&#8220;La discussione, quella sera, come tutte le volte che nessun profano veniva a turbare il libero corso delle nostre grandiose<\/p>","protected":false},"featured_media":8703,"comment_status":"open","ping_status":"closed","template":"","meta":{"_acf_changed":false},"product_brand":[],"product_cat":[555],"product_tag":[850,840,851],"class_list":{"0":"post-6792","1":"product","2":"type-product","3":"status-publish","4":"has-post-thumbnail","6":"product_cat-letteraria-reprints","7":"product_tag-de-roberto","8":"product_tag-letteratura-italiana","9":"product_tag-ottocento","10":"pa_formato-cartaceo","11":"pa_formato-ebook-in-pdf","12":"pa_lingua-italiano","14":"first","15":"instock","16":"shipping-taxable","17":"purchasable","18":"product-type-variable"},"acf":[],"yoast_head":"<!-- This site is optimized with the Yoast SEO plugin v27.4 - https:\/\/yoast.com\/product\/yoast-seo-wordpress\/ -->\n<title>ERMANNO RAELI -<\/title>\n<meta name=\"description\" content=\"Ermanno Raeli \u00e8 la prima opera di impronta psicologica dell\u2019autore de \u201cI vicer\u00e9\u201d, edita nel 1889, cinque anni prima del suo capolavoro.\" \/>\n<meta name=\"robots\" content=\"index, follow, max-snippet:-1, max-image-preview:large, max-video-preview:-1\" \/>\n<link rel=\"canonical\" href=\"https:\/\/www.ledizioni.it\/en\/product\/federico-de-roberto-ermanno-raeli\/\" \/>\n<meta property=\"og:locale\" content=\"en_GB\" \/>\n<meta property=\"og:type\" content=\"article\" \/>\n<meta property=\"og:title\" content=\"ERMANNO RAELI -\" \/>\n<meta property=\"og:description\" content=\"Ermanno Raeli \u00e8 la prima opera di impronta psicologica dell\u2019autore de \u201cI vicer\u00e9\u201d, edita nel 1889, cinque anni prima del suo capolavoro.\" \/>\n<meta property=\"og:url\" content=\"https:\/\/www.ledizioni.it\/en\/product\/federico-de-roberto-ermanno-raeli\/\" \/>\n<meta property=\"og:site_name\" content=\"Ledizioni\" \/>\n<meta property=\"article:publisher\" content=\"https:\/\/www.facebook.com\/pages\/Ledizioni-LediPublishing\/109120559173329\" \/>\n<meta property=\"article:modified_time\" content=\"2021-05-28T15:55:26+00:00\" \/>\n<meta property=\"og:image\" content=\"https:\/\/www.ledizioni.it\/stag\/wp-content\/uploads\/2011\/11\/Raeli_3d.jpg\" \/>\n\t<meta property=\"og:image:width\" content=\"1541\" \/>\n\t<meta property=\"og:image:height\" content=\"2052\" \/>\n\t<meta property=\"og:image:type\" content=\"image\/jpeg\" \/>\n<meta name=\"twitter:card\" content=\"summary_large_image\" \/>\n<meta name=\"twitter:site\" content=\"@ledizioni\" \/>\n<meta name=\"twitter:label1\" content=\"Estimated reading time\" \/>\n\t<meta name=\"twitter:data1\" content=\"1 minute\" \/>\n<script type=\"application\/ld+json\" class=\"yoast-schema-graph\">{\"@context\":\"https:\\\/\\\/schema.org\",\"@graph\":[{\"@type\":\"WebPage\",\"@id\":\"https:\\\/\\\/www.ledizioni.it\\\/prodotto\\\/federico-de-roberto-ermanno-raeli\\\/\",\"url\":\"https:\\\/\\\/www.ledizioni.it\\\/prodotto\\\/federico-de-roberto-ermanno-raeli\\\/\",\"name\":\"ERMANNO RAELI -\",\"isPartOf\":{\"@id\":\"https:\\\/\\\/www.ledizioni.it\\\/#website\"},\"primaryImageOfPage\":{\"@id\":\"https:\\\/\\\/www.ledizioni.it\\\/prodotto\\\/federico-de-roberto-ermanno-raeli\\\/#primaryimage\"},\"image\":{\"@id\":\"https:\\\/\\\/www.ledizioni.it\\\/prodotto\\\/federico-de-roberto-ermanno-raeli\\\/#primaryimage\"},\"thumbnailUrl\":\"https:\\\/\\\/www.ledizioni.it\\\/stag\\\/wp-content\\\/uploads\\\/2011\\\/11\\\/Raeli_3d.jpg\",\"datePublished\":\"2011-11-22T11:22:18+00:00\",\"dateModified\":\"2021-05-28T15:55:26+00:00\",\"description\":\"Ermanno Raeli \u00e8 la prima opera di impronta psicologica dell\u2019autore de \u201cI vicer\u00e9\u201d, edita nel 1889, cinque anni prima del suo capolavoro.\",\"breadcrumb\":{\"@id\":\"https:\\\/\\\/www.ledizioni.it\\\/prodotto\\\/federico-de-roberto-ermanno-raeli\\\/#breadcrumb\"},\"inLanguage\":\"en-GB\",\"potentialAction\":[{\"@type\":\"ReadAction\",\"target\":[\"https:\\\/\\\/www.ledizioni.it\\\/prodotto\\\/federico-de-roberto-ermanno-raeli\\\/\"]}]},{\"@type\":\"ImageObject\",\"inLanguage\":\"en-GB\",\"@id\":\"https:\\\/\\\/www.ledizioni.it\\\/prodotto\\\/federico-de-roberto-ermanno-raeli\\\/#primaryimage\",\"url\":\"https:\\\/\\\/www.ledizioni.it\\\/stag\\\/wp-content\\\/uploads\\\/2011\\\/11\\\/Raeli_3d.jpg\",\"contentUrl\":\"https:\\\/\\\/www.ledizioni.it\\\/stag\\\/wp-content\\\/uploads\\\/2011\\\/11\\\/Raeli_3d.jpg\",\"width\":1541,\"height\":2052},{\"@type\":\"BreadcrumbList\",\"@id\":\"https:\\\/\\\/www.ledizioni.it\\\/prodotto\\\/federico-de-roberto-ermanno-raeli\\\/#breadcrumb\",\"itemListElement\":[{\"@type\":\"ListItem\",\"position\":1,\"name\":\"Shop\",\"item\":\"https:\\\/\\\/www.ledizioni.it\\\/shop-2\\\/\"},{\"@type\":\"ListItem\",\"position\":2,\"name\":\"ERMANNO RAELI\"}]},{\"@type\":\"WebSite\",\"@id\":\"https:\\\/\\\/www.ledizioni.it\\\/#website\",\"url\":\"https:\\\/\\\/www.ledizioni.it\\\/\",\"name\":\"Ledizioni\",\"description\":\"The Innovative LediPublishing Company - Casa Editrice Universitaria\",\"publisher\":{\"@id\":\"https:\\\/\\\/www.ledizioni.it\\\/#organization\"},\"potentialAction\":[{\"@type\":\"SearchAction\",\"target\":{\"@type\":\"EntryPoint\",\"urlTemplate\":\"https:\\\/\\\/www.ledizioni.it\\\/?s={search_term_string}\"},\"query-input\":{\"@type\":\"PropertyValueSpecification\",\"valueRequired\":true,\"valueName\":\"search_term_string\"}}],\"inLanguage\":\"en-GB\"},{\"@type\":\"Organization\",\"@id\":\"https:\\\/\\\/www.ledizioni.it\\\/#organization\",\"name\":\"Ledizioni\",\"url\":\"https:\\\/\\\/www.ledizioni.it\\\/\",\"logo\":{\"@type\":\"ImageObject\",\"inLanguage\":\"en-GB\",\"@id\":\"https:\\\/\\\/www.ledizioni.it\\\/#\\\/schema\\\/logo\\\/image\\\/\",\"url\":\"https:\\\/\\\/www.ledizioni.it\\\/stag\\\/wp-content\\\/uploads\\\/2023\\\/10\\\/newlogoledizioni500x110_2-1.jpg\",\"contentUrl\":\"https:\\\/\\\/www.ledizioni.it\\\/stag\\\/wp-content\\\/uploads\\\/2023\\\/10\\\/newlogoledizioni500x110_2-1.jpg\",\"width\":354,\"height\":87,\"caption\":\"Ledizioni\"},\"image\":{\"@id\":\"https:\\\/\\\/www.ledizioni.it\\\/#\\\/schema\\\/logo\\\/image\\\/\"},\"sameAs\":[\"https:\\\/\\\/www.facebook.com\\\/pages\\\/Ledizioni-LediPublishing\\\/109120559173329\",\"https:\\\/\\\/x.com\\\/ledizioni\"]}]}<\/script>\n<!-- \/ Yoast SEO plugin. -->","yoast_head_json":{"title":"ERMANNO RAELI -","description":"Ermanno Raeli \u00e8 la prima opera di impronta psicologica dell\u2019autore de \u201cI vicer\u00e9\u201d, edita nel 1889, cinque anni prima del suo capolavoro.","robots":{"index":"index","follow":"follow","max-snippet":"max-snippet:-1","max-image-preview":"max-image-preview:large","max-video-preview":"max-video-preview:-1"},"canonical":"https:\/\/www.ledizioni.it\/en\/product\/federico-de-roberto-ermanno-raeli\/","og_locale":"en_GB","og_type":"article","og_title":"ERMANNO RAELI -","og_description":"Ermanno Raeli \u00e8 la prima opera di impronta psicologica dell\u2019autore de \u201cI vicer\u00e9\u201d, edita nel 1889, cinque anni prima del suo capolavoro.","og_url":"https:\/\/www.ledizioni.it\/en\/product\/federico-de-roberto-ermanno-raeli\/","og_site_name":"Ledizioni","article_publisher":"https:\/\/www.facebook.com\/pages\/Ledizioni-LediPublishing\/109120559173329","article_modified_time":"2021-05-28T15:55:26+00:00","og_image":[{"width":1541,"height":2052,"url":"https:\/\/www.ledizioni.it\/stag\/wp-content\/uploads\/2011\/11\/Raeli_3d.jpg","type":"image\/jpeg"}],"twitter_card":"summary_large_image","twitter_site":"@ledizioni","twitter_misc":{"Estimated reading time":"1 minute"},"schema":{"@context":"https:\/\/schema.org","@graph":[{"@type":"WebPage","@id":"https:\/\/www.ledizioni.it\/prodotto\/federico-de-roberto-ermanno-raeli\/","url":"https:\/\/www.ledizioni.it\/prodotto\/federico-de-roberto-ermanno-raeli\/","name":"ERMANNO RAELI -","isPartOf":{"@id":"https:\/\/www.ledizioni.it\/#website"},"primaryImageOfPage":{"@id":"https:\/\/www.ledizioni.it\/prodotto\/federico-de-roberto-ermanno-raeli\/#primaryimage"},"image":{"@id":"https:\/\/www.ledizioni.it\/prodotto\/federico-de-roberto-ermanno-raeli\/#primaryimage"},"thumbnailUrl":"https:\/\/www.ledizioni.it\/stag\/wp-content\/uploads\/2011\/11\/Raeli_3d.jpg","datePublished":"2011-11-22T11:22:18+00:00","dateModified":"2021-05-28T15:55:26+00:00","description":"Ermanno Raeli \u00e8 la prima opera di impronta psicologica dell\u2019autore de \u201cI vicer\u00e9\u201d, edita nel 1889, cinque anni prima del suo capolavoro.","breadcrumb":{"@id":"https:\/\/www.ledizioni.it\/prodotto\/federico-de-roberto-ermanno-raeli\/#breadcrumb"},"inLanguage":"en-GB","potentialAction":[{"@type":"ReadAction","target":["https:\/\/www.ledizioni.it\/prodotto\/federico-de-roberto-ermanno-raeli\/"]}]},{"@type":"ImageObject","inLanguage":"en-GB","@id":"https:\/\/www.ledizioni.it\/prodotto\/federico-de-roberto-ermanno-raeli\/#primaryimage","url":"https:\/\/www.ledizioni.it\/stag\/wp-content\/uploads\/2011\/11\/Raeli_3d.jpg","contentUrl":"https:\/\/www.ledizioni.it\/stag\/wp-content\/uploads\/2011\/11\/Raeli_3d.jpg","width":1541,"height":2052},{"@type":"BreadcrumbList","@id":"https:\/\/www.ledizioni.it\/prodotto\/federico-de-roberto-ermanno-raeli\/#breadcrumb","itemListElement":[{"@type":"ListItem","position":1,"name":"Shop","item":"https:\/\/www.ledizioni.it\/shop-2\/"},{"@type":"ListItem","position":2,"name":"ERMANNO RAELI"}]},{"@type":"WebSite","@id":"https:\/\/www.ledizioni.it\/#website","url":"https:\/\/www.ledizioni.it\/","name":"Ledizioni","description":"The Innovative LediPublishing Company - Casa Editrice Universitaria","publisher":{"@id":"https:\/\/www.ledizioni.it\/#organization"},"potentialAction":[{"@type":"SearchAction","target":{"@type":"EntryPoint","urlTemplate":"https:\/\/www.ledizioni.it\/?s={search_term_string}"},"query-input":{"@type":"PropertyValueSpecification","valueRequired":true,"valueName":"search_term_string"}}],"inLanguage":"en-GB"},{"@type":"Organization","@id":"https:\/\/www.ledizioni.it\/#organization","name":"Ledizioni","url":"https:\/\/www.ledizioni.it\/","logo":{"@type":"ImageObject","inLanguage":"en-GB","@id":"https:\/\/www.ledizioni.it\/#\/schema\/logo\/image\/","url":"https:\/\/www.ledizioni.it\/stag\/wp-content\/uploads\/2023\/10\/newlogoledizioni500x110_2-1.jpg","contentUrl":"https:\/\/www.ledizioni.it\/stag\/wp-content\/uploads\/2023\/10\/newlogoledizioni500x110_2-1.jpg","width":354,"height":87,"caption":"Ledizioni"},"image":{"@id":"https:\/\/www.ledizioni.it\/#\/schema\/logo\/image\/"},"sameAs":["https:\/\/www.facebook.com\/pages\/Ledizioni-LediPublishing\/109120559173329","https:\/\/x.com\/ledizioni"]}]}},"jetpack_sharing_enabled":true,"_links":{"self":[{"href":"https:\/\/www.ledizioni.it\/en\/wp-json\/wp\/v2\/product\/6792","targetHints":{"allow":["GET"]}}],"collection":[{"href":"https:\/\/www.ledizioni.it\/en\/wp-json\/wp\/v2\/product"}],"about":[{"href":"https:\/\/www.ledizioni.it\/en\/wp-json\/wp\/v2\/types\/product"}],"replies":[{"embeddable":true,"href":"https:\/\/www.ledizioni.it\/en\/wp-json\/wp\/v2\/comments?post=6792"}],"version-history":[{"count":1,"href":"https:\/\/www.ledizioni.it\/en\/wp-json\/wp\/v2\/product\/6792\/revisions"}],"predecessor-version":[{"id":8704,"href":"https:\/\/www.ledizioni.it\/en\/wp-json\/wp\/v2\/product\/6792\/revisions\/8704"}],"wp:featuredmedia":[{"embeddable":true,"href":"https:\/\/www.ledizioni.it\/en\/wp-json\/wp\/v2\/media\/8703"}],"wp:attachment":[{"href":"https:\/\/www.ledizioni.it\/en\/wp-json\/wp\/v2\/media?parent=6792"}],"wp:term":[{"taxonomy":"product_brand","embeddable":true,"href":"https:\/\/www.ledizioni.it\/en\/wp-json\/wp\/v2\/product_brand?post=6792"},{"taxonomy":"product_cat","embeddable":true,"href":"https:\/\/www.ledizioni.it\/en\/wp-json\/wp\/v2\/product_cat?post=6792"},{"taxonomy":"product_tag","embeddable":true,"href":"https:\/\/www.ledizioni.it\/en\/wp-json\/wp\/v2\/product_tag?post=6792"}],"curies":[{"name":"wp","href":"https:\/\/api.w.org\/{rel}","templated":true}]}}