{"id":68497,"date":"2024-10-15T00:00:00","date_gmt":"2024-10-14T22:00:00","guid":{"rendered":"https:\/\/www.ledizioni.it\/?post_type=product&#038;p=68497"},"modified":"2024-10-15T09:50:28","modified_gmt":"2024-10-15T07:50:28","slug":"da-nettuno-a-nettuno","status":"publish","type":"product","link":"https:\/\/www.ledizioni.it\/en\/product\/da-nettuno-a-nettuno\/","title":{"rendered":"DA NETTUNO A NETTUNO"},"content":{"rendered":"<p style=\"text-align: justify;\">Camminare ci restituisce l&#8217;ambiente e all\u2019ambiente, il custode del tempo, delle epoche e dei cambiamenti, delle grandi e piccole storie.<br \/>\nL\u2019ambiente, per\u00f2, \u00e8 spesso ferito dall\u2019arroganza antropocentrica dell\u2019uomo e umiliato dalla sua indifferenza. Per proteggerlo, \u00e8 fondamentale sviluppare una nuova sensibilit\u00e0 che permetta di comprenderne i delicati equilibri e di attuare politiche che lo rispettino. Negli ultimi anni, termini come &#8216;sostenibilit\u00e0 ambientale\u2019 e \u2018sviluppo sostenibile\u2019 sono diventati sempre pi\u00f9 comuni, riflettendo princ\u00ecpi, obblighi e diritti che hanno trovato spazio, per forma o per sostanza, nelle politiche nazionali e internazionali.<br \/>\nPromuovere un corretto sviluppo delle politiche ambientali significa schierarsi dalla parte dell\u2019ambiente e rimodellare la visione del diritto in una prospettiva pi\u00f9 ampia, \u2018olistica\u2019, dove viene riconosciuta, protetta e valorizzata la profonda interconnessione tra l\u2019uomo e l\u2019ambiente.<br \/>\nDa questa prospettiva \u00e8 nato Sostenibilit\u00e0 in Cammino, il corso di sostenibilit\u00e0 ambientale patrocinato dall\u2019Universit\u00e0 di Trento. Nel corso di cinque anni, cinque gruppi di studenti e studentesse di giurisprudenza sono stati guidati dal prof. Lugaresi in un viaggio alla scoperta della sostenibilit\u00e0 e delle sue molteplici sfaccettature, nonch\u00e9 nell\u2019analisi critica dei limiti delle politiche che dovrebbero tutelarla. Queste politiche, infatti, spesso assumono contorni evanescenti e sfumano nella complessa rete di interessi, discrezionalit\u00e0 e mancanza di visione che intacca il patto intergenerazionale che dovrebbe garantire la trasmissione delle risorse e preservare il delicato equilibrio tra conservazione e sviluppo.<br \/>\nIl contatto con la natura richiama l\u2019indissolubile legame tra uomo e ambiente, e Sostenibilit\u00e0 in Cammino rompe i consueti paradigmi, riportando la questione alla sua essenza. Il corso stimola riflessioni pi\u00f9 profonde e indaga risposte pi\u00f9 intime e concrete, attraverso un atto semplice e autentico: camminare.<\/p>\n<hr \/>\n<p><strong>DATI BIBLIOGRAFICI<\/strong><br \/>\nAutrice: Dania Puggioni<br \/>\nEditore: Ledizioni<br \/>\nPubblicato in: ottobre 2024<br \/>\nFormato: brossura, 60 p.<br \/>\nISBN: 9791256002344<br \/>\nPrezzo: 16,00 \u20ac<\/p>","protected":false},"excerpt":{"rendered":"<p>Camminare ci restituisce l&#8217;ambiente e all\u2019ambiente, il custode del tempo, delle epoche e dei cambiamenti, delle grandi e piccole storie.<\/p>","protected":false},"featured_media":68512,"comment_status":"closed","ping_status":"closed","template":"","meta":{"_acf_changed":false},"product_brand":[],"product_cat":[3074],"product_tag":[3136,735,2698,2650],"class_list":{"0":"post-68497","1":"product","2":"type-product","3":"status-publish","4":"has-post-thumbnail","6":"product_cat-didattica","7":"product_tag-camminare","8":"product_tag-didattica-2","9":"product_tag-istruzione","10":"product_tag-sostenibilita","12":"first","13":"instock","14":"shipping-taxable","15":"purchasable","16":"product-type-simple"},"acf":[],"yoast_head":"<!-- This site is optimized with the Yoast SEO plugin v27.4 - https:\/\/yoast.com\/product\/yoast-seo-wordpress\/ -->\n<title>DA NETTUNO A NETTUNO -<\/title>\n<meta name=\"description\" content=\"Ledizioni - Innovative Publishing. Casa editrice universitaria. Open Access. eBook, ePub. Creative Commons.\" \/>\n<meta name=\"robots\" content=\"index, follow, max-snippet:-1, max-image-preview:large, max-video-preview:-1\" \/>\n<link rel=\"canonical\" href=\"https:\/\/www.ledizioni.it\/en\/product\/da-nettuno-a-nettuno\/\" \/>\n<meta property=\"og:locale\" content=\"en_GB\" \/>\n<meta property=\"og:type\" content=\"article\" \/>\n<meta property=\"og:title\" content=\"DA NETTUNO A NETTUNO -\" \/>\n<meta property=\"og:description\" content=\"Ledizioni - Innovative Publishing. Casa editrice universitaria. Open Access. eBook, ePub. Creative Commons.\" \/>\n<meta property=\"og:url\" content=\"https:\/\/www.ledizioni.it\/en\/product\/da-nettuno-a-nettuno\/\" \/>\n<meta property=\"og:site_name\" content=\"Ledizioni\" \/>\n<meta property=\"article:publisher\" content=\"https:\/\/www.facebook.com\/pages\/Ledizioni-LediPublishing\/109120559173329\" \/>\n<meta property=\"article:modified_time\" content=\"2024-10-15T07:50:28+00:00\" \/>\n<meta property=\"og:image\" content=\"https:\/\/www.ledizioni.it\/stag\/wp-content\/uploads\/2024\/10\/Copertina-Nettuno-3D.jpg\" \/>\n\t<meta property=\"og:image:width\" content=\"1504\" \/>\n\t<meta property=\"og:image:height\" content=\"1938\" \/>\n\t<meta property=\"og:image:type\" content=\"image\/jpeg\" \/>\n<meta name=\"twitter:card\" content=\"summary_large_image\" \/>\n<meta name=\"twitter:site\" content=\"@ledizioni\" \/>\n<meta name=\"twitter:label1\" content=\"Estimated reading time\" \/>\n\t<meta name=\"twitter:data1\" content=\"2 minutes\" \/>\n<script type=\"application\/ld+json\" class=\"yoast-schema-graph\">{\"@context\":\"https:\\\/\\\/schema.org\",\"@graph\":[{\"@type\":\"WebPage\",\"@id\":\"https:\\\/\\\/www.ledizioni.it\\\/en\\\/product\\\/da-nettuno-a-nettuno\\\/\",\"url\":\"https:\\\/\\\/www.ledizioni.it\\\/en\\\/product\\\/da-nettuno-a-nettuno\\\/\",\"name\":\"DA NETTUNO A NETTUNO -\",\"isPartOf\":{\"@id\":\"https:\\\/\\\/www.ledizioni.it\\\/#website\"},\"primaryImageOfPage\":{\"@id\":\"https:\\\/\\\/www.ledizioni.it\\\/en\\\/product\\\/da-nettuno-a-nettuno\\\/#primaryimage\"},\"image\":{\"@id\":\"https:\\\/\\\/www.ledizioni.it\\\/en\\\/product\\\/da-nettuno-a-nettuno\\\/#primaryimage\"},\"thumbnailUrl\":\"https:\\\/\\\/www.ledizioni.it\\\/stag\\\/wp-content\\\/uploads\\\/2024\\\/10\\\/Copertina-Nettuno-3D.jpg\",\"datePublished\":\"2024-10-14T22:00:00+00:00\",\"dateModified\":\"2024-10-15T07:50:28+00:00\",\"description\":\"Ledizioni - Innovative Publishing. Casa editrice universitaria. Open Access. eBook, ePub. Creative Commons.\",\"breadcrumb\":{\"@id\":\"https:\\\/\\\/www.ledizioni.it\\\/en\\\/product\\\/da-nettuno-a-nettuno\\\/#breadcrumb\"},\"inLanguage\":\"en-GB\",\"potentialAction\":[{\"@type\":\"ReadAction\",\"target\":[\"https:\\\/\\\/www.ledizioni.it\\\/en\\\/product\\\/da-nettuno-a-nettuno\\\/\"]}]},{\"@type\":\"ImageObject\",\"inLanguage\":\"en-GB\",\"@id\":\"https:\\\/\\\/www.ledizioni.it\\\/en\\\/product\\\/da-nettuno-a-nettuno\\\/#primaryimage\",\"url\":\"https:\\\/\\\/www.ledizioni.it\\\/stag\\\/wp-content\\\/uploads\\\/2024\\\/10\\\/Copertina-Nettuno-3D.jpg\",\"contentUrl\":\"https:\\\/\\\/www.ledizioni.it\\\/stag\\\/wp-content\\\/uploads\\\/2024\\\/10\\\/Copertina-Nettuno-3D.jpg\",\"width\":1504,\"height\":1938},{\"@type\":\"BreadcrumbList\",\"@id\":\"https:\\\/\\\/www.ledizioni.it\\\/en\\\/product\\\/da-nettuno-a-nettuno\\\/#breadcrumb\",\"itemListElement\":[{\"@type\":\"ListItem\",\"position\":1,\"name\":\"Shop\",\"item\":\"https:\\\/\\\/www.ledizioni.it\\\/shop-2\\\/\"},{\"@type\":\"ListItem\",\"position\":2,\"name\":\"DA NETTUNO A NETTUNO\"}]},{\"@type\":\"WebSite\",\"@id\":\"https:\\\/\\\/www.ledizioni.it\\\/#website\",\"url\":\"https:\\\/\\\/www.ledizioni.it\\\/\",\"name\":\"Ledizioni\",\"description\":\"The Innovative LediPublishing Company - Casa Editrice Universitaria\",\"publisher\":{\"@id\":\"https:\\\/\\\/www.ledizioni.it\\\/#organization\"},\"potentialAction\":[{\"@type\":\"SearchAction\",\"target\":{\"@type\":\"EntryPoint\",\"urlTemplate\":\"https:\\\/\\\/www.ledizioni.it\\\/?s={search_term_string}\"},\"query-input\":{\"@type\":\"PropertyValueSpecification\",\"valueRequired\":true,\"valueName\":\"search_term_string\"}}],\"inLanguage\":\"en-GB\"},{\"@type\":\"Organization\",\"@id\":\"https:\\\/\\\/www.ledizioni.it\\\/#organization\",\"name\":\"Ledizioni\",\"url\":\"https:\\\/\\\/www.ledizioni.it\\\/\",\"logo\":{\"@type\":\"ImageObject\",\"inLanguage\":\"en-GB\",\"@id\":\"https:\\\/\\\/www.ledizioni.it\\\/#\\\/schema\\\/logo\\\/image\\\/\",\"url\":\"https:\\\/\\\/www.ledizioni.it\\\/stag\\\/wp-content\\\/uploads\\\/2023\\\/10\\\/newlogoledizioni500x110_2-1.jpg\",\"contentUrl\":\"https:\\\/\\\/www.ledizioni.it\\\/stag\\\/wp-content\\\/uploads\\\/2023\\\/10\\\/newlogoledizioni500x110_2-1.jpg\",\"width\":354,\"height\":87,\"caption\":\"Ledizioni\"},\"image\":{\"@id\":\"https:\\\/\\\/www.ledizioni.it\\\/#\\\/schema\\\/logo\\\/image\\\/\"},\"sameAs\":[\"https:\\\/\\\/www.facebook.com\\\/pages\\\/Ledizioni-LediPublishing\\\/109120559173329\",\"https:\\\/\\\/x.com\\\/ledizioni\"]}]}<\/script>\n<!-- \/ Yoast SEO plugin. -->","yoast_head_json":{"title":"DA NETTUNO A NETTUNO -","description":"Ledizioni - Innovative Publishing. Casa editrice universitaria. Open Access. eBook, ePub. Creative Commons.","robots":{"index":"index","follow":"follow","max-snippet":"max-snippet:-1","max-image-preview":"max-image-preview:large","max-video-preview":"max-video-preview:-1"},"canonical":"https:\/\/www.ledizioni.it\/en\/product\/da-nettuno-a-nettuno\/","og_locale":"en_GB","og_type":"article","og_title":"DA NETTUNO A NETTUNO -","og_description":"Ledizioni - Innovative Publishing. Casa editrice universitaria. Open Access. eBook, ePub. Creative Commons.","og_url":"https:\/\/www.ledizioni.it\/en\/product\/da-nettuno-a-nettuno\/","og_site_name":"Ledizioni","article_publisher":"https:\/\/www.facebook.com\/pages\/Ledizioni-LediPublishing\/109120559173329","article_modified_time":"2024-10-15T07:50:28+00:00","og_image":[{"width":1504,"height":1938,"url":"https:\/\/www.ledizioni.it\/stag\/wp-content\/uploads\/2024\/10\/Copertina-Nettuno-3D.jpg","type":"image\/jpeg"}],"twitter_card":"summary_large_image","twitter_site":"@ledizioni","twitter_misc":{"Estimated reading time":"2 minutes"},"schema":{"@context":"https:\/\/schema.org","@graph":[{"@type":"WebPage","@id":"https:\/\/www.ledizioni.it\/en\/product\/da-nettuno-a-nettuno\/","url":"https:\/\/www.ledizioni.it\/en\/product\/da-nettuno-a-nettuno\/","name":"DA NETTUNO A NETTUNO -","isPartOf":{"@id":"https:\/\/www.ledizioni.it\/#website"},"primaryImageOfPage":{"@id":"https:\/\/www.ledizioni.it\/en\/product\/da-nettuno-a-nettuno\/#primaryimage"},"image":{"@id":"https:\/\/www.ledizioni.it\/en\/product\/da-nettuno-a-nettuno\/#primaryimage"},"thumbnailUrl":"https:\/\/www.ledizioni.it\/stag\/wp-content\/uploads\/2024\/10\/Copertina-Nettuno-3D.jpg","datePublished":"2024-10-14T22:00:00+00:00","dateModified":"2024-10-15T07:50:28+00:00","description":"Ledizioni - Innovative Publishing. Casa editrice universitaria. Open Access. eBook, ePub. Creative Commons.","breadcrumb":{"@id":"https:\/\/www.ledizioni.it\/en\/product\/da-nettuno-a-nettuno\/#breadcrumb"},"inLanguage":"en-GB","potentialAction":[{"@type":"ReadAction","target":["https:\/\/www.ledizioni.it\/en\/product\/da-nettuno-a-nettuno\/"]}]},{"@type":"ImageObject","inLanguage":"en-GB","@id":"https:\/\/www.ledizioni.it\/en\/product\/da-nettuno-a-nettuno\/#primaryimage","url":"https:\/\/www.ledizioni.it\/stag\/wp-content\/uploads\/2024\/10\/Copertina-Nettuno-3D.jpg","contentUrl":"https:\/\/www.ledizioni.it\/stag\/wp-content\/uploads\/2024\/10\/Copertina-Nettuno-3D.jpg","width":1504,"height":1938},{"@type":"BreadcrumbList","@id":"https:\/\/www.ledizioni.it\/en\/product\/da-nettuno-a-nettuno\/#breadcrumb","itemListElement":[{"@type":"ListItem","position":1,"name":"Shop","item":"https:\/\/www.ledizioni.it\/shop-2\/"},{"@type":"ListItem","position":2,"name":"DA NETTUNO A NETTUNO"}]},{"@type":"WebSite","@id":"https:\/\/www.ledizioni.it\/#website","url":"https:\/\/www.ledizioni.it\/","name":"Ledizioni","description":"The Innovative LediPublishing Company - Casa Editrice Universitaria","publisher":{"@id":"https:\/\/www.ledizioni.it\/#organization"},"potentialAction":[{"@type":"SearchAction","target":{"@type":"EntryPoint","urlTemplate":"https:\/\/www.ledizioni.it\/?s={search_term_string}"},"query-input":{"@type":"PropertyValueSpecification","valueRequired":true,"valueName":"search_term_string"}}],"inLanguage":"en-GB"},{"@type":"Organization","@id":"https:\/\/www.ledizioni.it\/#organization","name":"Ledizioni","url":"https:\/\/www.ledizioni.it\/","logo":{"@type":"ImageObject","inLanguage":"en-GB","@id":"https:\/\/www.ledizioni.it\/#\/schema\/logo\/image\/","url":"https:\/\/www.ledizioni.it\/stag\/wp-content\/uploads\/2023\/10\/newlogoledizioni500x110_2-1.jpg","contentUrl":"https:\/\/www.ledizioni.it\/stag\/wp-content\/uploads\/2023\/10\/newlogoledizioni500x110_2-1.jpg","width":354,"height":87,"caption":"Ledizioni"},"image":{"@id":"https:\/\/www.ledizioni.it\/#\/schema\/logo\/image\/"},"sameAs":["https:\/\/www.facebook.com\/pages\/Ledizioni-LediPublishing\/109120559173329","https:\/\/x.com\/ledizioni"]}]}},"jetpack_sharing_enabled":true,"_links":{"self":[{"href":"https:\/\/www.ledizioni.it\/en\/wp-json\/wp\/v2\/product\/68497","targetHints":{"allow":["GET"]}}],"collection":[{"href":"https:\/\/www.ledizioni.it\/en\/wp-json\/wp\/v2\/product"}],"about":[{"href":"https:\/\/www.ledizioni.it\/en\/wp-json\/wp\/v2\/types\/product"}],"replies":[{"embeddable":true,"href":"https:\/\/www.ledizioni.it\/en\/wp-json\/wp\/v2\/comments?post=68497"}],"version-history":[{"count":1,"href":"https:\/\/www.ledizioni.it\/en\/wp-json\/wp\/v2\/product\/68497\/revisions"}],"predecessor-version":[{"id":68513,"href":"https:\/\/www.ledizioni.it\/en\/wp-json\/wp\/v2\/product\/68497\/revisions\/68513"}],"wp:featuredmedia":[{"embeddable":true,"href":"https:\/\/www.ledizioni.it\/en\/wp-json\/wp\/v2\/media\/68512"}],"wp:attachment":[{"href":"https:\/\/www.ledizioni.it\/en\/wp-json\/wp\/v2\/media?parent=68497"}],"wp:term":[{"taxonomy":"product_brand","embeddable":true,"href":"https:\/\/www.ledizioni.it\/en\/wp-json\/wp\/v2\/product_brand?post=68497"},{"taxonomy":"product_cat","embeddable":true,"href":"https:\/\/www.ledizioni.it\/en\/wp-json\/wp\/v2\/product_cat?post=68497"},{"taxonomy":"product_tag","embeddable":true,"href":"https:\/\/www.ledizioni.it\/en\/wp-json\/wp\/v2\/product_tag?post=68497"}],"curies":[{"name":"wp","href":"https:\/\/api.w.org\/{rel}","templated":true}]}}