{"id":68990,"date":"2024-10-31T00:00:00","date_gmt":"2024-10-30T22:00:00","guid":{"rendered":"https:\/\/www.ledizioni.it\/?post_type=product&#038;p=68990"},"modified":"2024-11-20T17:37:16","modified_gmt":"2024-11-20T15:37:16","slug":"i-popoli-indigeni-nel-magistero-della-chiesa-cattolica","status":"publish","type":"product","link":"https:\/\/www.ledizioni.it\/en\/product\/i-popoli-indigeni-nel-magistero-della-chiesa-cattolica\/","title":{"rendered":"I POPOLI INDIGENI NEL MAGISTERO DELLA CHIESA CATTOLICA"},"content":{"rendered":"<div data-elementor-type=\"product-post\" data-elementor-id=\"68990\" class=\"elementor elementor-68990\" data-elementor-post-type=\"product\">\n\t\t\t\t\t\t<section class=\"elementor-section elementor-top-section elementor-element elementor-element-72853e8 elementor-section-boxed elementor-section-height-default elementor-section-height-default wd-section-disabled\" data-id=\"72853e8\" data-element_type=\"section\" data-e-type=\"section\">\n\t\t\t\t\t\t<div class=\"elementor-container elementor-column-gap-default\">\n\t\t\t\t\t<div class=\"elementor-column elementor-col-100 elementor-top-column elementor-element elementor-element-7d9a9542\" data-id=\"7d9a9542\" data-element_type=\"column\" data-e-type=\"column\">\n\t\t\t<div class=\"elementor-widget-wrap elementor-element-populated\">\n\t\t\t\t\t\t<div class=\"elementor-element elementor-element-4285672 color-scheme-inherit text-left elementor-widget elementor-widget-text-editor\" data-id=\"4285672\" data-element_type=\"widget\" data-e-type=\"widget\" data-widget_type=\"text-editor.default\">\n\t\t\t\t<div class=\"elementor-widget-container\">\n\t\t\t\t\t\t\t\t\t<p style=\"text-align: justify;\">La Chiesa cattolica si \u00e8 occupata da sempre dei popoli indigeni, vale a dire, da quando questa categoria \u00e8 stata concepita e ha iniziato a essere impiegata, a partire dall&#8217;et\u00e0 dell\u2019espansione europea fino ad arrivare alla condanna degli abusi, frutto del Concilio Vaticano II. La crescente sollecitudine della Chiesa cattolica ha riguardato diversi, e rilevanti, aspetti della tutela di tali popolazioni, inclusa la necessit\u00e0 di proteggerle dal degrado ambientale, ed \u00e8 culminata nella svolta impressa dal papato di Francesco, il quale ne ha operato una significativa rivalutazione, vedendoli non pi\u00f9 solo come legittimi destinatari di misure di protezione anche rispetto all\u2019ambiente in cui vivono, ma anche come custodi stessi della &#8216;casa comune\u2019 e quindi assegnando loro un prezioso e insostituibile ruolo che trascende quello di (mero) soggetto vulnerabile. Questo studio intende ripercorrere tale evoluzione, non tanto ricostruendo lo sviluppo del magistero della Chiesa cattolica secondo un criterio prettamente cronologico, quanto individuando le principali direttrici di una riflessione plurisecolare, che sono infine confluite nella prospettiva olistica di Francesco.<\/p>\n<hr>\n<p><strong>DATI BIBLIOGRAFICI<\/strong><br>Autrice: Rossella Bottoni<br>Editore: Ledizioni <br>Pubblicato in: ottobre 2024<br>Formato: brossura, 218 p. &#8211; ePub &#8211; PDF in OA<br>ISBN cartaceo:&nbsp; 9791256002481<br>ISBN ePub: 9791256002498<br>Prezzo cartaceo: 18,00 \u20ac<br>Prezzo ePub: 8,99 \u20ac<br><\/p>\t\t\t\t\t\t\t\t<\/div>\n\t\t\t\t<\/div>\n\t\t\t\t\t<\/div>\n\t\t<\/div>\n\t\t\t\t\t<\/div>\n\t\t<\/section>\n\t\t\t\t<section class=\"elementor-section elementor-top-section elementor-element elementor-element-a372614 elementor-section-boxed elementor-section-height-default elementor-section-height-default wd-section-disabled\" data-id=\"a372614\" data-element_type=\"section\" data-e-type=\"section\">\n\t\t\t\t\t\t<div class=\"elementor-container elementor-column-gap-default\">\n\t\t\t\t\t<div class=\"elementor-column elementor-col-100 elementor-top-column elementor-element elementor-element-b6d05c9\" data-id=\"b6d05c9\" data-element_type=\"column\" data-e-type=\"column\">\n\t\t\t<div class=\"elementor-widget-wrap elementor-element-populated\">\n\t\t\t\t\t\t<div class=\"elementor-element elementor-element-c6c1954 elementor-button-danger elementor-align-center elementor-widget elementor-widget-button\" data-id=\"c6c1954\" data-element_type=\"widget\" data-e-type=\"widget\" data-widget_type=\"button.default\">\n\t\t\t\t<div class=\"elementor-widget-container\">\n\t\t\t\t\t\t\t\t\t<div class=\"elementor-button-wrapper\">\n\t\t\t\t\t<a class=\"elementor-button elementor-button-link elementor-size-sm\" href=\"https:\/\/www.ledizioni.it\/en\/download\/69054\/?tmstv=1730375734\" target=\"_blank\">\n\t\t\t\t\t\t<span class=\"elementor-button-content-wrapper\">\n\t\t\t\t\t\t\t\t\t<span class=\"elementor-button-text\">Scarica il PDF in Open Access<\/span>\n\t\t\t\t\t<\/span>\n\t\t\t\t\t<\/a>\n\t\t\t\t<\/div>\n\t\t\t\t\t\t\t\t<\/div>\n\t\t\t\t<\/div>\n\t\t\t\t\t<\/div>\n\t\t<\/div>\n\t\t\t\t\t<\/div>\n\t\t<\/section>\n\t\t\t\t<\/div>","protected":false},"excerpt":{"rendered":"<p>La Chiesa cattolica si \u00e8 occupata da sempre dei popoli indigeni, vale a dire, da quando questa categoria \u00e8 stata<\/p>","protected":false},"featured_media":69057,"comment_status":"closed","ping_status":"closed","template":"","meta":{"_acf_changed":false},"product_brand":[],"product_cat":[566],"product_tag":[2826,3151,2632,764,2921],"class_list":{"0":"post-68990","1":"product","2":"type-product","3":"status-publish","4":"has-post-thumbnail","6":"product_cat-diritto-2","7":"product_tag-chiesa","8":"product_tag-culture","9":"product_tag-diritto","10":"product_tag-open-access-2","11":"product_tag-popoli-indigeni","12":"pa_formato-cartaceo","13":"pa_formato-ebook-in-epub","14":"pa_formato-ebook-in-pdf","16":"first","17":"instock","18":"shipping-taxable","19":"purchasable","20":"product-type-variable"},"acf":[],"yoast_head":"<!-- This site is optimized with the Yoast SEO plugin v27.4 - https:\/\/yoast.com\/product\/yoast-seo-wordpress\/ -->\n<title>I POPOLI INDIGENI NEL MAGISTERO DELLA CHIESA CATTOLICA -<\/title>\n<meta name=\"description\" content=\"Ledizioni - Innovative Publishing. Casa editrice universitaria. Open Access. eBook, ePub. Creative Commons.\" \/>\n<meta name=\"robots\" content=\"index, follow, max-snippet:-1, max-image-preview:large, max-video-preview:-1\" \/>\n<link rel=\"canonical\" href=\"https:\/\/www.ledizioni.it\/en\/product\/i-popoli-indigeni-nel-magistero-della-chiesa-cattolica\/\" \/>\n<meta property=\"og:locale\" content=\"en_GB\" \/>\n<meta property=\"og:type\" content=\"article\" \/>\n<meta property=\"og:title\" content=\"I POPOLI INDIGENI NEL MAGISTERO DELLA CHIESA CATTOLICA -\" \/>\n<meta property=\"og:description\" content=\"Ledizioni - Innovative Publishing. Casa editrice universitaria. Open Access. eBook, ePub. Creative Commons.\" \/>\n<meta property=\"og:url\" content=\"https:\/\/www.ledizioni.it\/en\/product\/i-popoli-indigeni-nel-magistero-della-chiesa-cattolica\/\" \/>\n<meta property=\"og:site_name\" content=\"Ledizioni\" \/>\n<meta property=\"article:publisher\" content=\"https:\/\/www.facebook.com\/pages\/Ledizioni-LediPublishing\/109120559173329\" \/>\n<meta property=\"article:modified_time\" content=\"2024-11-20T15:37:16+00:00\" \/>\n<meta property=\"og:image\" content=\"https:\/\/www.ledizioni.it\/stag\/wp-content\/uploads\/2024\/11\/Bottoni_cover-3D.jpg\" \/>\n\t<meta property=\"og:image:width\" content=\"1516\" \/>\n\t<meta property=\"og:image:height\" content=\"1962\" \/>\n\t<meta property=\"og:image:type\" content=\"image\/jpeg\" \/>\n<meta name=\"twitter:card\" content=\"summary_large_image\" \/>\n<meta name=\"twitter:site\" content=\"@ledizioni\" \/>\n<script type=\"application\/ld+json\" class=\"yoast-schema-graph\">{\"@context\":\"https:\\\/\\\/schema.org\",\"@graph\":[{\"@type\":\"WebPage\",\"@id\":\"https:\\\/\\\/www.ledizioni.it\\\/prodotto\\\/i-popoli-indigeni-nel-magistero-della-chiesa-cattolica\\\/\",\"url\":\"https:\\\/\\\/www.ledizioni.it\\\/prodotto\\\/i-popoli-indigeni-nel-magistero-della-chiesa-cattolica\\\/\",\"name\":\"I POPOLI INDIGENI NEL MAGISTERO DELLA CHIESA CATTOLICA -\",\"isPartOf\":{\"@id\":\"https:\\\/\\\/www.ledizioni.it\\\/#website\"},\"primaryImageOfPage\":{\"@id\":\"https:\\\/\\\/www.ledizioni.it\\\/prodotto\\\/i-popoli-indigeni-nel-magistero-della-chiesa-cattolica\\\/#primaryimage\"},\"image\":{\"@id\":\"https:\\\/\\\/www.ledizioni.it\\\/prodotto\\\/i-popoli-indigeni-nel-magistero-della-chiesa-cattolica\\\/#primaryimage\"},\"thumbnailUrl\":\"https:\\\/\\\/www.ledizioni.it\\\/stag\\\/wp-content\\\/uploads\\\/2024\\\/11\\\/Bottoni_cover-3D.jpg\",\"datePublished\":\"2024-10-30T22:00:00+00:00\",\"dateModified\":\"2024-11-20T15:37:16+00:00\",\"description\":\"Ledizioni - Innovative Publishing. Casa editrice universitaria. Open Access. eBook, ePub. Creative Commons.\",\"breadcrumb\":{\"@id\":\"https:\\\/\\\/www.ledizioni.it\\\/prodotto\\\/i-popoli-indigeni-nel-magistero-della-chiesa-cattolica\\\/#breadcrumb\"},\"inLanguage\":\"en-GB\",\"potentialAction\":[{\"@type\":\"ReadAction\",\"target\":[\"https:\\\/\\\/www.ledizioni.it\\\/prodotto\\\/i-popoli-indigeni-nel-magistero-della-chiesa-cattolica\\\/\"]}]},{\"@type\":\"ImageObject\",\"inLanguage\":\"en-GB\",\"@id\":\"https:\\\/\\\/www.ledizioni.it\\\/prodotto\\\/i-popoli-indigeni-nel-magistero-della-chiesa-cattolica\\\/#primaryimage\",\"url\":\"https:\\\/\\\/www.ledizioni.it\\\/stag\\\/wp-content\\\/uploads\\\/2024\\\/11\\\/Bottoni_cover-3D.jpg\",\"contentUrl\":\"https:\\\/\\\/www.ledizioni.it\\\/stag\\\/wp-content\\\/uploads\\\/2024\\\/11\\\/Bottoni_cover-3D.jpg\",\"width\":1516,\"height\":1962},{\"@type\":\"BreadcrumbList\",\"@id\":\"https:\\\/\\\/www.ledizioni.it\\\/prodotto\\\/i-popoli-indigeni-nel-magistero-della-chiesa-cattolica\\\/#breadcrumb\",\"itemListElement\":[{\"@type\":\"ListItem\",\"position\":1,\"name\":\"Shop\",\"item\":\"https:\\\/\\\/www.ledizioni.it\\\/shop-2\\\/\"},{\"@type\":\"ListItem\",\"position\":2,\"name\":\"I POPOLI INDIGENI NEL MAGISTERO DELLA CHIESA CATTOLICA\"}]},{\"@type\":\"WebSite\",\"@id\":\"https:\\\/\\\/www.ledizioni.it\\\/#website\",\"url\":\"https:\\\/\\\/www.ledizioni.it\\\/\",\"name\":\"Ledizioni\",\"description\":\"The Innovative LediPublishing Company - Casa Editrice Universitaria\",\"publisher\":{\"@id\":\"https:\\\/\\\/www.ledizioni.it\\\/#organization\"},\"potentialAction\":[{\"@type\":\"SearchAction\",\"target\":{\"@type\":\"EntryPoint\",\"urlTemplate\":\"https:\\\/\\\/www.ledizioni.it\\\/?s={search_term_string}\"},\"query-input\":{\"@type\":\"PropertyValueSpecification\",\"valueRequired\":true,\"valueName\":\"search_term_string\"}}],\"inLanguage\":\"en-GB\"},{\"@type\":\"Organization\",\"@id\":\"https:\\\/\\\/www.ledizioni.it\\\/#organization\",\"name\":\"Ledizioni\",\"url\":\"https:\\\/\\\/www.ledizioni.it\\\/\",\"logo\":{\"@type\":\"ImageObject\",\"inLanguage\":\"en-GB\",\"@id\":\"https:\\\/\\\/www.ledizioni.it\\\/#\\\/schema\\\/logo\\\/image\\\/\",\"url\":\"https:\\\/\\\/www.ledizioni.it\\\/stag\\\/wp-content\\\/uploads\\\/2023\\\/10\\\/newlogoledizioni500x110_2-1.jpg\",\"contentUrl\":\"https:\\\/\\\/www.ledizioni.it\\\/stag\\\/wp-content\\\/uploads\\\/2023\\\/10\\\/newlogoledizioni500x110_2-1.jpg\",\"width\":354,\"height\":87,\"caption\":\"Ledizioni\"},\"image\":{\"@id\":\"https:\\\/\\\/www.ledizioni.it\\\/#\\\/schema\\\/logo\\\/image\\\/\"},\"sameAs\":[\"https:\\\/\\\/www.facebook.com\\\/pages\\\/Ledizioni-LediPublishing\\\/109120559173329\",\"https:\\\/\\\/x.com\\\/ledizioni\"]}]}<\/script>\n<!-- \/ Yoast SEO plugin. -->","yoast_head_json":{"title":"I POPOLI INDIGENI NEL MAGISTERO DELLA CHIESA CATTOLICA -","description":"Ledizioni - Innovative Publishing. Casa editrice universitaria. Open Access. eBook, ePub. Creative Commons.","robots":{"index":"index","follow":"follow","max-snippet":"max-snippet:-1","max-image-preview":"max-image-preview:large","max-video-preview":"max-video-preview:-1"},"canonical":"https:\/\/www.ledizioni.it\/en\/product\/i-popoli-indigeni-nel-magistero-della-chiesa-cattolica\/","og_locale":"en_GB","og_type":"article","og_title":"I POPOLI INDIGENI NEL MAGISTERO DELLA CHIESA CATTOLICA -","og_description":"Ledizioni - Innovative Publishing. Casa editrice universitaria. Open Access. eBook, ePub. Creative Commons.","og_url":"https:\/\/www.ledizioni.it\/en\/product\/i-popoli-indigeni-nel-magistero-della-chiesa-cattolica\/","og_site_name":"Ledizioni","article_publisher":"https:\/\/www.facebook.com\/pages\/Ledizioni-LediPublishing\/109120559173329","article_modified_time":"2024-11-20T15:37:16+00:00","og_image":[{"width":1516,"height":1962,"url":"https:\/\/www.ledizioni.it\/stag\/wp-content\/uploads\/2024\/11\/Bottoni_cover-3D.jpg","type":"image\/jpeg"}],"twitter_card":"summary_large_image","twitter_site":"@ledizioni","schema":{"@context":"https:\/\/schema.org","@graph":[{"@type":"WebPage","@id":"https:\/\/www.ledizioni.it\/prodotto\/i-popoli-indigeni-nel-magistero-della-chiesa-cattolica\/","url":"https:\/\/www.ledizioni.it\/prodotto\/i-popoli-indigeni-nel-magistero-della-chiesa-cattolica\/","name":"I POPOLI INDIGENI NEL MAGISTERO DELLA CHIESA CATTOLICA -","isPartOf":{"@id":"https:\/\/www.ledizioni.it\/#website"},"primaryImageOfPage":{"@id":"https:\/\/www.ledizioni.it\/prodotto\/i-popoli-indigeni-nel-magistero-della-chiesa-cattolica\/#primaryimage"},"image":{"@id":"https:\/\/www.ledizioni.it\/prodotto\/i-popoli-indigeni-nel-magistero-della-chiesa-cattolica\/#primaryimage"},"thumbnailUrl":"https:\/\/www.ledizioni.it\/stag\/wp-content\/uploads\/2024\/11\/Bottoni_cover-3D.jpg","datePublished":"2024-10-30T22:00:00+00:00","dateModified":"2024-11-20T15:37:16+00:00","description":"Ledizioni - Innovative Publishing. Casa editrice universitaria. Open Access. eBook, ePub. Creative Commons.","breadcrumb":{"@id":"https:\/\/www.ledizioni.it\/prodotto\/i-popoli-indigeni-nel-magistero-della-chiesa-cattolica\/#breadcrumb"},"inLanguage":"en-GB","potentialAction":[{"@type":"ReadAction","target":["https:\/\/www.ledizioni.it\/prodotto\/i-popoli-indigeni-nel-magistero-della-chiesa-cattolica\/"]}]},{"@type":"ImageObject","inLanguage":"en-GB","@id":"https:\/\/www.ledizioni.it\/prodotto\/i-popoli-indigeni-nel-magistero-della-chiesa-cattolica\/#primaryimage","url":"https:\/\/www.ledizioni.it\/stag\/wp-content\/uploads\/2024\/11\/Bottoni_cover-3D.jpg","contentUrl":"https:\/\/www.ledizioni.it\/stag\/wp-content\/uploads\/2024\/11\/Bottoni_cover-3D.jpg","width":1516,"height":1962},{"@type":"BreadcrumbList","@id":"https:\/\/www.ledizioni.it\/prodotto\/i-popoli-indigeni-nel-magistero-della-chiesa-cattolica\/#breadcrumb","itemListElement":[{"@type":"ListItem","position":1,"name":"Shop","item":"https:\/\/www.ledizioni.it\/shop-2\/"},{"@type":"ListItem","position":2,"name":"I POPOLI INDIGENI NEL MAGISTERO DELLA CHIESA CATTOLICA"}]},{"@type":"WebSite","@id":"https:\/\/www.ledizioni.it\/#website","url":"https:\/\/www.ledizioni.it\/","name":"Ledizioni","description":"The Innovative LediPublishing Company - Casa Editrice Universitaria","publisher":{"@id":"https:\/\/www.ledizioni.it\/#organization"},"potentialAction":[{"@type":"SearchAction","target":{"@type":"EntryPoint","urlTemplate":"https:\/\/www.ledizioni.it\/?s={search_term_string}"},"query-input":{"@type":"PropertyValueSpecification","valueRequired":true,"valueName":"search_term_string"}}],"inLanguage":"en-GB"},{"@type":"Organization","@id":"https:\/\/www.ledizioni.it\/#organization","name":"Ledizioni","url":"https:\/\/www.ledizioni.it\/","logo":{"@type":"ImageObject","inLanguage":"en-GB","@id":"https:\/\/www.ledizioni.it\/#\/schema\/logo\/image\/","url":"https:\/\/www.ledizioni.it\/stag\/wp-content\/uploads\/2023\/10\/newlogoledizioni500x110_2-1.jpg","contentUrl":"https:\/\/www.ledizioni.it\/stag\/wp-content\/uploads\/2023\/10\/newlogoledizioni500x110_2-1.jpg","width":354,"height":87,"caption":"Ledizioni"},"image":{"@id":"https:\/\/www.ledizioni.it\/#\/schema\/logo\/image\/"},"sameAs":["https:\/\/www.facebook.com\/pages\/Ledizioni-LediPublishing\/109120559173329","https:\/\/x.com\/ledizioni"]}]}},"jetpack_sharing_enabled":true,"_links":{"self":[{"href":"https:\/\/www.ledizioni.it\/en\/wp-json\/wp\/v2\/product\/68990","targetHints":{"allow":["GET"]}}],"collection":[{"href":"https:\/\/www.ledizioni.it\/en\/wp-json\/wp\/v2\/product"}],"about":[{"href":"https:\/\/www.ledizioni.it\/en\/wp-json\/wp\/v2\/types\/product"}],"replies":[{"embeddable":true,"href":"https:\/\/www.ledizioni.it\/en\/wp-json\/wp\/v2\/comments?post=68990"}],"version-history":[{"count":11,"href":"https:\/\/www.ledizioni.it\/en\/wp-json\/wp\/v2\/product\/68990\/revisions"}],"predecessor-version":[{"id":69797,"href":"https:\/\/www.ledizioni.it\/en\/wp-json\/wp\/v2\/product\/68990\/revisions\/69797"}],"wp:featuredmedia":[{"embeddable":true,"href":"https:\/\/www.ledizioni.it\/en\/wp-json\/wp\/v2\/media\/69057"}],"wp:attachment":[{"href":"https:\/\/www.ledizioni.it\/en\/wp-json\/wp\/v2\/media?parent=68990"}],"wp:term":[{"taxonomy":"product_brand","embeddable":true,"href":"https:\/\/www.ledizioni.it\/en\/wp-json\/wp\/v2\/product_brand?post=68990"},{"taxonomy":"product_cat","embeddable":true,"href":"https:\/\/www.ledizioni.it\/en\/wp-json\/wp\/v2\/product_cat?post=68990"},{"taxonomy":"product_tag","embeddable":true,"href":"https:\/\/www.ledizioni.it\/en\/wp-json\/wp\/v2\/product_tag?post=68990"}],"curies":[{"name":"wp","href":"https:\/\/api.w.org\/{rel}","templated":true}]}}