{"id":69475,"date":"2024-11-14T00:00:00","date_gmt":"2024-11-13T22:00:00","guid":{"rendered":"https:\/\/www.ledizioni.it\/?post_type=product&#038;p=69475"},"modified":"2026-03-18T16:06:06","modified_gmt":"2026-03-18T14:06:06","slug":"la-vita-indipendente-per-le-persone-con-disabilita","status":"publish","type":"product","link":"https:\/\/www.ledizioni.it\/en\/product\/la-vita-indipendente-per-le-persone-con-disabilita\/","title":{"rendered":"LA VITA INDIPENDENTE PER LE PERSONE CON DISABILIT\u00c0"},"content":{"rendered":"<p style=\"text-align: justify;\">Il diritto per le persone con disabilit\u00e0 di scegliere come, dove e con chi vivere \u00e8 sancito dall&#8217;art.19 della Convenzione delle Nazioni Unite sui diritti delle persone con disabilit\u00e0 del 2006, ratificata dall\u2019Italia nel 2009.<br \/>\nNel nostro ordinamento, la nozione di &#8220;vita indipendente&#8221; compare per la prima volta nel 1998, per poi trovare, nell\u2019ultimo decennio, uno spazio sempre pi\u00f9 significativo, in particolare con l\u2019approvazione della Legge 112 del 2016 (comunemente nota come legge sul \u201cDopo di noi\u201d), della Legge 227 del 2021 (Delega al Governo in materia di disabilit\u00e0) e dei relativi decreti attuativi del biennio 2023-2024, nonch\u00e9 a seguito di numerose leggi regionali.<br \/>\nSempre in questi ultimi anni, vengono inoltre rilasciati diversi documenti da parte dell\u2019Osservatorio nazionale sulla condizione delle persone con disabilit\u00e0 (nel 2016) e del Comitato Onu sui diritti per le persone con disabilit\u00e0 (nel 2017 e nel 2022), a testimonianza di una ulteriore centralit\u00e0 di questo tema in ambito nazionale e internazionale.<br \/>\nTuttavia, se l\u2019attenzione del legislatore italiano, per quanto tardiva, \u00e8 certamente apprezzabile, i contenuti dell\u2019art.19 della Convenzione Onu faticano a trovare un concreto riscontro nelle vite delle persone con disabilit\u00e0.<br \/>\nAll\u2019interno di questa cornice, con uno sguardo socio-giuridico, il volume si propone, da un lato, di delineare i profili formali delle previsioni normative vigenti, cercando di mettere al contempo in rilievo sia i loro punti di forza, sia le loro criticit\u00e0 e, da un altro lato, proprio sotto quest\u2019ultimo profilo, di offrire alcune possibili chiavi di lettura che consentano di comprendere come mai, allo stato attuale, tali previsioni risultino in buona parte disattese, rendendo dunque lontano il pieno riconoscimento del diritto ad una vita indipendente per le persone con disabilit\u00e0.<\/p>\n<hr \/>\n<p><strong>DATI BIBLIOGRAFICI<\/strong><br \/>\nAutori: Alessia Lovece, Massimiliano Verga<br \/>\nEditore: Ledizioni<br \/>\nPrima edizione: novembre 2024<br \/>\nSeconda edizione aggiornata: marzo 2026<br \/>\nFormato: brossura, 191 p.<br \/>\nISBN cartaceo: 9791256002610<br \/>\nISBN ePub: 9791256007561<br \/>\nPrezzo cartaceo: 20,00 \u20ac<br \/>\nPrezzo ePub: 9,99 \u20ac<\/p>","protected":false},"excerpt":{"rendered":"<p>Il diritto per le persone con disabilit\u00e0 di scegliere come, dove e con chi vivere \u00e8 sancito dall&#8217;art.19 della Convenzione<\/p>","protected":false},"featured_media":93732,"comment_status":"closed","ping_status":"closed","template":"","meta":{"_acf_changed":false},"product_brand":[],"product_cat":[3011],"product_tag":[3160,598,3159,2623],"class_list":{"0":"post-69475","1":"product","2":"type-product","3":"status-publish","4":"has-post-thumbnail","6":"product_cat-societa","7":"product_tag-convenzione-onu","8":"product_tag-disabilita","9":"product_tag-indipendenza","10":"product_tag-societa","11":"pa_formato-cartaceo","12":"pa_formato-ebook-in-epub","14":"first","15":"instock","16":"shipping-taxable","17":"purchasable","18":"product-type-variable"},"acf":[],"yoast_head":"<!-- This site is optimized with the Yoast SEO plugin v27.4 - https:\/\/yoast.com\/product\/yoast-seo-wordpress\/ -->\n<title>LA VITA INDIPENDENTE PER LE PERSONE CON DISABILIT\u00c0 -<\/title>\n<meta name=\"description\" content=\"Ledizioni - Innovative Publishing. Casa editrice universitaria. Open Access. eBook, ePub. Creative Commons.\" \/>\n<meta name=\"robots\" content=\"index, follow, max-snippet:-1, max-image-preview:large, max-video-preview:-1\" \/>\n<link rel=\"canonical\" href=\"https:\/\/www.ledizioni.it\/en\/product\/la-vita-indipendente-per-le-persone-con-disabilita\/\" \/>\n<meta property=\"og:locale\" content=\"en_GB\" \/>\n<meta property=\"og:type\" content=\"article\" \/>\n<meta property=\"og:title\" content=\"LA VITA INDIPENDENTE PER LE PERSONE CON DISABILIT\u00c0 -\" \/>\n<meta property=\"og:description\" content=\"Ledizioni - Innovative Publishing. Casa editrice universitaria. Open Access. eBook, ePub. Creative Commons.\" \/>\n<meta property=\"og:url\" content=\"https:\/\/www.ledizioni.it\/en\/product\/la-vita-indipendente-per-le-persone-con-disabilita\/\" \/>\n<meta property=\"og:site_name\" content=\"Ledizioni\" \/>\n<meta property=\"article:publisher\" content=\"https:\/\/www.facebook.com\/pages\/Ledizioni-LediPublishing\/109120559173329\" \/>\n<meta property=\"article:modified_time\" content=\"2026-03-18T14:06:06+00:00\" \/>\n<meta property=\"og:image\" content=\"https:\/\/www.ledizioni.it\/stag\/wp-content\/uploads\/2024\/11\/Lovece-Verga-cop_2026-3D.jpg\" \/>\n\t<meta property=\"og:image:width\" content=\"1486\" \/>\n\t<meta property=\"og:image:height\" content=\"1980\" \/>\n\t<meta property=\"og:image:type\" content=\"image\/jpeg\" \/>\n<meta name=\"twitter:card\" content=\"summary_large_image\" \/>\n<meta name=\"twitter:site\" content=\"@ledizioni\" \/>\n<meta name=\"twitter:label1\" content=\"Estimated reading time\" \/>\n\t<meta name=\"twitter:data1\" content=\"2 minutes\" \/>\n<script type=\"application\/ld+json\" class=\"yoast-schema-graph\">{\"@context\":\"https:\\\/\\\/schema.org\",\"@graph\":[{\"@type\":\"WebPage\",\"@id\":\"https:\\\/\\\/www.ledizioni.it\\\/prodotto\\\/la-vita-indipendente-per-le-persone-con-disabilita\\\/\",\"url\":\"https:\\\/\\\/www.ledizioni.it\\\/prodotto\\\/la-vita-indipendente-per-le-persone-con-disabilita\\\/\",\"name\":\"LA VITA INDIPENDENTE PER LE PERSONE CON DISABILIT\u00c0 -\",\"isPartOf\":{\"@id\":\"https:\\\/\\\/www.ledizioni.it\\\/#website\"},\"primaryImageOfPage\":{\"@id\":\"https:\\\/\\\/www.ledizioni.it\\\/prodotto\\\/la-vita-indipendente-per-le-persone-con-disabilita\\\/#primaryimage\"},\"image\":{\"@id\":\"https:\\\/\\\/www.ledizioni.it\\\/prodotto\\\/la-vita-indipendente-per-le-persone-con-disabilita\\\/#primaryimage\"},\"thumbnailUrl\":\"https:\\\/\\\/www.ledizioni.it\\\/stag\\\/wp-content\\\/uploads\\\/2024\\\/11\\\/Lovece-Verga-cop_2026-3D.jpg\",\"datePublished\":\"2024-11-13T22:00:00+00:00\",\"dateModified\":\"2026-03-18T14:06:06+00:00\",\"description\":\"Ledizioni - Innovative Publishing. Casa editrice universitaria. Open Access. eBook, ePub. Creative Commons.\",\"breadcrumb\":{\"@id\":\"https:\\\/\\\/www.ledizioni.it\\\/prodotto\\\/la-vita-indipendente-per-le-persone-con-disabilita\\\/#breadcrumb\"},\"inLanguage\":\"en-GB\",\"potentialAction\":[{\"@type\":\"ReadAction\",\"target\":[\"https:\\\/\\\/www.ledizioni.it\\\/prodotto\\\/la-vita-indipendente-per-le-persone-con-disabilita\\\/\"]}]},{\"@type\":\"ImageObject\",\"inLanguage\":\"en-GB\",\"@id\":\"https:\\\/\\\/www.ledizioni.it\\\/prodotto\\\/la-vita-indipendente-per-le-persone-con-disabilita\\\/#primaryimage\",\"url\":\"https:\\\/\\\/www.ledizioni.it\\\/stag\\\/wp-content\\\/uploads\\\/2024\\\/11\\\/Lovece-Verga-cop_2026-3D.jpg\",\"contentUrl\":\"https:\\\/\\\/www.ledizioni.it\\\/stag\\\/wp-content\\\/uploads\\\/2024\\\/11\\\/Lovece-Verga-cop_2026-3D.jpg\",\"width\":1486,\"height\":1980},{\"@type\":\"BreadcrumbList\",\"@id\":\"https:\\\/\\\/www.ledizioni.it\\\/prodotto\\\/la-vita-indipendente-per-le-persone-con-disabilita\\\/#breadcrumb\",\"itemListElement\":[{\"@type\":\"ListItem\",\"position\":1,\"name\":\"Shop\",\"item\":\"https:\\\/\\\/www.ledizioni.it\\\/shop-2\\\/\"},{\"@type\":\"ListItem\",\"position\":2,\"name\":\"LA VITA INDIPENDENTE PER LE PERSONE CON DISABILIT\u00c0\"}]},{\"@type\":\"WebSite\",\"@id\":\"https:\\\/\\\/www.ledizioni.it\\\/#website\",\"url\":\"https:\\\/\\\/www.ledizioni.it\\\/\",\"name\":\"Ledizioni\",\"description\":\"The Innovative LediPublishing Company - Casa Editrice Universitaria\",\"publisher\":{\"@id\":\"https:\\\/\\\/www.ledizioni.it\\\/#organization\"},\"potentialAction\":[{\"@type\":\"SearchAction\",\"target\":{\"@type\":\"EntryPoint\",\"urlTemplate\":\"https:\\\/\\\/www.ledizioni.it\\\/?s={search_term_string}\"},\"query-input\":{\"@type\":\"PropertyValueSpecification\",\"valueRequired\":true,\"valueName\":\"search_term_string\"}}],\"inLanguage\":\"en-GB\"},{\"@type\":\"Organization\",\"@id\":\"https:\\\/\\\/www.ledizioni.it\\\/#organization\",\"name\":\"Ledizioni\",\"url\":\"https:\\\/\\\/www.ledizioni.it\\\/\",\"logo\":{\"@type\":\"ImageObject\",\"inLanguage\":\"en-GB\",\"@id\":\"https:\\\/\\\/www.ledizioni.it\\\/#\\\/schema\\\/logo\\\/image\\\/\",\"url\":\"https:\\\/\\\/www.ledizioni.it\\\/stag\\\/wp-content\\\/uploads\\\/2023\\\/10\\\/newlogoledizioni500x110_2-1.jpg\",\"contentUrl\":\"https:\\\/\\\/www.ledizioni.it\\\/stag\\\/wp-content\\\/uploads\\\/2023\\\/10\\\/newlogoledizioni500x110_2-1.jpg\",\"width\":354,\"height\":87,\"caption\":\"Ledizioni\"},\"image\":{\"@id\":\"https:\\\/\\\/www.ledizioni.it\\\/#\\\/schema\\\/logo\\\/image\\\/\"},\"sameAs\":[\"https:\\\/\\\/www.facebook.com\\\/pages\\\/Ledizioni-LediPublishing\\\/109120559173329\",\"https:\\\/\\\/x.com\\\/ledizioni\"]}]}<\/script>\n<!-- \/ Yoast SEO plugin. -->","yoast_head_json":{"title":"LA VITA INDIPENDENTE PER LE PERSONE CON DISABILIT\u00c0 -","description":"Ledizioni - Innovative Publishing. Casa editrice universitaria. Open Access. eBook, ePub. Creative Commons.","robots":{"index":"index","follow":"follow","max-snippet":"max-snippet:-1","max-image-preview":"max-image-preview:large","max-video-preview":"max-video-preview:-1"},"canonical":"https:\/\/www.ledizioni.it\/en\/product\/la-vita-indipendente-per-le-persone-con-disabilita\/","og_locale":"en_GB","og_type":"article","og_title":"LA VITA INDIPENDENTE PER LE PERSONE CON DISABILIT\u00c0 -","og_description":"Ledizioni - Innovative Publishing. Casa editrice universitaria. Open Access. eBook, ePub. Creative Commons.","og_url":"https:\/\/www.ledizioni.it\/en\/product\/la-vita-indipendente-per-le-persone-con-disabilita\/","og_site_name":"Ledizioni","article_publisher":"https:\/\/www.facebook.com\/pages\/Ledizioni-LediPublishing\/109120559173329","article_modified_time":"2026-03-18T14:06:06+00:00","og_image":[{"width":1486,"height":1980,"url":"https:\/\/www.ledizioni.it\/stag\/wp-content\/uploads\/2024\/11\/Lovece-Verga-cop_2026-3D.jpg","type":"image\/jpeg"}],"twitter_card":"summary_large_image","twitter_site":"@ledizioni","twitter_misc":{"Estimated reading time":"2 minutes"},"schema":{"@context":"https:\/\/schema.org","@graph":[{"@type":"WebPage","@id":"https:\/\/www.ledizioni.it\/prodotto\/la-vita-indipendente-per-le-persone-con-disabilita\/","url":"https:\/\/www.ledizioni.it\/prodotto\/la-vita-indipendente-per-le-persone-con-disabilita\/","name":"LA VITA INDIPENDENTE PER LE PERSONE CON DISABILIT\u00c0 -","isPartOf":{"@id":"https:\/\/www.ledizioni.it\/#website"},"primaryImageOfPage":{"@id":"https:\/\/www.ledizioni.it\/prodotto\/la-vita-indipendente-per-le-persone-con-disabilita\/#primaryimage"},"image":{"@id":"https:\/\/www.ledizioni.it\/prodotto\/la-vita-indipendente-per-le-persone-con-disabilita\/#primaryimage"},"thumbnailUrl":"https:\/\/www.ledizioni.it\/stag\/wp-content\/uploads\/2024\/11\/Lovece-Verga-cop_2026-3D.jpg","datePublished":"2024-11-13T22:00:00+00:00","dateModified":"2026-03-18T14:06:06+00:00","description":"Ledizioni - Innovative Publishing. Casa editrice universitaria. Open Access. eBook, ePub. Creative Commons.","breadcrumb":{"@id":"https:\/\/www.ledizioni.it\/prodotto\/la-vita-indipendente-per-le-persone-con-disabilita\/#breadcrumb"},"inLanguage":"en-GB","potentialAction":[{"@type":"ReadAction","target":["https:\/\/www.ledizioni.it\/prodotto\/la-vita-indipendente-per-le-persone-con-disabilita\/"]}]},{"@type":"ImageObject","inLanguage":"en-GB","@id":"https:\/\/www.ledizioni.it\/prodotto\/la-vita-indipendente-per-le-persone-con-disabilita\/#primaryimage","url":"https:\/\/www.ledizioni.it\/stag\/wp-content\/uploads\/2024\/11\/Lovece-Verga-cop_2026-3D.jpg","contentUrl":"https:\/\/www.ledizioni.it\/stag\/wp-content\/uploads\/2024\/11\/Lovece-Verga-cop_2026-3D.jpg","width":1486,"height":1980},{"@type":"BreadcrumbList","@id":"https:\/\/www.ledizioni.it\/prodotto\/la-vita-indipendente-per-le-persone-con-disabilita\/#breadcrumb","itemListElement":[{"@type":"ListItem","position":1,"name":"Shop","item":"https:\/\/www.ledizioni.it\/shop-2\/"},{"@type":"ListItem","position":2,"name":"LA VITA INDIPENDENTE PER LE PERSONE CON DISABILIT\u00c0"}]},{"@type":"WebSite","@id":"https:\/\/www.ledizioni.it\/#website","url":"https:\/\/www.ledizioni.it\/","name":"Ledizioni","description":"The Innovative LediPublishing Company - Casa Editrice Universitaria","publisher":{"@id":"https:\/\/www.ledizioni.it\/#organization"},"potentialAction":[{"@type":"SearchAction","target":{"@type":"EntryPoint","urlTemplate":"https:\/\/www.ledizioni.it\/?s={search_term_string}"},"query-input":{"@type":"PropertyValueSpecification","valueRequired":true,"valueName":"search_term_string"}}],"inLanguage":"en-GB"},{"@type":"Organization","@id":"https:\/\/www.ledizioni.it\/#organization","name":"Ledizioni","url":"https:\/\/www.ledizioni.it\/","logo":{"@type":"ImageObject","inLanguage":"en-GB","@id":"https:\/\/www.ledizioni.it\/#\/schema\/logo\/image\/","url":"https:\/\/www.ledizioni.it\/stag\/wp-content\/uploads\/2023\/10\/newlogoledizioni500x110_2-1.jpg","contentUrl":"https:\/\/www.ledizioni.it\/stag\/wp-content\/uploads\/2023\/10\/newlogoledizioni500x110_2-1.jpg","width":354,"height":87,"caption":"Ledizioni"},"image":{"@id":"https:\/\/www.ledizioni.it\/#\/schema\/logo\/image\/"},"sameAs":["https:\/\/www.facebook.com\/pages\/Ledizioni-LediPublishing\/109120559173329","https:\/\/x.com\/ledizioni"]}]}},"jetpack_sharing_enabled":true,"_links":{"self":[{"href":"https:\/\/www.ledizioni.it\/en\/wp-json\/wp\/v2\/product\/69475","targetHints":{"allow":["GET"]}}],"collection":[{"href":"https:\/\/www.ledizioni.it\/en\/wp-json\/wp\/v2\/product"}],"about":[{"href":"https:\/\/www.ledizioni.it\/en\/wp-json\/wp\/v2\/types\/product"}],"replies":[{"embeddable":true,"href":"https:\/\/www.ledizioni.it\/en\/wp-json\/wp\/v2\/comments?post=69475"}],"version-history":[{"count":4,"href":"https:\/\/www.ledizioni.it\/en\/wp-json\/wp\/v2\/product\/69475\/revisions"}],"predecessor-version":[{"id":94314,"href":"https:\/\/www.ledizioni.it\/en\/wp-json\/wp\/v2\/product\/69475\/revisions\/94314"}],"wp:featuredmedia":[{"embeddable":true,"href":"https:\/\/www.ledizioni.it\/en\/wp-json\/wp\/v2\/media\/93732"}],"wp:attachment":[{"href":"https:\/\/www.ledizioni.it\/en\/wp-json\/wp\/v2\/media?parent=69475"}],"wp:term":[{"taxonomy":"product_brand","embeddable":true,"href":"https:\/\/www.ledizioni.it\/en\/wp-json\/wp\/v2\/product_brand?post=69475"},{"taxonomy":"product_cat","embeddable":true,"href":"https:\/\/www.ledizioni.it\/en\/wp-json\/wp\/v2\/product_cat?post=69475"},{"taxonomy":"product_tag","embeddable":true,"href":"https:\/\/www.ledizioni.it\/en\/wp-json\/wp\/v2\/product_tag?post=69475"}],"curies":[{"name":"wp","href":"https:\/\/api.w.org\/{rel}","templated":true}]}}