{"id":70682,"date":"2024-12-12T17:40:02","date_gmt":"2024-12-12T15:40:02","guid":{"rendered":"https:\/\/www.ledizioni.it\/?post_type=product&#038;p=70682"},"modified":"2024-12-12T17:41:01","modified_gmt":"2024-12-12T15:41:01","slug":"acme-vol-lxxvii-n-1-2024","status":"publish","type":"product","link":"https:\/\/www.ledizioni.it\/en\/product\/acme-vol-lxxvii-n-1-2024\/","title":{"rendered":"ACME Vol. LXXVII n.1\/2024"},"content":{"rendered":"<h3><strong>Annali della Facolt\u00e0 di Studi Umanistici dell\u2019Universit\u00e0 degli Studi di Milano<\/strong><\/h3>\n<h3><strong>Vol. LXXVII 1\/2024<br \/>\n<\/strong><\/h3>\n<p>&nbsp;<\/p>\n<h3><strong>Sommario<\/strong><\/h3>\n<p>&nbsp;<\/p>\n<p><strong><em>Saggi<\/em><\/strong><\/p>\n<ul>\n<li>Lorenzo Guardiano, <em>Margherita Margani: preside epigrafista. Riflessioni su un epitafio greco degli Iblei<\/em><\/li>\n<li>Michael Lioi, <em>Louis-Ferdinand C\u00e9line dramaturge: po\u00e9tique au service du th\u00e9\u00e2tre classique<\/em><\/li>\n<li>Jacopo Ferrari, <em>Tra le carte di Giacinto Carena. Diari di viaggio e appunti preparatori al<\/em> Prontuario di vocaboli<\/li>\n<li>Cristina Cassia,<em> Jacques du Pont e le<\/em> Cinquanta stanze <em>del Bembo: aspetti musicali e testuali<\/em><\/li>\n<li>Giulia Greco, <em>Rorgone Fretello e le due redazioni della<\/em> Descriptio de locis sanctis<\/li>\n<li>Lorenzo Carpinelli, <em>Pi\u00f9 di trent&#8217;anni di dialogo: il carteggio tra Francesco Arcangeli e Vittorio Sereni<\/em><\/li>\n<li>Federico Lanzellotti, <em>Il tempo della ripetizione nella musica violinistica di H. I. F. von Biber e C. A. Lonati<\/em><\/li>\n<li>Silvia Boraso, <em>Gli interessi storico-artistici di Francesco Saverio Quadrio<\/em><\/li>\n<li>Cristina Brancaglion, <em>L&#8217;empreinte italienne dans la terminologie qu\u00e9b\u00e9coise: une exploration gastronomique \u00e0 travers le<\/em> Grand dictionnaire terminologique<\/li>\n<\/ul>\n<h3><strong>DATI BIBLIOGRAFICI<\/strong><\/h3>\n<p>Editore: Ledizioni<br \/>\nCollana: <a href=\"https:\/\/www.ledizioni.it\/en\/product-category\/riviste\/acme\/\">ACME \u2013 Annals of the Faculty of Humanistic Studies of the University of Milan<\/a><br \/>\nFormato: brossura, 122 p.<br \/>\nISSN: 0001-494X<br \/>\nPrezzo: 60,00 \u20ac<\/p>\n<p><strong>PER ABBONAMENTI SCRIVERE A<\/strong><\/p>\n<p><strong> RIVISTE@INTERNATIONALBOOKSELLER.COM<\/strong><\/p>","protected":false},"excerpt":{"rendered":"<p>Annali della Facolt\u00e0 di Studi Umanistici dell\u2019Universit\u00e0 degli Studi di Milano Vol. LXXVII 1\/2024 &nbsp; Sommario &nbsp; Saggi Lorenzo Guardiano,<\/p>","protected":false},"featured_media":70683,"comment_status":"open","ping_status":"closed","template":"","meta":{"_acf_changed":false},"product_brand":[],"product_cat":[818],"product_tag":[],"class_list":{"0":"post-70682","1":"product","2":"type-product","3":"status-publish","4":"has-post-thumbnail","6":"product_cat-acme","8":"first","9":"instock","10":"shipping-taxable","11":"purchasable","12":"product-type-simple"},"acf":[],"yoast_head":"<!-- This site is optimized with the Yoast SEO plugin v27.3 - https:\/\/yoast.com\/product\/yoast-seo-wordpress\/ -->\n<title>ACME Vol. LXXVII n.1\/2024 -<\/title>\n<meta name=\"description\" content=\"Ledizioni - Innovative Publishing. Casa editrice universitaria. Open Access. eBook, ePub. Creative Commons.\" \/>\n<meta name=\"robots\" content=\"index, follow, max-snippet:-1, max-image-preview:large, max-video-preview:-1\" \/>\n<link rel=\"canonical\" href=\"https:\/\/www.ledizioni.it\/en\/product\/acme-vol-lxxvii-n-1-2024\/\" \/>\n<meta property=\"og:locale\" content=\"en_GB\" \/>\n<meta property=\"og:type\" content=\"article\" \/>\n<meta property=\"og:title\" content=\"ACME Vol. LXXVII n.1\/2024 -\" \/>\n<meta property=\"og:description\" content=\"Ledizioni - Innovative Publishing. Casa editrice universitaria. Open Access. eBook, ePub. Creative Commons.\" \/>\n<meta property=\"og:url\" content=\"https:\/\/www.ledizioni.it\/en\/product\/acme-vol-lxxvii-n-1-2024\/\" \/>\n<meta property=\"og:site_name\" content=\"Ledizioni\" \/>\n<meta property=\"article:publisher\" content=\"https:\/\/www.facebook.com\/pages\/Ledizioni-LediPublishing\/109120559173329\" \/>\n<meta property=\"article:modified_time\" content=\"2024-12-12T15:41:01+00:00\" \/>\n<meta property=\"og:image\" content=\"https:\/\/www.ledizioni.it\/stag\/wp-content\/uploads\/2024\/12\/ACME-Copertina-1_2024-3D.jpg\" \/>\n\t<meta property=\"og:image:width\" content=\"1522\" \/>\n\t<meta property=\"og:image:height\" content=\"2004\" \/>\n\t<meta property=\"og:image:type\" content=\"image\/jpeg\" \/>\n<meta name=\"twitter:card\" content=\"summary_large_image\" \/>\n<meta name=\"twitter:site\" content=\"@ledizioni\" \/>\n<meta name=\"twitter:label1\" content=\"Estimated reading time\" \/>\n\t<meta name=\"twitter:data1\" content=\"2 minutes\" \/>\n<script type=\"application\/ld+json\" class=\"yoast-schema-graph\">{\"@context\":\"https:\\\/\\\/schema.org\",\"@graph\":[{\"@type\":\"WebPage\",\"@id\":\"https:\\\/\\\/www.ledizioni.it\\\/prodotto\\\/acme-vol-lxxvii-n-1-2024\\\/\",\"url\":\"https:\\\/\\\/www.ledizioni.it\\\/prodotto\\\/acme-vol-lxxvii-n-1-2024\\\/\",\"name\":\"ACME Vol. LXXVII n.1\\\/2024 -\",\"isPartOf\":{\"@id\":\"https:\\\/\\\/www.ledizioni.it\\\/#website\"},\"primaryImageOfPage\":{\"@id\":\"https:\\\/\\\/www.ledizioni.it\\\/prodotto\\\/acme-vol-lxxvii-n-1-2024\\\/#primaryimage\"},\"image\":{\"@id\":\"https:\\\/\\\/www.ledizioni.it\\\/prodotto\\\/acme-vol-lxxvii-n-1-2024\\\/#primaryimage\"},\"thumbnailUrl\":\"https:\\\/\\\/www.ledizioni.it\\\/stag\\\/wp-content\\\/uploads\\\/2024\\\/12\\\/ACME-Copertina-1_2024-3D.jpg\",\"datePublished\":\"2024-12-12T15:40:02+00:00\",\"dateModified\":\"2024-12-12T15:41:01+00:00\",\"description\":\"Ledizioni - Innovative Publishing. Casa editrice universitaria. Open Access. eBook, ePub. Creative Commons.\",\"breadcrumb\":{\"@id\":\"https:\\\/\\\/www.ledizioni.it\\\/prodotto\\\/acme-vol-lxxvii-n-1-2024\\\/#breadcrumb\"},\"inLanguage\":\"en-GB\",\"potentialAction\":[{\"@type\":\"ReadAction\",\"target\":[\"https:\\\/\\\/www.ledizioni.it\\\/prodotto\\\/acme-vol-lxxvii-n-1-2024\\\/\"]}]},{\"@type\":\"ImageObject\",\"inLanguage\":\"en-GB\",\"@id\":\"https:\\\/\\\/www.ledizioni.it\\\/prodotto\\\/acme-vol-lxxvii-n-1-2024\\\/#primaryimage\",\"url\":\"https:\\\/\\\/www.ledizioni.it\\\/stag\\\/wp-content\\\/uploads\\\/2024\\\/12\\\/ACME-Copertina-1_2024-3D.jpg\",\"contentUrl\":\"https:\\\/\\\/www.ledizioni.it\\\/stag\\\/wp-content\\\/uploads\\\/2024\\\/12\\\/ACME-Copertina-1_2024-3D.jpg\",\"width\":1522,\"height\":2004},{\"@type\":\"BreadcrumbList\",\"@id\":\"https:\\\/\\\/www.ledizioni.it\\\/prodotto\\\/acme-vol-lxxvii-n-1-2024\\\/#breadcrumb\",\"itemListElement\":[{\"@type\":\"ListItem\",\"position\":1,\"name\":\"Shop\",\"item\":\"https:\\\/\\\/www.ledizioni.it\\\/shop-2\\\/\"},{\"@type\":\"ListItem\",\"position\":2,\"name\":\"ACME Vol. LXXVII n.1\\\/2024\"}]},{\"@type\":\"WebSite\",\"@id\":\"https:\\\/\\\/www.ledizioni.it\\\/#website\",\"url\":\"https:\\\/\\\/www.ledizioni.it\\\/\",\"name\":\"Ledizioni\",\"description\":\"The Innovative LediPublishing Company - Casa Editrice Universitaria\",\"publisher\":{\"@id\":\"https:\\\/\\\/www.ledizioni.it\\\/#organization\"},\"potentialAction\":[{\"@type\":\"SearchAction\",\"target\":{\"@type\":\"EntryPoint\",\"urlTemplate\":\"https:\\\/\\\/www.ledizioni.it\\\/?s={search_term_string}\"},\"query-input\":{\"@type\":\"PropertyValueSpecification\",\"valueRequired\":true,\"valueName\":\"search_term_string\"}}],\"inLanguage\":\"en-GB\"},{\"@type\":\"Organization\",\"@id\":\"https:\\\/\\\/www.ledizioni.it\\\/#organization\",\"name\":\"Ledizioni\",\"url\":\"https:\\\/\\\/www.ledizioni.it\\\/\",\"logo\":{\"@type\":\"ImageObject\",\"inLanguage\":\"en-GB\",\"@id\":\"https:\\\/\\\/www.ledizioni.it\\\/#\\\/schema\\\/logo\\\/image\\\/\",\"url\":\"https:\\\/\\\/www.ledizioni.it\\\/stag\\\/wp-content\\\/uploads\\\/2023\\\/10\\\/newlogoledizioni500x110_2-1.jpg\",\"contentUrl\":\"https:\\\/\\\/www.ledizioni.it\\\/stag\\\/wp-content\\\/uploads\\\/2023\\\/10\\\/newlogoledizioni500x110_2-1.jpg\",\"width\":354,\"height\":87,\"caption\":\"Ledizioni\"},\"image\":{\"@id\":\"https:\\\/\\\/www.ledizioni.it\\\/#\\\/schema\\\/logo\\\/image\\\/\"},\"sameAs\":[\"https:\\\/\\\/www.facebook.com\\\/pages\\\/Ledizioni-LediPublishing\\\/109120559173329\",\"https:\\\/\\\/x.com\\\/ledizioni\"]}]}<\/script>\n<!-- \/ Yoast SEO plugin. -->","yoast_head_json":{"title":"ACME Vol. LXXVII n.1\/2024 -","description":"Ledizioni - Innovative Publishing. Casa editrice universitaria. Open Access. eBook, ePub. Creative Commons.","robots":{"index":"index","follow":"follow","max-snippet":"max-snippet:-1","max-image-preview":"max-image-preview:large","max-video-preview":"max-video-preview:-1"},"canonical":"https:\/\/www.ledizioni.it\/en\/product\/acme-vol-lxxvii-n-1-2024\/","og_locale":"en_GB","og_type":"article","og_title":"ACME Vol. LXXVII n.1\/2024 -","og_description":"Ledizioni - Innovative Publishing. Casa editrice universitaria. Open Access. eBook, ePub. Creative Commons.","og_url":"https:\/\/www.ledizioni.it\/en\/product\/acme-vol-lxxvii-n-1-2024\/","og_site_name":"Ledizioni","article_publisher":"https:\/\/www.facebook.com\/pages\/Ledizioni-LediPublishing\/109120559173329","article_modified_time":"2024-12-12T15:41:01+00:00","og_image":[{"width":1522,"height":2004,"url":"https:\/\/www.ledizioni.it\/stag\/wp-content\/uploads\/2024\/12\/ACME-Copertina-1_2024-3D.jpg","type":"image\/jpeg"}],"twitter_card":"summary_large_image","twitter_site":"@ledizioni","twitter_misc":{"Estimated reading time":"2 minutes"},"schema":{"@context":"https:\/\/schema.org","@graph":[{"@type":"WebPage","@id":"https:\/\/www.ledizioni.it\/prodotto\/acme-vol-lxxvii-n-1-2024\/","url":"https:\/\/www.ledizioni.it\/prodotto\/acme-vol-lxxvii-n-1-2024\/","name":"ACME Vol. LXXVII n.1\/2024 -","isPartOf":{"@id":"https:\/\/www.ledizioni.it\/#website"},"primaryImageOfPage":{"@id":"https:\/\/www.ledizioni.it\/prodotto\/acme-vol-lxxvii-n-1-2024\/#primaryimage"},"image":{"@id":"https:\/\/www.ledizioni.it\/prodotto\/acme-vol-lxxvii-n-1-2024\/#primaryimage"},"thumbnailUrl":"https:\/\/www.ledizioni.it\/stag\/wp-content\/uploads\/2024\/12\/ACME-Copertina-1_2024-3D.jpg","datePublished":"2024-12-12T15:40:02+00:00","dateModified":"2024-12-12T15:41:01+00:00","description":"Ledizioni - Innovative Publishing. Casa editrice universitaria. Open Access. eBook, ePub. Creative Commons.","breadcrumb":{"@id":"https:\/\/www.ledizioni.it\/prodotto\/acme-vol-lxxvii-n-1-2024\/#breadcrumb"},"inLanguage":"en-GB","potentialAction":[{"@type":"ReadAction","target":["https:\/\/www.ledizioni.it\/prodotto\/acme-vol-lxxvii-n-1-2024\/"]}]},{"@type":"ImageObject","inLanguage":"en-GB","@id":"https:\/\/www.ledizioni.it\/prodotto\/acme-vol-lxxvii-n-1-2024\/#primaryimage","url":"https:\/\/www.ledizioni.it\/stag\/wp-content\/uploads\/2024\/12\/ACME-Copertina-1_2024-3D.jpg","contentUrl":"https:\/\/www.ledizioni.it\/stag\/wp-content\/uploads\/2024\/12\/ACME-Copertina-1_2024-3D.jpg","width":1522,"height":2004},{"@type":"BreadcrumbList","@id":"https:\/\/www.ledizioni.it\/prodotto\/acme-vol-lxxvii-n-1-2024\/#breadcrumb","itemListElement":[{"@type":"ListItem","position":1,"name":"Shop","item":"https:\/\/www.ledizioni.it\/shop-2\/"},{"@type":"ListItem","position":2,"name":"ACME Vol. LXXVII n.1\/2024"}]},{"@type":"WebSite","@id":"https:\/\/www.ledizioni.it\/#website","url":"https:\/\/www.ledizioni.it\/","name":"Ledizioni","description":"The Innovative LediPublishing Company - Casa Editrice Universitaria","publisher":{"@id":"https:\/\/www.ledizioni.it\/#organization"},"potentialAction":[{"@type":"SearchAction","target":{"@type":"EntryPoint","urlTemplate":"https:\/\/www.ledizioni.it\/?s={search_term_string}"},"query-input":{"@type":"PropertyValueSpecification","valueRequired":true,"valueName":"search_term_string"}}],"inLanguage":"en-GB"},{"@type":"Organization","@id":"https:\/\/www.ledizioni.it\/#organization","name":"Ledizioni","url":"https:\/\/www.ledizioni.it\/","logo":{"@type":"ImageObject","inLanguage":"en-GB","@id":"https:\/\/www.ledizioni.it\/#\/schema\/logo\/image\/","url":"https:\/\/www.ledizioni.it\/stag\/wp-content\/uploads\/2023\/10\/newlogoledizioni500x110_2-1.jpg","contentUrl":"https:\/\/www.ledizioni.it\/stag\/wp-content\/uploads\/2023\/10\/newlogoledizioni500x110_2-1.jpg","width":354,"height":87,"caption":"Ledizioni"},"image":{"@id":"https:\/\/www.ledizioni.it\/#\/schema\/logo\/image\/"},"sameAs":["https:\/\/www.facebook.com\/pages\/Ledizioni-LediPublishing\/109120559173329","https:\/\/x.com\/ledizioni"]}]}},"jetpack_sharing_enabled":true,"_links":{"self":[{"href":"https:\/\/www.ledizioni.it\/en\/wp-json\/wp\/v2\/product\/70682","targetHints":{"allow":["GET"]}}],"collection":[{"href":"https:\/\/www.ledizioni.it\/en\/wp-json\/wp\/v2\/product"}],"about":[{"href":"https:\/\/www.ledizioni.it\/en\/wp-json\/wp\/v2\/types\/product"}],"replies":[{"embeddable":true,"href":"https:\/\/www.ledizioni.it\/en\/wp-json\/wp\/v2\/comments?post=70682"}],"version-history":[{"count":3,"href":"https:\/\/www.ledizioni.it\/en\/wp-json\/wp\/v2\/product\/70682\/revisions"}],"predecessor-version":[{"id":70689,"href":"https:\/\/www.ledizioni.it\/en\/wp-json\/wp\/v2\/product\/70682\/revisions\/70689"}],"wp:featuredmedia":[{"embeddable":true,"href":"https:\/\/www.ledizioni.it\/en\/wp-json\/wp\/v2\/media\/70683"}],"wp:attachment":[{"href":"https:\/\/www.ledizioni.it\/en\/wp-json\/wp\/v2\/media?parent=70682"}],"wp:term":[{"taxonomy":"product_brand","embeddable":true,"href":"https:\/\/www.ledizioni.it\/en\/wp-json\/wp\/v2\/product_brand?post=70682"},{"taxonomy":"product_cat","embeddable":true,"href":"https:\/\/www.ledizioni.it\/en\/wp-json\/wp\/v2\/product_cat?post=70682"},{"taxonomy":"product_tag","embeddable":true,"href":"https:\/\/www.ledizioni.it\/en\/wp-json\/wp\/v2\/product_tag?post=70682"}],"curies":[{"name":"wp","href":"https:\/\/api.w.org\/{rel}","templated":true}]}}