{"id":71983,"date":"2024-11-27T15:39:45","date_gmt":"2024-11-27T13:39:45","guid":{"rendered":"https:\/\/www.ledizioni.it\/?post_type=product&#038;p=71983"},"modified":"2025-01-07T15:47:42","modified_gmt":"2025-01-07T13:47:42","slug":"rivista-italiana-di-paleontologia-e-stratigrafia-vol-130-n-3-november-2024","status":"publish","type":"product","link":"https:\/\/www.ledizioni.it\/en\/product\/rivista-italiana-di-paleontologia-e-stratigrafia-vol-130-n-3-november-2024\/","title":{"rendered":"Rivista Italiana di Paleontologia e Stratigrafia, vol. 130, N. 3 &#8211; November 2024"},"content":{"rendered":"<p style=\"text-align: justify;\"><strong>CONTENTS<\/strong><\/p>\n<ul>\n<li style=\"text-align: justify;\">Schlagintweit F., Omidvar M., Safari A., Yazdi-moghadam M. &amp; Rashidi K. &#8211; Dasycladales (green algae) and some benthic foraminifera from the Upper Cretaceous Ilam Formation (late Coniacian\u2013Satonian), SW Iran (onshore and offshore)<\/li>\n<li style=\"text-align: justify;\">Scholze F. &amp; Marchetti L. &#8211; Lower Permian conchostracans (clam shrimps) from sedimentary units of the Athesian Volcanic Group (Southern Alps, N-Italy)<\/li>\n<li style=\"text-align: justify;\">Stefanelli D., Sorbelli L., Mecozzi B., Maiorano P., Marino M. &amp; Sardella R. &#8211; the Bison sample from the Early Middle Pleistocene site of Contrada Monticelli (Apulia, southern Italy)<\/li>\n<li style=\"text-align: justify;\">Harper D.A.T., La Turner M., Donovan S.K. &amp; Portell R.W. &#8211; Asymmetry in Thecidellina (Brachiopoda) from the Pliocene-Pleistocene of Cura\u00e7ao, Netherlands Antilles: phenotypic not genotypic<\/li>\n<li style=\"text-align: justify;\">Pi\u00f1ero P., Agust\u00ed J., Blain H.-A., Alba D.M., Furi\u00f3 M., Angelone C., Linares-mart\u00edn A., Marquina-blasco R., Laborda-l\u00f3pez C., Arasa-tuliesa A. &amp; Casanovas-vilar I. &#8211; The vertebrate fauna of the Lower Pliocene continental deposits in the Ebro Delta (Baix Ebre Basin, NE Spain)<\/li>\n<li style=\"text-align: justify;\">Mironenko A., Giusberti L., Serafini G., Zorzin R. &amp; Bannikov A.F. &#8211; The first Cenozoic octopod: a Lower Eocene record from Bolca, northeastern Italy<\/li>\n<li style=\"text-align: justify;\">Sremac J., Veli\u0107 J., Bo\u0161njak M., Veli\u0107 I., Bakra\u010d K., \u0161imi\u010devi\u0107 A., Malvi\u0107 T. &amp; Fotovi\u0107 D. &#8211; Genesis of the Upper Pleistocene gravel from the Abesinija pit SE from Zagreb (Croatia)<\/li>\n<li style=\"text-align: justify;\">Pilade f., Lozar F., Dela Pierre F., Zanella E., Mancini A.M., Natalicchio M., Marchisio M. &amp; Gennari R. &#8211; The demise of the Messinian salinity crisis and the beginning of the Zanclean in the northern Mediterranean basin: insight from high-resolution biomagnetostratigraphy (Pollenzo section, NW Italy)<\/li>\n<li style=\"text-align: justify;\">Atakul-\u00d6zdemir A., T\u00fcrkmeno\u011flu A.G., G\u00d6nc\u00fco\u011flu M.C., Bozkaya \u00d6. &amp; Okuyucu C. &#8211; Conodont biostratigraphy of Upper Devonian tephra bearing deposits in the \u0130stanbul-Zonguldak Terrane, Nw Turkey: insights on the Kellwasser Events<\/li>\n<li style=\"text-align: justify;\">Schwarzhans W.W. &amp; Carnevale G. &#8211; Fish otoliths from the upper Oligocene and Lower Miocene of the Monferrato and Turin Hill, northern Italy<\/li>\n<li style=\"text-align: justify;\">Balini m., L\u0103c\u0103tu\u015f A., Gr\u0103dinaru E. &amp; Laz\u0103r I. &#8211; Aegean ammonoids from the Anisian (Middle Triassic) GSSP candidate section De\u015fli Caira (Northern Dobrogea, Romania)<\/li>\n<\/ul>","protected":false},"excerpt":{"rendered":"<p>CONTENTS Schlagintweit F., Omidvar M., Safari A., Yazdi-moghadam M. &amp; Rashidi K. &#8211; Dasycladales (green algae) and some benthic foraminifera<\/p>","protected":false},"featured_media":71984,"comment_status":"open","ping_status":"closed","template":"","meta":{"_acf_changed":false},"product_brand":[],"product_cat":[1274],"product_tag":[1275],"class_list":{"0":"post-71983","1":"product","2":"type-product","3":"status-publish","4":"has-post-thumbnail","6":"product_cat-rivista-italiana-di-paleontologia-e-stratigrafia","7":"product_tag-terra","8":"pa_formato-cartaceo","9":"pa_formato-ebook-in-pdf","10":"pa_lingua-inglese","12":"first","13":"instock","14":"shipping-taxable","15":"purchasable","16":"product-type-simple"},"acf":[],"yoast_head":"<!-- This site is optimized with the Yoast SEO plugin v27.4 - https:\/\/yoast.com\/product\/yoast-seo-wordpress\/ -->\n<title>Rivista Italiana di Paleontologia e Stratigrafia, vol. 130, N. 3 - November 2024 -<\/title>\n<meta name=\"description\" content=\"Ledizioni - Innovative Publishing. Casa editrice universitaria. Open Access. eBook, ePub. Creative Commons.\" \/>\n<meta name=\"robots\" content=\"index, follow, max-snippet:-1, max-image-preview:large, max-video-preview:-1\" \/>\n<link rel=\"canonical\" href=\"https:\/\/www.ledizioni.it\/en\/product\/rivista-italiana-di-paleontologia-e-stratigrafia-vol-130-n-3-november-2024\/\" \/>\n<meta property=\"og:locale\" content=\"en_GB\" \/>\n<meta property=\"og:type\" content=\"article\" \/>\n<meta property=\"og:title\" content=\"Rivista Italiana di Paleontologia e Stratigrafia, vol. 130, N. 3 - November 2024 -\" \/>\n<meta property=\"og:description\" content=\"Ledizioni - Innovative Publishing. Casa editrice universitaria. Open Access. eBook, ePub. Creative Commons.\" \/>\n<meta property=\"og:url\" content=\"https:\/\/www.ledizioni.it\/en\/product\/rivista-italiana-di-paleontologia-e-stratigrafia-vol-130-n-3-november-2024\/\" \/>\n<meta property=\"og:site_name\" content=\"Ledizioni\" \/>\n<meta property=\"article:publisher\" content=\"https:\/\/www.facebook.com\/pages\/Ledizioni-LediPublishing\/109120559173329\" \/>\n<meta property=\"article:modified_time\" content=\"2025-01-07T13:47:42+00:00\" \/>\n<meta property=\"og:image\" content=\"https:\/\/www.ledizioni.it\/stag\/wp-content\/uploads\/2025\/01\/copertina-130-3-2024-3D.jpg\" \/>\n\t<meta property=\"og:image:width\" content=\"1504\" \/>\n\t<meta property=\"og:image:height\" content=\"1980\" \/>\n\t<meta property=\"og:image:type\" content=\"image\/jpeg\" \/>\n<meta name=\"twitter:card\" content=\"summary_large_image\" \/>\n<meta name=\"twitter:site\" content=\"@ledizioni\" \/>\n<meta name=\"twitter:label1\" content=\"Estimated reading time\" \/>\n\t<meta name=\"twitter:data1\" content=\"2 minutes\" \/>\n<script type=\"application\/ld+json\" class=\"yoast-schema-graph\">{\"@context\":\"https:\\\/\\\/schema.org\",\"@graph\":[{\"@type\":\"WebPage\",\"@id\":\"https:\\\/\\\/www.ledizioni.it\\\/prodotto\\\/rivista-italiana-di-paleontologia-e-stratigrafia-vol-130-n-3-november-2024\\\/\",\"url\":\"https:\\\/\\\/www.ledizioni.it\\\/prodotto\\\/rivista-italiana-di-paleontologia-e-stratigrafia-vol-130-n-3-november-2024\\\/\",\"name\":\"Rivista Italiana di Paleontologia e Stratigrafia, vol. 130, N. 3 - November 2024 -\",\"isPartOf\":{\"@id\":\"https:\\\/\\\/www.ledizioni.it\\\/#website\"},\"primaryImageOfPage\":{\"@id\":\"https:\\\/\\\/www.ledizioni.it\\\/prodotto\\\/rivista-italiana-di-paleontologia-e-stratigrafia-vol-130-n-3-november-2024\\\/#primaryimage\"},\"image\":{\"@id\":\"https:\\\/\\\/www.ledizioni.it\\\/prodotto\\\/rivista-italiana-di-paleontologia-e-stratigrafia-vol-130-n-3-november-2024\\\/#primaryimage\"},\"thumbnailUrl\":\"https:\\\/\\\/www.ledizioni.it\\\/stag\\\/wp-content\\\/uploads\\\/2025\\\/01\\\/copertina-130-3-2024-3D.jpg\",\"datePublished\":\"2024-11-27T13:39:45+00:00\",\"dateModified\":\"2025-01-07T13:47:42+00:00\",\"description\":\"Ledizioni - Innovative Publishing. Casa editrice universitaria. Open Access. eBook, ePub. Creative Commons.\",\"breadcrumb\":{\"@id\":\"https:\\\/\\\/www.ledizioni.it\\\/prodotto\\\/rivista-italiana-di-paleontologia-e-stratigrafia-vol-130-n-3-november-2024\\\/#breadcrumb\"},\"inLanguage\":\"en-GB\",\"potentialAction\":[{\"@type\":\"ReadAction\",\"target\":[\"https:\\\/\\\/www.ledizioni.it\\\/prodotto\\\/rivista-italiana-di-paleontologia-e-stratigrafia-vol-130-n-3-november-2024\\\/\"]}]},{\"@type\":\"ImageObject\",\"inLanguage\":\"en-GB\",\"@id\":\"https:\\\/\\\/www.ledizioni.it\\\/prodotto\\\/rivista-italiana-di-paleontologia-e-stratigrafia-vol-130-n-3-november-2024\\\/#primaryimage\",\"url\":\"https:\\\/\\\/www.ledizioni.it\\\/stag\\\/wp-content\\\/uploads\\\/2025\\\/01\\\/copertina-130-3-2024-3D.jpg\",\"contentUrl\":\"https:\\\/\\\/www.ledizioni.it\\\/stag\\\/wp-content\\\/uploads\\\/2025\\\/01\\\/copertina-130-3-2024-3D.jpg\",\"width\":1504,\"height\":1980},{\"@type\":\"BreadcrumbList\",\"@id\":\"https:\\\/\\\/www.ledizioni.it\\\/prodotto\\\/rivista-italiana-di-paleontologia-e-stratigrafia-vol-130-n-3-november-2024\\\/#breadcrumb\",\"itemListElement\":[{\"@type\":\"ListItem\",\"position\":1,\"name\":\"Shop\",\"item\":\"https:\\\/\\\/www.ledizioni.it\\\/shop-2\\\/\"},{\"@type\":\"ListItem\",\"position\":2,\"name\":\"Rivista Italiana di Paleontologia e Stratigrafia, vol. 130, N. 3 &#8211; November 2024\"}]},{\"@type\":\"WebSite\",\"@id\":\"https:\\\/\\\/www.ledizioni.it\\\/#website\",\"url\":\"https:\\\/\\\/www.ledizioni.it\\\/\",\"name\":\"Ledizioni\",\"description\":\"The Innovative LediPublishing Company - Casa Editrice Universitaria\",\"publisher\":{\"@id\":\"https:\\\/\\\/www.ledizioni.it\\\/#organization\"},\"potentialAction\":[{\"@type\":\"SearchAction\",\"target\":{\"@type\":\"EntryPoint\",\"urlTemplate\":\"https:\\\/\\\/www.ledizioni.it\\\/?s={search_term_string}\"},\"query-input\":{\"@type\":\"PropertyValueSpecification\",\"valueRequired\":true,\"valueName\":\"search_term_string\"}}],\"inLanguage\":\"en-GB\"},{\"@type\":\"Organization\",\"@id\":\"https:\\\/\\\/www.ledizioni.it\\\/#organization\",\"name\":\"Ledizioni\",\"url\":\"https:\\\/\\\/www.ledizioni.it\\\/\",\"logo\":{\"@type\":\"ImageObject\",\"inLanguage\":\"en-GB\",\"@id\":\"https:\\\/\\\/www.ledizioni.it\\\/#\\\/schema\\\/logo\\\/image\\\/\",\"url\":\"https:\\\/\\\/www.ledizioni.it\\\/stag\\\/wp-content\\\/uploads\\\/2023\\\/10\\\/newlogoledizioni500x110_2-1.jpg\",\"contentUrl\":\"https:\\\/\\\/www.ledizioni.it\\\/stag\\\/wp-content\\\/uploads\\\/2023\\\/10\\\/newlogoledizioni500x110_2-1.jpg\",\"width\":354,\"height\":87,\"caption\":\"Ledizioni\"},\"image\":{\"@id\":\"https:\\\/\\\/www.ledizioni.it\\\/#\\\/schema\\\/logo\\\/image\\\/\"},\"sameAs\":[\"https:\\\/\\\/www.facebook.com\\\/pages\\\/Ledizioni-LediPublishing\\\/109120559173329\",\"https:\\\/\\\/x.com\\\/ledizioni\"]}]}<\/script>\n<!-- \/ Yoast SEO plugin. -->","yoast_head_json":{"title":"Rivista Italiana di Paleontologia e Stratigrafia, vol. 130, N. 3 - November 2024 -","description":"Ledizioni - Innovative Publishing. Casa editrice universitaria. Open Access. eBook, ePub. Creative Commons.","robots":{"index":"index","follow":"follow","max-snippet":"max-snippet:-1","max-image-preview":"max-image-preview:large","max-video-preview":"max-video-preview:-1"},"canonical":"https:\/\/www.ledizioni.it\/en\/product\/rivista-italiana-di-paleontologia-e-stratigrafia-vol-130-n-3-november-2024\/","og_locale":"en_GB","og_type":"article","og_title":"Rivista Italiana di Paleontologia e Stratigrafia, vol. 130, N. 3 - November 2024 -","og_description":"Ledizioni - Innovative Publishing. Casa editrice universitaria. Open Access. eBook, ePub. Creative Commons.","og_url":"https:\/\/www.ledizioni.it\/en\/product\/rivista-italiana-di-paleontologia-e-stratigrafia-vol-130-n-3-november-2024\/","og_site_name":"Ledizioni","article_publisher":"https:\/\/www.facebook.com\/pages\/Ledizioni-LediPublishing\/109120559173329","article_modified_time":"2025-01-07T13:47:42+00:00","og_image":[{"width":1504,"height":1980,"url":"https:\/\/www.ledizioni.it\/stag\/wp-content\/uploads\/2025\/01\/copertina-130-3-2024-3D.jpg","type":"image\/jpeg"}],"twitter_card":"summary_large_image","twitter_site":"@ledizioni","twitter_misc":{"Estimated reading time":"2 minutes"},"schema":{"@context":"https:\/\/schema.org","@graph":[{"@type":"WebPage","@id":"https:\/\/www.ledizioni.it\/prodotto\/rivista-italiana-di-paleontologia-e-stratigrafia-vol-130-n-3-november-2024\/","url":"https:\/\/www.ledizioni.it\/prodotto\/rivista-italiana-di-paleontologia-e-stratigrafia-vol-130-n-3-november-2024\/","name":"Rivista Italiana di Paleontologia e Stratigrafia, vol. 130, N. 3 - November 2024 -","isPartOf":{"@id":"https:\/\/www.ledizioni.it\/#website"},"primaryImageOfPage":{"@id":"https:\/\/www.ledizioni.it\/prodotto\/rivista-italiana-di-paleontologia-e-stratigrafia-vol-130-n-3-november-2024\/#primaryimage"},"image":{"@id":"https:\/\/www.ledizioni.it\/prodotto\/rivista-italiana-di-paleontologia-e-stratigrafia-vol-130-n-3-november-2024\/#primaryimage"},"thumbnailUrl":"https:\/\/www.ledizioni.it\/stag\/wp-content\/uploads\/2025\/01\/copertina-130-3-2024-3D.jpg","datePublished":"2024-11-27T13:39:45+00:00","dateModified":"2025-01-07T13:47:42+00:00","description":"Ledizioni - Innovative Publishing. Casa editrice universitaria. Open Access. eBook, ePub. Creative Commons.","breadcrumb":{"@id":"https:\/\/www.ledizioni.it\/prodotto\/rivista-italiana-di-paleontologia-e-stratigrafia-vol-130-n-3-november-2024\/#breadcrumb"},"inLanguage":"en-GB","potentialAction":[{"@type":"ReadAction","target":["https:\/\/www.ledizioni.it\/prodotto\/rivista-italiana-di-paleontologia-e-stratigrafia-vol-130-n-3-november-2024\/"]}]},{"@type":"ImageObject","inLanguage":"en-GB","@id":"https:\/\/www.ledizioni.it\/prodotto\/rivista-italiana-di-paleontologia-e-stratigrafia-vol-130-n-3-november-2024\/#primaryimage","url":"https:\/\/www.ledizioni.it\/stag\/wp-content\/uploads\/2025\/01\/copertina-130-3-2024-3D.jpg","contentUrl":"https:\/\/www.ledizioni.it\/stag\/wp-content\/uploads\/2025\/01\/copertina-130-3-2024-3D.jpg","width":1504,"height":1980},{"@type":"BreadcrumbList","@id":"https:\/\/www.ledizioni.it\/prodotto\/rivista-italiana-di-paleontologia-e-stratigrafia-vol-130-n-3-november-2024\/#breadcrumb","itemListElement":[{"@type":"ListItem","position":1,"name":"Shop","item":"https:\/\/www.ledizioni.it\/shop-2\/"},{"@type":"ListItem","position":2,"name":"Rivista Italiana di Paleontologia e Stratigrafia, vol. 130, N. 3 &#8211; November 2024"}]},{"@type":"WebSite","@id":"https:\/\/www.ledizioni.it\/#website","url":"https:\/\/www.ledizioni.it\/","name":"Ledizioni","description":"The Innovative LediPublishing Company - Casa Editrice Universitaria","publisher":{"@id":"https:\/\/www.ledizioni.it\/#organization"},"potentialAction":[{"@type":"SearchAction","target":{"@type":"EntryPoint","urlTemplate":"https:\/\/www.ledizioni.it\/?s={search_term_string}"},"query-input":{"@type":"PropertyValueSpecification","valueRequired":true,"valueName":"search_term_string"}}],"inLanguage":"en-GB"},{"@type":"Organization","@id":"https:\/\/www.ledizioni.it\/#organization","name":"Ledizioni","url":"https:\/\/www.ledizioni.it\/","logo":{"@type":"ImageObject","inLanguage":"en-GB","@id":"https:\/\/www.ledizioni.it\/#\/schema\/logo\/image\/","url":"https:\/\/www.ledizioni.it\/stag\/wp-content\/uploads\/2023\/10\/newlogoledizioni500x110_2-1.jpg","contentUrl":"https:\/\/www.ledizioni.it\/stag\/wp-content\/uploads\/2023\/10\/newlogoledizioni500x110_2-1.jpg","width":354,"height":87,"caption":"Ledizioni"},"image":{"@id":"https:\/\/www.ledizioni.it\/#\/schema\/logo\/image\/"},"sameAs":["https:\/\/www.facebook.com\/pages\/Ledizioni-LediPublishing\/109120559173329","https:\/\/x.com\/ledizioni"]}]}},"jetpack_sharing_enabled":true,"_links":{"self":[{"href":"https:\/\/www.ledizioni.it\/en\/wp-json\/wp\/v2\/product\/71983","targetHints":{"allow":["GET"]}}],"collection":[{"href":"https:\/\/www.ledizioni.it\/en\/wp-json\/wp\/v2\/product"}],"about":[{"href":"https:\/\/www.ledizioni.it\/en\/wp-json\/wp\/v2\/types\/product"}],"replies":[{"embeddable":true,"href":"https:\/\/www.ledizioni.it\/en\/wp-json\/wp\/v2\/comments?post=71983"}],"version-history":[{"count":1,"href":"https:\/\/www.ledizioni.it\/en\/wp-json\/wp\/v2\/product\/71983\/revisions"}],"predecessor-version":[{"id":71985,"href":"https:\/\/www.ledizioni.it\/en\/wp-json\/wp\/v2\/product\/71983\/revisions\/71985"}],"wp:featuredmedia":[{"embeddable":true,"href":"https:\/\/www.ledizioni.it\/en\/wp-json\/wp\/v2\/media\/71984"}],"wp:attachment":[{"href":"https:\/\/www.ledizioni.it\/en\/wp-json\/wp\/v2\/media?parent=71983"}],"wp:term":[{"taxonomy":"product_brand","embeddable":true,"href":"https:\/\/www.ledizioni.it\/en\/wp-json\/wp\/v2\/product_brand?post=71983"},{"taxonomy":"product_cat","embeddable":true,"href":"https:\/\/www.ledizioni.it\/en\/wp-json\/wp\/v2\/product_cat?post=71983"},{"taxonomy":"product_tag","embeddable":true,"href":"https:\/\/www.ledizioni.it\/en\/wp-json\/wp\/v2\/product_tag?post=71983"}],"curies":[{"name":"wp","href":"https:\/\/api.w.org\/{rel}","templated":true}]}}