{"id":72614,"date":"2025-01-22T17:14:46","date_gmt":"2025-01-22T15:14:46","guid":{"rendered":"https:\/\/www.ledizioni.it\/?post_type=product&#038;p=72614"},"modified":"2025-01-22T17:17:54","modified_gmt":"2025-01-22T15:17:54","slug":"cuadernos-aispi-n-24-2024-como-comunican-los-gobiernos","status":"publish","type":"product","link":"https:\/\/www.ledizioni.it\/en\/product\/cuadernos-aispi-n-24-2024-como-comunican-los-gobiernos\/","title":{"rendered":"Cuadernos AISPI  n. 24\/2024,  \u00bfC\u00d3MO COMUNICAN LOS GOBIERNOS? LA COMUNICACI\u00d3N GUBERNAMENTAL EN LA RED"},"content":{"rendered":"<h3><strong>Cuadernos AISPI: Revista semestral de la Associazione Ispanisti Italiani<br \/>\n<\/strong><\/h3>\n<h3 style=\"text-align: justify;\"><strong>24\/2024. \u00bfC\u00f3mo comunican los gobiernos? La comunicaci\u00f3n gubernamental en la Red<br \/>\n<\/strong><\/h3>\n<p style=\"text-align: justify;\"><strong><br \/>\nEditores<\/strong><br \/>\nBeatriz Gallardo-Pa\u00fals<br \/>\nLaura Mariottini<\/p>\n<p style=\"text-align: justify;\">SECCI\u00d3N MONOGR\u00c1FICA<\/p>\n<ul>\n<li style=\"text-align: justify;\">Beatriz Gallardo-Pa\u00fals, Laura Mariottini, <em>La voz gubernamental en Twitter. Los casos de Espa\u00f1a e Italia<\/em><\/li>\n<li style=\"text-align: justify;\">Sonia Madrid C\u00e1novas, <em>El eslogan en la comunicaci\u00f3n pol\u00edtica gubernamental: an\u00e1lisis contrastivo de las cuentas de los gobiernos de Francia y Espa\u00f1a en Twitter\/X<\/em><\/li>\n<li style=\"text-align: justify;\">Rosa M. Garc\u00eda Jim\u00e9nez, <em>La evidencialidad en la comunicaci\u00f3n gubernamental en tiempos convulsos<\/em><\/li>\n<li style=\"text-align: justify;\">Ana Mancera Rueda, Ana Pano Alam\u00e1n, <em>Encuadres dominantes en la comunicaci\u00f3n de gobierno y de partido en Twitter\/X<\/em><\/li>\n<li style=\"text-align: justify;\">Javier Medina L\u00f3pez, <em>La comunicaci\u00f3n institucional de la Casa Real espa\u00f1ola a examen: \u00bfQu\u00e9 ha sido motivo de an\u00e1lisis por parte del mundo acad\u00e9mico? Objetivos y alcance<\/em><\/li>\n<li style=\"text-align: justify;\">Diego Moll\u00e1 Furi\u00f3, <em>La Marca Espa\u00f1a y la estrategia electoral del PP: \u201cTodo lo que esperas y mucho m\u00e1s de lo que imaginas\u201d<\/em><\/li>\n<li style=\"text-align: justify;\">Sara Piccioni,<em> \u00bfQui\u00e9n manda en cuestiones de cambio clim\u00e1tico? Actividad de imagen en el discurso de instituciones espa\u00f1olas, latinoamericanas e internacionales<\/em><\/li>\n<li style=\"text-align: justify;\">Jorge Torre Santos,<em> Negar la crisis: el discurso del gobierno espa\u00f1ol en los albores de la gran recesi\u00f3n y el COVID-19<\/em><\/li>\n<\/ul>\n<p style=\"text-align: justify;\">SECCI\u00d3N GENERAL<\/p>\n<ul>\n<li style=\"text-align: justify;\">Giovanni Garofalo, <em>Desde el Reino de las Espa\u00f1as hasta el Estado de las Autonom\u00edas: an\u00e1lisis diacr\u00f3nico del lenguaje constitucional espa\u00f1ol<\/em><\/li>\n<li style=\"text-align: justify;\">Giuseppe Trovato, <em>Exploraci\u00f3n de las correspondencias traslativas (italiano &gt; espa\u00f1ol) de una part\u00edcula discursiva en traducci\u00f3n: la conjunci\u00f3n textual italiana insomma<\/em><\/li>\n<\/ul>\n<p style=\"text-align: justify;\">RESE\u00d1AS<\/p>\n<h3><strong>DATI BIBLIOGRAFICI<\/strong><\/h3>\n<p>Curatori: Beatriz Gallardo-Pa\u00fals, Laura Mariottini<br \/>\nEditore: Ledizioni<br \/>\nCollana: <a href=\"https:\/\/www.ledizioni.it\/en\/product-category\/riviste\/cuadernos-aispi\/\">Cuadernos AISPI<\/a><br \/>\nFormato: Brossura<br \/>\nPubblicato in: dicembre 2024<br \/>\nISSN cartaceo: 2283981X<br \/>\nPrezzo cartaceo: 25.00 \u20ac<\/p>","protected":false},"excerpt":{"rendered":"<p>Cuadernos AISPI: Revista semestral de la Associazione Ispanisti Italiani 24\/2024. \u00bfC\u00f3mo comunican los gobiernos? La comunicaci\u00f3n gubernamental en la Red<\/p>","protected":false},"featured_media":72615,"comment_status":"open","ping_status":"closed","template":"","meta":{"_acf_changed":false},"product_brand":[],"product_cat":[767],"product_tag":[768,1499],"class_list":{"0":"post-72614","1":"product","2":"type-product","3":"status-publish","4":"has-post-thumbnail","6":"product_cat-cuadernos-aispi","7":"product_tag-ispanisti","8":"product_tag-spagnolo","9":"pa_formato-cartaceo","10":"pa_lingua-spagnolo","12":"first","13":"instock","14":"shipping-taxable","15":"purchasable","16":"product-type-simple"},"acf":[],"yoast_head":"<!-- This site is optimized with the Yoast SEO plugin v27.4 - https:\/\/yoast.com\/product\/yoast-seo-wordpress\/ -->\n<title>Cuadernos AISPI n. 24\/2024, \u00bfC\u00d3MO COMUNICAN LOS GOBIERNOS? LA COMUNICACI\u00d3N GUBERNAMENTAL EN LA RED -<\/title>\n<meta name=\"description\" content=\"Ledizioni - Innovative Publishing. Casa editrice universitaria. Open Access. eBook, ePub. Creative Commons.\" \/>\n<meta name=\"robots\" content=\"index, follow, max-snippet:-1, max-image-preview:large, max-video-preview:-1\" \/>\n<link rel=\"canonical\" href=\"https:\/\/www.ledizioni.it\/en\/product\/cuadernos-aispi-n-24-2024-como-comunican-los-gobiernos\/\" \/>\n<meta property=\"og:locale\" content=\"en_GB\" \/>\n<meta property=\"og:type\" content=\"article\" \/>\n<meta property=\"og:title\" content=\"Cuadernos AISPI n. 24\/2024, \u00bfC\u00d3MO COMUNICAN LOS GOBIERNOS? LA COMUNICACI\u00d3N GUBERNAMENTAL EN LA RED -\" \/>\n<meta property=\"og:description\" content=\"Ledizioni - Innovative Publishing. Casa editrice universitaria. Open Access. eBook, ePub. Creative Commons.\" \/>\n<meta property=\"og:url\" content=\"https:\/\/www.ledizioni.it\/en\/product\/cuadernos-aispi-n-24-2024-como-comunican-los-gobiernos\/\" \/>\n<meta property=\"og:site_name\" content=\"Ledizioni\" \/>\n<meta property=\"article:publisher\" content=\"https:\/\/www.facebook.com\/pages\/Ledizioni-LediPublishing\/109120559173329\" \/>\n<meta property=\"article:modified_time\" content=\"2025-01-22T15:17:54+00:00\" \/>\n<meta property=\"og:image\" content=\"https:\/\/www.ledizioni.it\/stag\/wp-content\/uploads\/2025\/01\/CUADERNOS-COVER-24-2024-3D.jpg\" \/>\n\t<meta property=\"og:image:width\" content=\"1510\" \/>\n\t<meta property=\"og:image:height\" content=\"1974\" \/>\n\t<meta property=\"og:image:type\" content=\"image\/jpeg\" \/>\n<meta name=\"twitter:card\" content=\"summary_large_image\" \/>\n<meta name=\"twitter:site\" content=\"@ledizioni\" \/>\n<meta name=\"twitter:label1\" content=\"Estimated reading time\" \/>\n\t<meta name=\"twitter:data1\" content=\"2 minutes\" \/>\n<script type=\"application\/ld+json\" class=\"yoast-schema-graph\">{\"@context\":\"https:\\\/\\\/schema.org\",\"@graph\":[{\"@type\":\"WebPage\",\"@id\":\"https:\\\/\\\/www.ledizioni.it\\\/prodotto\\\/cuadernos-aispi-n-24-2024-como-comunican-los-gobiernos\\\/\",\"url\":\"https:\\\/\\\/www.ledizioni.it\\\/prodotto\\\/cuadernos-aispi-n-24-2024-como-comunican-los-gobiernos\\\/\",\"name\":\"Cuadernos AISPI n. 24\\\/2024, \u00bfC\u00d3MO COMUNICAN LOS GOBIERNOS? LA COMUNICACI\u00d3N GUBERNAMENTAL EN LA RED -\",\"isPartOf\":{\"@id\":\"https:\\\/\\\/www.ledizioni.it\\\/#website\"},\"primaryImageOfPage\":{\"@id\":\"https:\\\/\\\/www.ledizioni.it\\\/prodotto\\\/cuadernos-aispi-n-24-2024-como-comunican-los-gobiernos\\\/#primaryimage\"},\"image\":{\"@id\":\"https:\\\/\\\/www.ledizioni.it\\\/prodotto\\\/cuadernos-aispi-n-24-2024-como-comunican-los-gobiernos\\\/#primaryimage\"},\"thumbnailUrl\":\"https:\\\/\\\/www.ledizioni.it\\\/stag\\\/wp-content\\\/uploads\\\/2025\\\/01\\\/CUADERNOS-COVER-24-2024-3D.jpg\",\"datePublished\":\"2025-01-22T15:14:46+00:00\",\"dateModified\":\"2025-01-22T15:17:54+00:00\",\"description\":\"Ledizioni - Innovative Publishing. Casa editrice universitaria. Open Access. eBook, ePub. Creative Commons.\",\"breadcrumb\":{\"@id\":\"https:\\\/\\\/www.ledizioni.it\\\/prodotto\\\/cuadernos-aispi-n-24-2024-como-comunican-los-gobiernos\\\/#breadcrumb\"},\"inLanguage\":\"en-GB\",\"potentialAction\":[{\"@type\":\"ReadAction\",\"target\":[\"https:\\\/\\\/www.ledizioni.it\\\/prodotto\\\/cuadernos-aispi-n-24-2024-como-comunican-los-gobiernos\\\/\"]}]},{\"@type\":\"ImageObject\",\"inLanguage\":\"en-GB\",\"@id\":\"https:\\\/\\\/www.ledizioni.it\\\/prodotto\\\/cuadernos-aispi-n-24-2024-como-comunican-los-gobiernos\\\/#primaryimage\",\"url\":\"https:\\\/\\\/www.ledizioni.it\\\/stag\\\/wp-content\\\/uploads\\\/2025\\\/01\\\/CUADERNOS-COVER-24-2024-3D.jpg\",\"contentUrl\":\"https:\\\/\\\/www.ledizioni.it\\\/stag\\\/wp-content\\\/uploads\\\/2025\\\/01\\\/CUADERNOS-COVER-24-2024-3D.jpg\",\"width\":1510,\"height\":1974},{\"@type\":\"BreadcrumbList\",\"@id\":\"https:\\\/\\\/www.ledizioni.it\\\/prodotto\\\/cuadernos-aispi-n-24-2024-como-comunican-los-gobiernos\\\/#breadcrumb\",\"itemListElement\":[{\"@type\":\"ListItem\",\"position\":1,\"name\":\"Shop\",\"item\":\"https:\\\/\\\/www.ledizioni.it\\\/shop-2\\\/\"},{\"@type\":\"ListItem\",\"position\":2,\"name\":\"Cuadernos AISPI n. 24\\\/2024, \u00bfC\u00d3MO COMUNICAN LOS GOBIERNOS? LA COMUNICACI\u00d3N GUBERNAMENTAL EN LA RED\"}]},{\"@type\":\"WebSite\",\"@id\":\"https:\\\/\\\/www.ledizioni.it\\\/#website\",\"url\":\"https:\\\/\\\/www.ledizioni.it\\\/\",\"name\":\"Ledizioni\",\"description\":\"The Innovative LediPublishing Company - Casa Editrice Universitaria\",\"publisher\":{\"@id\":\"https:\\\/\\\/www.ledizioni.it\\\/#organization\"},\"potentialAction\":[{\"@type\":\"SearchAction\",\"target\":{\"@type\":\"EntryPoint\",\"urlTemplate\":\"https:\\\/\\\/www.ledizioni.it\\\/?s={search_term_string}\"},\"query-input\":{\"@type\":\"PropertyValueSpecification\",\"valueRequired\":true,\"valueName\":\"search_term_string\"}}],\"inLanguage\":\"en-GB\"},{\"@type\":\"Organization\",\"@id\":\"https:\\\/\\\/www.ledizioni.it\\\/#organization\",\"name\":\"Ledizioni\",\"url\":\"https:\\\/\\\/www.ledizioni.it\\\/\",\"logo\":{\"@type\":\"ImageObject\",\"inLanguage\":\"en-GB\",\"@id\":\"https:\\\/\\\/www.ledizioni.it\\\/#\\\/schema\\\/logo\\\/image\\\/\",\"url\":\"https:\\\/\\\/www.ledizioni.it\\\/stag\\\/wp-content\\\/uploads\\\/2023\\\/10\\\/newlogoledizioni500x110_2-1.jpg\",\"contentUrl\":\"https:\\\/\\\/www.ledizioni.it\\\/stag\\\/wp-content\\\/uploads\\\/2023\\\/10\\\/newlogoledizioni500x110_2-1.jpg\",\"width\":354,\"height\":87,\"caption\":\"Ledizioni\"},\"image\":{\"@id\":\"https:\\\/\\\/www.ledizioni.it\\\/#\\\/schema\\\/logo\\\/image\\\/\"},\"sameAs\":[\"https:\\\/\\\/www.facebook.com\\\/pages\\\/Ledizioni-LediPublishing\\\/109120559173329\",\"https:\\\/\\\/x.com\\\/ledizioni\"]}]}<\/script>\n<!-- \/ Yoast SEO plugin. -->","yoast_head_json":{"title":"Cuadernos AISPI n. 24\/2024, \u00bfC\u00d3MO COMUNICAN LOS GOBIERNOS? LA COMUNICACI\u00d3N GUBERNAMENTAL EN LA RED -","description":"Ledizioni - Innovative Publishing. Casa editrice universitaria. Open Access. eBook, ePub. Creative Commons.","robots":{"index":"index","follow":"follow","max-snippet":"max-snippet:-1","max-image-preview":"max-image-preview:large","max-video-preview":"max-video-preview:-1"},"canonical":"https:\/\/www.ledizioni.it\/en\/product\/cuadernos-aispi-n-24-2024-como-comunican-los-gobiernos\/","og_locale":"en_GB","og_type":"article","og_title":"Cuadernos AISPI n. 24\/2024, \u00bfC\u00d3MO COMUNICAN LOS GOBIERNOS? LA COMUNICACI\u00d3N GUBERNAMENTAL EN LA RED -","og_description":"Ledizioni - Innovative Publishing. Casa editrice universitaria. Open Access. eBook, ePub. Creative Commons.","og_url":"https:\/\/www.ledizioni.it\/en\/product\/cuadernos-aispi-n-24-2024-como-comunican-los-gobiernos\/","og_site_name":"Ledizioni","article_publisher":"https:\/\/www.facebook.com\/pages\/Ledizioni-LediPublishing\/109120559173329","article_modified_time":"2025-01-22T15:17:54+00:00","og_image":[{"width":1510,"height":1974,"url":"https:\/\/www.ledizioni.it\/stag\/wp-content\/uploads\/2025\/01\/CUADERNOS-COVER-24-2024-3D.jpg","type":"image\/jpeg"}],"twitter_card":"summary_large_image","twitter_site":"@ledizioni","twitter_misc":{"Estimated reading time":"2 minutes"},"schema":{"@context":"https:\/\/schema.org","@graph":[{"@type":"WebPage","@id":"https:\/\/www.ledizioni.it\/prodotto\/cuadernos-aispi-n-24-2024-como-comunican-los-gobiernos\/","url":"https:\/\/www.ledizioni.it\/prodotto\/cuadernos-aispi-n-24-2024-como-comunican-los-gobiernos\/","name":"Cuadernos AISPI n. 24\/2024, \u00bfC\u00d3MO COMUNICAN LOS GOBIERNOS? LA COMUNICACI\u00d3N GUBERNAMENTAL EN LA RED -","isPartOf":{"@id":"https:\/\/www.ledizioni.it\/#website"},"primaryImageOfPage":{"@id":"https:\/\/www.ledizioni.it\/prodotto\/cuadernos-aispi-n-24-2024-como-comunican-los-gobiernos\/#primaryimage"},"image":{"@id":"https:\/\/www.ledizioni.it\/prodotto\/cuadernos-aispi-n-24-2024-como-comunican-los-gobiernos\/#primaryimage"},"thumbnailUrl":"https:\/\/www.ledizioni.it\/stag\/wp-content\/uploads\/2025\/01\/CUADERNOS-COVER-24-2024-3D.jpg","datePublished":"2025-01-22T15:14:46+00:00","dateModified":"2025-01-22T15:17:54+00:00","description":"Ledizioni - Innovative Publishing. Casa editrice universitaria. Open Access. eBook, ePub. Creative Commons.","breadcrumb":{"@id":"https:\/\/www.ledizioni.it\/prodotto\/cuadernos-aispi-n-24-2024-como-comunican-los-gobiernos\/#breadcrumb"},"inLanguage":"en-GB","potentialAction":[{"@type":"ReadAction","target":["https:\/\/www.ledizioni.it\/prodotto\/cuadernos-aispi-n-24-2024-como-comunican-los-gobiernos\/"]}]},{"@type":"ImageObject","inLanguage":"en-GB","@id":"https:\/\/www.ledizioni.it\/prodotto\/cuadernos-aispi-n-24-2024-como-comunican-los-gobiernos\/#primaryimage","url":"https:\/\/www.ledizioni.it\/stag\/wp-content\/uploads\/2025\/01\/CUADERNOS-COVER-24-2024-3D.jpg","contentUrl":"https:\/\/www.ledizioni.it\/stag\/wp-content\/uploads\/2025\/01\/CUADERNOS-COVER-24-2024-3D.jpg","width":1510,"height":1974},{"@type":"BreadcrumbList","@id":"https:\/\/www.ledizioni.it\/prodotto\/cuadernos-aispi-n-24-2024-como-comunican-los-gobiernos\/#breadcrumb","itemListElement":[{"@type":"ListItem","position":1,"name":"Shop","item":"https:\/\/www.ledizioni.it\/shop-2\/"},{"@type":"ListItem","position":2,"name":"Cuadernos AISPI n. 24\/2024, \u00bfC\u00d3MO COMUNICAN LOS GOBIERNOS? LA COMUNICACI\u00d3N GUBERNAMENTAL EN LA RED"}]},{"@type":"WebSite","@id":"https:\/\/www.ledizioni.it\/#website","url":"https:\/\/www.ledizioni.it\/","name":"Ledizioni","description":"The Innovative LediPublishing Company - Casa Editrice Universitaria","publisher":{"@id":"https:\/\/www.ledizioni.it\/#organization"},"potentialAction":[{"@type":"SearchAction","target":{"@type":"EntryPoint","urlTemplate":"https:\/\/www.ledizioni.it\/?s={search_term_string}"},"query-input":{"@type":"PropertyValueSpecification","valueRequired":true,"valueName":"search_term_string"}}],"inLanguage":"en-GB"},{"@type":"Organization","@id":"https:\/\/www.ledizioni.it\/#organization","name":"Ledizioni","url":"https:\/\/www.ledizioni.it\/","logo":{"@type":"ImageObject","inLanguage":"en-GB","@id":"https:\/\/www.ledizioni.it\/#\/schema\/logo\/image\/","url":"https:\/\/www.ledizioni.it\/stag\/wp-content\/uploads\/2023\/10\/newlogoledizioni500x110_2-1.jpg","contentUrl":"https:\/\/www.ledizioni.it\/stag\/wp-content\/uploads\/2023\/10\/newlogoledizioni500x110_2-1.jpg","width":354,"height":87,"caption":"Ledizioni"},"image":{"@id":"https:\/\/www.ledizioni.it\/#\/schema\/logo\/image\/"},"sameAs":["https:\/\/www.facebook.com\/pages\/Ledizioni-LediPublishing\/109120559173329","https:\/\/x.com\/ledizioni"]}]}},"jetpack_sharing_enabled":true,"_links":{"self":[{"href":"https:\/\/www.ledizioni.it\/en\/wp-json\/wp\/v2\/product\/72614","targetHints":{"allow":["GET"]}}],"collection":[{"href":"https:\/\/www.ledizioni.it\/en\/wp-json\/wp\/v2\/product"}],"about":[{"href":"https:\/\/www.ledizioni.it\/en\/wp-json\/wp\/v2\/types\/product"}],"replies":[{"embeddable":true,"href":"https:\/\/www.ledizioni.it\/en\/wp-json\/wp\/v2\/comments?post=72614"}],"version-history":[{"count":1,"href":"https:\/\/www.ledizioni.it\/en\/wp-json\/wp\/v2\/product\/72614\/revisions"}],"predecessor-version":[{"id":72616,"href":"https:\/\/www.ledizioni.it\/en\/wp-json\/wp\/v2\/product\/72614\/revisions\/72616"}],"wp:featuredmedia":[{"embeddable":true,"href":"https:\/\/www.ledizioni.it\/en\/wp-json\/wp\/v2\/media\/72615"}],"wp:attachment":[{"href":"https:\/\/www.ledizioni.it\/en\/wp-json\/wp\/v2\/media?parent=72614"}],"wp:term":[{"taxonomy":"product_brand","embeddable":true,"href":"https:\/\/www.ledizioni.it\/en\/wp-json\/wp\/v2\/product_brand?post=72614"},{"taxonomy":"product_cat","embeddable":true,"href":"https:\/\/www.ledizioni.it\/en\/wp-json\/wp\/v2\/product_cat?post=72614"},{"taxonomy":"product_tag","embeddable":true,"href":"https:\/\/www.ledizioni.it\/en\/wp-json\/wp\/v2\/product_tag?post=72614"}],"curies":[{"name":"wp","href":"https:\/\/api.w.org\/{rel}","templated":true}]}}