{"id":72669,"date":"2025-01-24T15:06:46","date_gmt":"2025-01-24T13:06:46","guid":{"rendered":"https:\/\/www.ledizioni.it\/?post_type=product&#038;p=72669"},"modified":"2025-01-24T15:09:51","modified_gmt":"2025-01-24T13:09:51","slug":"silvae-quaderni-semestrali-di-saggistica-e-didattica-anno-xxv-n-62-63-2024","status":"publish","type":"product","link":"https:\/\/www.ledizioni.it\/en\/product\/silvae-quaderni-semestrali-di-saggistica-e-didattica-anno-xxv-n-62-63-2024\/","title":{"rendered":"Silvae &#8211; quaderni semestrali di saggistica e didattica, anno XXV, n. 62\/63, 2024"},"content":{"rendered":"<p style=\"text-align: justify;\"><strong>ISSN 2239-5415<\/strong><\/p>\n<p style=\"text-align: justify;\"><em>Silv\u04d5<\/em> \u00e8 una pubblicazione nata dall&#8217;esperienza di Latina Didaxis, il convegno organizzato annualmente da Silvana Rocca, Professore Ordinario di Didattica del Latino presso l&#8217;universit\u00e0 di Genova. Come Latina Didaxis, <em>Silv\u04d5<\/em> si occupa dell&#8217;elaborazione di nuove tecniche di insegnamento del latino in rapporto all&#8217;evolversi dei metodi di educazione e delle istituzioni scolastiche; evidenzia il nesso che sussiste tra insegnamento e ricerca; recepisce le metodologie avanzate, nel rispetto rigoroso della scientificit\u00e0 filologica. La pubblicazione, che nasce quindi dalla collaborazione tra universit\u00e0 e scuola e non \u00e8 aperta solo agli &#8220;addetti ai lavori&#8221;, ma anche ai giovani, docenti medi o studenti universitari, esce con scadenza quadrimestrale e si articola in quattro settori, i cui titoli, che riecheggiano occorrenze virgiliane, scandiscono gli argomenti in quattro diverse tipologie.<br \/>\n<span style=\"text-decoration: underline;\">1. Per saltus ac lustra<\/span> raccoglie lavori che interessano la lingua e la letteratura latina e greca, ma anche aspetti diversi della cultura e della civilt\u00e0 del mondo antico. Il taglio \u00e8 quello del saggio breve.<br \/>\n<span style=\"text-decoration: underline;\">2. Per culta novalia<\/span> risponde alle esigenze della didattica. Vi sono raccolte proposte innovative, esperienze, materiali che possono essere utilizzati nella pratica scolastica. Gli autori sono prevalentemente docenti di Scuole Superiori, che si basano anche sulle proprie esperienze di insegnamento.<br \/>\n<span style=\"text-decoration: underline;\">3. Per liquidos fontes<\/span> offre notizie e recensioni circa le pubblicazioni che rispondono concretamente all&#8217;indirizzo di Silvae e presentano un carattere chiaramente innovativo. Vengono segnalate anche rappresentazioni teatrali o manifestazioni artistiche in genere che rivestono un interesse didattico.<br \/>\n<span style=\"text-decoration: underline;\">4. Per auras<\/span> contiene notizie di carattere pratico: in primo luogo quelle inerenti i rapporti con &#8220;Euroclassica&#8221; che \u00e8 un&#8217;organizzazione europea che raccoglie le varie associazioni nazionali che si occupano della didattica delle lingue classiche; tra le iniziative di &#8220;Euroclassica&#8221; pi\u00f9 apprezzate stanno senz&#8217;altro i soggiorni-studio organizzati in Grecia per studenti e docenti che desiderano entrare in contatto in modo pi\u00f9 diretto con la cultura e la civilt\u00e0 greca).<\/p>\n<p style=\"text-align: justify;\"><strong>SOMMARIO n. 62\/63<br \/>\n<\/strong><\/p>\n<ul>\n<li>Editoriale (di Silvana Rocca)<\/li>\n<li>Isidoro di Siviglia, Lettere (a cura di Patrizia Mascoli)<\/li>\n<li>De Heliogabalo fertur (ferunt), dicitur&#8230; (di Nelu Zugravu)<\/li>\n<li>Minosse, o della facilit\u00e0. Riflessioni sulla \u2018versione di maturit\u00e0\u2019 2024 (di Monica Negri)<\/li>\n<\/ul>\n<p><em>Corso di formazione. Avviamento al latino nella scuola secondaria di primo grado<\/em><\/p>\n<ul>\n<li>Avviamento al latino nella scuola secondaria di I grado (di Fulvio Bianchi)<\/li>\n<li>Avviamento al latino nella scuola secondaria di I grado. Percorso di sviluppo professionale e didattico per docenti di lettere (di Mariella Tixi)<\/li>\n<li>Lingua Latina nelle scuole del terzo millennio: che sia latino e non latinorum (di Maddalena Carlini)<\/li>\n<li>Percorsi di storia dell\u2019alimentazione attraverso i lessici (di Elisabetta Degl\u2019Innocenti)<\/li>\n<li>Strumenti per affrontare la complessit\u00e0 (di Raffaella Gregori)<\/li>\n<li>Scritti di Maria Rosaria Pugliarello<br \/>\n<em>Ad rivum eundem<\/em>. Paesaggio e spazio nelle favole fedriane<br \/>\nA lezione dal <em>grammaticus<\/em>: la lettura degli <em>auctores<\/em><\/li>\n<\/ul>\n<p style=\"text-align: justify;\"><strong>DATI BIBLIOGRAFICI<\/strong><\/p>\n<p style=\"text-align: justify;\">Titolo: Silvae &#8211; quaderni semestrali di saggistica e didattica, anno XXIV, n. 60\/61, 2023<br \/>\nEditore: Ledizioni<br \/>\nPubblicato in: gennaio 2025<br \/>\nPagine: 158<br \/>\nPrezzo: 80,00 \u20ac<\/p>","protected":false},"excerpt":{"rendered":"<p>ISSN 2239-5415 Silv\u04d5 \u00e8 una pubblicazione nata dall&#8217;esperienza di Latina Didaxis, il convegno organizzato annualmente da Silvana Rocca, Professore Ordinario<\/p>","protected":false},"featured_media":72671,"comment_status":"open","ping_status":"closed","template":"","meta":{"_acf_changed":false},"product_brand":[],"product_cat":[1348],"product_tag":[2565,948],"class_list":{"0":"post-72669","1":"product","2":"type-product","3":"status-publish","4":"has-post-thumbnail","6":"product_cat-silvae","7":"product_tag-latinisti","8":"product_tag-studi-classici","10":"first","11":"instock","12":"featured","13":"shipping-taxable","14":"purchasable","15":"product-type-simple"},"acf":[],"yoast_head":"<!-- This site is optimized with the Yoast SEO plugin v27.3 - https:\/\/yoast.com\/product\/yoast-seo-wordpress\/ -->\n<title>Silvae - quaderni semestrali di saggistica e didattica, anno XXV, n. 62\/63, 2024 -<\/title>\n<meta name=\"description\" content=\"Ledizioni - Innovative Publishing. Casa editrice universitaria. Open Access. eBook, ePub. Creative Commons.\" \/>\n<meta name=\"robots\" content=\"index, follow, max-snippet:-1, max-image-preview:large, max-video-preview:-1\" \/>\n<link rel=\"canonical\" href=\"https:\/\/www.ledizioni.it\/en\/product\/silvae-quaderni-semestrali-di-saggistica-e-didattica-anno-xxv-n-62-63-2024\/\" \/>\n<meta property=\"og:locale\" content=\"en_GB\" \/>\n<meta property=\"og:type\" content=\"article\" \/>\n<meta property=\"og:title\" content=\"Silvae - quaderni semestrali di saggistica e didattica, anno XXV, n. 62\/63, 2024 -\" \/>\n<meta property=\"og:description\" content=\"Ledizioni - Innovative Publishing. Casa editrice universitaria. Open Access. eBook, ePub. Creative Commons.\" \/>\n<meta property=\"og:url\" content=\"https:\/\/www.ledizioni.it\/en\/product\/silvae-quaderni-semestrali-di-saggistica-e-didattica-anno-xxv-n-62-63-2024\/\" \/>\n<meta property=\"og:site_name\" content=\"Ledizioni\" \/>\n<meta property=\"article:publisher\" content=\"https:\/\/www.facebook.com\/pages\/Ledizioni-LediPublishing\/109120559173329\" \/>\n<meta property=\"article:modified_time\" content=\"2025-01-24T13:09:51+00:00\" \/>\n<meta property=\"og:image\" content=\"https:\/\/www.ledizioni.it\/stag\/wp-content\/uploads\/2025\/01\/Copertina-62-63-3D.jpg\" \/>\n\t<meta property=\"og:image:width\" content=\"1498\" \/>\n\t<meta property=\"og:image:height\" content=\"1938\" \/>\n\t<meta property=\"og:image:type\" content=\"image\/jpeg\" \/>\n<meta name=\"twitter:card\" content=\"summary_large_image\" \/>\n<meta name=\"twitter:site\" content=\"@ledizioni\" \/>\n<meta name=\"twitter:label1\" content=\"Estimated reading time\" \/>\n\t<meta name=\"twitter:data1\" content=\"3 minutes\" \/>\n<script type=\"application\/ld+json\" class=\"yoast-schema-graph\">{\"@context\":\"https:\\\/\\\/schema.org\",\"@graph\":[{\"@type\":\"WebPage\",\"@id\":\"https:\\\/\\\/www.ledizioni.it\\\/prodotto\\\/silvae-quaderni-semestrali-di-saggistica-e-didattica-anno-xxv-n-62-63-2024\\\/\",\"url\":\"https:\\\/\\\/www.ledizioni.it\\\/prodotto\\\/silvae-quaderni-semestrali-di-saggistica-e-didattica-anno-xxv-n-62-63-2024\\\/\",\"name\":\"Silvae - quaderni semestrali di saggistica e didattica, anno XXV, n. 62\\\/63, 2024 -\",\"isPartOf\":{\"@id\":\"https:\\\/\\\/www.ledizioni.it\\\/#website\"},\"primaryImageOfPage\":{\"@id\":\"https:\\\/\\\/www.ledizioni.it\\\/prodotto\\\/silvae-quaderni-semestrali-di-saggistica-e-didattica-anno-xxv-n-62-63-2024\\\/#primaryimage\"},\"image\":{\"@id\":\"https:\\\/\\\/www.ledizioni.it\\\/prodotto\\\/silvae-quaderni-semestrali-di-saggistica-e-didattica-anno-xxv-n-62-63-2024\\\/#primaryimage\"},\"thumbnailUrl\":\"https:\\\/\\\/www.ledizioni.it\\\/stag\\\/wp-content\\\/uploads\\\/2025\\\/01\\\/Copertina-62-63-3D.jpg\",\"datePublished\":\"2025-01-24T13:06:46+00:00\",\"dateModified\":\"2025-01-24T13:09:51+00:00\",\"description\":\"Ledizioni - Innovative Publishing. Casa editrice universitaria. Open Access. eBook, ePub. Creative Commons.\",\"breadcrumb\":{\"@id\":\"https:\\\/\\\/www.ledizioni.it\\\/prodotto\\\/silvae-quaderni-semestrali-di-saggistica-e-didattica-anno-xxv-n-62-63-2024\\\/#breadcrumb\"},\"inLanguage\":\"en-GB\",\"potentialAction\":[{\"@type\":\"ReadAction\",\"target\":[\"https:\\\/\\\/www.ledizioni.it\\\/prodotto\\\/silvae-quaderni-semestrali-di-saggistica-e-didattica-anno-xxv-n-62-63-2024\\\/\"]}]},{\"@type\":\"ImageObject\",\"inLanguage\":\"en-GB\",\"@id\":\"https:\\\/\\\/www.ledizioni.it\\\/prodotto\\\/silvae-quaderni-semestrali-di-saggistica-e-didattica-anno-xxv-n-62-63-2024\\\/#primaryimage\",\"url\":\"https:\\\/\\\/www.ledizioni.it\\\/stag\\\/wp-content\\\/uploads\\\/2025\\\/01\\\/Copertina-62-63-3D.jpg\",\"contentUrl\":\"https:\\\/\\\/www.ledizioni.it\\\/stag\\\/wp-content\\\/uploads\\\/2025\\\/01\\\/Copertina-62-63-3D.jpg\",\"width\":1498,\"height\":1938},{\"@type\":\"BreadcrumbList\",\"@id\":\"https:\\\/\\\/www.ledizioni.it\\\/prodotto\\\/silvae-quaderni-semestrali-di-saggistica-e-didattica-anno-xxv-n-62-63-2024\\\/#breadcrumb\",\"itemListElement\":[{\"@type\":\"ListItem\",\"position\":1,\"name\":\"Shop\",\"item\":\"https:\\\/\\\/www.ledizioni.it\\\/shop-2\\\/\"},{\"@type\":\"ListItem\",\"position\":2,\"name\":\"Silvae &#8211; quaderni semestrali di saggistica e didattica, anno XXV, n. 62\\\/63, 2024\"}]},{\"@type\":\"WebSite\",\"@id\":\"https:\\\/\\\/www.ledizioni.it\\\/#website\",\"url\":\"https:\\\/\\\/www.ledizioni.it\\\/\",\"name\":\"Ledizioni\",\"description\":\"The Innovative LediPublishing Company - Casa Editrice Universitaria\",\"publisher\":{\"@id\":\"https:\\\/\\\/www.ledizioni.it\\\/#organization\"},\"potentialAction\":[{\"@type\":\"SearchAction\",\"target\":{\"@type\":\"EntryPoint\",\"urlTemplate\":\"https:\\\/\\\/www.ledizioni.it\\\/?s={search_term_string}\"},\"query-input\":{\"@type\":\"PropertyValueSpecification\",\"valueRequired\":true,\"valueName\":\"search_term_string\"}}],\"inLanguage\":\"en-GB\"},{\"@type\":\"Organization\",\"@id\":\"https:\\\/\\\/www.ledizioni.it\\\/#organization\",\"name\":\"Ledizioni\",\"url\":\"https:\\\/\\\/www.ledizioni.it\\\/\",\"logo\":{\"@type\":\"ImageObject\",\"inLanguage\":\"en-GB\",\"@id\":\"https:\\\/\\\/www.ledizioni.it\\\/#\\\/schema\\\/logo\\\/image\\\/\",\"url\":\"https:\\\/\\\/www.ledizioni.it\\\/stag\\\/wp-content\\\/uploads\\\/2023\\\/10\\\/newlogoledizioni500x110_2-1.jpg\",\"contentUrl\":\"https:\\\/\\\/www.ledizioni.it\\\/stag\\\/wp-content\\\/uploads\\\/2023\\\/10\\\/newlogoledizioni500x110_2-1.jpg\",\"width\":354,\"height\":87,\"caption\":\"Ledizioni\"},\"image\":{\"@id\":\"https:\\\/\\\/www.ledizioni.it\\\/#\\\/schema\\\/logo\\\/image\\\/\"},\"sameAs\":[\"https:\\\/\\\/www.facebook.com\\\/pages\\\/Ledizioni-LediPublishing\\\/109120559173329\",\"https:\\\/\\\/x.com\\\/ledizioni\"]}]}<\/script>\n<!-- \/ Yoast SEO plugin. -->","yoast_head_json":{"title":"Silvae - quaderni semestrali di saggistica e didattica, anno XXV, n. 62\/63, 2024 -","description":"Ledizioni - Innovative Publishing. Casa editrice universitaria. Open Access. eBook, ePub. Creative Commons.","robots":{"index":"index","follow":"follow","max-snippet":"max-snippet:-1","max-image-preview":"max-image-preview:large","max-video-preview":"max-video-preview:-1"},"canonical":"https:\/\/www.ledizioni.it\/en\/product\/silvae-quaderni-semestrali-di-saggistica-e-didattica-anno-xxv-n-62-63-2024\/","og_locale":"en_GB","og_type":"article","og_title":"Silvae - quaderni semestrali di saggistica e didattica, anno XXV, n. 62\/63, 2024 -","og_description":"Ledizioni - Innovative Publishing. Casa editrice universitaria. Open Access. eBook, ePub. Creative Commons.","og_url":"https:\/\/www.ledizioni.it\/en\/product\/silvae-quaderni-semestrali-di-saggistica-e-didattica-anno-xxv-n-62-63-2024\/","og_site_name":"Ledizioni","article_publisher":"https:\/\/www.facebook.com\/pages\/Ledizioni-LediPublishing\/109120559173329","article_modified_time":"2025-01-24T13:09:51+00:00","og_image":[{"width":1498,"height":1938,"url":"https:\/\/www.ledizioni.it\/stag\/wp-content\/uploads\/2025\/01\/Copertina-62-63-3D.jpg","type":"image\/jpeg"}],"twitter_card":"summary_large_image","twitter_site":"@ledizioni","twitter_misc":{"Estimated reading time":"3 minutes"},"schema":{"@context":"https:\/\/schema.org","@graph":[{"@type":"WebPage","@id":"https:\/\/www.ledizioni.it\/prodotto\/silvae-quaderni-semestrali-di-saggistica-e-didattica-anno-xxv-n-62-63-2024\/","url":"https:\/\/www.ledizioni.it\/prodotto\/silvae-quaderni-semestrali-di-saggistica-e-didattica-anno-xxv-n-62-63-2024\/","name":"Silvae - quaderni semestrali di saggistica e didattica, anno XXV, n. 62\/63, 2024 -","isPartOf":{"@id":"https:\/\/www.ledizioni.it\/#website"},"primaryImageOfPage":{"@id":"https:\/\/www.ledizioni.it\/prodotto\/silvae-quaderni-semestrali-di-saggistica-e-didattica-anno-xxv-n-62-63-2024\/#primaryimage"},"image":{"@id":"https:\/\/www.ledizioni.it\/prodotto\/silvae-quaderni-semestrali-di-saggistica-e-didattica-anno-xxv-n-62-63-2024\/#primaryimage"},"thumbnailUrl":"https:\/\/www.ledizioni.it\/stag\/wp-content\/uploads\/2025\/01\/Copertina-62-63-3D.jpg","datePublished":"2025-01-24T13:06:46+00:00","dateModified":"2025-01-24T13:09:51+00:00","description":"Ledizioni - Innovative Publishing. Casa editrice universitaria. Open Access. eBook, ePub. Creative Commons.","breadcrumb":{"@id":"https:\/\/www.ledizioni.it\/prodotto\/silvae-quaderni-semestrali-di-saggistica-e-didattica-anno-xxv-n-62-63-2024\/#breadcrumb"},"inLanguage":"en-GB","potentialAction":[{"@type":"ReadAction","target":["https:\/\/www.ledizioni.it\/prodotto\/silvae-quaderni-semestrali-di-saggistica-e-didattica-anno-xxv-n-62-63-2024\/"]}]},{"@type":"ImageObject","inLanguage":"en-GB","@id":"https:\/\/www.ledizioni.it\/prodotto\/silvae-quaderni-semestrali-di-saggistica-e-didattica-anno-xxv-n-62-63-2024\/#primaryimage","url":"https:\/\/www.ledizioni.it\/stag\/wp-content\/uploads\/2025\/01\/Copertina-62-63-3D.jpg","contentUrl":"https:\/\/www.ledizioni.it\/stag\/wp-content\/uploads\/2025\/01\/Copertina-62-63-3D.jpg","width":1498,"height":1938},{"@type":"BreadcrumbList","@id":"https:\/\/www.ledizioni.it\/prodotto\/silvae-quaderni-semestrali-di-saggistica-e-didattica-anno-xxv-n-62-63-2024\/#breadcrumb","itemListElement":[{"@type":"ListItem","position":1,"name":"Shop","item":"https:\/\/www.ledizioni.it\/shop-2\/"},{"@type":"ListItem","position":2,"name":"Silvae &#8211; quaderni semestrali di saggistica e didattica, anno XXV, n. 62\/63, 2024"}]},{"@type":"WebSite","@id":"https:\/\/www.ledizioni.it\/#website","url":"https:\/\/www.ledizioni.it\/","name":"Ledizioni","description":"The Innovative LediPublishing Company - Casa Editrice Universitaria","publisher":{"@id":"https:\/\/www.ledizioni.it\/#organization"},"potentialAction":[{"@type":"SearchAction","target":{"@type":"EntryPoint","urlTemplate":"https:\/\/www.ledizioni.it\/?s={search_term_string}"},"query-input":{"@type":"PropertyValueSpecification","valueRequired":true,"valueName":"search_term_string"}}],"inLanguage":"en-GB"},{"@type":"Organization","@id":"https:\/\/www.ledizioni.it\/#organization","name":"Ledizioni","url":"https:\/\/www.ledizioni.it\/","logo":{"@type":"ImageObject","inLanguage":"en-GB","@id":"https:\/\/www.ledizioni.it\/#\/schema\/logo\/image\/","url":"https:\/\/www.ledizioni.it\/stag\/wp-content\/uploads\/2023\/10\/newlogoledizioni500x110_2-1.jpg","contentUrl":"https:\/\/www.ledizioni.it\/stag\/wp-content\/uploads\/2023\/10\/newlogoledizioni500x110_2-1.jpg","width":354,"height":87,"caption":"Ledizioni"},"image":{"@id":"https:\/\/www.ledizioni.it\/#\/schema\/logo\/image\/"},"sameAs":["https:\/\/www.facebook.com\/pages\/Ledizioni-LediPublishing\/109120559173329","https:\/\/x.com\/ledizioni"]}]}},"jetpack_sharing_enabled":true,"_links":{"self":[{"href":"https:\/\/www.ledizioni.it\/en\/wp-json\/wp\/v2\/product\/72669","targetHints":{"allow":["GET"]}}],"collection":[{"href":"https:\/\/www.ledizioni.it\/en\/wp-json\/wp\/v2\/product"}],"about":[{"href":"https:\/\/www.ledizioni.it\/en\/wp-json\/wp\/v2\/types\/product"}],"replies":[{"embeddable":true,"href":"https:\/\/www.ledizioni.it\/en\/wp-json\/wp\/v2\/comments?post=72669"}],"version-history":[{"count":1,"href":"https:\/\/www.ledizioni.it\/en\/wp-json\/wp\/v2\/product\/72669\/revisions"}],"predecessor-version":[{"id":72672,"href":"https:\/\/www.ledizioni.it\/en\/wp-json\/wp\/v2\/product\/72669\/revisions\/72672"}],"wp:featuredmedia":[{"embeddable":true,"href":"https:\/\/www.ledizioni.it\/en\/wp-json\/wp\/v2\/media\/72671"}],"wp:attachment":[{"href":"https:\/\/www.ledizioni.it\/en\/wp-json\/wp\/v2\/media?parent=72669"}],"wp:term":[{"taxonomy":"product_brand","embeddable":true,"href":"https:\/\/www.ledizioni.it\/en\/wp-json\/wp\/v2\/product_brand?post=72669"},{"taxonomy":"product_cat","embeddable":true,"href":"https:\/\/www.ledizioni.it\/en\/wp-json\/wp\/v2\/product_cat?post=72669"},{"taxonomy":"product_tag","embeddable":true,"href":"https:\/\/www.ledizioni.it\/en\/wp-json\/wp\/v2\/product_tag?post=72669"}],"curies":[{"name":"wp","href":"https:\/\/api.w.org\/{rel}","templated":true}]}}