{"id":73298,"date":"2025-02-18T00:00:00","date_gmt":"2025-02-17T22:00:00","guid":{"rendered":"https:\/\/www.ledizioni.it\/?post_type=product&#038;p=73298"},"modified":"2025-02-25T13:43:26","modified_gmt":"2025-02-25T11:43:26","slug":"le-sfide-etiche-dellintelligenza-artificiale","status":"publish","type":"product","link":"https:\/\/www.ledizioni.it\/en\/product\/le-sfide-etiche-dellintelligenza-artificiale\/","title":{"rendered":"LE SFIDE ETICHE DELL&#8217;INTELLIGENZA ARTIFICIALE"},"content":{"rendered":"<div data-elementor-type=\"product-post\" data-elementor-id=\"73298\" class=\"elementor elementor-73298\" data-elementor-post-type=\"product\">\n\t\t\t\t\t\t<section class=\"elementor-section elementor-top-section elementor-element elementor-element-2df2e95d elementor-section-boxed elementor-section-height-default elementor-section-height-default wd-section-disabled\" data-id=\"2df2e95d\" data-element_type=\"section\" data-e-type=\"section\">\n\t\t\t\t\t\t<div class=\"elementor-container elementor-column-gap-default\">\n\t\t\t\t\t<div class=\"elementor-column elementor-col-100 elementor-top-column elementor-element elementor-element-12128ff3\" data-id=\"12128ff3\" data-element_type=\"column\" data-e-type=\"column\">\n\t\t\t<div class=\"elementor-widget-wrap elementor-element-populated\">\n\t\t\t\t\t\t<div class=\"elementor-element elementor-element-6dec00dc color-scheme-inherit text-left elementor-widget elementor-widget-text-editor\" data-id=\"6dec00dc\" data-element_type=\"widget\" data-e-type=\"widget\" data-widget_type=\"text-editor.default\">\n\t\t\t\t<div class=\"elementor-widget-container\">\n\t\t\t\t\t\t\t\t\t<p style=\"text-align: justify;\">La tecnologia in generale, quella digitale in particolare e ancor pi\u00f9 specificatamente l&#8217;Intelligenza Artificiale, pu\u00f2 essere vista come un <em>pharmakon<\/em>, nel senso greco della parola, e cio\u00e8 \u2013 a seconda dei casi e a volte nel medesimo caso (vedi quello oggi clamoroso dell\u2019Intelligenza Artificiale generativa con ChatGPT) \u2013 una &#8220;medicina&#8221;, un \u201cfarmaco\u201d appunto, e\/o un \u201cveleno\u201d. Nel caso delle tecnologie per\u00f2 \u2013 diversamente dai farmaci \u2013 \u00e8 stato molto raro che si parlasse dei rischi, dei pericoli, delle controindicazioni, degli effetti decisamente negativi che avrebbero potuto produrre, almeno in certe situazioni. Di solito si \u00e8 aspettato che questi si producessero, restandone pi\u00f9 o meno sorpresi e spiazzati per poi (cercare di) correre ai ripari.<br>Stranamente, con l\u2019Intelligenza Artificiale sta avvenendo il contrario. C\u2019\u00e8 un\u2019autentica corsa, allarmata, di scienziati, operatori economici, istituzioni pubbliche nazionali e internazionali a (cercare di) prevenire i possibili ma ampiamente temuti effetti negativi collaterali o addirittura voluti dell\u2019IA, tale per cui si \u00e8 levato un coro \u2013 davvero inusuale \u2013 per invocare regolamentazioni e autoregolamentazioni che minimizzassero questi rischi, pericoli, se non addirittura disastri. \u00c8 importante capire perch\u00e9 sta succedendo questo.<br>Il presente libro, inquadrandole nella pi\u00f9 generale esigenza di una nuova etica, un\u2019etica digitale, e nell\u2019epocale trasformazione della trasmissione del sapere che stiamo vivendo, illustra dettagliatamente, con numerosi esempi, le principali sfide etico-sociali dell\u2019Intelligenza artificiale (soffermandosi con un focus particolare su quelle particolarmente critiche, proprio dal punto di vista etico e sociale, delle applicazioni in medicina), illustrando i tentativi in corso per affrontarle.<\/p>\n<hr>\n<p><strong>DATI BIBLIOGRAFICI<\/strong><br>Autore: Piercarlo Maggiolini con Mariagrazia Fugini<br>Editore: Ledizioni <br>Pubblicato in: febbraio 2025<br>Formato: brossura, 388 p. &#8211; PDF in OA &#8211; ePub<br>ISBN cartaceo: 9791256003402<br>ISBN ePub: 9791256003419<br>Prezzo cartaceo: 28,00 \u20ac<br>Prezzo ePub: 12,99 \u20ac<\/p>\t\t\t\t\t\t\t\t<\/div>\n\t\t\t\t<\/div>\n\t\t\t\t\t<\/div>\n\t\t<\/div>\n\t\t\t\t\t<\/div>\n\t\t<\/section>\n\t\t\t\t<section class=\"elementor-section elementor-top-section elementor-element elementor-element-9d63451 elementor-section-boxed elementor-section-height-default elementor-section-height-default wd-section-disabled\" data-id=\"9d63451\" data-element_type=\"section\" data-e-type=\"section\">\n\t\t\t\t\t\t<div class=\"elementor-container elementor-column-gap-default\">\n\t\t\t\t\t<div class=\"elementor-column elementor-col-100 elementor-top-column elementor-element elementor-element-9db3b10\" data-id=\"9db3b10\" data-element_type=\"column\" data-e-type=\"column\">\n\t\t\t<div class=\"elementor-widget-wrap elementor-element-populated\">\n\t\t\t\t\t\t<div class=\"elementor-element elementor-element-500510d elementor-button-danger elementor-align-center elementor-widget elementor-widget-button\" data-id=\"500510d\" data-element_type=\"widget\" data-e-type=\"widget\" data-widget_type=\"button.default\">\n\t\t\t\t<div class=\"elementor-widget-container\">\n\t\t\t\t\t\t\t\t\t<div class=\"elementor-button-wrapper\">\n\t\t\t\t\t<a class=\"elementor-button elementor-button-link elementor-size-sm\" href=\"https:\/\/www.ledizioni.it\/en\/download\/73450\/?tmstv=1739868862\">\n\t\t\t\t\t\t<span class=\"elementor-button-content-wrapper\">\n\t\t\t\t\t\t\t\t\t<span class=\"elementor-button-text\">Scarica il PDF Open Access<\/span>\n\t\t\t\t\t<\/span>\n\t\t\t\t\t<\/a>\n\t\t\t\t<\/div>\n\t\t\t\t\t\t\t\t<\/div>\n\t\t\t\t<\/div>\n\t\t\t\t\t<\/div>\n\t\t<\/div>\n\t\t\t\t\t<\/div>\n\t\t<\/section>\n\t\t\t\t<\/div>","protected":false},"excerpt":{"rendered":"<p>La tecnologia in generale, quella digitale in particolare e ancor pi\u00f9 specificatamente l&#8217;Intelligenza Artificiale, pu\u00f2 essere vista come un pharmakon,<\/p>","protected":false},"featured_media":73449,"comment_status":"closed","ping_status":"closed","template":"","meta":{"_acf_changed":false},"product_brand":[],"product_cat":[1042],"product_tag":[2540,2685,764,1018],"class_list":{"0":"post-73298","1":"product","2":"type-product","3":"status-publish","4":"has-post-thumbnail","6":"product_cat-politica","7":"product_tag-etica","8":"product_tag-intelligenza-artificiale","9":"product_tag-open-access-2","10":"product_tag-tecnologia","11":"pa_formato-cartaceo","12":"pa_formato-ebook-in-epub","13":"pa_formato-ebook-in-pdf","15":"first","16":"instock","17":"shipping-taxable","18":"purchasable","19":"product-type-variable"},"acf":[],"yoast_head":"<!-- This site is optimized with the Yoast SEO plugin v27.3 - https:\/\/yoast.com\/product\/yoast-seo-wordpress\/ -->\n<title>LE SFIDE ETICHE DELL&#039;INTELLIGENZA ARTIFICIALE -<\/title>\n<meta name=\"description\" content=\"Ledizioni - Innovative Publishing. Casa editrice universitaria. Open Access. eBook, ePub. Creative Commons.\" \/>\n<meta name=\"robots\" content=\"index, follow, max-snippet:-1, max-image-preview:large, max-video-preview:-1\" \/>\n<link rel=\"canonical\" href=\"https:\/\/www.ledizioni.it\/en\/product\/le-sfide-etiche-dellintelligenza-artificiale\/\" \/>\n<meta property=\"og:locale\" content=\"en_GB\" \/>\n<meta property=\"og:type\" content=\"article\" \/>\n<meta property=\"og:title\" content=\"LE SFIDE ETICHE DELL&#039;INTELLIGENZA ARTIFICIALE -\" \/>\n<meta property=\"og:description\" content=\"Ledizioni - Innovative Publishing. Casa editrice universitaria. Open Access. eBook, ePub. Creative Commons.\" \/>\n<meta property=\"og:url\" content=\"https:\/\/www.ledizioni.it\/en\/product\/le-sfide-etiche-dellintelligenza-artificiale\/\" \/>\n<meta property=\"og:site_name\" content=\"Ledizioni\" \/>\n<meta property=\"article:publisher\" content=\"https:\/\/www.facebook.com\/pages\/Ledizioni-LediPublishing\/109120559173329\" \/>\n<meta property=\"article:modified_time\" content=\"2025-02-25T11:43:26+00:00\" \/>\n<meta property=\"og:image\" content=\"https:\/\/www.ledizioni.it\/stag\/wp-content\/uploads\/2025\/02\/Maggiolini-cover-3D.jpg\" \/>\n\t<meta property=\"og:image:width\" content=\"1504\" \/>\n\t<meta property=\"og:image:height\" content=\"1944\" \/>\n\t<meta property=\"og:image:type\" content=\"image\/jpeg\" \/>\n<meta name=\"twitter:card\" content=\"summary_large_image\" \/>\n<meta name=\"twitter:site\" content=\"@ledizioni\" \/>\n<script type=\"application\/ld+json\" class=\"yoast-schema-graph\">{\"@context\":\"https:\\\/\\\/schema.org\",\"@graph\":[{\"@type\":\"WebPage\",\"@id\":\"https:\\\/\\\/www.ledizioni.it\\\/prodotto\\\/le-sfide-etiche-dellintelligenza-artificiale\\\/\",\"url\":\"https:\\\/\\\/www.ledizioni.it\\\/prodotto\\\/le-sfide-etiche-dellintelligenza-artificiale\\\/\",\"name\":\"LE SFIDE ETICHE DELL'INTELLIGENZA ARTIFICIALE -\",\"isPartOf\":{\"@id\":\"https:\\\/\\\/www.ledizioni.it\\\/#website\"},\"primaryImageOfPage\":{\"@id\":\"https:\\\/\\\/www.ledizioni.it\\\/prodotto\\\/le-sfide-etiche-dellintelligenza-artificiale\\\/#primaryimage\"},\"image\":{\"@id\":\"https:\\\/\\\/www.ledizioni.it\\\/prodotto\\\/le-sfide-etiche-dellintelligenza-artificiale\\\/#primaryimage\"},\"thumbnailUrl\":\"https:\\\/\\\/www.ledizioni.it\\\/stag\\\/wp-content\\\/uploads\\\/2025\\\/02\\\/Maggiolini-cover-3D.jpg\",\"datePublished\":\"2025-02-17T22:00:00+00:00\",\"dateModified\":\"2025-02-25T11:43:26+00:00\",\"description\":\"Ledizioni - Innovative Publishing. Casa editrice universitaria. Open Access. eBook, ePub. Creative Commons.\",\"breadcrumb\":{\"@id\":\"https:\\\/\\\/www.ledizioni.it\\\/prodotto\\\/le-sfide-etiche-dellintelligenza-artificiale\\\/#breadcrumb\"},\"inLanguage\":\"en-GB\",\"potentialAction\":[{\"@type\":\"ReadAction\",\"target\":[\"https:\\\/\\\/www.ledizioni.it\\\/prodotto\\\/le-sfide-etiche-dellintelligenza-artificiale\\\/\"]}]},{\"@type\":\"ImageObject\",\"inLanguage\":\"en-GB\",\"@id\":\"https:\\\/\\\/www.ledizioni.it\\\/prodotto\\\/le-sfide-etiche-dellintelligenza-artificiale\\\/#primaryimage\",\"url\":\"https:\\\/\\\/www.ledizioni.it\\\/stag\\\/wp-content\\\/uploads\\\/2025\\\/02\\\/Maggiolini-cover-3D.jpg\",\"contentUrl\":\"https:\\\/\\\/www.ledizioni.it\\\/stag\\\/wp-content\\\/uploads\\\/2025\\\/02\\\/Maggiolini-cover-3D.jpg\",\"width\":1504,\"height\":1944},{\"@type\":\"BreadcrumbList\",\"@id\":\"https:\\\/\\\/www.ledizioni.it\\\/prodotto\\\/le-sfide-etiche-dellintelligenza-artificiale\\\/#breadcrumb\",\"itemListElement\":[{\"@type\":\"ListItem\",\"position\":1,\"name\":\"Shop\",\"item\":\"https:\\\/\\\/www.ledizioni.it\\\/shop-2\\\/\"},{\"@type\":\"ListItem\",\"position\":2,\"name\":\"LE SFIDE ETICHE DELL&#8217;INTELLIGENZA ARTIFICIALE\"}]},{\"@type\":\"WebSite\",\"@id\":\"https:\\\/\\\/www.ledizioni.it\\\/#website\",\"url\":\"https:\\\/\\\/www.ledizioni.it\\\/\",\"name\":\"Ledizioni\",\"description\":\"The Innovative LediPublishing Company - Casa Editrice Universitaria\",\"publisher\":{\"@id\":\"https:\\\/\\\/www.ledizioni.it\\\/#organization\"},\"potentialAction\":[{\"@type\":\"SearchAction\",\"target\":{\"@type\":\"EntryPoint\",\"urlTemplate\":\"https:\\\/\\\/www.ledizioni.it\\\/?s={search_term_string}\"},\"query-input\":{\"@type\":\"PropertyValueSpecification\",\"valueRequired\":true,\"valueName\":\"search_term_string\"}}],\"inLanguage\":\"en-GB\"},{\"@type\":\"Organization\",\"@id\":\"https:\\\/\\\/www.ledizioni.it\\\/#organization\",\"name\":\"Ledizioni\",\"url\":\"https:\\\/\\\/www.ledizioni.it\\\/\",\"logo\":{\"@type\":\"ImageObject\",\"inLanguage\":\"en-GB\",\"@id\":\"https:\\\/\\\/www.ledizioni.it\\\/#\\\/schema\\\/logo\\\/image\\\/\",\"url\":\"https:\\\/\\\/www.ledizioni.it\\\/stag\\\/wp-content\\\/uploads\\\/2023\\\/10\\\/newlogoledizioni500x110_2-1.jpg\",\"contentUrl\":\"https:\\\/\\\/www.ledizioni.it\\\/stag\\\/wp-content\\\/uploads\\\/2023\\\/10\\\/newlogoledizioni500x110_2-1.jpg\",\"width\":354,\"height\":87,\"caption\":\"Ledizioni\"},\"image\":{\"@id\":\"https:\\\/\\\/www.ledizioni.it\\\/#\\\/schema\\\/logo\\\/image\\\/\"},\"sameAs\":[\"https:\\\/\\\/www.facebook.com\\\/pages\\\/Ledizioni-LediPublishing\\\/109120559173329\",\"https:\\\/\\\/x.com\\\/ledizioni\"]}]}<\/script>\n<!-- \/ Yoast SEO plugin. -->","yoast_head_json":{"title":"LE SFIDE ETICHE DELL'INTELLIGENZA ARTIFICIALE -","description":"Ledizioni - Innovative Publishing. Casa editrice universitaria. Open Access. eBook, ePub. Creative Commons.","robots":{"index":"index","follow":"follow","max-snippet":"max-snippet:-1","max-image-preview":"max-image-preview:large","max-video-preview":"max-video-preview:-1"},"canonical":"https:\/\/www.ledizioni.it\/en\/product\/le-sfide-etiche-dellintelligenza-artificiale\/","og_locale":"en_GB","og_type":"article","og_title":"LE SFIDE ETICHE DELL'INTELLIGENZA ARTIFICIALE -","og_description":"Ledizioni - Innovative Publishing. Casa editrice universitaria. Open Access. eBook, ePub. Creative Commons.","og_url":"https:\/\/www.ledizioni.it\/en\/product\/le-sfide-etiche-dellintelligenza-artificiale\/","og_site_name":"Ledizioni","article_publisher":"https:\/\/www.facebook.com\/pages\/Ledizioni-LediPublishing\/109120559173329","article_modified_time":"2025-02-25T11:43:26+00:00","og_image":[{"width":1504,"height":1944,"url":"https:\/\/www.ledizioni.it\/stag\/wp-content\/uploads\/2025\/02\/Maggiolini-cover-3D.jpg","type":"image\/jpeg"}],"twitter_card":"summary_large_image","twitter_site":"@ledizioni","schema":{"@context":"https:\/\/schema.org","@graph":[{"@type":"WebPage","@id":"https:\/\/www.ledizioni.it\/prodotto\/le-sfide-etiche-dellintelligenza-artificiale\/","url":"https:\/\/www.ledizioni.it\/prodotto\/le-sfide-etiche-dellintelligenza-artificiale\/","name":"LE SFIDE ETICHE DELL'INTELLIGENZA ARTIFICIALE -","isPartOf":{"@id":"https:\/\/www.ledizioni.it\/#website"},"primaryImageOfPage":{"@id":"https:\/\/www.ledizioni.it\/prodotto\/le-sfide-etiche-dellintelligenza-artificiale\/#primaryimage"},"image":{"@id":"https:\/\/www.ledizioni.it\/prodotto\/le-sfide-etiche-dellintelligenza-artificiale\/#primaryimage"},"thumbnailUrl":"https:\/\/www.ledizioni.it\/stag\/wp-content\/uploads\/2025\/02\/Maggiolini-cover-3D.jpg","datePublished":"2025-02-17T22:00:00+00:00","dateModified":"2025-02-25T11:43:26+00:00","description":"Ledizioni - Innovative Publishing. Casa editrice universitaria. Open Access. eBook, ePub. Creative Commons.","breadcrumb":{"@id":"https:\/\/www.ledizioni.it\/prodotto\/le-sfide-etiche-dellintelligenza-artificiale\/#breadcrumb"},"inLanguage":"en-GB","potentialAction":[{"@type":"ReadAction","target":["https:\/\/www.ledizioni.it\/prodotto\/le-sfide-etiche-dellintelligenza-artificiale\/"]}]},{"@type":"ImageObject","inLanguage":"en-GB","@id":"https:\/\/www.ledizioni.it\/prodotto\/le-sfide-etiche-dellintelligenza-artificiale\/#primaryimage","url":"https:\/\/www.ledizioni.it\/stag\/wp-content\/uploads\/2025\/02\/Maggiolini-cover-3D.jpg","contentUrl":"https:\/\/www.ledizioni.it\/stag\/wp-content\/uploads\/2025\/02\/Maggiolini-cover-3D.jpg","width":1504,"height":1944},{"@type":"BreadcrumbList","@id":"https:\/\/www.ledizioni.it\/prodotto\/le-sfide-etiche-dellintelligenza-artificiale\/#breadcrumb","itemListElement":[{"@type":"ListItem","position":1,"name":"Shop","item":"https:\/\/www.ledizioni.it\/shop-2\/"},{"@type":"ListItem","position":2,"name":"LE SFIDE ETICHE DELL&#8217;INTELLIGENZA ARTIFICIALE"}]},{"@type":"WebSite","@id":"https:\/\/www.ledizioni.it\/#website","url":"https:\/\/www.ledizioni.it\/","name":"Ledizioni","description":"The Innovative LediPublishing Company - Casa Editrice Universitaria","publisher":{"@id":"https:\/\/www.ledizioni.it\/#organization"},"potentialAction":[{"@type":"SearchAction","target":{"@type":"EntryPoint","urlTemplate":"https:\/\/www.ledizioni.it\/?s={search_term_string}"},"query-input":{"@type":"PropertyValueSpecification","valueRequired":true,"valueName":"search_term_string"}}],"inLanguage":"en-GB"},{"@type":"Organization","@id":"https:\/\/www.ledizioni.it\/#organization","name":"Ledizioni","url":"https:\/\/www.ledizioni.it\/","logo":{"@type":"ImageObject","inLanguage":"en-GB","@id":"https:\/\/www.ledizioni.it\/#\/schema\/logo\/image\/","url":"https:\/\/www.ledizioni.it\/stag\/wp-content\/uploads\/2023\/10\/newlogoledizioni500x110_2-1.jpg","contentUrl":"https:\/\/www.ledizioni.it\/stag\/wp-content\/uploads\/2023\/10\/newlogoledizioni500x110_2-1.jpg","width":354,"height":87,"caption":"Ledizioni"},"image":{"@id":"https:\/\/www.ledizioni.it\/#\/schema\/logo\/image\/"},"sameAs":["https:\/\/www.facebook.com\/pages\/Ledizioni-LediPublishing\/109120559173329","https:\/\/x.com\/ledizioni"]}]}},"jetpack_sharing_enabled":true,"_links":{"self":[{"href":"https:\/\/www.ledizioni.it\/en\/wp-json\/wp\/v2\/product\/73298","targetHints":{"allow":["GET"]}}],"collection":[{"href":"https:\/\/www.ledizioni.it\/en\/wp-json\/wp\/v2\/product"}],"about":[{"href":"https:\/\/www.ledizioni.it\/en\/wp-json\/wp\/v2\/types\/product"}],"replies":[{"embeddable":true,"href":"https:\/\/www.ledizioni.it\/en\/wp-json\/wp\/v2\/comments?post=73298"}],"version-history":[{"count":8,"href":"https:\/\/www.ledizioni.it\/en\/wp-json\/wp\/v2\/product\/73298\/revisions"}],"predecessor-version":[{"id":73990,"href":"https:\/\/www.ledizioni.it\/en\/wp-json\/wp\/v2\/product\/73298\/revisions\/73990"}],"wp:featuredmedia":[{"embeddable":true,"href":"https:\/\/www.ledizioni.it\/en\/wp-json\/wp\/v2\/media\/73449"}],"wp:attachment":[{"href":"https:\/\/www.ledizioni.it\/en\/wp-json\/wp\/v2\/media?parent=73298"}],"wp:term":[{"taxonomy":"product_brand","embeddable":true,"href":"https:\/\/www.ledizioni.it\/en\/wp-json\/wp\/v2\/product_brand?post=73298"},{"taxonomy":"product_cat","embeddable":true,"href":"https:\/\/www.ledizioni.it\/en\/wp-json\/wp\/v2\/product_cat?post=73298"},{"taxonomy":"product_tag","embeddable":true,"href":"https:\/\/www.ledizioni.it\/en\/wp-json\/wp\/v2\/product_tag?post=73298"}],"curies":[{"name":"wp","href":"https:\/\/api.w.org\/{rel}","templated":true}]}}