{"id":7336,"date":"2013-09-26T14:37:55","date_gmt":"2013-09-26T12:37:55","guid":{"rendered":"http:\/\/www.ledizioni.it\/?post_type=product&#038;p=7336"},"modified":"2021-06-09T15:17:44","modified_gmt":"2021-06-09T13:17:44","slug":"pierangela-accomazzo-silvia-beltramino-ada-sargenti-esplorazioni-matematiche-geogebra","status":"publish","type":"product","link":"https:\/\/www.ledizioni.it\/en\/product\/pierangela-accomazzo-silvia-beltramino-ada-sargenti-esplorazioni-matematiche-geogebra\/","title":{"rendered":"ESPLORAZIONI MATEMATICHE CON GEOGEBRA"},"content":{"rendered":"<p style=\"text-align: justify;\">GeoGebra (http:\/\/www.geogebra.org\/cms\/) \u00e8 un software di geometria dinamica con cui gli studenti possono costruire figure attraverso l\u2019uso di comandi che permettono di collocare oggetti geometrici su un piano. La caratteristica peculiare di GeoGebra \u00e8 la dinamicit\u00e0. GeoGebra \u00e8 gratuito: infatti \u00e8 un software open-source che si sta diffondendo sempre di pi\u00f9. Questo volume nasce come realizzazione di un progetto di formazione insegnanti con l\u2019utilizzo di GeoGebra, nell\u2019ambito del Piano Lauree Scientifiche di Matematica coordinato da Ornella Robutti nell\u2019anno 2012-13. Il contenuto di questo volume \u00e8 centrato su un approccio laboratoriale alla matematica, in particolare alla geometria, con l\u2019utilizzo di GeoGebra.<\/p>\n<p>&nbsp;<\/p>\n<table border=\"0\" width=\"100%\" cellspacing=\"2\" cellpadding=\"2\">\n<tbody>\n<tr>\n<td>\n<h3><strong>DATI BIBLIOGRAFICI<\/strong><\/h3>\n<\/td>\n<td rowspan=\"3\"><\/td>\n<td><\/td>\n<\/tr>\n<tr>\n<td rowspan=\"2\">Autore: Pierangela Accomazzo, Silvia Beltramino, Ada Sargenti<br \/>\na cura di Ornella Robutti<br \/>\nEditore: Ledizioni<br \/>\nCollana: <a href=\"http:\/\/www.ledizioni.it\/en\/product-category\/scienze-umane-2\/didattica-scienze-umane-2\/pls-matematica\/\">PLS Mathematics<\/a><br \/>\nFormato: PdfPubblicato in: 2013<br \/>\nISBN: 9788867051199<br \/>\nPrezzo:0,00<\/td>\n<td><\/td>\n<\/tr>\n<tr>\n<td><\/td>\n<\/tr>\n<\/tbody>\n<\/table>","protected":false},"excerpt":{"rendered":"<p>GeoGebra (http:\/\/www.geogebra.org\/cms\/) \u00e8 un software di geometria dinamica con cui gli studenti possono costruire figure attraverso l\u2019uso di comandi che<\/p>","protected":false},"featured_media":8674,"comment_status":"open","ping_status":"closed","template":"","meta":{"_acf_changed":false},"product_brand":[],"product_cat":[790],"product_tag":[735,1034,764,1189],"class_list":{"0":"post-7336","1":"product","2":"type-product","3":"status-publish","4":"has-post-thumbnail","6":"product_cat-pls-matematica","7":"product_tag-didattica-2","8":"product_tag-matematica","9":"product_tag-open-access-2","10":"product_tag-risorse-didattiche-gratuite","11":"pa_accesso-open-access","12":"pa_formato-ebook-in-pdf","13":"pa_lingua-italiano","15":"first","16":"instock","17":"featured","18":"shipping-taxable","19":"purchasable","20":"product-type-variable","21":"has-default-attributes"},"acf":[],"yoast_head":"<!-- This site is optimized with the Yoast SEO plugin v27.3 - https:\/\/yoast.com\/product\/yoast-seo-wordpress\/ -->\n<title>ESPLORAZIONI MATEMATICHE CON GEOGEBRA -<\/title>\n<meta name=\"description\" content=\"Questo volume nasce come realizzazione di un progetto di formazione insegnanti con l\u2019utilizzo di GeoGebra, un software di geometria dinamica.\" \/>\n<meta name=\"robots\" content=\"index, follow, max-snippet:-1, max-image-preview:large, max-video-preview:-1\" \/>\n<link rel=\"canonical\" href=\"https:\/\/www.ledizioni.it\/en\/product\/pierangela-accomazzo-silvia-beltramino-ada-sargenti-esplorazioni-matematiche-geogebra\/\" \/>\n<meta property=\"og:locale\" content=\"en_GB\" \/>\n<meta property=\"og:type\" content=\"article\" \/>\n<meta property=\"og:title\" content=\"ESPLORAZIONI MATEMATICHE CON GEOGEBRA -\" \/>\n<meta property=\"og:description\" content=\"Questo volume nasce come realizzazione di un progetto di formazione insegnanti con l\u2019utilizzo di GeoGebra, un software di geometria dinamica.\" \/>\n<meta property=\"og:url\" content=\"https:\/\/www.ledizioni.it\/en\/product\/pierangela-accomazzo-silvia-beltramino-ada-sargenti-esplorazioni-matematiche-geogebra\/\" \/>\n<meta property=\"og:site_name\" content=\"Ledizioni\" \/>\n<meta property=\"article:publisher\" content=\"https:\/\/www.facebook.com\/pages\/Ledizioni-LediPublishing\/109120559173329\" \/>\n<meta property=\"article:modified_time\" content=\"2021-06-09T13:17:44+00:00\" \/>\n<meta property=\"og:image\" content=\"https:\/\/www.ledizioni.it\/stag\/wp-content\/uploads\/2013\/09\/Untitled-1_1-330x5251.jpg\" \/>\n\t<meta property=\"og:image:width\" content=\"1493\" \/>\n\t<meta property=\"og:image:height\" content=\"2080\" \/>\n\t<meta property=\"og:image:type\" content=\"image\/jpeg\" \/>\n<meta name=\"twitter:card\" content=\"summary_large_image\" \/>\n<meta name=\"twitter:site\" content=\"@ledizioni\" \/>\n<meta name=\"twitter:label1\" content=\"Estimated reading time\" \/>\n\t<meta name=\"twitter:data1\" content=\"1 minute\" \/>\n<script type=\"application\/ld+json\" class=\"yoast-schema-graph\">{\"@context\":\"https:\\\/\\\/schema.org\",\"@graph\":[{\"@type\":\"WebPage\",\"@id\":\"https:\\\/\\\/www.ledizioni.it\\\/en\\\/product\\\/pierangela-accomazzo-silvia-beltramino-ada-sargenti-esplorazioni-matematiche-geogebra\\\/\",\"url\":\"https:\\\/\\\/www.ledizioni.it\\\/en\\\/product\\\/pierangela-accomazzo-silvia-beltramino-ada-sargenti-esplorazioni-matematiche-geogebra\\\/\",\"name\":\"ESPLORAZIONI MATEMATICHE CON GEOGEBRA -\",\"isPartOf\":{\"@id\":\"https:\\\/\\\/www.ledizioni.it\\\/#website\"},\"primaryImageOfPage\":{\"@id\":\"https:\\\/\\\/www.ledizioni.it\\\/en\\\/product\\\/pierangela-accomazzo-silvia-beltramino-ada-sargenti-esplorazioni-matematiche-geogebra\\\/#primaryimage\"},\"image\":{\"@id\":\"https:\\\/\\\/www.ledizioni.it\\\/en\\\/product\\\/pierangela-accomazzo-silvia-beltramino-ada-sargenti-esplorazioni-matematiche-geogebra\\\/#primaryimage\"},\"thumbnailUrl\":\"https:\\\/\\\/www.ledizioni.it\\\/stag\\\/wp-content\\\/uploads\\\/2013\\\/09\\\/Untitled-1_1-330x5251.jpg\",\"datePublished\":\"2013-09-26T12:37:55+00:00\",\"dateModified\":\"2021-06-09T13:17:44+00:00\",\"description\":\"Questo volume nasce come realizzazione di un progetto di formazione insegnanti con l\u2019utilizzo di GeoGebra, un software di geometria dinamica.\",\"breadcrumb\":{\"@id\":\"https:\\\/\\\/www.ledizioni.it\\\/en\\\/product\\\/pierangela-accomazzo-silvia-beltramino-ada-sargenti-esplorazioni-matematiche-geogebra\\\/#breadcrumb\"},\"inLanguage\":\"en-GB\",\"potentialAction\":[{\"@type\":\"ReadAction\",\"target\":[\"https:\\\/\\\/www.ledizioni.it\\\/en\\\/product\\\/pierangela-accomazzo-silvia-beltramino-ada-sargenti-esplorazioni-matematiche-geogebra\\\/\"]}]},{\"@type\":\"ImageObject\",\"inLanguage\":\"en-GB\",\"@id\":\"https:\\\/\\\/www.ledizioni.it\\\/en\\\/product\\\/pierangela-accomazzo-silvia-beltramino-ada-sargenti-esplorazioni-matematiche-geogebra\\\/#primaryimage\",\"url\":\"https:\\\/\\\/www.ledizioni.it\\\/stag\\\/wp-content\\\/uploads\\\/2013\\\/09\\\/Untitled-1_1-330x5251.jpg\",\"contentUrl\":\"https:\\\/\\\/www.ledizioni.it\\\/stag\\\/wp-content\\\/uploads\\\/2013\\\/09\\\/Untitled-1_1-330x5251.jpg\",\"width\":1493,\"height\":2080},{\"@type\":\"BreadcrumbList\",\"@id\":\"https:\\\/\\\/www.ledizioni.it\\\/en\\\/product\\\/pierangela-accomazzo-silvia-beltramino-ada-sargenti-esplorazioni-matematiche-geogebra\\\/#breadcrumb\",\"itemListElement\":[{\"@type\":\"ListItem\",\"position\":1,\"name\":\"Shop\",\"item\":\"https:\\\/\\\/www.ledizioni.it\\\/shop-2\\\/\"},{\"@type\":\"ListItem\",\"position\":2,\"name\":\"ESPLORAZIONI MATEMATICHE CON GEOGEBRA\"}]},{\"@type\":\"WebSite\",\"@id\":\"https:\\\/\\\/www.ledizioni.it\\\/#website\",\"url\":\"https:\\\/\\\/www.ledizioni.it\\\/\",\"name\":\"Ledizioni\",\"description\":\"The Innovative LediPublishing Company - Casa Editrice Universitaria\",\"publisher\":{\"@id\":\"https:\\\/\\\/www.ledizioni.it\\\/#organization\"},\"potentialAction\":[{\"@type\":\"SearchAction\",\"target\":{\"@type\":\"EntryPoint\",\"urlTemplate\":\"https:\\\/\\\/www.ledizioni.it\\\/?s={search_term_string}\"},\"query-input\":{\"@type\":\"PropertyValueSpecification\",\"valueRequired\":true,\"valueName\":\"search_term_string\"}}],\"inLanguage\":\"en-GB\"},{\"@type\":\"Organization\",\"@id\":\"https:\\\/\\\/www.ledizioni.it\\\/#organization\",\"name\":\"Ledizioni\",\"url\":\"https:\\\/\\\/www.ledizioni.it\\\/\",\"logo\":{\"@type\":\"ImageObject\",\"inLanguage\":\"en-GB\",\"@id\":\"https:\\\/\\\/www.ledizioni.it\\\/#\\\/schema\\\/logo\\\/image\\\/\",\"url\":\"https:\\\/\\\/www.ledizioni.it\\\/stag\\\/wp-content\\\/uploads\\\/2023\\\/10\\\/newlogoledizioni500x110_2-1.jpg\",\"contentUrl\":\"https:\\\/\\\/www.ledizioni.it\\\/stag\\\/wp-content\\\/uploads\\\/2023\\\/10\\\/newlogoledizioni500x110_2-1.jpg\",\"width\":354,\"height\":87,\"caption\":\"Ledizioni\"},\"image\":{\"@id\":\"https:\\\/\\\/www.ledizioni.it\\\/#\\\/schema\\\/logo\\\/image\\\/\"},\"sameAs\":[\"https:\\\/\\\/www.facebook.com\\\/pages\\\/Ledizioni-LediPublishing\\\/109120559173329\",\"https:\\\/\\\/x.com\\\/ledizioni\"]}]}<\/script>\n<!-- \/ Yoast SEO plugin. -->","yoast_head_json":{"title":"ESPLORAZIONI MATEMATICHE CON GEOGEBRA -","description":"Questo volume nasce come realizzazione di un progetto di formazione insegnanti con l\u2019utilizzo di GeoGebra, un software di geometria dinamica.","robots":{"index":"index","follow":"follow","max-snippet":"max-snippet:-1","max-image-preview":"max-image-preview:large","max-video-preview":"max-video-preview:-1"},"canonical":"https:\/\/www.ledizioni.it\/en\/product\/pierangela-accomazzo-silvia-beltramino-ada-sargenti-esplorazioni-matematiche-geogebra\/","og_locale":"en_GB","og_type":"article","og_title":"ESPLORAZIONI MATEMATICHE CON GEOGEBRA -","og_description":"Questo volume nasce come realizzazione di un progetto di formazione insegnanti con l\u2019utilizzo di GeoGebra, un software di geometria dinamica.","og_url":"https:\/\/www.ledizioni.it\/en\/product\/pierangela-accomazzo-silvia-beltramino-ada-sargenti-esplorazioni-matematiche-geogebra\/","og_site_name":"Ledizioni","article_publisher":"https:\/\/www.facebook.com\/pages\/Ledizioni-LediPublishing\/109120559173329","article_modified_time":"2021-06-09T13:17:44+00:00","og_image":[{"width":1493,"height":2080,"url":"https:\/\/www.ledizioni.it\/stag\/wp-content\/uploads\/2013\/09\/Untitled-1_1-330x5251.jpg","type":"image\/jpeg"}],"twitter_card":"summary_large_image","twitter_site":"@ledizioni","twitter_misc":{"Estimated reading time":"1 minute"},"schema":{"@context":"https:\/\/schema.org","@graph":[{"@type":"WebPage","@id":"https:\/\/www.ledizioni.it\/en\/product\/pierangela-accomazzo-silvia-beltramino-ada-sargenti-esplorazioni-matematiche-geogebra\/","url":"https:\/\/www.ledizioni.it\/en\/product\/pierangela-accomazzo-silvia-beltramino-ada-sargenti-esplorazioni-matematiche-geogebra\/","name":"ESPLORAZIONI MATEMATICHE CON GEOGEBRA -","isPartOf":{"@id":"https:\/\/www.ledizioni.it\/#website"},"primaryImageOfPage":{"@id":"https:\/\/www.ledizioni.it\/en\/product\/pierangela-accomazzo-silvia-beltramino-ada-sargenti-esplorazioni-matematiche-geogebra\/#primaryimage"},"image":{"@id":"https:\/\/www.ledizioni.it\/en\/product\/pierangela-accomazzo-silvia-beltramino-ada-sargenti-esplorazioni-matematiche-geogebra\/#primaryimage"},"thumbnailUrl":"https:\/\/www.ledizioni.it\/stag\/wp-content\/uploads\/2013\/09\/Untitled-1_1-330x5251.jpg","datePublished":"2013-09-26T12:37:55+00:00","dateModified":"2021-06-09T13:17:44+00:00","description":"Questo volume nasce come realizzazione di un progetto di formazione insegnanti con l\u2019utilizzo di GeoGebra, un software di geometria dinamica.","breadcrumb":{"@id":"https:\/\/www.ledizioni.it\/en\/product\/pierangela-accomazzo-silvia-beltramino-ada-sargenti-esplorazioni-matematiche-geogebra\/#breadcrumb"},"inLanguage":"en-GB","potentialAction":[{"@type":"ReadAction","target":["https:\/\/www.ledizioni.it\/en\/product\/pierangela-accomazzo-silvia-beltramino-ada-sargenti-esplorazioni-matematiche-geogebra\/"]}]},{"@type":"ImageObject","inLanguage":"en-GB","@id":"https:\/\/www.ledizioni.it\/en\/product\/pierangela-accomazzo-silvia-beltramino-ada-sargenti-esplorazioni-matematiche-geogebra\/#primaryimage","url":"https:\/\/www.ledizioni.it\/stag\/wp-content\/uploads\/2013\/09\/Untitled-1_1-330x5251.jpg","contentUrl":"https:\/\/www.ledizioni.it\/stag\/wp-content\/uploads\/2013\/09\/Untitled-1_1-330x5251.jpg","width":1493,"height":2080},{"@type":"BreadcrumbList","@id":"https:\/\/www.ledizioni.it\/en\/product\/pierangela-accomazzo-silvia-beltramino-ada-sargenti-esplorazioni-matematiche-geogebra\/#breadcrumb","itemListElement":[{"@type":"ListItem","position":1,"name":"Shop","item":"https:\/\/www.ledizioni.it\/shop-2\/"},{"@type":"ListItem","position":2,"name":"ESPLORAZIONI MATEMATICHE CON GEOGEBRA"}]},{"@type":"WebSite","@id":"https:\/\/www.ledizioni.it\/#website","url":"https:\/\/www.ledizioni.it\/","name":"Ledizioni","description":"The Innovative LediPublishing Company - Casa Editrice Universitaria","publisher":{"@id":"https:\/\/www.ledizioni.it\/#organization"},"potentialAction":[{"@type":"SearchAction","target":{"@type":"EntryPoint","urlTemplate":"https:\/\/www.ledizioni.it\/?s={search_term_string}"},"query-input":{"@type":"PropertyValueSpecification","valueRequired":true,"valueName":"search_term_string"}}],"inLanguage":"en-GB"},{"@type":"Organization","@id":"https:\/\/www.ledizioni.it\/#organization","name":"Ledizioni","url":"https:\/\/www.ledizioni.it\/","logo":{"@type":"ImageObject","inLanguage":"en-GB","@id":"https:\/\/www.ledizioni.it\/#\/schema\/logo\/image\/","url":"https:\/\/www.ledizioni.it\/stag\/wp-content\/uploads\/2023\/10\/newlogoledizioni500x110_2-1.jpg","contentUrl":"https:\/\/www.ledizioni.it\/stag\/wp-content\/uploads\/2023\/10\/newlogoledizioni500x110_2-1.jpg","width":354,"height":87,"caption":"Ledizioni"},"image":{"@id":"https:\/\/www.ledizioni.it\/#\/schema\/logo\/image\/"},"sameAs":["https:\/\/www.facebook.com\/pages\/Ledizioni-LediPublishing\/109120559173329","https:\/\/x.com\/ledizioni"]}]}},"jetpack_sharing_enabled":true,"_links":{"self":[{"href":"https:\/\/www.ledizioni.it\/en\/wp-json\/wp\/v2\/product\/7336","targetHints":{"allow":["GET"]}}],"collection":[{"href":"https:\/\/www.ledizioni.it\/en\/wp-json\/wp\/v2\/product"}],"about":[{"href":"https:\/\/www.ledizioni.it\/en\/wp-json\/wp\/v2\/types\/product"}],"replies":[{"embeddable":true,"href":"https:\/\/www.ledizioni.it\/en\/wp-json\/wp\/v2\/comments?post=7336"}],"version-history":[{"count":2,"href":"https:\/\/www.ledizioni.it\/en\/wp-json\/wp\/v2\/product\/7336\/revisions"}],"predecessor-version":[{"id":8042,"href":"https:\/\/www.ledizioni.it\/en\/wp-json\/wp\/v2\/product\/7336\/revisions\/8042"}],"wp:featuredmedia":[{"embeddable":true,"href":"https:\/\/www.ledizioni.it\/en\/wp-json\/wp\/v2\/media\/8674"}],"wp:attachment":[{"href":"https:\/\/www.ledizioni.it\/en\/wp-json\/wp\/v2\/media?parent=7336"}],"wp:term":[{"taxonomy":"product_brand","embeddable":true,"href":"https:\/\/www.ledizioni.it\/en\/wp-json\/wp\/v2\/product_brand?post=7336"},{"taxonomy":"product_cat","embeddable":true,"href":"https:\/\/www.ledizioni.it\/en\/wp-json\/wp\/v2\/product_cat?post=7336"},{"taxonomy":"product_tag","embeddable":true,"href":"https:\/\/www.ledizioni.it\/en\/wp-json\/wp\/v2\/product_tag?post=7336"}],"curies":[{"name":"wp","href":"https:\/\/api.w.org\/{rel}","templated":true}]}}