{"id":73376,"date":"2025-02-17T13:05:53","date_gmt":"2025-02-17T11:05:53","guid":{"rendered":"https:\/\/www.ledizioni.it\/?post_type=product&#038;p=73376"},"modified":"2025-02-17T13:08:55","modified_gmt":"2025-02-17T11:08:55","slug":"sociologia-del-diritto-li-2-2024","status":"publish","type":"product","link":"https:\/\/www.ledizioni.it\/en\/product\/sociologia-del-diritto-li-2-2024\/","title":{"rendered":"SOCIOLOGIA DEL DIRITTO LI\/2\/2024"},"content":{"rendered":"<p><strong>Indice<\/strong><\/p>\n<ul>\n<li><em>Gli stupefacenti nel XXI secolo: il sistema di controllo \u00e8 riformabile?<\/em>, Paolo Nencini<\/li>\n<li><em>Lo Specchio Post-Moderno di Dorian Gray nell\u2019era digitale<\/em>, Laura Guercio<\/li>\n<li><em>Differenziazione sociale, rappresentanza, governo. Appunti per una riflessione sulle riforme costituzionali, <\/em>Luigi Sica<\/li>\n<li><em>Piramide e rete nella scienza giuridica: tra cambi di paradigma e compresenza dialettica<\/em>, Ivan Daldoss<\/li>\n<li><em>Il processo di digitalizzazione del settore automobilistico<\/em>, Michela Morelli<\/li>\n<\/ul>\n<p><strong>Dossier. Cibo di qualit\u00e0: le sfide del diritto<\/strong><\/p>\n<ul>\n<li><em>Introduzione: Una breve e necessaria riflessione sulla qualit\u00e0<\/em>, Roberta Dameno, Emma Sofia Lunghi<\/li>\n<li><em>Cibo, diritti fondamentali e identit\u00e0 nazionale: verso un nuovo valore costituzionale?<\/em>, Maria Galbusera<\/li>\n<li><em>Los procesos de certificaci\u00f3n agroalimentaria<\/em>, Mariano L\u00f3pez Ben\u00edtez<\/li>\n<li><em>Tra stratificazione sociale e razzializzazione: l\u2019uso politico del cibo \u201cperfetto\u201d<\/em>, Monica Raiteri<\/li>\n<li><em>Les indications g\u00e9ographiques sous la loupe du genre, il y aurait-il un effet barbecue? Italie: une \u00e9tude de cas sur les consommateurs<\/em>, Emma Sofia Lunghi<\/li>\n<li><em>Desaf\u00edos jur\u00eddicos de la informaci\u00f3n sobre la proximidad agroalimentaria<\/em>, Marta J. Mu\u00f1oz G\u00f3mez<\/li>\n<li><em>Ma quanto sono nuovi i novel food? Pregiudizi e potenzialit\u00e0 sulla sostenibilit\u00e0 alimentare dei \u201cnuovi\u201d cibi: il caso studio degli insetti edibili<\/em>, Roberta Dameno<\/li>\n<\/ul>\n<p><strong>Note e commenti<\/strong><\/p>\n<ul>\n<li><em>Nicol\u00f2 Lipari e la sociologia del diritto, <\/em>Luigi Pannarale<\/li>\n<\/ul>\n<p>&nbsp;<\/p>\n<p>ISSN 0390-0851<br \/>\nISSNe 1972-5760<br \/>\nFascicolo singolo: 50,00 \u20ac<br \/>\nPer abbonamenti: <a href=\"mailto:riviste@internationalbookseller.com\">riviste@internationalbookseller.com<\/a><\/p>","protected":false},"excerpt":{"rendered":"<p>Indice Gli stupefacenti nel XXI secolo: il sistema di controllo \u00e8 riformabile?, Paolo Nencini Lo Specchio Post-Moderno di Dorian Gray<\/p>","protected":false},"featured_media":73380,"comment_status":"open","ping_status":"closed","template":"","meta":{"_acf_changed":false},"product_brand":[],"product_cat":[2943],"product_tag":[2739,2944],"class_list":{"0":"post-73376","1":"product","2":"type-product","3":"status-publish","4":"has-post-thumbnail","6":"product_cat-sociologia-diritto","7":"product_tag-rivista","8":"product_tag-sociologia-del-diritto","10":"first","11":"instock","12":"featured","13":"shipping-taxable","14":"purchasable","15":"product-type-simple"},"acf":[],"yoast_head":"<!-- This site is optimized with the Yoast SEO plugin v27.3 - https:\/\/yoast.com\/product\/yoast-seo-wordpress\/ -->\n<title>SOCIOLOGIA DEL DIRITTO LI\/2\/2024 -<\/title>\n<meta name=\"description\" content=\"Ledizioni - Innovative Publishing. Casa editrice universitaria. Open Access. eBook, ePub. Creative Commons.\" \/>\n<meta name=\"robots\" content=\"index, follow, max-snippet:-1, max-image-preview:large, max-video-preview:-1\" \/>\n<link rel=\"canonical\" href=\"https:\/\/www.ledizioni.it\/en\/product\/sociologia-del-diritto-li-2-2024\/\" \/>\n<meta property=\"og:locale\" content=\"en_GB\" \/>\n<meta property=\"og:type\" content=\"article\" \/>\n<meta property=\"og:title\" content=\"SOCIOLOGIA DEL DIRITTO LI\/2\/2024 -\" \/>\n<meta property=\"og:description\" content=\"Ledizioni - Innovative Publishing. Casa editrice universitaria. Open Access. eBook, ePub. Creative Commons.\" \/>\n<meta property=\"og:url\" content=\"https:\/\/www.ledizioni.it\/en\/product\/sociologia-del-diritto-li-2-2024\/\" \/>\n<meta property=\"og:site_name\" content=\"Ledizioni\" \/>\n<meta property=\"article:publisher\" content=\"https:\/\/www.facebook.com\/pages\/Ledizioni-LediPublishing\/109120559173329\" \/>\n<meta property=\"article:modified_time\" content=\"2025-02-17T11:08:55+00:00\" \/>\n<meta property=\"og:image\" content=\"https:\/\/www.ledizioni.it\/stag\/wp-content\/uploads\/2025\/02\/Cover-issue-2.2024-3D.jpg\" \/>\n\t<meta property=\"og:image:width\" content=\"1468\" \/>\n\t<meta property=\"og:image:height\" content=\"1932\" \/>\n\t<meta property=\"og:image:type\" content=\"image\/jpeg\" \/>\n<meta name=\"twitter:card\" content=\"summary_large_image\" \/>\n<meta name=\"twitter:site\" content=\"@ledizioni\" \/>\n<meta name=\"twitter:label1\" content=\"Estimated reading time\" \/>\n\t<meta name=\"twitter:data1\" content=\"2 minutes\" \/>\n<script type=\"application\/ld+json\" class=\"yoast-schema-graph\">{\"@context\":\"https:\\\/\\\/schema.org\",\"@graph\":[{\"@type\":\"WebPage\",\"@id\":\"https:\\\/\\\/www.ledizioni.it\\\/prodotto\\\/sociologia-del-diritto-li-2-2024\\\/\",\"url\":\"https:\\\/\\\/www.ledizioni.it\\\/prodotto\\\/sociologia-del-diritto-li-2-2024\\\/\",\"name\":\"SOCIOLOGIA DEL DIRITTO LI\\\/2\\\/2024 -\",\"isPartOf\":{\"@id\":\"https:\\\/\\\/www.ledizioni.it\\\/#website\"},\"primaryImageOfPage\":{\"@id\":\"https:\\\/\\\/www.ledizioni.it\\\/prodotto\\\/sociologia-del-diritto-li-2-2024\\\/#primaryimage\"},\"image\":{\"@id\":\"https:\\\/\\\/www.ledizioni.it\\\/prodotto\\\/sociologia-del-diritto-li-2-2024\\\/#primaryimage\"},\"thumbnailUrl\":\"https:\\\/\\\/www.ledizioni.it\\\/stag\\\/wp-content\\\/uploads\\\/2025\\\/02\\\/Cover-issue-2.2024-3D.jpg\",\"datePublished\":\"2025-02-17T11:05:53+00:00\",\"dateModified\":\"2025-02-17T11:08:55+00:00\",\"description\":\"Ledizioni - Innovative Publishing. Casa editrice universitaria. Open Access. eBook, ePub. Creative Commons.\",\"breadcrumb\":{\"@id\":\"https:\\\/\\\/www.ledizioni.it\\\/prodotto\\\/sociologia-del-diritto-li-2-2024\\\/#breadcrumb\"},\"inLanguage\":\"en-GB\",\"potentialAction\":[{\"@type\":\"ReadAction\",\"target\":[\"https:\\\/\\\/www.ledizioni.it\\\/prodotto\\\/sociologia-del-diritto-li-2-2024\\\/\"]}]},{\"@type\":\"ImageObject\",\"inLanguage\":\"en-GB\",\"@id\":\"https:\\\/\\\/www.ledizioni.it\\\/prodotto\\\/sociologia-del-diritto-li-2-2024\\\/#primaryimage\",\"url\":\"https:\\\/\\\/www.ledizioni.it\\\/stag\\\/wp-content\\\/uploads\\\/2025\\\/02\\\/Cover-issue-2.2024-3D.jpg\",\"contentUrl\":\"https:\\\/\\\/www.ledizioni.it\\\/stag\\\/wp-content\\\/uploads\\\/2025\\\/02\\\/Cover-issue-2.2024-3D.jpg\",\"width\":1468,\"height\":1932},{\"@type\":\"BreadcrumbList\",\"@id\":\"https:\\\/\\\/www.ledizioni.it\\\/prodotto\\\/sociologia-del-diritto-li-2-2024\\\/#breadcrumb\",\"itemListElement\":[{\"@type\":\"ListItem\",\"position\":1,\"name\":\"Shop\",\"item\":\"https:\\\/\\\/www.ledizioni.it\\\/shop-2\\\/\"},{\"@type\":\"ListItem\",\"position\":2,\"name\":\"SOCIOLOGIA DEL DIRITTO LI\\\/2\\\/2024\"}]},{\"@type\":\"WebSite\",\"@id\":\"https:\\\/\\\/www.ledizioni.it\\\/#website\",\"url\":\"https:\\\/\\\/www.ledizioni.it\\\/\",\"name\":\"Ledizioni\",\"description\":\"The Innovative LediPublishing Company - Casa Editrice Universitaria\",\"publisher\":{\"@id\":\"https:\\\/\\\/www.ledizioni.it\\\/#organization\"},\"potentialAction\":[{\"@type\":\"SearchAction\",\"target\":{\"@type\":\"EntryPoint\",\"urlTemplate\":\"https:\\\/\\\/www.ledizioni.it\\\/?s={search_term_string}\"},\"query-input\":{\"@type\":\"PropertyValueSpecification\",\"valueRequired\":true,\"valueName\":\"search_term_string\"}}],\"inLanguage\":\"en-GB\"},{\"@type\":\"Organization\",\"@id\":\"https:\\\/\\\/www.ledizioni.it\\\/#organization\",\"name\":\"Ledizioni\",\"url\":\"https:\\\/\\\/www.ledizioni.it\\\/\",\"logo\":{\"@type\":\"ImageObject\",\"inLanguage\":\"en-GB\",\"@id\":\"https:\\\/\\\/www.ledizioni.it\\\/#\\\/schema\\\/logo\\\/image\\\/\",\"url\":\"https:\\\/\\\/www.ledizioni.it\\\/stag\\\/wp-content\\\/uploads\\\/2023\\\/10\\\/newlogoledizioni500x110_2-1.jpg\",\"contentUrl\":\"https:\\\/\\\/www.ledizioni.it\\\/stag\\\/wp-content\\\/uploads\\\/2023\\\/10\\\/newlogoledizioni500x110_2-1.jpg\",\"width\":354,\"height\":87,\"caption\":\"Ledizioni\"},\"image\":{\"@id\":\"https:\\\/\\\/www.ledizioni.it\\\/#\\\/schema\\\/logo\\\/image\\\/\"},\"sameAs\":[\"https:\\\/\\\/www.facebook.com\\\/pages\\\/Ledizioni-LediPublishing\\\/109120559173329\",\"https:\\\/\\\/x.com\\\/ledizioni\"]}]}<\/script>\n<!-- \/ Yoast SEO plugin. -->","yoast_head_json":{"title":"SOCIOLOGIA DEL DIRITTO LI\/2\/2024 -","description":"Ledizioni - Innovative Publishing. Casa editrice universitaria. Open Access. eBook, ePub. Creative Commons.","robots":{"index":"index","follow":"follow","max-snippet":"max-snippet:-1","max-image-preview":"max-image-preview:large","max-video-preview":"max-video-preview:-1"},"canonical":"https:\/\/www.ledizioni.it\/en\/product\/sociologia-del-diritto-li-2-2024\/","og_locale":"en_GB","og_type":"article","og_title":"SOCIOLOGIA DEL DIRITTO LI\/2\/2024 -","og_description":"Ledizioni - Innovative Publishing. Casa editrice universitaria. Open Access. eBook, ePub. Creative Commons.","og_url":"https:\/\/www.ledizioni.it\/en\/product\/sociologia-del-diritto-li-2-2024\/","og_site_name":"Ledizioni","article_publisher":"https:\/\/www.facebook.com\/pages\/Ledizioni-LediPublishing\/109120559173329","article_modified_time":"2025-02-17T11:08:55+00:00","og_image":[{"width":1468,"height":1932,"url":"https:\/\/www.ledizioni.it\/stag\/wp-content\/uploads\/2025\/02\/Cover-issue-2.2024-3D.jpg","type":"image\/jpeg"}],"twitter_card":"summary_large_image","twitter_site":"@ledizioni","twitter_misc":{"Estimated reading time":"2 minutes"},"schema":{"@context":"https:\/\/schema.org","@graph":[{"@type":"WebPage","@id":"https:\/\/www.ledizioni.it\/prodotto\/sociologia-del-diritto-li-2-2024\/","url":"https:\/\/www.ledizioni.it\/prodotto\/sociologia-del-diritto-li-2-2024\/","name":"SOCIOLOGIA DEL DIRITTO LI\/2\/2024 -","isPartOf":{"@id":"https:\/\/www.ledizioni.it\/#website"},"primaryImageOfPage":{"@id":"https:\/\/www.ledizioni.it\/prodotto\/sociologia-del-diritto-li-2-2024\/#primaryimage"},"image":{"@id":"https:\/\/www.ledizioni.it\/prodotto\/sociologia-del-diritto-li-2-2024\/#primaryimage"},"thumbnailUrl":"https:\/\/www.ledizioni.it\/stag\/wp-content\/uploads\/2025\/02\/Cover-issue-2.2024-3D.jpg","datePublished":"2025-02-17T11:05:53+00:00","dateModified":"2025-02-17T11:08:55+00:00","description":"Ledizioni - Innovative Publishing. Casa editrice universitaria. Open Access. eBook, ePub. Creative Commons.","breadcrumb":{"@id":"https:\/\/www.ledizioni.it\/prodotto\/sociologia-del-diritto-li-2-2024\/#breadcrumb"},"inLanguage":"en-GB","potentialAction":[{"@type":"ReadAction","target":["https:\/\/www.ledizioni.it\/prodotto\/sociologia-del-diritto-li-2-2024\/"]}]},{"@type":"ImageObject","inLanguage":"en-GB","@id":"https:\/\/www.ledizioni.it\/prodotto\/sociologia-del-diritto-li-2-2024\/#primaryimage","url":"https:\/\/www.ledizioni.it\/stag\/wp-content\/uploads\/2025\/02\/Cover-issue-2.2024-3D.jpg","contentUrl":"https:\/\/www.ledizioni.it\/stag\/wp-content\/uploads\/2025\/02\/Cover-issue-2.2024-3D.jpg","width":1468,"height":1932},{"@type":"BreadcrumbList","@id":"https:\/\/www.ledizioni.it\/prodotto\/sociologia-del-diritto-li-2-2024\/#breadcrumb","itemListElement":[{"@type":"ListItem","position":1,"name":"Shop","item":"https:\/\/www.ledizioni.it\/shop-2\/"},{"@type":"ListItem","position":2,"name":"SOCIOLOGIA DEL DIRITTO LI\/2\/2024"}]},{"@type":"WebSite","@id":"https:\/\/www.ledizioni.it\/#website","url":"https:\/\/www.ledizioni.it\/","name":"Ledizioni","description":"The Innovative LediPublishing Company - Casa Editrice Universitaria","publisher":{"@id":"https:\/\/www.ledizioni.it\/#organization"},"potentialAction":[{"@type":"SearchAction","target":{"@type":"EntryPoint","urlTemplate":"https:\/\/www.ledizioni.it\/?s={search_term_string}"},"query-input":{"@type":"PropertyValueSpecification","valueRequired":true,"valueName":"search_term_string"}}],"inLanguage":"en-GB"},{"@type":"Organization","@id":"https:\/\/www.ledizioni.it\/#organization","name":"Ledizioni","url":"https:\/\/www.ledizioni.it\/","logo":{"@type":"ImageObject","inLanguage":"en-GB","@id":"https:\/\/www.ledizioni.it\/#\/schema\/logo\/image\/","url":"https:\/\/www.ledizioni.it\/stag\/wp-content\/uploads\/2023\/10\/newlogoledizioni500x110_2-1.jpg","contentUrl":"https:\/\/www.ledizioni.it\/stag\/wp-content\/uploads\/2023\/10\/newlogoledizioni500x110_2-1.jpg","width":354,"height":87,"caption":"Ledizioni"},"image":{"@id":"https:\/\/www.ledizioni.it\/#\/schema\/logo\/image\/"},"sameAs":["https:\/\/www.facebook.com\/pages\/Ledizioni-LediPublishing\/109120559173329","https:\/\/x.com\/ledizioni"]}]}},"jetpack_sharing_enabled":true,"_links":{"self":[{"href":"https:\/\/www.ledizioni.it\/en\/wp-json\/wp\/v2\/product\/73376","targetHints":{"allow":["GET"]}}],"collection":[{"href":"https:\/\/www.ledizioni.it\/en\/wp-json\/wp\/v2\/product"}],"about":[{"href":"https:\/\/www.ledizioni.it\/en\/wp-json\/wp\/v2\/types\/product"}],"replies":[{"embeddable":true,"href":"https:\/\/www.ledizioni.it\/en\/wp-json\/wp\/v2\/comments?post=73376"}],"version-history":[{"count":2,"href":"https:\/\/www.ledizioni.it\/en\/wp-json\/wp\/v2\/product\/73376\/revisions"}],"predecessor-version":[{"id":78443,"href":"https:\/\/www.ledizioni.it\/en\/wp-json\/wp\/v2\/product\/73376\/revisions\/78443"}],"wp:featuredmedia":[{"embeddable":true,"href":"https:\/\/www.ledizioni.it\/en\/wp-json\/wp\/v2\/media\/73380"}],"wp:attachment":[{"href":"https:\/\/www.ledizioni.it\/en\/wp-json\/wp\/v2\/media?parent=73376"}],"wp:term":[{"taxonomy":"product_brand","embeddable":true,"href":"https:\/\/www.ledizioni.it\/en\/wp-json\/wp\/v2\/product_brand?post=73376"},{"taxonomy":"product_cat","embeddable":true,"href":"https:\/\/www.ledizioni.it\/en\/wp-json\/wp\/v2\/product_cat?post=73376"},{"taxonomy":"product_tag","embeddable":true,"href":"https:\/\/www.ledizioni.it\/en\/wp-json\/wp\/v2\/product_tag?post=73376"}],"curies":[{"name":"wp","href":"https:\/\/api.w.org\/{rel}","templated":true}]}}