{"id":73484,"date":"2025-02-21T00:00:00","date_gmt":"2025-02-20T22:00:00","guid":{"rendered":"https:\/\/www.ledizioni.it\/?post_type=product&#038;p=73484"},"modified":"2025-02-21T13:42:13","modified_gmt":"2025-02-21T11:42:13","slug":"rapporto-ispi-2025-lora-della-verita","status":"publish","type":"product","link":"https:\/\/www.ledizioni.it\/en\/product\/rapporto-ispi-2025-lora-della-verita\/","title":{"rendered":"RAPPORTO ISPI 2025. L&#8217;ORA DELLA VERIT\u00c0"},"content":{"rendered":"<p style=\"text-align: justify;\">Dagli Stati Uniti di Trump alla Cina di Xi, dal conflitto in Ucraina a quelli (incrociati) in Medio Oriente, non c&#8217;\u00e8 dubbio che per molti attori internazionali sia sempre pi\u00f9 vicina &#8220;l\u2019ora della verit\u00e0&#8221;. Trump \u00e8 gi\u00e0 all\u2019opera, ma quanto potr\u00e0 davvero continuare a fare il disrupter-in-chief? Con quali conseguenze sull\u2019ordine internazionale e sui principali alleati e avversari degli Stati Uniti? E con il fragile cessate il fuoco a Gaza \u00e8 scoccata l\u2019ora della verit\u00e0 anche per il governo Netanyahu e per Hamas?<br \/>\n\u00c8, d\u2019altronde, l\u2019ora della verit\u00e0 anche per l\u2019Europa. In un contesto segnato da crisi internazionali, appuntamenti elettorali nazionali (in Germania) e ricorrenti crisi politiche (in Francia), i governi nazionali e una Commissione europea appena entrata in carica dovranno andare alla ricerca di risposte condivise su difesa, sicurezza economica e transizione verde.<br \/>\nDi tutte queste \u201core della verit\u00e0\u201d parla il Rapporto ISPI 2025 con cui puntiamo a offrire, una volta di pi\u00f9, una bussola per un mondo che cambia.<\/p>\n<hr \/>\n<p><strong>DATI BIBLIOGRAFICI<\/strong><br \/>\nA cura di: Alessandro Colombo, Paolo Magri<br \/>\nEditore: Ledizioni<br \/>\nPubblicato nel: febbraio 2025<br \/>\nCollana: <a href=\"https:\/\/www.ledizioni.it\/en\/product-category\/politica\/pubblicazioni-ispi\/\">Pubblicazioni ISPI<\/a><br \/>\nFormato: brossura con alette, 216 p. &#8211; ePub<br \/>\nISBN cartaceo: 9791256003303<br \/>\nISBN ePub: 9791256003310<br \/>\nPrezzo cartaceo: 15,00 \u20ac<br \/>\nPrezzo ePub: 6,99 \u20ac<\/p>","protected":false},"excerpt":{"rendered":"<p>Dagli Stati Uniti di Trump alla Cina di Xi, dal conflitto in Ucraina a quelli (incrociati) in Medio Oriente, non<\/p>","protected":false},"featured_media":73681,"comment_status":"closed","ping_status":"closed","template":"","meta":{"_acf_changed":false},"product_brand":[],"product_cat":[1345],"product_tag":[3229,987,2405,2803,3228,3033],"class_list":{"0":"post-73484","1":"product","2":"type-product","3":"status-publish","4":"has-post-thumbnail","6":"product_cat-pubblicazioni-ispi","7":"product_tag-crisi","8":"product_tag-europa","9":"product_tag-geopolitica","10":"product_tag-ispi","11":"product_tag-mondo","12":"product_tag-usa","13":"pa_formato-cartaceo","14":"pa_formato-ebook-in-epub","16":"first","17":"instock","18":"shipping-taxable","19":"purchasable","20":"product-type-variable"},"acf":[],"yoast_head":"<!-- This site is optimized with the Yoast SEO plugin v27.3 - https:\/\/yoast.com\/product\/yoast-seo-wordpress\/ -->\n<title>RAPPORTO ISPI 2025. L&#039;ORA DELLA VERIT\u00c0 -<\/title>\n<meta name=\"description\" content=\"Ledizioni - Innovative Publishing. Casa editrice universitaria. Open Access. eBook, ePub. Creative Commons.\" \/>\n<meta name=\"robots\" content=\"index, follow, max-snippet:-1, max-image-preview:large, max-video-preview:-1\" \/>\n<link rel=\"canonical\" href=\"https:\/\/www.ledizioni.it\/en\/product\/rapporto-ispi-2025-lora-della-verita\/\" \/>\n<meta property=\"og:locale\" content=\"en_GB\" \/>\n<meta property=\"og:type\" content=\"article\" \/>\n<meta property=\"og:title\" content=\"RAPPORTO ISPI 2025. L&#039;ORA DELLA VERIT\u00c0 -\" \/>\n<meta property=\"og:description\" content=\"Ledizioni - Innovative Publishing. Casa editrice universitaria. Open Access. eBook, ePub. Creative Commons.\" \/>\n<meta property=\"og:url\" content=\"https:\/\/www.ledizioni.it\/en\/product\/rapporto-ispi-2025-lora-della-verita\/\" \/>\n<meta property=\"og:site_name\" content=\"Ledizioni\" \/>\n<meta property=\"article:publisher\" content=\"https:\/\/www.facebook.com\/pages\/Ledizioni-LediPublishing\/109120559173329\" \/>\n<meta property=\"article:modified_time\" content=\"2025-02-21T11:42:13+00:00\" \/>\n<meta property=\"og:image\" content=\"https:\/\/www.ledizioni.it\/stag\/wp-content\/uploads\/2025\/02\/Cover-Report-2025-ITA-3D.jpg\" \/>\n\t<meta property=\"og:image:width\" content=\"1504\" \/>\n\t<meta property=\"og:image:height\" content=\"1956\" \/>\n\t<meta property=\"og:image:type\" content=\"image\/jpeg\" \/>\n<meta name=\"twitter:card\" content=\"summary_large_image\" \/>\n<meta name=\"twitter:site\" content=\"@ledizioni\" \/>\n<meta name=\"twitter:label1\" content=\"Estimated reading time\" \/>\n\t<meta name=\"twitter:data1\" content=\"2 minutes\" \/>\n<script type=\"application\/ld+json\" class=\"yoast-schema-graph\">{\"@context\":\"https:\\\/\\\/schema.org\",\"@graph\":[{\"@type\":\"WebPage\",\"@id\":\"https:\\\/\\\/www.ledizioni.it\\\/prodotto\\\/rapporto-ispi-2025-lora-della-verita\\\/\",\"url\":\"https:\\\/\\\/www.ledizioni.it\\\/prodotto\\\/rapporto-ispi-2025-lora-della-verita\\\/\",\"name\":\"RAPPORTO ISPI 2025. L'ORA DELLA VERIT\u00c0 -\",\"isPartOf\":{\"@id\":\"https:\\\/\\\/www.ledizioni.it\\\/#website\"},\"primaryImageOfPage\":{\"@id\":\"https:\\\/\\\/www.ledizioni.it\\\/prodotto\\\/rapporto-ispi-2025-lora-della-verita\\\/#primaryimage\"},\"image\":{\"@id\":\"https:\\\/\\\/www.ledizioni.it\\\/prodotto\\\/rapporto-ispi-2025-lora-della-verita\\\/#primaryimage\"},\"thumbnailUrl\":\"https:\\\/\\\/www.ledizioni.it\\\/stag\\\/wp-content\\\/uploads\\\/2025\\\/02\\\/Cover-Report-2025-ITA-3D.jpg\",\"datePublished\":\"2025-02-20T22:00:00+00:00\",\"dateModified\":\"2025-02-21T11:42:13+00:00\",\"description\":\"Ledizioni - Innovative Publishing. Casa editrice universitaria. Open Access. eBook, ePub. Creative Commons.\",\"breadcrumb\":{\"@id\":\"https:\\\/\\\/www.ledizioni.it\\\/prodotto\\\/rapporto-ispi-2025-lora-della-verita\\\/#breadcrumb\"},\"inLanguage\":\"en-GB\",\"potentialAction\":[{\"@type\":\"ReadAction\",\"target\":[\"https:\\\/\\\/www.ledizioni.it\\\/prodotto\\\/rapporto-ispi-2025-lora-della-verita\\\/\"]}]},{\"@type\":\"ImageObject\",\"inLanguage\":\"en-GB\",\"@id\":\"https:\\\/\\\/www.ledizioni.it\\\/prodotto\\\/rapporto-ispi-2025-lora-della-verita\\\/#primaryimage\",\"url\":\"https:\\\/\\\/www.ledizioni.it\\\/stag\\\/wp-content\\\/uploads\\\/2025\\\/02\\\/Cover-Report-2025-ITA-3D.jpg\",\"contentUrl\":\"https:\\\/\\\/www.ledizioni.it\\\/stag\\\/wp-content\\\/uploads\\\/2025\\\/02\\\/Cover-Report-2025-ITA-3D.jpg\",\"width\":1504,\"height\":1956},{\"@type\":\"BreadcrumbList\",\"@id\":\"https:\\\/\\\/www.ledizioni.it\\\/prodotto\\\/rapporto-ispi-2025-lora-della-verita\\\/#breadcrumb\",\"itemListElement\":[{\"@type\":\"ListItem\",\"position\":1,\"name\":\"Shop\",\"item\":\"https:\\\/\\\/www.ledizioni.it\\\/shop-2\\\/\"},{\"@type\":\"ListItem\",\"position\":2,\"name\":\"RAPPORTO ISPI 2025. L&#8217;ORA DELLA VERIT\u00c0\"}]},{\"@type\":\"WebSite\",\"@id\":\"https:\\\/\\\/www.ledizioni.it\\\/#website\",\"url\":\"https:\\\/\\\/www.ledizioni.it\\\/\",\"name\":\"Ledizioni\",\"description\":\"The Innovative LediPublishing Company - Casa Editrice Universitaria\",\"publisher\":{\"@id\":\"https:\\\/\\\/www.ledizioni.it\\\/#organization\"},\"potentialAction\":[{\"@type\":\"SearchAction\",\"target\":{\"@type\":\"EntryPoint\",\"urlTemplate\":\"https:\\\/\\\/www.ledizioni.it\\\/?s={search_term_string}\"},\"query-input\":{\"@type\":\"PropertyValueSpecification\",\"valueRequired\":true,\"valueName\":\"search_term_string\"}}],\"inLanguage\":\"en-GB\"},{\"@type\":\"Organization\",\"@id\":\"https:\\\/\\\/www.ledizioni.it\\\/#organization\",\"name\":\"Ledizioni\",\"url\":\"https:\\\/\\\/www.ledizioni.it\\\/\",\"logo\":{\"@type\":\"ImageObject\",\"inLanguage\":\"en-GB\",\"@id\":\"https:\\\/\\\/www.ledizioni.it\\\/#\\\/schema\\\/logo\\\/image\\\/\",\"url\":\"https:\\\/\\\/www.ledizioni.it\\\/stag\\\/wp-content\\\/uploads\\\/2023\\\/10\\\/newlogoledizioni500x110_2-1.jpg\",\"contentUrl\":\"https:\\\/\\\/www.ledizioni.it\\\/stag\\\/wp-content\\\/uploads\\\/2023\\\/10\\\/newlogoledizioni500x110_2-1.jpg\",\"width\":354,\"height\":87,\"caption\":\"Ledizioni\"},\"image\":{\"@id\":\"https:\\\/\\\/www.ledizioni.it\\\/#\\\/schema\\\/logo\\\/image\\\/\"},\"sameAs\":[\"https:\\\/\\\/www.facebook.com\\\/pages\\\/Ledizioni-LediPublishing\\\/109120559173329\",\"https:\\\/\\\/x.com\\\/ledizioni\"]}]}<\/script>\n<!-- \/ Yoast SEO plugin. -->","yoast_head_json":{"title":"RAPPORTO ISPI 2025. L'ORA DELLA VERIT\u00c0 -","description":"Ledizioni - Innovative Publishing. Casa editrice universitaria. Open Access. eBook, ePub. Creative Commons.","robots":{"index":"index","follow":"follow","max-snippet":"max-snippet:-1","max-image-preview":"max-image-preview:large","max-video-preview":"max-video-preview:-1"},"canonical":"https:\/\/www.ledizioni.it\/en\/product\/rapporto-ispi-2025-lora-della-verita\/","og_locale":"en_GB","og_type":"article","og_title":"RAPPORTO ISPI 2025. L'ORA DELLA VERIT\u00c0 -","og_description":"Ledizioni - Innovative Publishing. Casa editrice universitaria. Open Access. eBook, ePub. Creative Commons.","og_url":"https:\/\/www.ledizioni.it\/en\/product\/rapporto-ispi-2025-lora-della-verita\/","og_site_name":"Ledizioni","article_publisher":"https:\/\/www.facebook.com\/pages\/Ledizioni-LediPublishing\/109120559173329","article_modified_time":"2025-02-21T11:42:13+00:00","og_image":[{"width":1504,"height":1956,"url":"https:\/\/www.ledizioni.it\/stag\/wp-content\/uploads\/2025\/02\/Cover-Report-2025-ITA-3D.jpg","type":"image\/jpeg"}],"twitter_card":"summary_large_image","twitter_site":"@ledizioni","twitter_misc":{"Estimated reading time":"2 minutes"},"schema":{"@context":"https:\/\/schema.org","@graph":[{"@type":"WebPage","@id":"https:\/\/www.ledizioni.it\/prodotto\/rapporto-ispi-2025-lora-della-verita\/","url":"https:\/\/www.ledizioni.it\/prodotto\/rapporto-ispi-2025-lora-della-verita\/","name":"RAPPORTO ISPI 2025. L'ORA DELLA VERIT\u00c0 -","isPartOf":{"@id":"https:\/\/www.ledizioni.it\/#website"},"primaryImageOfPage":{"@id":"https:\/\/www.ledizioni.it\/prodotto\/rapporto-ispi-2025-lora-della-verita\/#primaryimage"},"image":{"@id":"https:\/\/www.ledizioni.it\/prodotto\/rapporto-ispi-2025-lora-della-verita\/#primaryimage"},"thumbnailUrl":"https:\/\/www.ledizioni.it\/stag\/wp-content\/uploads\/2025\/02\/Cover-Report-2025-ITA-3D.jpg","datePublished":"2025-02-20T22:00:00+00:00","dateModified":"2025-02-21T11:42:13+00:00","description":"Ledizioni - Innovative Publishing. Casa editrice universitaria. Open Access. eBook, ePub. Creative Commons.","breadcrumb":{"@id":"https:\/\/www.ledizioni.it\/prodotto\/rapporto-ispi-2025-lora-della-verita\/#breadcrumb"},"inLanguage":"en-GB","potentialAction":[{"@type":"ReadAction","target":["https:\/\/www.ledizioni.it\/prodotto\/rapporto-ispi-2025-lora-della-verita\/"]}]},{"@type":"ImageObject","inLanguage":"en-GB","@id":"https:\/\/www.ledizioni.it\/prodotto\/rapporto-ispi-2025-lora-della-verita\/#primaryimage","url":"https:\/\/www.ledizioni.it\/stag\/wp-content\/uploads\/2025\/02\/Cover-Report-2025-ITA-3D.jpg","contentUrl":"https:\/\/www.ledizioni.it\/stag\/wp-content\/uploads\/2025\/02\/Cover-Report-2025-ITA-3D.jpg","width":1504,"height":1956},{"@type":"BreadcrumbList","@id":"https:\/\/www.ledizioni.it\/prodotto\/rapporto-ispi-2025-lora-della-verita\/#breadcrumb","itemListElement":[{"@type":"ListItem","position":1,"name":"Shop","item":"https:\/\/www.ledizioni.it\/shop-2\/"},{"@type":"ListItem","position":2,"name":"RAPPORTO ISPI 2025. L&#8217;ORA DELLA VERIT\u00c0"}]},{"@type":"WebSite","@id":"https:\/\/www.ledizioni.it\/#website","url":"https:\/\/www.ledizioni.it\/","name":"Ledizioni","description":"The Innovative LediPublishing Company - Casa Editrice Universitaria","publisher":{"@id":"https:\/\/www.ledizioni.it\/#organization"},"potentialAction":[{"@type":"SearchAction","target":{"@type":"EntryPoint","urlTemplate":"https:\/\/www.ledizioni.it\/?s={search_term_string}"},"query-input":{"@type":"PropertyValueSpecification","valueRequired":true,"valueName":"search_term_string"}}],"inLanguage":"en-GB"},{"@type":"Organization","@id":"https:\/\/www.ledizioni.it\/#organization","name":"Ledizioni","url":"https:\/\/www.ledizioni.it\/","logo":{"@type":"ImageObject","inLanguage":"en-GB","@id":"https:\/\/www.ledizioni.it\/#\/schema\/logo\/image\/","url":"https:\/\/www.ledizioni.it\/stag\/wp-content\/uploads\/2023\/10\/newlogoledizioni500x110_2-1.jpg","contentUrl":"https:\/\/www.ledizioni.it\/stag\/wp-content\/uploads\/2023\/10\/newlogoledizioni500x110_2-1.jpg","width":354,"height":87,"caption":"Ledizioni"},"image":{"@id":"https:\/\/www.ledizioni.it\/#\/schema\/logo\/image\/"},"sameAs":["https:\/\/www.facebook.com\/pages\/Ledizioni-LediPublishing\/109120559173329","https:\/\/x.com\/ledizioni"]}]}},"jetpack_sharing_enabled":true,"_links":{"self":[{"href":"https:\/\/www.ledizioni.it\/en\/wp-json\/wp\/v2\/product\/73484","targetHints":{"allow":["GET"]}}],"collection":[{"href":"https:\/\/www.ledizioni.it\/en\/wp-json\/wp\/v2\/product"}],"about":[{"href":"https:\/\/www.ledizioni.it\/en\/wp-json\/wp\/v2\/types\/product"}],"replies":[{"embeddable":true,"href":"https:\/\/www.ledizioni.it\/en\/wp-json\/wp\/v2\/comments?post=73484"}],"version-history":[{"count":2,"href":"https:\/\/www.ledizioni.it\/en\/wp-json\/wp\/v2\/product\/73484\/revisions"}],"predecessor-version":[{"id":73686,"href":"https:\/\/www.ledizioni.it\/en\/wp-json\/wp\/v2\/product\/73484\/revisions\/73686"}],"wp:featuredmedia":[{"embeddable":true,"href":"https:\/\/www.ledizioni.it\/en\/wp-json\/wp\/v2\/media\/73681"}],"wp:attachment":[{"href":"https:\/\/www.ledizioni.it\/en\/wp-json\/wp\/v2\/media?parent=73484"}],"wp:term":[{"taxonomy":"product_brand","embeddable":true,"href":"https:\/\/www.ledizioni.it\/en\/wp-json\/wp\/v2\/product_brand?post=73484"},{"taxonomy":"product_cat","embeddable":true,"href":"https:\/\/www.ledizioni.it\/en\/wp-json\/wp\/v2\/product_cat?post=73484"},{"taxonomy":"product_tag","embeddable":true,"href":"https:\/\/www.ledizioni.it\/en\/wp-json\/wp\/v2\/product_tag?post=73484"}],"curies":[{"name":"wp","href":"https:\/\/api.w.org\/{rel}","templated":true}]}}