{"id":73513,"date":"2025-02-20T12:40:36","date_gmt":"2025-02-20T10:40:36","guid":{"rendered":"https:\/\/www.ledizioni.it\/?post_type=product&#038;p=73513"},"modified":"2025-02-20T12:46:16","modified_gmt":"2025-02-20T10:46:16","slug":"antropologia-nuova-serie-vol-11-n-2-2024","status":"publish","type":"product","link":"https:\/\/www.ledizioni.it\/en\/product\/antropologia-nuova-serie-vol-11-n-2-2024\/","title":{"rendered":"Antropologia, nuova serie &#8211; Vol. 11, N.2, 2024"},"content":{"rendered":"<p style=\"text-align: justify;\"><em><strong>Special Focus. Relazionalit\u00e0 contemporanee: tra normativit\u00e0 e trasgressioni<br \/>\n<\/strong><\/em><\/p>\n<ul>\n<li style=\"text-align: justify;\">Simonetta Grilli e Claudia Mattalucci, <em>Introduzione. Relazionalit\u00e0 contemporanee: tra normativit\u00e0 e trasgressioni<br \/>\n<\/em><\/li>\n<li style=\"text-align: justify;\">Marco Gardini, <em>Violare le interdizioni statutarie: un\u2019etnografia delle unioni \u201cproibite\u201d sugli altipiani del Madagascar<\/em><\/li>\n<li style=\"text-align: justify;\">Maria Carolina Vesce, <em>Relazionalit\u00e0 parentale e soggetti fuori norma: riflessioni a partire dalle esperienze delle fa\u2019afafine samoane<\/em><\/li>\n<li style=\"text-align: justify;\">Francesca Scarselli, <em>\u201cMa suo marito dove \u00e8?\u201d Connessioni \u201cmatrifocalizzanti\u201d fra le maglie della diaspora somala<\/em><\/li>\n<li style=\"text-align: justify;\">Corinna Guerzoni, <em>Embrioni, gravidanze e trasgressioni: un\u2019analisi comparativa delle rappresentazioni sociali di surrogacy ed embriodonazione in Italia<\/em><\/li>\n<li style=\"text-align: justify;\">Paola Sacchi, <em>\u201cMamme NO PFAS\u201d: concezioni della genitorialit\u00e0 e della riproduzione in un contesto di vita alterata dalla contaminazione chimica<\/em><\/li>\n<li style=\"text-align: justify;\">Rossana Di Silvio, <em>Affetti, trasgressioni e resistenza tra ragazze, ragazzi e famiglie in tempi di crisi (Gallura, Sardegna)<\/em><\/li>\n<\/ul>\n<p>ARTICOLI<\/p>\n<ul>\n<li>Federica My, <em>Danzare il potere a Porto-Novo: l\u2019<\/em>adj\u00f2g\u00e0n<em> tra Corte reale e Chiesa cattolica<\/em><\/li>\n<\/ul>\n<p>RECENSIONI<\/p>\n<p>&nbsp;<\/p>\n<p style=\"text-align: justify;\"><strong>RIFERIMENTI BIBLIOGRAFICI<\/strong><br \/>\nISSN: 2281-4043<br \/>\nPrezzo cartaceo: 25,00\u00a0\u20ac<\/p>\n<p><a href=\"https:\/\/www.ledijournals.com\/ojs\/index.php\/antropologia\/index\">Rivista Open Access<\/a><br \/>\nPer abbonamenti: riviste@internationalbookseller.com<\/p>","protected":false},"excerpt":{"rendered":"<p>Special Focus. Relazionalit\u00e0 contemporanee: tra normativit\u00e0 e trasgressioni Simonetta Grilli e Claudia Mattalucci, Introduzione. Relazionalit\u00e0 contemporanee: tra normativit\u00e0 e trasgressioni<\/p>","protected":false},"featured_media":73514,"comment_status":"open","ping_status":"closed","template":"","meta":{"_acf_changed":false},"product_brand":[],"product_cat":[14],"product_tag":[2645],"class_list":{"0":"post-73513","1":"product","2":"type-product","3":"status-publish","4":"has-post-thumbnail","6":"product_cat-yearbook-of-anthropology","7":"product_tag-antropologia","8":"pa_formato-cartaceo","9":"pa_lingua-inglese","11":"first","12":"instock","13":"featured","14":"shipping-taxable","15":"purchasable","16":"product-type-simple"},"acf":[],"yoast_head":"<!-- This site is optimized with the Yoast SEO plugin v27.3 - https:\/\/yoast.com\/product\/yoast-seo-wordpress\/ -->\n<title>Antropologia, nuova serie - Vol. 11, N.2, 2024 -<\/title>\n<meta name=\"description\" content=\"Ledizioni - Innovative Publishing. Casa editrice universitaria. Open Access. eBook, ePub. Creative Commons.\" \/>\n<meta name=\"robots\" content=\"index, follow, max-snippet:-1, max-image-preview:large, max-video-preview:-1\" \/>\n<link rel=\"canonical\" href=\"https:\/\/www.ledizioni.it\/en\/product\/antropologia-nuova-serie-vol-11-n-2-2024\/\" \/>\n<meta property=\"og:locale\" content=\"en_GB\" \/>\n<meta property=\"og:type\" content=\"article\" \/>\n<meta property=\"og:title\" content=\"Antropologia, nuova serie - Vol. 11, N.2, 2024 -\" \/>\n<meta property=\"og:description\" content=\"Ledizioni - Innovative Publishing. Casa editrice universitaria. Open Access. eBook, ePub. Creative Commons.\" \/>\n<meta property=\"og:url\" content=\"https:\/\/www.ledizioni.it\/en\/product\/antropologia-nuova-serie-vol-11-n-2-2024\/\" \/>\n<meta property=\"og:site_name\" content=\"Ledizioni\" \/>\n<meta property=\"article:publisher\" content=\"https:\/\/www.facebook.com\/pages\/Ledizioni-LediPublishing\/109120559173329\" \/>\n<meta property=\"article:modified_time\" content=\"2025-02-20T10:46:16+00:00\" \/>\n<meta property=\"og:image\" content=\"https:\/\/www.ledizioni.it\/stag\/wp-content\/uploads\/2025\/02\/Antro_copertina11.2-3D.jpg\" \/>\n\t<meta property=\"og:image:width\" content=\"1504\" \/>\n\t<meta property=\"og:image:height\" content=\"1950\" \/>\n\t<meta property=\"og:image:type\" content=\"image\/jpeg\" \/>\n<meta name=\"twitter:card\" content=\"summary_large_image\" \/>\n<meta name=\"twitter:site\" content=\"@ledizioni\" \/>\n<meta name=\"twitter:label1\" content=\"Estimated reading time\" \/>\n\t<meta name=\"twitter:data1\" content=\"2 minutes\" \/>\n<script type=\"application\/ld+json\" class=\"yoast-schema-graph\">{\"@context\":\"https:\\\/\\\/schema.org\",\"@graph\":[{\"@type\":\"WebPage\",\"@id\":\"https:\\\/\\\/www.ledizioni.it\\\/prodotto\\\/antropologia-nuova-serie-vol-11-n-2-2024\\\/\",\"url\":\"https:\\\/\\\/www.ledizioni.it\\\/prodotto\\\/antropologia-nuova-serie-vol-11-n-2-2024\\\/\",\"name\":\"Antropologia, nuova serie - Vol. 11, N.2, 2024 -\",\"isPartOf\":{\"@id\":\"https:\\\/\\\/www.ledizioni.it\\\/#website\"},\"primaryImageOfPage\":{\"@id\":\"https:\\\/\\\/www.ledizioni.it\\\/prodotto\\\/antropologia-nuova-serie-vol-11-n-2-2024\\\/#primaryimage\"},\"image\":{\"@id\":\"https:\\\/\\\/www.ledizioni.it\\\/prodotto\\\/antropologia-nuova-serie-vol-11-n-2-2024\\\/#primaryimage\"},\"thumbnailUrl\":\"https:\\\/\\\/www.ledizioni.it\\\/stag\\\/wp-content\\\/uploads\\\/2025\\\/02\\\/Antro_copertina11.2-3D.jpg\",\"datePublished\":\"2025-02-20T10:40:36+00:00\",\"dateModified\":\"2025-02-20T10:46:16+00:00\",\"description\":\"Ledizioni - Innovative Publishing. Casa editrice universitaria. Open Access. eBook, ePub. Creative Commons.\",\"breadcrumb\":{\"@id\":\"https:\\\/\\\/www.ledizioni.it\\\/prodotto\\\/antropologia-nuova-serie-vol-11-n-2-2024\\\/#breadcrumb\"},\"inLanguage\":\"en-GB\",\"potentialAction\":[{\"@type\":\"ReadAction\",\"target\":[\"https:\\\/\\\/www.ledizioni.it\\\/prodotto\\\/antropologia-nuova-serie-vol-11-n-2-2024\\\/\"]}]},{\"@type\":\"ImageObject\",\"inLanguage\":\"en-GB\",\"@id\":\"https:\\\/\\\/www.ledizioni.it\\\/prodotto\\\/antropologia-nuova-serie-vol-11-n-2-2024\\\/#primaryimage\",\"url\":\"https:\\\/\\\/www.ledizioni.it\\\/stag\\\/wp-content\\\/uploads\\\/2025\\\/02\\\/Antro_copertina11.2-3D.jpg\",\"contentUrl\":\"https:\\\/\\\/www.ledizioni.it\\\/stag\\\/wp-content\\\/uploads\\\/2025\\\/02\\\/Antro_copertina11.2-3D.jpg\",\"width\":1504,\"height\":1950},{\"@type\":\"BreadcrumbList\",\"@id\":\"https:\\\/\\\/www.ledizioni.it\\\/prodotto\\\/antropologia-nuova-serie-vol-11-n-2-2024\\\/#breadcrumb\",\"itemListElement\":[{\"@type\":\"ListItem\",\"position\":1,\"name\":\"Shop\",\"item\":\"https:\\\/\\\/www.ledizioni.it\\\/shop-2\\\/\"},{\"@type\":\"ListItem\",\"position\":2,\"name\":\"Antropologia, nuova serie &#8211; Vol. 11, N.2, 2024\"}]},{\"@type\":\"WebSite\",\"@id\":\"https:\\\/\\\/www.ledizioni.it\\\/#website\",\"url\":\"https:\\\/\\\/www.ledizioni.it\\\/\",\"name\":\"Ledizioni\",\"description\":\"The Innovative LediPublishing Company - Casa Editrice Universitaria\",\"publisher\":{\"@id\":\"https:\\\/\\\/www.ledizioni.it\\\/#organization\"},\"potentialAction\":[{\"@type\":\"SearchAction\",\"target\":{\"@type\":\"EntryPoint\",\"urlTemplate\":\"https:\\\/\\\/www.ledizioni.it\\\/?s={search_term_string}\"},\"query-input\":{\"@type\":\"PropertyValueSpecification\",\"valueRequired\":true,\"valueName\":\"search_term_string\"}}],\"inLanguage\":\"en-GB\"},{\"@type\":\"Organization\",\"@id\":\"https:\\\/\\\/www.ledizioni.it\\\/#organization\",\"name\":\"Ledizioni\",\"url\":\"https:\\\/\\\/www.ledizioni.it\\\/\",\"logo\":{\"@type\":\"ImageObject\",\"inLanguage\":\"en-GB\",\"@id\":\"https:\\\/\\\/www.ledizioni.it\\\/#\\\/schema\\\/logo\\\/image\\\/\",\"url\":\"https:\\\/\\\/www.ledizioni.it\\\/stag\\\/wp-content\\\/uploads\\\/2023\\\/10\\\/newlogoledizioni500x110_2-1.jpg\",\"contentUrl\":\"https:\\\/\\\/www.ledizioni.it\\\/stag\\\/wp-content\\\/uploads\\\/2023\\\/10\\\/newlogoledizioni500x110_2-1.jpg\",\"width\":354,\"height\":87,\"caption\":\"Ledizioni\"},\"image\":{\"@id\":\"https:\\\/\\\/www.ledizioni.it\\\/#\\\/schema\\\/logo\\\/image\\\/\"},\"sameAs\":[\"https:\\\/\\\/www.facebook.com\\\/pages\\\/Ledizioni-LediPublishing\\\/109120559173329\",\"https:\\\/\\\/x.com\\\/ledizioni\"]}]}<\/script>\n<!-- \/ Yoast SEO plugin. -->","yoast_head_json":{"title":"Antropologia, nuova serie - Vol. 11, N.2, 2024 -","description":"Ledizioni - Innovative Publishing. Casa editrice universitaria. Open Access. eBook, ePub. Creative Commons.","robots":{"index":"index","follow":"follow","max-snippet":"max-snippet:-1","max-image-preview":"max-image-preview:large","max-video-preview":"max-video-preview:-1"},"canonical":"https:\/\/www.ledizioni.it\/en\/product\/antropologia-nuova-serie-vol-11-n-2-2024\/","og_locale":"en_GB","og_type":"article","og_title":"Antropologia, nuova serie - Vol. 11, N.2, 2024 -","og_description":"Ledizioni - Innovative Publishing. Casa editrice universitaria. Open Access. eBook, ePub. Creative Commons.","og_url":"https:\/\/www.ledizioni.it\/en\/product\/antropologia-nuova-serie-vol-11-n-2-2024\/","og_site_name":"Ledizioni","article_publisher":"https:\/\/www.facebook.com\/pages\/Ledizioni-LediPublishing\/109120559173329","article_modified_time":"2025-02-20T10:46:16+00:00","og_image":[{"width":1504,"height":1950,"url":"https:\/\/www.ledizioni.it\/stag\/wp-content\/uploads\/2025\/02\/Antro_copertina11.2-3D.jpg","type":"image\/jpeg"}],"twitter_card":"summary_large_image","twitter_site":"@ledizioni","twitter_misc":{"Estimated reading time":"2 minutes"},"schema":{"@context":"https:\/\/schema.org","@graph":[{"@type":"WebPage","@id":"https:\/\/www.ledizioni.it\/prodotto\/antropologia-nuova-serie-vol-11-n-2-2024\/","url":"https:\/\/www.ledizioni.it\/prodotto\/antropologia-nuova-serie-vol-11-n-2-2024\/","name":"Antropologia, nuova serie - Vol. 11, N.2, 2024 -","isPartOf":{"@id":"https:\/\/www.ledizioni.it\/#website"},"primaryImageOfPage":{"@id":"https:\/\/www.ledizioni.it\/prodotto\/antropologia-nuova-serie-vol-11-n-2-2024\/#primaryimage"},"image":{"@id":"https:\/\/www.ledizioni.it\/prodotto\/antropologia-nuova-serie-vol-11-n-2-2024\/#primaryimage"},"thumbnailUrl":"https:\/\/www.ledizioni.it\/stag\/wp-content\/uploads\/2025\/02\/Antro_copertina11.2-3D.jpg","datePublished":"2025-02-20T10:40:36+00:00","dateModified":"2025-02-20T10:46:16+00:00","description":"Ledizioni - Innovative Publishing. Casa editrice universitaria. Open Access. eBook, ePub. Creative Commons.","breadcrumb":{"@id":"https:\/\/www.ledizioni.it\/prodotto\/antropologia-nuova-serie-vol-11-n-2-2024\/#breadcrumb"},"inLanguage":"en-GB","potentialAction":[{"@type":"ReadAction","target":["https:\/\/www.ledizioni.it\/prodotto\/antropologia-nuova-serie-vol-11-n-2-2024\/"]}]},{"@type":"ImageObject","inLanguage":"en-GB","@id":"https:\/\/www.ledizioni.it\/prodotto\/antropologia-nuova-serie-vol-11-n-2-2024\/#primaryimage","url":"https:\/\/www.ledizioni.it\/stag\/wp-content\/uploads\/2025\/02\/Antro_copertina11.2-3D.jpg","contentUrl":"https:\/\/www.ledizioni.it\/stag\/wp-content\/uploads\/2025\/02\/Antro_copertina11.2-3D.jpg","width":1504,"height":1950},{"@type":"BreadcrumbList","@id":"https:\/\/www.ledizioni.it\/prodotto\/antropologia-nuova-serie-vol-11-n-2-2024\/#breadcrumb","itemListElement":[{"@type":"ListItem","position":1,"name":"Shop","item":"https:\/\/www.ledizioni.it\/shop-2\/"},{"@type":"ListItem","position":2,"name":"Antropologia, nuova serie &#8211; Vol. 11, N.2, 2024"}]},{"@type":"WebSite","@id":"https:\/\/www.ledizioni.it\/#website","url":"https:\/\/www.ledizioni.it\/","name":"Ledizioni","description":"The Innovative LediPublishing Company - Casa Editrice Universitaria","publisher":{"@id":"https:\/\/www.ledizioni.it\/#organization"},"potentialAction":[{"@type":"SearchAction","target":{"@type":"EntryPoint","urlTemplate":"https:\/\/www.ledizioni.it\/?s={search_term_string}"},"query-input":{"@type":"PropertyValueSpecification","valueRequired":true,"valueName":"search_term_string"}}],"inLanguage":"en-GB"},{"@type":"Organization","@id":"https:\/\/www.ledizioni.it\/#organization","name":"Ledizioni","url":"https:\/\/www.ledizioni.it\/","logo":{"@type":"ImageObject","inLanguage":"en-GB","@id":"https:\/\/www.ledizioni.it\/#\/schema\/logo\/image\/","url":"https:\/\/www.ledizioni.it\/stag\/wp-content\/uploads\/2023\/10\/newlogoledizioni500x110_2-1.jpg","contentUrl":"https:\/\/www.ledizioni.it\/stag\/wp-content\/uploads\/2023\/10\/newlogoledizioni500x110_2-1.jpg","width":354,"height":87,"caption":"Ledizioni"},"image":{"@id":"https:\/\/www.ledizioni.it\/#\/schema\/logo\/image\/"},"sameAs":["https:\/\/www.facebook.com\/pages\/Ledizioni-LediPublishing\/109120559173329","https:\/\/x.com\/ledizioni"]}]}},"jetpack_sharing_enabled":true,"_links":{"self":[{"href":"https:\/\/www.ledizioni.it\/en\/wp-json\/wp\/v2\/product\/73513","targetHints":{"allow":["GET"]}}],"collection":[{"href":"https:\/\/www.ledizioni.it\/en\/wp-json\/wp\/v2\/product"}],"about":[{"href":"https:\/\/www.ledizioni.it\/en\/wp-json\/wp\/v2\/types\/product"}],"replies":[{"embeddable":true,"href":"https:\/\/www.ledizioni.it\/en\/wp-json\/wp\/v2\/comments?post=73513"}],"version-history":[{"count":2,"href":"https:\/\/www.ledizioni.it\/en\/wp-json\/wp\/v2\/product\/73513\/revisions"}],"predecessor-version":[{"id":78692,"href":"https:\/\/www.ledizioni.it\/en\/wp-json\/wp\/v2\/product\/73513\/revisions\/78692"}],"wp:featuredmedia":[{"embeddable":true,"href":"https:\/\/www.ledizioni.it\/en\/wp-json\/wp\/v2\/media\/73514"}],"wp:attachment":[{"href":"https:\/\/www.ledizioni.it\/en\/wp-json\/wp\/v2\/media?parent=73513"}],"wp:term":[{"taxonomy":"product_brand","embeddable":true,"href":"https:\/\/www.ledizioni.it\/en\/wp-json\/wp\/v2\/product_brand?post=73513"},{"taxonomy":"product_cat","embeddable":true,"href":"https:\/\/www.ledizioni.it\/en\/wp-json\/wp\/v2\/product_cat?post=73513"},{"taxonomy":"product_tag","embeddable":true,"href":"https:\/\/www.ledizioni.it\/en\/wp-json\/wp\/v2\/product_tag?post=73513"}],"curies":[{"name":"wp","href":"https:\/\/api.w.org\/{rel}","templated":true}]}}