{"id":7366,"date":"2013-10-02T16:09:52","date_gmt":"2013-10-02T16:09:52","guid":{"rendered":"http:\/\/www.ledizioni.it\/prodotto\/digital-learning-2-la-dieta-mediale\/"},"modified":"2017-03-07T08:34:24","modified_gmt":"2017-03-07T08:34:24","slug":"digital-learning-2-la-dieta-mediale","status":"publish","type":"product","link":"https:\/\/www.ledizioni.it\/en\/product\/digital-learning-2-la-dieta-mediale\/","title":{"rendered":"NuMediaBiOs &#8211; Digital Learning 2. La dieta mediale dei giovani universitari"},"content":{"rendered":"<p>In questo rapporto presentiamo i risultati dell\u2019indagine sulla dieta mediale e sui profili di utilizzo delle nuove tecnologie di rete condotta dall\u2019Osservatorio sui Nuovi Media dell\u2019Universit\u00e0 di Milano-Bicocca NuMediaBiOs. La ricerca \u00e8 stata effettuata nel corso dell\u2019anno accademico 2011-2012 e, in linea anche con le rilevazioni effettuate negli anni precedenti (Ferri et al. 2010, 2012), si \u00e8 basata su una survey quantitativa sulla popolazione degli studenti iscritti alle lauree triennali dell\u2019Universit\u00e0 degli Studi di Milano-Bicocca. Lo strumento utilizzato \u00e8 stato un questionario composto di 33 domande, divise in 5 parti (pi\u00f9 una parte di rilevazione dei dati anagrafici generali) relative rispettivamente al rapporto con la tecnologia, ai consumi culturali, al ruolo di Internet all\u2019interno della vita quotidiana, all\u2019utilizzo di piattaforme e servizi Web 2.0, all\u2019utilizzo di Facebook. L\u2019introduzione di una serie di domande relative a Facebook, che rappresenta una novit\u00e0 rispetto alle precedenti edizioni del questionario, \u00e8 giustificata dalla crescente popolarit\u00e0 di questo specifico social network, non solo all\u2019interno della popolazione degli studenti universitari, ma come fenomeno che riguarda il complesso della societ\u00e0 e che appare quindi meritevole di un approfondimento specifico di indagine.<\/p>\n<h3><a title=\"Digital Learning 2\" href=\"http:\/\/ledibooks.com\/dietamediale\/\">QUI LA VERSIONE WEB OPEN ACCESS<\/a><\/h3>\n<p>&nbsp;<\/p>\n<table border=\"0\" width=\"100%\" cellspacing=\"2\" cellpadding=\"2\">\n<tbody>\n<tr>\n<td>\n<h3>DATI BIBLIOGRAFICI<\/h3>\n<\/td>\n<td rowspan=\"3\"><\/td>\n<td><\/td>\n<\/tr>\n<tr>\n<td rowspan=\"2\">Autore: Cavalli Nicola, Ferri Paolo, Mainardi Arianna, Mangiatordi Andrea, Micheli Marina, Pieri Michelle, Pozzali Andrea, Scenini Francesca<br \/>\nEditore: Ledizioni<br \/>\nCollana: Tecnologia e Societ\u00e0<br \/>\nFormato: ePub e WebBook<br \/>\nPubblicato in: 2013<br \/>\nISBN: 9788867051151<br \/>\nPrezzo:0,99<\/td>\n<td><\/td>\n<\/tr>\n<tr>\n<td><\/td>\n<\/tr>\n<\/tbody>\n<\/table>","protected":false},"excerpt":{"rendered":"<p>In questo rapporto presentiamo i risultati dell\u2019indagine sulla dieta mediale e sui profili di utilizzo delle nuove tecnologie di rete<\/p>","protected":false},"featured_media":8673,"comment_status":"open","ping_status":"closed","template":"","meta":{"_acf_changed":false},"product_brand":[],"product_cat":[392],"product_tag":[592],"class_list":{"0":"post-7366","1":"product","2":"type-product","3":"status-publish","4":"has-post-thumbnail","6":"product_cat-technology-and-society","7":"product_tag-elearning","8":"pa_accesso-open-access","9":"pa_accesso-pagamento","10":"pa_formato-ebook-in-epub","11":"pa_lingua-italiano","13":"first","14":"instock","15":"featured","16":"downloadable","17":"virtual","18":"purchasable","19":"product-type-simple"},"acf":[],"yoast_head":"<!-- This site is optimized with the Yoast SEO plugin v27.4 - https:\/\/yoast.com\/product\/yoast-seo-wordpress\/ -->\n<title>NuMediaBiOs - Digital Learning 2. La dieta mediale dei giovani universitari -<\/title>\n<meta name=\"description\" content=\"In questo rapporto presentiamo i risultati dell\u2019indagine sulla dieta mediale e su facebook dell\u2019Osservatorio sui Nuovi Media di Milano-Bicocca NuMediaBiOs\" \/>\n<meta name=\"robots\" content=\"index, follow, max-snippet:-1, max-image-preview:large, max-video-preview:-1\" \/>\n<link rel=\"canonical\" href=\"https:\/\/www.ledizioni.it\/en\/product\/digital-learning-2-la-dieta-mediale\/\" \/>\n<meta property=\"og:locale\" content=\"en_GB\" \/>\n<meta property=\"og:type\" content=\"article\" \/>\n<meta property=\"og:title\" content=\"NuMediaBiOs - Digital Learning 2. La dieta mediale dei giovani universitari -\" \/>\n<meta property=\"og:description\" content=\"In questo rapporto presentiamo i risultati dell\u2019indagine sulla dieta mediale e su facebook dell\u2019Osservatorio sui Nuovi Media di Milano-Bicocca NuMediaBiOs\" \/>\n<meta property=\"og:url\" content=\"https:\/\/www.ledizioni.it\/en\/product\/digital-learning-2-la-dieta-mediale\/\" \/>\n<meta property=\"og:site_name\" content=\"Ledizioni\" \/>\n<meta property=\"article:publisher\" content=\"https:\/\/www.facebook.com\/pages\/Ledizioni-LediPublishing\/109120559173329\" \/>\n<meta property=\"article:modified_time\" content=\"2017-03-07T08:34:24+00:00\" \/>\n<meta property=\"og:image\" content=\"https:\/\/www.ledizioni.it\/stag\/wp-content\/uploads\/2013\/10\/digital_learning3d_1-343x5251.jpg\" \/>\n\t<meta property=\"og:image:width\" content=\"1493\" \/>\n\t<meta property=\"og:image:height\" content=\"2080\" \/>\n\t<meta property=\"og:image:type\" content=\"image\/jpeg\" \/>\n<meta name=\"twitter:card\" content=\"summary_large_image\" \/>\n<meta name=\"twitter:site\" content=\"@ledizioni\" \/>\n<meta name=\"twitter:label1\" content=\"Estimated reading time\" \/>\n\t<meta name=\"twitter:data1\" content=\"1 minute\" \/>\n<script type=\"application\/ld+json\" class=\"yoast-schema-graph\">{\"@context\":\"https:\\\/\\\/schema.org\",\"@graph\":[{\"@type\":\"WebPage\",\"@id\":\"https:\\\/\\\/www.ledizioni.it\\\/en\\\/product\\\/digital-learning-2-la-dieta-mediale\\\/\",\"url\":\"https:\\\/\\\/www.ledizioni.it\\\/en\\\/product\\\/digital-learning-2-la-dieta-mediale\\\/\",\"name\":\"NuMediaBiOs - Digital Learning 2. La dieta mediale dei giovani universitari -\",\"isPartOf\":{\"@id\":\"https:\\\/\\\/www.ledizioni.it\\\/#website\"},\"primaryImageOfPage\":{\"@id\":\"https:\\\/\\\/www.ledizioni.it\\\/en\\\/product\\\/digital-learning-2-la-dieta-mediale\\\/#primaryimage\"},\"image\":{\"@id\":\"https:\\\/\\\/www.ledizioni.it\\\/en\\\/product\\\/digital-learning-2-la-dieta-mediale\\\/#primaryimage\"},\"thumbnailUrl\":\"https:\\\/\\\/www.ledizioni.it\\\/stag\\\/wp-content\\\/uploads\\\/2013\\\/10\\\/digital_learning3d_1-343x5251.jpg\",\"datePublished\":\"2013-10-02T16:09:52+00:00\",\"dateModified\":\"2017-03-07T08:34:24+00:00\",\"description\":\"In questo rapporto presentiamo i risultati dell\u2019indagine sulla dieta mediale e su facebook dell\u2019Osservatorio sui Nuovi Media di Milano-Bicocca NuMediaBiOs\",\"breadcrumb\":{\"@id\":\"https:\\\/\\\/www.ledizioni.it\\\/en\\\/product\\\/digital-learning-2-la-dieta-mediale\\\/#breadcrumb\"},\"inLanguage\":\"en-GB\",\"potentialAction\":[{\"@type\":\"ReadAction\",\"target\":[\"https:\\\/\\\/www.ledizioni.it\\\/en\\\/product\\\/digital-learning-2-la-dieta-mediale\\\/\"]}]},{\"@type\":\"ImageObject\",\"inLanguage\":\"en-GB\",\"@id\":\"https:\\\/\\\/www.ledizioni.it\\\/en\\\/product\\\/digital-learning-2-la-dieta-mediale\\\/#primaryimage\",\"url\":\"https:\\\/\\\/www.ledizioni.it\\\/stag\\\/wp-content\\\/uploads\\\/2013\\\/10\\\/digital_learning3d_1-343x5251.jpg\",\"contentUrl\":\"https:\\\/\\\/www.ledizioni.it\\\/stag\\\/wp-content\\\/uploads\\\/2013\\\/10\\\/digital_learning3d_1-343x5251.jpg\",\"width\":1493,\"height\":2080},{\"@type\":\"BreadcrumbList\",\"@id\":\"https:\\\/\\\/www.ledizioni.it\\\/en\\\/product\\\/digital-learning-2-la-dieta-mediale\\\/#breadcrumb\",\"itemListElement\":[{\"@type\":\"ListItem\",\"position\":1,\"name\":\"Shop\",\"item\":\"https:\\\/\\\/www.ledizioni.it\\\/shop-2\\\/\"},{\"@type\":\"ListItem\",\"position\":2,\"name\":\"NuMediaBiOs &#8211; Digital Learning 2. La dieta mediale dei giovani universitari\"}]},{\"@type\":\"WebSite\",\"@id\":\"https:\\\/\\\/www.ledizioni.it\\\/#website\",\"url\":\"https:\\\/\\\/www.ledizioni.it\\\/\",\"name\":\"Ledizioni\",\"description\":\"The Innovative LediPublishing Company - Casa Editrice Universitaria\",\"publisher\":{\"@id\":\"https:\\\/\\\/www.ledizioni.it\\\/#organization\"},\"potentialAction\":[{\"@type\":\"SearchAction\",\"target\":{\"@type\":\"EntryPoint\",\"urlTemplate\":\"https:\\\/\\\/www.ledizioni.it\\\/?s={search_term_string}\"},\"query-input\":{\"@type\":\"PropertyValueSpecification\",\"valueRequired\":true,\"valueName\":\"search_term_string\"}}],\"inLanguage\":\"en-GB\"},{\"@type\":\"Organization\",\"@id\":\"https:\\\/\\\/www.ledizioni.it\\\/#organization\",\"name\":\"Ledizioni\",\"url\":\"https:\\\/\\\/www.ledizioni.it\\\/\",\"logo\":{\"@type\":\"ImageObject\",\"inLanguage\":\"en-GB\",\"@id\":\"https:\\\/\\\/www.ledizioni.it\\\/#\\\/schema\\\/logo\\\/image\\\/\",\"url\":\"https:\\\/\\\/www.ledizioni.it\\\/stag\\\/wp-content\\\/uploads\\\/2023\\\/10\\\/newlogoledizioni500x110_2-1.jpg\",\"contentUrl\":\"https:\\\/\\\/www.ledizioni.it\\\/stag\\\/wp-content\\\/uploads\\\/2023\\\/10\\\/newlogoledizioni500x110_2-1.jpg\",\"width\":354,\"height\":87,\"caption\":\"Ledizioni\"},\"image\":{\"@id\":\"https:\\\/\\\/www.ledizioni.it\\\/#\\\/schema\\\/logo\\\/image\\\/\"},\"sameAs\":[\"https:\\\/\\\/www.facebook.com\\\/pages\\\/Ledizioni-LediPublishing\\\/109120559173329\",\"https:\\\/\\\/x.com\\\/ledizioni\"]}]}<\/script>\n<!-- \/ Yoast SEO plugin. -->","yoast_head_json":{"title":"NuMediaBiOs - Digital Learning 2. La dieta mediale dei giovani universitari -","description":"In questo rapporto presentiamo i risultati dell\u2019indagine sulla dieta mediale e su facebook dell\u2019Osservatorio sui Nuovi Media di Milano-Bicocca NuMediaBiOs","robots":{"index":"index","follow":"follow","max-snippet":"max-snippet:-1","max-image-preview":"max-image-preview:large","max-video-preview":"max-video-preview:-1"},"canonical":"https:\/\/www.ledizioni.it\/en\/product\/digital-learning-2-la-dieta-mediale\/","og_locale":"en_GB","og_type":"article","og_title":"NuMediaBiOs - Digital Learning 2. La dieta mediale dei giovani universitari -","og_description":"In questo rapporto presentiamo i risultati dell\u2019indagine sulla dieta mediale e su facebook dell\u2019Osservatorio sui Nuovi Media di Milano-Bicocca NuMediaBiOs","og_url":"https:\/\/www.ledizioni.it\/en\/product\/digital-learning-2-la-dieta-mediale\/","og_site_name":"Ledizioni","article_publisher":"https:\/\/www.facebook.com\/pages\/Ledizioni-LediPublishing\/109120559173329","article_modified_time":"2017-03-07T08:34:24+00:00","og_image":[{"width":1493,"height":2080,"url":"https:\/\/www.ledizioni.it\/stag\/wp-content\/uploads\/2013\/10\/digital_learning3d_1-343x5251.jpg","type":"image\/jpeg"}],"twitter_card":"summary_large_image","twitter_site":"@ledizioni","twitter_misc":{"Estimated reading time":"1 minute"},"schema":{"@context":"https:\/\/schema.org","@graph":[{"@type":"WebPage","@id":"https:\/\/www.ledizioni.it\/en\/product\/digital-learning-2-la-dieta-mediale\/","url":"https:\/\/www.ledizioni.it\/en\/product\/digital-learning-2-la-dieta-mediale\/","name":"NuMediaBiOs - Digital Learning 2. La dieta mediale dei giovani universitari -","isPartOf":{"@id":"https:\/\/www.ledizioni.it\/#website"},"primaryImageOfPage":{"@id":"https:\/\/www.ledizioni.it\/en\/product\/digital-learning-2-la-dieta-mediale\/#primaryimage"},"image":{"@id":"https:\/\/www.ledizioni.it\/en\/product\/digital-learning-2-la-dieta-mediale\/#primaryimage"},"thumbnailUrl":"https:\/\/www.ledizioni.it\/stag\/wp-content\/uploads\/2013\/10\/digital_learning3d_1-343x5251.jpg","datePublished":"2013-10-02T16:09:52+00:00","dateModified":"2017-03-07T08:34:24+00:00","description":"In questo rapporto presentiamo i risultati dell\u2019indagine sulla dieta mediale e su facebook dell\u2019Osservatorio sui Nuovi Media di Milano-Bicocca NuMediaBiOs","breadcrumb":{"@id":"https:\/\/www.ledizioni.it\/en\/product\/digital-learning-2-la-dieta-mediale\/#breadcrumb"},"inLanguage":"en-GB","potentialAction":[{"@type":"ReadAction","target":["https:\/\/www.ledizioni.it\/en\/product\/digital-learning-2-la-dieta-mediale\/"]}]},{"@type":"ImageObject","inLanguage":"en-GB","@id":"https:\/\/www.ledizioni.it\/en\/product\/digital-learning-2-la-dieta-mediale\/#primaryimage","url":"https:\/\/www.ledizioni.it\/stag\/wp-content\/uploads\/2013\/10\/digital_learning3d_1-343x5251.jpg","contentUrl":"https:\/\/www.ledizioni.it\/stag\/wp-content\/uploads\/2013\/10\/digital_learning3d_1-343x5251.jpg","width":1493,"height":2080},{"@type":"BreadcrumbList","@id":"https:\/\/www.ledizioni.it\/en\/product\/digital-learning-2-la-dieta-mediale\/#breadcrumb","itemListElement":[{"@type":"ListItem","position":1,"name":"Shop","item":"https:\/\/www.ledizioni.it\/shop-2\/"},{"@type":"ListItem","position":2,"name":"NuMediaBiOs &#8211; Digital Learning 2. La dieta mediale dei giovani universitari"}]},{"@type":"WebSite","@id":"https:\/\/www.ledizioni.it\/#website","url":"https:\/\/www.ledizioni.it\/","name":"Ledizioni","description":"The Innovative LediPublishing Company - Casa Editrice Universitaria","publisher":{"@id":"https:\/\/www.ledizioni.it\/#organization"},"potentialAction":[{"@type":"SearchAction","target":{"@type":"EntryPoint","urlTemplate":"https:\/\/www.ledizioni.it\/?s={search_term_string}"},"query-input":{"@type":"PropertyValueSpecification","valueRequired":true,"valueName":"search_term_string"}}],"inLanguage":"en-GB"},{"@type":"Organization","@id":"https:\/\/www.ledizioni.it\/#organization","name":"Ledizioni","url":"https:\/\/www.ledizioni.it\/","logo":{"@type":"ImageObject","inLanguage":"en-GB","@id":"https:\/\/www.ledizioni.it\/#\/schema\/logo\/image\/","url":"https:\/\/www.ledizioni.it\/stag\/wp-content\/uploads\/2023\/10\/newlogoledizioni500x110_2-1.jpg","contentUrl":"https:\/\/www.ledizioni.it\/stag\/wp-content\/uploads\/2023\/10\/newlogoledizioni500x110_2-1.jpg","width":354,"height":87,"caption":"Ledizioni"},"image":{"@id":"https:\/\/www.ledizioni.it\/#\/schema\/logo\/image\/"},"sameAs":["https:\/\/www.facebook.com\/pages\/Ledizioni-LediPublishing\/109120559173329","https:\/\/x.com\/ledizioni"]}]}},"jetpack_sharing_enabled":true,"_links":{"self":[{"href":"https:\/\/www.ledizioni.it\/en\/wp-json\/wp\/v2\/product\/7366","targetHints":{"allow":["GET"]}}],"collection":[{"href":"https:\/\/www.ledizioni.it\/en\/wp-json\/wp\/v2\/product"}],"about":[{"href":"https:\/\/www.ledizioni.it\/en\/wp-json\/wp\/v2\/types\/product"}],"replies":[{"embeddable":true,"href":"https:\/\/www.ledizioni.it\/en\/wp-json\/wp\/v2\/comments?post=7366"}],"version-history":[{"count":1,"href":"https:\/\/www.ledizioni.it\/en\/wp-json\/wp\/v2\/product\/7366\/revisions"}],"predecessor-version":[{"id":7371,"href":"https:\/\/www.ledizioni.it\/en\/wp-json\/wp\/v2\/product\/7366\/revisions\/7371"}],"wp:featuredmedia":[{"embeddable":true,"href":"https:\/\/www.ledizioni.it\/en\/wp-json\/wp\/v2\/media\/8673"}],"wp:attachment":[{"href":"https:\/\/www.ledizioni.it\/en\/wp-json\/wp\/v2\/media?parent=7366"}],"wp:term":[{"taxonomy":"product_brand","embeddable":true,"href":"https:\/\/www.ledizioni.it\/en\/wp-json\/wp\/v2\/product_brand?post=7366"},{"taxonomy":"product_cat","embeddable":true,"href":"https:\/\/www.ledizioni.it\/en\/wp-json\/wp\/v2\/product_cat?post=7366"},{"taxonomy":"product_tag","embeddable":true,"href":"https:\/\/www.ledizioni.it\/en\/wp-json\/wp\/v2\/product_tag?post=7366"}],"curies":[{"name":"wp","href":"https:\/\/api.w.org\/{rel}","templated":true}]}}